{"id":2665,"date":"2021-06-02T15:34:12","date_gmt":"2021-06-02T15:34:12","guid":{"rendered":"https:\/\/www.campings.com\/fr\/content\/?page_id=2665"},"modified":"2021-06-04T08:21:36","modified_gmt":"2021-06-04T08:21:36","slug":"guide-vacances-corse","status":"publish","type":"page","link":"https:\/\/www.campings.com\/fr\/content\/guide-vacances-corse\/","title":{"rendered":"Le guide de vos vacances en Corse"},"content":{"rendered":"<p class=\"sc-lwqvy\"><span class=\"sc-dnwoup\"><span style=\"font-size: 12.0pt;font-family: 'Arial',sans-serif\">Besoin de d\u00e9tente, de beau temps et de d\u00e9paysement afin d\u2019oublier les petits soucis du quotidien ? Et si vous mettiez le cap sur l\u2019\u00cele de Beaut\u00e9 cet \u00e9t\u00e9 ? Que ce soit en famille, en amoureux ou entre amis, des vacances en Corse sont toujours la promesse d\u2019un s\u00e9jour r\u00e9ussi ! <\/span><\/span><\/p>\n<p class=\"sc-lwqvy\"><span class=\"sc-dnwoup\"><span style=\"font-size: 12.0pt;font-family: 'Arial',sans-serif\">Vous pr\u00e9voyez de partir en <\/span><\/span><a title=\"https:\/\/www.campings.com\/fr\/france\/corse\" href=\"https:\/\/www.campings.com\/fr\/france\/corse\"><span class=\"sc-dnwoup\"><span style=\"font-size: 12.0pt;font-family: 'Arial',sans-serif;color: blue\">Corse<\/span><\/span><\/a><span class=\"sc-dnwoup\"><span style=\"font-size: 12.0pt;font-family: 'Arial',sans-serif\"> pour vos prochaines vacances d&rsquo;\u00e9t\u00e9 ? L\u2019\u00eele de Beaut\u00e9 est la destination parfaite pour passer un s\u00e9jour de r\u00eave. Gr\u00e2ce \u00e0 son climat et sa proximit\u00e9 g\u00e9ographique, pas besoin de passer plusieurs heures en avion pour se d\u00e9payser\u2026 Avec ses paysages \u00e9poustouflants de beaut\u00e9, entre terre et mer, la Corse vous promet des vacances inoubliables. Des plages de sable blanc, une mer turquoise, des lagons translucides, des circuits de randonn\u00e9e, un \u00e9ventail d\u2019activit\u00e9s sportives \u00e0 pratiquer\u2026 Des vacances en Corse c\u2019est aussi l\u2019occasion de faire voyager ses papilles et d\u00e9couvrir des villages au charme authentique.<\/span><\/span><\/p>\n<h2>Partir en Corse : les lieux d\u2019int\u00e9r\u00eats pendant votre voyage en Corse (Haute-Corse et Corse du Sud)<\/h2>\n<p class=\"sc-lwqvy\"><span class=\"sc-dnwoup\"><span style=\"font-size: 12.0pt;font-family: 'Arial',sans-serif\">Plages somptueuses, sites naturels \u00e9poustouflants, villages pittoresques\u2026 L\u2019\u00eele de beaut\u00e9 regorge de tr\u00e9sors naturels cach\u00e9s \u00e0 d\u00e9couvrir.<\/span><\/span><\/p>\n<p><img loading=\"lazy\" decoding=\"async\" class=\"alignnone size-full wp-image-2700\" src=\"https:\/\/www.campings.com\/fr\/content\/wp-content\/uploads\/2021\/06\/Guide-2.jpg\" alt=\"\" width=\"1000\" height=\"666\" \/><\/p>\n<h3>Les plus belles plages \u00e0 d\u00e9couvrir pendant votre s\u00e9jour corse<\/h3>\n<p>Avec pr\u00e8s de 1 000 km de c\u00f4tes sur la mer M\u00e9diterran\u00e9e, l\u2019\u00eele de Beaut\u00e9 compte de <a href=\"https:\/\/www.campings.com\/fr\/content\/guide-vacances-corse\/plus-belles-plages-corse\/\"><u>magnifiques plages<\/u><\/a>\u2026 Parmi les plus belles plages \u00e0 d\u00e9couvrir :<\/p>\n<ul>\n<li>La plage du Lotu, un spot sauvage sur la c\u00f4te du d\u00e9sert des Agriates ;<\/li>\n<li>La plage de Saleccia, entre Saint-Florent et l\u2019\u00cele Rousse ;<\/li>\n<li>La plage d\u2019Arone et ses eaux translucides, \u00e0 quelques kilom\u00e8tres au sud de Piana;<\/li>\n<li>La plage d\u2019Ostriconi, situ\u00e9e en Corse du nord, aux portes du d\u00e9sert des Agriates ;<\/li>\n<li>Cala Genovese, accessible par le sentier des douaniers, est l\u2019une des plus belles plages du Cap Corse;<\/li>\n<li>La plage de Palombaggia \u00e0 Porto-Vecchio, offre un d\u00e9cor paradisiaque avec ses criques et ses pins centenaires ;<\/li>\n<li>La plage de Rondinara, entre Porto-Vecchio et Bonifacio, vous accueille dans une baie en forme de coquillage ;<\/li>\n<li>La plage de Santa Giulia, est un spot incontournable pour d\u00e9couvrir de pr\u00e8s les fonds marins ;<\/li>\n<li>La plage de San Giovanni, \u00e0 Pianottoli-Caldarello, est l\u2019endroit parfait pour s\u2019adonner au farniente, loin de la foule ;<\/li>\n<li>Les plages de Sperone, \u00e0 Bonifacio, sont parfaites pour s\u2019adonner aux activit\u00e9s nautiques et de plein air.<\/li>\n<\/ul>\n<h3><span class=\"sc-dnwoup\"><span style=\"font-size: 12.0pt;font-family: 'Arial',sans-serif\">Les plus beaux sites naturels \u00e0 visiter pendant vos vacances en Corse <\/span><\/span><\/h3>\n<p class=\"sc-lwqvy\"><span class=\"sc-dnwoup\"><span style=\"font-size: 12.0pt;font-family: 'Arial',sans-serif\">Amoureux de la nature ? Profitez de vos vacances en Corse pour d\u00e9couvrir ses plus beaux sites naturels :<\/span><\/span><\/p>\n<ul>\n<li class=\"sc-lwqvy\"><span class=\"sc-dnwoup\"><span style=\"font-size: 12.0pt;font-family: 'Arial',sans-serif\">Les \u00eeles Lavezzi : cet archipel compos\u00e9 de 6 \u00eelots, se situe au large de Bonifacio. Accessible par bateau, le lieu vous enchantera par son eau turquoise et ses plages de sable fin. <\/span><\/span><\/li>\n<li class=\"sc-lwqvy\"><span class=\"sc-dnwoup\"><span style=\"font-size: 12.0pt;font-family: 'Arial',sans-serif\">La r\u00e9serve naturelle de Scandola : nich\u00e9e entre Porto et Calvi, elle constitue un spot parfait pour les plongeurs. <\/span><\/span><\/li>\n<li class=\"sc-lwqvy\"><span class=\"sc-dnwoup\"><span style=\"font-size: 12.0pt;font-family: 'Arial',sans-serif\">Les Calanques de Piana : ces roches de granit rose de toute beaut\u00e9, class\u00e9es au patrimoine Mondial de l\u2019UNESCO sont situ\u00e9es sur la c\u00f4te Ouest de l\u2019\u00eele.<\/span><\/span><\/li>\n<li class=\"sc-lwqvy\"><span class=\"sc-dnwoup\"><span style=\"font-size: 12.0pt;font-family: 'Arial',sans-serif\">Le D\u00e9sert des Agriates : situ\u00e9 entre Saint-Florent et la Balagne, ce paysage sauvage o\u00f9 seule la nature r\u00e8gne est incontournable pendant votre s\u00e9jour.<\/span><\/span><\/li>\n<\/ul>\n<h3>Les plus beaux villages<\/h3>\n<p>Outre ses magnifiques plages et ses sites naturels incontournables, <a href=\"https:\/\/www.campings.com\/fr\/content\/guide-vacances-corse\/plus-beaux-villages-corse\/\"><u>certains villages valent \u00e9galement le d\u00e9tour\u00a0<\/u><\/a>:<\/p>\n<ul>\n<li>Piana, un village nich\u00e9 entre les calanques surplombant le Golfe de Porto ;<\/li>\n<li>Zonza, aux pieds des Aiguilles de Bavella ;<\/li>\n<li>Lumio, un village baign\u00e9 de lumi\u00e8re en plein c\u0153ur de la Balagne.<\/li>\n<li>Erbalunga, un village de p\u00eacheurs situ\u00e9 sur la c\u00f4te est du Cap Corse ;<\/li>\n<li>Saint-Florent, en Haute-Corse ;<\/li>\n<li>Nonza, l\u2019un des villages les plus anciens de Corse sur la c\u00f4te ouest du Cap Corse ;<\/li>\n<li>Sant\u2019Antonio, suspendu sur les hauteurs de la Balagne sur un piton granitique ;<\/li>\n<li>Cargese, une ancienne colonie grecque au nord d\u2019Ajaccio ;<\/li>\n<li>Evisa, un village install\u00e9 \u00e0 flanc de montagne en Corse du sud ;<\/li>\n<li>Lama, pr\u00e8s de la Balagne, est class\u00e9 \u00ab Village fleuri \u00bb en plus de figurer parmi les plus beaux villages corses.<\/li>\n<\/ul>\n<h2><img loading=\"lazy\" decoding=\"async\" class=\"alignnone size-full wp-image-2699\" src=\"https:\/\/www.campings.com\/fr\/content\/wp-content\/uploads\/2021\/06\/Guide-1.jpg\" alt=\"\" width=\"1000\" height=\"666\" \/><\/h2>\n<h2>Les activit\u00e9s culturelles et sportives<\/h2>\n<p>Randonn\u00e9es, sports de plein air, visite de mus\u00e9es, balades dans les parcs et jardins\u2026 que vous veniez en amoureux, entre amis ou en famille, l\u2019\u00eele vous r\u00e9serve bien des surprises.<\/p>\n<h3>Activit\u00e9s sportives et loisirs<\/h3>\n<p>L\u2019\u00cele de beaut\u00e9 offre un large choix de possibilit\u00e9s pour faire rimer vos vacances avec sport et d\u00e9tente<\/p>\n<h4>Randonn\u00e9es \/ balades<\/h4>\n<p>Avec ses montagnes escarp\u00e9es, ses for\u00eats denses et son littoral, l\u2019\u00eele est particuli\u00e8rement propice aux <a href=\"https:\/\/www.campings.com\/fr\/content\/guide-vacances-corse\/itineraires-randonnees-corse\/\"><u>balades et randonn\u00e9es<\/u><\/a>.<\/p>\n<h5>\u00c0 v\u00e9lo\/VTT<\/h5>\n<p>Envie d\u2019enfourcher votre v\u00e9lo ou VTT pendant vos vacances ? D\u00e9couvrez un large choix de circuits \u00e0 faire pour tous les niveaux :<\/p>\n<ul>\n<li>Ajaccio \u2013 La Parata : une sortie \u00e0 v\u00e9lo adapt\u00e9e \u00e0 tous les niveaux sur 20,08 km ;<\/li>\n<li>Sentier des cr\u00eates et des douaniers : un circuit de randonn\u00e9e de difficult\u00e9 mod\u00e9r\u00e9e long de 25 km ;<\/li>\n<li>Bonifacio \u2013 Figari : un parcours facile de 19 km o\u00f9 vous pourrez admirer certains lieux d\u2019int\u00e9r\u00eats comme le phare de Pertusato ou la Grotte di Bonifacio.<\/li>\n<li>Tour du Cap Corse : s\u2019\u00e9talant sur 105 km, ce sentier littoral est adapt\u00e9 \u00e0 tous les niveaux ;<\/li>\n<li>Calvi-Algajola-l\u2019\u00cele Rousse : le circuit d\u00e9bute soit o\u00f9 Calvi soit \u00e0 l\u2019\u00cele Rousse (diff\u00e9rents parcours sont disponibles pour tous les niveaux) ;<\/li>\n<li>Les balcons de l\u2019Ostriconi : v\u00e9ritable course de cr\u00eates, cet itin\u00e9raire particuli\u00e8rement difficile traverse la Balagne.<\/li>\n<\/ul>\n<h5>\u00c0 pied<\/h5>\n<p>Pour les marcheurs, la Corse offre \u00e9galement de nombreux parcours adapt\u00e9s \u00e0 tous les niveaux.<\/p>\n<ul>\n<li>Le GR20 : cette randonn\u00e9e difficile qui s\u2019\u00e9tale sur 169,8 km, de Calenzana \u00e0 Conca dure entre 12 et 16 jours.<\/li>\n<li>Le tour des aiguilles de Bavella : ce parcours de niveau moyen d\u00e9bute au Col de Bavella et se termine au Bocca di u Pargulu.<\/li>\n<li>Les calanques de Piana : pour visiter ce site naturel \u00e0 pied, de nombreux parcours de randonn\u00e9e peuvent \u00eatre emprunt\u00e9s ;<\/li>\n<li>Capo d\u2019Orto est un parcours difficile, r\u00e9serv\u00e9 aux randonneurs aguerris ;<\/li>\n<li>Capo Rosso : une randonn\u00e9e de difficult\u00e9 moyenne qui s\u2019ach\u00e8ve sur le parking Guardiola, sur la D824 ;<\/li>\n<li>Le sentier des Bruzzi : ce sentier balis\u00e9 de type boucle, tr\u00e8s facile convient parfaitement pour les balades en famille.<\/li>\n<li>La cascade de Piscia di Gallu : facile, ce parcours commence \u00e0 la for\u00eat de l\u2019Osp\u00e9dale pour se terminer \u00e0 la cascade de la Piscia di Gallu.<\/li>\n<\/ul>\n<h4>Sports nautiques<\/h4>\n<p>Avec ses 1 000 km de c\u00f4tes, la Corse est une destination pris\u00e9e par les adeptes de sports nautiques. Kayak, stand up paddle, surf, voile ou ski nautique\u2026 Que ce soit \u00e0 Bonifacio, Calvi ou encore sur l\u2019\u00cele Rousse, la r\u00e9gion abrite de nombreux spots\u2026 Pour pratiquer la plong\u00e9e sous-marine, mettez le cap sur le Golfe d\u2019Ajaccio ou la r\u00e9gion de Gal\u00e9ria. Le Prunelli ou le Golo sont les meilleurs spots o\u00f9 pratiquer les sports d\u2019eaux vives tels que canyoning, cano\u00eb-kayak, rafting\u2026<\/p>\n<h4>Autres activit\u00e9s de plein air<\/h4>\n<p>Avec ses falaises et ses montagnes, l\u2019\u00eele de Beaut\u00e9 est propice \u00e0 la pratique de l\u2019escalade (Col de Bavella, Gorges de la Restonica). En plus de vous baigner, vous pourrez \u00e9galement y pratiquer l\u2019accrobranche, l\u2019\u00e9quitation, le karting, le paintball, etc.<\/p>\n<h2>Les sp\u00e9cialit\u00e9s culinaires de la Corse<\/h2>\n<p>Terre de traditions, la Corse regorge de<a href=\"https:\/\/www.campings.com\/fr\/content\/guide-vacances-corse\/specialites-culinaires-corses\/\"> <u>sp\u00e9cialit\u00e9s culinaires<\/u><\/a>\u00a0qui sauront rendre votre s\u00e9jour d\u2019autant plus agr\u00e9able. Tour d\u2019horizon.<\/p>\n<h3>Les sp\u00e9cialit\u00e9s sucr\u00e9es<\/h3>\n<p>Les becs sucr\u00e9s seront combl\u00e9s en Corse ! Ils pourront d\u00e9couvrir les nombreuses gourmandises de la r\u00e9gion. Le g\u00e2teau \u00e0 la ch\u00e2taigne, le fiadone, flan \u00e0 base de brocciu ou encore les canistrelli, petits biscuits sucr\u00e9s, etc.<\/p>\n<h3>Les sp\u00e9cialit\u00e9s sal\u00e9es<\/h3>\n<p>La gastronomie corse fait la part belle aux produits frais et nobles, se d\u00e9gustant \u00e0 l\u2019ap\u00e9ro, en entr\u00e9e ou encore avec certains plats. C\u00f4t\u00e9 charcuterie, d\u00e9couvrez la coppa, le lonzu, le prisuttu et le figatellu. C\u00f4t\u00e9 fromage, le brocciu (produit phare de l\u2019\u00eele), le niolu, le cabrettu et le calinzana.<\/p>\n<h3>Les boissons<\/h3>\n<p>La Corse est aussi connue pour ses vignobles de qualit\u00e9. D\u00e9couvrez des vins rouges et des vins blancs aux saveurs \u00e9tonnantes, \u00e9labor\u00e9s \u00e0 partir d\u2019une trentaine de c\u00e9pages. Parmi les AOC, d\u00e9couvrez le Patrimonio, la C\u00f4te Orientale ou encore le Calvi. Le muscat corse est \u00e9galement tr\u00e8s r\u00e9put\u00e9. Les amateurs de bi\u00e8re ne seront pas en reste. Ils pourront go\u00fbter la Pietra, \u00e0 base de farine de ch\u00e2taigne, la bi\u00e8re artisanale Serena\u2026<\/p>\n<h3>Les march\u00e9s \u00e0 ne pas manquer<\/h3>\n<p>Rendez-vous dans les <a href=\"https:\/\/www.campings.com\/fr\/content\/guide-vacances-corse\/marches-corse\/\"><u>march\u00e9s de l\u2019\u00eele<\/u><\/a>\u00a0pour une joyeuse immersion dans la culture locale ! Parmi les march\u00e9s \u00e0 faire :<\/p>\n<ul>\n<li>Le march\u00e9 d\u2019Ajaccio ;<\/li>\n<li>Le march\u00e9 de Porto-Vecchio ;<\/li>\n<li>Le march\u00e9 de l\u2019\u00cele Rousse ;<\/li>\n<li>Le march\u00e9 de Bonifacio ;<\/li>\n<li>Le march\u00e9 de Calvi ;<\/li>\n<li>Le march\u00e9 de Bastia ;<\/li>\n<li>Le march\u00e9 de Propriano ;<\/li>\n<li>Le march\u00e9 du Cap Corse.<\/li>\n<\/ul>\n<h2>Notre s\u00e9lection de campings en bord de mer<\/h2>\n<p>Pour des vacances en <a href=\"https:\/\/www.campings.com\/fr\/france\/corse\">Corse<\/a> plac\u00e9es sous le signe du confort, d\u00e9couvrez notre s\u00e9lection de campings en bord de mer.<\/p>\n<p><strong>Le Camping U Pezzo<\/strong><\/p>\n<p>Situ\u00e9 \u00e0 Saint-Florent, le camping U Pezzo est l\u2019\u00e9tablissement id\u00e9al pour des vacances en bord de mer.<\/p>\n<p><a href=\"https:\/\/www.campings.com\/fr\/camping\/camping-u-pezzo-78255\">Plus d\u2019infos sur le camping U Pezzo<\/a>.<\/p>\n<p><strong>Le camping Marina D\u2019Erba Rossa<\/strong><\/p>\n<p>Situ\u00e9 \u00e0 Ghisonaccia, \u00e0 deux pas de la mer, le camping d\u2019Erba Rossa est parfait pour des vacances en famille ou entre amis.<\/p>\n<p><a href=\"https:\/\/www.campings.com\/fr\/camping\/camping-marina-derba-rossa-77849\">Plus d\u2019infos sur le camping Marina D\u2019Erba Rossa.<\/a><\/p>\n<p><strong>Le camping Lacasa<\/strong><\/p>\n<p>Nich\u00e9 \u00e0 Calcatoggio, le camping Lacasa vous s\u00e9duira par sa proximit\u00e9 avec la mer et son cadre verdoyant.<\/p>\n<p><a href=\"https:\/\/www.campings.com\/fr\/camping\/camping-lacasa-76972\">Plus d\u2019infos sur le camping Lacasa<\/a><\/p>\n<p>&nbsp;<\/p>\n","protected":false},"excerpt":{"rendered":"<p>Besoin de d\u00e9tente, de beau temps et de d\u00e9paysement afin d\u2019oublier les petits soucis du quotidien ? Et si vous mettiez le cap sur l\u2019\u00cele de Beaut\u00e9 cet \u00e9t\u00e9 ? Que ce soit en famille, en amoureux ou entre amis, des vacances en Corse sont toujours la promesse d\u2019un s\u00e9jour r\u00e9ussi ! Vous pr\u00e9voyez de [&hellip;]<\/p>\n","protected":false},"author":18,"featured_media":0,"parent":0,"menu_order":0,"comment_status":"closed","ping_status":"closed","template":"template-twocolumns.php","meta":{"_acf_changed":false,"footnotes":""},"class_list":["post-2665","page","type-page","status-publish","hentry"],"acf":[],"yoast_head":"<!-- This site is optimized with the Yoast SEO plugin v27.1.1 - https:\/\/yoast.com\/product\/yoast-seo-wordpress\/ -->\n<title>Le guide de vos vacances en Corse -<\/title>\n<meta name=\"description\" content=\"Vous envisagez de passer vos vacances en Corse ? Plages, sites naturels \u00e0 visiter, gastronomie\u2026 D\u00e9couvrez dans ce guide tout ce qu\u2019il faut savoir.\" \/>\n<meta name=\"robots\" content=\"index, follow, max-snippet:-1, max-image-preview:large, max-video-preview:-1\" \/>\n<link rel=\"canonical\" href=\"https:\/\/www.campings.com\/fr\/content\/guide-vacances-corse\/\" \/>\n<meta property=\"og:locale\" content=\"fr_FR\" \/>\n<meta property=\"og:type\" content=\"article\" \/>\n<meta property=\"og:title\" content=\"Le guide de vos vacances en Corse -\" \/>\n<meta property=\"og:description\" content=\"Vous envisagez de passer vos vacances en Corse ? Plages, sites naturels \u00e0 visiter, gastronomie\u2026 D\u00e9couvrez dans ce guide tout ce qu\u2019il faut savoir.\" \/>\n<meta property=\"og:url\" content=\"https:\/\/www.campings.com\/fr\/content\/guide-vacances-corse\/\" \/>\n<meta property=\"article:modified_time\" content=\"2021-06-04T08:21:36+00:00\" \/>\n<meta property=\"og:image\" content=\"https:\/\/www.campings.com\/fr\/content\/wp-content\/uploads\/2021\/06\/Guide-2.jpg\" \/>\n\t<meta property=\"og:image:width\" content=\"1000\" \/>\n\t<meta property=\"og:image:height\" content=\"666\" \/>\n\t<meta property=\"og:image:type\" content=\"image\/jpeg\" \/>\n<meta name=\"twitter:card\" content=\"summary_large_image\" \/>\n<meta name=\"twitter:label1\" content=\"Dur\u00e9e de lecture estim\u00e9e\" \/>\n\t<meta name=\"twitter:data1\" content=\"8 minutes\" \/>\n<script type=\"application\/ld+json\" class=\"yoast-schema-graph\">{\"@context\":\"https:\/\/schema.org\",\"@graph\":[{\"@type\":\"WebPage\",\"@id\":\"https:\/\/www.campings.com\/fr\/content\/guide-vacances-corse\/\",\"url\":\"https:\/\/www.campings.com\/fr\/content\/guide-vacances-corse\/\",\"name\":\"Le guide de vos vacances en Corse -\",\"isPartOf\":{\"@id\":\"https:\/\/www.campings.com\/fr\/content\/#website\"},\"primaryImageOfPage\":{\"@id\":\"https:\/\/www.campings.com\/fr\/content\/guide-vacances-corse\/#primaryimage\"},\"image\":{\"@id\":\"https:\/\/www.campings.com\/fr\/content\/guide-vacances-corse\/#primaryimage\"},\"thumbnailUrl\":\"https:\/\/www.campings.com\/fr\/content\/wp-content\/uploads\/2021\/06\/Guide-2.jpg\",\"datePublished\":\"2021-06-02T15:34:12+00:00\",\"dateModified\":\"2021-06-04T08:21:36+00:00\",\"description\":\"Vous envisagez de passer vos vacances en Corse ? Plages, sites naturels \u00e0 visiter, gastronomie\u2026 D\u00e9couvrez dans ce guide tout ce qu\u2019il faut savoir.\",\"breadcrumb\":{\"@id\":\"https:\/\/www.campings.com\/fr\/content\/guide-vacances-corse\/#breadcrumb\"},\"inLanguage\":\"fr-FR\",\"potentialAction\":[{\"@type\":\"ReadAction\",\"target\":[\"https:\/\/www.campings.com\/fr\/content\/guide-vacances-corse\/\"]}]},{\"@type\":\"ImageObject\",\"inLanguage\":\"fr-FR\",\"@id\":\"https:\/\/www.campings.com\/fr\/content\/guide-vacances-corse\/#primaryimage\",\"url\":\"https:\/\/www.campings.com\/fr\/content\/wp-content\/uploads\/2021\/06\/Guide-2.jpg\",\"contentUrl\":\"https:\/\/www.campings.com\/fr\/content\/wp-content\/uploads\/2021\/06\/Guide-2.jpg\",\"width\":1000,\"height\":666},{\"@type\":\"BreadcrumbList\",\"@id\":\"https:\/\/www.campings.com\/fr\/content\/guide-vacances-corse\/#breadcrumb\",\"itemListElement\":[{\"@type\":\"ListItem\",\"position\":1,\"name\":\"Home\",\"item\":\"https:\/\/www.campings.com\/fr\/content\/\"},{\"@type\":\"ListItem\",\"position\":2,\"name\":\"Le guide de vos vacances en Corse\"}]},{\"@type\":\"WebSite\",\"@id\":\"https:\/\/www.campings.com\/fr\/content\/#website\",\"url\":\"https:\/\/www.campings.com\/fr\/content\/\",\"name\":\"\",\"description\":\"\",\"publisher\":{\"@id\":\"https:\/\/www.campings.com\/fr\/content\/#organization\"},\"potentialAction\":[{\"@type\":\"SearchAction\",\"target\":{\"@type\":\"EntryPoint\",\"urlTemplate\":\"https:\/\/www.campings.com\/fr\/content\/?s={search_term_string}\"},\"query-input\":{\"@type\":\"PropertyValueSpecification\",\"valueRequired\":true,\"valueName\":\"search_term_string\"}}],\"inLanguage\":\"fr-FR\"},{\"@type\":\"Organization\",\"@id\":\"https:\/\/www.campings.com\/fr\/content\/#organization\",\"name\":\"CAMPINGS.COM\",\"url\":\"https:\/\/www.campings.com\/fr\/content\/\",\"logo\":{\"@type\":\"ImageObject\",\"inLanguage\":\"fr-FR\",\"@id\":\"https:\/\/www.campings.com\/fr\/content\/#\/schema\/logo\/image\/\",\"url\":\"https:\/\/www.campings.com\/fr\/content\/wp-content\/uploads\/2019\/01\/cropped-logo-1.png\",\"contentUrl\":\"https:\/\/www.campings.com\/fr\/content\/wp-content\/uploads\/2019\/01\/cropped-logo-1.png\",\"width\":174,\"height\":42,\"caption\":\"CAMPINGS.COM\"},\"image\":{\"@id\":\"https:\/\/www.campings.com\/fr\/content\/#\/schema\/logo\/image\/\"}}]}<\/script>\n<!-- \/ Yoast SEO plugin. -->","yoast_head_json":{"title":"Le guide de vos vacances en Corse -","description":"Vous envisagez de passer vos vacances en Corse ? Plages, sites naturels \u00e0 visiter, gastronomie\u2026 D\u00e9couvrez dans ce guide tout ce qu\u2019il faut savoir.","robots":{"index":"index","follow":"follow","max-snippet":"max-snippet:-1","max-image-preview":"max-image-preview:large","max-video-preview":"max-video-preview:-1"},"canonical":"https:\/\/www.campings.com\/fr\/content\/guide-vacances-corse\/","og_locale":"fr_FR","og_type":"article","og_title":"Le guide de vos vacances en Corse -","og_description":"Vous envisagez de passer vos vacances en Corse ? Plages, sites naturels \u00e0 visiter, gastronomie\u2026 D\u00e9couvrez dans ce guide tout ce qu\u2019il faut savoir.","og_url":"https:\/\/www.campings.com\/fr\/content\/guide-vacances-corse\/","article_modified_time":"2021-06-04T08:21:36+00:00","og_image":[{"width":1000,"height":666,"url":"https:\/\/www.campings.com\/fr\/content\/wp-content\/uploads\/2021\/06\/Guide-2.jpg","type":"image\/jpeg"}],"twitter_card":"summary_large_image","twitter_misc":{"Dur\u00e9e de lecture estim\u00e9e":"8 minutes"},"schema":{"@context":"https:\/\/schema.org","@graph":[{"@type":"WebPage","@id":"https:\/\/www.campings.com\/fr\/content\/guide-vacances-corse\/","url":"https:\/\/www.campings.com\/fr\/content\/guide-vacances-corse\/","name":"Le guide de vos vacances en Corse -","isPartOf":{"@id":"https:\/\/www.campings.com\/fr\/content\/#website"},"primaryImageOfPage":{"@id":"https:\/\/www.campings.com\/fr\/content\/guide-vacances-corse\/#primaryimage"},"image":{"@id":"https:\/\/www.campings.com\/fr\/content\/guide-vacances-corse\/#primaryimage"},"thumbnailUrl":"https:\/\/www.campings.com\/fr\/content\/wp-content\/uploads\/2021\/06\/Guide-2.jpg","datePublished":"2021-06-02T15:34:12+00:00","dateModified":"2021-06-04T08:21:36+00:00","description":"Vous envisagez de passer vos vacances en Corse ? Plages, sites naturels \u00e0 visiter, gastronomie\u2026 D\u00e9couvrez dans ce guide tout ce qu\u2019il faut savoir.","breadcrumb":{"@id":"https:\/\/www.campings.com\/fr\/content\/guide-vacances-corse\/#breadcrumb"},"inLanguage":"fr-FR","potentialAction":[{"@type":"ReadAction","target":["https:\/\/www.campings.com\/fr\/content\/guide-vacances-corse\/"]}]},{"@type":"ImageObject","inLanguage":"fr-FR","@id":"https:\/\/www.campings.com\/fr\/content\/guide-vacances-corse\/#primaryimage","url":"https:\/\/www.campings.com\/fr\/content\/wp-content\/uploads\/2021\/06\/Guide-2.jpg","contentUrl":"https:\/\/www.campings.com\/fr\/content\/wp-content\/uploads\/2021\/06\/Guide-2.jpg","width":1000,"height":666},{"@type":"BreadcrumbList","@id":"https:\/\/www.campings.com\/fr\/content\/guide-vacances-corse\/#breadcrumb","itemListElement":[{"@type":"ListItem","position":1,"name":"Home","item":"https:\/\/www.campings.com\/fr\/content\/"},{"@type":"ListItem","position":2,"name":"Le guide de vos vacances en Corse"}]},{"@type":"WebSite","@id":"https:\/\/www.campings.com\/fr\/content\/#website","url":"https:\/\/www.campings.com\/fr\/content\/","name":"","description":"","publisher":{"@id":"https:\/\/www.campings.com\/fr\/content\/#organization"},"potentialAction":[{"@type":"SearchAction","target":{"@type":"EntryPoint","urlTemplate":"https:\/\/www.campings.com\/fr\/content\/?s={search_term_string}"},"query-input":{"@type":"PropertyValueSpecification","valueRequired":true,"valueName":"search_term_string"}}],"inLanguage":"fr-FR"},{"@type":"Organization","@id":"https:\/\/www.campings.com\/fr\/content\/#organization","name":"CAMPINGS.COM","url":"https:\/\/www.campings.com\/fr\/content\/","logo":{"@type":"ImageObject","inLanguage":"fr-FR","@id":"https:\/\/www.campings.com\/fr\/content\/#\/schema\/logo\/image\/","url":"https:\/\/www.campings.com\/fr\/content\/wp-content\/uploads\/2019\/01\/cropped-logo-1.png","contentUrl":"https:\/\/www.campings.com\/fr\/content\/wp-content\/uploads\/2019\/01\/cropped-logo-1.png","width":174,"height":42,"caption":"CAMPINGS.COM"},"image":{"@id":"https:\/\/www.campings.com\/fr\/content\/#\/schema\/logo\/image\/"}}]}},"_links":{"self":[{"href":"https:\/\/www.campings.com\/fr\/content\/wp-json\/wp\/v2\/pages\/2665","targetHints":{"allow":["GET"]}}],"collection":[{"href":"https:\/\/www.campings.com\/fr\/content\/wp-json\/wp\/v2\/pages"}],"about":[{"href":"https:\/\/www.campings.com\/fr\/content\/wp-json\/wp\/v2\/types\/page"}],"author":[{"embeddable":true,"href":"https:\/\/www.campings.com\/fr\/content\/wp-json\/wp\/v2\/users\/18"}],"replies":[{"embeddable":true,"href":"https:\/\/www.campings.com\/fr\/content\/wp-json\/wp\/v2\/comments?post=2665"}],"version-history":[{"count":5,"href":"https:\/\/www.campings.com\/fr\/content\/wp-json\/wp\/v2\/pages\/2665\/revisions"}],"predecessor-version":[{"id":2701,"href":"https:\/\/www.campings.com\/fr\/content\/wp-json\/wp\/v2\/pages\/2665\/revisions\/2701"}],"wp:attachment":[{"href":"https:\/\/www.campings.com\/fr\/content\/wp-json\/wp\/v2\/media?parent=2665"}],"curies":[{"name":"wp","href":"https:\/\/api.w.org\/{rel}","templated":true}]}}