{"id":2506,"date":"2021-04-21T10:07:03","date_gmt":"2021-04-21T10:07:03","guid":{"rendered":"https:\/\/www.campings.com\/fr\/content\/?page_id=2506"},"modified":"2021-04-21T12:56:07","modified_gmt":"2021-04-21T12:56:07","slug":"vacaf-conditions-offres","status":"publish","type":"page","link":"https:\/\/www.campings.com\/fr\/content\/vacaf-conditions-offres\/","title":{"rendered":"Conditions des Offres Sp\u00e9ciales &#8211; VACAF"},"content":{"rendered":"<h2><b>R\u00e9servation effectu\u00e9e apr\u00e8s le 01 janvier 2021<\/b><\/h2>\n<h5 style=\"padding-left: 30px\"><b>Passeport Vacances<\/b><\/h5>\n<p>Toutes les r\u00e9servations effectu\u00e9es sur notre site \u00e0 compter du <strong>15 avril 2021<\/strong> b\u00e9n\u00e9ficient du Passeport Vacances\u00a0 pr\u00e9voyant les conditions suivantes :<\/p>\n<ul>\n<li>Annulation gratuite jusqu\u2019\u00e0 la date de d\u00e9but de votre s\u00e9jour, dans le cas o\u00f9 celui-ci est rendu impossible suite \u00e0 une d\u00e9cision des pouvoirs publics (fermeture administrative du camping).<\/li>\n<\/ul>\n<ul>\n<li>Annulation gratuite jusqu&rsquo;\u00e0 30 jours avant la date de d\u00e9but de votre s\u00e9jour (sans justificatif).<\/li>\n<li>Remboursement garanti des sommes vers\u00e9es (hors montant de l&rsquo;assurance et hors frais de dossier), hors paiement avec avoir<\/li>\n<\/ul>\n<h5 style=\"padding-left: 30px\"><strong>Annulation Gratuite (En cas de confinement ou fermeture administrative du camping)<\/strong><\/h5>\n<p>Pour toute r\u00e9servation effectu\u00e9e sur le site depuis <strong>le 1er janvier 2021<\/strong>, vous b\u00e9n\u00e9ficiez de l\u2019annulation gratuite jusqu\u2019\u00e0 la date de d\u00e9but de votre s\u00e9jour, dans le cas o\u00f9 celui-ci est rendu impossible suite \u00e0 une d\u00e9cision des pouvoirs publics (fermeture administrative du camping ou confinement du lieu du camping li\u00e9 \u00e0 la\u00a0 Covid-19). Vous serez contact\u00e9s par nos services dans ce cas de figure. L&rsquo;annulation gratuite ne couvre pas la maladie, etc. et tout autre garantie pr\u00e9vue dans l\u2019Assurance Annulation et Multirisque.<\/p>\n<h5 style=\"padding-left: 30px\"><b>Garantie Covid-19 Offerte aux participants du s\u00e9jour (test PCR positif, maladie, cas contact\u2026)\u00a0<\/b><\/h5>\n<p>Toutes les r\u00e9servations effectu\u00e9es sur notre site <strong>du 1er janvier 2021 au 16 mars 2021<\/strong> b\u00e9n\u00e9ficient automatiquement d\u2019une Garantie Covid individuelle offerte.<\/p>\n<p>Cette garantie vous permet d\u2019annuler votre r\u00e9servation\u00a0 et d\u2019obtenir le remboursement des frais d\u2019annulation si les participants du s\u00e9jour sont concern\u00e9s par l\u2019un des cas suivants :<\/p>\n<ul>\n<li>Test PCR Positif<\/li>\n<\/ul>\n<ul>\n<li>Situation de cas contact, sous r\u00e9serve d\u2019attestation officielle (ARS, S\u00e9curit\u00e9 Sociale,&#8230;)<\/li>\n<\/ul>\n<ul>\n<li>Maladie de vous-m\u00eame ou d\u2019un proche li\u00e9e \u00e0 la COVID-19<\/li>\n<\/ul>\n<ul>\n<li>Quarantaine individuelle li\u00e9e \u00e0 la\u00a0 COVID-19<\/li>\n<\/ul>\n<ul>\n<li>Hospitalisation de vous-m\u00eame ou d\u2019un proche li\u00e9e \u00e0 la\u00a0 Covid-19<\/li>\n<\/ul>\n<ul>\n<li>D\u00e9c\u00e8s de vous-m\u00eame ou d\u2019un proche li\u00e9e \u00e0 la\u00a0 Covid-19<\/li>\n<\/ul>\n<p>Cette garantie peut \u00eatre mise en \u0153uvre quand l\u2019un des \u00e9v\u00e9nements list\u00e9s ci-dessus se produit dans le mois pr\u00e9c\u00e9dent la date de d\u00e9but de s\u00e9jour.<\/p>\n<p>La demande de remboursement s\u2019effectue par t\u00e9l\u00e9phone aupr\u00e8s du service client. Des documents justificatifs peuvent \u00eatre demand\u00e9s. Cette offre vous permet d\u2019obtenir le remboursement de votre r\u00e9servation (hors frais de dossier), d\u00e9duction faite de frais de gestion de 30 \u20ac.<\/p>\n<h5 style=\"padding-left: 30px\"><b>Modification Gratuite jusqu\u2019\u00e0 14 jours avant le d\u00e9part<\/b><\/h5>\n<p>Cette offre est valable sur une s\u00e9lection d\u2019h\u00e9bergements depuis <strong>le 28 mai 2020 et jusqu\u2019au 17\/03\/2021<\/strong>\u00a0 pour les r\u00e9servations indiquant \u201cModification gratuite jusqu\u2019\u00e0 14 jours avant le d\u00e9but du s\u00e9jour\u201d (voir votre facture). Vous avez la possibilit\u00e9 d\u2019obtenir la modification gratuite de votre r\u00e9servation en contactant notre service client<\/p>\n<p>&nbsp;<\/p>\n<h2><b>R\u00e9servation effectu\u00e9e ava<\/b><b>nt<\/b><b> le 01 jan<\/b><b>vier 2021<\/b><\/h2>\n<p>Pour toute r\u00e9servation effectu\u00e9e avant le <strong>1er janvier 2021<\/strong>, retrouvez ci-dessous les conditions des offres et op\u00e9rations sp\u00e9ciales en vigueur en fonction de votre date de r\u00e9servation.<\/p>\n<h5 style=\"padding-left: 30px\"><b>Annulation gratuite en cas de d\u00e9cision administrative ou maladie li\u00e9es au covid-19\u00a0\u00a0<\/b><\/h5>\n<p>Cette offre est valable pour l\u2019ensemble des commandes pass\u00e9es <strong>du\u00a0 28 mai 2020 au 31 d\u00e9cembre 2020<\/strong>. L\u2019annulation est gratuite dans les cas suivants :<\/p>\n<ul>\n<li>lieu de s\u00e9jour ferm\u00e9 du fait d\u2019une d\u00e9cision administrative li\u00e9e au covid-19<\/li>\n<\/ul>\n<ul>\n<li>\u00e9tat de sant\u00e9 li\u00e9 au Covid-19 d\u2019un des participants du s\u00e9jour (sur pr\u00e9sentation d\u2019un justificatif)<\/li>\n<\/ul>\n<p>Pour b\u00e9n\u00e9ficier de cette offre, veuillez contacter notre service client par t\u00e9l\u00e9phone.<\/p>\n","protected":false},"excerpt":{"rendered":"<p>R\u00e9servation effectu\u00e9e apr\u00e8s le 01 janvier 2021 Passeport Vacances Toutes les r\u00e9servations effectu\u00e9es sur notre site \u00e0 compter du 15 avril 2021 b\u00e9n\u00e9ficient du Passeport Vacances\u00a0 pr\u00e9voyant les conditions suivantes : Annulation gratuite jusqu\u2019\u00e0 la date de d\u00e9but de votre s\u00e9jour, dans le cas o\u00f9 celui-ci est rendu impossible suite \u00e0 une d\u00e9cision des pouvoirs [&hellip;]<\/p>\n","protected":false},"author":16,"featured_media":0,"parent":0,"menu_order":0,"comment_status":"closed","ping_status":"closed","template":"template-onecolumn.php","meta":{"_acf_changed":false,"footnotes":""},"class_list":["post-2506","page","type-page","status-publish","hentry"],"acf":[],"yoast_head":"<!-- This site is optimized with the Yoast SEO plugin v27.1.1 - https:\/\/yoast.com\/product\/yoast-seo-wordpress\/ -->\n<title>Conditions des Offres Sp\u00e9ciales - VACAF -<\/title>\n<meta name=\"robots\" content=\"index, follow, max-snippet:-1, max-image-preview:large, max-video-preview:-1\" \/>\n<link rel=\"canonical\" href=\"https:\/\/www.campings.com\/fr\/content\/vacaf-conditions-offres\/\" \/>\n<meta property=\"og:locale\" content=\"fr_FR\" \/>\n<meta property=\"og:type\" content=\"article\" \/>\n<meta property=\"og:title\" content=\"Conditions des Offres Sp\u00e9ciales - VACAF -\" \/>\n<meta property=\"og:description\" content=\"R\u00e9servation effectu\u00e9e apr\u00e8s le 01 janvier 2021 Passeport Vacances Toutes les r\u00e9servations effectu\u00e9es sur notre site \u00e0 compter du 15 avril 2021 b\u00e9n\u00e9ficient du Passeport Vacances\u00a0 pr\u00e9voyant les conditions suivantes : Annulation gratuite jusqu\u2019\u00e0 la date de d\u00e9but de votre s\u00e9jour, dans le cas o\u00f9 celui-ci est rendu impossible suite \u00e0 une d\u00e9cision des pouvoirs [&hellip;]\" \/>\n<meta property=\"og:url\" content=\"https:\/\/www.campings.com\/fr\/content\/vacaf-conditions-offres\/\" \/>\n<meta property=\"article:modified_time\" content=\"2021-04-21T12:56:07+00:00\" \/>\n<meta name=\"twitter:card\" content=\"summary_large_image\" \/>\n<meta name=\"twitter:label1\" content=\"Dur\u00e9e de lecture estim\u00e9e\" \/>\n\t<meta name=\"twitter:data1\" content=\"3 minutes\" \/>\n<script type=\"application\/ld+json\" class=\"yoast-schema-graph\">{\"@context\":\"https:\/\/schema.org\",\"@graph\":[{\"@type\":\"WebPage\",\"@id\":\"https:\/\/www.campings.com\/fr\/content\/vacaf-conditions-offres\/\",\"url\":\"https:\/\/www.campings.com\/fr\/content\/vacaf-conditions-offres\/\",\"name\":\"Conditions des Offres Sp\u00e9ciales - VACAF -\",\"isPartOf\":{\"@id\":\"https:\/\/www.campings.com\/fr\/content\/#website\"},\"datePublished\":\"2021-04-21T10:07:03+00:00\",\"dateModified\":\"2021-04-21T12:56:07+00:00\",\"breadcrumb\":{\"@id\":\"https:\/\/www.campings.com\/fr\/content\/vacaf-conditions-offres\/#breadcrumb\"},\"inLanguage\":\"fr-FR\",\"potentialAction\":[{\"@type\":\"ReadAction\",\"target\":[\"https:\/\/www.campings.com\/fr\/content\/vacaf-conditions-offres\/\"]}]},{\"@type\":\"BreadcrumbList\",\"@id\":\"https:\/\/www.campings.com\/fr\/content\/vacaf-conditions-offres\/#breadcrumb\",\"itemListElement\":[{\"@type\":\"ListItem\",\"position\":1,\"name\":\"Home\",\"item\":\"https:\/\/www.campings.com\/fr\/content\/\"},{\"@type\":\"ListItem\",\"position\":2,\"name\":\"Conditions des Offres Sp\u00e9ciales &#8211; VACAF\"}]},{\"@type\":\"WebSite\",\"@id\":\"https:\/\/www.campings.com\/fr\/content\/#website\",\"url\":\"https:\/\/www.campings.com\/fr\/content\/\",\"name\":\"\",\"description\":\"\",\"publisher\":{\"@id\":\"https:\/\/www.campings.com\/fr\/content\/#organization\"},\"potentialAction\":[{\"@type\":\"SearchAction\",\"target\":{\"@type\":\"EntryPoint\",\"urlTemplate\":\"https:\/\/www.campings.com\/fr\/content\/?s={search_term_string}\"},\"query-input\":{\"@type\":\"PropertyValueSpecification\",\"valueRequired\":true,\"valueName\":\"search_term_string\"}}],\"inLanguage\":\"fr-FR\"},{\"@type\":\"Organization\",\"@id\":\"https:\/\/www.campings.com\/fr\/content\/#organization\",\"name\":\"CAMPINGS.COM\",\"url\":\"https:\/\/www.campings.com\/fr\/content\/\",\"logo\":{\"@type\":\"ImageObject\",\"inLanguage\":\"fr-FR\",\"@id\":\"https:\/\/www.campings.com\/fr\/content\/#\/schema\/logo\/image\/\",\"url\":\"https:\/\/www.campings.com\/fr\/content\/wp-content\/uploads\/2019\/01\/cropped-logo-1.png\",\"contentUrl\":\"https:\/\/www.campings.com\/fr\/content\/wp-content\/uploads\/2019\/01\/cropped-logo-1.png\",\"width\":174,\"height\":42,\"caption\":\"CAMPINGS.COM\"},\"image\":{\"@id\":\"https:\/\/www.campings.com\/fr\/content\/#\/schema\/logo\/image\/\"}}]}<\/script>\n<!-- \/ Yoast SEO plugin. -->","yoast_head_json":{"title":"Conditions des Offres Sp\u00e9ciales - VACAF -","robots":{"index":"index","follow":"follow","max-snippet":"max-snippet:-1","max-image-preview":"max-image-preview:large","max-video-preview":"max-video-preview:-1"},"canonical":"https:\/\/www.campings.com\/fr\/content\/vacaf-conditions-offres\/","og_locale":"fr_FR","og_type":"article","og_title":"Conditions des Offres Sp\u00e9ciales - VACAF -","og_description":"R\u00e9servation effectu\u00e9e apr\u00e8s le 01 janvier 2021 Passeport Vacances Toutes les r\u00e9servations effectu\u00e9es sur notre site \u00e0 compter du 15 avril 2021 b\u00e9n\u00e9ficient du Passeport Vacances\u00a0 pr\u00e9voyant les conditions suivantes : Annulation gratuite jusqu\u2019\u00e0 la date de d\u00e9but de votre s\u00e9jour, dans le cas o\u00f9 celui-ci est rendu impossible suite \u00e0 une d\u00e9cision des pouvoirs [&hellip;]","og_url":"https:\/\/www.campings.com\/fr\/content\/vacaf-conditions-offres\/","article_modified_time":"2021-04-21T12:56:07+00:00","twitter_card":"summary_large_image","twitter_misc":{"Dur\u00e9e de lecture estim\u00e9e":"3 minutes"},"schema":{"@context":"https:\/\/schema.org","@graph":[{"@type":"WebPage","@id":"https:\/\/www.campings.com\/fr\/content\/vacaf-conditions-offres\/","url":"https:\/\/www.campings.com\/fr\/content\/vacaf-conditions-offres\/","name":"Conditions des Offres Sp\u00e9ciales - VACAF -","isPartOf":{"@id":"https:\/\/www.campings.com\/fr\/content\/#website"},"datePublished":"2021-04-21T10:07:03+00:00","dateModified":"2021-04-21T12:56:07+00:00","breadcrumb":{"@id":"https:\/\/www.campings.com\/fr\/content\/vacaf-conditions-offres\/#breadcrumb"},"inLanguage":"fr-FR","potentialAction":[{"@type":"ReadAction","target":["https:\/\/www.campings.com\/fr\/content\/vacaf-conditions-offres\/"]}]},{"@type":"BreadcrumbList","@id":"https:\/\/www.campings.com\/fr\/content\/vacaf-conditions-offres\/#breadcrumb","itemListElement":[{"@type":"ListItem","position":1,"name":"Home","item":"https:\/\/www.campings.com\/fr\/content\/"},{"@type":"ListItem","position":2,"name":"Conditions des Offres Sp\u00e9ciales &#8211; VACAF"}]},{"@type":"WebSite","@id":"https:\/\/www.campings.com\/fr\/content\/#website","url":"https:\/\/www.campings.com\/fr\/content\/","name":"","description":"","publisher":{"@id":"https:\/\/www.campings.com\/fr\/content\/#organization"},"potentialAction":[{"@type":"SearchAction","target":{"@type":"EntryPoint","urlTemplate":"https:\/\/www.campings.com\/fr\/content\/?s={search_term_string}"},"query-input":{"@type":"PropertyValueSpecification","valueRequired":true,"valueName":"search_term_string"}}],"inLanguage":"fr-FR"},{"@type":"Organization","@id":"https:\/\/www.campings.com\/fr\/content\/#organization","name":"CAMPINGS.COM","url":"https:\/\/www.campings.com\/fr\/content\/","logo":{"@type":"ImageObject","inLanguage":"fr-FR","@id":"https:\/\/www.campings.com\/fr\/content\/#\/schema\/logo\/image\/","url":"https:\/\/www.campings.com\/fr\/content\/wp-content\/uploads\/2019\/01\/cropped-logo-1.png","contentUrl":"https:\/\/www.campings.com\/fr\/content\/wp-content\/uploads\/2019\/01\/cropped-logo-1.png","width":174,"height":42,"caption":"CAMPINGS.COM"},"image":{"@id":"https:\/\/www.campings.com\/fr\/content\/#\/schema\/logo\/image\/"}}]}},"_links":{"self":[{"href":"https:\/\/www.campings.com\/fr\/content\/wp-json\/wp\/v2\/pages\/2506","targetHints":{"allow":["GET"]}}],"collection":[{"href":"https:\/\/www.campings.com\/fr\/content\/wp-json\/wp\/v2\/pages"}],"about":[{"href":"https:\/\/www.campings.com\/fr\/content\/wp-json\/wp\/v2\/types\/page"}],"author":[{"embeddable":true,"href":"https:\/\/www.campings.com\/fr\/content\/wp-json\/wp\/v2\/users\/16"}],"replies":[{"embeddable":true,"href":"https:\/\/www.campings.com\/fr\/content\/wp-json\/wp\/v2\/comments?post=2506"}],"version-history":[{"count":3,"href":"https:\/\/www.campings.com\/fr\/content\/wp-json\/wp\/v2\/pages\/2506\/revisions"}],"predecessor-version":[{"id":2524,"href":"https:\/\/www.campings.com\/fr\/content\/wp-json\/wp\/v2\/pages\/2506\/revisions\/2524"}],"wp:attachment":[{"href":"https:\/\/www.campings.com\/fr\/content\/wp-json\/wp\/v2\/media?parent=2506"}],"curies":[{"name":"wp","href":"https:\/\/api.w.org\/{rel}","templated":true}]}}