{"id":2376,"date":"2021-04-12T17:19:44","date_gmt":"2021-04-12T17:19:44","guid":{"rendered":"https:\/\/www.campings.com\/fr\/content\/?page_id=2376"},"modified":"2021-04-13T17:45:12","modified_gmt":"2021-04-13T17:45:12","slug":"foire-aux-questions","status":"publish","type":"page","link":"https:\/\/www.campings.com\/fr\/content\/foire-aux-questions\/","title":{"rendered":"Foire aux Questions"},"content":{"rendered":"<p><strong>Menu de la FAQ<\/strong><\/p>\n<ol>\n<li><strong><a href=\"#ancre1\">Infos Covid-19<\/a><\/strong><\/li>\n<li><strong><a href=\"#ancre2\">Avoir Covid-19<\/a><\/strong><\/li>\n<li><strong><a href=\"#ancre3\">Effectuer une r\u00e9servation<\/a><\/strong><\/li>\n<li><a href=\"#ancre4\"><strong>Moyens de Paiement<\/strong><\/a><\/li>\n<li><a href=\"#ancre5\"><strong>Suivre \/ Modifier \/ Annuler une r\u00e9servation<\/strong><\/a><\/li>\n<li><a href=\"#ancre6\"><strong>Mon s\u00e9jour<\/strong><\/a><\/li>\n<li><a href=\"#ancre7\"><strong>Apr\u00e8s mon s\u00e9jour<\/strong><\/a><\/li>\n<li><a href=\"#ancre8\"><strong>Mon Compte<\/strong><\/a><\/li>\n<\/ol>\n<h2 id=\"ancre1\"><strong>1. Infos Covid-19<\/strong><\/h2>\n<p><strong><em>Q : J&rsquo;ai r\u00e9serv\u00e9 un s\u00e9jour jusqu&rsquo;au 02 mai 2021 inclus, que dois-je faire ?\u00a0<\/em><\/strong><\/p>\n<p>R : Suite aux derni\u00e8res annonces gouvernementales pour freiner la Covid-19, les mesures renforc\u00e9es sont en vigueur sur l\u2019ensemble du territoire m\u00e9tropolitain depuis le samedi 3 avril 19h et pour une dur\u00e9e de 4 semaines.<\/p>\n<p>L\u2019interdiction des d\u00e9placements inter-r\u00e9gionaux (sauf motif imp\u00e9rieux) nous obligent \u00e0 annuler toutes les r\u00e9servations jusqu\u2019au 2 mai inclus.<\/p>\n<p>Cette annulation est gratuite.<\/p>\n<p>Nous vous offrons 3 possibilit\u00e9s :<\/p>\n<ol>\n<li aria-level=\"1\">modifier imm\u00e9diatement votre s\u00e9jour sans frais<\/li>\n<li aria-level=\"1\">b\u00e9n\u00e9ficier d\u2019un avoir correspondant \u00e0 l\u2019int\u00e9gralit\u00e9 des sommes vers\u00e9es et bonifi\u00e9 de\u00a0<strong>10%<\/strong>, valable\u00a0<strong>18 mois<\/strong>\u00a0sur votre nouveau s\u00e9jour<\/li>\n<li aria-level=\"1\">obtenir le remboursement des sommes vers\u00e9es*, hors paiement avec avoir**<\/li>\n<\/ol>\n<p>*hors montant de l\u2019assurance et hors frais de dossier<\/p>\n<p>**les montants r\u00e9gl\u00e9s avec un avoir seront cr\u00e9dit\u00e9s sous forme d\u2019avoir (uniquement les sommes r\u00e9gl\u00e9es par CB et\/ou ch\u00e8ques et ch\u00e8ques vacances peuvent \u00eatre rembours\u00e9es)<\/p>\n<p>Il est inutile de nous appeler, votre dossier sera trait\u00e9 automatiquement. En raison du grand nombre d\u2019annulations , la proc\u00e9dure peut prendre un peu de temps. Nous vous remercions d\u2019avance pour votre patience.<\/p>\n<p><em><strong>Q : Quelles sont les assurances propos\u00e9es ?\u00a0<\/strong><\/em><\/p>\n<p><em><strong>Q : Quelles sont les conditions d&rsquo;annulation ?\u00a0<\/strong><\/em><\/p>\n<p><em><strong>Q : Quelles sont les conditions de modification et d&rsquo;annulation si je suis concern\u00e9 par une situation li\u00e9e au Covid-19 ?\u00a0<\/strong><\/em><\/p>\n<p><em><strong>Q : Le camping que j&rsquo;ai r\u00e9serv\u00e9 est ferm\u00e9 suite \u00e0 une d\u00e9cision administrative &#8211; que se passe-t-il ?<\/strong><\/em><\/p>\n<p>&nbsp;<\/p>\n<h2 id=\"ancre2\">2. Avoir Covid-19<\/h2>\n<p><em><strong>Q : O\u00f9 puis-je trouver mon avoir ?\u00a0<\/strong><\/em><\/p>\n<p>R :\u00a0Nous vous avons transmis votre avoir par email suite \u00e0 l&rsquo;annulation de votre r\u00e9servation. Vous pouvez \u00e9galement le retrouver directement depuis la page d\u2019accueil de notre site, en cliquant sur \u2018Mon Espace\u2019 puis \u2018Rechercher ma r\u00e9servation\u2019. Retrouvez-plus d&rsquo;informations sur l&rsquo;utilisation des avoirs sur notre <a href=\"https:\/\/www.campings.com\/fr\/content\/utilisation-avoir\/\" target=\"_blank\" rel=\"noopener\"><strong>page d&rsquo;aide d\u00e9di\u00e9e<\/strong><\/a>.<\/p>\n<p><em><strong>Q : Comment r\u00e9server un s\u00e9jour avec mon avoir ?<\/strong><\/em><\/p>\n<p>R :\u00a0L\u2019avoir est utilisable sur notre site sous la forme d\u2019un code individuel. Vous allez donc avoir besoin de ce code qu\u2019il faudra appliquer dans le panier\u00a0 dans l\u2019encart pr\u00e9vu \u00e0 cet effet avant le paiement final.\u00a0Retrouvez-plus d&rsquo;informations sur l&rsquo;utilisation des avoirs sur notre <a href=\"https:\/\/www.campings.com\/fr\/content\/utilisation-avoir\/\" target=\"_blank\" rel=\"noopener\"><strong>page d&rsquo;aide d\u00e9di\u00e9e<\/strong><\/a>.<\/p>\n<p><em><strong>Q : Je souhaite r\u00e9server un s\u00e9jour moins cher que le montant de mon avoir ?\u00a0<\/strong><\/em><\/p>\n<p><em><strong>Q : Je souhaite r\u00e9server un s\u00e9jour plus cher que le montant de mon avoir ?\u00a0<\/strong><\/em><\/p>\n<p><em><strong>Q : Quelle est la dur\u00e9e de validit\u00e9 de mon avoir ?\u00a0<\/strong><\/em><\/p>\n<p><em><strong>Q : Comment est calcul\u00e9 le montant de mon avoir ?<\/strong><\/em><\/p>\n<p><em><strong>Q : Est-ce que je peux me faire rembourser plut\u00f4t que de recevoir un avoir ?\u00a0<\/strong><\/em><\/p>\n<p>&nbsp;<\/p>\n<h2 id=\"ancre3\">3. Effectuer une r\u00e9servation<\/h2>\n<p><em><strong>Q : Comment r\u00e9server mon s\u00e9jour sur internet ?\u00a0<\/strong><\/em><\/p>\n<p><em><strong>Q : Comment r\u00e9server mon s\u00e9jour par t\u00e9l\u00e9phone ?\u00a0<\/strong><\/em><\/p>\n<p><em><strong>Q : Comment trouver un camping qui me convient ?\u00a0<\/strong><\/em><\/p>\n<p><em><strong>Q : Est-ce qu&rsquo;il y a des frais de r\u00e9servation sur Campings.com ?<\/strong><\/em><\/p>\n<p><em><strong>Q : Comment choisir mon emplacement dans le camping ?<\/strong><\/em><\/p>\n<p><em><strong>Q : Peut-on r\u00e9server un emplacement pour une tente ou une caravane ?<\/strong><\/em><\/p>\n<p><em><strong>Q : Les b\u00e9b\u00e9s sont-ils comptabilis\u00e9s dans la capacit\u00e9 d&rsquo;accueil de l&rsquo;h\u00e9bergement ?\u00a0<\/strong><\/em><\/p>\n<p><em><strong>Q : Est-ce qu&rsquo;il y a un parking dans le camping ?\u00a0<\/strong><\/em><\/p>\n<p><em><strong>Q : Faut-il apporter son linge de toilette et de maison ?\u00a0<\/strong><\/em><\/p>\n<p><em><strong>Q : Le m\u00e9nage est-il compris dans le montant de la r\u00e9servation ?\u00a0<\/strong><\/em><\/p>\n<p><em><strong>Q : Le camping peut-il fournir un kit b\u00e9b\u00e9 (chaise haute, lit parapluie, etc &#8230;) ?\u00a0<\/strong><\/em><\/p>\n<p><em><strong>Q : Les animaux de compagnie sont-ils accept\u00e9s ?\u00a0<\/strong><\/em><\/p>\n<p><em><strong>Q : J&rsquo;aimerais louer une t\u00e9l\u00e9vision, un kit b\u00e9b\u00e9, du linge de lit ou de toilette &#8211; comment faire ?\u00a0\u00a0<\/strong><\/em><\/p>\n<p><em><strong>Q : Est-il possible de poser une option ?\u00a0<\/strong><\/em><\/p>\n<p><em><strong>Q : J&rsquo;ai re\u00e7u un devis et je souhaite le transformer en r\u00e9servation &#8211; comment faire ?\u00a0<\/strong><\/em><\/p>\n<p><em><strong>Q : J&rsquo;ai re\u00e7u un devis mais je souhaite le modifier &#8211; comment faire ?\u00a0<\/strong><\/em><\/p>\n<p><em><strong>Q : Je ne parviens pas \u00e0 valider mon devis pour r\u00e9server &#8211; comment faire ?\u00a0<\/strong><\/em><\/p>\n<p><em><strong>Q : Quelles sont les conditions d&rsquo;annulation li\u00e9es \u00e0 ma r\u00e9servation ?<\/strong><\/em><\/p>\n<p><em><strong>Q : Quels sont les assurances propos\u00e9es ?\u00a0<\/strong><\/em><\/p>\n<p><em><strong>Q : L&rsquo;assurance annulation multirisque est-elle obligatoire ?<\/strong><\/em><\/p>\n<p><em><strong>Q : Pourquoi souscrire \u00e0 l&rsquo;assurance annulation multirisque ?<\/strong><\/em><\/p>\n<p><em><strong>Q : Comment v\u00e9rifier que ma r\u00e9servation est bien valid\u00e9e ?\u00a0<\/strong><\/em><\/p>\n<p><em><strong>Q : Quand et comment vais-je recevoir ma confirmation de r\u00e9servation ?\u00a0<\/strong><\/em><\/p>\n<p>&nbsp;<\/p>\n<h2 id=\"ancre4\">4. Moyens de Paiement<\/h2>\n<p><em><strong>Q : Quels sont les moyens de paiement propos\u00e9s ?<\/strong><\/em><\/p>\n<p><em><strong>Q : Est-ce que je peux payer avec mes ch\u00e8que-vacances ANCV ?<\/strong><\/em><\/p>\n<p><strong>Q : Est-ce que je peux payer en plusieurs fois ?\u00a0<\/strong><\/p>\n<p><em><strong>Q : Qu&rsquo;est-ce que le paiement diff\u00e9r\u00e9 ?\u00a0<\/strong><\/em><\/p>\n<p><em><strong>Q : Est-ce que je peux payer en ch\u00e8que bancaire ?<\/strong><\/em><\/p>\n<p><em><strong>Q : Est-ce que je peux modifier les dates de mon \u00e9ch\u00e9ancier de paiement ?\u00a0<\/strong><\/em><\/p>\n<p><em><strong>Q : Ma r\u00e9servation est d\u00e9j\u00e0 enti\u00e8rement r\u00e9gl\u00e9e &#8211; est-ce que je peux quand m\u00eame envoyer des ch\u00e8ques-vacances ?\u00a0<\/strong><\/em><\/p>\n<p>&nbsp;<\/p>\n<h2 id=\"ancre5\"><strong>5. Suivre \/ Modifier \/ Annuler une r\u00e9servation\u00a0<\/strong><\/h2>\n<p><em><strong>Q : Comment acc\u00e9der \u00e0 mon bon d&rsquo;\u00e9change \/ mes documents de voyage ?\u00a0<\/strong><\/em><\/p>\n<p><em><strong>Q : Les informations sur mes documents de voyage sont erron\u00e9es &#8211; comment faire ?\u00a0<\/strong><\/em><\/p>\n<p><em><strong>Q : Comment modifier ma r\u00e9servation ?\u00a0<\/strong><\/em><\/p>\n<p><em><strong>Q : Comment annuler ma r\u00e9servation ?<\/strong><\/em><\/p>\n<p><em><strong>Q : Je souhaite ajouter ou supprimer l&rsquo;assurance annulation de ma r\u00e9servation &#8211; comment faire ?\u00a0<\/strong><\/em><\/p>\n<p><em><strong>Q : J&rsquo;ai pris une assurance annulation &#8211; comment se passe le remboursement en cas d&rsquo;annulation ?<\/strong><\/em><\/p>\n<p>&nbsp;<\/p>\n<h2 id=\"ancre7\"><strong>6. Mon s\u00e9jour\u00a0<\/strong><\/h2>\n<p><em><strong>Q : O\u00f9 est-ce que je peux trouver l&rsquo;adresse et les coordonn\u00e9es du camping dans lequel j&rsquo;ai r\u00e9serv\u00e9 ?\u00a0<\/strong><\/em><\/p>\n<p><em><strong>Q : Lorsque j&rsquo;appelle le camping il n&rsquo;y a pas de trace de ma r\u00e9servation sur les listes d&rsquo;arriv\u00e9e ?<\/strong><\/em><\/p>\n<p><em><strong>Q : Quels sont les horaires d&rsquo;arriv\u00e9e et de d\u00e9part ?<\/strong><\/em><\/p>\n<p><em><strong>Q : Comment se passe la remise des cl\u00e9s ?<\/strong><\/em><\/p>\n<p><strong><em>Q : Est-ce que je vais pouvoir choisir mon emplacement dans le camping ?\u00a0<\/em><\/strong><\/p>\n<p><em><strong>Q : Que vais-je devoir payer sur place ?<\/strong><\/em><\/p>\n<p><em><strong>Q : A quoi sert la caution ?<\/strong><\/em><\/p>\n<p><em><strong>Q : Qu&rsquo;est-ce que la taxe de s\u00e9jour ?<\/strong><\/em><\/p>\n<p><em><strong>Q : Les h\u00e9bergements sont-ils \u00e9quip\u00e9s de linge de lit et de toilette ?<\/strong><\/em><\/p>\n<p><em><strong>Q :\u00a0Les h\u00e9bergements sont-ils \u00e9quip\u00e9s d&rsquo;une t\u00e9l\u00e9vision ?<\/strong><\/em><\/p>\n<p><em><strong>Q :\u00a0Les h\u00e9bergements sont-ils \u00e9quip\u00e9s de la climatisation ?\u00a0<\/strong><\/em><\/p>\n<p><em><strong>Q : Mon animal est-il accept\u00e9 ?<\/strong><\/em><\/p>\n<p><em><strong>Q : L&rsquo;h\u00e9bergement est-il adapt\u00e9 aux personnes \u00e0 mobilit\u00e9 r\u00e9duite (PMR) ?<\/strong><\/em><\/p>\n<p><em><strong>Q : Les enfants de moins de 4 ans sont-ils pris en charge par les animateurs ?\u00a0<\/strong><\/em><\/p>\n<p><em><strong>Q : Est-ce que je peux inviter des personnes ext\u00e9rieures dans mon h\u00e9bergement ?<\/strong><\/em><\/p>\n<p><em><strong>Q : Je pars \u00e0 l&rsquo;\u00e9tranger &#8211; y a-t-il des formalit\u00e9s administratives particuli\u00e8res ?<\/strong><\/em><\/p>\n<p>&nbsp;<\/p>\n<h2 id=\"ancre8\"><strong>7. Apr\u00e8s mon s\u00e9jour<\/strong><\/h2>\n<p><em><strong>Q : Je souhaite donner mon avis sur le camping &#8211; comment faire ?\u00a0<\/strong><\/em><\/p>\n<p><em><strong>Q : Pourquoi compl\u00e9ter l&rsquo;enqu\u00eate de satisfaction ?\u00a0<\/strong><\/em><\/p>\n<p><em><strong>Q : Je souhaite faire une r\u00e9clamation &#8211; comment faire ?\u00a0<\/strong><\/em><\/p>\n<p>&nbsp;<\/p>\n<h2 id=\"ancre6\"><strong>8. Mon compte<\/strong><\/h2>\n<p><em><strong>Q : Pourquoi cr\u00e9er un compte sur Campings.com ?\u00a0<\/strong><\/em><\/p>\n<p><em><strong>Q : Comment cr\u00e9er un compte ?\u00a0<\/strong><\/em><\/p>\n<p><em><strong>Q : Qu&rsquo;est-ce que le Club Avantages ?\u00a0<\/strong><\/em><\/p>\n<p><em><strong>Q : Comment b\u00e9n\u00e9ficier des remises suppl\u00e9mentaires li\u00e9es au Club Avantages ?\u00a0<\/strong><\/em><\/p>\n","protected":false},"excerpt":{"rendered":"<p>Menu de la FAQ Infos Covid-19 Avoir Covid-19 Effectuer une r\u00e9servation Moyens de Paiement Suivre \/ Modifier \/ Annuler une r\u00e9servation Mon s\u00e9jour Apr\u00e8s mon s\u00e9jour Mon Compte 1. Infos Covid-19 Q : J&rsquo;ai r\u00e9serv\u00e9 un s\u00e9jour jusqu&rsquo;au 02 mai 2021 inclus, que dois-je faire ?\u00a0 R : Suite aux derni\u00e8res annonces gouvernementales pour freiner [&hellip;]<\/p>\n","protected":false},"author":2,"featured_media":0,"parent":0,"menu_order":0,"comment_status":"closed","ping_status":"closed","template":"template-onecolumn.php","meta":{"_acf_changed":false,"footnotes":""},"class_list":["post-2376","page","type-page","status-publish","hentry"],"acf":[],"yoast_head":"<!-- This site is optimized with the Yoast SEO plugin v27.1.1 - https:\/\/yoast.com\/product\/yoast-seo-wordpress\/ -->\n<title>Foire aux Questions -<\/title>\n<meta name=\"robots\" content=\"index, follow, max-snippet:-1, max-image-preview:large, max-video-preview:-1\" \/>\n<link rel=\"canonical\" href=\"https:\/\/www.campings.com\/fr\/content\/foire-aux-questions\/\" \/>\n<meta property=\"og:locale\" content=\"fr_FR\" \/>\n<meta property=\"og:type\" content=\"article\" \/>\n<meta property=\"og:title\" content=\"Foire aux Questions -\" \/>\n<meta property=\"og:description\" content=\"Menu de la FAQ Infos Covid-19 Avoir Covid-19 Effectuer une r\u00e9servation Moyens de Paiement Suivre \/ Modifier \/ Annuler une r\u00e9servation Mon s\u00e9jour Apr\u00e8s mon s\u00e9jour Mon Compte 1. Infos Covid-19 Q : J&rsquo;ai r\u00e9serv\u00e9 un s\u00e9jour jusqu&rsquo;au 02 mai 2021 inclus, que dois-je faire ?\u00a0 R : Suite aux derni\u00e8res annonces gouvernementales pour freiner [&hellip;]\" \/>\n<meta property=\"og:url\" content=\"https:\/\/www.campings.com\/fr\/content\/foire-aux-questions\/\" \/>\n<meta property=\"article:modified_time\" content=\"2021-04-13T17:45:12+00:00\" \/>\n<meta name=\"twitter:card\" content=\"summary_large_image\" \/>\n<meta name=\"twitter:label1\" content=\"Dur\u00e9e de lecture estim\u00e9e\" \/>\n\t<meta name=\"twitter:data1\" content=\"6 minutes\" \/>\n<script type=\"application\/ld+json\" class=\"yoast-schema-graph\">{\"@context\":\"https:\/\/schema.org\",\"@graph\":[{\"@type\":\"WebPage\",\"@id\":\"https:\/\/www.campings.com\/fr\/content\/foire-aux-questions\/\",\"url\":\"https:\/\/www.campings.com\/fr\/content\/foire-aux-questions\/\",\"name\":\"Foire aux Questions -\",\"isPartOf\":{\"@id\":\"https:\/\/www.campings.com\/fr\/content\/#website\"},\"datePublished\":\"2021-04-12T17:19:44+00:00\",\"dateModified\":\"2021-04-13T17:45:12+00:00\",\"breadcrumb\":{\"@id\":\"https:\/\/www.campings.com\/fr\/content\/foire-aux-questions\/#breadcrumb\"},\"inLanguage\":\"fr-FR\",\"potentialAction\":[{\"@type\":\"ReadAction\",\"target\":[\"https:\/\/www.campings.com\/fr\/content\/foire-aux-questions\/\"]}]},{\"@type\":\"BreadcrumbList\",\"@id\":\"https:\/\/www.campings.com\/fr\/content\/foire-aux-questions\/#breadcrumb\",\"itemListElement\":[{\"@type\":\"ListItem\",\"position\":1,\"name\":\"Home\",\"item\":\"https:\/\/www.campings.com\/fr\/content\/\"},{\"@type\":\"ListItem\",\"position\":2,\"name\":\"Foire aux Questions\"}]},{\"@type\":\"WebSite\",\"@id\":\"https:\/\/www.campings.com\/fr\/content\/#website\",\"url\":\"https:\/\/www.campings.com\/fr\/content\/\",\"name\":\"\",\"description\":\"\",\"publisher\":{\"@id\":\"https:\/\/www.campings.com\/fr\/content\/#organization\"},\"potentialAction\":[{\"@type\":\"SearchAction\",\"target\":{\"@type\":\"EntryPoint\",\"urlTemplate\":\"https:\/\/www.campings.com\/fr\/content\/?s={search_term_string}\"},\"query-input\":{\"@type\":\"PropertyValueSpecification\",\"valueRequired\":true,\"valueName\":\"search_term_string\"}}],\"inLanguage\":\"fr-FR\"},{\"@type\":\"Organization\",\"@id\":\"https:\/\/www.campings.com\/fr\/content\/#organization\",\"name\":\"CAMPINGS.COM\",\"url\":\"https:\/\/www.campings.com\/fr\/content\/\",\"logo\":{\"@type\":\"ImageObject\",\"inLanguage\":\"fr-FR\",\"@id\":\"https:\/\/www.campings.com\/fr\/content\/#\/schema\/logo\/image\/\",\"url\":\"https:\/\/www.campings.com\/fr\/content\/wp-content\/uploads\/2019\/01\/cropped-logo-1.png\",\"contentUrl\":\"https:\/\/www.campings.com\/fr\/content\/wp-content\/uploads\/2019\/01\/cropped-logo-1.png\",\"width\":174,\"height\":42,\"caption\":\"CAMPINGS.COM\"},\"image\":{\"@id\":\"https:\/\/www.campings.com\/fr\/content\/#\/schema\/logo\/image\/\"}}]}<\/script>\n<!-- \/ Yoast SEO plugin. -->","yoast_head_json":{"title":"Foire aux Questions -","robots":{"index":"index","follow":"follow","max-snippet":"max-snippet:-1","max-image-preview":"max-image-preview:large","max-video-preview":"max-video-preview:-1"},"canonical":"https:\/\/www.campings.com\/fr\/content\/foire-aux-questions\/","og_locale":"fr_FR","og_type":"article","og_title":"Foire aux Questions -","og_description":"Menu de la FAQ Infos Covid-19 Avoir Covid-19 Effectuer une r\u00e9servation Moyens de Paiement Suivre \/ Modifier \/ Annuler une r\u00e9servation Mon s\u00e9jour Apr\u00e8s mon s\u00e9jour Mon Compte 1. Infos Covid-19 Q : J&rsquo;ai r\u00e9serv\u00e9 un s\u00e9jour jusqu&rsquo;au 02 mai 2021 inclus, que dois-je faire ?\u00a0 R : Suite aux derni\u00e8res annonces gouvernementales pour freiner [&hellip;]","og_url":"https:\/\/www.campings.com\/fr\/content\/foire-aux-questions\/","article_modified_time":"2021-04-13T17:45:12+00:00","twitter_card":"summary_large_image","twitter_misc":{"Dur\u00e9e de lecture estim\u00e9e":"6 minutes"},"schema":{"@context":"https:\/\/schema.org","@graph":[{"@type":"WebPage","@id":"https:\/\/www.campings.com\/fr\/content\/foire-aux-questions\/","url":"https:\/\/www.campings.com\/fr\/content\/foire-aux-questions\/","name":"Foire aux Questions -","isPartOf":{"@id":"https:\/\/www.campings.com\/fr\/content\/#website"},"datePublished":"2021-04-12T17:19:44+00:00","dateModified":"2021-04-13T17:45:12+00:00","breadcrumb":{"@id":"https:\/\/www.campings.com\/fr\/content\/foire-aux-questions\/#breadcrumb"},"inLanguage":"fr-FR","potentialAction":[{"@type":"ReadAction","target":["https:\/\/www.campings.com\/fr\/content\/foire-aux-questions\/"]}]},{"@type":"BreadcrumbList","@id":"https:\/\/www.campings.com\/fr\/content\/foire-aux-questions\/#breadcrumb","itemListElement":[{"@type":"ListItem","position":1,"name":"Home","item":"https:\/\/www.campings.com\/fr\/content\/"},{"@type":"ListItem","position":2,"name":"Foire aux Questions"}]},{"@type":"WebSite","@id":"https:\/\/www.campings.com\/fr\/content\/#website","url":"https:\/\/www.campings.com\/fr\/content\/","name":"","description":"","publisher":{"@id":"https:\/\/www.campings.com\/fr\/content\/#organization"},"potentialAction":[{"@type":"SearchAction","target":{"@type":"EntryPoint","urlTemplate":"https:\/\/www.campings.com\/fr\/content\/?s={search_term_string}"},"query-input":{"@type":"PropertyValueSpecification","valueRequired":true,"valueName":"search_term_string"}}],"inLanguage":"fr-FR"},{"@type":"Organization","@id":"https:\/\/www.campings.com\/fr\/content\/#organization","name":"CAMPINGS.COM","url":"https:\/\/www.campings.com\/fr\/content\/","logo":{"@type":"ImageObject","inLanguage":"fr-FR","@id":"https:\/\/www.campings.com\/fr\/content\/#\/schema\/logo\/image\/","url":"https:\/\/www.campings.com\/fr\/content\/wp-content\/uploads\/2019\/01\/cropped-logo-1.png","contentUrl":"https:\/\/www.campings.com\/fr\/content\/wp-content\/uploads\/2019\/01\/cropped-logo-1.png","width":174,"height":42,"caption":"CAMPINGS.COM"},"image":{"@id":"https:\/\/www.campings.com\/fr\/content\/#\/schema\/logo\/image\/"}}]}},"_links":{"self":[{"href":"https:\/\/www.campings.com\/fr\/content\/wp-json\/wp\/v2\/pages\/2376","targetHints":{"allow":["GET"]}}],"collection":[{"href":"https:\/\/www.campings.com\/fr\/content\/wp-json\/wp\/v2\/pages"}],"about":[{"href":"https:\/\/www.campings.com\/fr\/content\/wp-json\/wp\/v2\/types\/page"}],"author":[{"embeddable":true,"href":"https:\/\/www.campings.com\/fr\/content\/wp-json\/wp\/v2\/users\/2"}],"replies":[{"embeddable":true,"href":"https:\/\/www.campings.com\/fr\/content\/wp-json\/wp\/v2\/comments?post=2376"}],"version-history":[{"count":21,"href":"https:\/\/www.campings.com\/fr\/content\/wp-json\/wp\/v2\/pages\/2376\/revisions"}],"predecessor-version":[{"id":2397,"href":"https:\/\/www.campings.com\/fr\/content\/wp-json\/wp\/v2\/pages\/2376\/revisions\/2397"}],"wp:attachment":[{"href":"https:\/\/www.campings.com\/fr\/content\/wp-json\/wp\/v2\/media?parent=2376"}],"curies":[{"name":"wp","href":"https:\/\/api.w.org\/{rel}","templated":true}]}}