{"id":2263,"date":"2021-03-18T17:06:12","date_gmt":"2021-03-18T17:06:12","guid":{"rendered":"https:\/\/www.campings.com\/fr\/content\/?page_id=2263"},"modified":"2025-03-21T11:54:43","modified_gmt":"2025-03-21T10:54:43","slug":"cgos-conditions-offres","status":"publish","type":"page","link":"https:\/\/www.campings.com\/fr\/content\/cgos-conditions-offres\/","title":{"rendered":"Conditions des Offres Sp\u00e9ciales &#8211; CGOS"},"content":{"rendered":"<p>Aucune offres sp\u00e9ciales n&rsquo;est actuellement en cours.<\/p>\n<hr \/>\n<h4>Annulation hors offres sp\u00e9ciales<\/h4>\n<p>Pour les conditions de modification ou d&rsquo;annulation, veuillez vous r\u00e9f\u00e9rer aux <a href=\"https:\/\/www.campings.com\/cgos\/conditions-of-sale\">conditions g\u00e9n\u00e9rales de vente<\/a>.<\/p>\n<p>&nbsp;<\/p>\n","protected":false},"excerpt":{"rendered":"<p>Aucune offres sp\u00e9ciales n&rsquo;est actuellement en cours. Annulation hors offres sp\u00e9ciales Pour les conditions de modification ou d&rsquo;annulation, veuillez vous r\u00e9f\u00e9rer aux conditions g\u00e9n\u00e9rales de vente. &nbsp;<\/p>\n","protected":false},"author":16,"featured_media":0,"parent":0,"menu_order":0,"comment_status":"closed","ping_status":"closed","template":"template-onecolumn.php","meta":{"_acf_changed":false,"footnotes":""},"class_list":["post-2263","page","type-page","status-publish","hentry"],"acf":[],"yoast_head":"<!-- This site is optimized with the Yoast SEO plugin v27.1.1 - https:\/\/yoast.com\/product\/yoast-seo-wordpress\/ -->\n<title>Conditions des Offres Sp\u00e9ciales - CGOS -<\/title>\n<meta name=\"robots\" content=\"index, follow, max-snippet:-1, max-image-preview:large, max-video-preview:-1\" \/>\n<link rel=\"canonical\" href=\"https:\/\/www.campings.com\/fr\/content\/cgos-conditions-offres\/\" \/>\n<meta property=\"og:locale\" content=\"fr_FR\" \/>\n<meta property=\"og:type\" content=\"article\" \/>\n<meta property=\"og:title\" content=\"Conditions des Offres Sp\u00e9ciales - CGOS -\" \/>\n<meta property=\"og:description\" content=\"Aucune offres sp\u00e9ciales n&rsquo;est actuellement en cours. Annulation hors offres sp\u00e9ciales Pour les conditions de modification ou d&rsquo;annulation, veuillez vous r\u00e9f\u00e9rer aux conditions g\u00e9n\u00e9rales de vente. &nbsp;\" \/>\n<meta property=\"og:url\" content=\"https:\/\/www.campings.com\/fr\/content\/cgos-conditions-offres\/\" \/>\n<meta property=\"article:modified_time\" content=\"2025-03-21T10:54:43+00:00\" \/>\n<meta name=\"twitter:card\" content=\"summary_large_image\" \/>\n<script type=\"application\/ld+json\" class=\"yoast-schema-graph\">{\"@context\":\"https:\/\/schema.org\",\"@graph\":[{\"@type\":\"WebPage\",\"@id\":\"https:\/\/www.campings.com\/fr\/content\/cgos-conditions-offres\/\",\"url\":\"https:\/\/www.campings.com\/fr\/content\/cgos-conditions-offres\/\",\"name\":\"Conditions des Offres Sp\u00e9ciales - CGOS -\",\"isPartOf\":{\"@id\":\"https:\/\/www.campings.com\/fr\/content\/#website\"},\"datePublished\":\"2021-03-18T17:06:12+00:00\",\"dateModified\":\"2025-03-21T10:54:43+00:00\",\"breadcrumb\":{\"@id\":\"https:\/\/www.campings.com\/fr\/content\/cgos-conditions-offres\/#breadcrumb\"},\"inLanguage\":\"fr-FR\",\"potentialAction\":[{\"@type\":\"ReadAction\",\"target\":[\"https:\/\/www.campings.com\/fr\/content\/cgos-conditions-offres\/\"]}]},{\"@type\":\"BreadcrumbList\",\"@id\":\"https:\/\/www.campings.com\/fr\/content\/cgos-conditions-offres\/#breadcrumb\",\"itemListElement\":[{\"@type\":\"ListItem\",\"position\":1,\"name\":\"Home\",\"item\":\"https:\/\/www.campings.com\/fr\/content\/\"},{\"@type\":\"ListItem\",\"position\":2,\"name\":\"Conditions des Offres Sp\u00e9ciales &#8211; CGOS\"}]},{\"@type\":\"WebSite\",\"@id\":\"https:\/\/www.campings.com\/fr\/content\/#website\",\"url\":\"https:\/\/www.campings.com\/fr\/content\/\",\"name\":\"\",\"description\":\"\",\"publisher\":{\"@id\":\"https:\/\/www.campings.com\/fr\/content\/#organization\"},\"potentialAction\":[{\"@type\":\"SearchAction\",\"target\":{\"@type\":\"EntryPoint\",\"urlTemplate\":\"https:\/\/www.campings.com\/fr\/content\/?s={search_term_string}\"},\"query-input\":{\"@type\":\"PropertyValueSpecification\",\"valueRequired\":true,\"valueName\":\"search_term_string\"}}],\"inLanguage\":\"fr-FR\"},{\"@type\":\"Organization\",\"@id\":\"https:\/\/www.campings.com\/fr\/content\/#organization\",\"name\":\"CAMPINGS.COM\",\"url\":\"https:\/\/www.campings.com\/fr\/content\/\",\"logo\":{\"@type\":\"ImageObject\",\"inLanguage\":\"fr-FR\",\"@id\":\"https:\/\/www.campings.com\/fr\/content\/#\/schema\/logo\/image\/\",\"url\":\"https:\/\/www.campings.com\/fr\/content\/wp-content\/uploads\/2019\/01\/cropped-logo-1.png\",\"contentUrl\":\"https:\/\/www.campings.com\/fr\/content\/wp-content\/uploads\/2019\/01\/cropped-logo-1.png\",\"width\":174,\"height\":42,\"caption\":\"CAMPINGS.COM\"},\"image\":{\"@id\":\"https:\/\/www.campings.com\/fr\/content\/#\/schema\/logo\/image\/\"}}]}<\/script>\n<!-- \/ Yoast SEO plugin. -->","yoast_head_json":{"title":"Conditions des Offres Sp\u00e9ciales - CGOS -","robots":{"index":"index","follow":"follow","max-snippet":"max-snippet:-1","max-image-preview":"max-image-preview:large","max-video-preview":"max-video-preview:-1"},"canonical":"https:\/\/www.campings.com\/fr\/content\/cgos-conditions-offres\/","og_locale":"fr_FR","og_type":"article","og_title":"Conditions des Offres Sp\u00e9ciales - CGOS -","og_description":"Aucune offres sp\u00e9ciales n&rsquo;est actuellement en cours. Annulation hors offres sp\u00e9ciales Pour les conditions de modification ou d&rsquo;annulation, veuillez vous r\u00e9f\u00e9rer aux conditions g\u00e9n\u00e9rales de vente. &nbsp;","og_url":"https:\/\/www.campings.com\/fr\/content\/cgos-conditions-offres\/","article_modified_time":"2025-03-21T10:54:43+00:00","twitter_card":"summary_large_image","schema":{"@context":"https:\/\/schema.org","@graph":[{"@type":"WebPage","@id":"https:\/\/www.campings.com\/fr\/content\/cgos-conditions-offres\/","url":"https:\/\/www.campings.com\/fr\/content\/cgos-conditions-offres\/","name":"Conditions des Offres Sp\u00e9ciales - CGOS -","isPartOf":{"@id":"https:\/\/www.campings.com\/fr\/content\/#website"},"datePublished":"2021-03-18T17:06:12+00:00","dateModified":"2025-03-21T10:54:43+00:00","breadcrumb":{"@id":"https:\/\/www.campings.com\/fr\/content\/cgos-conditions-offres\/#breadcrumb"},"inLanguage":"fr-FR","potentialAction":[{"@type":"ReadAction","target":["https:\/\/www.campings.com\/fr\/content\/cgos-conditions-offres\/"]}]},{"@type":"BreadcrumbList","@id":"https:\/\/www.campings.com\/fr\/content\/cgos-conditions-offres\/#breadcrumb","itemListElement":[{"@type":"ListItem","position":1,"name":"Home","item":"https:\/\/www.campings.com\/fr\/content\/"},{"@type":"ListItem","position":2,"name":"Conditions des Offres Sp\u00e9ciales &#8211; CGOS"}]},{"@type":"WebSite","@id":"https:\/\/www.campings.com\/fr\/content\/#website","url":"https:\/\/www.campings.com\/fr\/content\/","name":"","description":"","publisher":{"@id":"https:\/\/www.campings.com\/fr\/content\/#organization"},"potentialAction":[{"@type":"SearchAction","target":{"@type":"EntryPoint","urlTemplate":"https:\/\/www.campings.com\/fr\/content\/?s={search_term_string}"},"query-input":{"@type":"PropertyValueSpecification","valueRequired":true,"valueName":"search_term_string"}}],"inLanguage":"fr-FR"},{"@type":"Organization","@id":"https:\/\/www.campings.com\/fr\/content\/#organization","name":"CAMPINGS.COM","url":"https:\/\/www.campings.com\/fr\/content\/","logo":{"@type":"ImageObject","inLanguage":"fr-FR","@id":"https:\/\/www.campings.com\/fr\/content\/#\/schema\/logo\/image\/","url":"https:\/\/www.campings.com\/fr\/content\/wp-content\/uploads\/2019\/01\/cropped-logo-1.png","contentUrl":"https:\/\/www.campings.com\/fr\/content\/wp-content\/uploads\/2019\/01\/cropped-logo-1.png","width":174,"height":42,"caption":"CAMPINGS.COM"},"image":{"@id":"https:\/\/www.campings.com\/fr\/content\/#\/schema\/logo\/image\/"}}]}},"_links":{"self":[{"href":"https:\/\/www.campings.com\/fr\/content\/wp-json\/wp\/v2\/pages\/2263","targetHints":{"allow":["GET"]}}],"collection":[{"href":"https:\/\/www.campings.com\/fr\/content\/wp-json\/wp\/v2\/pages"}],"about":[{"href":"https:\/\/www.campings.com\/fr\/content\/wp-json\/wp\/v2\/types\/page"}],"author":[{"embeddable":true,"href":"https:\/\/www.campings.com\/fr\/content\/wp-json\/wp\/v2\/users\/16"}],"replies":[{"embeddable":true,"href":"https:\/\/www.campings.com\/fr\/content\/wp-json\/wp\/v2\/comments?post=2263"}],"version-history":[{"count":39,"href":"https:\/\/www.campings.com\/fr\/content\/wp-json\/wp\/v2\/pages\/2263\/revisions"}],"predecessor-version":[{"id":5154,"href":"https:\/\/www.campings.com\/fr\/content\/wp-json\/wp\/v2\/pages\/2263\/revisions\/5154"}],"wp:attachment":[{"href":"https:\/\/www.campings.com\/fr\/content\/wp-json\/wp\/v2\/media?parent=2263"}],"curies":[{"name":"wp","href":"https:\/\/api.w.org\/{rel}","templated":true}]}}