{"id":226,"date":"2019-03-15T13:30:11","date_gmt":"2019-03-15T13:30:11","guid":{"rendered":"https:\/\/www.campings.com\/fr\/content\/?page_id=226"},"modified":"2024-12-09T22:21:30","modified_gmt":"2024-12-09T21:21:30","slug":"guide-camping-languedoc","status":"publish","type":"page","link":"https:\/\/www.campings.com\/fr\/content\/guide-camping-languedoc\/","title":{"rendered":"Guide Camping Languedoc"},"content":{"rendered":"<p>C&rsquo;est un fait : avec 80 millions de touristes par an, la France est le pays le plus visit\u00e9 du monde. Certaines destinations ont plus la cote que d&rsquo;autres. C&rsquo;est notamment le cas du Languedoc Roussillon. Cette ravissante r\u00e9gion du sud de l&rsquo;Hexagone est pris\u00e9e autant par les visiteurs \u00e9trangers que par les Fran\u00e7ais eux-m\u00eames. Il faut dire que les attractions y sont nombreuses et diversifi\u00e9es. Symbole des vacances r\u00e9ussies, chaleureuses et conviviales, le camping en Languedoc Roussillon est particuli\u00e8rement d\u00e9velopp\u00e9. Il convient aussi bien aux familles en qu\u00eate de repos, qu&rsquo;aux groupes d&rsquo;amis souhaitant se retrouver dans un lieu d&rsquo;exception et aux couples \u00e0 la recherche d&rsquo;un peu de romantisme.<\/p>\n<p>Dans le Languedoc Roussillon, une attention toute particuli\u00e8re est port\u00e9e aux traditions ancestrales. C&rsquo;est d&rsquo;ailleurs ce qui fait le succ\u00e8s de la r\u00e9gion ! De l&rsquo;H\u00e9rault au Gard en passant par les Pyr\u00e9n\u00e9es-Orientales, le patrimoine culturel, la gastronomie et les coutumes continuent de jouer un r\u00f4le important. Pour le plus grand plaisir des vacanciers attir\u00e9s par la promesse de d\u00e9paysement.<\/p>\n<p>En partant en camping dans le Languedoc Roussillon, vous pouvez d\u00e9couvrir de belles stations baln\u00e9aires comme Argel\u00e8s-sur-Mer, des villes aux soir\u00e9es anim\u00e9es comme Vias et des coins beaucoup plus sauvages, notamment en Camargue. Tout est fait pour plaire au plus grand nombre ! N&rsquo;h\u00e9sitez plus, pour cet \u00e9t\u00e9, consultez notre large s\u00e9lection disponible en ligne et optez pour une location de mobil-home dans le Languedoc Roussillon. Vos proches ont bien m\u00e9rit\u00e9 un peu de d\u00e9tente au soleil !<\/p>\n","protected":false},"excerpt":{"rendered":"<p>C&rsquo;est un fait : avec 80 millions de touristes par an, la France est le pays le plus visit\u00e9 du monde. Certaines destinations ont plus la cote que d&rsquo;autres. C&rsquo;est notamment le cas du Languedoc Roussillon. Cette ravissante r\u00e9gion du sud de l&rsquo;Hexagone est pris\u00e9e autant par les visiteurs \u00e9trangers que par les Fran\u00e7ais eux-m\u00eames. [&hellip;]<\/p>\n","protected":false},"author":2,"featured_media":909,"parent":0,"menu_order":0,"comment_status":"closed","ping_status":"closed","template":"template-region.php","meta":{"_acf_changed":false,"footnotes":""},"class_list":["post-226","page","type-page","status-publish","has-post-thumbnail","hentry"],"acf":[],"yoast_head":"<!-- This site is optimized with the Yoast SEO plugin v27.1.1 - https:\/\/yoast.com\/product\/yoast-seo-wordpress\/ -->\n<title>Guide Camping Languedoc -<\/title>\n<meta name=\"robots\" content=\"index, follow, max-snippet:-1, max-image-preview:large, max-video-preview:-1\" \/>\n<link rel=\"canonical\" href=\"https:\/\/www.campings.com\/fr\/content\/guide-camping-languedoc\/\" \/>\n<meta property=\"og:locale\" content=\"fr_FR\" \/>\n<meta property=\"og:type\" content=\"article\" \/>\n<meta property=\"og:title\" content=\"Guide Camping Languedoc -\" \/>\n<meta property=\"og:description\" content=\"C&rsquo;est un fait : avec 80 millions de touristes par an, la France est le pays le plus visit\u00e9 du monde. Certaines destinations ont plus la cote que d&rsquo;autres. C&rsquo;est notamment le cas du Languedoc Roussillon. Cette ravissante r\u00e9gion du sud de l&rsquo;Hexagone est pris\u00e9e autant par les visiteurs \u00e9trangers que par les Fran\u00e7ais eux-m\u00eames. [&hellip;]\" \/>\n<meta property=\"og:url\" content=\"https:\/\/www.campings.com\/fr\/content\/guide-camping-languedoc\/\" \/>\n<meta property=\"article:modified_time\" content=\"2024-12-09T21:21:30+00:00\" \/>\n<meta property=\"og:image\" content=\"https:\/\/www.campings.com\/fr\/content\/wp-content\/uploads\/2019\/03\/Languedoc.jpg\" \/>\n\t<meta property=\"og:image:width\" content=\"1670\" \/>\n\t<meta property=\"og:image:height\" content=\"650\" \/>\n\t<meta property=\"og:image:type\" content=\"image\/jpeg\" \/>\n<meta name=\"twitter:card\" content=\"summary_large_image\" \/>\n<meta name=\"twitter:label1\" content=\"Dur\u00e9e de lecture estim\u00e9e\" \/>\n\t<meta name=\"twitter:data1\" content=\"1 minute\" \/>\n<script type=\"application\/ld+json\" class=\"yoast-schema-graph\">{\"@context\":\"https:\/\/schema.org\",\"@graph\":[{\"@type\":\"WebPage\",\"@id\":\"https:\/\/www.campings.com\/fr\/content\/guide-camping-languedoc\/\",\"url\":\"https:\/\/www.campings.com\/fr\/content\/guide-camping-languedoc\/\",\"name\":\"Guide Camping Languedoc -\",\"isPartOf\":{\"@id\":\"https:\/\/www.campings.com\/fr\/content\/#website\"},\"primaryImageOfPage\":{\"@id\":\"https:\/\/www.campings.com\/fr\/content\/guide-camping-languedoc\/#primaryimage\"},\"image\":{\"@id\":\"https:\/\/www.campings.com\/fr\/content\/guide-camping-languedoc\/#primaryimage\"},\"thumbnailUrl\":\"https:\/\/www.campings.com\/fr\/content\/wp-content\/uploads\/2019\/03\/Languedoc.jpg\",\"datePublished\":\"2019-03-15T13:30:11+00:00\",\"dateModified\":\"2024-12-09T21:21:30+00:00\",\"breadcrumb\":{\"@id\":\"https:\/\/www.campings.com\/fr\/content\/guide-camping-languedoc\/#breadcrumb\"},\"inLanguage\":\"fr-FR\",\"potentialAction\":[{\"@type\":\"ReadAction\",\"target\":[\"https:\/\/www.campings.com\/fr\/content\/guide-camping-languedoc\/\"]}]},{\"@type\":\"ImageObject\",\"inLanguage\":\"fr-FR\",\"@id\":\"https:\/\/www.campings.com\/fr\/content\/guide-camping-languedoc\/#primaryimage\",\"url\":\"https:\/\/www.campings.com\/fr\/content\/wp-content\/uploads\/2019\/03\/Languedoc.jpg\",\"contentUrl\":\"https:\/\/www.campings.com\/fr\/content\/wp-content\/uploads\/2019\/03\/Languedoc.jpg\",\"width\":1670,\"height\":650},{\"@type\":\"BreadcrumbList\",\"@id\":\"https:\/\/www.campings.com\/fr\/content\/guide-camping-languedoc\/#breadcrumb\",\"itemListElement\":[{\"@type\":\"ListItem\",\"position\":1,\"name\":\"Home\",\"item\":\"https:\/\/www.campings.com\/fr\/content\/\"},{\"@type\":\"ListItem\",\"position\":2,\"name\":\"Guide Camping Languedoc\"}]},{\"@type\":\"WebSite\",\"@id\":\"https:\/\/www.campings.com\/fr\/content\/#website\",\"url\":\"https:\/\/www.campings.com\/fr\/content\/\",\"name\":\"\",\"description\":\"\",\"publisher\":{\"@id\":\"https:\/\/www.campings.com\/fr\/content\/#organization\"},\"potentialAction\":[{\"@type\":\"SearchAction\",\"target\":{\"@type\":\"EntryPoint\",\"urlTemplate\":\"https:\/\/www.campings.com\/fr\/content\/?s={search_term_string}\"},\"query-input\":{\"@type\":\"PropertyValueSpecification\",\"valueRequired\":true,\"valueName\":\"search_term_string\"}}],\"inLanguage\":\"fr-FR\"},{\"@type\":\"Organization\",\"@id\":\"https:\/\/www.campings.com\/fr\/content\/#organization\",\"name\":\"CAMPINGS.COM\",\"url\":\"https:\/\/www.campings.com\/fr\/content\/\",\"logo\":{\"@type\":\"ImageObject\",\"inLanguage\":\"fr-FR\",\"@id\":\"https:\/\/www.campings.com\/fr\/content\/#\/schema\/logo\/image\/\",\"url\":\"https:\/\/www.campings.com\/fr\/content\/wp-content\/uploads\/2019\/01\/cropped-logo-1.png\",\"contentUrl\":\"https:\/\/www.campings.com\/fr\/content\/wp-content\/uploads\/2019\/01\/cropped-logo-1.png\",\"width\":174,\"height\":42,\"caption\":\"CAMPINGS.COM\"},\"image\":{\"@id\":\"https:\/\/www.campings.com\/fr\/content\/#\/schema\/logo\/image\/\"}}]}<\/script>\n<!-- \/ Yoast SEO plugin. -->","yoast_head_json":{"title":"Guide Camping Languedoc -","robots":{"index":"index","follow":"follow","max-snippet":"max-snippet:-1","max-image-preview":"max-image-preview:large","max-video-preview":"max-video-preview:-1"},"canonical":"https:\/\/www.campings.com\/fr\/content\/guide-camping-languedoc\/","og_locale":"fr_FR","og_type":"article","og_title":"Guide Camping Languedoc -","og_description":"C&rsquo;est un fait : avec 80 millions de touristes par an, la France est le pays le plus visit\u00e9 du monde. Certaines destinations ont plus la cote que d&rsquo;autres. C&rsquo;est notamment le cas du Languedoc Roussillon. Cette ravissante r\u00e9gion du sud de l&rsquo;Hexagone est pris\u00e9e autant par les visiteurs \u00e9trangers que par les Fran\u00e7ais eux-m\u00eames. [&hellip;]","og_url":"https:\/\/www.campings.com\/fr\/content\/guide-camping-languedoc\/","article_modified_time":"2024-12-09T21:21:30+00:00","og_image":[{"width":1670,"height":650,"url":"https:\/\/www.campings.com\/fr\/content\/wp-content\/uploads\/2019\/03\/Languedoc.jpg","type":"image\/jpeg"}],"twitter_card":"summary_large_image","twitter_misc":{"Dur\u00e9e de lecture estim\u00e9e":"1 minute"},"schema":{"@context":"https:\/\/schema.org","@graph":[{"@type":"WebPage","@id":"https:\/\/www.campings.com\/fr\/content\/guide-camping-languedoc\/","url":"https:\/\/www.campings.com\/fr\/content\/guide-camping-languedoc\/","name":"Guide Camping Languedoc -","isPartOf":{"@id":"https:\/\/www.campings.com\/fr\/content\/#website"},"primaryImageOfPage":{"@id":"https:\/\/www.campings.com\/fr\/content\/guide-camping-languedoc\/#primaryimage"},"image":{"@id":"https:\/\/www.campings.com\/fr\/content\/guide-camping-languedoc\/#primaryimage"},"thumbnailUrl":"https:\/\/www.campings.com\/fr\/content\/wp-content\/uploads\/2019\/03\/Languedoc.jpg","datePublished":"2019-03-15T13:30:11+00:00","dateModified":"2024-12-09T21:21:30+00:00","breadcrumb":{"@id":"https:\/\/www.campings.com\/fr\/content\/guide-camping-languedoc\/#breadcrumb"},"inLanguage":"fr-FR","potentialAction":[{"@type":"ReadAction","target":["https:\/\/www.campings.com\/fr\/content\/guide-camping-languedoc\/"]}]},{"@type":"ImageObject","inLanguage":"fr-FR","@id":"https:\/\/www.campings.com\/fr\/content\/guide-camping-languedoc\/#primaryimage","url":"https:\/\/www.campings.com\/fr\/content\/wp-content\/uploads\/2019\/03\/Languedoc.jpg","contentUrl":"https:\/\/www.campings.com\/fr\/content\/wp-content\/uploads\/2019\/03\/Languedoc.jpg","width":1670,"height":650},{"@type":"BreadcrumbList","@id":"https:\/\/www.campings.com\/fr\/content\/guide-camping-languedoc\/#breadcrumb","itemListElement":[{"@type":"ListItem","position":1,"name":"Home","item":"https:\/\/www.campings.com\/fr\/content\/"},{"@type":"ListItem","position":2,"name":"Guide Camping Languedoc"}]},{"@type":"WebSite","@id":"https:\/\/www.campings.com\/fr\/content\/#website","url":"https:\/\/www.campings.com\/fr\/content\/","name":"","description":"","publisher":{"@id":"https:\/\/www.campings.com\/fr\/content\/#organization"},"potentialAction":[{"@type":"SearchAction","target":{"@type":"EntryPoint","urlTemplate":"https:\/\/www.campings.com\/fr\/content\/?s={search_term_string}"},"query-input":{"@type":"PropertyValueSpecification","valueRequired":true,"valueName":"search_term_string"}}],"inLanguage":"fr-FR"},{"@type":"Organization","@id":"https:\/\/www.campings.com\/fr\/content\/#organization","name":"CAMPINGS.COM","url":"https:\/\/www.campings.com\/fr\/content\/","logo":{"@type":"ImageObject","inLanguage":"fr-FR","@id":"https:\/\/www.campings.com\/fr\/content\/#\/schema\/logo\/image\/","url":"https:\/\/www.campings.com\/fr\/content\/wp-content\/uploads\/2019\/01\/cropped-logo-1.png","contentUrl":"https:\/\/www.campings.com\/fr\/content\/wp-content\/uploads\/2019\/01\/cropped-logo-1.png","width":174,"height":42,"caption":"CAMPINGS.COM"},"image":{"@id":"https:\/\/www.campings.com\/fr\/content\/#\/schema\/logo\/image\/"}}]}},"_links":{"self":[{"href":"https:\/\/www.campings.com\/fr\/content\/wp-json\/wp\/v2\/pages\/226","targetHints":{"allow":["GET"]}}],"collection":[{"href":"https:\/\/www.campings.com\/fr\/content\/wp-json\/wp\/v2\/pages"}],"about":[{"href":"https:\/\/www.campings.com\/fr\/content\/wp-json\/wp\/v2\/types\/page"}],"author":[{"embeddable":true,"href":"https:\/\/www.campings.com\/fr\/content\/wp-json\/wp\/v2\/users\/2"}],"replies":[{"embeddable":true,"href":"https:\/\/www.campings.com\/fr\/content\/wp-json\/wp\/v2\/comments?post=226"}],"version-history":[{"count":37,"href":"https:\/\/www.campings.com\/fr\/content\/wp-json\/wp\/v2\/pages\/226\/revisions"}],"predecessor-version":[{"id":4830,"href":"https:\/\/www.campings.com\/fr\/content\/wp-json\/wp\/v2\/pages\/226\/revisions\/4830"}],"wp:featuredmedia":[{"embeddable":true,"href":"https:\/\/www.campings.com\/fr\/content\/wp-json\/wp\/v2\/media\/909"}],"wp:attachment":[{"href":"https:\/\/www.campings.com\/fr\/content\/wp-json\/wp\/v2\/media?parent=226"}],"curies":[{"name":"wp","href":"https:\/\/api.w.org\/{rel}","templated":true}]}}