{"id":2095,"date":"2021-01-29T11:46:59","date_gmt":"2021-01-29T11:46:59","guid":{"rendered":"https:\/\/www.campings.com\/fr\/content\/?page_id=2095"},"modified":"2021-01-31T23:15:57","modified_gmt":"2021-01-31T23:15:57","slug":"10-conseils-bien-preparer-ses-vacances-camping","status":"publish","type":"page","link":"https:\/\/www.campings.com\/fr\/content\/10-conseils-bien-preparer-ses-vacances-camping\/","title":{"rendered":"Pr\u00e9parer ses vacances en camping\u00a0: 10 conseils \u00e0 conna\u00eetre"},"content":{"rendered":"<p>Chaque ann\u00e9e, un grand nombre de Fran\u00e7ais choisissent le camping pour leurs vacances. Il faut dire que ce mode de s\u00e9jour a su conserver tout son charme au fil du temps, notamment parce qu&rsquo;il nous rapproche de la nature et des autres. S&rsquo;il y a ceux qui sont adeptes du camping sauvage ou \u00e0 la belle \u00e9toile, d&rsquo;autres pr\u00e9f\u00e8rent tout de m\u00eame piocher parmi les h\u00e9bergements les mieux \u00e9quip\u00e9s de leur destination. A ce titre, il faut par exemple savoir que les campings\u00a04 ou 5 \u00e9toiles ne sont plus si chers que par le pass\u00e9, et que leurs prix sont g\u00e9n\u00e9ralement tr\u00e8s abordables pour le budget d&rsquo;une famille.<\/p>\n<p>Peu importe le type de camping qui vous correspond, <a href=\"https:\/\/www.campings.com\/fr\/content\/tout-savoir-sur-le-camping\/comment-s-organiser-pour-partir-en-camping\/\">une bonne pr\u00e9paration<\/a> s&rsquo;impose pour ne manquer de rien pendant vos vacances. Afin de vous aider \u00e0 vous organiser et \u00e0 rassembler <strong>les indispensables du camping<\/strong>, voici 10 conseils \u00e0 conna\u00eetre.<\/p>\n<p><img decoding=\"async\" class=\"img-responsive\" src=\"https:\/\/www.campings.com\/fr\/content\/wp-content\/uploads\/2021\/01\/10-conseils-bien-preparer-ses-vacances-camping.jpg\" alt=\"10 conseils pour bien pr\u00e9parer ses vacances en camping-1\" \/><\/p>\n<h2>R\u00e9server votre s\u00e9jour en camping \u00e0 l&rsquo;avance<\/h2>\n<p>Parmi les premiers conseils \u00e0 suivre pour votre s\u00e9jour en camping, celui de <strong>ne pas vous y prendre \u00e0 la derni\u00e8re minute <\/strong>avant de trouver le lieu de vos vacances est sans doute le plus judicieux. En effet, malgr\u00e9 la multitude d&rsquo;h\u00e9bergements qui existent, les r\u00e9servations vont bon train en haute saison. Plus vous attendez pour r\u00e9server votre s\u00e9jour en camping, plus vous prenez le risque de vous contenter d&rsquo;un \u00e9tablissement de moindre qualit\u00e9.<\/p>\n<h2>Bien choisir votre camping pour les vacances<\/h2>\n<p>Avant de r\u00e9server votre camping, il est primordial de recenser les crit\u00e8res qui vous importent, sous peine de passer de mauvaises vacances. C&rsquo;est donc \u00e0 cette \u00e9tape que vous devez r\u00e9pondre \u00e0 certaines questions, comme\u00a0:<\/p>\n<ul>\n<li>le budget que vous avez\u00a0;<\/li>\n<li>le type de camping que votre budget vous permet\u00a0;<\/li>\n<li>le lieu o\u00f9 vous souhaitez partir\u00a0;<\/li>\n<li>les \u00e9quipements et services qui vous semblent indispensables.<\/li>\n<\/ul>\n<p>Gardez \u00e0 l&rsquo;esprit que <strong>le nombre d&rsquo;\u00e9toiles d&rsquo;un camping<\/strong> d\u00e9termine la qualit\u00e9 de sa prestation, qu&rsquo;il s&rsquo;agisse des h\u00e9bergements en eux-m\u00eames, de l&rsquo;environnement imm\u00e9diat, des \u00e9quipements et activit\u00e9s propos\u00e9es, etc. Plus un camping poss\u00e8de d&rsquo;\u00e9toiles, plus il propose des services hauts de gamme \u00e0 ses clients. Enfin, pensez \u00e0 tenir compte des avis et conseils laiss\u00e9s sur internet, car derri\u00e8re les belles photos promotionnelles, certains campings se r\u00e9v\u00e8lent parfois bien diff\u00e9rents de ce qui vous avait \u00e9t\u00e9 annonc\u00e9.<\/p>\n<h2>Pr\u00e9parer votre valise quelques jours avant le d\u00e9part<\/h2>\n<p>Afin de ne rien oublier pour vos vacances, faire votre valise quelques jours avant le d\u00e9part est une id\u00e9e judicieuse. En effet, <strong>camper ne s&rsquo;improvise pas<\/strong>, peu importe le type de camping vers lequel vous vous orientez. Quoiqu&rsquo;il arrive, vous aurez toujours besoin d&#8217;emporter certaines affaires sp\u00e9cifiques, surtout en fonction de ce que vous pr\u00e9voyez sur place.<\/p>\n<p><img decoding=\"async\" class=\"img-responsive\" src=\"https:\/\/www.campings.com\/fr\/content\/wp-content\/uploads\/2021\/01\/10-conseils-bien-preparer-ses-vacances-camping-2.jpg\" alt=\"10 conseils pour bien pr\u00e9parer ses vacances en camping-2\" \/><\/p>\n<h2>Prendre les indispensables des vacances en camping<\/h2>\n<p>Partir en vacances en camping peut vous obliger \u00e0 vous passer de votre confort habituel, celui que vous avez dans votre maison le reste de l&rsquo;ann\u00e9e. Toutefois, pour que le s\u00e9jour se d\u00e9roule au mieux, <a href=\"https:\/\/bienauquotidien.com\/les-indispensables-des-vacances\/\" target=\"_blank\" rel=\"noopener noreferrer\">prendre quelques indispensables<\/a> ne para\u00eet pas superflu. Bien entendu, selon le type de camping que vous avez r\u00e9serv\u00e9, en pleine nature sous votre tente ou dans un mobil-home en location, <strong>la liste de ces diff\u00e9rents articles<\/strong> ne sera pas n\u00e9cessairement la m\u00eame. Pour du camping \u00a0\u00bb\u00a0\u00e0 la dure\u00a0\u00ab\u00a0, il vous faut par exemple\u00a0:<\/p>\n<ul>\n<li>une tente\u00a0;<\/li>\n<li>quelques bo\u00eetes de conserve \u00e0 consommer froides\u00a0;<\/li>\n<li>une gourde d&rsquo;eau\u00a0;<\/li>\n<li>des outils, comme un marteau, un maillet, une mini pelle, un couteau, etc.\u00a0;<\/li>\n<li>un sac de couchage\u00a0;<\/li>\n<li>un matelas gonflable\u00a0;<\/li>\n<li>un oreiller\u00a0;<\/li>\n<li>etc.<\/li>\n<\/ul>\n<p>Pour du camping tout confort, comme dans un mobil-home ou une caravane, les indispensables sont plut\u00f4t de l&rsquo;ordre\u00a0:<\/p>\n<ul>\n<li>des sacs poubelles\u00a0;<\/li>\n<li>des lampes portables\u00a0;<\/li>\n<li>des piles\u00a0;<\/li>\n<li>des bougies\u00a0;<\/li>\n<li>d&rsquo;une glaci\u00e8re\u00a0;<\/li>\n<li>des ustensiles de cuisine\u00a0;<\/li>\n<li>d&rsquo;un briquet\u00a0;<\/li>\n<li>des jeux\u00a0;<\/li>\n<li>du mat\u00e9riel de m\u00e9nage\u00a0;<\/li>\n<li>etc.<\/li>\n<\/ul>\n<p>Bien entendu, d&rsquo;autres accessoires plus personnels doivent aussi faire partie du voyage, comme un chargeur de t\u00e9l\u00e9phone, un appareil photo, un maillot de bain, un guide des activit\u00e9s de la r\u00e9gion, une carte des alentours de votre destination, un GPS, etc.<\/p>\n<h2>Souscrire une assurance pour les vacances<\/h2>\n<p>Comme on dit souvent en France, \u00a0\u00bb\u00a0mieux vaut pr\u00e9venir que gu\u00e9rir\u00a0\u00ab\u00a0, et contrairement aux habitudes des vacanciers souvent insouciants, souscrire <a href=\"https:\/\/onedayonetravel.com\/ai-je-besoin-dune-assurance-voyage-ou-pas-pour-mon-voyage\/\" target=\"_blank\" rel=\"noopener noreferrer\">une assurance pour les vacances<\/a> entre parfaitement dans le cadre de cette expression. En effet, m\u00eame si personne ne le souhaite, un accident est vite arriv\u00e9, que ce soit sur la route, dans l&rsquo;enceinte du camping, ou lors d&rsquo;une activit\u00e9. Du petit incident sans gravit\u00e9 au plus gros accident, il vaut mieux vous assurer de <strong>poss\u00e9der une assurance<\/strong> avant de partir, et ce, pour tous les cas de figure. De m\u00eame, interrogez le camping choisi sur l&rsquo;assurance de la location, car c&rsquo;est une question essentielle en cas de d\u00e9g\u00e2ts impromptus ou de cambriolage.<\/p>\n<h2>V\u00e9rifier l&rsquo;\u00e9tat de votre v\u00e9hicule<\/h2>\n<p>Pour vous rendre sur le lieu de votre s\u00e9jour, il y a fort \u00e0 parier que vous preniez votre v\u00e9hicule personnel. Si tel est le cas et que votre camping se situe en plus loin de votre domicile, un petit <strong>\u00e9tat des lieux de votre voiture <\/strong>s&rsquo;impose. Gonflement des pneus, niveau d&rsquo;huile du moteur, niveau du liquide de refroidissement, ou encore \u00e9tat des plaquettes et disques de frein, plusieurs pr\u00e9cautions valent mieux qu&rsquo;une pour arriver \u00e0 bon port. De plus, n&rsquo;oubliez pas d&#8217;emporter quelques indispensables dans votre v\u00e9hicule, comme une roue de secours, une cl\u00e9 en croix, ou m\u00eame un cric.<\/p>\n<h2>Emporter une trousse de secours<\/h2>\n<p>Que vous ayez pr\u00e9vu de partir en vacances seul, en amoureux, avec des amis, ou encore en famille, mieux vaut prendre avec vous une trousse de secours. D\u00e9sinfectant, pansements, compresses, parac\u00e9tamol et cr\u00e8me contre les br\u00fblures du soleil, ces petits <strong>\u00e9quipements de sant\u00e9<\/strong> ont toujours une utilit\u00e9. D&rsquo;ailleurs, vous pouvez m\u00eame en profiter pour glisser vos m\u00e9dicaments et traitements en cours.<\/p>\n<h2>Prendre vos papiers les plus importants<\/h2>\n<p>M\u00eame si c&rsquo;est les vacances, un peu de vigilance et de prudence s&rsquo;impose. Comme vous le feriez dans votre vie quotidienne, <strong>emportez les papiers importants<\/strong> dont vous pouvez avoir besoin. Que ce soient vos pi\u00e8ces d&rsquo;identit\u00e9, votre carte vitale, votre carte de mutuelle, vos cartes bancaires, ou encore les papiers du reste de votre famille, vous munir de tous ces documents permet de partir l&rsquo;esprit tranquille.<\/p>\n<h2>Prot\u00e9ger votre logement pendant vos vacances<\/h2>\n<p>Partir en vacances, c&rsquo;est aussi devoir envisager le pire pour votre maison durant votre absence. En effet, pendant la haute saison, les d\u00e9parts sont souvent propices aux <a href=\"https:\/\/www.lavieimmo.com\/mieux-habiter\/cambriolage-les-points-a-verifier-avant-de-partir-en-vacances-39932.html\" target=\"_blank\" rel=\"noopener noreferrer\">infractions des domiciles<\/a>. Pour vous en pr\u00e9munir, l&rsquo;installation d&rsquo;une alarme avec t\u00e9l\u00e9surveillance peut vous permettre de profiter de vos vacances en camping sans avoir \u00e0 vous inqui\u00e9ter. De m\u00eame, vous pouvez solliciter une personne de confiance ou un membre de votre famille pour <strong>donner vie \u00e0 votre maison<\/strong> le temps du voyage, et ainsi d\u00e9courager les cambrioleurs potentiels.<\/p>\n<h2>Anticiper les activit\u00e9s et animations sur place<\/h2>\n<p>Pour ne pas vous retrouver d\u00e9pourvu \u00e0 l&rsquo;arriv\u00e9e sur votre lieu de vacances, il est pr\u00e9f\u00e9rable de pr\u00e9voir les animations avant votre d\u00e9part. Qu&rsquo;il s&rsquo;agisse des \u00e9v\u00e9nements propos\u00e9s par le camping, ou des activit\u00e9s sportives organis\u00e9es dans la r\u00e9gion de votre s\u00e9jour, il serait dommage de perdre du temps sur place en recherches inutiles. Par cons\u00e9quent, <strong>pr\u00e9parez votre emploi du temps en amont<\/strong>, avec vos enfants ou vos amis le cas \u00e9ch\u00e9ant, et pensez \u00e0 recenser les diff\u00e9rentes informations importantes de vos trouvailles.<\/p>\n<p><em>Nous vous recommandons ces autres pages\u00a0: <\/em><\/p>\n<ul>\n<li><a href=\"https:\/\/www.campings.com\/fr\/content\/tout-savoir-sur-le-camping\/quelle-est-la-meilleure-periode-pour-partir-en-camping\/\">Quelle est la meilleure p\u00e9riode pour partir en camping\u00a0?<\/a><\/li>\n<li><a href=\"https:\/\/www.campings.com\/fr\/content\/tout-savoir-sur-le-camping\/quoi-manger-en-camping\/\">Quoi manger en camping\u00a0?<\/a><\/li>\n<li><a href=\"https:\/\/www.campings.com\/fr\/content\/tout-savoir-sur-le-camping\/qu-est-ce-qu-il-faut-prendre-pour-le-camping\/\">Qu&rsquo;est-ce qu&rsquo;il faut prendre pour le camping\u00a0?<\/a><\/li>\n<li><a href=\"https:\/\/www.campings.com\/fr\/content\/tout-savoir-sur-le-camping\/la-materiel-indispensable-camping-tente\/\">Le mat\u00e9riel indispensable pour le camping en tente<\/a><\/li>\n<\/ul>\n","protected":false},"excerpt":{"rendered":"<p>Chaque ann\u00e9e, un grand nombre de Fran\u00e7ais choisissent le camping pour leurs vacances. Il faut dire que ce mode de s\u00e9jour a su conserver tout son charme au fil du temps, notamment parce qu&rsquo;il nous rapproche de la nature et des autres. S&rsquo;il y a ceux qui sont adeptes du camping sauvage ou \u00e0 la [&hellip;]<\/p>\n","protected":false},"author":18,"featured_media":0,"parent":0,"menu_order":0,"comment_status":"closed","ping_status":"closed","template":"template-twocolumns.php","meta":{"_acf_changed":false,"footnotes":""},"class_list":["post-2095","page","type-page","status-publish","hentry"],"acf":[],"yoast_head":"<!-- This site is optimized with the Yoast SEO plugin v27.1.1 - https:\/\/yoast.com\/product\/yoast-seo-wordpress\/ -->\n<title>10 conseils pour bien pr\u00e9parer ses vacances en camping<\/title>\n<meta name=\"description\" content=\"Partir en vacances dans un camping ne s&#039;improvise pas et demande m\u00eame un peu de pr\u00e9paration. On fait le point sur les astuces et conseils \u00e0 conna\u00eetre.\" \/>\n<meta name=\"robots\" content=\"index, follow, max-snippet:-1, max-image-preview:large, max-video-preview:-1\" \/>\n<link rel=\"canonical\" href=\"https:\/\/www.campings.com\/fr\/content\/10-conseils-bien-preparer-ses-vacances-camping\/\" \/>\n<meta property=\"og:locale\" content=\"fr_FR\" \/>\n<meta property=\"og:type\" content=\"article\" \/>\n<meta property=\"og:title\" content=\"10 conseils pour bien pr\u00e9parer ses vacances en camping\" \/>\n<meta property=\"og:description\" content=\"Partir en vacances dans un camping ne s&#039;improvise pas et demande m\u00eame un peu de pr\u00e9paration. On fait le point sur les astuces et conseils \u00e0 conna\u00eetre.\" \/>\n<meta property=\"og:url\" content=\"https:\/\/www.campings.com\/fr\/content\/10-conseils-bien-preparer-ses-vacances-camping\/\" \/>\n<meta property=\"article:modified_time\" content=\"2021-01-31T23:15:57+00:00\" \/>\n<meta property=\"og:image\" content=\"https:\/\/www.campings.com\/fr\/content\/wp-content\/uploads\/2021\/01\/10-conseils-bien-preparer-ses-vacances-camping.jpg\" \/>\n<meta name=\"twitter:card\" content=\"summary_large_image\" \/>\n<meta name=\"twitter:label1\" content=\"Dur\u00e9e de lecture estim\u00e9e\" \/>\n\t<meta name=\"twitter:data1\" content=\"7 minutes\" \/>\n<script type=\"application\/ld+json\" class=\"yoast-schema-graph\">{\"@context\":\"https:\/\/schema.org\",\"@graph\":[{\"@type\":\"WebPage\",\"@id\":\"https:\/\/www.campings.com\/fr\/content\/10-conseils-bien-preparer-ses-vacances-camping\/\",\"url\":\"https:\/\/www.campings.com\/fr\/content\/10-conseils-bien-preparer-ses-vacances-camping\/\",\"name\":\"10 conseils pour bien pr\u00e9parer ses vacances en camping\",\"isPartOf\":{\"@id\":\"https:\/\/www.campings.com\/fr\/content\/#website\"},\"primaryImageOfPage\":{\"@id\":\"https:\/\/www.campings.com\/fr\/content\/10-conseils-bien-preparer-ses-vacances-camping\/#primaryimage\"},\"image\":{\"@id\":\"https:\/\/www.campings.com\/fr\/content\/10-conseils-bien-preparer-ses-vacances-camping\/#primaryimage\"},\"thumbnailUrl\":\"https:\/\/www.campings.com\/fr\/content\/wp-content\/uploads\/2021\/01\/10-conseils-bien-preparer-ses-vacances-camping.jpg\",\"datePublished\":\"2021-01-29T11:46:59+00:00\",\"dateModified\":\"2021-01-31T23:15:57+00:00\",\"description\":\"Partir en vacances dans un camping ne s'improvise pas et demande m\u00eame un peu de pr\u00e9paration. On fait le point sur les astuces et conseils \u00e0 conna\u00eetre.\",\"breadcrumb\":{\"@id\":\"https:\/\/www.campings.com\/fr\/content\/10-conseils-bien-preparer-ses-vacances-camping\/#breadcrumb\"},\"inLanguage\":\"fr-FR\",\"potentialAction\":[{\"@type\":\"ReadAction\",\"target\":[\"https:\/\/www.campings.com\/fr\/content\/10-conseils-bien-preparer-ses-vacances-camping\/\"]}]},{\"@type\":\"ImageObject\",\"inLanguage\":\"fr-FR\",\"@id\":\"https:\/\/www.campings.com\/fr\/content\/10-conseils-bien-preparer-ses-vacances-camping\/#primaryimage\",\"url\":\"https:\/\/www.campings.com\/fr\/content\/wp-content\/uploads\/2021\/01\/10-conseils-bien-preparer-ses-vacances-camping.jpg\",\"contentUrl\":\"https:\/\/www.campings.com\/fr\/content\/wp-content\/uploads\/2021\/01\/10-conseils-bien-preparer-ses-vacances-camping.jpg\",\"width\":1000,\"height\":667},{\"@type\":\"BreadcrumbList\",\"@id\":\"https:\/\/www.campings.com\/fr\/content\/10-conseils-bien-preparer-ses-vacances-camping\/#breadcrumb\",\"itemListElement\":[{\"@type\":\"ListItem\",\"position\":1,\"name\":\"Home\",\"item\":\"https:\/\/www.campings.com\/fr\/content\/\"},{\"@type\":\"ListItem\",\"position\":2,\"name\":\"Pr\u00e9parer ses vacances en camping\u00a0: 10 conseils \u00e0 conna\u00eetre\"}]},{\"@type\":\"WebSite\",\"@id\":\"https:\/\/www.campings.com\/fr\/content\/#website\",\"url\":\"https:\/\/www.campings.com\/fr\/content\/\",\"name\":\"\",\"description\":\"\",\"publisher\":{\"@id\":\"https:\/\/www.campings.com\/fr\/content\/#organization\"},\"potentialAction\":[{\"@type\":\"SearchAction\",\"target\":{\"@type\":\"EntryPoint\",\"urlTemplate\":\"https:\/\/www.campings.com\/fr\/content\/?s={search_term_string}\"},\"query-input\":{\"@type\":\"PropertyValueSpecification\",\"valueRequired\":true,\"valueName\":\"search_term_string\"}}],\"inLanguage\":\"fr-FR\"},{\"@type\":\"Organization\",\"@id\":\"https:\/\/www.campings.com\/fr\/content\/#organization\",\"name\":\"CAMPINGS.COM\",\"url\":\"https:\/\/www.campings.com\/fr\/content\/\",\"logo\":{\"@type\":\"ImageObject\",\"inLanguage\":\"fr-FR\",\"@id\":\"https:\/\/www.campings.com\/fr\/content\/#\/schema\/logo\/image\/\",\"url\":\"https:\/\/www.campings.com\/fr\/content\/wp-content\/uploads\/2019\/01\/cropped-logo-1.png\",\"contentUrl\":\"https:\/\/www.campings.com\/fr\/content\/wp-content\/uploads\/2019\/01\/cropped-logo-1.png\",\"width\":174,\"height\":42,\"caption\":\"CAMPINGS.COM\"},\"image\":{\"@id\":\"https:\/\/www.campings.com\/fr\/content\/#\/schema\/logo\/image\/\"}}]}<\/script>\n<!-- \/ Yoast SEO plugin. -->","yoast_head_json":{"title":"10 conseils pour bien pr\u00e9parer ses vacances en camping","description":"Partir en vacances dans un camping ne s'improvise pas et demande m\u00eame un peu de pr\u00e9paration. On fait le point sur les astuces et conseils \u00e0 conna\u00eetre.","robots":{"index":"index","follow":"follow","max-snippet":"max-snippet:-1","max-image-preview":"max-image-preview:large","max-video-preview":"max-video-preview:-1"},"canonical":"https:\/\/www.campings.com\/fr\/content\/10-conseils-bien-preparer-ses-vacances-camping\/","og_locale":"fr_FR","og_type":"article","og_title":"10 conseils pour bien pr\u00e9parer ses vacances en camping","og_description":"Partir en vacances dans un camping ne s'improvise pas et demande m\u00eame un peu de pr\u00e9paration. On fait le point sur les astuces et conseils \u00e0 conna\u00eetre.","og_url":"https:\/\/www.campings.com\/fr\/content\/10-conseils-bien-preparer-ses-vacances-camping\/","article_modified_time":"2021-01-31T23:15:57+00:00","og_image":[{"url":"https:\/\/www.campings.com\/fr\/content\/wp-content\/uploads\/2021\/01\/10-conseils-bien-preparer-ses-vacances-camping.jpg","type":"","width":"","height":""}],"twitter_card":"summary_large_image","twitter_misc":{"Dur\u00e9e de lecture estim\u00e9e":"7 minutes"},"schema":{"@context":"https:\/\/schema.org","@graph":[{"@type":"WebPage","@id":"https:\/\/www.campings.com\/fr\/content\/10-conseils-bien-preparer-ses-vacances-camping\/","url":"https:\/\/www.campings.com\/fr\/content\/10-conseils-bien-preparer-ses-vacances-camping\/","name":"10 conseils pour bien pr\u00e9parer ses vacances en camping","isPartOf":{"@id":"https:\/\/www.campings.com\/fr\/content\/#website"},"primaryImageOfPage":{"@id":"https:\/\/www.campings.com\/fr\/content\/10-conseils-bien-preparer-ses-vacances-camping\/#primaryimage"},"image":{"@id":"https:\/\/www.campings.com\/fr\/content\/10-conseils-bien-preparer-ses-vacances-camping\/#primaryimage"},"thumbnailUrl":"https:\/\/www.campings.com\/fr\/content\/wp-content\/uploads\/2021\/01\/10-conseils-bien-preparer-ses-vacances-camping.jpg","datePublished":"2021-01-29T11:46:59+00:00","dateModified":"2021-01-31T23:15:57+00:00","description":"Partir en vacances dans un camping ne s'improvise pas et demande m\u00eame un peu de pr\u00e9paration. On fait le point sur les astuces et conseils \u00e0 conna\u00eetre.","breadcrumb":{"@id":"https:\/\/www.campings.com\/fr\/content\/10-conseils-bien-preparer-ses-vacances-camping\/#breadcrumb"},"inLanguage":"fr-FR","potentialAction":[{"@type":"ReadAction","target":["https:\/\/www.campings.com\/fr\/content\/10-conseils-bien-preparer-ses-vacances-camping\/"]}]},{"@type":"ImageObject","inLanguage":"fr-FR","@id":"https:\/\/www.campings.com\/fr\/content\/10-conseils-bien-preparer-ses-vacances-camping\/#primaryimage","url":"https:\/\/www.campings.com\/fr\/content\/wp-content\/uploads\/2021\/01\/10-conseils-bien-preparer-ses-vacances-camping.jpg","contentUrl":"https:\/\/www.campings.com\/fr\/content\/wp-content\/uploads\/2021\/01\/10-conseils-bien-preparer-ses-vacances-camping.jpg","width":1000,"height":667},{"@type":"BreadcrumbList","@id":"https:\/\/www.campings.com\/fr\/content\/10-conseils-bien-preparer-ses-vacances-camping\/#breadcrumb","itemListElement":[{"@type":"ListItem","position":1,"name":"Home","item":"https:\/\/www.campings.com\/fr\/content\/"},{"@type":"ListItem","position":2,"name":"Pr\u00e9parer ses vacances en camping\u00a0: 10 conseils \u00e0 conna\u00eetre"}]},{"@type":"WebSite","@id":"https:\/\/www.campings.com\/fr\/content\/#website","url":"https:\/\/www.campings.com\/fr\/content\/","name":"","description":"","publisher":{"@id":"https:\/\/www.campings.com\/fr\/content\/#organization"},"potentialAction":[{"@type":"SearchAction","target":{"@type":"EntryPoint","urlTemplate":"https:\/\/www.campings.com\/fr\/content\/?s={search_term_string}"},"query-input":{"@type":"PropertyValueSpecification","valueRequired":true,"valueName":"search_term_string"}}],"inLanguage":"fr-FR"},{"@type":"Organization","@id":"https:\/\/www.campings.com\/fr\/content\/#organization","name":"CAMPINGS.COM","url":"https:\/\/www.campings.com\/fr\/content\/","logo":{"@type":"ImageObject","inLanguage":"fr-FR","@id":"https:\/\/www.campings.com\/fr\/content\/#\/schema\/logo\/image\/","url":"https:\/\/www.campings.com\/fr\/content\/wp-content\/uploads\/2019\/01\/cropped-logo-1.png","contentUrl":"https:\/\/www.campings.com\/fr\/content\/wp-content\/uploads\/2019\/01\/cropped-logo-1.png","width":174,"height":42,"caption":"CAMPINGS.COM"},"image":{"@id":"https:\/\/www.campings.com\/fr\/content\/#\/schema\/logo\/image\/"}}]}},"_links":{"self":[{"href":"https:\/\/www.campings.com\/fr\/content\/wp-json\/wp\/v2\/pages\/2095","targetHints":{"allow":["GET"]}}],"collection":[{"href":"https:\/\/www.campings.com\/fr\/content\/wp-json\/wp\/v2\/pages"}],"about":[{"href":"https:\/\/www.campings.com\/fr\/content\/wp-json\/wp\/v2\/types\/page"}],"author":[{"embeddable":true,"href":"https:\/\/www.campings.com\/fr\/content\/wp-json\/wp\/v2\/users\/18"}],"replies":[{"embeddable":true,"href":"https:\/\/www.campings.com\/fr\/content\/wp-json\/wp\/v2\/comments?post=2095"}],"version-history":[{"count":5,"href":"https:\/\/www.campings.com\/fr\/content\/wp-json\/wp\/v2\/pages\/2095\/revisions"}],"predecessor-version":[{"id":2212,"href":"https:\/\/www.campings.com\/fr\/content\/wp-json\/wp\/v2\/pages\/2095\/revisions\/2212"}],"wp:attachment":[{"href":"https:\/\/www.campings.com\/fr\/content\/wp-json\/wp\/v2\/media?parent=2095"}],"curies":[{"name":"wp","href":"https:\/\/api.w.org\/{rel}","templated":true}]}}