{"id":2091,"date":"2021-01-29T11:43:03","date_gmt":"2021-01-29T11:43:03","guid":{"rendered":"https:\/\/www.campings.com\/fr\/content\/?page_id=2091"},"modified":"2021-01-31T23:14:08","modified_gmt":"2021-01-31T23:14:08","slug":"location-classique-camping-difference-prix","status":"publish","type":"page","link":"https:\/\/www.campings.com\/fr\/content\/location-classique-camping-difference-prix\/","title":{"rendered":"Le camping est-il moins cher qu&rsquo;une location classique ?"},"content":{"rendered":"<p>Vos prochains jours de vacances sont dans quelques semaines et vous h\u00e9sitez entre le camping et une location classique ? Outre les prestations propos\u00e9es pour ces types d&rsquo;h\u00e9bergement, <a href=\"https:\/\/www.campings.com\/fr\/content\/tout-savoir-sur-le-camping\/combien-coutent-les-vacances-en-camping\/\">la question du budget<\/a> est bien souvent un facteur d\u00e9terminant. Les activit\u00e9s sur place et la restauration sont aussi des d\u00e9penses \u00e0 pr\u00e9voir pour passer des vacances agr\u00e9ables sans devoir se restreindre.<\/p>\n<p>Mais est-ce que le camping est vraiment moins cher qu&rsquo;une location classique ? Avec la multiplication des offres de location, la diff\u00e9rence de prix compar\u00e9e \u00e0 un camping n&rsquo;est pas aussi \u00e9lev\u00e9e qu&rsquo;on pourrait le croire. De plus, aujourd&rsquo;hui vous pouvez retrouver des campings 1\u00a0\u00e9toile pour les petits budgets comme des campings\u00a04 ou 5\u00a0\u00e9toiles plus luxueux. Par cons\u00e9quent, choisir un camping avec un parc aquatique\u00a0peut s&rsquo;av\u00e9rer plus co\u00fbteux pour votre budget qu&rsquo;une location classique ! Voici nos<strong> conseils et astuces pour au mieux comparer les prix<\/strong> propos\u00e9s.<\/p>\n<p><img decoding=\"async\" class=\"img-responsive\" src=\"https:\/\/www.campings.com\/fr\/content\/wp-content\/uploads\/2021\/01\/location-classique-camping-difference-prix.jpg\" alt=\"Location classique ou camping, quelle est la diff\u00e9rence de prix ?-1\" \/><\/p>\n<h2>Camping\u00a0: du petit budget \u00e0 l&rsquo;h\u00e9bergement haut de gamme<\/h2>\n<p>Le camping ne se r\u00e9sume plus \u00e0 la location d&rsquo;un emplacement de pelouse o\u00f9 planter sa tente et garer son v\u00e9hicule. M\u00eame si cette \u00e9poque rem\u00e9more pour beaucoup de chaleureux souvenirs des vacances d&rsquo;autrefois, aujourd&rsquo;hui vous pouvez \u00e9galement louer un emplacement pour votre camping-car, un Mobil-home ou bien encore un chalet. Bien \u00e9videmment, pour ceux qui souhaitent retrouver tout le plaisir de dormir sous une tente, de nombreux emplacements r\u00e9serv\u00e9s aux tentes vous seront propos\u00e9s dans un camping.<\/p>\n<p>Pour mieux estimer les prix pratiqu\u00e9s dans un camping, vous devez tout d&rsquo;abord prendre en compte le <strong>nombre d&rsquo;\u00e9toiles<\/strong> qu&rsquo;affiche le camping. A noter que cette notation par \u00e9toile n&rsquo;est pas obligatoire, mais elle permet au propri\u00e9taire d&rsquo;un camping de faire valoir la qualit\u00e9 de l&rsquo;h\u00e9bergement et des prestations propos\u00e9es dans son camping.<\/p>\n<p>Lorsqu&rsquo;un camping n&rsquo;affiche aucune \u00e9toile ou une \u00e9toile, il propose g\u00e9n\u00e9ralement les services de base attendus pour ce type d&rsquo;\u00e9tablissement. Parmi ces services, vous pourrez b\u00e9n\u00e9ficier d&rsquo;un nombre de m\u00e8tres carr\u00e9s minimum pour garer votre v\u00e9hicule ou votre van et planter votre tente. De plus, les r\u00e8gles d&rsquo;hygi\u00e8ne dans les campings sont strictes en France, donc ne vous inqui\u00e9tez pas sur la qualit\u00e9 de propret\u00e9 des WC et douches collectives. Tous les campings doivent au minimum vous garantir une hygi\u00e8ne parfaite \u00e0 ce niveau.<\/p>\n<p>Un camping non \u00e9toil\u00e9 ou 1\u00a0\u00e9toile peut donc repr\u00e9senter la solution pour vous payer des vacances \u00e0 petit prix. Pour les distractions, vous pouvez toujours organiser en avance des activit\u00e9s \u00e0 l&rsquo;ext\u00e9rieur du camping en partant en vacances avec votre v\u00e9hicule ou bien en louant un v\u00e9hicule ou un v\u00e9lo sur place. Vous n&rsquo;aurez ainsi pas \u00e0 payer un prix global pour des activit\u00e9s dans un camping qui ne vous int\u00e9ressent pas.<\/p>\n<p>Si vous souhaitez profiter de quelques animations et espaces de jeux pour les enfants dans votre camping, privil\u00e9giez plut\u00f4t un camping\u00a02 ou 3\u00a0\u00e9toiles.<\/p>\n<p>Les campings 4 ou 5\u00a0\u00e9toiles proposent quant \u00e0 eux un v\u00e9ritable petit village de vacances o\u00f9 vous pourrez profiter bien souvent d&rsquo;une piscine, de diff\u00e9rents points de restauration, d&rsquo;un service de garde d&rsquo;enfants, d&rsquo;un centre bien-\u00eatre, etc.<\/p>\n<p>Question tarif, ces derniers \u00e9voluent \u00e9galement <strong>selon le mois<\/strong> o\u00f9 vous souhaitez louer un emplacement ou un Mobil-home (haute saison ou basse saison) et <strong>selon la localisation<\/strong> du camping.<\/p>\n<p>A titre d&rsquo;exemple, pour une location d&rsquo;un Mobil-home pour 4\u00a0personnes en haute saison, comptez en moyenne 800 \u00e0 1200\u00a0euros la semaine.<\/p>\n<h2>Location classique\u00a0: le prix moyen par r\u00e9gion<\/h2>\n<p>Pour les vacances, vous pouvez ais\u00e9ment trouver de nombreuses locations de logements de type appartement, maison ou villa dans toutes les r\u00e9gions de France. Le prix varie selon la localisation du logement, son nombre de chambres et ses prestations. Ainsi, vous devrez pr\u00e9voir un budget location plus \u00e9lev\u00e9 pour une villa au bord de mer avec piscine sur la c\u00f4te m\u00e9diterran\u00e9enne que pour une villa aux prestations semblables dans une r\u00e9gion moins touristique.<\/p>\n<p>Les r\u00e9gions o\u00f9 les prix des locations saisonni\u00e8res sont les plus \u00e9lev\u00e9s sont\u00a0:<\/p>\n<ul>\n<li>la Corse;<\/li>\n<li>la c\u00f4te m\u00e9diterran\u00e9enne;<\/li>\n<li>la c\u00f4te atlantique.<\/li>\n<\/ul>\n<p>Vous l&rsquo;aurez compris, les vacances au bord de mer ont un co\u00fbt. A titre d&rsquo;exemple, pour la location d&rsquo;une maison durant les vacances en Corse, comptez en moyenne 1\u00a0600\u00a0euros la semaine en haute saison. Le prix descend en moyenne \u00e0 600\u00a0euros la semaine en haute saison pour une location dans les Pyr\u00e9n\u00e9es.<\/p>\n<p>M\u00eame si les tarifs pratiqu\u00e9s pour des locations saisonni\u00e8res dans les Pyr\u00e9n\u00e9es font partie des plus bas de France, il n&rsquo;en demeure pas moins que de nombreuses r\u00e9gions montagneuses en France pratiquent des prix plus \u00e9lev\u00e9s. Sans grande surprise, les locations de chalets dans les Alpes par exemple ne sont pas forc\u00e9ment accessibles \u00e0 toutes les bourses. En haute saison, comptez en moyenne 1\u00a0900\u00a0euros la semaine pour un chalet dans les Alpes contre 600\u00a0euros pour un chalet dans les Pyr\u00e9n\u00e9es.<\/p>\n<p><img decoding=\"async\" class=\"img-responsive\" src=\"https:\/\/www.campings.com\/fr\/content\/wp-content\/uploads\/2021\/01\/location-classique-camping-difference-prix-2.jpg\" alt=\"Location classique ou camping, quelle est la diff\u00e9rence de prix ?-2\" \/><\/p>\n<h2>Comment trouver des offres moins ch\u00e8res pour un camping ?<\/h2>\n<p>Il existe de nombreuses astuces pour d\u00e9nicher des bons plans concernant la location d&rsquo;un emplacement ou d&rsquo;un Mobil-home dans un camping. Ainsi, pour profiter de tarifs plus bas au camping pensez \u00e0\u00a0\u00a0:<\/p>\n<ul>\n<li>programmer vos vacances <strong>hors des vacances scolaires<\/strong> si cela est possible pour vous;<\/li>\n<li>privil\u00e9gier les campings un peu plus <strong>\u00e9loign\u00e9s des grands sites touristiques<\/strong>;<\/li>\n<li>regarder r\u00e9guli\u00e8rement les sites en ligne de location d&rsquo;un emplacement ou d&rsquo;un Mobil-home dans un camping pour profiter des <strong>r\u00e9ductions et offres de derni\u00e8re minute<\/strong>;<\/li>\n<li><strong>r\u00e9server en avance<\/strong>, afin de ne pas subir la hausse des prix dus \u00e0 un taux de r\u00e9servation \u00e9lev\u00e9 \u00e0 l&rsquo;approche des vacances.<\/li>\n<\/ul>\n<p>Ces quelques astuces vous permettront ainsi de respecter votre budget vacances. En effet, la location d&rsquo;un emplacement ou d&rsquo;un Mobil-home n\u00e9cessite bien souvent de venir avec son v\u00e9hicule ou de louer un v\u00e9hicule sur place. De plus, une assurance en cas de vol ou de sinistre est toujours conseill\u00e9e, voire exig\u00e9e pour une location. N&rsquo;oubliez donc pas les autres frais indissociables des vacances au moment de choisir votre camping.<\/p>\n<h2>Comment payer moins cher une location pour les vacances ?<\/h2>\n<p>Les logements mis en location pour les vacances par des particuliers font rarement l&rsquo;objet d&rsquo;une promotion ou d&rsquo;une offre de derni\u00e8re minute sur les sites de location. Vous pouvez n\u00e9anmoins retrouver ce type d&rsquo;offres \u00e0 prix r\u00e9duit pour des locations de logements propos\u00e9s par des centres de vacances.<\/p>\n<p>Pour les locations entre particuliers, si vous souhaitez ne pas payer le prix fort nous vous conseillons\u00a0:<\/p>\n<ul>\n<li>de privil\u00e9gier les logements un peu plus <strong>\u00e9loign\u00e9s des grands lieux touristiques<\/strong> et des grands centres urbains;<\/li>\n<li>de choisir un logement avec le juste nombre de chambres d\u00e9sir\u00e9es afin de ne pas payer pour des couchages suppl\u00e9mentaires dont vous n&rsquo;avez pas besoin;<\/li>\n<li>de <strong>comparer le prix<\/strong> propos\u00e9 par rapport aux autres prix affich\u00e9s pour des logements similaires et dans la m\u00eame localisation afin de ne pas payer un prix sur\u00e9valu\u00e9 par le propri\u00e9taire du logement \u00e0 louer.<\/li>\n<\/ul>\n<p>A noter que le prix d&rsquo;une location classique peut grandement varier d&rsquo;un logement \u00e0 un autre contrairement aux locations dans les campings qui s&rsquo;alignent majoritairement sur une m\u00eame tranche de prix.<\/p>\n<h2>Location classique ou camping\u00a0: quel est le meilleur rapport qualit\u00e9\/prix ?<\/h2>\n<p>Il n&rsquo;existe pas de r\u00e9ponse pr\u00e9cise \u00e0 cette question, tant les prestations propos\u00e9es diff\u00e8rent d&rsquo;un h\u00e9bergement \u00e0 un autre.<\/p>\n<p>Si vous souhaitez profiter du bord de mer pendant vos vacances et que vous avez un budget limit\u00e9, nous vous conseillons d&rsquo;opter pour le camping. En effet, dans les r\u00e9gions touristiques comme la c\u00f4te m\u00e9diterran\u00e9enne ou la c\u00f4te atlantique vous pouvez retrouver de nombreux campings \u00e0 quelques m\u00e8tres seulement des plages. Vous n&rsquo;aurez donc pas besoin de prendre votre v\u00e9hicule pour profiter du sable fin.<\/p>\n<p>Si vous souhaitez diversifier vos activit\u00e9s, l&rsquo;utilisation de votre v\u00e9hicule ou la location d&rsquo;un v\u00e9hicule sur place est bien souvent indispensable. Dans ce cas, n&rsquo;h\u00e9sitez pas \u00e0 vous \u00e9loigner quelque peu des grands centres pour d\u00e9nicher une location classique \u00e0 petit prix. Vous aurez ainsi l&rsquo;assurance de profiter des meilleurs prix pour la r\u00e9gion tout en b\u00e9n\u00e9ficiant du calme de l&rsquo;arri\u00e8re-pays.<\/p>\n<p><em>Nous vous recommandons ces autres pages\u00a0: <\/em><\/p>\n<ul>\n<li><a href=\"https:\/\/www.campings.com\/fr\/content\/tout-savoir-sur-le-camping\/bien-evaluer-budget-vacances-camping\/\">Bien \u00e9valuer son budget de vacances en camping<\/a><\/li>\n<li><a href=\"https:\/\/www.campings.com\/fr\/content\/tout-savoir-sur-le-camping\/beneficier-aides-payer-moins-cher-ses-vacances-camping\/\">B\u00e9n\u00e9ficier d&rsquo;aides pour payer moins cher ses vacances en camping<\/a><\/li>\n<\/ul>\n","protected":false},"excerpt":{"rendered":"<p>Vos prochains jours de vacances sont dans quelques semaines et vous h\u00e9sitez entre le camping et une location classique ? Outre les prestations propos\u00e9es pour ces types d&rsquo;h\u00e9bergement, la question du budget est bien souvent un facteur d\u00e9terminant. Les activit\u00e9s sur place et la restauration sont aussi des d\u00e9penses \u00e0 pr\u00e9voir pour passer des vacances [&hellip;]<\/p>\n","protected":false},"author":18,"featured_media":0,"parent":0,"menu_order":0,"comment_status":"closed","ping_status":"closed","template":"template-twocolumns.php","meta":{"_acf_changed":false,"footnotes":""},"class_list":["post-2091","page","type-page","status-publish","hentry"],"acf":[],"yoast_head":"<!-- This site is optimized with the Yoast SEO plugin v27.1.1 - https:\/\/yoast.com\/product\/yoast-seo-wordpress\/ -->\n<title>Location classique ou camping, quelle est la diff\u00e9rence de prix ?<\/title>\n<meta name=\"description\" content=\"Au moment de programmer vos vacances, vous h\u00e9sitez entre location classique ou camping ? Existe-t-il une r\u00e9elle diff\u00e9rence de prix ? On vous r\u00e9pond.\" \/>\n<meta name=\"robots\" content=\"index, follow, max-snippet:-1, max-image-preview:large, max-video-preview:-1\" \/>\n<link rel=\"canonical\" href=\"https:\/\/www.campings.com\/fr\/content\/location-classique-camping-difference-prix\/\" \/>\n<meta property=\"og:locale\" content=\"fr_FR\" \/>\n<meta property=\"og:type\" content=\"article\" \/>\n<meta property=\"og:title\" content=\"Location classique ou camping, quelle est la diff\u00e9rence de prix ?\" \/>\n<meta property=\"og:description\" content=\"Au moment de programmer vos vacances, vous h\u00e9sitez entre location classique ou camping ? Existe-t-il une r\u00e9elle diff\u00e9rence de prix ? On vous r\u00e9pond.\" \/>\n<meta property=\"og:url\" content=\"https:\/\/www.campings.com\/fr\/content\/location-classique-camping-difference-prix\/\" \/>\n<meta property=\"article:modified_time\" content=\"2021-01-31T23:14:08+00:00\" \/>\n<meta property=\"og:image\" content=\"https:\/\/www.campings.com\/fr\/content\/wp-content\/uploads\/2021\/01\/location-classique-camping-difference-prix.jpg\" \/>\n<meta name=\"twitter:card\" content=\"summary_large_image\" \/>\n<meta name=\"twitter:label1\" content=\"Dur\u00e9e de lecture estim\u00e9e\" \/>\n\t<meta name=\"twitter:data1\" content=\"7 minutes\" \/>\n<script type=\"application\/ld+json\" class=\"yoast-schema-graph\">{\"@context\":\"https:\/\/schema.org\",\"@graph\":[{\"@type\":\"WebPage\",\"@id\":\"https:\/\/www.campings.com\/fr\/content\/location-classique-camping-difference-prix\/\",\"url\":\"https:\/\/www.campings.com\/fr\/content\/location-classique-camping-difference-prix\/\",\"name\":\"Location classique ou camping, quelle est la diff\u00e9rence de prix ?\",\"isPartOf\":{\"@id\":\"https:\/\/www.campings.com\/fr\/content\/#website\"},\"primaryImageOfPage\":{\"@id\":\"https:\/\/www.campings.com\/fr\/content\/location-classique-camping-difference-prix\/#primaryimage\"},\"image\":{\"@id\":\"https:\/\/www.campings.com\/fr\/content\/location-classique-camping-difference-prix\/#primaryimage\"},\"thumbnailUrl\":\"https:\/\/www.campings.com\/fr\/content\/wp-content\/uploads\/2021\/01\/location-classique-camping-difference-prix.jpg\",\"datePublished\":\"2021-01-29T11:43:03+00:00\",\"dateModified\":\"2021-01-31T23:14:08+00:00\",\"description\":\"Au moment de programmer vos vacances, vous h\u00e9sitez entre location classique ou camping ? Existe-t-il une r\u00e9elle diff\u00e9rence de prix ? On vous r\u00e9pond.\",\"breadcrumb\":{\"@id\":\"https:\/\/www.campings.com\/fr\/content\/location-classique-camping-difference-prix\/#breadcrumb\"},\"inLanguage\":\"fr-FR\",\"potentialAction\":[{\"@type\":\"ReadAction\",\"target\":[\"https:\/\/www.campings.com\/fr\/content\/location-classique-camping-difference-prix\/\"]}]},{\"@type\":\"ImageObject\",\"inLanguage\":\"fr-FR\",\"@id\":\"https:\/\/www.campings.com\/fr\/content\/location-classique-camping-difference-prix\/#primaryimage\",\"url\":\"https:\/\/www.campings.com\/fr\/content\/wp-content\/uploads\/2021\/01\/location-classique-camping-difference-prix.jpg\",\"contentUrl\":\"https:\/\/www.campings.com\/fr\/content\/wp-content\/uploads\/2021\/01\/location-classique-camping-difference-prix.jpg\",\"width\":1000,\"height\":667},{\"@type\":\"BreadcrumbList\",\"@id\":\"https:\/\/www.campings.com\/fr\/content\/location-classique-camping-difference-prix\/#breadcrumb\",\"itemListElement\":[{\"@type\":\"ListItem\",\"position\":1,\"name\":\"Home\",\"item\":\"https:\/\/www.campings.com\/fr\/content\/\"},{\"@type\":\"ListItem\",\"position\":2,\"name\":\"Le camping est-il moins cher qu&rsquo;une location classique ?\"}]},{\"@type\":\"WebSite\",\"@id\":\"https:\/\/www.campings.com\/fr\/content\/#website\",\"url\":\"https:\/\/www.campings.com\/fr\/content\/\",\"name\":\"\",\"description\":\"\",\"publisher\":{\"@id\":\"https:\/\/www.campings.com\/fr\/content\/#organization\"},\"potentialAction\":[{\"@type\":\"SearchAction\",\"target\":{\"@type\":\"EntryPoint\",\"urlTemplate\":\"https:\/\/www.campings.com\/fr\/content\/?s={search_term_string}\"},\"query-input\":{\"@type\":\"PropertyValueSpecification\",\"valueRequired\":true,\"valueName\":\"search_term_string\"}}],\"inLanguage\":\"fr-FR\"},{\"@type\":\"Organization\",\"@id\":\"https:\/\/www.campings.com\/fr\/content\/#organization\",\"name\":\"CAMPINGS.COM\",\"url\":\"https:\/\/www.campings.com\/fr\/content\/\",\"logo\":{\"@type\":\"ImageObject\",\"inLanguage\":\"fr-FR\",\"@id\":\"https:\/\/www.campings.com\/fr\/content\/#\/schema\/logo\/image\/\",\"url\":\"https:\/\/www.campings.com\/fr\/content\/wp-content\/uploads\/2019\/01\/cropped-logo-1.png\",\"contentUrl\":\"https:\/\/www.campings.com\/fr\/content\/wp-content\/uploads\/2019\/01\/cropped-logo-1.png\",\"width\":174,\"height\":42,\"caption\":\"CAMPINGS.COM\"},\"image\":{\"@id\":\"https:\/\/www.campings.com\/fr\/content\/#\/schema\/logo\/image\/\"}}]}<\/script>\n<!-- \/ Yoast SEO plugin. -->","yoast_head_json":{"title":"Location classique ou camping, quelle est la diff\u00e9rence de prix ?","description":"Au moment de programmer vos vacances, vous h\u00e9sitez entre location classique ou camping ? Existe-t-il une r\u00e9elle diff\u00e9rence de prix ? On vous r\u00e9pond.","robots":{"index":"index","follow":"follow","max-snippet":"max-snippet:-1","max-image-preview":"max-image-preview:large","max-video-preview":"max-video-preview:-1"},"canonical":"https:\/\/www.campings.com\/fr\/content\/location-classique-camping-difference-prix\/","og_locale":"fr_FR","og_type":"article","og_title":"Location classique ou camping, quelle est la diff\u00e9rence de prix ?","og_description":"Au moment de programmer vos vacances, vous h\u00e9sitez entre location classique ou camping ? Existe-t-il une r\u00e9elle diff\u00e9rence de prix ? On vous r\u00e9pond.","og_url":"https:\/\/www.campings.com\/fr\/content\/location-classique-camping-difference-prix\/","article_modified_time":"2021-01-31T23:14:08+00:00","og_image":[{"url":"https:\/\/www.campings.com\/fr\/content\/wp-content\/uploads\/2021\/01\/location-classique-camping-difference-prix.jpg","type":"","width":"","height":""}],"twitter_card":"summary_large_image","twitter_misc":{"Dur\u00e9e de lecture estim\u00e9e":"7 minutes"},"schema":{"@context":"https:\/\/schema.org","@graph":[{"@type":"WebPage","@id":"https:\/\/www.campings.com\/fr\/content\/location-classique-camping-difference-prix\/","url":"https:\/\/www.campings.com\/fr\/content\/location-classique-camping-difference-prix\/","name":"Location classique ou camping, quelle est la diff\u00e9rence de prix ?","isPartOf":{"@id":"https:\/\/www.campings.com\/fr\/content\/#website"},"primaryImageOfPage":{"@id":"https:\/\/www.campings.com\/fr\/content\/location-classique-camping-difference-prix\/#primaryimage"},"image":{"@id":"https:\/\/www.campings.com\/fr\/content\/location-classique-camping-difference-prix\/#primaryimage"},"thumbnailUrl":"https:\/\/www.campings.com\/fr\/content\/wp-content\/uploads\/2021\/01\/location-classique-camping-difference-prix.jpg","datePublished":"2021-01-29T11:43:03+00:00","dateModified":"2021-01-31T23:14:08+00:00","description":"Au moment de programmer vos vacances, vous h\u00e9sitez entre location classique ou camping ? Existe-t-il une r\u00e9elle diff\u00e9rence de prix ? On vous r\u00e9pond.","breadcrumb":{"@id":"https:\/\/www.campings.com\/fr\/content\/location-classique-camping-difference-prix\/#breadcrumb"},"inLanguage":"fr-FR","potentialAction":[{"@type":"ReadAction","target":["https:\/\/www.campings.com\/fr\/content\/location-classique-camping-difference-prix\/"]}]},{"@type":"ImageObject","inLanguage":"fr-FR","@id":"https:\/\/www.campings.com\/fr\/content\/location-classique-camping-difference-prix\/#primaryimage","url":"https:\/\/www.campings.com\/fr\/content\/wp-content\/uploads\/2021\/01\/location-classique-camping-difference-prix.jpg","contentUrl":"https:\/\/www.campings.com\/fr\/content\/wp-content\/uploads\/2021\/01\/location-classique-camping-difference-prix.jpg","width":1000,"height":667},{"@type":"BreadcrumbList","@id":"https:\/\/www.campings.com\/fr\/content\/location-classique-camping-difference-prix\/#breadcrumb","itemListElement":[{"@type":"ListItem","position":1,"name":"Home","item":"https:\/\/www.campings.com\/fr\/content\/"},{"@type":"ListItem","position":2,"name":"Le camping est-il moins cher qu&rsquo;une location classique ?"}]},{"@type":"WebSite","@id":"https:\/\/www.campings.com\/fr\/content\/#website","url":"https:\/\/www.campings.com\/fr\/content\/","name":"","description":"","publisher":{"@id":"https:\/\/www.campings.com\/fr\/content\/#organization"},"potentialAction":[{"@type":"SearchAction","target":{"@type":"EntryPoint","urlTemplate":"https:\/\/www.campings.com\/fr\/content\/?s={search_term_string}"},"query-input":{"@type":"PropertyValueSpecification","valueRequired":true,"valueName":"search_term_string"}}],"inLanguage":"fr-FR"},{"@type":"Organization","@id":"https:\/\/www.campings.com\/fr\/content\/#organization","name":"CAMPINGS.COM","url":"https:\/\/www.campings.com\/fr\/content\/","logo":{"@type":"ImageObject","inLanguage":"fr-FR","@id":"https:\/\/www.campings.com\/fr\/content\/#\/schema\/logo\/image\/","url":"https:\/\/www.campings.com\/fr\/content\/wp-content\/uploads\/2019\/01\/cropped-logo-1.png","contentUrl":"https:\/\/www.campings.com\/fr\/content\/wp-content\/uploads\/2019\/01\/cropped-logo-1.png","width":174,"height":42,"caption":"CAMPINGS.COM"},"image":{"@id":"https:\/\/www.campings.com\/fr\/content\/#\/schema\/logo\/image\/"}}]}},"_links":{"self":[{"href":"https:\/\/www.campings.com\/fr\/content\/wp-json\/wp\/v2\/pages\/2091","targetHints":{"allow":["GET"]}}],"collection":[{"href":"https:\/\/www.campings.com\/fr\/content\/wp-json\/wp\/v2\/pages"}],"about":[{"href":"https:\/\/www.campings.com\/fr\/content\/wp-json\/wp\/v2\/types\/page"}],"author":[{"embeddable":true,"href":"https:\/\/www.campings.com\/fr\/content\/wp-json\/wp\/v2\/users\/18"}],"replies":[{"embeddable":true,"href":"https:\/\/www.campings.com\/fr\/content\/wp-json\/wp\/v2\/comments?post=2091"}],"version-history":[{"count":2,"href":"https:\/\/www.campings.com\/fr\/content\/wp-json\/wp\/v2\/pages\/2091\/revisions"}],"predecessor-version":[{"id":2211,"href":"https:\/\/www.campings.com\/fr\/content\/wp-json\/wp\/v2\/pages\/2091\/revisions\/2211"}],"wp:attachment":[{"href":"https:\/\/www.campings.com\/fr\/content\/wp-json\/wp\/v2\/media?parent=2091"}],"curies":[{"name":"wp","href":"https:\/\/api.w.org\/{rel}","templated":true}]}}