{"id":2089,"date":"2021-01-29T11:41:38","date_gmt":"2021-01-29T11:41:38","guid":{"rendered":"https:\/\/www.campings.com\/fr\/content\/?page_id=2089"},"modified":"2021-01-31T23:13:51","modified_gmt":"2021-01-31T23:13:51","slug":"beneficier-aides-payer-moins-cher-ses-vacances-camping","status":"publish","type":"page","link":"https:\/\/www.campings.com\/fr\/content\/beneficier-aides-payer-moins-cher-ses-vacances-camping\/","title":{"rendered":"D\u00e9penser moins pour un s\u00e9jour au camping\u00a0: sur quelles aides financi\u00e8res pouvez-vous compter\u00a0?"},"content":{"rendered":"<p>Envie de vacances \u00e0 la montagne, \u00e0 la mer ou \u00e0 la campagne \u00e0 moindres frais\u00a0? Besoin d&rsquo;aller prendre l&rsquo;air en couple ou en famille dans l&rsquo;une de nos belles r\u00e9gions de France, tout en b\u00e9n\u00e9ficiant des joies du <strong>camping \u00e0 petit prix<\/strong>\u00a0? Alors, sachez que vous pouvez disposer de plusieurs aides pour vous permettre de <a href=\"https:\/\/www.campings.com\/fr\/content\/tout-savoir-sur-le-camping\/combien-coutent-les-vacances-en-camping\/\">payer moins cher vos vacances<\/a>.<\/p>\n<p>Que vous d\u00e9cidiez de partir dans les Alpes, en Vend\u00e9e ou encore dans les Landes, vous avez en effet peut-\u00eatre droit \u00e0 quelques coups de pouce <strong>de la part de la CAF ou de votre employeur<\/strong> notamment. Vous pouvez ainsi vous faire plaisir et\u00a0choisir un camping avec un parc aquatique avec toboggans, effectuer une r\u00e9servation pour toute la famille ou opter pour un centre de vacances tout compris\u00a0!<\/p>\n<p><img decoding=\"async\" class=\"img-responsive\" src=\"https:\/\/www.campings.com\/fr\/content\/wp-content\/uploads\/2021\/01\/beneficier-aides-payer-moins-cher-ses-vacances-camping.jpg\" alt=\"B\u00e9n\u00e9ficier d'aides pour payer moins cher ses vacances en camping-1\" \/><\/p>\n<h2>Les solutions propos\u00e9es par la Caisse d&rsquo;Allocations Familiales (CAF) pour vos vacances<\/h2>\n<p>Dans le cadre d&rsquo;un s\u00e9jour au camping en famille, vous pouvez, sous certaines conditions, b\u00e9n\u00e9ficier d&rsquo;un accompagnement financier de votre CAF. Deux aides principales peuvent \u00eatre accord\u00e9es aux familles en fonction de leur situation\u00a0: <strong>le programme VACAF et les ch\u00e8ques-vacances<\/strong>.<\/p>\n<h3>Prise en charge d&rsquo;une partie de vos d\u00e9penses avec l&rsquo;AVF<\/h3>\n<p>Dans l&rsquo;id\u00e9e de favoriser l&rsquo;insertion et de permettre \u00e0 chaque enfant de partir en vacances, la Caisse d&rsquo;Allocations Familiales a mis en place un dispositif pour permettre \u00e0 certaines familles de payer moins cher leur s\u00e9jour, y compris dans les campings. Cette aide, l&rsquo;AVF, prend la forme d&rsquo;une <strong>d\u00e9duction du montant de la r\u00e9servation \u00e0 payer<\/strong>, gr\u00e2ce \u00e0 une prise en charge partielle de celui-ci par la CAF.<\/p>\n<p>La part prise en charge par l&rsquo;organisme est variable suivant le d\u00e9partement dans lequel vous vivez\u00a0: elle atteint souvent un <strong>maximum de 60\u00a0% de la location<\/strong> et le montant de l&rsquo;aide est bien entendu plafonn\u00e9. Les modalit\u00e9s d&rsquo;obtention d\u00e9pendent \u00e9galement de la CAF qui vous verse les allocations, mais plusieurs crit\u00e8res sont communs \u00e0 la majorit\u00e9 d&rsquo;entre elles\u00a0:<\/p>\n<ul>\n<li>s\u00e9jour d&rsquo;une dur\u00e9e comprise entre 7 et 14 nuits cons\u00e9cutives\u00a0;<\/li>\n<li>d\u00e9part lors de la p\u00e9riode de vacances scolaires\u00a0;<\/li>\n<li>vacances durant lesquelles les enfants sont accompagn\u00e9s d&rsquo;au moins un des deux parents\u00a0;<\/li>\n<li>famille dont le quotient familial est inf\u00e9rieur \u00e0 un seuil d\u00e9termin\u00e9 par la Caisse d&rsquo;Allocations Familiales concern\u00e9e\u00a0;<\/li>\n<li>r\u00e9servation aupr\u00e8s d&rsquo;un <a href=\"https:\/\/www.vacaf.org\/\" target=\"_blank\" rel=\"noopener noreferrer\">\u00e9tablissement agr\u00e9\u00e9<\/a> pour la location d&rsquo;un emplacement dans un camping ou d&rsquo;un Mobil-home par exemple.<\/li>\n<\/ul>\n<p><strong>L&rsquo;avantage de la VACAF<\/strong> est qu&rsquo;elle ne vous oblige pas \u00e0 avancer la totalit\u00e9 des frais de r\u00e9servation. En effet, en contactant un camping agr\u00e9\u00e9 et en remplissant le dossier correspondant \u00e0 votre s\u00e9jour, la CAF payera la part qui vous est accord\u00e9e et il ne vous restera qu&rsquo;\u00e0 r\u00e9gler la somme restante.<\/p>\n<h3>Obtention de ch\u00e8ques-vacances pour la location et les activit\u00e9s au camping<\/h3>\n<p>Pour que vos vacances au camping vous reviennent moins cher, vous pouvez \u00e9galement b\u00e9n\u00e9ficier de <strong>ch\u00e8ques-vacances \u00e0 prix r\u00e9duit <\/strong>via votre CAF. Cette derni\u00e8re envoie g\u00e9n\u00e9ralement un bon de commande aux familles b\u00e9n\u00e9ficiaires, qui peuvent d\u00e9cider ou non d&rsquo;en profiter, moyennant une participation financi\u00e8re.<\/p>\n<p>Ce type de ch\u00e8ques \u00e9mis par l&rsquo;ANCV vous permet de <strong>r\u00e9gler votre s\u00e9jour dans un camping<\/strong>, d\u00e8s lors qu&rsquo;il accepte ce moyen de paiement. Ils peuvent \u00e9galement \u00eatre utilis\u00e9s pour participer \u00e0 certaines activit\u00e9s payantes propos\u00e9es par le camping. Et si durant vos vacances, vous souhaitez \u00e9galement sortir du camping pour visiter d&rsquo;autres lieux et faire d&rsquo;autres activit\u00e9s, sachez que ces ch\u00e8ques sont accept\u00e9s dans un grand nombre d&rsquo;<strong>\u00e9tablissements de loisirs et de tourisme<\/strong>. Allez au mus\u00e9e, visitez les ch\u00e2teaux de la Loire, r\u00e9servez des billets de spectacle, obtenez vos entr\u00e9es pour un centre aquatique, etc., et faites des \u00e9conomies non seulement sur la location du camping, mais aussi sur le reste de vos activit\u00e9s en famille\u00a0!<\/p>\n<p><img decoding=\"async\" class=\"img-responsive\" src=\"https:\/\/www.campings.com\/fr\/content\/wp-content\/uploads\/2021\/01\/beneficier-aides-payer-moins-cher-ses-vacances-camping-2.jpg\" alt=\"B\u00e9n\u00e9ficier d'aides pour payer moins cher ses vacances en camping-2\" \/><\/p>\n<h2>Les aides propos\u00e9es par votre entreprise pour payer votre s\u00e9jour au camping<\/h2>\n<h3>Acquisition de ch\u00e8ques ANCV<\/h3>\n<p>Les ch\u00e8ques-vacances pr\u00e9c\u00e9demment \u00e9voqu\u00e9s sont aussi disponibles par le biais de votre employeur. Leur obtention <strong>d\u00e9pend du bon vouloir de votre entreprise<\/strong>, qui n&rsquo;est pas dans l&rsquo;obligation de vous les proposer. Mais si tel est le cas, vous b\u00e9n\u00e9ficierez alors de ces ch\u00e8ques dont une partie du montant est pris en charge directement par l&rsquo;entreprise et\/ou le CSE. Contrairement aux ch\u00e8ques envoy\u00e9s par la CAF, ceux-ci ne sont pas soumis \u00e0 un certain niveau de ressources ou \u00e0 un seuil de quotient familial, et tout le monde peut ainsi en b\u00e9n\u00e9ficier.<\/p>\n<p>Les conditions d&rsquo;utilisation restent toutefois les m\u00eames que pour n&rsquo;importe quel <strong>ch\u00e8que-vacances de l&rsquo;ANCV<\/strong>. Avec cette aide, r\u00e9servez votre s\u00e9jour dans un camping, emmenez toute la famille au restaurant, r\u00e9glez vos frais de transport, inscrivez les enfants \u00e0 un club sportif dans le camping, etc.\u00a0: en un mot, faites-vous plaisir tout en d\u00e9pensant moins\u00a0!<\/p>\n<h3>R\u00e9ductions et participations du Comit\u00e9 Social et Economique<\/h3>\n<p>Dans une entreprise qui comporte un CSE (ex-CE), d&rsquo;autres aides sont parfois accord\u00e9es aux salari\u00e9s lors de leurs s\u00e9jours, y compris dans les campings. Elles sont <strong>propres \u00e0 chaque entreprise<\/strong>, et vous devrez donc vous renseigner aupr\u00e8s de votre comit\u00e9 pour savoir \u00e0 quelles aides vous avez droit et quelles en sont les modalit\u00e9s. Cela peut prendre diverses formes, vous donnant la possibilit\u00e9 de r\u00e9duire le budget allou\u00e9 \u00e0 vos vacances\u00a0:<\/p>\n<ul>\n<li>participation du CSE pour la <strong>location d&rsquo;un Mobil-home<\/strong> ou d&rsquo;un espace de camping\u00a0;<\/li>\n<li>attribution de ch\u00e8ques carburant pour r\u00e9gler vos <strong>d\u00e9penses de transport<\/strong> lors de vos vacances\u00a0;<\/li>\n<li>participation au montant d\u00e9bours\u00e9 pour les activit\u00e9s sportives\u00a0;<\/li>\n<li>r\u00e9ductions et offres sp\u00e9ciales dans certains \u00e9tablissements partenaires, dont peuvent faire partie les campings, etc.<\/li>\n<\/ul>\n<p>Avant d&rsquo;organiser votre voyage dans un camping en France, voire en Europe, pensez donc \u00e0 v\u00e9rifier si <strong>certaines aides sont accord\u00e9es par le CSE<\/strong>\u00a0: vous pourrez probablement \u00e9conomiser quelques dizaines, voire centaines d&rsquo;euros\u00a0!<\/p>\n<h2>Les programmes et aides mis en place par l&rsquo;ANCV<\/h2>\n<p>En compl\u00e9ment de ses c\u00e9l\u00e8bres ch\u00e8ques-vacances, l&rsquo;ANCV se veut solidaire et propose des aides diverses pour les personnes isol\u00e9es ou dans une situation de fragilit\u00e9 \u00e9conomique. Peut-\u00eatre y avez-vous droit sans m\u00eame le savoir\u00a0!<\/p>\n<h3>La Bourse Solidarit\u00e9 Vacances pour les foyers modestes<\/h3>\n<p>En lien avec des associations ou des communes, l&rsquo;ANCV fait b\u00e9n\u00e9ficier d&rsquo;une <strong>aide aux personnes et familles \u00e0 faible revenu<\/strong> (ch\u00f4mage, petite retraite, etc.), nomm\u00e9e <a href=\"https:\/\/www.ancv.com\/bourse-solidarite-vacances-bsv\" target=\"_blank\" rel=\"noopener noreferrer\">BSV<\/a>. Elle prend la forme d&rsquo;une r\u00e9duction sur les tarifs des s\u00e9jours, pour partir en vacances dans toute la France, des Pays de la Loire aux Alpes-Maritimes en passant par la Normandie, l&rsquo;Auvergne ou encore l&rsquo;Alsace. Ces tarifs sp\u00e9cifiques sont bien entendu applicables pour des vacances dans un camping ou un club de vacances, d\u00e8s lors qu&rsquo;il est partenaire de l&rsquo;ANCV.<\/p>\n<p>Attention\u00a0: cette aide est <strong>accessible via une collectivit\u00e9 ou une association<\/strong> oeuvrant pour des personnes en situation de pr\u00e9carit\u00e9, dont vous devez faire partie pour en b\u00e9n\u00e9ficier.<\/p>\n<h3>La participation financi\u00e8re pour les personnes \u00e2g\u00e9es<\/h3>\n<p>Si vous avez <strong>plus de 60 ans<\/strong> et que vous \u00eates \u00e0 la retraite ou sans activit\u00e9 professionnelle, l&rsquo;ANCV peut vous aider \u00e0 payer moins cher votre s\u00e9jour au camping. Dans le cadre du <a href=\"https:\/\/www.ancv.com\/sites\/default\/files\/plaquette_indiv_sev2020_a4.pdf\" target=\"_blank\" rel=\"noopener noreferrer\">programme \u00a0\u00bb\u00a0Seniors en vacances\u00a0\u00ab\u00a0<\/a>, l&rsquo;agence a s\u00e9lectionn\u00e9 de <strong>nombreux s\u00e9jours \u00e0 la plage, \u00e0 la montagne, en ville ou \u00e0 la campagne<\/strong>, dont elle peut vous faire b\u00e9n\u00e9ficier \u00e0 moindre co\u00fbt.<\/p>\n<p>Si vous \u00eates \u00e9ligible, vous choisissez alors un camping ou un village vacances partenaire \u00e0 travers tout le pays, pour un d\u00e9part en basse ou moyenne saison. L&rsquo;ANCV prendra en charge une partie du montant de votre s\u00e9jour, pour des vacances au camping \u00e0 petit prix\u00a0!<\/p>\n<h3>Des vacances au camping deux fois moins cher avec l&rsquo;aide 18-25 ans<\/h3>\n<p>Un <strong>jeune vivant seul, sans enfant et ne travaillant pas<\/strong>, ne peut pas pr\u00e9tendre \u00e0 l&rsquo;aide VACAF ou aux ch\u00e8ques-vacances d&rsquo;un employeur. Mais si vous \u00eates dans cette situation, sachez que l&rsquo;ANCV peut vous donner un coup de pouce pour aller profiter de la piscine d&rsquo;un camping, prendre un peu de repos dans un Mobil-home \u00e0 la campagne ou encore d\u00e9couvrir l&rsquo;animation qui r\u00e8gne dans un club vacances.<\/p>\n<p>Pensez donc \u00e0 <a href=\"https:\/\/depart1825.com\/comment-en-profiter\/\" target=\"_blank\" rel=\"noopener noreferrer\">v\u00e9rifier votre \u00e9ventuelle \u00e9ligibilit\u00e9<\/a>, afin de disposer d&rsquo;une aide pouvant atteindre <strong>jusqu&rsquo;\u00e0 150\u00a0euros pour votre voyage<\/strong>. Qu&rsquo;importe la saison ou la r\u00e9gion de France o\u00f9 vous aimeriez vous rendre, il y a tr\u00e8s probablement une offre qui vous correspond parmi les s\u00e9jours propos\u00e9s\u00a0!<\/p>\n<p><em>Nous vous recommandons ces autres pages\u00a0: <\/em><\/p>\n<ul>\n<li><a href=\"https:\/\/www.campings.com\/fr\/content\/tout-savoir-sur-le-camping\/bien-evaluer-budget-vacances-camping\/\">Bien \u00e9valuer son budget de vacances en camping<\/a><\/li>\n<li><a href=\"https:\/\/www.campings.com\/fr\/content\/tout-savoir-sur-le-camping\/location-classique-camping-difference-prix\/\">Location classique ou camping, quelle est la diff\u00e9rence de prix\u00a0?<\/a><\/li>\n<\/ul>\n","protected":false},"excerpt":{"rendered":"<p>Envie de vacances \u00e0 la montagne, \u00e0 la mer ou \u00e0 la campagne \u00e0 moindres frais\u00a0? Besoin d&rsquo;aller prendre l&rsquo;air en couple ou en famille dans l&rsquo;une de nos belles r\u00e9gions de France, tout en b\u00e9n\u00e9ficiant des joies du camping \u00e0 petit prix\u00a0? Alors, sachez que vous pouvez disposer de plusieurs aides pour vous permettre [&hellip;]<\/p>\n","protected":false},"author":18,"featured_media":0,"parent":0,"menu_order":0,"comment_status":"closed","ping_status":"closed","template":"template-twocolumns.php","meta":{"_acf_changed":false,"footnotes":""},"class_list":["post-2089","page","type-page","status-publish","hentry"],"acf":[],"yoast_head":"<!-- This site is optimized with the Yoast SEO plugin v27.1.1 - https:\/\/yoast.com\/product\/yoast-seo-wordpress\/ -->\n<title>B\u00e9n\u00e9ficier d&#039;aides pour payer moins cher ses vacances en camping<\/title>\n<meta name=\"description\" content=\"Vous connaissez s\u00fbrement les ch\u00e8ques-vacances, mais saviez-vous que votre CAF, votre employeur et l&#039;ANCV proposent d&#039;autres aides pour les s\u00e9jours au camping ?\" \/>\n<meta name=\"robots\" content=\"index, follow, max-snippet:-1, max-image-preview:large, max-video-preview:-1\" \/>\n<link rel=\"canonical\" href=\"https:\/\/www.campings.com\/fr\/content\/beneficier-aides-payer-moins-cher-ses-vacances-camping\/\" \/>\n<meta property=\"og:locale\" content=\"fr_FR\" \/>\n<meta property=\"og:type\" content=\"article\" \/>\n<meta property=\"og:title\" content=\"B\u00e9n\u00e9ficier d&#039;aides pour payer moins cher ses vacances en camping\" \/>\n<meta property=\"og:description\" content=\"Vous connaissez s\u00fbrement les ch\u00e8ques-vacances, mais saviez-vous que votre CAF, votre employeur et l&#039;ANCV proposent d&#039;autres aides pour les s\u00e9jours au camping ?\" \/>\n<meta property=\"og:url\" content=\"https:\/\/www.campings.com\/fr\/content\/beneficier-aides-payer-moins-cher-ses-vacances-camping\/\" \/>\n<meta property=\"article:modified_time\" content=\"2021-01-31T23:13:51+00:00\" \/>\n<meta property=\"og:image\" content=\"https:\/\/www.campings.com\/fr\/content\/wp-content\/uploads\/2021\/01\/beneficier-aides-payer-moins-cher-ses-vacances-camping.jpg\" \/>\n<meta name=\"twitter:card\" content=\"summary_large_image\" \/>\n<meta name=\"twitter:label1\" content=\"Dur\u00e9e de lecture estim\u00e9e\" \/>\n\t<meta name=\"twitter:data1\" content=\"7 minutes\" \/>\n<script type=\"application\/ld+json\" class=\"yoast-schema-graph\">{\"@context\":\"https:\/\/schema.org\",\"@graph\":[{\"@type\":\"WebPage\",\"@id\":\"https:\/\/www.campings.com\/fr\/content\/beneficier-aides-payer-moins-cher-ses-vacances-camping\/\",\"url\":\"https:\/\/www.campings.com\/fr\/content\/beneficier-aides-payer-moins-cher-ses-vacances-camping\/\",\"name\":\"B\u00e9n\u00e9ficier d'aides pour payer moins cher ses vacances en camping\",\"isPartOf\":{\"@id\":\"https:\/\/www.campings.com\/fr\/content\/#website\"},\"primaryImageOfPage\":{\"@id\":\"https:\/\/www.campings.com\/fr\/content\/beneficier-aides-payer-moins-cher-ses-vacances-camping\/#primaryimage\"},\"image\":{\"@id\":\"https:\/\/www.campings.com\/fr\/content\/beneficier-aides-payer-moins-cher-ses-vacances-camping\/#primaryimage\"},\"thumbnailUrl\":\"https:\/\/www.campings.com\/fr\/content\/wp-content\/uploads\/2021\/01\/beneficier-aides-payer-moins-cher-ses-vacances-camping.jpg\",\"datePublished\":\"2021-01-29T11:41:38+00:00\",\"dateModified\":\"2021-01-31T23:13:51+00:00\",\"description\":\"Vous connaissez s\u00fbrement les ch\u00e8ques-vacances, mais saviez-vous que votre CAF, votre employeur et l'ANCV proposent d'autres aides pour les s\u00e9jours au camping ?\",\"breadcrumb\":{\"@id\":\"https:\/\/www.campings.com\/fr\/content\/beneficier-aides-payer-moins-cher-ses-vacances-camping\/#breadcrumb\"},\"inLanguage\":\"fr-FR\",\"potentialAction\":[{\"@type\":\"ReadAction\",\"target\":[\"https:\/\/www.campings.com\/fr\/content\/beneficier-aides-payer-moins-cher-ses-vacances-camping\/\"]}]},{\"@type\":\"ImageObject\",\"inLanguage\":\"fr-FR\",\"@id\":\"https:\/\/www.campings.com\/fr\/content\/beneficier-aides-payer-moins-cher-ses-vacances-camping\/#primaryimage\",\"url\":\"https:\/\/www.campings.com\/fr\/content\/wp-content\/uploads\/2021\/01\/beneficier-aides-payer-moins-cher-ses-vacances-camping.jpg\",\"contentUrl\":\"https:\/\/www.campings.com\/fr\/content\/wp-content\/uploads\/2021\/01\/beneficier-aides-payer-moins-cher-ses-vacances-camping.jpg\",\"width\":1000,\"height\":687},{\"@type\":\"BreadcrumbList\",\"@id\":\"https:\/\/www.campings.com\/fr\/content\/beneficier-aides-payer-moins-cher-ses-vacances-camping\/#breadcrumb\",\"itemListElement\":[{\"@type\":\"ListItem\",\"position\":1,\"name\":\"Home\",\"item\":\"https:\/\/www.campings.com\/fr\/content\/\"},{\"@type\":\"ListItem\",\"position\":2,\"name\":\"D\u00e9penser moins pour un s\u00e9jour au camping\u00a0: sur quelles aides financi\u00e8res pouvez-vous compter\u00a0?\"}]},{\"@type\":\"WebSite\",\"@id\":\"https:\/\/www.campings.com\/fr\/content\/#website\",\"url\":\"https:\/\/www.campings.com\/fr\/content\/\",\"name\":\"\",\"description\":\"\",\"publisher\":{\"@id\":\"https:\/\/www.campings.com\/fr\/content\/#organization\"},\"potentialAction\":[{\"@type\":\"SearchAction\",\"target\":{\"@type\":\"EntryPoint\",\"urlTemplate\":\"https:\/\/www.campings.com\/fr\/content\/?s={search_term_string}\"},\"query-input\":{\"@type\":\"PropertyValueSpecification\",\"valueRequired\":true,\"valueName\":\"search_term_string\"}}],\"inLanguage\":\"fr-FR\"},{\"@type\":\"Organization\",\"@id\":\"https:\/\/www.campings.com\/fr\/content\/#organization\",\"name\":\"CAMPINGS.COM\",\"url\":\"https:\/\/www.campings.com\/fr\/content\/\",\"logo\":{\"@type\":\"ImageObject\",\"inLanguage\":\"fr-FR\",\"@id\":\"https:\/\/www.campings.com\/fr\/content\/#\/schema\/logo\/image\/\",\"url\":\"https:\/\/www.campings.com\/fr\/content\/wp-content\/uploads\/2019\/01\/cropped-logo-1.png\",\"contentUrl\":\"https:\/\/www.campings.com\/fr\/content\/wp-content\/uploads\/2019\/01\/cropped-logo-1.png\",\"width\":174,\"height\":42,\"caption\":\"CAMPINGS.COM\"},\"image\":{\"@id\":\"https:\/\/www.campings.com\/fr\/content\/#\/schema\/logo\/image\/\"}}]}<\/script>\n<!-- \/ Yoast SEO plugin. -->","yoast_head_json":{"title":"B\u00e9n\u00e9ficier d'aides pour payer moins cher ses vacances en camping","description":"Vous connaissez s\u00fbrement les ch\u00e8ques-vacances, mais saviez-vous que votre CAF, votre employeur et l'ANCV proposent d'autres aides pour les s\u00e9jours au camping ?","robots":{"index":"index","follow":"follow","max-snippet":"max-snippet:-1","max-image-preview":"max-image-preview:large","max-video-preview":"max-video-preview:-1"},"canonical":"https:\/\/www.campings.com\/fr\/content\/beneficier-aides-payer-moins-cher-ses-vacances-camping\/","og_locale":"fr_FR","og_type":"article","og_title":"B\u00e9n\u00e9ficier d'aides pour payer moins cher ses vacances en camping","og_description":"Vous connaissez s\u00fbrement les ch\u00e8ques-vacances, mais saviez-vous que votre CAF, votre employeur et l'ANCV proposent d'autres aides pour les s\u00e9jours au camping ?","og_url":"https:\/\/www.campings.com\/fr\/content\/beneficier-aides-payer-moins-cher-ses-vacances-camping\/","article_modified_time":"2021-01-31T23:13:51+00:00","og_image":[{"url":"https:\/\/www.campings.com\/fr\/content\/wp-content\/uploads\/2021\/01\/beneficier-aides-payer-moins-cher-ses-vacances-camping.jpg","type":"","width":"","height":""}],"twitter_card":"summary_large_image","twitter_misc":{"Dur\u00e9e de lecture estim\u00e9e":"7 minutes"},"schema":{"@context":"https:\/\/schema.org","@graph":[{"@type":"WebPage","@id":"https:\/\/www.campings.com\/fr\/content\/beneficier-aides-payer-moins-cher-ses-vacances-camping\/","url":"https:\/\/www.campings.com\/fr\/content\/beneficier-aides-payer-moins-cher-ses-vacances-camping\/","name":"B\u00e9n\u00e9ficier d'aides pour payer moins cher ses vacances en camping","isPartOf":{"@id":"https:\/\/www.campings.com\/fr\/content\/#website"},"primaryImageOfPage":{"@id":"https:\/\/www.campings.com\/fr\/content\/beneficier-aides-payer-moins-cher-ses-vacances-camping\/#primaryimage"},"image":{"@id":"https:\/\/www.campings.com\/fr\/content\/beneficier-aides-payer-moins-cher-ses-vacances-camping\/#primaryimage"},"thumbnailUrl":"https:\/\/www.campings.com\/fr\/content\/wp-content\/uploads\/2021\/01\/beneficier-aides-payer-moins-cher-ses-vacances-camping.jpg","datePublished":"2021-01-29T11:41:38+00:00","dateModified":"2021-01-31T23:13:51+00:00","description":"Vous connaissez s\u00fbrement les ch\u00e8ques-vacances, mais saviez-vous que votre CAF, votre employeur et l'ANCV proposent d'autres aides pour les s\u00e9jours au camping ?","breadcrumb":{"@id":"https:\/\/www.campings.com\/fr\/content\/beneficier-aides-payer-moins-cher-ses-vacances-camping\/#breadcrumb"},"inLanguage":"fr-FR","potentialAction":[{"@type":"ReadAction","target":["https:\/\/www.campings.com\/fr\/content\/beneficier-aides-payer-moins-cher-ses-vacances-camping\/"]}]},{"@type":"ImageObject","inLanguage":"fr-FR","@id":"https:\/\/www.campings.com\/fr\/content\/beneficier-aides-payer-moins-cher-ses-vacances-camping\/#primaryimage","url":"https:\/\/www.campings.com\/fr\/content\/wp-content\/uploads\/2021\/01\/beneficier-aides-payer-moins-cher-ses-vacances-camping.jpg","contentUrl":"https:\/\/www.campings.com\/fr\/content\/wp-content\/uploads\/2021\/01\/beneficier-aides-payer-moins-cher-ses-vacances-camping.jpg","width":1000,"height":687},{"@type":"BreadcrumbList","@id":"https:\/\/www.campings.com\/fr\/content\/beneficier-aides-payer-moins-cher-ses-vacances-camping\/#breadcrumb","itemListElement":[{"@type":"ListItem","position":1,"name":"Home","item":"https:\/\/www.campings.com\/fr\/content\/"},{"@type":"ListItem","position":2,"name":"D\u00e9penser moins pour un s\u00e9jour au camping\u00a0: sur quelles aides financi\u00e8res pouvez-vous compter\u00a0?"}]},{"@type":"WebSite","@id":"https:\/\/www.campings.com\/fr\/content\/#website","url":"https:\/\/www.campings.com\/fr\/content\/","name":"","description":"","publisher":{"@id":"https:\/\/www.campings.com\/fr\/content\/#organization"},"potentialAction":[{"@type":"SearchAction","target":{"@type":"EntryPoint","urlTemplate":"https:\/\/www.campings.com\/fr\/content\/?s={search_term_string}"},"query-input":{"@type":"PropertyValueSpecification","valueRequired":true,"valueName":"search_term_string"}}],"inLanguage":"fr-FR"},{"@type":"Organization","@id":"https:\/\/www.campings.com\/fr\/content\/#organization","name":"CAMPINGS.COM","url":"https:\/\/www.campings.com\/fr\/content\/","logo":{"@type":"ImageObject","inLanguage":"fr-FR","@id":"https:\/\/www.campings.com\/fr\/content\/#\/schema\/logo\/image\/","url":"https:\/\/www.campings.com\/fr\/content\/wp-content\/uploads\/2019\/01\/cropped-logo-1.png","contentUrl":"https:\/\/www.campings.com\/fr\/content\/wp-content\/uploads\/2019\/01\/cropped-logo-1.png","width":174,"height":42,"caption":"CAMPINGS.COM"},"image":{"@id":"https:\/\/www.campings.com\/fr\/content\/#\/schema\/logo\/image\/"}}]}},"_links":{"self":[{"href":"https:\/\/www.campings.com\/fr\/content\/wp-json\/wp\/v2\/pages\/2089","targetHints":{"allow":["GET"]}}],"collection":[{"href":"https:\/\/www.campings.com\/fr\/content\/wp-json\/wp\/v2\/pages"}],"about":[{"href":"https:\/\/www.campings.com\/fr\/content\/wp-json\/wp\/v2\/types\/page"}],"author":[{"embeddable":true,"href":"https:\/\/www.campings.com\/fr\/content\/wp-json\/wp\/v2\/users\/18"}],"replies":[{"embeddable":true,"href":"https:\/\/www.campings.com\/fr\/content\/wp-json\/wp\/v2\/comments?post=2089"}],"version-history":[{"count":3,"href":"https:\/\/www.campings.com\/fr\/content\/wp-json\/wp\/v2\/pages\/2089\/revisions"}],"predecessor-version":[{"id":2210,"href":"https:\/\/www.campings.com\/fr\/content\/wp-json\/wp\/v2\/pages\/2089\/revisions\/2210"}],"wp:attachment":[{"href":"https:\/\/www.campings.com\/fr\/content\/wp-json\/wp\/v2\/media?parent=2089"}],"curies":[{"name":"wp","href":"https:\/\/api.w.org\/{rel}","templated":true}]}}