{"id":2081,"date":"2021-01-29T11:33:57","date_gmt":"2021-01-29T11:33:57","guid":{"rendered":"https:\/\/www.campings.com\/fr\/content\/?page_id=2081"},"modified":"2021-01-31T23:09:12","modified_gmt":"2021-01-31T23:09:12","slug":"quel-camping-choisir-ardeche","status":"publish","type":"page","link":"https:\/\/www.campings.com\/fr\/content\/quel-camping-choisir-ardeche\/","title":{"rendered":"Camping en Ard\u00e8che\u00a0: comment faire le bon choix ?"},"content":{"rendered":"<p>Au moment de programmer ses prochaines vacances en Ard\u00e8che, le camping comme h\u00e9bergement est toujours appr\u00e9ciable pour sa convivialit\u00e9 et les nombreux services propos\u00e9s sur place. Pour preuve, vous pouvez ais\u00e9ment constater que la France comprend de nombreux campings, que ce soit en bord de mer, en montagne ou dans l&rsquo;arri\u00e8re-pays.<\/p>\n<p>Mais <a href=\"https:\/\/www.campings.com\/fr\/content\/tout-savoir-sur-le-camping\/ou-partir-au-camping\/\">o\u00f9 partir au camping ?<\/a> On ne va pas se plaindre d&rsquo;avoir un tel choix au moment de choisir son futur de lieu de vacances. Mais le revers de la m\u00e9daille est de r\u00e9ussir \u00e0 trouver un camping qui se situe non loin des lieux touristiques incontournables avec tout le confort que vous souhaitez et qui correspond \u00e0 votre budget vacances. Pour vous aider dans votre choix, voici quelques <strong>conseils pour trouver votre camping en Ard\u00e8che<\/strong> qui r\u00e9pondra \u00e0 toutes vos attentes.<\/p>\n<p><img decoding=\"async\" class=\"img-responsive\" src=\"https:\/\/www.campings.com\/fr\/content\/wp-content\/uploads\/2021\/01\/quel-camping-choisir-ardeche.jpg\" alt=\"Quel camping choisir en Ard\u00e8che ?-1\" \/><\/p>\n<h2>Camping en Ard\u00e8che\u00a0: quel lieu choisir ?<\/h2>\n<p>Avant de regarder plus en d\u00e9tail les tarifs et les services propos\u00e9s par les campings en Ard\u00e8che, vous devez id\u00e9alement <strong>\u00e9tablir le secteur g\u00e9ographique<\/strong> dans lequel vous souhaitez choisir votre camping. Les campings ne manquent pas en Ard\u00e8che, de par notamment la renomm\u00e9e de ce d\u00e9partement. N&rsquo;h\u00e9sitez pas \u00e0 restreindre vos recherches dans un secteur d\u00e9limit\u00e9 en Ard\u00e8che afin de trouver un camping proche de toutes les activit\u00e9s et les lieux que vous souhaitez d\u00e9couvrir (rivi\u00e8re, domaine viticole, etc.).<\/p>\n<p>Pour vous aider \u00e0 d\u00e9limiter votre secteur de recherche, n&rsquo;h\u00e9sitez pas \u00e0 faire une liste des lieux et des activit\u00e9s que vous souhaitez d\u00e9couvrir pendant vos vacances. Les lieux incontournables et parfois insolites en Ard\u00e8che sont notamment\u00a0:<\/p>\n<ul>\n<li>les <strong>espaces naturels<\/strong> comme les gorges de l&rsquo;Ard\u00e8che, le pont d&rsquo;Arc avec sa rivi\u00e8re o\u00f9 l&rsquo;on peut se baigner ou bien encore la source intermittente qui n&rsquo;est rien d&rsquo;autre qu&rsquo;un geyser \u00e0 d\u00e9couvrir dans le parc de Vals-les-Bains;<\/li>\n<li>les nombreux <strong>ch\u00e2teaux et sites historiques<\/strong> comme la grotte de N\u00e9ron, le ch\u00e2teau de Crussol, le ch\u00e2teau de Craux, la cath\u00e9drale de Saint-Vincent de Viviers, etc.;<\/li>\n<li>les nombreux <strong>vignobles<\/strong> tels que le ch\u00e2teau de la Selve, le domaine de la Croix blanche, le caveau des vignerons d&rsquo;Alba, etc.<\/li>\n<\/ul>\n<p>Pour des vacances en famille dans un camping en Ard\u00e8che, nous vous conseillons de privil\u00e9gier un secteur de recherche pour votre camping proche des espaces naturels comme le Pont d&rsquo;Arc qui propose des plages surveill\u00e9es au bord de la rivi\u00e8re facilement accessibles et des WC sur place. Les journ\u00e9es pass\u00e9es au bord d&rsquo;une rivi\u00e8re sont toujours appr\u00e9ci\u00e9es par les enfants. C&rsquo;est \u00e9galement le lieu r\u00eav\u00e9 pour profiter \u00e0 deux ou seul d&rsquo;un lieu naturel et sauvage o\u00f9 se baigner.<\/p>\n<p>Pour les amateurs d&rsquo;oenologie et de bons vins, n&rsquo;h\u00e9sitez pas \u00e0 programmer une visite des plus grands domaines viticoles d&rsquo;Ard\u00e8che. En choisissant un camping \u00e0 proximit\u00e9 des domaines viticoles, vous pourrez \u00e9galement profiter du calme et de la nature verdoyante de l&rsquo;Ard\u00e8che.<\/p>\n<h2>Tente, Mobil-home ou chalet pour camper en Ard\u00e8che ?<\/h2>\n<p>Vous avez d\u00e9limit\u00e9 votre secteur g\u00e9ographique pour choisir votre camping en Ard\u00e8che ? Vous n&rsquo;avez plus qu&rsquo;\u00e0 d\u00e9terminer le type d&rsquo;h\u00e9bergement et les services que vous souhaitez.<\/p>\n<p>Pour des vacances en famille avec de jeunes enfants, la tente n&rsquo;est pas toujours la solution la plus simple, d&rsquo;autant plus si vous pr\u00e9voyez de camper plusieurs nuits. Heureusement aujourd&rsquo;hui de nombreux campings en Ard\u00e8che proposent \u00e9galement des emplacements pour les camping-cars. Pour une <strong>solution tout confort sur place<\/strong>, vous pouvez \u00e9galement privil\u00e9gier la location d&rsquo;un <strong>Mobil-home<\/strong> ou d&rsquo;un <strong>chalet<\/strong> au sein d&rsquo;un camping en Ard\u00e8che.<\/p>\n<p>L&rsquo;avantage du Mobil-home ou du chalet est que vous pouvez b\u00e9n\u00e9ficier d&rsquo;une douche et de WC priv\u00e9s. Vous pouvez ainsi profiter de toute la convivialit\u00e9 et des loisirs d&rsquo;un camping en Ard\u00e8che avec un logement sur place, tout confort.<\/p>\n<p>Pour des <strong>vacances en totale immersion<\/strong> avec son environnement, <strong>camper en tente<\/strong> reste une exp\u00e9rience plaisante et amusante, aussi bien pour les enfants que pour les adultes. Aujourd&rsquo;hui, les mod\u00e8les de tentes, de sacs de couchage et d&rsquo;\u00e9quipements pour camper se sont grandement am\u00e9lior\u00e9s par rapport \u00e0 l&rsquo;attirail de nos grands-parents. Il serait donc dommage de se priver des soir\u00e9es \u00e0 contempler les premi\u00e8res \u00e9toiles, des repas autour d&rsquo;un feu de bois ou bien encore de la convivialit\u00e9 \u00e0 l&rsquo;int\u00e9rieur de la tente en entendant le bruit d&rsquo;une rivi\u00e8re aux alentours.<\/p>\n<p>Si vous partez en famille, \u00e0 deux ou entre amis, pensez \u00e9galement \u00e0 v\u00e9rifier si le camping propose le Wifi sur votre emplacement. M\u00eame si les vacances sont l&rsquo;occasion de se d\u00e9connecter de nos activit\u00e9s num\u00e9riques, il peut \u00eatre toujours utile d&rsquo;avoir internet pour v\u00e9rifier la m\u00e9t\u00e9o en Ard\u00e8che ou se renseigner sur une visite d&rsquo;un lieu aux alentours.<\/p>\n<p>La derni\u00e8re astuce pour choisir votre camping en Ard\u00e8che est de regarder les avis laiss\u00e9s par les campeurs sur des sites en ligne par exemple. Au-del\u00e0 du nombre d&rsquo;\u00e9toiles affich\u00e9es, les avis vous permettront \u00e9galement d&rsquo;avoir des renseignements pr\u00e9cieux sur la convivialit\u00e9 des propri\u00e9taires du camping, sur le niveau de propret\u00e9 des locaux et des sanitaires, sur l&rsquo;entretien de la piscine.<\/p>\n<p><img decoding=\"async\" class=\"img-responsive\" src=\"https:\/\/www.campings.com\/fr\/content\/wp-content\/uploads\/2021\/01\/quel-camping-choisir-ardeche-2.jpg\" alt=\"Quel camping choisir en Ard\u00e8che ?-2\" \/><\/p>\n<h2>Quelles sont les activit\u00e9s incontournables \u00e0 tester dans un camping en Ard\u00e8che ?<\/h2>\n<p>Le camping, au-del\u00e0 du plaisir de camper dehors, permet \u00e9galement de profiter de nombreuses activit\u00e9s, comme se baigner dans une piscine, participer \u00e0 des soir\u00e9es dansantes, etc.<\/p>\n<p>En outre, l&rsquo;Ard\u00e8che avec ses nombreux lieux naturels fa\u00e7onn\u00e9s par les rivi\u00e8res est propice au bien-\u00eatre et au retour aux sources. Les enfants peuvent retrouver les plaisirs simples d&rsquo;antan \u00e0 jouer dans la rivi\u00e8re et \u00e0 s&rsquo;\u00e9merveiller des tr\u00e9sors de la nature. Pour des activit\u00e9s plus sportives, le cano\u00e9 ou bien encore le rafting permettent de d\u00e9couvrir les endroits les plus cach\u00e9s des gorges et rivi\u00e8res aliment\u00e9es par le fleuve Rh\u00f4ne en Ard\u00e8che.<\/p>\n<p>Vous l&rsquo;aurez compris, les campings en Ard\u00e8che ont un avantage certain\u00a0: ils sont \u00e0 proximit\u00e9 de lieux exceptionnels si nombreux que vous devrez revenir pour tous les d\u00e9couvrir.<\/p>\n<p>Ainsi, si vous souhaitez passer vos prochaines vacances dans un camping en Ard\u00e8che vous pourrez profiter\u00a0:<\/p>\n<ul>\n<li>des <strong>activit\u00e9s nautiques<\/strong> en rivi\u00e8re ou sur un lac (ex. : cano\u00eb, rafting, etc.);<\/li>\n<li>des nombreux <strong>sentiers p\u00e9destres et cyclistes<\/strong> permettant de d\u00e9couvrir les gorges, les rivi\u00e8res et les monuments historiques de l&rsquo;Ard\u00e8che;<\/li>\n<li>des visites et des <strong>d\u00e9gustations<\/strong> organis\u00e9es dans de nombreux domaines viticoles;<\/li>\n<li>des espaces naturels et s\u00e9curis\u00e9s adapt\u00e9s \u00e0 la baignade;<\/li>\n<li>des activit\u00e9s et des services propos\u00e9s par les campings en Ard\u00e8che comme une piscine, un parc aquatique, un club enfant, un centre bien-\u00eatre, etc.<\/li>\n<\/ul>\n<p>Pendant l&rsquo;\u00e9t\u00e9, un point d&rsquo;eau est toujours appr\u00e9ciable pour se rafraichir et s&rsquo;amuser en famille ou entre amis. La grande majorit\u00e9 des campings en Ard\u00e8che proposent une piscine. Certains d&rsquo;entre eux proposent \u00e9galement un acc\u00e8s direct \u00e0 un lac naturel ou \u00e0 une rivi\u00e8re. Vous aurez ainsi le choix dans vos activit\u00e9s nautiques. Si vous avez des enfants &#8211; ou que vous \u00eates vous-m\u00eame un grand enfant &#8211; vous pouvez \u00e9galement retrouver en Ard\u00e8che des campings avec un parc aquatique en plus de la piscine.<\/p>\n<p>Pour celles et ceux souhaitant aussi prendre le temps de se reposer et de se d\u00e9tendre en vacances, sachez que certains campings en Ard\u00e8che comprennent \u00e9galement un espace bien-\u00eatre en plus d&rsquo;une piscine. Le camping en Ard\u00e8che permet donc de profiter d&rsquo;un lieu de vacances tout confort pour des vacances r\u00e9ussies.<\/p>\n<p><em>Nous vous recommandons ces autres pages\u00a0: <\/em><\/p>\n<ul>\n<li><a href=\"https:\/\/www.campings.com\/fr\/content\/tout-savoir-sur-le-camping\/top-destinations-camping-sur-la-cote-atlantique\/\">Quelles sont les top destinations camping sur la c\u00f4te atlantique ?<\/a><\/li>\n<li><a href=\"https:\/\/www.campings.com\/fr\/content\/tout-savoir-sur-le-camping\/top-destinations-camping-sur-la-cote-mediterraneenne\/\">Quelles sont les top destinations camping sur la c\u00f4te m\u00e9diterran\u00e9enne ?<\/a><\/li>\n<li><a href=\"https:\/\/www.campings.com\/fr\/content\/tout-savoir-sur-le-camping\/faire-du-camping-en-espagne\/\">Faire du camping en Espagne<\/a><\/li>\n<li><a href=\"https:\/\/www.campings.com\/fr\/content\/tout-savoir-sur-le-camping\/les-meilleurs-campings-en-italie\/\">Les meilleurs campings en Italie<\/a><\/li>\n<li><a href=\"https:\/\/www.campings.com\/fr\/content\/tout-savoir-sur-le-camping\/faire-du-camping-en-croatie\/\">Faire du camping en Croatie<\/a><\/li>\n<li><a href=\"https:\/\/www.campings.com\/fr\/content\/tout-savoir-sur-le-camping\/quel-camping-choisir-bretagne-\/\">Quel camping choisir en Bretagne ?<\/a><\/li>\n<li><a href=\"https:\/\/www.campings.com\/fr\/content\/tout-savoir-sur-le-camping\/quel-camping-choisir-dans-landes\/\">Quel camping choisir dans les Landes ?<\/a><\/li>\n<li><a href=\"https:\/\/www.campings.com\/fr\/content\/tout-savoir-sur-le-camping\/quel-camping-choisir-vendee\/\">Quel camping choisir en Vend\u00e9e ?<\/a><\/li>\n<li><a href=\"https:\/\/www.campings.com\/fr\/content\/tout-savoir-sur-le-camping\/quel-camping-choisir-corse\/\">Quel camping choisir en Corse ?<\/a><\/li>\n<\/ul>\n","protected":false},"excerpt":{"rendered":"<p>Au moment de programmer ses prochaines vacances en Ard\u00e8che, le camping comme h\u00e9bergement est toujours appr\u00e9ciable pour sa convivialit\u00e9 et les nombreux services propos\u00e9s sur place. Pour preuve, vous pouvez ais\u00e9ment constater que la France comprend de nombreux campings, que ce soit en bord de mer, en montagne ou dans l&rsquo;arri\u00e8re-pays. Mais o\u00f9 partir au [&hellip;]<\/p>\n","protected":false},"author":18,"featured_media":0,"parent":0,"menu_order":0,"comment_status":"closed","ping_status":"closed","template":"template-twocolumns.php","meta":{"_acf_changed":false,"footnotes":""},"class_list":["post-2081","page","type-page","status-publish","hentry"],"acf":[],"yoast_head":"<!-- This site is optimized with the Yoast SEO plugin v27.1.1 - https:\/\/yoast.com\/product\/yoast-seo-wordpress\/ -->\n<title>Quel camping choisir en Ard\u00e8che ?<\/title>\n<meta name=\"description\" content=\"Pour faire le bon choix de camping en Ard\u00e8che, nous vous pr\u00e9sentons les lieux incontournables \u00e0 visiter en vacances.\" \/>\n<meta name=\"robots\" content=\"index, follow, max-snippet:-1, max-image-preview:large, max-video-preview:-1\" \/>\n<link rel=\"canonical\" href=\"https:\/\/www.campings.com\/fr\/content\/quel-camping-choisir-ardeche\/\" \/>\n<meta property=\"og:locale\" content=\"fr_FR\" \/>\n<meta property=\"og:type\" content=\"article\" \/>\n<meta property=\"og:title\" content=\"Quel camping choisir en Ard\u00e8che ?\" \/>\n<meta property=\"og:description\" content=\"Pour faire le bon choix de camping en Ard\u00e8che, nous vous pr\u00e9sentons les lieux incontournables \u00e0 visiter en vacances.\" \/>\n<meta property=\"og:url\" content=\"https:\/\/www.campings.com\/fr\/content\/quel-camping-choisir-ardeche\/\" \/>\n<meta property=\"article:modified_time\" content=\"2021-01-31T23:09:12+00:00\" \/>\n<meta property=\"og:image\" content=\"https:\/\/www.campings.com\/fr\/content\/wp-content\/uploads\/2021\/01\/quel-camping-choisir-ardeche.jpg\" \/>\n<meta name=\"twitter:card\" content=\"summary_large_image\" \/>\n<meta name=\"twitter:label1\" content=\"Dur\u00e9e de lecture estim\u00e9e\" \/>\n\t<meta name=\"twitter:data1\" content=\"7 minutes\" \/>\n<script type=\"application\/ld+json\" class=\"yoast-schema-graph\">{\"@context\":\"https:\/\/schema.org\",\"@graph\":[{\"@type\":\"WebPage\",\"@id\":\"https:\/\/www.campings.com\/fr\/content\/quel-camping-choisir-ardeche\/\",\"url\":\"https:\/\/www.campings.com\/fr\/content\/quel-camping-choisir-ardeche\/\",\"name\":\"Quel camping choisir en Ard\u00e8che ?\",\"isPartOf\":{\"@id\":\"https:\/\/www.campings.com\/fr\/content\/#website\"},\"primaryImageOfPage\":{\"@id\":\"https:\/\/www.campings.com\/fr\/content\/quel-camping-choisir-ardeche\/#primaryimage\"},\"image\":{\"@id\":\"https:\/\/www.campings.com\/fr\/content\/quel-camping-choisir-ardeche\/#primaryimage\"},\"thumbnailUrl\":\"https:\/\/www.campings.com\/fr\/content\/wp-content\/uploads\/2021\/01\/quel-camping-choisir-ardeche.jpg\",\"datePublished\":\"2021-01-29T11:33:57+00:00\",\"dateModified\":\"2021-01-31T23:09:12+00:00\",\"description\":\"Pour faire le bon choix de camping en Ard\u00e8che, nous vous pr\u00e9sentons les lieux incontournables \u00e0 visiter en vacances.\",\"breadcrumb\":{\"@id\":\"https:\/\/www.campings.com\/fr\/content\/quel-camping-choisir-ardeche\/#breadcrumb\"},\"inLanguage\":\"fr-FR\",\"potentialAction\":[{\"@type\":\"ReadAction\",\"target\":[\"https:\/\/www.campings.com\/fr\/content\/quel-camping-choisir-ardeche\/\"]}]},{\"@type\":\"ImageObject\",\"inLanguage\":\"fr-FR\",\"@id\":\"https:\/\/www.campings.com\/fr\/content\/quel-camping-choisir-ardeche\/#primaryimage\",\"url\":\"https:\/\/www.campings.com\/fr\/content\/wp-content\/uploads\/2021\/01\/quel-camping-choisir-ardeche.jpg\",\"contentUrl\":\"https:\/\/www.campings.com\/fr\/content\/wp-content\/uploads\/2021\/01\/quel-camping-choisir-ardeche.jpg\",\"width\":1000,\"height\":665},{\"@type\":\"BreadcrumbList\",\"@id\":\"https:\/\/www.campings.com\/fr\/content\/quel-camping-choisir-ardeche\/#breadcrumb\",\"itemListElement\":[{\"@type\":\"ListItem\",\"position\":1,\"name\":\"Home\",\"item\":\"https:\/\/www.campings.com\/fr\/content\/\"},{\"@type\":\"ListItem\",\"position\":2,\"name\":\"Camping en Ard\u00e8che\u00a0: comment faire le bon choix ?\"}]},{\"@type\":\"WebSite\",\"@id\":\"https:\/\/www.campings.com\/fr\/content\/#website\",\"url\":\"https:\/\/www.campings.com\/fr\/content\/\",\"name\":\"\",\"description\":\"\",\"publisher\":{\"@id\":\"https:\/\/www.campings.com\/fr\/content\/#organization\"},\"potentialAction\":[{\"@type\":\"SearchAction\",\"target\":{\"@type\":\"EntryPoint\",\"urlTemplate\":\"https:\/\/www.campings.com\/fr\/content\/?s={search_term_string}\"},\"query-input\":{\"@type\":\"PropertyValueSpecification\",\"valueRequired\":true,\"valueName\":\"search_term_string\"}}],\"inLanguage\":\"fr-FR\"},{\"@type\":\"Organization\",\"@id\":\"https:\/\/www.campings.com\/fr\/content\/#organization\",\"name\":\"CAMPINGS.COM\",\"url\":\"https:\/\/www.campings.com\/fr\/content\/\",\"logo\":{\"@type\":\"ImageObject\",\"inLanguage\":\"fr-FR\",\"@id\":\"https:\/\/www.campings.com\/fr\/content\/#\/schema\/logo\/image\/\",\"url\":\"https:\/\/www.campings.com\/fr\/content\/wp-content\/uploads\/2019\/01\/cropped-logo-1.png\",\"contentUrl\":\"https:\/\/www.campings.com\/fr\/content\/wp-content\/uploads\/2019\/01\/cropped-logo-1.png\",\"width\":174,\"height\":42,\"caption\":\"CAMPINGS.COM\"},\"image\":{\"@id\":\"https:\/\/www.campings.com\/fr\/content\/#\/schema\/logo\/image\/\"}}]}<\/script>\n<!-- \/ Yoast SEO plugin. -->","yoast_head_json":{"title":"Quel camping choisir en Ard\u00e8che ?","description":"Pour faire le bon choix de camping en Ard\u00e8che, nous vous pr\u00e9sentons les lieux incontournables \u00e0 visiter en vacances.","robots":{"index":"index","follow":"follow","max-snippet":"max-snippet:-1","max-image-preview":"max-image-preview:large","max-video-preview":"max-video-preview:-1"},"canonical":"https:\/\/www.campings.com\/fr\/content\/quel-camping-choisir-ardeche\/","og_locale":"fr_FR","og_type":"article","og_title":"Quel camping choisir en Ard\u00e8che ?","og_description":"Pour faire le bon choix de camping en Ard\u00e8che, nous vous pr\u00e9sentons les lieux incontournables \u00e0 visiter en vacances.","og_url":"https:\/\/www.campings.com\/fr\/content\/quel-camping-choisir-ardeche\/","article_modified_time":"2021-01-31T23:09:12+00:00","og_image":[{"url":"https:\/\/www.campings.com\/fr\/content\/wp-content\/uploads\/2021\/01\/quel-camping-choisir-ardeche.jpg","type":"","width":"","height":""}],"twitter_card":"summary_large_image","twitter_misc":{"Dur\u00e9e de lecture estim\u00e9e":"7 minutes"},"schema":{"@context":"https:\/\/schema.org","@graph":[{"@type":"WebPage","@id":"https:\/\/www.campings.com\/fr\/content\/quel-camping-choisir-ardeche\/","url":"https:\/\/www.campings.com\/fr\/content\/quel-camping-choisir-ardeche\/","name":"Quel camping choisir en Ard\u00e8che ?","isPartOf":{"@id":"https:\/\/www.campings.com\/fr\/content\/#website"},"primaryImageOfPage":{"@id":"https:\/\/www.campings.com\/fr\/content\/quel-camping-choisir-ardeche\/#primaryimage"},"image":{"@id":"https:\/\/www.campings.com\/fr\/content\/quel-camping-choisir-ardeche\/#primaryimage"},"thumbnailUrl":"https:\/\/www.campings.com\/fr\/content\/wp-content\/uploads\/2021\/01\/quel-camping-choisir-ardeche.jpg","datePublished":"2021-01-29T11:33:57+00:00","dateModified":"2021-01-31T23:09:12+00:00","description":"Pour faire le bon choix de camping en Ard\u00e8che, nous vous pr\u00e9sentons les lieux incontournables \u00e0 visiter en vacances.","breadcrumb":{"@id":"https:\/\/www.campings.com\/fr\/content\/quel-camping-choisir-ardeche\/#breadcrumb"},"inLanguage":"fr-FR","potentialAction":[{"@type":"ReadAction","target":["https:\/\/www.campings.com\/fr\/content\/quel-camping-choisir-ardeche\/"]}]},{"@type":"ImageObject","inLanguage":"fr-FR","@id":"https:\/\/www.campings.com\/fr\/content\/quel-camping-choisir-ardeche\/#primaryimage","url":"https:\/\/www.campings.com\/fr\/content\/wp-content\/uploads\/2021\/01\/quel-camping-choisir-ardeche.jpg","contentUrl":"https:\/\/www.campings.com\/fr\/content\/wp-content\/uploads\/2021\/01\/quel-camping-choisir-ardeche.jpg","width":1000,"height":665},{"@type":"BreadcrumbList","@id":"https:\/\/www.campings.com\/fr\/content\/quel-camping-choisir-ardeche\/#breadcrumb","itemListElement":[{"@type":"ListItem","position":1,"name":"Home","item":"https:\/\/www.campings.com\/fr\/content\/"},{"@type":"ListItem","position":2,"name":"Camping en Ard\u00e8che\u00a0: comment faire le bon choix ?"}]},{"@type":"WebSite","@id":"https:\/\/www.campings.com\/fr\/content\/#website","url":"https:\/\/www.campings.com\/fr\/content\/","name":"","description":"","publisher":{"@id":"https:\/\/www.campings.com\/fr\/content\/#organization"},"potentialAction":[{"@type":"SearchAction","target":{"@type":"EntryPoint","urlTemplate":"https:\/\/www.campings.com\/fr\/content\/?s={search_term_string}"},"query-input":{"@type":"PropertyValueSpecification","valueRequired":true,"valueName":"search_term_string"}}],"inLanguage":"fr-FR"},{"@type":"Organization","@id":"https:\/\/www.campings.com\/fr\/content\/#organization","name":"CAMPINGS.COM","url":"https:\/\/www.campings.com\/fr\/content\/","logo":{"@type":"ImageObject","inLanguage":"fr-FR","@id":"https:\/\/www.campings.com\/fr\/content\/#\/schema\/logo\/image\/","url":"https:\/\/www.campings.com\/fr\/content\/wp-content\/uploads\/2019\/01\/cropped-logo-1.png","contentUrl":"https:\/\/www.campings.com\/fr\/content\/wp-content\/uploads\/2019\/01\/cropped-logo-1.png","width":174,"height":42,"caption":"CAMPINGS.COM"},"image":{"@id":"https:\/\/www.campings.com\/fr\/content\/#\/schema\/logo\/image\/"}}]}},"_links":{"self":[{"href":"https:\/\/www.campings.com\/fr\/content\/wp-json\/wp\/v2\/pages\/2081","targetHints":{"allow":["GET"]}}],"collection":[{"href":"https:\/\/www.campings.com\/fr\/content\/wp-json\/wp\/v2\/pages"}],"about":[{"href":"https:\/\/www.campings.com\/fr\/content\/wp-json\/wp\/v2\/types\/page"}],"author":[{"embeddable":true,"href":"https:\/\/www.campings.com\/fr\/content\/wp-json\/wp\/v2\/users\/18"}],"replies":[{"embeddable":true,"href":"https:\/\/www.campings.com\/fr\/content\/wp-json\/wp\/v2\/comments?post=2081"}],"version-history":[{"count":4,"href":"https:\/\/www.campings.com\/fr\/content\/wp-json\/wp\/v2\/pages\/2081\/revisions"}],"predecessor-version":[{"id":2204,"href":"https:\/\/www.campings.com\/fr\/content\/wp-json\/wp\/v2\/pages\/2081\/revisions\/2204"}],"wp:attachment":[{"href":"https:\/\/www.campings.com\/fr\/content\/wp-json\/wp\/v2\/media?parent=2081"}],"curies":[{"name":"wp","href":"https:\/\/api.w.org\/{rel}","templated":true}]}}