{"id":2079,"date":"2021-01-29T11:32:32","date_gmt":"2021-01-29T11:32:32","guid":{"rendered":"https:\/\/www.campings.com\/fr\/content\/?page_id=2079"},"modified":"2021-01-31T23:08:06","modified_gmt":"2021-01-31T23:08:06","slug":"quel-camping-choisir-corse","status":"publish","type":"page","link":"https:\/\/www.campings.com\/fr\/content\/quel-camping-choisir-corse\/","title":{"rendered":"Camping en Corse\u00a0: quelles sont les meilleures destinations\u00a0?"},"content":{"rendered":"<p>Des <strong>plages paradisiaques<\/strong> aux eaux turquoises et transparentes, la faune et la flore pr\u00e9serv\u00e9es, une multitude de <strong>petits villages de caract\u00e8re<\/strong> accroch\u00e9s aux flancs des montagnes,\u00a0des vignes et vergers pittoresques, des golfs sublimes, des stations baln\u00e9aires dont la notori\u00e9t\u00e9 n&rsquo;est plus \u00e0 faire&#8230; sans parler bien s\u00fbr de bien d&rsquo;autres sites touristiques d&rsquo;une grande beaut\u00e9, pour ne citer que les Bouches de Bonifacio, la citadelle de Calvi, le Cap Corse, les \u00eeles Lavezzi et la citadelle de Corte. Ancr\u00e9e entre la Toscane et la Sardaigne, la <strong>Corse, surnomm\u00e9e l&rsquo;Ile de Beaut\u00e9\u00a0\u00ab\u00a0<\/strong>, offre aux amoureux du camping de nombreuses opportunit\u00e9s de randonn\u00e9es, de d\u00e9tente et d&rsquo;\u00e9vasion.<\/p>\n<p>Mais quel camping choisir et <a href=\"https:\/\/www.campings.com\/fr\/content\/tout-savoir-sur-le-camping\/ou-partir-au-camping\/\">o\u00f9 partir au camping<\/a> en Corse\u00a0? Dans les lignes qui suivent, nous allons vous emmener \u00e0 la d\u00e9couverte de quelques <strong>campings estampill\u00e9s 4 ou 5 \u00e9toiles<\/strong>, ainsi que de quelques-unes des <strong>destinations les plus pris\u00e9es<\/strong> en Haute-Corse et en Corse du Sud.<\/p>\n<p><img decoding=\"async\" class=\"img-responsive\" src=\"https:\/\/www.campings.com\/fr\/content\/wp-content\/uploads\/2021\/01\/quel-camping-choisir-corse.jpg\" alt=\"Quel camping choisir en Corse ?-1\" \/><\/p>\n<h2>Haute-Corse\u00a0: tour d&rsquo;horizon des destinations phares<\/h2>\n<p>R\u00e9gion \u00e0 la beaut\u00e9 sauvage, la <strong>Haute-Corse<\/strong>, aussi connue sous le nom de <strong>Cismonte ou Di-Qua<\/strong>,\u00a0dispose d&rsquo;une multitude de spots paradisiaques qui ont de quoi conqu\u00e9rir les amoureux de la nature et les f\u00e9rus d&rsquo;aventures. Nous citerons notamment ses magnifiques plages parmi les plus belles de France, son fameux <a href=\"https:\/\/www.lepoint.fr\/societe\/corse-les-agriates-un-coin-de-paradis-pas-si-desert-10-01-2021-2408896_23.php\" target=\"_blank\" rel=\"noopener noreferrer\">d\u00e9sert des Agriates<\/a> et ses petites criques idylliques, ses myst\u00e9rieuses grottes, sans oublier la <strong>vall\u00e9e de la Restonica<\/strong> qui est l&rsquo;une des plus belles vall\u00e9es de Corse. Bref, autant de sites qui invitent \u00e0 la baignade et \u00e0 la randonn\u00e9e. Voici quelques-unes des destinations phares de la Haute-Corse pour faire du camping.<\/p>\n<h3>Calvi, 2\u00e8me destination touristique de Corse<\/h3>\n<p>Calvi est la 2\u00e8me ville la plus touristique de l&rsquo;\u00e0\u017dle de Beaut\u00e9, derri\u00e8re la ville de Porto-Vecchio (Corse du Sud). Calvi est \u00e9galement la capitale de la Balagne, r\u00e9gion touristique la plus pris\u00e9e de la Haute-Corse. Ville natale de Christophe Colomb, Calvi s\u00e9duit autant pour la <strong>beaut\u00e9 de ses sites<\/strong>, que pour son riche patrimoine historique et son dynamisme culturel.<\/p>\n<h3>L&rsquo;\u00e0\u017dle Rousse, l&rsquo;une des deux principales villes de la Balagne<\/h3>\n<p>L&rsquo;Ile Rousse est, avec Calvi, l&rsquo;une des deux principales villes de la Balagne. R\u00e9put\u00e9e pour son histoire, ses paysages superbes et ses couchers de soleil, elle poss\u00e8de de nombreuses plages propices \u00e0 des <strong>activit\u00e9s nautiques<\/strong> telles que plong\u00e9e, kayak ou planche \u00e0 voile.<\/p>\n<h3>Saint-Florent, 2\u00e8me port de plaisance de Corse<\/h3>\n<p>Monuments historiques et magnifiques plages (plage du Lotu, plage de l&rsquo;Ospedale, etc.) dominent \u00e0 Saint-Florent. Ses collines et falaises de calcaire sont propices \u00e0 une multitude d&rsquo;activit\u00e9s comme de l<strong>&lsquo;escalade<\/strong> ou de la <strong>randonn\u00e9e<\/strong>. Son port de plaisance est le 2\u00e8me le plus important de Corse, apr\u00e8s celui d&rsquo;Ajaccio.<\/p>\n<h3>Autres destinations pris\u00e9es en Haute-Corse<\/h3>\n<p>A part les villes ci-dessus, les vacanciers appr\u00e9cient \u00e9galement bien d&rsquo;<strong>autres destinations camping <\/strong>de la Haute-Corse,\u00a0parmi lesquelles figurent Ghisonaccia, Corte, Solaro, Moltifao, Monticello, Lumio, Gal\u00e9ria et Corbara.<\/p>\n<p>Pour ce qui concerne <strong>Bastia<\/strong>, elle ne propose qu&rsquo;un seul camping, celui des Sables Rouges. Mais il en existe plusieurs autres aux alentours de cette <strong>ville d&rsquo;Art et d&rsquo;Histoire<\/strong>. P\u00f4le gastronomique et oenologique de Corse, Bastia porte aussi le statut de premier port d&rsquo;entr\u00e9e de l&rsquo;\u00e0\u017dle de Beaut\u00e9.<\/p>\n<p><strong>Bon \u00e0 savoir<\/strong>\u00a0: la Haute-Corse compte plus d&rsquo;une centaine de campings, r\u00e9partis \u00e0 travers ses principales r\u00e9gions et micror\u00e9gions, dont le Cap Corse, le Grand Bastia, Saint-Florent, la Balagne (Calvi, \u00e0\u017dle Rousse), le Nebbio, la Casinca, la Castagniccia, la Costa Verde, l&rsquo;Oriente, le Cortenais, le Filosorma, le Niolu et la Vall\u00e9e du Golo.<\/p>\n<h2>Corse du Sud\u00a0: les destinations incontournables pour faire du camping<\/h2>\n<p>D\u00e9partement le plus touristique de l&rsquo;Ile de Beaut\u00e9, la Corse figure aussi parmi les destinations touristiques les plus pris\u00e9es du monde. Entre plages paradisiaques et \u00e9cosyst\u00e8me marin exceptionnel, villages pittoresques et culture marqu\u00e9e, montagnes majestueuses et activit\u00e9s multiples, la <strong>Corse-du-Sud<\/strong>, \u00e9galement<strong> appel\u00e9e Pumonti<\/strong>, poss\u00e8de tout ce qu&rsquo;il faut pour rendre vos vacances en camping inoubliables. Parmi les <strong>destinations les plus pris\u00e9es <\/strong>en Corse du Sud\u00a0figurent Porto Vecchio, Bonifacio et Zonza.<\/p>\n<h3>Porto Vecchio, 1\u00e8re destination touristique de Corse<\/h3>\n<p>Surnomm\u00e9e<strong> \u00a0\u00bb\u00a0la cit\u00e9 sel\u00a0\u00ab\u00a0, Porto Vecchio<\/strong> est la 1\u00e8re destination touristique de Corse. Cette ville est, entre autres, r\u00e9put\u00e9e pour ses superbes plages de sable blanc (Palombaggia, Cala Rossa et Santa Giulia). Porto-Vecchio se trouve \u00e9galement \u00e0 mi-chemin de la <a href=\"https:\/\/www.lefigaro.fr\/voyages\/la-corse-du-nord-au-sud-nos-cinq-plages-preferees-sur-l-ile-de-beaute-20200628\" target=\"_blank\" rel=\"noopener noreferrer\">baie de Rondinara<\/a>, une plage paradisiaque class\u00e9e dans le top\u00a010 des meilleures plages de Corse. Notons que de nombreuses personnalit\u00e9s (Laetitia Casta, Myl\u00e8ne Farmer, Paris Hilton, Nicolas Sarkozy et Carla Bruni) ont choisi d&rsquo;y \u00e9tablir une r\u00e9sidence secondaire.<\/p>\n<h3>Bonifacio, la \u00a0\u00bb\u00a0cit\u00e9 des falaises\u00a0\u00ab\u00a0<\/h3>\n<p>Ville de Corse du Sud perch\u00e9e en bord de falaise, Bonifacio est r\u00e9put\u00e9e pour ses paysages sublimes, la <strong>richesse sauvage<\/strong> de ses faunes et flores, ses calanques secr\u00e8tes,\u00a0ses grottes, ses falaises\u00a0et ses plages paradisiaques. Parmi les sites et lieux intournables de Bonifacio, surnomm\u00e9e \u00a0\u00bb\u00a0la cit\u00e9 des falaises\u00a0\u00ab\u00a0,\u00a0figurent sa vieille ville, son port de plaisance, sa citadelle,\u00a0ses monuments historiques (escalier du Roy d&rsquo;Aragon, Bastion de l&rsquo;Etendard, etc.), sans oublier les<strong> \u00eeles Lavezzi<\/strong> et leurs 2 cimeti\u00e8res marins.<\/p>\n<h3>Zonza, capitale touristique de l&rsquo;Alta-Rocca<\/h3>\n<p>Situ\u00e9 au coeur du Parc naturel r\u00e9gional de Corse, dans la r\u00e9gion de l&rsquo;Alta Rocca,\u00a0le village de Zonza est un lieu de vill\u00e9giature tr\u00e8s appr\u00e9ci\u00e9, en raison de sa localisation id\u00e9ale entre mer et montagne et aussi de sa proximit\u00e9 avec Porto-Vecchio et Bonifacio. Offrant de nombreuses possibilit\u00e9s d&rsquo;activit\u00e9s nature aux alentours, Zonza abrite aussi l&rsquo;hippodrome de Viseo, le plus haut d&rsquo;Europe. Elle poss\u00e8de deux tr\u00e8s belles plages de sable blanc, la plage de Pinarello et la plage de Fautea, ainsi qu&rsquo;un camping municipal, le <strong>Camping Municipal de Zonza<\/strong>, dot\u00e9 de 120 emplacements.<\/p>\n<h3>Autres destinations pris\u00e9es en Corse du Sud<\/h3>\n<p>Outre les villes cit\u00e9es ci-dessus, la Corse-du-Sud compte aussi d&rsquo;<strong>autres destinations populaires<\/strong> pour faire du camping en couple, entre amis ou en famille, telles que Propriano, Olmeto, Serra-di-Ferro, Ota, Sari-Solenzara, Sart\u00e8ne, Calcatoggio et Vico.<\/p>\n<p><strong>Bon \u00e0 savoir<\/strong>\u00a0: la Corse du Sud compte \u00e9galement une centaine de campings, diss\u00e9min\u00e9s \u00e0 travers ses principales r\u00e9gions et micror\u00e9gions, dont l&rsquo;Alta Rocca, la Vall\u00e9e du Prunelli, l&rsquo;Ouest Corse, le Sartenais-Valinco-Taravo, le Grand Ajaccio, l&rsquo;Ornano et le Grand Sud Corse.<\/p>\n<p><img decoding=\"async\" class=\"img-responsive\" src=\"https:\/\/www.campings.com\/fr\/content\/wp-content\/uploads\/2021\/01\/quel-camping-choisir-corse-2.jpg\" alt=\"Quel camping choisir en Corse ?-2\" \/><\/p>\n<h2>Campings \u00e9toil\u00e9s en Corse\u00a0: zoom sur 3 des meilleurs \u00e9tablissements<\/h2>\n<p>Vous souhaitez faire du camping en Corse du Nord pour vos prochaines vacances en famille\u00a0? Nous vous proposons de d\u00e9couvrir quelques <strong>campings\u00a04 et 5 \u00e9toiles de renom<\/strong>, parmi les meilleurs \u00e9tablissements que l&rsquo;on puisse trouver en Corse.<\/p>\n<h3>Le camping 5 \u00e9toiles Arinella Bianca (Ghisonaccia, Haute-Corse)<\/h3>\n<p>Situ\u00e9 entre mer et montagnes de la Costa Serena, l&rsquo;Arinella Bianca propose <strong>228 locations<\/strong> (bungalows et mobil-homes tout \u00e9quip\u00e9s et climatis\u00e9s) et <strong>99 emplacements spacieux<\/strong> pour tentes et camping-cars. Les vacanciers et leurs enfants y ont, entre autres, acc\u00e8s \u00e0 un parc tr\u00e8s arbor\u00e9, \u00e0 une piscine dot\u00e9e de 3 bassins, \u00e0 un espace baln\u00e9oth\u00e9rapie, \u00e0 un mini-club et d&rsquo;un club ados. Ils jouissent \u00e9galement de nombreuses activit\u00e9s et animations quotidiennes. Le <strong>camping<\/strong>\u00a0est \u00e9quip\u00e9 du\u00a0<strong>Wifi<\/strong> (payant).<\/p>\n<h3>Le camping 4 \u00e9toiles Marina d&rsquo;Erba Rossa (Ghisonaccia, Haute-Corse)<\/h3>\n<p>Situ\u00e9 en bord de mer avec un acc\u00e8s direct \u00e0 la plage, le Marina d&rsquo;Erba Rossa, quant \u00e0 lui, propose<strong> 600 emplacements am\u00e9nag\u00e9s<\/strong> pour tentes et camping-cars et<strong> 269 locations <\/strong>avec acc\u00e8s gratuit au <strong>Wifi <\/strong>au bar du camping. Outre d&rsquo;une piscine de plein air, les campeurs peuvent \u00e9galement s&rsquo;adonner \u00e0 diverses activit\u00e9s sportives (VTT, minigolf, ping-pong, tennis, volley, et basket). Diverses animations, spectacles et soir\u00e9es dansantes viennent \u00e9galement \u00e9gayer leur s\u00e9jour.<\/p>\n<h3>Le camping\u00a04 \u00e9toiles Acqua E Sole (Sainte-Lucie de Porto-Vecchio, Corse du Sud)<\/h3>\n<p>Situ\u00e9 \u00e0 Sainte-Lucie de Porto-Vecchio, \u00e0 proximit\u00e9 de la superbe plage de Pinarellu, le camping Acqua E Sole propose <strong>154 emplacements<\/strong> pour tentes et camping-cars, ainsi que<strong> 93 locations<\/strong> (mobil-homes climatis\u00e9s, bungalows et cottages sur pilotis). L&rsquo;\u00e9tablissement est \u00e9quip\u00e9, entre autres, d&rsquo;une piscine, d&rsquo;une pataugeoire et d&rsquo;un toboggan aquatique, ainsi que d&rsquo;une salle de jeux et d&rsquo;une aire de jeux d\u00e9di\u00e9es aux enfants. Les vacanciers peuvent, par ailleurs, choisir parmi un large panel d&rsquo;activit\u00e9s\u00a0: baignade, aquagym, fitness, p\u00e9tanque, volley, v\u00e9lo (il y en a en location), jeux de plein air pour les enfants, etc. Ils peuvent \u00e9galement <strong>profiter du Wifi<\/strong> (payant) depuis leur emplacement.<\/p>\n<p><em>Nous vous recommandons ces autres pages\u00a0: <\/em><\/p>\n<ul>\n<li><a href=\"https:\/\/www.campings.com\/fr\/content\/tout-savoir-sur-le-camping\/top-destinations-camping-sur-la-cote-atlantique\/\">Quelles sont les top destinations camping sur la c\u00f4te atlantique\u00a0?<\/a><\/li>\n<li><a href=\"https:\/\/www.campings.com\/fr\/content\/tout-savoir-sur-le-camping\/top-destinations-camping-sur-la-cote-mediterraneenne\/\">Quelles sont les top destinations camping sur la c\u00f4te m\u00e9diterran\u00e9enne\u00a0?<\/a><\/li>\n<li><a href=\"https:\/\/www.campings.com\/fr\/content\/tout-savoir-sur-le-camping\/faire-du-camping-en-espagne\/\">Faire du camping en Espagne<\/a><\/li>\n<li><a href=\"https:\/\/www.campings.com\/fr\/content\/tout-savoir-sur-le-camping\/les-meilleurs-campings-en-italie\/\">Les meilleurs campings en Italie<\/a><\/li>\n<li><a href=\"https:\/\/www.campings.com\/fr\/content\/tout-savoir-sur-le-camping\/faire-du-camping-en-croatie\/\">Faire du camping en Croatie<\/a><\/li>\n<li><a href=\"https:\/\/www.campings.com\/fr\/content\/tout-savoir-sur-le-camping\/quel-camping-choisir-bretagne-\/\">Quel camping choisir en Bretagne\u00a0?<\/a><\/li>\n<li><a href=\"https:\/\/www.campings.com\/fr\/content\/tout-savoir-sur-le-camping\/quel-camping-choisir-dans-landes\/\">Quel camping choisir dans les Landes\u00a0?<\/a><\/li>\n<li><a href=\"https:\/\/www.campings.com\/fr\/content\/tout-savoir-sur-le-camping\/quel-camping-choisir-vendee\/\">Quel camping choisir en Vend\u00e9e\u00a0?<\/a><\/li>\n<li><a href=\"https:\/\/www.campings.com\/fr\/content\/tout-savoir-sur-le-camping\/quel-camping-choisir-ardeche\/\">Quel camping choisir en Ard\u00e8che\u00a0?<\/a><\/li>\n<\/ul>\n","protected":false},"excerpt":{"rendered":"<p>Des plages paradisiaques aux eaux turquoises et transparentes, la faune et la flore pr\u00e9serv\u00e9es, une multitude de petits villages de caract\u00e8re accroch\u00e9s aux flancs des montagnes,\u00a0des vignes et vergers pittoresques, des golfs sublimes, des stations baln\u00e9aires dont la notori\u00e9t\u00e9 n&rsquo;est plus \u00e0 faire&#8230; sans parler bien s\u00fbr de bien d&rsquo;autres sites touristiques d&rsquo;une grande beaut\u00e9, [&hellip;]<\/p>\n","protected":false},"author":18,"featured_media":0,"parent":0,"menu_order":0,"comment_status":"closed","ping_status":"closed","template":"template-twocolumns.php","meta":{"_acf_changed":false,"footnotes":""},"class_list":["post-2079","page","type-page","status-publish","hentry"],"acf":[],"yoast_head":"<!-- This site is optimized with the Yoast SEO plugin v27.1.1 - https:\/\/yoast.com\/product\/yoast-seo-wordpress\/ -->\n<title>Quel camping choisir en Corse ?<\/title>\n<meta name=\"description\" content=\"D\u00e9couvrez quelques campings estampill\u00e9s 4 ou 5 \u00e9toiles, ainsi que quelques-unes des destinations les plus pris\u00e9es en Haute-Corse et en Corse du Sud.\" \/>\n<meta name=\"robots\" content=\"index, follow, max-snippet:-1, max-image-preview:large, max-video-preview:-1\" \/>\n<link rel=\"canonical\" href=\"https:\/\/www.campings.com\/fr\/content\/quel-camping-choisir-corse\/\" \/>\n<meta property=\"og:locale\" content=\"fr_FR\" \/>\n<meta property=\"og:type\" content=\"article\" \/>\n<meta property=\"og:title\" content=\"Quel camping choisir en Corse ?\" \/>\n<meta property=\"og:description\" content=\"D\u00e9couvrez quelques campings estampill\u00e9s 4 ou 5 \u00e9toiles, ainsi que quelques-unes des destinations les plus pris\u00e9es en Haute-Corse et en Corse du Sud.\" \/>\n<meta property=\"og:url\" content=\"https:\/\/www.campings.com\/fr\/content\/quel-camping-choisir-corse\/\" \/>\n<meta property=\"article:modified_time\" content=\"2021-01-31T23:08:06+00:00\" \/>\n<meta property=\"og:image\" content=\"https:\/\/www.campings.com\/fr\/content\/wp-content\/uploads\/2021\/01\/quel-camping-choisir-corse.jpg\" \/>\n<meta name=\"twitter:card\" content=\"summary_large_image\" \/>\n<meta name=\"twitter:label1\" content=\"Dur\u00e9e de lecture estim\u00e9e\" \/>\n\t<meta name=\"twitter:data1\" content=\"7 minutes\" \/>\n<script type=\"application\/ld+json\" class=\"yoast-schema-graph\">{\"@context\":\"https:\/\/schema.org\",\"@graph\":[{\"@type\":\"WebPage\",\"@id\":\"https:\/\/www.campings.com\/fr\/content\/quel-camping-choisir-corse\/\",\"url\":\"https:\/\/www.campings.com\/fr\/content\/quel-camping-choisir-corse\/\",\"name\":\"Quel camping choisir en Corse ?\",\"isPartOf\":{\"@id\":\"https:\/\/www.campings.com\/fr\/content\/#website\"},\"primaryImageOfPage\":{\"@id\":\"https:\/\/www.campings.com\/fr\/content\/quel-camping-choisir-corse\/#primaryimage\"},\"image\":{\"@id\":\"https:\/\/www.campings.com\/fr\/content\/quel-camping-choisir-corse\/#primaryimage\"},\"thumbnailUrl\":\"https:\/\/www.campings.com\/fr\/content\/wp-content\/uploads\/2021\/01\/quel-camping-choisir-corse.jpg\",\"datePublished\":\"2021-01-29T11:32:32+00:00\",\"dateModified\":\"2021-01-31T23:08:06+00:00\",\"description\":\"D\u00e9couvrez quelques campings estampill\u00e9s 4 ou 5 \u00e9toiles, ainsi que quelques-unes des destinations les plus pris\u00e9es en Haute-Corse et en Corse du Sud.\",\"breadcrumb\":{\"@id\":\"https:\/\/www.campings.com\/fr\/content\/quel-camping-choisir-corse\/#breadcrumb\"},\"inLanguage\":\"fr-FR\",\"potentialAction\":[{\"@type\":\"ReadAction\",\"target\":[\"https:\/\/www.campings.com\/fr\/content\/quel-camping-choisir-corse\/\"]}]},{\"@type\":\"ImageObject\",\"inLanguage\":\"fr-FR\",\"@id\":\"https:\/\/www.campings.com\/fr\/content\/quel-camping-choisir-corse\/#primaryimage\",\"url\":\"https:\/\/www.campings.com\/fr\/content\/wp-content\/uploads\/2021\/01\/quel-camping-choisir-corse.jpg\",\"contentUrl\":\"https:\/\/www.campings.com\/fr\/content\/wp-content\/uploads\/2021\/01\/quel-camping-choisir-corse.jpg\",\"width\":1000,\"height\":667},{\"@type\":\"BreadcrumbList\",\"@id\":\"https:\/\/www.campings.com\/fr\/content\/quel-camping-choisir-corse\/#breadcrumb\",\"itemListElement\":[{\"@type\":\"ListItem\",\"position\":1,\"name\":\"Home\",\"item\":\"https:\/\/www.campings.com\/fr\/content\/\"},{\"@type\":\"ListItem\",\"position\":2,\"name\":\"Camping en Corse\u00a0: quelles sont les meilleures destinations\u00a0?\"}]},{\"@type\":\"WebSite\",\"@id\":\"https:\/\/www.campings.com\/fr\/content\/#website\",\"url\":\"https:\/\/www.campings.com\/fr\/content\/\",\"name\":\"\",\"description\":\"\",\"publisher\":{\"@id\":\"https:\/\/www.campings.com\/fr\/content\/#organization\"},\"potentialAction\":[{\"@type\":\"SearchAction\",\"target\":{\"@type\":\"EntryPoint\",\"urlTemplate\":\"https:\/\/www.campings.com\/fr\/content\/?s={search_term_string}\"},\"query-input\":{\"@type\":\"PropertyValueSpecification\",\"valueRequired\":true,\"valueName\":\"search_term_string\"}}],\"inLanguage\":\"fr-FR\"},{\"@type\":\"Organization\",\"@id\":\"https:\/\/www.campings.com\/fr\/content\/#organization\",\"name\":\"CAMPINGS.COM\",\"url\":\"https:\/\/www.campings.com\/fr\/content\/\",\"logo\":{\"@type\":\"ImageObject\",\"inLanguage\":\"fr-FR\",\"@id\":\"https:\/\/www.campings.com\/fr\/content\/#\/schema\/logo\/image\/\",\"url\":\"https:\/\/www.campings.com\/fr\/content\/wp-content\/uploads\/2019\/01\/cropped-logo-1.png\",\"contentUrl\":\"https:\/\/www.campings.com\/fr\/content\/wp-content\/uploads\/2019\/01\/cropped-logo-1.png\",\"width\":174,\"height\":42,\"caption\":\"CAMPINGS.COM\"},\"image\":{\"@id\":\"https:\/\/www.campings.com\/fr\/content\/#\/schema\/logo\/image\/\"}}]}<\/script>\n<!-- \/ Yoast SEO plugin. -->","yoast_head_json":{"title":"Quel camping choisir en Corse ?","description":"D\u00e9couvrez quelques campings estampill\u00e9s 4 ou 5 \u00e9toiles, ainsi que quelques-unes des destinations les plus pris\u00e9es en Haute-Corse et en Corse du Sud.","robots":{"index":"index","follow":"follow","max-snippet":"max-snippet:-1","max-image-preview":"max-image-preview:large","max-video-preview":"max-video-preview:-1"},"canonical":"https:\/\/www.campings.com\/fr\/content\/quel-camping-choisir-corse\/","og_locale":"fr_FR","og_type":"article","og_title":"Quel camping choisir en Corse ?","og_description":"D\u00e9couvrez quelques campings estampill\u00e9s 4 ou 5 \u00e9toiles, ainsi que quelques-unes des destinations les plus pris\u00e9es en Haute-Corse et en Corse du Sud.","og_url":"https:\/\/www.campings.com\/fr\/content\/quel-camping-choisir-corse\/","article_modified_time":"2021-01-31T23:08:06+00:00","og_image":[{"url":"https:\/\/www.campings.com\/fr\/content\/wp-content\/uploads\/2021\/01\/quel-camping-choisir-corse.jpg","type":"","width":"","height":""}],"twitter_card":"summary_large_image","twitter_misc":{"Dur\u00e9e de lecture estim\u00e9e":"7 minutes"},"schema":{"@context":"https:\/\/schema.org","@graph":[{"@type":"WebPage","@id":"https:\/\/www.campings.com\/fr\/content\/quel-camping-choisir-corse\/","url":"https:\/\/www.campings.com\/fr\/content\/quel-camping-choisir-corse\/","name":"Quel camping choisir en Corse ?","isPartOf":{"@id":"https:\/\/www.campings.com\/fr\/content\/#website"},"primaryImageOfPage":{"@id":"https:\/\/www.campings.com\/fr\/content\/quel-camping-choisir-corse\/#primaryimage"},"image":{"@id":"https:\/\/www.campings.com\/fr\/content\/quel-camping-choisir-corse\/#primaryimage"},"thumbnailUrl":"https:\/\/www.campings.com\/fr\/content\/wp-content\/uploads\/2021\/01\/quel-camping-choisir-corse.jpg","datePublished":"2021-01-29T11:32:32+00:00","dateModified":"2021-01-31T23:08:06+00:00","description":"D\u00e9couvrez quelques campings estampill\u00e9s 4 ou 5 \u00e9toiles, ainsi que quelques-unes des destinations les plus pris\u00e9es en Haute-Corse et en Corse du Sud.","breadcrumb":{"@id":"https:\/\/www.campings.com\/fr\/content\/quel-camping-choisir-corse\/#breadcrumb"},"inLanguage":"fr-FR","potentialAction":[{"@type":"ReadAction","target":["https:\/\/www.campings.com\/fr\/content\/quel-camping-choisir-corse\/"]}]},{"@type":"ImageObject","inLanguage":"fr-FR","@id":"https:\/\/www.campings.com\/fr\/content\/quel-camping-choisir-corse\/#primaryimage","url":"https:\/\/www.campings.com\/fr\/content\/wp-content\/uploads\/2021\/01\/quel-camping-choisir-corse.jpg","contentUrl":"https:\/\/www.campings.com\/fr\/content\/wp-content\/uploads\/2021\/01\/quel-camping-choisir-corse.jpg","width":1000,"height":667},{"@type":"BreadcrumbList","@id":"https:\/\/www.campings.com\/fr\/content\/quel-camping-choisir-corse\/#breadcrumb","itemListElement":[{"@type":"ListItem","position":1,"name":"Home","item":"https:\/\/www.campings.com\/fr\/content\/"},{"@type":"ListItem","position":2,"name":"Camping en Corse\u00a0: quelles sont les meilleures destinations\u00a0?"}]},{"@type":"WebSite","@id":"https:\/\/www.campings.com\/fr\/content\/#website","url":"https:\/\/www.campings.com\/fr\/content\/","name":"","description":"","publisher":{"@id":"https:\/\/www.campings.com\/fr\/content\/#organization"},"potentialAction":[{"@type":"SearchAction","target":{"@type":"EntryPoint","urlTemplate":"https:\/\/www.campings.com\/fr\/content\/?s={search_term_string}"},"query-input":{"@type":"PropertyValueSpecification","valueRequired":true,"valueName":"search_term_string"}}],"inLanguage":"fr-FR"},{"@type":"Organization","@id":"https:\/\/www.campings.com\/fr\/content\/#organization","name":"CAMPINGS.COM","url":"https:\/\/www.campings.com\/fr\/content\/","logo":{"@type":"ImageObject","inLanguage":"fr-FR","@id":"https:\/\/www.campings.com\/fr\/content\/#\/schema\/logo\/image\/","url":"https:\/\/www.campings.com\/fr\/content\/wp-content\/uploads\/2019\/01\/cropped-logo-1.png","contentUrl":"https:\/\/www.campings.com\/fr\/content\/wp-content\/uploads\/2019\/01\/cropped-logo-1.png","width":174,"height":42,"caption":"CAMPINGS.COM"},"image":{"@id":"https:\/\/www.campings.com\/fr\/content\/#\/schema\/logo\/image\/"}}]}},"_links":{"self":[{"href":"https:\/\/www.campings.com\/fr\/content\/wp-json\/wp\/v2\/pages\/2079","targetHints":{"allow":["GET"]}}],"collection":[{"href":"https:\/\/www.campings.com\/fr\/content\/wp-json\/wp\/v2\/pages"}],"about":[{"href":"https:\/\/www.campings.com\/fr\/content\/wp-json\/wp\/v2\/types\/page"}],"author":[{"embeddable":true,"href":"https:\/\/www.campings.com\/fr\/content\/wp-json\/wp\/v2\/users\/18"}],"replies":[{"embeddable":true,"href":"https:\/\/www.campings.com\/fr\/content\/wp-json\/wp\/v2\/comments?post=2079"}],"version-history":[{"count":5,"href":"https:\/\/www.campings.com\/fr\/content\/wp-json\/wp\/v2\/pages\/2079\/revisions"}],"predecessor-version":[{"id":2203,"href":"https:\/\/www.campings.com\/fr\/content\/wp-json\/wp\/v2\/pages\/2079\/revisions\/2203"}],"wp:attachment":[{"href":"https:\/\/www.campings.com\/fr\/content\/wp-json\/wp\/v2\/media?parent=2079"}],"curies":[{"name":"wp","href":"https:\/\/api.w.org\/{rel}","templated":true}]}}