{"id":2077,"date":"2021-01-29T11:28:10","date_gmt":"2021-01-29T11:28:10","guid":{"rendered":"https:\/\/www.campings.com\/fr\/content\/?page_id=2077"},"modified":"2021-01-31T23:07:43","modified_gmt":"2021-01-31T23:07:43","slug":"quel-camping-choisir-vendee","status":"publish","type":"page","link":"https:\/\/www.campings.com\/fr\/content\/quel-camping-choisir-vendee\/","title":{"rendered":"Choisir son camping pour des vacances en Vend\u00e9e"},"content":{"rendered":"<p><a href=\"https:\/\/www.campings.com\/fr\/content\/tout-savoir-sur-le-camping\/ou-partir-au-camping\/\">O\u00f9 partir au camping<\/a>\u00a0? La <strong>Vend\u00e9e<\/strong> est la seconde destination vacances des Fran\u00e7ais. Id\u00e9alement situ\u00e9e dans la r\u00e9gion des <strong>Pays de la Loire<\/strong>, au bord de l&rsquo;oc\u00e9an Atlantique, la Vend\u00e9e est appr\u00e9ci\u00e9e des amoureux de la nature, de sport aquatique et de douceur de vivre. Partir en vacances en bord de mer en camping, entre <strong>Saint-Jean-de Monts<\/strong>, Les Sables-d&rsquo;Olonne, l&rsquo;\u00eele d&rsquo;Yeu ou Saint-Hilaire-de-Riez, est un excellent choix. D\u00e9couvrez la Vend\u00e9e comme vous ne l&rsquo;avez jamais vue avec ses marais salants et l&rsquo;<strong>\u00eele de Noirmoutier<\/strong>. Passez vos vacances dans la campagne vend\u00e9enne, avec des offres de s\u00e9jours en campings loin de l&rsquo;agitation des plages. Choisissez une location, un mobil home ou un s\u00e9jour \u00e0 la carte en bord de mer et profitez de <strong>vacances en camping en famille<\/strong> avec club pour enfants, piscine couverte ou espace aquatique.<\/p>\n<p><img decoding=\"async\" class=\"img-responsive\" src=\"https:\/\/www.campings.com\/fr\/content\/wp-content\/uploads\/2021\/01\/quel-camping-choisir-vendee.jpg\" alt=\"Quel camping choisir en Vend\u00e9e ?-1\" \/><\/p>\n<h2>S\u00e9jour en camping en Vend\u00e9e\u00a0: des vacances en famille en bord de mer<\/h2>\n<p>Reconnue pour la douceur de son climat et son ensoleillement particuli\u00e8rement intense, la Vend\u00e9e vous accueille avec ses plages de sable fin o\u00f9 la vie s&rsquo;\u00e9coule entre pin\u00e8des, bord de mer et arri\u00e8re-pays vallonn\u00e9. Pour un <strong>s\u00e9jour familial<\/strong>, pensez \u00e0 r\u00e9server un mobil home dans un des nombreux <strong>campings \u00e9toil\u00e9s<\/strong> du littoral. Situ\u00e9s dans un domaine d\u00e9di\u00e9 \u00e0 la nature, les campings de Vend\u00e9e vous proposent\u00a0:<\/p>\n<ul>\n<li>une location de caravane\u00a0;<\/li>\n<li>un <strong>mobil home<\/strong>\u00a0;<\/li>\n<li>un emplacement pour votre camping-car\u00a0;<\/li>\n<li>un h\u00e9bergement sous tente.<\/li>\n<\/ul>\n<p>Chaque camping, situ\u00e9 entre Saint-Jean-de-Monts au nord et Aiguillon-sur-Mer au sud, vous offre un s\u00e9jour familial o\u00f9 vos enfants profiteront des joies de l&rsquo;oc\u00e9an Atlantique et de douces nuits au coeur d&rsquo;un domaine naturel pr\u00e9serv\u00e9.<\/p>\n<h3>Choisir un camping en Vend\u00e9e entre Saint-Jean-de-Mont et Les Sables-d&rsquo;Olonne<\/h3>\n<p>Int\u00e9ressons-nous \u00e0 la partie nord de la Vend\u00e9e entre <strong>Saint-Jean-de-Mont<\/strong> et Les Sables-d&rsquo;Olonne. Le littoral poss\u00e8de de belles plages, accessibles parfois depuis une pin\u00e8de apportant ombre et fra\u00eecheur l&rsquo;\u00e9t\u00e9.<\/p>\n<h3>Les campings \u00e9toil\u00e9s \u00e0 Saint-Jean-de-Mont<\/h3>\n<p><a href=\"https:\/\/paysdesaintjeandemonts.fr\/saint-jean-de-monts\/\" target=\"_blank\" rel=\"noopener noreferrer\">Saint-Jean-de-Mont<\/a> et ses <strong>campings \u00e9toil\u00e9s<\/strong> vous accueillent pour un s\u00e9jour familial dans un camping avec acc\u00e8s direct \u00e0 la mer. Des h\u00e9bergements de choix en mobil home sont accessibles tout au long de l&rsquo;ann\u00e9e. Fl\u00e2nez sur la jet\u00e9e ou d\u00e9couvrez la nature environnante \u00e0 cheval ou \u00e0 v\u00e9lo. Votre location ne sera jamais loin de la mer. Vos enfants profiteront de la plage et du club enfant (en saison). De nombreuses animations sont incluses dans le prix de la location\u00a0:<\/p>\n<ul>\n<li>soir\u00e9es \u00e0 th\u00e8me\u00a0;<\/li>\n<li>nuits de l&rsquo;astronomie\u00a0;<\/li>\n<li>jeux en famille\u00a0;<\/li>\n<li><strong>club pour les enfants<\/strong>.<\/li>\n<\/ul>\n<p>Pensez \u00e0 r\u00e9server votre s\u00e9jour pour vos vacances \u00e0 Saint-Jean-de-Mont\u00a0; les campings sont rapidement complets.<\/p>\n<h3>Vos vacances \u00e0 Saint-Gille-Croix-de-Vie<\/h3>\n<p><strong>Saint-Gilles-Croix-de-Vie<\/strong> est un port de p\u00eache r\u00e9put\u00e9. Plus petite que Saint-Jean-de-Monts, la ville de <a href=\"https:\/\/www.payssaintgilles-tourisme.fr\/se-divertir\/decouvrir-le-pays-de-saint-gilles-croix-de-vie\" target=\"_blank\" rel=\"noopener noreferrer\">Saint-Gilles-Croix-de-Vie<\/a> s&rsquo;\u00e9tend entre petites rues bord\u00e9es de maisons blanches aux volets g\u00e9n\u00e9ralement bleus d&rsquo;un c\u00f4t\u00e9 et <strong>port de p\u00eache<\/strong> de l&rsquo;autre. Vous pourrez acheter \u00e0 petit prix du poisson vendu \u00e0 la cri\u00e9e, situ\u00e9e pr\u00e8s du port. Vos enfants aimeront l&rsquo;ancien carrousel aux chevaux de bois, v\u00e9ritable institution \u00e0 Saint-Gilles.<\/p>\n<h3>Direction les campings de Br\u00e9tignolles-sur-Mer et de Brem-sur-Mer<\/h3>\n<p>En partant de Saint-Gilles, en direction des Sables-d&rsquo;Olonne, vous traverserez <strong>Br\u00e9tignolles-sur-Mer<\/strong> et Brem. Vous pourrez y louer un mobil home dans un <strong>camping familial<\/strong> o\u00f9 les prix des h\u00e9bergements sont moins \u00e9lev\u00e9s qu&rsquo;\u00e0 Saint-Jean-de-Mont ou Saint Gilles. Des campings \u00e9toil\u00e9s mettent \u00e0 la location tant des caravanes que des mobil home ou des emplacements pour y planter votre tente. Situ\u00e9s \u00e0 proximit\u00e9 des plages, vous pourrez vous baigner dans la piscine chauff\u00e9e couverte ou non tout en b\u00e9n\u00e9ficiant d&rsquo;un espace aquatique adapt\u00e9 aux enfants.<\/p>\n<p>Partez pour un moment en famille et ramassez des coquillages sur les rochers \u00e0 mar\u00e9e basse. D\u00e9couvrez le <strong>rocher Sainte V\u00e9ronique<\/strong> \u00e0 Br\u00e9tignolles qui se dresse fi\u00e8rement aux quatre vents.<\/p>\n<h3>Arriv\u00e9e aux Sables-d&rsquo;Olonne et sa plage nature<\/h3>\n<p>On ne pr\u00e9sente plus <strong>Les Sables-d&rsquo;Olonne<\/strong>. Joyau de la baignade pour un s\u00e9jour familial r\u00e9ussi, la plage des Sables remporte les meilleurs avis sur la <strong>qualit\u00e9 des s\u00e9jours<\/strong> propos\u00e9s par la ville. L&rsquo;offre en mati\u00e8re de campings est tr\u00e8s attractive, m\u00eame si ces derniers sont un peu \u00e9loign\u00e9s du centre-ville. Vous trouverez au sud des Sables-d&rsquo;Olonne, un espace casino ouvert toutes les nuits d&rsquo;\u00e9t\u00e9 ainsi qu&rsquo;un <strong>espace aquatique<\/strong> chauff\u00e9, si votre camping n&rsquo;en poss\u00e8de pas.<\/p>\n<p>Ne manquez pas la visite du <a href=\"https:\/\/www.lessablesdolonne-tourisme.com\/fiche\/detail\/542\/Decouvrir~Patrimoine~Monuments\/prieure-saint-nicolas\" target=\"_blank\" rel=\"noopener noreferrer\">Prieur\u00e9 Saint Nicolas<\/a>, embl\u00e8me de l&rsquo;architecture locale, id\u00e9alement situ\u00e9 \u00e0 l&rsquo;entr\u00e9e du Port des Sables-d&rsquo;Olonne. Vous pourrez y admirer la baie des Sables et d\u00e9couvrir son histoire remontant au XIe si\u00e8cle.<\/p>\n<p><img decoding=\"async\" class=\"img-responsive\" src=\"https:\/\/www.campings.com\/fr\/content\/wp-content\/uploads\/2021\/01\/quel-camping-choisir-vendee-2.jpg\" alt=\"Quel camping choisir en Vend\u00e9e ?-2\" \/><\/p>\n<h2>Camping en France\u00a0: la Vend\u00e9e vous attend<\/h2>\n<p>Pour des <strong>vacances en famille<\/strong> ou un s\u00e9jour sportif, la Vend\u00e9e partage avec vous l&rsquo;Atlantique, les plages, la nature, les roses tr\u00e9mi\u00e8res et ses maisons basses aux tuiles roses. Profitez d&rsquo;un s\u00e9jour en Vend\u00e9e en famille et offrez-vous, ainsi qu&rsquo;\u00e0 vos enfants, des plages \u00e0 perte de vue, des <strong>promenades \u00e0 cheval<\/strong> ou la d\u00e9couverte de la p\u00eache \u00e0 pied. La Vend\u00e9e c&rsquo;est aussi un terroir avec la <strong>culture ostr\u00e9icole<\/strong>, l&rsquo;\u00eele de Noirmoutier et l&rsquo;\u00eele d&rsquo;Yeu, sans oublier le Puy du Fou.<\/p>\n<h3>Suivez la route des hu\u00eetres en Vend\u00e9e<\/h3>\n<p>Profitez de vos vacances pour r\u00e9aliser un p\u00e9riple en changeant de camping chaque soir. Pensez \u00e0 r\u00e9server vos nuits d&rsquo;h\u00e9bergement et d\u00e9couvrez la Vend\u00e9e en visitant les <strong>parcs \u00e0 hu\u00eetres<\/strong> du littoral atlantique\u00a0:<\/p>\n<ul>\n<li>Bernerie-en-Retz\u00a0;<\/li>\n<li>les Moutiers-en-Retz\u00a0;<\/li>\n<li>Bouin\u00a0;<\/li>\n<li>Beauvoir-sur-Mer\u00a0;<\/li>\n<li>la Barre-de-Monts\u00a0;<\/li>\n<li><strong>Talmont-Saint-Hilaire<\/strong>\u00a0;<\/li>\n<li>l&rsquo;Aiguillon-sur-Mer.<\/li>\n<\/ul>\n<p>N&rsquo;oubliez pas de visiter Talmont-Saint-Hilaire class\u00e9 au Grand Ensemble Naturel depuis 2007. Profitez de 16\u00a0km de littoral o\u00f9 criques, for\u00eats et galets rythment la vie des marais et de la lagune aux eaux turquoises.<\/p>\n<h3>L&rsquo;\u00eele de Noirmoutier et l&rsquo;\u00eele d&rsquo;Yeu<\/h3>\n<p>Accessible \u00e0 pied par <strong>le Gois<\/strong> ou par un pont, l&rsquo;<strong>\u00eele de Noirmoutier<\/strong> est un domaine pr\u00e9serv\u00e9 o\u00f9 nature, atlantique et moulins \u00e0 vent rythment la vie de l&rsquo;\u00eele. Offrez-vous un <strong>s\u00e9jour en camping<\/strong> sur l&rsquo;\u00eele. Peu nombreux, ils sauront vous accueillir en famille pour des vacances o\u00f9 vos nuits seront berc\u00e9es par la mer et vos journ\u00e9es par de belles baignades.<\/p>\n<p>L&rsquo;<strong>\u00eele d&rsquo;Yeu<\/strong> est uniquement accessible par la mer. Impossible de s&rsquo;y d\u00e9placer en voiture, sauf pour les riverains. Profitez des offres de <strong>location de v\u00e9los<\/strong> et partez d\u00e9couvrir la partie sauvage de l&rsquo;\u00eele entre vents, mar\u00e9es et plage.<\/p>\n<h3>S\u00e9jour en camping au Puy du Fou<\/h3>\n<p>Nous ne pouvions refermer cette page sans mentionner le parc du <strong>Puy du Fou<\/strong>. Situ\u00e9 entre Cholet et La-Roche-sur-Yon, pr\u00e9fecture de la Vend\u00e9e, le parc du Puy du Fou propose des <strong>spectacles et animations<\/strong> grandeur nature \u00e0 travers le temps et les si\u00e8cles. Accessible depuis l&rsquo;a\u00e9roport de Nantes par une navette, vous pouvez \u00e9galement allonger votre s\u00e9jour en s\u00e9lectionnant un camping \u00e0 proximit\u00e9 o\u00f9 vous pourrez profiter d&rsquo;un <strong>h\u00e9bergement en mobil home<\/strong>, d&rsquo;une piscine chauff\u00e9e et d&rsquo;animations en famille.<\/p>\n<p>La Vend\u00e9e est donc un petit coin de France o\u00f9 il fait bon passer ses vacances. En <strong>location<\/strong>, en camping ou en camping-car, venez \u00e0 la rencontre de la Vend\u00e9e pour un s\u00e9jour dont vous vous souviendrez longtemps.<\/p>\n<p><em>Nous vous recommandons ces autres pages\u00a0: <\/em><\/p>\n<ul>\n<li><a href=\"https:\/\/www.campings.com\/fr\/content\/tout-savoir-sur-le-camping\/top-destinations-camping-sur-la-cote-atlantique\/\">Quelles sont les top destinations camping sur la c\u00f4te atlantique\u00a0?<\/a><\/li>\n<li><a href=\"https:\/\/www.campings.com\/fr\/content\/tout-savoir-sur-le-camping\/top-destinations-camping-sur-la-cote-mediterraneenne\/\">Quelles sont les top destinations camping sur la c\u00f4te m\u00e9diterran\u00e9enne\u00a0?<\/a><\/li>\n<li><a href=\"https:\/\/www.campings.com\/fr\/content\/tout-savoir-sur-le-camping\/faire-du-camping-en-espagne\/\">Faire du camping en Espagne<\/a><\/li>\n<li><a href=\"https:\/\/www.campings.com\/fr\/content\/tout-savoir-sur-le-camping\/les-meilleurs-campings-en-italie\/\">Les meilleurs campings en Italie<\/a><\/li>\n<li><a href=\"https:\/\/www.campings.com\/fr\/content\/tout-savoir-sur-le-camping\/faire-du-camping-en-croatie\/\">Faire du camping en Croatie<\/a><\/li>\n<li><a href=\"https:\/\/www.campings.com\/fr\/content\/tout-savoir-sur-le-camping\/quel-camping-choisir-bretagne-\/\">Quel camping choisir en Bretagne\u00a0?<\/a><\/li>\n<li><a href=\"https:\/\/www.campings.com\/fr\/content\/tout-savoir-sur-le-camping\/quel-camping-choisir-dans-landes\/\">Quel camping choisir dans les Landes\u00a0?<\/a><\/li>\n<li><a href=\"https:\/\/www.campings.com\/fr\/content\/tout-savoir-sur-le-camping\/quel-camping-choisir-corse\/\">Quel camping choisir en Corse\u00a0?<\/a><\/li>\n<li><a href=\"https:\/\/www.campings.com\/fr\/content\/tout-savoir-sur-le-camping\/quel-camping-choisir-ardeche\/\">Quel camping choisir en Ard\u00e8che\u00a0?<\/a><\/li>\n<\/ul>\n","protected":false},"excerpt":{"rendered":"<p>O\u00f9 partir au camping\u00a0? La Vend\u00e9e est la seconde destination vacances des Fran\u00e7ais. Id\u00e9alement situ\u00e9e dans la r\u00e9gion des Pays de la Loire, au bord de l&rsquo;oc\u00e9an Atlantique, la Vend\u00e9e est appr\u00e9ci\u00e9e des amoureux de la nature, de sport aquatique et de douceur de vivre. Partir en vacances en bord de mer en camping, entre [&hellip;]<\/p>\n","protected":false},"author":18,"featured_media":0,"parent":0,"menu_order":0,"comment_status":"closed","ping_status":"closed","template":"template-twocolumns.php","meta":{"_acf_changed":false,"footnotes":""},"class_list":["post-2077","page","type-page","status-publish","hentry"],"acf":[],"yoast_head":"<!-- This site is optimized with the Yoast SEO plugin v27.1.1 - https:\/\/yoast.com\/product\/yoast-seo-wordpress\/ -->\n<title>Quel camping choisir en Vend\u00e9e ?<\/title>\n<meta name=\"description\" content=\"Vacances en camping en Vend\u00e9e : bord de mer ou arri\u00e8re-pays vend\u00e9en, s\u00e9jour en famille en mobil home ou s\u00e9jour nature, la vie est douce en Vend\u00e9e.\" \/>\n<meta name=\"robots\" content=\"index, follow, max-snippet:-1, max-image-preview:large, max-video-preview:-1\" \/>\n<link rel=\"canonical\" href=\"https:\/\/www.campings.com\/fr\/content\/quel-camping-choisir-vendee\/\" \/>\n<meta property=\"og:locale\" content=\"fr_FR\" \/>\n<meta property=\"og:type\" content=\"article\" \/>\n<meta property=\"og:title\" content=\"Quel camping choisir en Vend\u00e9e ?\" \/>\n<meta property=\"og:description\" content=\"Vacances en camping en Vend\u00e9e : bord de mer ou arri\u00e8re-pays vend\u00e9en, s\u00e9jour en famille en mobil home ou s\u00e9jour nature, la vie est douce en Vend\u00e9e.\" \/>\n<meta property=\"og:url\" content=\"https:\/\/www.campings.com\/fr\/content\/quel-camping-choisir-vendee\/\" \/>\n<meta property=\"article:modified_time\" content=\"2021-01-31T23:07:43+00:00\" \/>\n<meta property=\"og:image\" content=\"https:\/\/www.campings.com\/fr\/content\/wp-content\/uploads\/2021\/01\/quel-camping-choisir-vendee.jpg\" \/>\n<meta name=\"twitter:card\" content=\"summary_large_image\" \/>\n<meta name=\"twitter:label1\" content=\"Dur\u00e9e de lecture estim\u00e9e\" \/>\n\t<meta name=\"twitter:data1\" content=\"7 minutes\" \/>\n<script type=\"application\/ld+json\" class=\"yoast-schema-graph\">{\"@context\":\"https:\/\/schema.org\",\"@graph\":[{\"@type\":\"WebPage\",\"@id\":\"https:\/\/www.campings.com\/fr\/content\/quel-camping-choisir-vendee\/\",\"url\":\"https:\/\/www.campings.com\/fr\/content\/quel-camping-choisir-vendee\/\",\"name\":\"Quel camping choisir en Vend\u00e9e ?\",\"isPartOf\":{\"@id\":\"https:\/\/www.campings.com\/fr\/content\/#website\"},\"primaryImageOfPage\":{\"@id\":\"https:\/\/www.campings.com\/fr\/content\/quel-camping-choisir-vendee\/#primaryimage\"},\"image\":{\"@id\":\"https:\/\/www.campings.com\/fr\/content\/quel-camping-choisir-vendee\/#primaryimage\"},\"thumbnailUrl\":\"https:\/\/www.campings.com\/fr\/content\/wp-content\/uploads\/2021\/01\/quel-camping-choisir-vendee.jpg\",\"datePublished\":\"2021-01-29T11:28:10+00:00\",\"dateModified\":\"2021-01-31T23:07:43+00:00\",\"description\":\"Vacances en camping en Vend\u00e9e : bord de mer ou arri\u00e8re-pays vend\u00e9en, s\u00e9jour en famille en mobil home ou s\u00e9jour nature, la vie est douce en Vend\u00e9e.\",\"breadcrumb\":{\"@id\":\"https:\/\/www.campings.com\/fr\/content\/quel-camping-choisir-vendee\/#breadcrumb\"},\"inLanguage\":\"fr-FR\",\"potentialAction\":[{\"@type\":\"ReadAction\",\"target\":[\"https:\/\/www.campings.com\/fr\/content\/quel-camping-choisir-vendee\/\"]}]},{\"@type\":\"ImageObject\",\"inLanguage\":\"fr-FR\",\"@id\":\"https:\/\/www.campings.com\/fr\/content\/quel-camping-choisir-vendee\/#primaryimage\",\"url\":\"https:\/\/www.campings.com\/fr\/content\/wp-content\/uploads\/2021\/01\/quel-camping-choisir-vendee.jpg\",\"contentUrl\":\"https:\/\/www.campings.com\/fr\/content\/wp-content\/uploads\/2021\/01\/quel-camping-choisir-vendee.jpg\",\"width\":1000,\"height\":667},{\"@type\":\"BreadcrumbList\",\"@id\":\"https:\/\/www.campings.com\/fr\/content\/quel-camping-choisir-vendee\/#breadcrumb\",\"itemListElement\":[{\"@type\":\"ListItem\",\"position\":1,\"name\":\"Home\",\"item\":\"https:\/\/www.campings.com\/fr\/content\/\"},{\"@type\":\"ListItem\",\"position\":2,\"name\":\"Choisir son camping pour des vacances en Vend\u00e9e\"}]},{\"@type\":\"WebSite\",\"@id\":\"https:\/\/www.campings.com\/fr\/content\/#website\",\"url\":\"https:\/\/www.campings.com\/fr\/content\/\",\"name\":\"\",\"description\":\"\",\"publisher\":{\"@id\":\"https:\/\/www.campings.com\/fr\/content\/#organization\"},\"potentialAction\":[{\"@type\":\"SearchAction\",\"target\":{\"@type\":\"EntryPoint\",\"urlTemplate\":\"https:\/\/www.campings.com\/fr\/content\/?s={search_term_string}\"},\"query-input\":{\"@type\":\"PropertyValueSpecification\",\"valueRequired\":true,\"valueName\":\"search_term_string\"}}],\"inLanguage\":\"fr-FR\"},{\"@type\":\"Organization\",\"@id\":\"https:\/\/www.campings.com\/fr\/content\/#organization\",\"name\":\"CAMPINGS.COM\",\"url\":\"https:\/\/www.campings.com\/fr\/content\/\",\"logo\":{\"@type\":\"ImageObject\",\"inLanguage\":\"fr-FR\",\"@id\":\"https:\/\/www.campings.com\/fr\/content\/#\/schema\/logo\/image\/\",\"url\":\"https:\/\/www.campings.com\/fr\/content\/wp-content\/uploads\/2019\/01\/cropped-logo-1.png\",\"contentUrl\":\"https:\/\/www.campings.com\/fr\/content\/wp-content\/uploads\/2019\/01\/cropped-logo-1.png\",\"width\":174,\"height\":42,\"caption\":\"CAMPINGS.COM\"},\"image\":{\"@id\":\"https:\/\/www.campings.com\/fr\/content\/#\/schema\/logo\/image\/\"}}]}<\/script>\n<!-- \/ Yoast SEO plugin. -->","yoast_head_json":{"title":"Quel camping choisir en Vend\u00e9e ?","description":"Vacances en camping en Vend\u00e9e : bord de mer ou arri\u00e8re-pays vend\u00e9en, s\u00e9jour en famille en mobil home ou s\u00e9jour nature, la vie est douce en Vend\u00e9e.","robots":{"index":"index","follow":"follow","max-snippet":"max-snippet:-1","max-image-preview":"max-image-preview:large","max-video-preview":"max-video-preview:-1"},"canonical":"https:\/\/www.campings.com\/fr\/content\/quel-camping-choisir-vendee\/","og_locale":"fr_FR","og_type":"article","og_title":"Quel camping choisir en Vend\u00e9e ?","og_description":"Vacances en camping en Vend\u00e9e : bord de mer ou arri\u00e8re-pays vend\u00e9en, s\u00e9jour en famille en mobil home ou s\u00e9jour nature, la vie est douce en Vend\u00e9e.","og_url":"https:\/\/www.campings.com\/fr\/content\/quel-camping-choisir-vendee\/","article_modified_time":"2021-01-31T23:07:43+00:00","og_image":[{"url":"https:\/\/www.campings.com\/fr\/content\/wp-content\/uploads\/2021\/01\/quel-camping-choisir-vendee.jpg","type":"","width":"","height":""}],"twitter_card":"summary_large_image","twitter_misc":{"Dur\u00e9e de lecture estim\u00e9e":"7 minutes"},"schema":{"@context":"https:\/\/schema.org","@graph":[{"@type":"WebPage","@id":"https:\/\/www.campings.com\/fr\/content\/quel-camping-choisir-vendee\/","url":"https:\/\/www.campings.com\/fr\/content\/quel-camping-choisir-vendee\/","name":"Quel camping choisir en Vend\u00e9e ?","isPartOf":{"@id":"https:\/\/www.campings.com\/fr\/content\/#website"},"primaryImageOfPage":{"@id":"https:\/\/www.campings.com\/fr\/content\/quel-camping-choisir-vendee\/#primaryimage"},"image":{"@id":"https:\/\/www.campings.com\/fr\/content\/quel-camping-choisir-vendee\/#primaryimage"},"thumbnailUrl":"https:\/\/www.campings.com\/fr\/content\/wp-content\/uploads\/2021\/01\/quel-camping-choisir-vendee.jpg","datePublished":"2021-01-29T11:28:10+00:00","dateModified":"2021-01-31T23:07:43+00:00","description":"Vacances en camping en Vend\u00e9e : bord de mer ou arri\u00e8re-pays vend\u00e9en, s\u00e9jour en famille en mobil home ou s\u00e9jour nature, la vie est douce en Vend\u00e9e.","breadcrumb":{"@id":"https:\/\/www.campings.com\/fr\/content\/quel-camping-choisir-vendee\/#breadcrumb"},"inLanguage":"fr-FR","potentialAction":[{"@type":"ReadAction","target":["https:\/\/www.campings.com\/fr\/content\/quel-camping-choisir-vendee\/"]}]},{"@type":"ImageObject","inLanguage":"fr-FR","@id":"https:\/\/www.campings.com\/fr\/content\/quel-camping-choisir-vendee\/#primaryimage","url":"https:\/\/www.campings.com\/fr\/content\/wp-content\/uploads\/2021\/01\/quel-camping-choisir-vendee.jpg","contentUrl":"https:\/\/www.campings.com\/fr\/content\/wp-content\/uploads\/2021\/01\/quel-camping-choisir-vendee.jpg","width":1000,"height":667},{"@type":"BreadcrumbList","@id":"https:\/\/www.campings.com\/fr\/content\/quel-camping-choisir-vendee\/#breadcrumb","itemListElement":[{"@type":"ListItem","position":1,"name":"Home","item":"https:\/\/www.campings.com\/fr\/content\/"},{"@type":"ListItem","position":2,"name":"Choisir son camping pour des vacances en Vend\u00e9e"}]},{"@type":"WebSite","@id":"https:\/\/www.campings.com\/fr\/content\/#website","url":"https:\/\/www.campings.com\/fr\/content\/","name":"","description":"","publisher":{"@id":"https:\/\/www.campings.com\/fr\/content\/#organization"},"potentialAction":[{"@type":"SearchAction","target":{"@type":"EntryPoint","urlTemplate":"https:\/\/www.campings.com\/fr\/content\/?s={search_term_string}"},"query-input":{"@type":"PropertyValueSpecification","valueRequired":true,"valueName":"search_term_string"}}],"inLanguage":"fr-FR"},{"@type":"Organization","@id":"https:\/\/www.campings.com\/fr\/content\/#organization","name":"CAMPINGS.COM","url":"https:\/\/www.campings.com\/fr\/content\/","logo":{"@type":"ImageObject","inLanguage":"fr-FR","@id":"https:\/\/www.campings.com\/fr\/content\/#\/schema\/logo\/image\/","url":"https:\/\/www.campings.com\/fr\/content\/wp-content\/uploads\/2019\/01\/cropped-logo-1.png","contentUrl":"https:\/\/www.campings.com\/fr\/content\/wp-content\/uploads\/2019\/01\/cropped-logo-1.png","width":174,"height":42,"caption":"CAMPINGS.COM"},"image":{"@id":"https:\/\/www.campings.com\/fr\/content\/#\/schema\/logo\/image\/"}}]}},"_links":{"self":[{"href":"https:\/\/www.campings.com\/fr\/content\/wp-json\/wp\/v2\/pages\/2077","targetHints":{"allow":["GET"]}}],"collection":[{"href":"https:\/\/www.campings.com\/fr\/content\/wp-json\/wp\/v2\/pages"}],"about":[{"href":"https:\/\/www.campings.com\/fr\/content\/wp-json\/wp\/v2\/types\/page"}],"author":[{"embeddable":true,"href":"https:\/\/www.campings.com\/fr\/content\/wp-json\/wp\/v2\/users\/18"}],"replies":[{"embeddable":true,"href":"https:\/\/www.campings.com\/fr\/content\/wp-json\/wp\/v2\/comments?post=2077"}],"version-history":[{"count":4,"href":"https:\/\/www.campings.com\/fr\/content\/wp-json\/wp\/v2\/pages\/2077\/revisions"}],"predecessor-version":[{"id":2201,"href":"https:\/\/www.campings.com\/fr\/content\/wp-json\/wp\/v2\/pages\/2077\/revisions\/2201"}],"wp:attachment":[{"href":"https:\/\/www.campings.com\/fr\/content\/wp-json\/wp\/v2\/media?parent=2077"}],"curies":[{"name":"wp","href":"https:\/\/api.w.org\/{rel}","templated":true}]}}