{"id":2073,"date":"2021-01-29T11:25:47","date_gmt":"2021-01-29T11:25:47","guid":{"rendered":"https:\/\/www.campings.com\/fr\/content\/?page_id=2073"},"modified":"2021-01-31T23:07:29","modified_gmt":"2021-01-31T23:07:29","slug":"quel-camping-choisir-bretagne","status":"publish","type":"page","link":"https:\/\/www.campings.com\/fr\/content\/quel-camping-choisir-bretagne\/","title":{"rendered":"Partir en vacances en Bretagne\u00a0: quel camping choisir\u00a0?"},"content":{"rendered":"<p>La Bretagne est l&rsquo;une des r\u00e9gions pr\u00e9f\u00e9r\u00e9es des touristes, comme le montre la saison des vacances qui fait le bonheur de nombreux campings, \u00e9toil\u00e9s ou non, du territoire. Terre d&rsquo;accueil d&rsquo;anciennes l\u00e9gendes et traditions, les d\u00e9partements bretons se d\u00e9marquent par leur grande richesse. Des superbes plages de la c\u00f4te de granit rose dans les C\u00f4tes-d&rsquo;Armor au golfe du Morbihan, sans oublier la pointe du Finist\u00e8re et les magnifiques cit\u00e9s d&rsquo;Ille-et-Vilaine, comme Saint-Malo, Dinard, ou encore Paimpont et sa c\u00e9l\u00e8bre for\u00eat, <strong>la Bretagne fourmille de destinations<\/strong> plus belles les unes que les autres.<\/p>\n<p>Pour pr\u00e9parer <a href=\"https:\/\/www.campings.com\/fr\/content\/tout-savoir-sur-le-camping\/ou-partir-au-camping\/\">vos vacances en camping<\/a>, il est primordial de bien savoir choisir le domaine de location, car les h\u00e9bergements ne manquent pas dans la r\u00e9gion. Camping avec espace aquatique, camping avec acc\u00e8s direct \u00e0 la plage, ou camping en pleine nature, d\u00e9couvrons un floril\u00e8ge des plus beaux campings bretons.<\/p>\n<p><img decoding=\"async\" class=\"img-responsive\" src=\"https:\/\/www.campings.com\/fr\/content\/wp-content\/uploads\/2021\/01\/quel-camping-choisir-bretagne.jpg\" alt=\"Quel camping choisir en Bretagne ?-1\" \/><\/p>\n<h2>La Bretagne, une r\u00e9gion aux multiples campings<\/h2>\n<p>Avant de r\u00e9server votre camping en Bretagne, il vous faut d\u00e9j\u00e0 d\u00e9cider de l&#8217;emplacement et du lieu de celui-ci. En effet, comme nous l&rsquo;avons vu en introduction, les d\u00e9partements des C\u00f4tes-d&rsquo;Armor, du Morbihan, du Finist\u00e8re et de l&rsquo;Ille-et-Vilaine sont tous des destinations de choix pour un s\u00e9jour en amoureux ou en famille.<\/p>\n<p>A titre d&rsquo;exemple, le <strong>Morbihan<\/strong> se caract\u00e9rise par ses alignements de dolmens et menhirs, comme \u00e0 Carnac, ainsi que par ses ch\u00e2teaux historiques comme celui de Josselin. De m\u00eame, le golfe du Morbihan est une destination pris\u00e9e pendant les vacances, puisque cette mer int\u00e9rieure atypique abrite des paysages et esp\u00e8ces pittoresques. A l&rsquo;inverse, du c\u00f4t\u00e9 des <strong>C\u00f4tes-d&rsquo;Armor<\/strong>, les plages sont ind\u00e9niablement les ma\u00eetresses du lieu, qu&rsquo;elles se situent sur la C\u00f4te de Granit Rose, aux alentours de Perros-Guirec, ou du c\u00f4t\u00e9 des c\u00e9l\u00e8bres Cap Fr\u00e9hel et Cap d&rsquo;Erquy.<\/p>\n<p>Si l&rsquo;on ajoute la beaut\u00e9 du <strong>Finist\u00e8re<\/strong>, bord\u00e9 par les c\u00e9l\u00e8bres \u00e0\u017dle d&rsquo;Ouessant, Pointe du Raz et Presqu&rsquo;\u00e0\u017dle de Crozon, ainsi que les sites remarquables de <strong>l&rsquo;Ille-et-Vilaine<\/strong>, entre sa vall\u00e9e et sa for\u00eat de Broc\u00e9liande, sans oublier les stations baln\u00e9aires de Dinard et Saint-Malo, <strong>choisir un camping en Bretagne<\/strong> n&rsquo;est pas une mince affaire.<\/p>\n<p><img decoding=\"async\" class=\"img-responsive\" src=\"https:\/\/www.campings.com\/fr\/content\/wp-content\/uploads\/2021\/01\/quel-camping-choisir-bretagne-2.jpg\" alt=\"Quel camping choisir en Bretagne ?-2\" \/><\/p>\n<h2>R\u00e9server un camping en Bretagne\u00a0: les meilleurs h\u00e9bergements<\/h2>\n<p>\u00a0\u00bb\u00a0La Bretagne \u00e7a vous gagne\u00a0!\u00a0\u00ab\u00a0, telle est l&rsquo;expression qu&rsquo;aiment r\u00e9p\u00e9ter les Bretons au reste de la France. Pour un s\u00e9jour de quelques jours ou des vacances plus longues, il y a fort \u00e0 parier que votre famille et vos proches repartiront des \u00e9toiles plein les yeux. Toutefois, avant de parler du d\u00e9part, il faut encore trouver le camping qui correspond \u00e0 vos attentes. Du domaine avec acc\u00e8s direct \u00e0 la plage au village vacances en pleine nature, faisons un tour d&rsquo;horizon des meilleurs campings selon leur localisation en Bretagne.<\/p>\n<h3>Les campings sur la c\u00f4te de la Bretagne Nord<\/h3>\n<p>Id\u00e9alement situ\u00e9s tout au long de la Manche, les campings de la Bretagne Nord peuvent se vanter d&rsquo;appartenir \u00e0 l&rsquo;un des plus beaux littoraux de France. En effet, entre la C\u00f4te d&rsquo;Emeraude, la <a href=\"http:\/\/carnetsdunebretonne.fr\/cote-de-granit-rose\/\" target=\"_blank\" rel=\"noopener noreferrer\">C\u00f4te de Granit Rose<\/a>, Cancale, le Cap Fr\u00e9hel, les abords de la Rance, ou encore la baie de Saint-Brieuc, la Bretagne Nord est d&rsquo;une beaut\u00e9 \u00e9poustouflante. De m\u00eame, les anciennes cit\u00e9s m\u00e9di\u00e9vales de Saint-Malo et Dinan attirent chaque ann\u00e9e des centaines de milliers de vacanciers.<\/p>\n<p>Du c\u00f4t\u00e9 des campings en Bretagne Nord, quelques h\u00e9bergements se d\u00e9marquent par la qualit\u00e9 de leurs services. Ainsi, dans un p\u00e9rim\u00e8tre proche de Cancale et Saint-Malo, le <strong>camping 3 \u00e9toiles des Chevrets<\/strong> accueille votre famille dans un \u00e9crin de nature pr\u00e9serv\u00e9e. Avec son acc\u00e8s direct sur une plage de sable fin et ses 600 emplacements, l&rsquo;\u00e9tablissement offre de nombreux \u00e9quipements et animations \u00e0 ses clients, comme un espace pour les enfants et une aire multisports pour les adultes. De plus, il est accessible pour les personnes \u00e0 mobilit\u00e9 r\u00e9duite, accepte les animaux, et affiche des prix relativement avantageux.<\/p>\n<p>Autre superbe domaine de la C\u00f4te d&rsquo;Emeraude, le<strong> camping\u00a05 \u00e9toiles Le P&rsquo;tit Bois<\/strong>, membre de la cha\u00eene de campings Yelloh\u00a0! Village. Au coeur du Golfe de Saint-Malo et \u00e0 quelques minutes des plages de sable fin, ce lieu dispose d&rsquo;un espace aquatique impressionnant, avec piscine couverte, toboggans et jeux aqualudiques, en plus de proposer des prix tout \u00e0 fait raisonnables pour la qualit\u00e9 du camping. Avec ses superbes petits cottages et mobil-homes en location, le domaine organise une multitude d&rsquo;activit\u00e9s pour les enfants et les adultes.<\/p>\n<p>Evidemment, d&rsquo;autres superbes h\u00e9bergements sont \u00e0 r\u00e9pertorier un peu partout sur la c\u00f4te, \u00e0 l&rsquo;image\u00a0:<\/p>\n<ul>\n<li>du camping\u00a05 \u00e9toiles Sandaya Le Ranolien, sur la C\u00f4te de Granit Rose\u00a0;<\/li>\n<li>du camping\u00a04 \u00e9toiles La Hallerais, pr\u00e8s de Dinan\u00a0;<\/li>\n<li>du camping\u00a04 \u00e9toiles Bellevue, pr\u00e8s du Cap d&rsquo;Erquy.<\/li>\n<\/ul>\n<h3>Les campings de la pointe Finist\u00e8re en Bretagne<\/h3>\n<p>Selon une r\u00e9cente \u00e9tude, le Finist\u00e8re recenserait plus de 500 campings dans son d\u00e9partement. Autant dire que pour organiser vos vacances, vous n&rsquo;avez que l&#8217;embarras du choix concernant les h\u00e9bergements. Face \u00e0 l&rsquo;immensit\u00e9 du lieu, il n&rsquo;est toutefois pas simple de trouver les campings les plus appropri\u00e9s. Qu&rsquo;il s&rsquo;agisse de la Pointe du Raz, de l&rsquo;\u00e0\u017dle d&rsquo;Ouessant, ou encore de la c\u00e9l\u00e8bre rade de Brest, le Finist\u00e8re est un fleuron de la Bretagne et regorge de richesses \u00e0 voir au moins une fois dans votre vie.<\/p>\n<p>Pour un s\u00e9jour non loin de la Presqu&rsquo;\u00e0\u017dle de Crozon, vous pouvez ainsi r\u00e9server vos vacances au <strong>camping 3 \u00e9toiles de Kerleyou<\/strong>. Situ\u00e9 \u00e0 1500 m\u00e8tres de la plage, l&rsquo;\u00e9tablissement est \u00e9quip\u00e9 d&rsquo;une magnifique piscine couverte et chauff\u00e9e. De plus, il propose un large choix de mobil-homes de 1 \u00e0 4 chambres, dont l&rsquo;un est accessible aux personnes \u00e0 mobilit\u00e9 r\u00e9duite. Avec ses nombreuses animations pour petits et grands, son poney club et son large choix de mat\u00e9riel nautique en location, ce domaine est id\u00e9al pour une famille.<\/p>\n<p>Dans un autre style, plus au nord du Finist\u00e8re, le <strong>camping\u00a05 \u00e9toiles Les Mouettes<\/strong>, membre de Yelloh\u00a0! Village, permet de profiter d&rsquo;un immense parc aquatique de plus de 2000\u00a0m\u00b2, avec des toboggans, des jets d&rsquo;eau, ou encore des pataugeoires. En plus de ses activit\u00e9s ludiques en pleine nature ou lors de soir\u00e9es, le domaine Les Mouettes poss\u00e8de des cottages, mobil-homes, tentes et chalets, sans oublier tous les emplacements libres pour caravane et camping-car. Consid\u00e9rant ses prix abordables, c&rsquo;est l&rsquo;endroit r\u00eav\u00e9 pour passer des vacances en Bretagne dans le plus grand confort.<\/p>\n<h3>Les campings du Morbihan en Bretagne<\/h3>\n<p>De son golfe aux alignements de Carnac, le Morbihan ne manque pas de charme. Dot\u00e9 lui aussi de plages de sable fin, d&rsquo;un littoral sauvage, notamment avec la baie de Quiberon, et de cit\u00e9s r\u00e9put\u00e9es comme Josselin ou m\u00eame Belle-\u00e0\u017dle en mer, le d\u00e9partement est un haut lieu du tourisme breton.<\/p>\n<p>En toute logique, certains h\u00e9bergements de la r\u00e9gion sont particuli\u00e8rement r\u00e9put\u00e9s, \u00e0 commencer par le <strong>camping 5 \u00e9toiles Le Haras<\/strong>, \u00e0 proximit\u00e9 de Vannes et du golfe, au coeur d&rsquo;un superbe domaine forestier. Disposant d&rsquo;un parc de 14 hectares, \u00e9quip\u00e9 de mobil-homes et de chalets en location, sans oublier son parc aquatique avec piscine couverte et chauff\u00e9e de 350\u00a0m\u00b2, le lieu accueille familles et vacanciers en solo, \u00e0 la semaine ou pour quelques nuits. A noter que le camping accepte les animaux et offre un service adapt\u00e9 aux personnes \u00e0 mobilit\u00e9 r\u00e9duite.<\/p>\n<p>Non loin du camping pr\u00e9c\u00e9dent, le <strong>domaine 5 \u00e9toiles d&rsquo;Inly<\/strong> est aussi un lieu de s\u00e9jour exceptionnel, dot\u00e9 d&rsquo;un immense espace aquatique de 5000\u00a0m &#8211; et d&rsquo;animations pour tous les \u00e2ges.<\/p>\n<h3>Les campings au coeur des terres de Bretagne<\/h3>\n<p>M\u00eame si l&rsquo;on parle beaucoup du bord de mer lorsqu&rsquo;il est question de la Bretagne, les terres ne d\u00e9m\u00e9ritent pourtant pas. Qu&rsquo;il s&rsquo;agisse des environs de la for\u00eat de Broc\u00e9liande ou de Rennes et ses abords dynamiques, le territoire breton ne se limite pas \u00e0 ses plages.<\/p>\n<p>Ainsi, en Ille-et-Vilaine, le <strong>camping 5 \u00e9toiles Les Ormes<\/strong>, est l&rsquo;\u00e9tablissement id\u00e9al pour passer des vacances vers Dol-de-Bretagne. Domaine construit au coeur d&rsquo;un ancien espace agricole et de son ch\u00e2teau, le lieu poss\u00e8de un terrain de golf, un parc aquatique, des cabanes dans les arbres, des cabanes sur l&rsquo;eau et un immense d\u00f4me qui couvre les diff\u00e9rentes piscines. Cottage, cabane, mobil-home, ou r\u00e9sidence h\u00f4teli\u00e8re, ce camping offre une multitude d&rsquo;h\u00e9bergements possibles, en plus de services complets incluant entre autres une \u00e9picerie, une boutique locale, un march\u00e9 d&rsquo;\u00e9t\u00e9 et deux laveries. Tout aussi abordable que d&rsquo;autres campings, le domaine des Ormes est une merveilleuse terre d&rsquo;accueil pour votre <a href=\"https:\/\/france3-regions.francetvinfo.fr\/bretagne\/bretagne-region-privilegiee-ces-vacances-noel-1907706.html\" target=\"_blank\" rel=\"noopener noreferrer\">s\u00e9jour en Bretagne<\/a>.<\/p>\n<p><em>Nous vous recommandons ces autres pages\u00a0: <\/em><\/p>\n<ul>\n<li><a href=\"https:\/\/www.campings.com\/fr\/content\/tout-savoir-sur-le-camping\/quelles-top-destinations-camping-cote-atlantique\/\">Quelles sont les top destinations camping sur la c\u00f4te atlantique\u00a0?<\/a><\/li>\n<li><a href=\"https:\/\/www.campings.com\/fr\/content\/tout-savoir-sur-le-camping\/quelles-top-destinations-camping-cote-mediterraneenne\/\">Quelles sont les top destinations camping sur la c\u00f4te m\u00e9diterran\u00e9enne\u00a0?<\/a><\/li>\n<li><a href=\"https:\/\/www.campings.com\/fr\/content\/tout-savoir-sur-le-camping\/faire-camping-espagne\/\">Faire du camping en Espagne<\/a><\/li>\n<li><a href=\"https:\/\/www.campings.com\/fr\/content\/tout-savoir-sur-le-camping\/les-meilleurs-campings-italie\/\">Les meilleurs campings en Italie<\/a><\/li>\n<li><a href=\"https:\/\/www.campings.com\/fr\/content\/tout-savoir-sur-le-camping\/faire-camping-croatie\/\">Faire du camping en Croatie<\/a><\/li>\n<li><a href=\"https:\/\/www.campings.com\/fr\/content\/tout-savoir-sur-le-camping\/quel-camping-choisir-dans-landes\/\">Quel camping choisir dans les Landes\u00a0?<\/a><\/li>\n<li><a href=\"https:\/\/www.campings.com\/fr\/content\/tout-savoir-sur-le-camping\/quel-camping-choisir-vendee\/\">Quel camping choisir en Vend\u00e9e\u00a0?<\/a><\/li>\n<li><a href=\"https:\/\/www.campings.com\/fr\/content\/tout-savoir-sur-le-camping\/quel-camping-choisir-corse\/\">Quel camping choisir en Corse\u00a0?<\/a><\/li>\n<li><a href=\"https:\/\/www.campings.com\/fr\/content\/tout-savoir-sur-le-camping\/quel-camping-choisir-ardeche\/\">Quel camping choisir en Ard\u00e8che\u00a0?<\/a><\/li>\n<\/ul>\n","protected":false},"excerpt":{"rendered":"<p>La Bretagne est l&rsquo;une des r\u00e9gions pr\u00e9f\u00e9r\u00e9es des touristes, comme le montre la saison des vacances qui fait le bonheur de nombreux campings, \u00e9toil\u00e9s ou non, du territoire. Terre d&rsquo;accueil d&rsquo;anciennes l\u00e9gendes et traditions, les d\u00e9partements bretons se d\u00e9marquent par leur grande richesse. Des superbes plages de la c\u00f4te de granit rose dans les C\u00f4tes-d&rsquo;Armor [&hellip;]<\/p>\n","protected":false},"author":18,"featured_media":0,"parent":0,"menu_order":0,"comment_status":"closed","ping_status":"closed","template":"template-twocolumns.php","meta":{"_acf_changed":false,"footnotes":""},"class_list":["post-2073","page","type-page","status-publish","hentry"],"acf":[],"yoast_head":"<!-- This site is optimized with the Yoast SEO plugin v27.1.1 - https:\/\/yoast.com\/product\/yoast-seo-wordpress\/ -->\n<title>Quel camping choisir en Bretagne ?<\/title>\n<meta name=\"description\" content=\"Vous souhaitez partir en vacances en Bretagne, mais vous ne savez pas quel camping choisir pour votre s\u00e9jour ? On fait le point ensemble.\" \/>\n<meta name=\"robots\" content=\"index, follow, max-snippet:-1, max-image-preview:large, max-video-preview:-1\" \/>\n<link rel=\"canonical\" href=\"https:\/\/www.campings.com\/fr\/content\/quel-camping-choisir-bretagne\/\" \/>\n<meta property=\"og:locale\" content=\"fr_FR\" \/>\n<meta property=\"og:type\" content=\"article\" \/>\n<meta property=\"og:title\" content=\"Quel camping choisir en Bretagne ?\" \/>\n<meta property=\"og:description\" content=\"Vous souhaitez partir en vacances en Bretagne, mais vous ne savez pas quel camping choisir pour votre s\u00e9jour ? On fait le point ensemble.\" \/>\n<meta property=\"og:url\" content=\"https:\/\/www.campings.com\/fr\/content\/quel-camping-choisir-bretagne\/\" \/>\n<meta property=\"article:modified_time\" content=\"2021-01-31T23:07:29+00:00\" \/>\n<meta property=\"og:image\" content=\"https:\/\/www.campings.com\/fr\/content\/wp-content\/uploads\/2021\/01\/quel-camping-choisir-bretagne.jpg\" \/>\n<meta name=\"twitter:card\" content=\"summary_large_image\" \/>\n<meta name=\"twitter:label1\" content=\"Dur\u00e9e de lecture estim\u00e9e\" \/>\n\t<meta name=\"twitter:data1\" content=\"8 minutes\" \/>\n<script type=\"application\/ld+json\" class=\"yoast-schema-graph\">{\"@context\":\"https:\/\/schema.org\",\"@graph\":[{\"@type\":\"WebPage\",\"@id\":\"https:\/\/www.campings.com\/fr\/content\/quel-camping-choisir-bretagne\/\",\"url\":\"https:\/\/www.campings.com\/fr\/content\/quel-camping-choisir-bretagne\/\",\"name\":\"Quel camping choisir en Bretagne ?\",\"isPartOf\":{\"@id\":\"https:\/\/www.campings.com\/fr\/content\/#website\"},\"primaryImageOfPage\":{\"@id\":\"https:\/\/www.campings.com\/fr\/content\/quel-camping-choisir-bretagne\/#primaryimage\"},\"image\":{\"@id\":\"https:\/\/www.campings.com\/fr\/content\/quel-camping-choisir-bretagne\/#primaryimage\"},\"thumbnailUrl\":\"https:\/\/www.campings.com\/fr\/content\/wp-content\/uploads\/2021\/01\/quel-camping-choisir-bretagne.jpg\",\"datePublished\":\"2021-01-29T11:25:47+00:00\",\"dateModified\":\"2021-01-31T23:07:29+00:00\",\"description\":\"Vous souhaitez partir en vacances en Bretagne, mais vous ne savez pas quel camping choisir pour votre s\u00e9jour ? On fait le point ensemble.\",\"breadcrumb\":{\"@id\":\"https:\/\/www.campings.com\/fr\/content\/quel-camping-choisir-bretagne\/#breadcrumb\"},\"inLanguage\":\"fr-FR\",\"potentialAction\":[{\"@type\":\"ReadAction\",\"target\":[\"https:\/\/www.campings.com\/fr\/content\/quel-camping-choisir-bretagne\/\"]}]},{\"@type\":\"ImageObject\",\"inLanguage\":\"fr-FR\",\"@id\":\"https:\/\/www.campings.com\/fr\/content\/quel-camping-choisir-bretagne\/#primaryimage\",\"url\":\"https:\/\/www.campings.com\/fr\/content\/wp-content\/uploads\/2021\/01\/quel-camping-choisir-bretagne.jpg\",\"contentUrl\":\"https:\/\/www.campings.com\/fr\/content\/wp-content\/uploads\/2021\/01\/quel-camping-choisir-bretagne.jpg\",\"width\":1000,\"height\":667},{\"@type\":\"BreadcrumbList\",\"@id\":\"https:\/\/www.campings.com\/fr\/content\/quel-camping-choisir-bretagne\/#breadcrumb\",\"itemListElement\":[{\"@type\":\"ListItem\",\"position\":1,\"name\":\"Home\",\"item\":\"https:\/\/www.campings.com\/fr\/content\/\"},{\"@type\":\"ListItem\",\"position\":2,\"name\":\"Partir en vacances en Bretagne\u00a0: quel camping choisir\u00a0?\"}]},{\"@type\":\"WebSite\",\"@id\":\"https:\/\/www.campings.com\/fr\/content\/#website\",\"url\":\"https:\/\/www.campings.com\/fr\/content\/\",\"name\":\"\",\"description\":\"\",\"publisher\":{\"@id\":\"https:\/\/www.campings.com\/fr\/content\/#organization\"},\"potentialAction\":[{\"@type\":\"SearchAction\",\"target\":{\"@type\":\"EntryPoint\",\"urlTemplate\":\"https:\/\/www.campings.com\/fr\/content\/?s={search_term_string}\"},\"query-input\":{\"@type\":\"PropertyValueSpecification\",\"valueRequired\":true,\"valueName\":\"search_term_string\"}}],\"inLanguage\":\"fr-FR\"},{\"@type\":\"Organization\",\"@id\":\"https:\/\/www.campings.com\/fr\/content\/#organization\",\"name\":\"CAMPINGS.COM\",\"url\":\"https:\/\/www.campings.com\/fr\/content\/\",\"logo\":{\"@type\":\"ImageObject\",\"inLanguage\":\"fr-FR\",\"@id\":\"https:\/\/www.campings.com\/fr\/content\/#\/schema\/logo\/image\/\",\"url\":\"https:\/\/www.campings.com\/fr\/content\/wp-content\/uploads\/2019\/01\/cropped-logo-1.png\",\"contentUrl\":\"https:\/\/www.campings.com\/fr\/content\/wp-content\/uploads\/2019\/01\/cropped-logo-1.png\",\"width\":174,\"height\":42,\"caption\":\"CAMPINGS.COM\"},\"image\":{\"@id\":\"https:\/\/www.campings.com\/fr\/content\/#\/schema\/logo\/image\/\"}}]}<\/script>\n<!-- \/ Yoast SEO plugin. -->","yoast_head_json":{"title":"Quel camping choisir en Bretagne ?","description":"Vous souhaitez partir en vacances en Bretagne, mais vous ne savez pas quel camping choisir pour votre s\u00e9jour ? On fait le point ensemble.","robots":{"index":"index","follow":"follow","max-snippet":"max-snippet:-1","max-image-preview":"max-image-preview:large","max-video-preview":"max-video-preview:-1"},"canonical":"https:\/\/www.campings.com\/fr\/content\/quel-camping-choisir-bretagne\/","og_locale":"fr_FR","og_type":"article","og_title":"Quel camping choisir en Bretagne ?","og_description":"Vous souhaitez partir en vacances en Bretagne, mais vous ne savez pas quel camping choisir pour votre s\u00e9jour ? On fait le point ensemble.","og_url":"https:\/\/www.campings.com\/fr\/content\/quel-camping-choisir-bretagne\/","article_modified_time":"2021-01-31T23:07:29+00:00","og_image":[{"url":"https:\/\/www.campings.com\/fr\/content\/wp-content\/uploads\/2021\/01\/quel-camping-choisir-bretagne.jpg","type":"","width":"","height":""}],"twitter_card":"summary_large_image","twitter_misc":{"Dur\u00e9e de lecture estim\u00e9e":"8 minutes"},"schema":{"@context":"https:\/\/schema.org","@graph":[{"@type":"WebPage","@id":"https:\/\/www.campings.com\/fr\/content\/quel-camping-choisir-bretagne\/","url":"https:\/\/www.campings.com\/fr\/content\/quel-camping-choisir-bretagne\/","name":"Quel camping choisir en Bretagne ?","isPartOf":{"@id":"https:\/\/www.campings.com\/fr\/content\/#website"},"primaryImageOfPage":{"@id":"https:\/\/www.campings.com\/fr\/content\/quel-camping-choisir-bretagne\/#primaryimage"},"image":{"@id":"https:\/\/www.campings.com\/fr\/content\/quel-camping-choisir-bretagne\/#primaryimage"},"thumbnailUrl":"https:\/\/www.campings.com\/fr\/content\/wp-content\/uploads\/2021\/01\/quel-camping-choisir-bretagne.jpg","datePublished":"2021-01-29T11:25:47+00:00","dateModified":"2021-01-31T23:07:29+00:00","description":"Vous souhaitez partir en vacances en Bretagne, mais vous ne savez pas quel camping choisir pour votre s\u00e9jour ? On fait le point ensemble.","breadcrumb":{"@id":"https:\/\/www.campings.com\/fr\/content\/quel-camping-choisir-bretagne\/#breadcrumb"},"inLanguage":"fr-FR","potentialAction":[{"@type":"ReadAction","target":["https:\/\/www.campings.com\/fr\/content\/quel-camping-choisir-bretagne\/"]}]},{"@type":"ImageObject","inLanguage":"fr-FR","@id":"https:\/\/www.campings.com\/fr\/content\/quel-camping-choisir-bretagne\/#primaryimage","url":"https:\/\/www.campings.com\/fr\/content\/wp-content\/uploads\/2021\/01\/quel-camping-choisir-bretagne.jpg","contentUrl":"https:\/\/www.campings.com\/fr\/content\/wp-content\/uploads\/2021\/01\/quel-camping-choisir-bretagne.jpg","width":1000,"height":667},{"@type":"BreadcrumbList","@id":"https:\/\/www.campings.com\/fr\/content\/quel-camping-choisir-bretagne\/#breadcrumb","itemListElement":[{"@type":"ListItem","position":1,"name":"Home","item":"https:\/\/www.campings.com\/fr\/content\/"},{"@type":"ListItem","position":2,"name":"Partir en vacances en Bretagne\u00a0: quel camping choisir\u00a0?"}]},{"@type":"WebSite","@id":"https:\/\/www.campings.com\/fr\/content\/#website","url":"https:\/\/www.campings.com\/fr\/content\/","name":"","description":"","publisher":{"@id":"https:\/\/www.campings.com\/fr\/content\/#organization"},"potentialAction":[{"@type":"SearchAction","target":{"@type":"EntryPoint","urlTemplate":"https:\/\/www.campings.com\/fr\/content\/?s={search_term_string}"},"query-input":{"@type":"PropertyValueSpecification","valueRequired":true,"valueName":"search_term_string"}}],"inLanguage":"fr-FR"},{"@type":"Organization","@id":"https:\/\/www.campings.com\/fr\/content\/#organization","name":"CAMPINGS.COM","url":"https:\/\/www.campings.com\/fr\/content\/","logo":{"@type":"ImageObject","inLanguage":"fr-FR","@id":"https:\/\/www.campings.com\/fr\/content\/#\/schema\/logo\/image\/","url":"https:\/\/www.campings.com\/fr\/content\/wp-content\/uploads\/2019\/01\/cropped-logo-1.png","contentUrl":"https:\/\/www.campings.com\/fr\/content\/wp-content\/uploads\/2019\/01\/cropped-logo-1.png","width":174,"height":42,"caption":"CAMPINGS.COM"},"image":{"@id":"https:\/\/www.campings.com\/fr\/content\/#\/schema\/logo\/image\/"}}]}},"_links":{"self":[{"href":"https:\/\/www.campings.com\/fr\/content\/wp-json\/wp\/v2\/pages\/2073","targetHints":{"allow":["GET"]}}],"collection":[{"href":"https:\/\/www.campings.com\/fr\/content\/wp-json\/wp\/v2\/pages"}],"about":[{"href":"https:\/\/www.campings.com\/fr\/content\/wp-json\/wp\/v2\/types\/page"}],"author":[{"embeddable":true,"href":"https:\/\/www.campings.com\/fr\/content\/wp-json\/wp\/v2\/users\/18"}],"replies":[{"embeddable":true,"href":"https:\/\/www.campings.com\/fr\/content\/wp-json\/wp\/v2\/comments?post=2073"}],"version-history":[{"count":2,"href":"https:\/\/www.campings.com\/fr\/content\/wp-json\/wp\/v2\/pages\/2073\/revisions"}],"predecessor-version":[{"id":2199,"href":"https:\/\/www.campings.com\/fr\/content\/wp-json\/wp\/v2\/pages\/2073\/revisions\/2199"}],"wp:attachment":[{"href":"https:\/\/www.campings.com\/fr\/content\/wp-json\/wp\/v2\/media?parent=2073"}],"curies":[{"name":"wp","href":"https:\/\/api.w.org\/{rel}","templated":true}]}}