{"id":2071,"date":"2021-01-29T11:24:20","date_gmt":"2021-01-29T11:24:20","guid":{"rendered":"https:\/\/www.campings.com\/fr\/content\/?page_id=2071"},"modified":"2021-01-31T23:05:18","modified_gmt":"2021-01-31T23:05:18","slug":"profiter-bon-air-nature-partant-vacances-camping","status":"publish","type":"page","link":"https:\/\/www.campings.com\/fr\/content\/profiter-bon-air-nature-partant-vacances-camping\/","title":{"rendered":"Le bol d&rsquo;air pur offert par un s\u00e9jour en camping"},"content":{"rendered":"<p>Vous souhaitez programmer des vacances au grand air, mais vous h\u00e9sitez sur la destination\u00a0? A la montagne, \u00e0 la plage ou \u00e0 la campagne, les <a href=\"https:\/\/www.campings.com\/fr\/content\/tout-savoir-sur-le-camping\/pourquoi-partir-en-vacances-en-camping\/\">campings<\/a>\u00a0sont de v\u00e9ritables havres de paix et des lieux de vacances o\u00f9 tout a \u00e9t\u00e9 pens\u00e9 pour allier confort et bien-\u00eatre.<\/p>\n<p>Qualit\u00e9 et originalit\u00e9 des h\u00e9bergements, proximit\u00e9 de la nature et vari\u00e9t\u00e9 des activit\u00e9s, en famille ou entre amis, optez pour un s\u00e9jour d\u00e9paysant dans un mobil-home, une tente, une yourte ou une cabane perch\u00e9e. D\u00e9couvrez tous nos <strong>conseils pour profiter du bon air et de la nature en partant en vacances en camping<\/strong>.<\/p>\n<p><img decoding=\"async\" class=\"img-responsive\" src=\"https:\/\/www.campings.com\/fr\/content\/wp-content\/uploads\/2021\/01\/profiter-bon-air-nature-partant-vacances-camping.jpg\" alt=\"Profiter du bon air et de la nature en partant en vacances en camping-1\" \/><\/p>\n<h2>Les avantages des vacances en camping en pleine nature<\/h2>\n<p>De l&rsquo;avis des voyageurs, les vacances en camping sont l&rsquo;occasion id\u00e9ale de profiter du bon air et de la nature. En chalet, en mobil-home ou encore dans une yourte, voici tous les avantages offerts par un s\u00e9jour en camping.<\/p>\n<h3>Choisir la nature et le camping pour se ressourcer et d\u00e9compresser<\/h3>\n<p>Tout au long de l&rsquo;ann\u00e9e, le tourbillon de la vie nous emporte entre \u00e9cole, travail, activit\u00e9s sportives, etc. Les vacances permettent de faire une <strong>v\u00e9ritable coupure<\/strong> avec ce rythme quotidien. Vous aurez le choix des destinations pour votre semaine en camping\u00a0:<\/p>\n<ul>\n<li>un voyage \u00e0 la mer dans le sud de la France\u00a0;<\/li>\n<li>une semaine dans une yourte dans le Lot\u00a0;<\/li>\n<li>un s\u00e9jour dans un mobil-home en Ard\u00e8che\u00a0;<\/li>\n<li>des vacances dans une cabane perch\u00e9e en Bretagne\u00a0;<\/li>\n<li>etc.<\/li>\n<\/ul>\n<p>Faites le choix d&rsquo;un lieu de vacances qui soit diff\u00e9rent de votre vie ordinaire. Vous d\u00e9cuplerez ainsi les effets du d\u00e9paysement. Les vacances en camping sont l&rsquo;occasion de vivre des aventures uniques en famille avec les enfants ou avec des amis.<\/p>\n<h3>Red\u00e9couvrir comment prendre le temps en profitant du bon air de la nature<\/h3>\n<p>Une fois install\u00e9 dans votre h\u00e9bergement de vacances, vous ouvrirez une parenth\u00e8se dans votre vie. En effet, les vacances en camping permettent de profiter du bon air et de <strong>s&rsquo;\u00e9merveiller de la nature<\/strong>\u00a0:<\/p>\n<ul>\n<li>regarder les \u00e9toiles depuis une bubble room\u00a0;<\/li>\n<li>apprendre le nom des fleurs et des arbres\u00a0;<\/li>\n<li>admirer les poissons dans la rivi\u00e8re\u00a0;<\/li>\n<li>observer les marmottes \u00e0 la montagne\u00a0;<\/li>\n<li>etc.<\/li>\n<\/ul>\n<p>Les vacances en camping sont \u00e9galement l&rsquo;occasion de vous <strong>d\u00e9connecter<\/strong>\u00a0: la boussole et la <a href=\"https:\/\/www.lesvoyagesdemat.com\/blog-voyage-france\/carte-france-touristique\/\" target=\"_blank\" rel=\"noopener noreferrer\">carte touristique<\/a> remplacent les jeux vid\u00e9os, la t\u00e9l\u00e9vision ou encore le smartphone. Cette <strong>libert\u00e9<\/strong> n&rsquo;a pas de prix pour profiter pleinement d&rsquo;un moment en famille ou entre amis.<\/p>\n<h3>Amener ses animaux de compagnie pr\u00e9f\u00e9r\u00e9s en vacances au camping<\/h3>\n<p>Un autre avantage du camping est qu&rsquo;il est possible d&rsquo;y amener ses animaux de compagnie. En effet, \u00e0 la mer ou \u00e0 la montagne, \u00e0 la campagne ou proche d&rsquo;une grande ville, les campings ont am\u00e9nag\u00e9 des espaces d\u00e9di\u00e9s aux animaux comme\u00a0:<\/p>\n<ul>\n<li>des zones ombrag\u00e9es proches du mobil-home\u00a0;<\/li>\n<li>des <strong>canisites<\/strong>\u00a0;<\/li>\n<li>des zones de jeux cl\u00f4tur\u00e9s\u00a0;<\/li>\n<li>etc.<\/li>\n<\/ul>\n<p>Les animaux peuvent jouer avec les enfants et se d\u00e9penser en pleine nature avec leur ma\u00eetre. Dans la r\u00e9gion PACA, en Alsace ou dans les Pays de la Loire, le camping vous accueille vous, ainsi que votre animal de compagnie. Vous pourrez ainsi profiter sereinement de votre location de vacances et des paysages alentour.<\/p>\n<h3>S&rsquo;\u00e9loigner de la pollution et respirer un air pur en s\u00e9journant dans un camping<\/h3>\n<p>En France et dans le monde entier, la <a href=\"https:\/\/www.gouvernement.fr\/risques\/pollution-de-l-air\" target=\"_blank\" rel=\"noopener noreferrer\">pollution<\/a> fait malheureusement partie du quotidien de nombreux citadins. Alors, pour un grand bol d&rsquo;air pur, nombre d&rsquo;entre eux choisissent de partir une semaine ou un week-end en camping, au coeur de la nature.<\/p>\n<p>La pollution est multiple\u00a0: pollution li\u00e9e aux \u00e9missions de CO2, pollution sonore, pollution visuelle, etc. Elle contribue d&rsquo;ailleurs \u00e0 augmenter le stress au quotidien. En faisant le choix d&rsquo;un s\u00e9jour en camping, vous faites le choix de recharger vos batteries et d&rsquo;offrir \u00e0 votre corps la possibilit\u00e9 de <strong>se r\u00e9g\u00e9n\u00e9rer<\/strong>.<\/p>\n<p><img decoding=\"async\" class=\"img-responsive\" src=\"https:\/\/www.campings.com\/fr\/content\/wp-content\/uploads\/2021\/01\/profiter-bon-air-nature-partant-vacances-camping-2.jpg\" alt=\"Profiter du bon air et de la nature en partant en vacances en camping-2\" \/><\/p>\n<h2>Id\u00e9es de destinations pour profiter du bon air en camping<\/h2>\n<p>Vous souhaitez profiter du bon air au coeur de la nature\u00a0? Alors, optez pour un mobil-home, une yourte ou une tente dans un camping \u00e0 la montagne, \u00e0 la mer ou \u00e0 la campagne. Vous b\u00e9n\u00e9ficierez d&rsquo;une vue extraordinaire et d&rsquo;un h\u00e9bergement au meilleur prix pour votre location de vacances.<\/p>\n<h3>Des campings \u00e0 la montagne pour des vacances en altitude<\/h3>\n<p>A la montagne, les campings s&rsquo;adaptent aux saisons pour vous proposer des activit\u00e9s et des logements qui mettent \u00e0 l&rsquo;honneur la nature et la <strong>beaut\u00e9 des paysages<\/strong>.<\/p>\n<ul>\n<li>En \u00e9t\u00e9, vous pourrez vous baigner dans l&rsquo;eau d&rsquo;un lac de montagne, faire une randonn\u00e9e \u00e0 pied ou d\u00e9couvrir la faune et la flore d&rsquo;un <strong>parc national<\/strong> ou d&rsquo;un parc naturel r\u00e9gional.<\/li>\n<li>En hiver, le camping vous propose des activit\u00e9s comme la randonn\u00e9e en raquettes ou la randonn\u00e9e en chien de tra\u00eeneaux. Vous pourrez \u00e9galement choisir un <strong>h\u00e9bergement insolite<\/strong> dans un igloo ou un tipi ou d\u00e9valer les pentes enneig\u00e9es en ski.<\/li>\n<\/ul>\n<p>Mobil-home, chalet, yourte ou tente, faites de votre s\u00e9jour en camping l&rsquo;occasion de d\u00e9couvrir la beaut\u00e9 des paysages de montagne dans le parc national des Pyr\u00e9n\u00e9es ou dans les Alpes avec le parc national de la Vanoise, le bord du lac L\u00e9man, etc.<\/p>\n<h3>S\u00e9lection de destinations pour un s\u00e9jour en camping au bord de l&rsquo;eau<\/h3>\n<p>L&rsquo;air pur et la nature ne se trouvent pas uniquement en montagne. En effet, de nombreux campings vous attendent au bord de l&rsquo;eau, pr\u00e8s d&rsquo;une plage comme \u00e0\u00a0\u00a0:<\/p>\n<ul>\n<li>l&rsquo;\u00eele d&rsquo;Ol\u00e9ron\u00a0;<\/li>\n<li>l&rsquo;\u00eele d&rsquo;Yeu\u00a0;<\/li>\n<li>le bassin d&rsquo;Arcachon\u00a0;<\/li>\n<li>le Cap d&rsquo;Agde\u00a0;<\/li>\n<li>les plages de Corse\u00a0;<\/li>\n<li>la Bretagne et la Normandie\u00a0;<\/li>\n<li>la c\u00f4te basque et la c\u00f4te landaise\u00a0;<\/li>\n<li>le parc national des Calanques\u00a0;<\/li>\n<li>les plages de la c\u00f4te m\u00e9diterran\u00e9enne\u00a0;<\/li>\n<li>etc.<\/li>\n<\/ul>\n<p>Pour vos vacances en camping, vous pourrez choisir la p\u00e9riode de l&rsquo;ann\u00e9e qui vous convient le mieux. En effet, chaque saison offre des activit\u00e9s diff\u00e9rentes ainsi qu&rsquo;un rapport particulier \u00e0 la nature. Si les <strong>stations baln\u00e9aires<\/strong> sont tr\u00e8s pris\u00e9es en \u00e9t\u00e9, elles offrent confort et s\u00e9r\u00e9nit\u00e9 le reste de l&rsquo;ann\u00e9e. Dans un mobil-home, un chalet ou une tente, les campings de bord de mer sont \u00e9quip\u00e9s d&rsquo;<strong>espaces aquatiques<\/strong> pl\u00e9biscit\u00e9s par les enfants, mais aussi par les adultes.<\/p>\n<h3>Le charme de la campagne pour partir en vacances en camping<\/h3>\n<p>D\u00e9couvrir la campagne fran\u00e7aise ainsi que ses coutumes et ses plats typiques devient possible gr\u00e2ce au s\u00e9jour en camping. Nich\u00e9 dans l&rsquo;arri\u00e8re-pays basque ou situ\u00e9 pr\u00e8s d&rsquo;une rivi\u00e8re comme la Dordogne ou l&rsquo;H\u00e9rault, le camping vous offre la possibilit\u00e9 de vous \u00e9vader tout en profitant de la nature et du bon air pur.<\/p>\n<p>La France est un pays qui regorge de <strong>lieux naturels exceptionnels<\/strong> comme\u00a0:<\/p>\n<ul>\n<li>la r\u00e9gion naturelle du Perche avec ses grandes for\u00eats pour faire des randonn\u00e9es \u00e0 pied ou en VTT, ses lieux incontournables comme Nogent-le-Rotrou ou la commanderie templi\u00e8re d&rsquo;Arville, son embl\u00e9matique cheval percheron\u00a0;<\/li>\n<li>le P\u00e9rigord avec ses promenades en gabarre sur la Dordogne, ses hauts lieux historiques comme la Roque-Gageac ou le ch\u00e2teau fort Beynac-et-Cazenac surplombant la rivi\u00e8re, ses maisons troglodytes et ses d\u00e9lices culinaires\u00a0;<\/li>\n<li>l&rsquo;arri\u00e8re-pays basque avec la f\u00eate du piment \u00e0 Espelette et ses collines verdoyantes, les villages typiques comme Ainhoa ou Ascain, la station thermale de Cambo-les-Bains, le lac de Saint-P\u00e9e-sur-Nivelle ou encore le village de Saint-Jean-Pied-de-Port situ\u00e9 sur la route de Saint-Jacques-de-Compostelle\u00a0;<\/li>\n<li>etc.<\/li>\n<\/ul>\n<p>Du nord au sud, en hiver ou en \u00e9t\u00e9, les campings vous invitent au <strong>voyage dans les campagnes de France<\/strong>, \u00e0 la d\u00e9couverte des plus beaux paysages naturels.<\/p>\n<p>Alors, au bord d&rsquo;un lac ou d&rsquo;une rivi\u00e8re, pr\u00e8s du sommet d&rsquo;une montagne, sur une \u00eele ou \u00e0 la campagne, profitez du bon air et de la nature en partant en vacances en camping.<\/p>\n<p><em>Nous vous recommandons ces autres pages\u00a0: <\/em><\/p>\n<ul>\n<li><a href=\"https:\/\/www.campings.com\/fr\/content\/tout-savoir-sur-le-camping\/avantages-et-inconvenients-de-partir-en-vacances-en-camping\/\">Les avantages et inconv\u00e9nients de partir en vacances en camping<\/a><\/li>\n<li><a href=\"https:\/\/www.campings.com\/fr\/content\/tout-savoir-sur-le-camping\/faire-du-camping-ou-aller-en-chambres-d-hotes-ou-hotel\/\">Faire du camping ou aller en chambres d&rsquo;h\u00f4tes ou h\u00f4tel\u00a0?<\/a><\/li>\n<li><a href=\"https:\/\/www.campings.com\/fr\/content\/tout-savoir-sur-le-camping\/quelle-est-la-difference-entre-glamping-et-camping\/\">Quelle est la diff\u00e9rence entre glamping et camping\u00a0?<\/a><\/li>\n<li><a href=\"https:\/\/www.campings.com\/fr\/content\/tout-savoir-sur-le-camping\/partir-camping-jouer-carte-locale\/\">Partir en camping pour jouer la carte locale<\/a><\/li>\n<li><a href=\"https:\/\/www.campings.com\/fr\/content\/tout-savoir-sur-le-camping\/faire-economies-optant-vacances-camping\/\">Faire des \u00e9conomies en optant pour des vacances en camping<\/a><\/li>\n<li><a href=\"https:\/\/www.campings.com\/fr\/content\/tout-savoir-sur-le-camping\/faire-rencontres-inoubliables-grace-camping\/\">Faire des rencontres inoubliables gr\u00e2ce au camping<\/a><\/li>\n<\/ul>\n","protected":false},"excerpt":{"rendered":"<p>Vous souhaitez programmer des vacances au grand air, mais vous h\u00e9sitez sur la destination\u00a0? A la montagne, \u00e0 la plage ou \u00e0 la campagne, les campings\u00a0sont de v\u00e9ritables havres de paix et des lieux de vacances o\u00f9 tout a \u00e9t\u00e9 pens\u00e9 pour allier confort et bien-\u00eatre. Qualit\u00e9 et originalit\u00e9 des h\u00e9bergements, proximit\u00e9 de la nature [&hellip;]<\/p>\n","protected":false},"author":18,"featured_media":0,"parent":0,"menu_order":0,"comment_status":"closed","ping_status":"closed","template":"template-twocolumns.php","meta":{"_acf_changed":false,"footnotes":""},"class_list":["post-2071","page","type-page","status-publish","hentry"],"acf":[],"yoast_head":"<!-- This site is optimized with the Yoast SEO plugin v27.1.1 - https:\/\/yoast.com\/product\/yoast-seo-wordpress\/ -->\n<title>Profiter de la nature en partant en vacances en camping<\/title>\n<meta name=\"description\" content=\"En vacances, d\u00e9couvrez comment se rapprocher de la nature et profiter du grand air gr\u00e2ce aux avantages du s\u00e9jour en camping.\" \/>\n<meta name=\"robots\" content=\"index, follow, max-snippet:-1, max-image-preview:large, max-video-preview:-1\" \/>\n<link rel=\"canonical\" href=\"https:\/\/www.campings.com\/fr\/content\/profiter-bon-air-nature-partant-vacances-camping\/\" \/>\n<meta property=\"og:locale\" content=\"fr_FR\" \/>\n<meta property=\"og:type\" content=\"article\" \/>\n<meta property=\"og:title\" content=\"Profiter de la nature en partant en vacances en camping\" \/>\n<meta property=\"og:description\" content=\"En vacances, d\u00e9couvrez comment se rapprocher de la nature et profiter du grand air gr\u00e2ce aux avantages du s\u00e9jour en camping.\" \/>\n<meta property=\"og:url\" content=\"https:\/\/www.campings.com\/fr\/content\/profiter-bon-air-nature-partant-vacances-camping\/\" \/>\n<meta property=\"article:modified_time\" content=\"2021-01-31T23:05:18+00:00\" \/>\n<meta property=\"og:image\" content=\"https:\/\/www.campings.com\/fr\/content\/wp-content\/uploads\/2021\/01\/profiter-bon-air-nature-partant-vacances-camping.jpg\" \/>\n<meta name=\"twitter:card\" content=\"summary_large_image\" \/>\n<meta name=\"twitter:label1\" content=\"Dur\u00e9e de lecture estim\u00e9e\" \/>\n\t<meta name=\"twitter:data1\" content=\"7 minutes\" \/>\n<script type=\"application\/ld+json\" class=\"yoast-schema-graph\">{\"@context\":\"https:\/\/schema.org\",\"@graph\":[{\"@type\":\"WebPage\",\"@id\":\"https:\/\/www.campings.com\/fr\/content\/profiter-bon-air-nature-partant-vacances-camping\/\",\"url\":\"https:\/\/www.campings.com\/fr\/content\/profiter-bon-air-nature-partant-vacances-camping\/\",\"name\":\"Profiter de la nature en partant en vacances en camping\",\"isPartOf\":{\"@id\":\"https:\/\/www.campings.com\/fr\/content\/#website\"},\"primaryImageOfPage\":{\"@id\":\"https:\/\/www.campings.com\/fr\/content\/profiter-bon-air-nature-partant-vacances-camping\/#primaryimage\"},\"image\":{\"@id\":\"https:\/\/www.campings.com\/fr\/content\/profiter-bon-air-nature-partant-vacances-camping\/#primaryimage\"},\"thumbnailUrl\":\"https:\/\/www.campings.com\/fr\/content\/wp-content\/uploads\/2021\/01\/profiter-bon-air-nature-partant-vacances-camping.jpg\",\"datePublished\":\"2021-01-29T11:24:20+00:00\",\"dateModified\":\"2021-01-31T23:05:18+00:00\",\"description\":\"En vacances, d\u00e9couvrez comment se rapprocher de la nature et profiter du grand air gr\u00e2ce aux avantages du s\u00e9jour en camping.\",\"breadcrumb\":{\"@id\":\"https:\/\/www.campings.com\/fr\/content\/profiter-bon-air-nature-partant-vacances-camping\/#breadcrumb\"},\"inLanguage\":\"fr-FR\",\"potentialAction\":[{\"@type\":\"ReadAction\",\"target\":[\"https:\/\/www.campings.com\/fr\/content\/profiter-bon-air-nature-partant-vacances-camping\/\"]}]},{\"@type\":\"ImageObject\",\"inLanguage\":\"fr-FR\",\"@id\":\"https:\/\/www.campings.com\/fr\/content\/profiter-bon-air-nature-partant-vacances-camping\/#primaryimage\",\"url\":\"https:\/\/www.campings.com\/fr\/content\/wp-content\/uploads\/2021\/01\/profiter-bon-air-nature-partant-vacances-camping.jpg\",\"contentUrl\":\"https:\/\/www.campings.com\/fr\/content\/wp-content\/uploads\/2021\/01\/profiter-bon-air-nature-partant-vacances-camping.jpg\",\"width\":1000,\"height\":667},{\"@type\":\"BreadcrumbList\",\"@id\":\"https:\/\/www.campings.com\/fr\/content\/profiter-bon-air-nature-partant-vacances-camping\/#breadcrumb\",\"itemListElement\":[{\"@type\":\"ListItem\",\"position\":1,\"name\":\"Home\",\"item\":\"https:\/\/www.campings.com\/fr\/content\/\"},{\"@type\":\"ListItem\",\"position\":2,\"name\":\"Le bol d&rsquo;air pur offert par un s\u00e9jour en camping\"}]},{\"@type\":\"WebSite\",\"@id\":\"https:\/\/www.campings.com\/fr\/content\/#website\",\"url\":\"https:\/\/www.campings.com\/fr\/content\/\",\"name\":\"\",\"description\":\"\",\"publisher\":{\"@id\":\"https:\/\/www.campings.com\/fr\/content\/#organization\"},\"potentialAction\":[{\"@type\":\"SearchAction\",\"target\":{\"@type\":\"EntryPoint\",\"urlTemplate\":\"https:\/\/www.campings.com\/fr\/content\/?s={search_term_string}\"},\"query-input\":{\"@type\":\"PropertyValueSpecification\",\"valueRequired\":true,\"valueName\":\"search_term_string\"}}],\"inLanguage\":\"fr-FR\"},{\"@type\":\"Organization\",\"@id\":\"https:\/\/www.campings.com\/fr\/content\/#organization\",\"name\":\"CAMPINGS.COM\",\"url\":\"https:\/\/www.campings.com\/fr\/content\/\",\"logo\":{\"@type\":\"ImageObject\",\"inLanguage\":\"fr-FR\",\"@id\":\"https:\/\/www.campings.com\/fr\/content\/#\/schema\/logo\/image\/\",\"url\":\"https:\/\/www.campings.com\/fr\/content\/wp-content\/uploads\/2019\/01\/cropped-logo-1.png\",\"contentUrl\":\"https:\/\/www.campings.com\/fr\/content\/wp-content\/uploads\/2019\/01\/cropped-logo-1.png\",\"width\":174,\"height\":42,\"caption\":\"CAMPINGS.COM\"},\"image\":{\"@id\":\"https:\/\/www.campings.com\/fr\/content\/#\/schema\/logo\/image\/\"}}]}<\/script>\n<!-- \/ Yoast SEO plugin. -->","yoast_head_json":{"title":"Profiter de la nature en partant en vacances en camping","description":"En vacances, d\u00e9couvrez comment se rapprocher de la nature et profiter du grand air gr\u00e2ce aux avantages du s\u00e9jour en camping.","robots":{"index":"index","follow":"follow","max-snippet":"max-snippet:-1","max-image-preview":"max-image-preview:large","max-video-preview":"max-video-preview:-1"},"canonical":"https:\/\/www.campings.com\/fr\/content\/profiter-bon-air-nature-partant-vacances-camping\/","og_locale":"fr_FR","og_type":"article","og_title":"Profiter de la nature en partant en vacances en camping","og_description":"En vacances, d\u00e9couvrez comment se rapprocher de la nature et profiter du grand air gr\u00e2ce aux avantages du s\u00e9jour en camping.","og_url":"https:\/\/www.campings.com\/fr\/content\/profiter-bon-air-nature-partant-vacances-camping\/","article_modified_time":"2021-01-31T23:05:18+00:00","og_image":[{"url":"https:\/\/www.campings.com\/fr\/content\/wp-content\/uploads\/2021\/01\/profiter-bon-air-nature-partant-vacances-camping.jpg","type":"","width":"","height":""}],"twitter_card":"summary_large_image","twitter_misc":{"Dur\u00e9e de lecture estim\u00e9e":"7 minutes"},"schema":{"@context":"https:\/\/schema.org","@graph":[{"@type":"WebPage","@id":"https:\/\/www.campings.com\/fr\/content\/profiter-bon-air-nature-partant-vacances-camping\/","url":"https:\/\/www.campings.com\/fr\/content\/profiter-bon-air-nature-partant-vacances-camping\/","name":"Profiter de la nature en partant en vacances en camping","isPartOf":{"@id":"https:\/\/www.campings.com\/fr\/content\/#website"},"primaryImageOfPage":{"@id":"https:\/\/www.campings.com\/fr\/content\/profiter-bon-air-nature-partant-vacances-camping\/#primaryimage"},"image":{"@id":"https:\/\/www.campings.com\/fr\/content\/profiter-bon-air-nature-partant-vacances-camping\/#primaryimage"},"thumbnailUrl":"https:\/\/www.campings.com\/fr\/content\/wp-content\/uploads\/2021\/01\/profiter-bon-air-nature-partant-vacances-camping.jpg","datePublished":"2021-01-29T11:24:20+00:00","dateModified":"2021-01-31T23:05:18+00:00","description":"En vacances, d\u00e9couvrez comment se rapprocher de la nature et profiter du grand air gr\u00e2ce aux avantages du s\u00e9jour en camping.","breadcrumb":{"@id":"https:\/\/www.campings.com\/fr\/content\/profiter-bon-air-nature-partant-vacances-camping\/#breadcrumb"},"inLanguage":"fr-FR","potentialAction":[{"@type":"ReadAction","target":["https:\/\/www.campings.com\/fr\/content\/profiter-bon-air-nature-partant-vacances-camping\/"]}]},{"@type":"ImageObject","inLanguage":"fr-FR","@id":"https:\/\/www.campings.com\/fr\/content\/profiter-bon-air-nature-partant-vacances-camping\/#primaryimage","url":"https:\/\/www.campings.com\/fr\/content\/wp-content\/uploads\/2021\/01\/profiter-bon-air-nature-partant-vacances-camping.jpg","contentUrl":"https:\/\/www.campings.com\/fr\/content\/wp-content\/uploads\/2021\/01\/profiter-bon-air-nature-partant-vacances-camping.jpg","width":1000,"height":667},{"@type":"BreadcrumbList","@id":"https:\/\/www.campings.com\/fr\/content\/profiter-bon-air-nature-partant-vacances-camping\/#breadcrumb","itemListElement":[{"@type":"ListItem","position":1,"name":"Home","item":"https:\/\/www.campings.com\/fr\/content\/"},{"@type":"ListItem","position":2,"name":"Le bol d&rsquo;air pur offert par un s\u00e9jour en camping"}]},{"@type":"WebSite","@id":"https:\/\/www.campings.com\/fr\/content\/#website","url":"https:\/\/www.campings.com\/fr\/content\/","name":"","description":"","publisher":{"@id":"https:\/\/www.campings.com\/fr\/content\/#organization"},"potentialAction":[{"@type":"SearchAction","target":{"@type":"EntryPoint","urlTemplate":"https:\/\/www.campings.com\/fr\/content\/?s={search_term_string}"},"query-input":{"@type":"PropertyValueSpecification","valueRequired":true,"valueName":"search_term_string"}}],"inLanguage":"fr-FR"},{"@type":"Organization","@id":"https:\/\/www.campings.com\/fr\/content\/#organization","name":"CAMPINGS.COM","url":"https:\/\/www.campings.com\/fr\/content\/","logo":{"@type":"ImageObject","inLanguage":"fr-FR","@id":"https:\/\/www.campings.com\/fr\/content\/#\/schema\/logo\/image\/","url":"https:\/\/www.campings.com\/fr\/content\/wp-content\/uploads\/2019\/01\/cropped-logo-1.png","contentUrl":"https:\/\/www.campings.com\/fr\/content\/wp-content\/uploads\/2019\/01\/cropped-logo-1.png","width":174,"height":42,"caption":"CAMPINGS.COM"},"image":{"@id":"https:\/\/www.campings.com\/fr\/content\/#\/schema\/logo\/image\/"}}]}},"_links":{"self":[{"href":"https:\/\/www.campings.com\/fr\/content\/wp-json\/wp\/v2\/pages\/2071","targetHints":{"allow":["GET"]}}],"collection":[{"href":"https:\/\/www.campings.com\/fr\/content\/wp-json\/wp\/v2\/pages"}],"about":[{"href":"https:\/\/www.campings.com\/fr\/content\/wp-json\/wp\/v2\/types\/page"}],"author":[{"embeddable":true,"href":"https:\/\/www.campings.com\/fr\/content\/wp-json\/wp\/v2\/users\/18"}],"replies":[{"embeddable":true,"href":"https:\/\/www.campings.com\/fr\/content\/wp-json\/wp\/v2\/comments?post=2071"}],"version-history":[{"count":4,"href":"https:\/\/www.campings.com\/fr\/content\/wp-json\/wp\/v2\/pages\/2071\/revisions"}],"predecessor-version":[{"id":2198,"href":"https:\/\/www.campings.com\/fr\/content\/wp-json\/wp\/v2\/pages\/2071\/revisions\/2198"}],"wp:attachment":[{"href":"https:\/\/www.campings.com\/fr\/content\/wp-json\/wp\/v2\/media?parent=2071"}],"curies":[{"name":"wp","href":"https:\/\/api.w.org\/{rel}","templated":true}]}}