{"id":1930,"date":"2020-06-04T10:38:17","date_gmt":"2020-06-04T10:38:17","guid":{"rendered":"https:\/\/www.campings.com\/fr\/content\/?page_id=1930"},"modified":"2020-06-04T13:50:52","modified_gmt":"2020-06-04T13:50:52","slug":"utilisation-avoir","status":"publish","type":"page","link":"https:\/\/www.campings.com\/fr\/content\/utilisation-avoir\/","title":{"rendered":"Comment utiliser un avoir ?"},"content":{"rendered":"<p>Ch\u00e8re cliente, cher client,<\/p>\n<p>Vous disposez d&rsquo;un avoir \u00e0 utiliser suite \u00e0 l&rsquo;annulation d&rsquo;une commande ? Pas de panique ! L&rsquo;avoir est tr\u00e8s simple d&rsquo;utilisation. Voici les \u00e9tapes \u00e0 suivre pour pouvoir l&rsquo;utiliser lors de votre prochaine r\u00e9servation.<\/p>\n<p>L&rsquo;avoir est utilisable sur notre site sous la forme d&rsquo;un code individuel. Vous allez donc avoir besoin de ce code qu&rsquo;il faudra appliquer dans le panier\u00a0 dans l&rsquo;encart pr\u00e9vu \u00e0 cet effet avant le paiement final. Nous vous avons transmis ce code par email r\u00e9cemment. Vous pouvez \u00e9galement le retrouver directement depuis la page d&rsquo;accueil de notre site, en cliquant sur &lsquo;Mon Espace&rsquo; puis &lsquo;Rechercher ma r\u00e9servation&rsquo;.<\/p>\n<p><img loading=\"lazy\" decoding=\"async\" class=\"aligncenter wp-image-1943\" src=\"https:\/\/www.campings.com\/fr\/content\/wp-content\/uploads\/2020\/06\/utilisation_avoir_5.jpg\" alt=\"\" width=\"600\" height=\"261\" \/><\/p>\n<p>Ins\u00e9rez alors votre num\u00e9ro de r\u00e9servation ainsi que le &lsquo;Nom de Famille&rsquo; associ\u00e9 \u00e0 la commande.<\/p>\n<p><img loading=\"lazy\" decoding=\"async\" class=\"wp-image-1931 aligncenter\" src=\"https:\/\/www.campings.com\/fr\/content\/wp-content\/uploads\/2020\/06\/capture_utilisation_avoir_1bis.png\" alt=\"\" width=\"600\" height=\"397\" \/><\/p>\n<p>&nbsp;<\/p>\n<p>Vous arriverez alors sur cette page o\u00f9 vous trouverez le r\u00e9capitulatif de votre commande annul\u00e9e, ainsi que le code \u00e0 utiliser lors de la confirmation de votre nouvelle r\u00e9servation.<\/p>\n<p>&nbsp;<\/p>\n<p><img loading=\"lazy\" decoding=\"async\" class=\"wp-image-1933 aligncenter\" src=\"https:\/\/www.campings.com\/fr\/content\/wp-content\/uploads\/2020\/06\/capture_utilisation_avoir_2.png\" alt=\"\" width=\"600\" height=\"346\" \/><\/p>\n<p>&nbsp;<\/p>\n<p>Muni de ce code, vous pouvez alors proc\u00e9der \u00e0 la recherche et la r\u00e9servation de votre nouveau s\u00e9jour.\u00a0 Comme pour une r\u00e9servation classique sur notre site, s\u00e9lectionnez le camping de votre choix \u00e0 l&rsquo;aide de notre moteur de recherche puis r\u00e9servez l&rsquo;h\u00e9bergement souhait\u00e9 en cliquant sur le bouton &lsquo;R\u00e9server&rsquo; comme dans l&rsquo;exemple ci-dessous.<\/p>\n<p><img loading=\"lazy\" decoding=\"async\" class=\"wp-image-1937 aligncenter\" src=\"https:\/\/www.campings.com\/fr\/content\/wp-content\/uploads\/2020\/06\/capture_utilisation_avoir_3-1.png\" alt=\"\" width=\"600\" height=\"331\" \/><\/p>\n<p>&nbsp;<\/p>\n<p>&nbsp;<\/p>\n<p>Vous entamez alors la derni\u00e8re partie du processus de r\u00e9servation ! Apr\u00e8s avoir cliqu\u00e9 sur le bouton &lsquo;R\u00e9server&rsquo; comme ci-dessus, vous atterrissez sur une page o\u00f9 vous trouverez le r\u00e9capitulatif de votre commande et o\u00f9 vous devrez renseigner vos coordonn\u00e9es personnelles. En bas de cette m\u00eame page, vous trouverez l&rsquo;encart d\u00e9di\u00e9 aux avoirs. <strong>Ins\u00e9rez votre code et n&rsquo;oubliez pas de cliquer sur le bouton &lsquo;Ajouter&rsquo; afin d&rsquo;appliquer la remise.<\/strong><\/p>\n<p>A noter une information importante : l&rsquo;avoir est li\u00e9 \u00e0 votre adresse email. Il vous faudra donc utiliser la m\u00eame adresse email que pour la pr\u00e9c\u00e9dente r\u00e9servation qui a \u00e9t\u00e9 annul\u00e9e.<\/p>\n<p><img loading=\"lazy\" decoding=\"async\" class=\"wp-image-1939 aligncenter\" src=\"https:\/\/www.campings.com\/fr\/content\/wp-content\/uploads\/2020\/06\/capture_utilisation_avoir_4-1.png\" alt=\"\" width=\"600\" height=\"276\" \/><\/p>\n<p>L&rsquo;avoir est alors visible dans la colonne &lsquo;R\u00e9capitulatif du s\u00e9jour&rsquo;.<br \/>\n<img loading=\"lazy\" decoding=\"async\" class=\"aligncenter wp-image-1945\" src=\"https:\/\/www.campings.com\/fr\/content\/wp-content\/uploads\/2020\/06\/utilisation_avoir_6.jpg\" alt=\"\" width=\"200\" height=\"354\" \/><\/p>\n<p>Il ne vous reste plus qu&rsquo;\u00e0 proc\u00e9der au paiement de votre r\u00e9servation en cliquant sur le bouton &lsquo;Passer \u00e0 la derni\u00e8re \u00e9tape&rsquo; en bas de page.<\/p>\n<p>Dans le cas o\u00f9 le montant de l&rsquo;avoir est inf\u00e9rieur au montant du nouveau s\u00e9jour command\u00e9, il vous faudra r\u00e9gler la diff\u00e9rence en utilisant les moyens de paiement propos\u00e9s.<\/p>\n<p>Dans le cas o\u00f9 le montant de l&rsquo;avoir est sup\u00e9rieur au montant du nouveau s\u00e9jour command\u00e9, le reliquat sera calcul\u00e9 automatiquement et vous pourrez effectuer une r\u00e9servation suppl\u00e9mentaire en utilisant le m\u00eame code.<\/p>\n<p>Si vous avez besoin d&rsquo;aide, n&rsquo;h\u00e9sitez pas \u00e0 faire appel \u00e0 notre <strong><a href=\"https:\/\/www.campings.com\/fr\/content\/service-client\/\">assistant virtuel<\/a>.<\/strong> Il r\u00e9pondra \u00e0 toutes vos questions concernant les r\u00e9servations annul\u00e9es ainsi que les nouvelles r\u00e9servations.<\/p>\n<p>Nous vous remercions pour votre confiance.<\/p>\n","protected":false},"excerpt":{"rendered":"<p>Ch\u00e8re cliente, cher client, Vous disposez d&rsquo;un avoir \u00e0 utiliser suite \u00e0 l&rsquo;annulation d&rsquo;une commande ? Pas de panique ! L&rsquo;avoir est tr\u00e8s simple d&rsquo;utilisation. Voici les \u00e9tapes \u00e0 suivre pour pouvoir l&rsquo;utiliser lors de votre prochaine r\u00e9servation. L&rsquo;avoir est utilisable sur notre site sous la forme d&rsquo;un code individuel. Vous allez donc avoir besoin [&hellip;]<\/p>\n","protected":false},"author":2,"featured_media":0,"parent":0,"menu_order":0,"comment_status":"closed","ping_status":"closed","template":"template-onecolumn.php","meta":{"_acf_changed":false,"footnotes":""},"class_list":["post-1930","page","type-page","status-publish","hentry"],"acf":[],"yoast_head":"<!-- This site is optimized with the Yoast SEO plugin v27.1.1 - https:\/\/yoast.com\/product\/yoast-seo-wordpress\/ -->\n<title>Comment utiliser un avoir ? -<\/title>\n<meta name=\"robots\" content=\"index, follow, max-snippet:-1, max-image-preview:large, max-video-preview:-1\" \/>\n<link rel=\"canonical\" href=\"https:\/\/www.campings.com\/fr\/content\/utilisation-avoir\/\" \/>\n<meta property=\"og:locale\" content=\"fr_FR\" \/>\n<meta property=\"og:type\" content=\"article\" \/>\n<meta property=\"og:title\" content=\"Comment utiliser un avoir ? -\" \/>\n<meta property=\"og:description\" content=\"Ch\u00e8re cliente, cher client, Vous disposez d&rsquo;un avoir \u00e0 utiliser suite \u00e0 l&rsquo;annulation d&rsquo;une commande ? Pas de panique ! L&rsquo;avoir est tr\u00e8s simple d&rsquo;utilisation. Voici les \u00e9tapes \u00e0 suivre pour pouvoir l&rsquo;utiliser lors de votre prochaine r\u00e9servation. L&rsquo;avoir est utilisable sur notre site sous la forme d&rsquo;un code individuel. Vous allez donc avoir besoin [&hellip;]\" \/>\n<meta property=\"og:url\" content=\"https:\/\/www.campings.com\/fr\/content\/utilisation-avoir\/\" \/>\n<meta property=\"article:modified_time\" content=\"2020-06-04T13:50:52+00:00\" \/>\n<meta property=\"og:image\" content=\"https:\/\/www.campings.com\/fr\/content\/wp-content\/uploads\/2020\/06\/utilisation_avoir_5.jpg\" \/>\n\t<meta property=\"og:image:width\" content=\"1690\" \/>\n\t<meta property=\"og:image:height\" content=\"734\" \/>\n\t<meta property=\"og:image:type\" content=\"image\/jpeg\" \/>\n<meta name=\"twitter:card\" content=\"summary_large_image\" \/>\n<meta name=\"twitter:label1\" content=\"Dur\u00e9e de lecture estim\u00e9e\" \/>\n\t<meta name=\"twitter:data1\" content=\"2 minutes\" \/>\n<script type=\"application\/ld+json\" class=\"yoast-schema-graph\">{\"@context\":\"https:\/\/schema.org\",\"@graph\":[{\"@type\":\"WebPage\",\"@id\":\"https:\/\/www.campings.com\/fr\/content\/utilisation-avoir\/\",\"url\":\"https:\/\/www.campings.com\/fr\/content\/utilisation-avoir\/\",\"name\":\"Comment utiliser un avoir ? -\",\"isPartOf\":{\"@id\":\"https:\/\/www.campings.com\/fr\/content\/#website\"},\"primaryImageOfPage\":{\"@id\":\"https:\/\/www.campings.com\/fr\/content\/utilisation-avoir\/#primaryimage\"},\"image\":{\"@id\":\"https:\/\/www.campings.com\/fr\/content\/utilisation-avoir\/#primaryimage\"},\"thumbnailUrl\":\"https:\/\/www.campings.com\/fr\/content\/wp-content\/uploads\/2020\/06\/utilisation_avoir_5.jpg\",\"datePublished\":\"2020-06-04T10:38:17+00:00\",\"dateModified\":\"2020-06-04T13:50:52+00:00\",\"breadcrumb\":{\"@id\":\"https:\/\/www.campings.com\/fr\/content\/utilisation-avoir\/#breadcrumb\"},\"inLanguage\":\"fr-FR\",\"potentialAction\":[{\"@type\":\"ReadAction\",\"target\":[\"https:\/\/www.campings.com\/fr\/content\/utilisation-avoir\/\"]}]},{\"@type\":\"ImageObject\",\"inLanguage\":\"fr-FR\",\"@id\":\"https:\/\/www.campings.com\/fr\/content\/utilisation-avoir\/#primaryimage\",\"url\":\"https:\/\/www.campings.com\/fr\/content\/wp-content\/uploads\/2020\/06\/utilisation_avoir_5.jpg\",\"contentUrl\":\"https:\/\/www.campings.com\/fr\/content\/wp-content\/uploads\/2020\/06\/utilisation_avoir_5.jpg\",\"width\":1690,\"height\":734},{\"@type\":\"BreadcrumbList\",\"@id\":\"https:\/\/www.campings.com\/fr\/content\/utilisation-avoir\/#breadcrumb\",\"itemListElement\":[{\"@type\":\"ListItem\",\"position\":1,\"name\":\"Home\",\"item\":\"https:\/\/www.campings.com\/fr\/content\/\"},{\"@type\":\"ListItem\",\"position\":2,\"name\":\"Comment utiliser un avoir ?\"}]},{\"@type\":\"WebSite\",\"@id\":\"https:\/\/www.campings.com\/fr\/content\/#website\",\"url\":\"https:\/\/www.campings.com\/fr\/content\/\",\"name\":\"\",\"description\":\"\",\"publisher\":{\"@id\":\"https:\/\/www.campings.com\/fr\/content\/#organization\"},\"potentialAction\":[{\"@type\":\"SearchAction\",\"target\":{\"@type\":\"EntryPoint\",\"urlTemplate\":\"https:\/\/www.campings.com\/fr\/content\/?s={search_term_string}\"},\"query-input\":{\"@type\":\"PropertyValueSpecification\",\"valueRequired\":true,\"valueName\":\"search_term_string\"}}],\"inLanguage\":\"fr-FR\"},{\"@type\":\"Organization\",\"@id\":\"https:\/\/www.campings.com\/fr\/content\/#organization\",\"name\":\"CAMPINGS.COM\",\"url\":\"https:\/\/www.campings.com\/fr\/content\/\",\"logo\":{\"@type\":\"ImageObject\",\"inLanguage\":\"fr-FR\",\"@id\":\"https:\/\/www.campings.com\/fr\/content\/#\/schema\/logo\/image\/\",\"url\":\"https:\/\/www.campings.com\/fr\/content\/wp-content\/uploads\/2019\/01\/cropped-logo-1.png\",\"contentUrl\":\"https:\/\/www.campings.com\/fr\/content\/wp-content\/uploads\/2019\/01\/cropped-logo-1.png\",\"width\":174,\"height\":42,\"caption\":\"CAMPINGS.COM\"},\"image\":{\"@id\":\"https:\/\/www.campings.com\/fr\/content\/#\/schema\/logo\/image\/\"}}]}<\/script>\n<!-- \/ Yoast SEO plugin. -->","yoast_head_json":{"title":"Comment utiliser un avoir ? -","robots":{"index":"index","follow":"follow","max-snippet":"max-snippet:-1","max-image-preview":"max-image-preview:large","max-video-preview":"max-video-preview:-1"},"canonical":"https:\/\/www.campings.com\/fr\/content\/utilisation-avoir\/","og_locale":"fr_FR","og_type":"article","og_title":"Comment utiliser un avoir ? -","og_description":"Ch\u00e8re cliente, cher client, Vous disposez d&rsquo;un avoir \u00e0 utiliser suite \u00e0 l&rsquo;annulation d&rsquo;une commande ? Pas de panique ! L&rsquo;avoir est tr\u00e8s simple d&rsquo;utilisation. Voici les \u00e9tapes \u00e0 suivre pour pouvoir l&rsquo;utiliser lors de votre prochaine r\u00e9servation. L&rsquo;avoir est utilisable sur notre site sous la forme d&rsquo;un code individuel. Vous allez donc avoir besoin [&hellip;]","og_url":"https:\/\/www.campings.com\/fr\/content\/utilisation-avoir\/","article_modified_time":"2020-06-04T13:50:52+00:00","og_image":[{"width":1690,"height":734,"url":"https:\/\/www.campings.com\/fr\/content\/wp-content\/uploads\/2020\/06\/utilisation_avoir_5.jpg","type":"image\/jpeg"}],"twitter_card":"summary_large_image","twitter_misc":{"Dur\u00e9e de lecture estim\u00e9e":"2 minutes"},"schema":{"@context":"https:\/\/schema.org","@graph":[{"@type":"WebPage","@id":"https:\/\/www.campings.com\/fr\/content\/utilisation-avoir\/","url":"https:\/\/www.campings.com\/fr\/content\/utilisation-avoir\/","name":"Comment utiliser un avoir ? -","isPartOf":{"@id":"https:\/\/www.campings.com\/fr\/content\/#website"},"primaryImageOfPage":{"@id":"https:\/\/www.campings.com\/fr\/content\/utilisation-avoir\/#primaryimage"},"image":{"@id":"https:\/\/www.campings.com\/fr\/content\/utilisation-avoir\/#primaryimage"},"thumbnailUrl":"https:\/\/www.campings.com\/fr\/content\/wp-content\/uploads\/2020\/06\/utilisation_avoir_5.jpg","datePublished":"2020-06-04T10:38:17+00:00","dateModified":"2020-06-04T13:50:52+00:00","breadcrumb":{"@id":"https:\/\/www.campings.com\/fr\/content\/utilisation-avoir\/#breadcrumb"},"inLanguage":"fr-FR","potentialAction":[{"@type":"ReadAction","target":["https:\/\/www.campings.com\/fr\/content\/utilisation-avoir\/"]}]},{"@type":"ImageObject","inLanguage":"fr-FR","@id":"https:\/\/www.campings.com\/fr\/content\/utilisation-avoir\/#primaryimage","url":"https:\/\/www.campings.com\/fr\/content\/wp-content\/uploads\/2020\/06\/utilisation_avoir_5.jpg","contentUrl":"https:\/\/www.campings.com\/fr\/content\/wp-content\/uploads\/2020\/06\/utilisation_avoir_5.jpg","width":1690,"height":734},{"@type":"BreadcrumbList","@id":"https:\/\/www.campings.com\/fr\/content\/utilisation-avoir\/#breadcrumb","itemListElement":[{"@type":"ListItem","position":1,"name":"Home","item":"https:\/\/www.campings.com\/fr\/content\/"},{"@type":"ListItem","position":2,"name":"Comment utiliser un avoir ?"}]},{"@type":"WebSite","@id":"https:\/\/www.campings.com\/fr\/content\/#website","url":"https:\/\/www.campings.com\/fr\/content\/","name":"","description":"","publisher":{"@id":"https:\/\/www.campings.com\/fr\/content\/#organization"},"potentialAction":[{"@type":"SearchAction","target":{"@type":"EntryPoint","urlTemplate":"https:\/\/www.campings.com\/fr\/content\/?s={search_term_string}"},"query-input":{"@type":"PropertyValueSpecification","valueRequired":true,"valueName":"search_term_string"}}],"inLanguage":"fr-FR"},{"@type":"Organization","@id":"https:\/\/www.campings.com\/fr\/content\/#organization","name":"CAMPINGS.COM","url":"https:\/\/www.campings.com\/fr\/content\/","logo":{"@type":"ImageObject","inLanguage":"fr-FR","@id":"https:\/\/www.campings.com\/fr\/content\/#\/schema\/logo\/image\/","url":"https:\/\/www.campings.com\/fr\/content\/wp-content\/uploads\/2019\/01\/cropped-logo-1.png","contentUrl":"https:\/\/www.campings.com\/fr\/content\/wp-content\/uploads\/2019\/01\/cropped-logo-1.png","width":174,"height":42,"caption":"CAMPINGS.COM"},"image":{"@id":"https:\/\/www.campings.com\/fr\/content\/#\/schema\/logo\/image\/"}}]}},"_links":{"self":[{"href":"https:\/\/www.campings.com\/fr\/content\/wp-json\/wp\/v2\/pages\/1930","targetHints":{"allow":["GET"]}}],"collection":[{"href":"https:\/\/www.campings.com\/fr\/content\/wp-json\/wp\/v2\/pages"}],"about":[{"href":"https:\/\/www.campings.com\/fr\/content\/wp-json\/wp\/v2\/types\/page"}],"author":[{"embeddable":true,"href":"https:\/\/www.campings.com\/fr\/content\/wp-json\/wp\/v2\/users\/2"}],"replies":[{"embeddable":true,"href":"https:\/\/www.campings.com\/fr\/content\/wp-json\/wp\/v2\/comments?post=1930"}],"version-history":[{"count":9,"href":"https:\/\/www.campings.com\/fr\/content\/wp-json\/wp\/v2\/pages\/1930\/revisions"}],"predecessor-version":[{"id":1947,"href":"https:\/\/www.campings.com\/fr\/content\/wp-json\/wp\/v2\/pages\/1930\/revisions\/1947"}],"wp:attachment":[{"href":"https:\/\/www.campings.com\/fr\/content\/wp-json\/wp\/v2\/media?parent=1930"}],"curies":[{"name":"wp","href":"https:\/\/api.w.org\/{rel}","templated":true}]}}