{"id":1777,"date":"2020-02-28T14:50:16","date_gmt":"2020-02-28T14:50:16","guid":{"rendered":"https:\/\/www.campings.com\/fr\/content\/?page_id=1777"},"modified":"2020-02-28T14:50:22","modified_gmt":"2020-02-28T14:50:22","slug":"comment-gerer-ses-dechets-en-camping","status":"publish","type":"page","link":"https:\/\/www.campings.com\/fr\/content\/faq-camping\/comment-gerer-ses-dechets-en-camping\/","title":{"rendered":"Comment g\u00e9rer ses d\u00e9chets en camping ?"},"content":{"rendered":"<p>Pour g\u00e9rer ses d\u00e9chets en <a href=\"https:\/\/www.campings.com\/fr\/content\/tout-savoir-sur-le-camping\/faq-camping\/\">camping<\/a> et respecter l&rsquo;environnement, ayez <strong>les bons r\u00e9flexes<\/strong> :<\/p>\n<ul>\n<li><strong>Utilisez les bacs \u00e0 tri<\/strong> pour les papiers, les emballages, le verre et les ordures m\u00e9nag\u00e8res.<\/li>\n<li>Pensez \u00e0 mettre de c\u00f4t\u00e9 vos \u00e9pluchures de fruits et l\u00e9gumes si votre camping propose un <strong>espace de compostage<\/strong>.<\/li>\n<\/ul>\n<h2>Comment sensibiliser sur le tri des d\u00e9chets au camping ?<\/h2>\n<p>Il est important de sensibiliser les vacanciers sur le tri des d\u00e9chets. Comme il est important de <strong>donner l\u2019acc\u00e8s \u00e0 un service efficace de recyclage<\/strong>, clair et accessible \u00e0 tous. Pr\u00e9server les campings, les plages, la nature et l\u2019environnement en g\u00e9n\u00e9ral des d\u00e9chets sauvages assure aussi le confort des campeurs pendant leur s\u00e9jour.<\/p>\n<ol>\n<li>\u00c0 l\u2019arriv\u00e9e au camping, consultez le <strong>guide des bonnes pratiques du recyclage<\/strong>.<\/li>\n<li>Prenez connaissance des <strong>services de collecte de la commune ou du camping<\/strong>, les horaires ou le monde de ramassage.<\/li>\n<li>Faites le tour des bacs de tri disponibles dans le camping et renseignez-vous sur la gestion des d\u00e9chets du camping.<\/li>\n<li>Sur votre campement ou dans votre Mobil home, <strong>triez vos d\u00e9chets<\/strong> : emballages, ordures m\u00e9nag\u00e8res, bouteilles plastiques, etc.<\/li>\n<\/ol>\n<h2>Comment r\u00e9duire ses d\u00e9chets au camping ?<\/h2>\n<p>R\u00e9duire les d\u00e9chets d\u2019un camping demande <strong>l\u2019implication de tous les usagers du camping <\/strong>:<\/p>\n<ul>\n<li><strong>Limitez le gaspillage alimentaire<\/strong> (proposez un ap\u00e9ritif de d\u00e9part pour finir les restes).<\/li>\n<li>Oubliez le plastique et les bouteilles d\u2019eau et <strong>faites le choix des gourdes, de la vaisselle r\u00e9utilisable<\/strong>, des sacs en tissu, etc.<\/li>\n<li>Louez ce qui vous manque ou si vous avez achet\u00e9 des objets que vous ne pouvez pas ramener, donnez-les.<\/li>\n<li><strong>R\u00e9duisez les d\u00e9chets et emballages<\/strong> et pr\u00e9voyez des contenants pour les courses au camping.<\/li>\n<\/ul>\n","protected":false},"excerpt":{"rendered":"<p>Pour g\u00e9rer ses d\u00e9chets en camping et respecter l&rsquo;environnement, ayez les bons r\u00e9flexes : Utilisez les bacs \u00e0 tri pour les papiers, les emballages, le verre et les ordures m\u00e9nag\u00e8res. Pensez \u00e0 mettre de c\u00f4t\u00e9 vos \u00e9pluchures de fruits et l\u00e9gumes si votre camping propose un espace de compostage. Comment sensibiliser sur le tri des [&hellip;]<\/p>\n","protected":false},"author":2,"featured_media":0,"parent":1638,"menu_order":0,"comment_status":"closed","ping_status":"closed","template":"template-twocolumns.php","meta":{"_acf_changed":false,"footnotes":""},"class_list":["post-1777","page","type-page","status-publish","hentry"],"acf":[],"yoast_head":"<!-- This site is optimized with the Yoast SEO plugin v27.1.1 - https:\/\/yoast.com\/product\/yoast-seo-wordpress\/ -->\n<title>Comment g\u00e9rer ses d\u00e9chets en camping ?<\/title>\n<meta name=\"description\" content=\"FAQ - Comment g\u00e9rer ses d\u00e9chets en camping ?\" \/>\n<meta name=\"robots\" content=\"index, follow, max-snippet:-1, max-image-preview:large, max-video-preview:-1\" \/>\n<link rel=\"canonical\" href=\"https:\/\/www.campings.com\/fr\/content\/faq-camping\/comment-gerer-ses-dechets-en-camping\/\" \/>\n<meta property=\"og:locale\" content=\"fr_FR\" \/>\n<meta property=\"og:type\" content=\"article\" \/>\n<meta property=\"og:title\" content=\"Comment g\u00e9rer ses d\u00e9chets en camping ?\" \/>\n<meta property=\"og:description\" content=\"FAQ - Comment g\u00e9rer ses d\u00e9chets en camping ?\" \/>\n<meta property=\"og:url\" content=\"https:\/\/www.campings.com\/fr\/content\/faq-camping\/comment-gerer-ses-dechets-en-camping\/\" \/>\n<meta property=\"article:modified_time\" content=\"2020-02-28T14:50:22+00:00\" \/>\n<meta name=\"twitter:card\" content=\"summary_large_image\" \/>\n<meta name=\"twitter:label1\" content=\"Dur\u00e9e de lecture estim\u00e9e\" \/>\n\t<meta name=\"twitter:data1\" content=\"1 minute\" \/>\n<script type=\"application\/ld+json\" class=\"yoast-schema-graph\">{\"@context\":\"https:\/\/schema.org\",\"@graph\":[{\"@type\":\"WebPage\",\"@id\":\"https:\/\/www.campings.com\/fr\/content\/faq-camping\/comment-gerer-ses-dechets-en-camping\/\",\"url\":\"https:\/\/www.campings.com\/fr\/content\/faq-camping\/comment-gerer-ses-dechets-en-camping\/\",\"name\":\"Comment g\u00e9rer ses d\u00e9chets en camping ?\",\"isPartOf\":{\"@id\":\"https:\/\/www.campings.com\/fr\/content\/#website\"},\"datePublished\":\"2020-02-28T14:50:16+00:00\",\"dateModified\":\"2020-02-28T14:50:22+00:00\",\"description\":\"FAQ - Comment g\u00e9rer ses d\u00e9chets en camping ?\",\"breadcrumb\":{\"@id\":\"https:\/\/www.campings.com\/fr\/content\/faq-camping\/comment-gerer-ses-dechets-en-camping\/#breadcrumb\"},\"inLanguage\":\"fr-FR\",\"potentialAction\":[{\"@type\":\"ReadAction\",\"target\":[\"https:\/\/www.campings.com\/fr\/content\/faq-camping\/comment-gerer-ses-dechets-en-camping\/\"]}]},{\"@type\":\"BreadcrumbList\",\"@id\":\"https:\/\/www.campings.com\/fr\/content\/faq-camping\/comment-gerer-ses-dechets-en-camping\/#breadcrumb\",\"itemListElement\":[{\"@type\":\"ListItem\",\"position\":1,\"name\":\"Home\",\"item\":\"https:\/\/www.campings.com\/fr\/content\/\"},{\"@type\":\"ListItem\",\"position\":2,\"name\":\"FAQ camping\",\"item\":\"https:\/\/www.campings.com\/fr\/content\/faq-camping\/\"},{\"@type\":\"ListItem\",\"position\":3,\"name\":\"Comment g\u00e9rer ses d\u00e9chets en camping ?\"}]},{\"@type\":\"WebSite\",\"@id\":\"https:\/\/www.campings.com\/fr\/content\/#website\",\"url\":\"https:\/\/www.campings.com\/fr\/content\/\",\"name\":\"\",\"description\":\"\",\"publisher\":{\"@id\":\"https:\/\/www.campings.com\/fr\/content\/#organization\"},\"potentialAction\":[{\"@type\":\"SearchAction\",\"target\":{\"@type\":\"EntryPoint\",\"urlTemplate\":\"https:\/\/www.campings.com\/fr\/content\/?s={search_term_string}\"},\"query-input\":{\"@type\":\"PropertyValueSpecification\",\"valueRequired\":true,\"valueName\":\"search_term_string\"}}],\"inLanguage\":\"fr-FR\"},{\"@type\":\"Organization\",\"@id\":\"https:\/\/www.campings.com\/fr\/content\/#organization\",\"name\":\"CAMPINGS.COM\",\"url\":\"https:\/\/www.campings.com\/fr\/content\/\",\"logo\":{\"@type\":\"ImageObject\",\"inLanguage\":\"fr-FR\",\"@id\":\"https:\/\/www.campings.com\/fr\/content\/#\/schema\/logo\/image\/\",\"url\":\"https:\/\/www.campings.com\/fr\/content\/wp-content\/uploads\/2019\/01\/cropped-logo-1.png\",\"contentUrl\":\"https:\/\/www.campings.com\/fr\/content\/wp-content\/uploads\/2019\/01\/cropped-logo-1.png\",\"width\":174,\"height\":42,\"caption\":\"CAMPINGS.COM\"},\"image\":{\"@id\":\"https:\/\/www.campings.com\/fr\/content\/#\/schema\/logo\/image\/\"}}]}<\/script>\n<!-- \/ Yoast SEO plugin. -->","yoast_head_json":{"title":"Comment g\u00e9rer ses d\u00e9chets en camping ?","description":"FAQ - Comment g\u00e9rer ses d\u00e9chets en camping ?","robots":{"index":"index","follow":"follow","max-snippet":"max-snippet:-1","max-image-preview":"max-image-preview:large","max-video-preview":"max-video-preview:-1"},"canonical":"https:\/\/www.campings.com\/fr\/content\/faq-camping\/comment-gerer-ses-dechets-en-camping\/","og_locale":"fr_FR","og_type":"article","og_title":"Comment g\u00e9rer ses d\u00e9chets en camping ?","og_description":"FAQ - Comment g\u00e9rer ses d\u00e9chets en camping ?","og_url":"https:\/\/www.campings.com\/fr\/content\/faq-camping\/comment-gerer-ses-dechets-en-camping\/","article_modified_time":"2020-02-28T14:50:22+00:00","twitter_card":"summary_large_image","twitter_misc":{"Dur\u00e9e de lecture estim\u00e9e":"1 minute"},"schema":{"@context":"https:\/\/schema.org","@graph":[{"@type":"WebPage","@id":"https:\/\/www.campings.com\/fr\/content\/faq-camping\/comment-gerer-ses-dechets-en-camping\/","url":"https:\/\/www.campings.com\/fr\/content\/faq-camping\/comment-gerer-ses-dechets-en-camping\/","name":"Comment g\u00e9rer ses d\u00e9chets en camping ?","isPartOf":{"@id":"https:\/\/www.campings.com\/fr\/content\/#website"},"datePublished":"2020-02-28T14:50:16+00:00","dateModified":"2020-02-28T14:50:22+00:00","description":"FAQ - Comment g\u00e9rer ses d\u00e9chets en camping ?","breadcrumb":{"@id":"https:\/\/www.campings.com\/fr\/content\/faq-camping\/comment-gerer-ses-dechets-en-camping\/#breadcrumb"},"inLanguage":"fr-FR","potentialAction":[{"@type":"ReadAction","target":["https:\/\/www.campings.com\/fr\/content\/faq-camping\/comment-gerer-ses-dechets-en-camping\/"]}]},{"@type":"BreadcrumbList","@id":"https:\/\/www.campings.com\/fr\/content\/faq-camping\/comment-gerer-ses-dechets-en-camping\/#breadcrumb","itemListElement":[{"@type":"ListItem","position":1,"name":"Home","item":"https:\/\/www.campings.com\/fr\/content\/"},{"@type":"ListItem","position":2,"name":"FAQ camping","item":"https:\/\/www.campings.com\/fr\/content\/faq-camping\/"},{"@type":"ListItem","position":3,"name":"Comment g\u00e9rer ses d\u00e9chets en camping ?"}]},{"@type":"WebSite","@id":"https:\/\/www.campings.com\/fr\/content\/#website","url":"https:\/\/www.campings.com\/fr\/content\/","name":"","description":"","publisher":{"@id":"https:\/\/www.campings.com\/fr\/content\/#organization"},"potentialAction":[{"@type":"SearchAction","target":{"@type":"EntryPoint","urlTemplate":"https:\/\/www.campings.com\/fr\/content\/?s={search_term_string}"},"query-input":{"@type":"PropertyValueSpecification","valueRequired":true,"valueName":"search_term_string"}}],"inLanguage":"fr-FR"},{"@type":"Organization","@id":"https:\/\/www.campings.com\/fr\/content\/#organization","name":"CAMPINGS.COM","url":"https:\/\/www.campings.com\/fr\/content\/","logo":{"@type":"ImageObject","inLanguage":"fr-FR","@id":"https:\/\/www.campings.com\/fr\/content\/#\/schema\/logo\/image\/","url":"https:\/\/www.campings.com\/fr\/content\/wp-content\/uploads\/2019\/01\/cropped-logo-1.png","contentUrl":"https:\/\/www.campings.com\/fr\/content\/wp-content\/uploads\/2019\/01\/cropped-logo-1.png","width":174,"height":42,"caption":"CAMPINGS.COM"},"image":{"@id":"https:\/\/www.campings.com\/fr\/content\/#\/schema\/logo\/image\/"}}]}},"_links":{"self":[{"href":"https:\/\/www.campings.com\/fr\/content\/wp-json\/wp\/v2\/pages\/1777","targetHints":{"allow":["GET"]}}],"collection":[{"href":"https:\/\/www.campings.com\/fr\/content\/wp-json\/wp\/v2\/pages"}],"about":[{"href":"https:\/\/www.campings.com\/fr\/content\/wp-json\/wp\/v2\/types\/page"}],"author":[{"embeddable":true,"href":"https:\/\/www.campings.com\/fr\/content\/wp-json\/wp\/v2\/users\/2"}],"replies":[{"embeddable":true,"href":"https:\/\/www.campings.com\/fr\/content\/wp-json\/wp\/v2\/comments?post=1777"}],"version-history":[{"count":1,"href":"https:\/\/www.campings.com\/fr\/content\/wp-json\/wp\/v2\/pages\/1777\/revisions"}],"predecessor-version":[{"id":1778,"href":"https:\/\/www.campings.com\/fr\/content\/wp-json\/wp\/v2\/pages\/1777\/revisions\/1778"}],"up":[{"embeddable":true,"href":"https:\/\/www.campings.com\/fr\/content\/wp-json\/wp\/v2\/pages\/1638"}],"wp:attachment":[{"href":"https:\/\/www.campings.com\/fr\/content\/wp-json\/wp\/v2\/media?parent=1777"}],"curies":[{"name":"wp","href":"https:\/\/api.w.org\/{rel}","templated":true}]}}