{"id":1773,"date":"2020-02-28T14:48:46","date_gmt":"2020-02-28T14:48:46","guid":{"rendered":"https:\/\/www.campings.com\/fr\/content\/?page_id=1773"},"modified":"2020-02-28T14:48:52","modified_gmt":"2020-02-28T14:48:52","slug":"combien-de-campings-naturistes-en-france","status":"publish","type":"page","link":"https:\/\/www.campings.com\/fr\/content\/faq-camping\/combien-de-campings-naturistes-en-france\/","title":{"rendered":"Combien de campings naturistes en France ?"},"content":{"rendered":"<p>Il existe <strong>environ 150 centres et <a href=\"https:\/\/www.campings.com\/fr\/content\/tout-savoir-sur-le-camping\/faq-camping\/\">campings<\/a> naturistes en France<\/strong> selon les chiffres de la FFN, F\u00e9d\u00e9ration Fran\u00e7aise de Naturisme (chiffres de 2020). <strong>30 campings sont labellis\u00e9s<\/strong> par la F\u00e9d\u00e9ration des Espaces Naturistes (FEN).<\/p>\n<h2>O\u00f9 trouver un camping naturiste en France ?<\/h2>\n<p><strong>Les emplacements des campings naturistes se trouvent partout en France<\/strong>, de la Corse \u00e0 la Bretagne en passant par la Provence. La recherche de votre s\u00e9jour et de vos h\u00e9bergements peut \u00eatre guid\u00e9e par <strong>des labels comme celui de la F\u00e9d\u00e9ration des Espaces Naturistes<\/strong>, gages de <strong>respect des valeurs du naturisme<\/strong>.<\/p>\n<h2>Comment choisir un camping naturiste en France ?<\/h2>\n<p>Pour bien choisir un camping naturiste en France, vous devez v\u00e9rifier certains crit\u00e8res.<\/p>\n<ul>\n<li>Vos vacances en famille doivent avoir lieu dans un cadre agr\u00e9able et sain o\u00f9 les <strong>valeurs du naturisme sont respect\u00e9es<\/strong>.<\/li>\n<li>Si le domaine se situe au bord de la mer, il doit disposer de sa propre <strong>plage naturiste<\/strong>.<\/li>\n<li>Les<strong> activit\u00e9s du camping<\/strong> doivent r\u00e9pondre \u00e0 vos attentes et \u00e0 celles de vos enfants.<\/li>\n<li>V\u00e9rifiez le r\u00e8glement du camping pour <strong>profiter de la piscine, du soleil ou de la nature<\/strong> sereinement.<\/li>\n<\/ul>\n<p>Pour le reste, le choix de votre location d\u00e9pendra de <strong>son emplacement en France (Provence, Corse,<\/strong> Vend\u00e9e, etc.), des disponibilit\u00e9s<strong> du type de vos h\u00e9bergements<\/strong> souhait\u00e9s (mobil home, tente, chalet, bungalow\u2026), des <strong>services propos\u00e9s sur place<\/strong>, du <strong>nombre d\u2019\u00e9toiles<\/strong> du domaine naturiste ou du village, de l&#8217;emplacement d\u00e9sir\u00e9 sur le terrain du camping, de la qualit\u00e9 des infrastructures ou encore de la dur\u00e9e de votre s\u00e9jour.<\/p>\n","protected":false},"excerpt":{"rendered":"<p>Il existe environ 150 centres et campings naturistes en France selon les chiffres de la FFN, F\u00e9d\u00e9ration Fran\u00e7aise de Naturisme (chiffres de 2020). 30 campings sont labellis\u00e9s par la F\u00e9d\u00e9ration des Espaces Naturistes (FEN). O\u00f9 trouver un camping naturiste en France ? Les emplacements des campings naturistes se trouvent partout en France, de la Corse [&hellip;]<\/p>\n","protected":false},"author":2,"featured_media":0,"parent":1638,"menu_order":0,"comment_status":"closed","ping_status":"closed","template":"template-twocolumns.php","meta":{"_acf_changed":false,"footnotes":""},"class_list":["post-1773","page","type-page","status-publish","hentry"],"acf":[],"yoast_head":"<!-- This site is optimized with the Yoast SEO plugin v27.1.1 - https:\/\/yoast.com\/product\/yoast-seo-wordpress\/ -->\n<title>Combien de campings naturistes en France ?<\/title>\n<meta name=\"description\" content=\"FAQ - Combien de campings naturistes en France ?\" \/>\n<meta name=\"robots\" content=\"index, follow, max-snippet:-1, max-image-preview:large, max-video-preview:-1\" \/>\n<link rel=\"canonical\" href=\"https:\/\/www.campings.com\/fr\/content\/faq-camping\/combien-de-campings-naturistes-en-france\/\" \/>\n<meta property=\"og:locale\" content=\"fr_FR\" \/>\n<meta property=\"og:type\" content=\"article\" \/>\n<meta property=\"og:title\" content=\"Combien de campings naturistes en France ?\" \/>\n<meta property=\"og:description\" content=\"FAQ - Combien de campings naturistes en France ?\" \/>\n<meta property=\"og:url\" content=\"https:\/\/www.campings.com\/fr\/content\/faq-camping\/combien-de-campings-naturistes-en-france\/\" \/>\n<meta property=\"article:modified_time\" content=\"2020-02-28T14:48:52+00:00\" \/>\n<meta name=\"twitter:card\" content=\"summary_large_image\" \/>\n<meta name=\"twitter:label1\" content=\"Dur\u00e9e de lecture estim\u00e9e\" \/>\n\t<meta name=\"twitter:data1\" content=\"1 minute\" \/>\n<script type=\"application\/ld+json\" class=\"yoast-schema-graph\">{\"@context\":\"https:\/\/schema.org\",\"@graph\":[{\"@type\":\"WebPage\",\"@id\":\"https:\/\/www.campings.com\/fr\/content\/faq-camping\/combien-de-campings-naturistes-en-france\/\",\"url\":\"https:\/\/www.campings.com\/fr\/content\/faq-camping\/combien-de-campings-naturistes-en-france\/\",\"name\":\"Combien de campings naturistes en France ?\",\"isPartOf\":{\"@id\":\"https:\/\/www.campings.com\/fr\/content\/#website\"},\"datePublished\":\"2020-02-28T14:48:46+00:00\",\"dateModified\":\"2020-02-28T14:48:52+00:00\",\"description\":\"FAQ - Combien de campings naturistes en France ?\",\"breadcrumb\":{\"@id\":\"https:\/\/www.campings.com\/fr\/content\/faq-camping\/combien-de-campings-naturistes-en-france\/#breadcrumb\"},\"inLanguage\":\"fr-FR\",\"potentialAction\":[{\"@type\":\"ReadAction\",\"target\":[\"https:\/\/www.campings.com\/fr\/content\/faq-camping\/combien-de-campings-naturistes-en-france\/\"]}]},{\"@type\":\"BreadcrumbList\",\"@id\":\"https:\/\/www.campings.com\/fr\/content\/faq-camping\/combien-de-campings-naturistes-en-france\/#breadcrumb\",\"itemListElement\":[{\"@type\":\"ListItem\",\"position\":1,\"name\":\"Home\",\"item\":\"https:\/\/www.campings.com\/fr\/content\/\"},{\"@type\":\"ListItem\",\"position\":2,\"name\":\"FAQ camping\",\"item\":\"https:\/\/www.campings.com\/fr\/content\/faq-camping\/\"},{\"@type\":\"ListItem\",\"position\":3,\"name\":\"Combien de campings naturistes en France ?\"}]},{\"@type\":\"WebSite\",\"@id\":\"https:\/\/www.campings.com\/fr\/content\/#website\",\"url\":\"https:\/\/www.campings.com\/fr\/content\/\",\"name\":\"\",\"description\":\"\",\"publisher\":{\"@id\":\"https:\/\/www.campings.com\/fr\/content\/#organization\"},\"potentialAction\":[{\"@type\":\"SearchAction\",\"target\":{\"@type\":\"EntryPoint\",\"urlTemplate\":\"https:\/\/www.campings.com\/fr\/content\/?s={search_term_string}\"},\"query-input\":{\"@type\":\"PropertyValueSpecification\",\"valueRequired\":true,\"valueName\":\"search_term_string\"}}],\"inLanguage\":\"fr-FR\"},{\"@type\":\"Organization\",\"@id\":\"https:\/\/www.campings.com\/fr\/content\/#organization\",\"name\":\"CAMPINGS.COM\",\"url\":\"https:\/\/www.campings.com\/fr\/content\/\",\"logo\":{\"@type\":\"ImageObject\",\"inLanguage\":\"fr-FR\",\"@id\":\"https:\/\/www.campings.com\/fr\/content\/#\/schema\/logo\/image\/\",\"url\":\"https:\/\/www.campings.com\/fr\/content\/wp-content\/uploads\/2019\/01\/cropped-logo-1.png\",\"contentUrl\":\"https:\/\/www.campings.com\/fr\/content\/wp-content\/uploads\/2019\/01\/cropped-logo-1.png\",\"width\":174,\"height\":42,\"caption\":\"CAMPINGS.COM\"},\"image\":{\"@id\":\"https:\/\/www.campings.com\/fr\/content\/#\/schema\/logo\/image\/\"}}]}<\/script>\n<!-- \/ Yoast SEO plugin. -->","yoast_head_json":{"title":"Combien de campings naturistes en France ?","description":"FAQ - Combien de campings naturistes en France ?","robots":{"index":"index","follow":"follow","max-snippet":"max-snippet:-1","max-image-preview":"max-image-preview:large","max-video-preview":"max-video-preview:-1"},"canonical":"https:\/\/www.campings.com\/fr\/content\/faq-camping\/combien-de-campings-naturistes-en-france\/","og_locale":"fr_FR","og_type":"article","og_title":"Combien de campings naturistes en France ?","og_description":"FAQ - Combien de campings naturistes en France ?","og_url":"https:\/\/www.campings.com\/fr\/content\/faq-camping\/combien-de-campings-naturistes-en-france\/","article_modified_time":"2020-02-28T14:48:52+00:00","twitter_card":"summary_large_image","twitter_misc":{"Dur\u00e9e de lecture estim\u00e9e":"1 minute"},"schema":{"@context":"https:\/\/schema.org","@graph":[{"@type":"WebPage","@id":"https:\/\/www.campings.com\/fr\/content\/faq-camping\/combien-de-campings-naturistes-en-france\/","url":"https:\/\/www.campings.com\/fr\/content\/faq-camping\/combien-de-campings-naturistes-en-france\/","name":"Combien de campings naturistes en France ?","isPartOf":{"@id":"https:\/\/www.campings.com\/fr\/content\/#website"},"datePublished":"2020-02-28T14:48:46+00:00","dateModified":"2020-02-28T14:48:52+00:00","description":"FAQ - Combien de campings naturistes en France ?","breadcrumb":{"@id":"https:\/\/www.campings.com\/fr\/content\/faq-camping\/combien-de-campings-naturistes-en-france\/#breadcrumb"},"inLanguage":"fr-FR","potentialAction":[{"@type":"ReadAction","target":["https:\/\/www.campings.com\/fr\/content\/faq-camping\/combien-de-campings-naturistes-en-france\/"]}]},{"@type":"BreadcrumbList","@id":"https:\/\/www.campings.com\/fr\/content\/faq-camping\/combien-de-campings-naturistes-en-france\/#breadcrumb","itemListElement":[{"@type":"ListItem","position":1,"name":"Home","item":"https:\/\/www.campings.com\/fr\/content\/"},{"@type":"ListItem","position":2,"name":"FAQ camping","item":"https:\/\/www.campings.com\/fr\/content\/faq-camping\/"},{"@type":"ListItem","position":3,"name":"Combien de campings naturistes en France ?"}]},{"@type":"WebSite","@id":"https:\/\/www.campings.com\/fr\/content\/#website","url":"https:\/\/www.campings.com\/fr\/content\/","name":"","description":"","publisher":{"@id":"https:\/\/www.campings.com\/fr\/content\/#organization"},"potentialAction":[{"@type":"SearchAction","target":{"@type":"EntryPoint","urlTemplate":"https:\/\/www.campings.com\/fr\/content\/?s={search_term_string}"},"query-input":{"@type":"PropertyValueSpecification","valueRequired":true,"valueName":"search_term_string"}}],"inLanguage":"fr-FR"},{"@type":"Organization","@id":"https:\/\/www.campings.com\/fr\/content\/#organization","name":"CAMPINGS.COM","url":"https:\/\/www.campings.com\/fr\/content\/","logo":{"@type":"ImageObject","inLanguage":"fr-FR","@id":"https:\/\/www.campings.com\/fr\/content\/#\/schema\/logo\/image\/","url":"https:\/\/www.campings.com\/fr\/content\/wp-content\/uploads\/2019\/01\/cropped-logo-1.png","contentUrl":"https:\/\/www.campings.com\/fr\/content\/wp-content\/uploads\/2019\/01\/cropped-logo-1.png","width":174,"height":42,"caption":"CAMPINGS.COM"},"image":{"@id":"https:\/\/www.campings.com\/fr\/content\/#\/schema\/logo\/image\/"}}]}},"_links":{"self":[{"href":"https:\/\/www.campings.com\/fr\/content\/wp-json\/wp\/v2\/pages\/1773","targetHints":{"allow":["GET"]}}],"collection":[{"href":"https:\/\/www.campings.com\/fr\/content\/wp-json\/wp\/v2\/pages"}],"about":[{"href":"https:\/\/www.campings.com\/fr\/content\/wp-json\/wp\/v2\/types\/page"}],"author":[{"embeddable":true,"href":"https:\/\/www.campings.com\/fr\/content\/wp-json\/wp\/v2\/users\/2"}],"replies":[{"embeddable":true,"href":"https:\/\/www.campings.com\/fr\/content\/wp-json\/wp\/v2\/comments?post=1773"}],"version-history":[{"count":1,"href":"https:\/\/www.campings.com\/fr\/content\/wp-json\/wp\/v2\/pages\/1773\/revisions"}],"predecessor-version":[{"id":1774,"href":"https:\/\/www.campings.com\/fr\/content\/wp-json\/wp\/v2\/pages\/1773\/revisions\/1774"}],"up":[{"embeddable":true,"href":"https:\/\/www.campings.com\/fr\/content\/wp-json\/wp\/v2\/pages\/1638"}],"wp:attachment":[{"href":"https:\/\/www.campings.com\/fr\/content\/wp-json\/wp\/v2\/media?parent=1773"}],"curies":[{"name":"wp","href":"https:\/\/api.w.org\/{rel}","templated":true}]}}