{"id":1771,"date":"2020-02-28T14:48:02","date_gmt":"2020-02-28T14:48:02","guid":{"rendered":"https:\/\/www.campings.com\/fr\/content\/?page_id=1771"},"modified":"2020-02-28T14:48:08","modified_gmt":"2020-02-28T14:48:08","slug":"comment-gerer-en-camping-quand-il-fait-chaud","status":"publish","type":"page","link":"https:\/\/www.campings.com\/fr\/content\/faq-camping\/comment-gerer-en-camping-quand-il-fait-chaud\/","title":{"rendered":"Comment g\u00e9rer en camping quand il fait chaud ?"},"content":{"rendered":"<p>Pour <strong>g\u00e9rer en <a href=\"https:\/\/www.campings.com\/fr\/content\/tout-savoir-sur-le-camping\/faq-camping\/\">camping<\/a> quand il fait chaud<\/strong>, et passer de tr\u00e8s bonnes vacances, il suffit d&rsquo;adapter son rythme de vie, activit\u00e9s et repas, \u00e0 celui du soleil. Des astuces de camping permettent \u00e9galement de garder un espace de couchage frais, de jour comme de nuit.<\/p>\n<h2>Comment rafra\u00eechir son espace de vie au camping pendant la canicule ?<\/h2>\n<p>Si la temp\u00e9rature augmente, elle ne doit pour autant pas g\u00e2cher vos vacances. Voici nos <strong>conseils pour conserver une tente, une caravane ou un Mobil-home frais et agr\u00e9able<\/strong> :<\/p>\n<ul>\n<li>A\u00e9rer le matin de bonne heure en ouvrant la tente, ou les volets ainsi que les fen\u00eatres.<\/li>\n<li>Remplacer le duvet par un drap.<\/li>\n<li>Installer l&rsquo;ouverture de la tente vers le nord.<\/li>\n<li>D\u00e9poser une serviette humide sur la toile ext\u00e9rieure de la tente.<\/li>\n<li>Mettre une serviette humide devant un ventilateur.<\/li>\n<li>N&rsquo;ouvrir les volets et les fen\u00eatres que tard le soir ou t\u00f4t le matin.<\/li>\n<li>Choisir un emplacement ombrag\u00e9.<\/li>\n<li>Installer des b\u00e2ches sur son emplacement de camping.<\/li>\n<\/ul>\n<h2>Quels sont les gestes \u00e0 adopter au camping quand il fait chaud ?<\/h2>\n<p>Si votre emplacement de camping peut rester au frais gr\u00e2ce \u00e0 ces conseils, il convient \u00e9galement de faire attention \u00e0 vous et aux personnes qui vous entourent. Nous avons list\u00e9 des astuces simples et efficaces pour que la forte chaleur et la canicule ne vous emp\u00eachent pas de profiter du charme des vacances en camping.<\/p>\n<ul>\n<li><strong>S&rsquo;hydrater <\/strong>r\u00e9guli\u00e8rement avec des boissons chaudes ou ti\u00e8des.<\/li>\n<li>Manger des repas froids, l\u00e9gers et en plus petite quantit\u00e9.<\/li>\n<li><strong>Se rafra\u00eechir<\/strong> avec une douche, une serviette mouill\u00e9e ou un brumisateur.<\/li>\n<li>Porter des v\u00eatements adapt\u00e9s et des<strong> protections solaires <\/strong>efficaces comme des lunettes et un chapeau.<\/li>\n<li>Rester \u00e0 l&rsquo;ombre lorsque le soleil est le plus chaud ou se rendre dans des <strong>lieux climatis\u00e9s ou frais<\/strong> : mus\u00e9e, grotte, cave, supermarch\u00e9, cin\u00e9ma, etc.<\/li>\n<\/ul>\n","protected":false},"excerpt":{"rendered":"<p>Pour g\u00e9rer en camping quand il fait chaud, et passer de tr\u00e8s bonnes vacances, il suffit d&rsquo;adapter son rythme de vie, activit\u00e9s et repas, \u00e0 celui du soleil. Des astuces de camping permettent \u00e9galement de garder un espace de couchage frais, de jour comme de nuit. Comment rafra\u00eechir son espace de vie au camping pendant [&hellip;]<\/p>\n","protected":false},"author":2,"featured_media":0,"parent":1638,"menu_order":0,"comment_status":"closed","ping_status":"closed","template":"template-twocolumns.php","meta":{"_acf_changed":false,"footnotes":""},"class_list":["post-1771","page","type-page","status-publish","hentry"],"acf":[],"yoast_head":"<!-- This site is optimized with the Yoast SEO plugin v27.1.1 - https:\/\/yoast.com\/product\/yoast-seo-wordpress\/ -->\n<title>Comment g\u00e9rer en camping quand il fait chaud ?<\/title>\n<meta name=\"description\" content=\"FAQ - Comment g\u00e9rer en camping quand il fait chaud ?\" \/>\n<meta name=\"robots\" content=\"index, follow, max-snippet:-1, max-image-preview:large, max-video-preview:-1\" \/>\n<link rel=\"canonical\" href=\"https:\/\/www.campings.com\/fr\/content\/faq-camping\/comment-gerer-en-camping-quand-il-fait-chaud\/\" \/>\n<meta property=\"og:locale\" content=\"fr_FR\" \/>\n<meta property=\"og:type\" content=\"article\" \/>\n<meta property=\"og:title\" content=\"Comment g\u00e9rer en camping quand il fait chaud ?\" \/>\n<meta property=\"og:description\" content=\"FAQ - Comment g\u00e9rer en camping quand il fait chaud ?\" \/>\n<meta property=\"og:url\" content=\"https:\/\/www.campings.com\/fr\/content\/faq-camping\/comment-gerer-en-camping-quand-il-fait-chaud\/\" \/>\n<meta property=\"article:modified_time\" content=\"2020-02-28T14:48:08+00:00\" \/>\n<meta name=\"twitter:card\" content=\"summary_large_image\" \/>\n<meta name=\"twitter:label1\" content=\"Dur\u00e9e de lecture estim\u00e9e\" \/>\n\t<meta name=\"twitter:data1\" content=\"2 minutes\" \/>\n<script type=\"application\/ld+json\" class=\"yoast-schema-graph\">{\"@context\":\"https:\/\/schema.org\",\"@graph\":[{\"@type\":\"WebPage\",\"@id\":\"https:\/\/www.campings.com\/fr\/content\/faq-camping\/comment-gerer-en-camping-quand-il-fait-chaud\/\",\"url\":\"https:\/\/www.campings.com\/fr\/content\/faq-camping\/comment-gerer-en-camping-quand-il-fait-chaud\/\",\"name\":\"Comment g\u00e9rer en camping quand il fait chaud ?\",\"isPartOf\":{\"@id\":\"https:\/\/www.campings.com\/fr\/content\/#website\"},\"datePublished\":\"2020-02-28T14:48:02+00:00\",\"dateModified\":\"2020-02-28T14:48:08+00:00\",\"description\":\"FAQ - Comment g\u00e9rer en camping quand il fait chaud ?\",\"breadcrumb\":{\"@id\":\"https:\/\/www.campings.com\/fr\/content\/faq-camping\/comment-gerer-en-camping-quand-il-fait-chaud\/#breadcrumb\"},\"inLanguage\":\"fr-FR\",\"potentialAction\":[{\"@type\":\"ReadAction\",\"target\":[\"https:\/\/www.campings.com\/fr\/content\/faq-camping\/comment-gerer-en-camping-quand-il-fait-chaud\/\"]}]},{\"@type\":\"BreadcrumbList\",\"@id\":\"https:\/\/www.campings.com\/fr\/content\/faq-camping\/comment-gerer-en-camping-quand-il-fait-chaud\/#breadcrumb\",\"itemListElement\":[{\"@type\":\"ListItem\",\"position\":1,\"name\":\"Home\",\"item\":\"https:\/\/www.campings.com\/fr\/content\/\"},{\"@type\":\"ListItem\",\"position\":2,\"name\":\"FAQ camping\",\"item\":\"https:\/\/www.campings.com\/fr\/content\/faq-camping\/\"},{\"@type\":\"ListItem\",\"position\":3,\"name\":\"Comment g\u00e9rer en camping quand il fait chaud ?\"}]},{\"@type\":\"WebSite\",\"@id\":\"https:\/\/www.campings.com\/fr\/content\/#website\",\"url\":\"https:\/\/www.campings.com\/fr\/content\/\",\"name\":\"\",\"description\":\"\",\"publisher\":{\"@id\":\"https:\/\/www.campings.com\/fr\/content\/#organization\"},\"potentialAction\":[{\"@type\":\"SearchAction\",\"target\":{\"@type\":\"EntryPoint\",\"urlTemplate\":\"https:\/\/www.campings.com\/fr\/content\/?s={search_term_string}\"},\"query-input\":{\"@type\":\"PropertyValueSpecification\",\"valueRequired\":true,\"valueName\":\"search_term_string\"}}],\"inLanguage\":\"fr-FR\"},{\"@type\":\"Organization\",\"@id\":\"https:\/\/www.campings.com\/fr\/content\/#organization\",\"name\":\"CAMPINGS.COM\",\"url\":\"https:\/\/www.campings.com\/fr\/content\/\",\"logo\":{\"@type\":\"ImageObject\",\"inLanguage\":\"fr-FR\",\"@id\":\"https:\/\/www.campings.com\/fr\/content\/#\/schema\/logo\/image\/\",\"url\":\"https:\/\/www.campings.com\/fr\/content\/wp-content\/uploads\/2019\/01\/cropped-logo-1.png\",\"contentUrl\":\"https:\/\/www.campings.com\/fr\/content\/wp-content\/uploads\/2019\/01\/cropped-logo-1.png\",\"width\":174,\"height\":42,\"caption\":\"CAMPINGS.COM\"},\"image\":{\"@id\":\"https:\/\/www.campings.com\/fr\/content\/#\/schema\/logo\/image\/\"}}]}<\/script>\n<!-- \/ Yoast SEO plugin. -->","yoast_head_json":{"title":"Comment g\u00e9rer en camping quand il fait chaud ?","description":"FAQ - Comment g\u00e9rer en camping quand il fait chaud ?","robots":{"index":"index","follow":"follow","max-snippet":"max-snippet:-1","max-image-preview":"max-image-preview:large","max-video-preview":"max-video-preview:-1"},"canonical":"https:\/\/www.campings.com\/fr\/content\/faq-camping\/comment-gerer-en-camping-quand-il-fait-chaud\/","og_locale":"fr_FR","og_type":"article","og_title":"Comment g\u00e9rer en camping quand il fait chaud ?","og_description":"FAQ - Comment g\u00e9rer en camping quand il fait chaud ?","og_url":"https:\/\/www.campings.com\/fr\/content\/faq-camping\/comment-gerer-en-camping-quand-il-fait-chaud\/","article_modified_time":"2020-02-28T14:48:08+00:00","twitter_card":"summary_large_image","twitter_misc":{"Dur\u00e9e de lecture estim\u00e9e":"2 minutes"},"schema":{"@context":"https:\/\/schema.org","@graph":[{"@type":"WebPage","@id":"https:\/\/www.campings.com\/fr\/content\/faq-camping\/comment-gerer-en-camping-quand-il-fait-chaud\/","url":"https:\/\/www.campings.com\/fr\/content\/faq-camping\/comment-gerer-en-camping-quand-il-fait-chaud\/","name":"Comment g\u00e9rer en camping quand il fait chaud ?","isPartOf":{"@id":"https:\/\/www.campings.com\/fr\/content\/#website"},"datePublished":"2020-02-28T14:48:02+00:00","dateModified":"2020-02-28T14:48:08+00:00","description":"FAQ - Comment g\u00e9rer en camping quand il fait chaud ?","breadcrumb":{"@id":"https:\/\/www.campings.com\/fr\/content\/faq-camping\/comment-gerer-en-camping-quand-il-fait-chaud\/#breadcrumb"},"inLanguage":"fr-FR","potentialAction":[{"@type":"ReadAction","target":["https:\/\/www.campings.com\/fr\/content\/faq-camping\/comment-gerer-en-camping-quand-il-fait-chaud\/"]}]},{"@type":"BreadcrumbList","@id":"https:\/\/www.campings.com\/fr\/content\/faq-camping\/comment-gerer-en-camping-quand-il-fait-chaud\/#breadcrumb","itemListElement":[{"@type":"ListItem","position":1,"name":"Home","item":"https:\/\/www.campings.com\/fr\/content\/"},{"@type":"ListItem","position":2,"name":"FAQ camping","item":"https:\/\/www.campings.com\/fr\/content\/faq-camping\/"},{"@type":"ListItem","position":3,"name":"Comment g\u00e9rer en camping quand il fait chaud ?"}]},{"@type":"WebSite","@id":"https:\/\/www.campings.com\/fr\/content\/#website","url":"https:\/\/www.campings.com\/fr\/content\/","name":"","description":"","publisher":{"@id":"https:\/\/www.campings.com\/fr\/content\/#organization"},"potentialAction":[{"@type":"SearchAction","target":{"@type":"EntryPoint","urlTemplate":"https:\/\/www.campings.com\/fr\/content\/?s={search_term_string}"},"query-input":{"@type":"PropertyValueSpecification","valueRequired":true,"valueName":"search_term_string"}}],"inLanguage":"fr-FR"},{"@type":"Organization","@id":"https:\/\/www.campings.com\/fr\/content\/#organization","name":"CAMPINGS.COM","url":"https:\/\/www.campings.com\/fr\/content\/","logo":{"@type":"ImageObject","inLanguage":"fr-FR","@id":"https:\/\/www.campings.com\/fr\/content\/#\/schema\/logo\/image\/","url":"https:\/\/www.campings.com\/fr\/content\/wp-content\/uploads\/2019\/01\/cropped-logo-1.png","contentUrl":"https:\/\/www.campings.com\/fr\/content\/wp-content\/uploads\/2019\/01\/cropped-logo-1.png","width":174,"height":42,"caption":"CAMPINGS.COM"},"image":{"@id":"https:\/\/www.campings.com\/fr\/content\/#\/schema\/logo\/image\/"}}]}},"_links":{"self":[{"href":"https:\/\/www.campings.com\/fr\/content\/wp-json\/wp\/v2\/pages\/1771","targetHints":{"allow":["GET"]}}],"collection":[{"href":"https:\/\/www.campings.com\/fr\/content\/wp-json\/wp\/v2\/pages"}],"about":[{"href":"https:\/\/www.campings.com\/fr\/content\/wp-json\/wp\/v2\/types\/page"}],"author":[{"embeddable":true,"href":"https:\/\/www.campings.com\/fr\/content\/wp-json\/wp\/v2\/users\/2"}],"replies":[{"embeddable":true,"href":"https:\/\/www.campings.com\/fr\/content\/wp-json\/wp\/v2\/comments?post=1771"}],"version-history":[{"count":1,"href":"https:\/\/www.campings.com\/fr\/content\/wp-json\/wp\/v2\/pages\/1771\/revisions"}],"predecessor-version":[{"id":1772,"href":"https:\/\/www.campings.com\/fr\/content\/wp-json\/wp\/v2\/pages\/1771\/revisions\/1772"}],"up":[{"embeddable":true,"href":"https:\/\/www.campings.com\/fr\/content\/wp-json\/wp\/v2\/pages\/1638"}],"wp:attachment":[{"href":"https:\/\/www.campings.com\/fr\/content\/wp-json\/wp\/v2\/media?parent=1771"}],"curies":[{"name":"wp","href":"https:\/\/api.w.org\/{rel}","templated":true}]}}