{"id":1763,"date":"2020-02-28T14:45:10","date_gmt":"2020-02-28T14:45:10","guid":{"rendered":"https:\/\/www.campings.com\/fr\/content\/?page_id=1763"},"modified":"2020-02-28T14:45:16","modified_gmt":"2020-02-28T14:45:16","slug":"qu-est-ce-qu-il-ne-faut-pas-oublier-en-camping","status":"publish","type":"page","link":"https:\/\/www.campings.com\/fr\/content\/faq-camping\/qu-est-ce-qu-il-ne-faut-pas-oublier-en-camping\/","title":{"rendered":"Qu&rsquo;est-ce qu&rsquo;il ne faut pas oublier en camping ?"},"content":{"rendered":"<p><strong>En <a href=\"https:\/\/www.campings.com\/fr\/content\/tout-savoir-sur-le-camping\/faq-camping\/\">camping<\/a>, ne pas oublier <\/strong>le mat\u00e9riel de confort de base (papier toilette, couteau suisse\u2026), votre tente et ses \u00e9quipements (maillet, sardines, moustiquaire\u2026), le n\u00e9cessaire d&rsquo;hygi\u00e8ne et de sant\u00e9 et bien s\u00fbr de quoi cuisiner.<\/p>\n<h2>Les 5 choses incontournables \u00e0 ne pas oublier<\/h2>\n<p>Les 5 accessoires incontournables \u00e0 <strong>ne pas oublier en camping <\/strong>sont :<\/p>\n<ol>\n<li>Papier toilette ;<\/li>\n<li>Couteau suisse ;<\/li>\n<li>Trousse de premiers soins ;<\/li>\n<li>Lampe de poche ;<\/li>\n<li>Sacs-poubelle ;<\/li>\n<\/ol>\n<h2>Les \u00e9quipements de la tente<\/h2>\n<p>Pour monter votre tente et passer une bonne nuit <strong>en camping, ne pas oublier <\/strong>:<\/p>\n<ul>\n<li>maillet et sardines ;<\/li>\n<li>moustiquaire ;<\/li>\n<li>cadenas ;<\/li>\n<li>imperm\u00e9abilisant en spray ;<\/li>\n<li>b\u00e2che ou \u00e9ventuelle toile de rechange pour la tente ;<\/li>\n<li>pare-vent ;<\/li>\n<li>imperm\u00e9abilisant en cas de pluie ;<\/li>\n<li>oreillers et draps ;<\/li>\n<li>matelas gonflable avec pompe ou gonfleur ;<\/li>\n<li>Et bien s\u00fbr sacs de couchage et tapis de sol !<\/li>\n<\/ul>\n<h2>Le n\u00e9cessaire d&rsquo;hygi\u00e8ne et de sant\u00e9<\/h2>\n<p>Pour votre hygi\u00e8ne <strong>en camping, ne pas oublier <\/strong>:<\/p>\n<ul>\n<li>savon et shampoing ;<\/li>\n<li>brosse \u00e0 dents et dentifrice ;<\/li>\n<li>d\u00e9odorant ;<\/li>\n<li>n\u00e9cessaire de rasage ;<\/li>\n<li>serviettes de toilette ;<\/li>\n<li>mouchoirs ;<\/li>\n<li>lessive en poudre ;<\/li>\n<\/ul>\n<p>Et pour votre sant\u00e9 <strong>en camping, ne pas oublier<\/strong> :<\/p>\n<ul>\n<li>pansements ;<\/li>\n<li>cr\u00e8me solaire, apr\u00e8s-soleil et cr\u00e8me pour br\u00fblures ;<\/li>\n<li>anti-moustique ;<\/li>\n<li>d\u00e9sinfectant ;<\/li>\n<li>anti-douleurs ;<\/li>\n<li>anti-inflammatoires ;<\/li>\n<li>ciseaux.<\/li>\n<\/ul>\n","protected":false},"excerpt":{"rendered":"<p>En camping, ne pas oublier le mat\u00e9riel de confort de base (papier toilette, couteau suisse\u2026), votre tente et ses \u00e9quipements (maillet, sardines, moustiquaire\u2026), le n\u00e9cessaire d&rsquo;hygi\u00e8ne et de sant\u00e9 et bien s\u00fbr de quoi cuisiner. Les 5 choses incontournables \u00e0 ne pas oublier Les 5 accessoires incontournables \u00e0 ne pas oublier en camping sont : [&hellip;]<\/p>\n","protected":false},"author":2,"featured_media":0,"parent":1638,"menu_order":0,"comment_status":"closed","ping_status":"closed","template":"template-twocolumns.php","meta":{"_acf_changed":false,"footnotes":""},"class_list":["post-1763","page","type-page","status-publish","hentry"],"acf":[],"yoast_head":"<!-- This site is optimized with the Yoast SEO plugin v27.1.1 - https:\/\/yoast.com\/product\/yoast-seo-wordpress\/ -->\n<title>Qu&#039;est-ce qu&#039;il ne faut pas oublier en camping ?<\/title>\n<meta name=\"description\" content=\"FAQ - Qu&#039;est-ce qu&#039;il ne faut pas oublier en camping ?\" \/>\n<meta name=\"robots\" content=\"index, follow, max-snippet:-1, max-image-preview:large, max-video-preview:-1\" \/>\n<link rel=\"canonical\" href=\"https:\/\/www.campings.com\/fr\/content\/faq-camping\/qu-est-ce-qu-il-ne-faut-pas-oublier-en-camping\/\" \/>\n<meta property=\"og:locale\" content=\"fr_FR\" \/>\n<meta property=\"og:type\" content=\"article\" \/>\n<meta property=\"og:title\" content=\"Qu&#039;est-ce qu&#039;il ne faut pas oublier en camping ?\" \/>\n<meta property=\"og:description\" content=\"FAQ - Qu&#039;est-ce qu&#039;il ne faut pas oublier en camping ?\" \/>\n<meta property=\"og:url\" content=\"https:\/\/www.campings.com\/fr\/content\/faq-camping\/qu-est-ce-qu-il-ne-faut-pas-oublier-en-camping\/\" \/>\n<meta property=\"article:modified_time\" content=\"2020-02-28T14:45:16+00:00\" \/>\n<meta name=\"twitter:card\" content=\"summary_large_image\" \/>\n<meta name=\"twitter:label1\" content=\"Dur\u00e9e de lecture estim\u00e9e\" \/>\n\t<meta name=\"twitter:data1\" content=\"1 minute\" \/>\n<script type=\"application\/ld+json\" class=\"yoast-schema-graph\">{\"@context\":\"https:\/\/schema.org\",\"@graph\":[{\"@type\":\"WebPage\",\"@id\":\"https:\/\/www.campings.com\/fr\/content\/faq-camping\/qu-est-ce-qu-il-ne-faut-pas-oublier-en-camping\/\",\"url\":\"https:\/\/www.campings.com\/fr\/content\/faq-camping\/qu-est-ce-qu-il-ne-faut-pas-oublier-en-camping\/\",\"name\":\"Qu'est-ce qu'il ne faut pas oublier en camping ?\",\"isPartOf\":{\"@id\":\"https:\/\/www.campings.com\/fr\/content\/#website\"},\"datePublished\":\"2020-02-28T14:45:10+00:00\",\"dateModified\":\"2020-02-28T14:45:16+00:00\",\"description\":\"FAQ - Qu'est-ce qu'il ne faut pas oublier en camping ?\",\"breadcrumb\":{\"@id\":\"https:\/\/www.campings.com\/fr\/content\/faq-camping\/qu-est-ce-qu-il-ne-faut-pas-oublier-en-camping\/#breadcrumb\"},\"inLanguage\":\"fr-FR\",\"potentialAction\":[{\"@type\":\"ReadAction\",\"target\":[\"https:\/\/www.campings.com\/fr\/content\/faq-camping\/qu-est-ce-qu-il-ne-faut-pas-oublier-en-camping\/\"]}]},{\"@type\":\"BreadcrumbList\",\"@id\":\"https:\/\/www.campings.com\/fr\/content\/faq-camping\/qu-est-ce-qu-il-ne-faut-pas-oublier-en-camping\/#breadcrumb\",\"itemListElement\":[{\"@type\":\"ListItem\",\"position\":1,\"name\":\"Home\",\"item\":\"https:\/\/www.campings.com\/fr\/content\/\"},{\"@type\":\"ListItem\",\"position\":2,\"name\":\"FAQ camping\",\"item\":\"https:\/\/www.campings.com\/fr\/content\/faq-camping\/\"},{\"@type\":\"ListItem\",\"position\":3,\"name\":\"Qu&rsquo;est-ce qu&rsquo;il ne faut pas oublier en camping ?\"}]},{\"@type\":\"WebSite\",\"@id\":\"https:\/\/www.campings.com\/fr\/content\/#website\",\"url\":\"https:\/\/www.campings.com\/fr\/content\/\",\"name\":\"\",\"description\":\"\",\"publisher\":{\"@id\":\"https:\/\/www.campings.com\/fr\/content\/#organization\"},\"potentialAction\":[{\"@type\":\"SearchAction\",\"target\":{\"@type\":\"EntryPoint\",\"urlTemplate\":\"https:\/\/www.campings.com\/fr\/content\/?s={search_term_string}\"},\"query-input\":{\"@type\":\"PropertyValueSpecification\",\"valueRequired\":true,\"valueName\":\"search_term_string\"}}],\"inLanguage\":\"fr-FR\"},{\"@type\":\"Organization\",\"@id\":\"https:\/\/www.campings.com\/fr\/content\/#organization\",\"name\":\"CAMPINGS.COM\",\"url\":\"https:\/\/www.campings.com\/fr\/content\/\",\"logo\":{\"@type\":\"ImageObject\",\"inLanguage\":\"fr-FR\",\"@id\":\"https:\/\/www.campings.com\/fr\/content\/#\/schema\/logo\/image\/\",\"url\":\"https:\/\/www.campings.com\/fr\/content\/wp-content\/uploads\/2019\/01\/cropped-logo-1.png\",\"contentUrl\":\"https:\/\/www.campings.com\/fr\/content\/wp-content\/uploads\/2019\/01\/cropped-logo-1.png\",\"width\":174,\"height\":42,\"caption\":\"CAMPINGS.COM\"},\"image\":{\"@id\":\"https:\/\/www.campings.com\/fr\/content\/#\/schema\/logo\/image\/\"}}]}<\/script>\n<!-- \/ Yoast SEO plugin. -->","yoast_head_json":{"title":"Qu'est-ce qu'il ne faut pas oublier en camping ?","description":"FAQ - Qu'est-ce qu'il ne faut pas oublier en camping ?","robots":{"index":"index","follow":"follow","max-snippet":"max-snippet:-1","max-image-preview":"max-image-preview:large","max-video-preview":"max-video-preview:-1"},"canonical":"https:\/\/www.campings.com\/fr\/content\/faq-camping\/qu-est-ce-qu-il-ne-faut-pas-oublier-en-camping\/","og_locale":"fr_FR","og_type":"article","og_title":"Qu'est-ce qu'il ne faut pas oublier en camping ?","og_description":"FAQ - Qu'est-ce qu'il ne faut pas oublier en camping ?","og_url":"https:\/\/www.campings.com\/fr\/content\/faq-camping\/qu-est-ce-qu-il-ne-faut-pas-oublier-en-camping\/","article_modified_time":"2020-02-28T14:45:16+00:00","twitter_card":"summary_large_image","twitter_misc":{"Dur\u00e9e de lecture estim\u00e9e":"1 minute"},"schema":{"@context":"https:\/\/schema.org","@graph":[{"@type":"WebPage","@id":"https:\/\/www.campings.com\/fr\/content\/faq-camping\/qu-est-ce-qu-il-ne-faut-pas-oublier-en-camping\/","url":"https:\/\/www.campings.com\/fr\/content\/faq-camping\/qu-est-ce-qu-il-ne-faut-pas-oublier-en-camping\/","name":"Qu'est-ce qu'il ne faut pas oublier en camping ?","isPartOf":{"@id":"https:\/\/www.campings.com\/fr\/content\/#website"},"datePublished":"2020-02-28T14:45:10+00:00","dateModified":"2020-02-28T14:45:16+00:00","description":"FAQ - Qu'est-ce qu'il ne faut pas oublier en camping ?","breadcrumb":{"@id":"https:\/\/www.campings.com\/fr\/content\/faq-camping\/qu-est-ce-qu-il-ne-faut-pas-oublier-en-camping\/#breadcrumb"},"inLanguage":"fr-FR","potentialAction":[{"@type":"ReadAction","target":["https:\/\/www.campings.com\/fr\/content\/faq-camping\/qu-est-ce-qu-il-ne-faut-pas-oublier-en-camping\/"]}]},{"@type":"BreadcrumbList","@id":"https:\/\/www.campings.com\/fr\/content\/faq-camping\/qu-est-ce-qu-il-ne-faut-pas-oublier-en-camping\/#breadcrumb","itemListElement":[{"@type":"ListItem","position":1,"name":"Home","item":"https:\/\/www.campings.com\/fr\/content\/"},{"@type":"ListItem","position":2,"name":"FAQ camping","item":"https:\/\/www.campings.com\/fr\/content\/faq-camping\/"},{"@type":"ListItem","position":3,"name":"Qu&rsquo;est-ce qu&rsquo;il ne faut pas oublier en camping ?"}]},{"@type":"WebSite","@id":"https:\/\/www.campings.com\/fr\/content\/#website","url":"https:\/\/www.campings.com\/fr\/content\/","name":"","description":"","publisher":{"@id":"https:\/\/www.campings.com\/fr\/content\/#organization"},"potentialAction":[{"@type":"SearchAction","target":{"@type":"EntryPoint","urlTemplate":"https:\/\/www.campings.com\/fr\/content\/?s={search_term_string}"},"query-input":{"@type":"PropertyValueSpecification","valueRequired":true,"valueName":"search_term_string"}}],"inLanguage":"fr-FR"},{"@type":"Organization","@id":"https:\/\/www.campings.com\/fr\/content\/#organization","name":"CAMPINGS.COM","url":"https:\/\/www.campings.com\/fr\/content\/","logo":{"@type":"ImageObject","inLanguage":"fr-FR","@id":"https:\/\/www.campings.com\/fr\/content\/#\/schema\/logo\/image\/","url":"https:\/\/www.campings.com\/fr\/content\/wp-content\/uploads\/2019\/01\/cropped-logo-1.png","contentUrl":"https:\/\/www.campings.com\/fr\/content\/wp-content\/uploads\/2019\/01\/cropped-logo-1.png","width":174,"height":42,"caption":"CAMPINGS.COM"},"image":{"@id":"https:\/\/www.campings.com\/fr\/content\/#\/schema\/logo\/image\/"}}]}},"_links":{"self":[{"href":"https:\/\/www.campings.com\/fr\/content\/wp-json\/wp\/v2\/pages\/1763","targetHints":{"allow":["GET"]}}],"collection":[{"href":"https:\/\/www.campings.com\/fr\/content\/wp-json\/wp\/v2\/pages"}],"about":[{"href":"https:\/\/www.campings.com\/fr\/content\/wp-json\/wp\/v2\/types\/page"}],"author":[{"embeddable":true,"href":"https:\/\/www.campings.com\/fr\/content\/wp-json\/wp\/v2\/users\/2"}],"replies":[{"embeddable":true,"href":"https:\/\/www.campings.com\/fr\/content\/wp-json\/wp\/v2\/comments?post=1763"}],"version-history":[{"count":1,"href":"https:\/\/www.campings.com\/fr\/content\/wp-json\/wp\/v2\/pages\/1763\/revisions"}],"predecessor-version":[{"id":1764,"href":"https:\/\/www.campings.com\/fr\/content\/wp-json\/wp\/v2\/pages\/1763\/revisions\/1764"}],"up":[{"embeddable":true,"href":"https:\/\/www.campings.com\/fr\/content\/wp-json\/wp\/v2\/pages\/1638"}],"wp:attachment":[{"href":"https:\/\/www.campings.com\/fr\/content\/wp-json\/wp\/v2\/media?parent=1763"}],"curies":[{"name":"wp","href":"https:\/\/api.w.org\/{rel}","templated":true}]}}