{"id":1761,"date":"2020-02-28T14:44:25","date_gmt":"2020-02-28T14:44:25","guid":{"rendered":"https:\/\/www.campings.com\/fr\/content\/?page_id=1761"},"modified":"2020-02-28T14:44:31","modified_gmt":"2020-02-28T14:44:31","slug":"qu-est-ce-qu-un-cottage-dans-un-camping","status":"publish","type":"page","link":"https:\/\/www.campings.com\/fr\/content\/faq-camping\/qu-est-ce-qu-un-cottage-dans-un-camping\/","title":{"rendered":"Qu&rsquo;est-ce qu&rsquo;un cottage dans un camping ?"},"content":{"rendered":"<p>Un cottage dans un <a href=\"https:\/\/www.campings.com\/fr\/content\/tout-savoir-sur-le-camping\/faq-camping\/\">camping<\/a> est un h\u00e9bergement de type <strong>maison ou chalet<\/strong> construit g\u00e9n\u00e9ralement en bois. <strong>Plus grand qu&rsquo;un mobil-home<\/strong>, disposant de <strong>plus d&rsquo;espace<\/strong>, il est r\u00e9put\u00e9 pour apporter un <strong>maximum de confort<\/strong> aux vacancierstout en <strong>conservant l&rsquo;esprit camping du s\u00e9jour<\/strong>.<\/p>\n<h2>Quelles sont les prestations offertes par un cottage dans un camping ?<\/h2>\n<p>L\u2019h\u00e9bergement en cottage propose des prestations uniques et offre un service premium aux vacanciers :<\/p>\n<ul>\n<li>terrasse privative, parfois couverte, donnant sur un petit jardin ;<\/li>\n<li>chambres plus spacieuses ;<\/li>\n<li>climatisation ;<\/li>\n<li>cuisine et salon ;<\/li>\n<li>emplacements privil\u00e9gi\u00e9s ;<\/li>\n<li>salle de bain ou salle de douche ;<\/li>\n<li>draps et serviettes peuvent \u00eatre fournis ;<\/li>\n<li>Wifi.<\/li>\n<\/ul>\n<p>Ces <strong>prestations haut de gamme <\/strong>pour un camping apportent <strong>plus d\u2019options et de services<\/strong> et offrent plus de d\u00e9tente aux vacanciers. Les cottages sont des <strong>h\u00e9bergements pl\u00e9biscit\u00e9s par les familles<\/strong> ou par les seniors qui souhaitent disposer d\u2019<strong>un plus grand confort<\/strong> au cours de leur s\u00e9jour. Mieux install\u00e9s dans leur cottage, les vacanciers conservent <strong>l\u2019esprit camping<\/strong> et profitent des activit\u00e9s offertes sur place.<\/p>\n<h2>Comment r\u00e9server un cottage dans un camping ?<\/h2>\n<p>La r\u00e9servation de vos vacances en cottage s&rsquo;effectue <strong>directement en ligne<\/strong> et d\u00e9pend des disponibilit\u00e9s de l&rsquo;h\u00e9bergement selon vos dates de s\u00e9jour. Prenez soin de lire avec attention le descriptif de votre location pour v\u00e9rifier qu&rsquo;il correspond bien \u00e0 vos crit\u00e8res :<\/p>\n<ul>\n<li>Le cottage doit \u00eatre assez grand pour accueillir votre famille : nombre de chambres, nombres de lits, etc.<\/li>\n<li>V\u00e9rifiez l&rsquo;<strong>emplacement du cottage<\/strong> sur un plan.<\/li>\n<li>Regardez les <strong>services inclus<\/strong> dans votre location : linge de maison fourni, climatisation, wifi, etc.<\/li>\n<li>Comparez les tarifs des diff\u00e9rents cottages disponibles.<\/li>\n<\/ul>\n","protected":false},"excerpt":{"rendered":"<p>Un cottage dans un camping est un h\u00e9bergement de type maison ou chalet construit g\u00e9n\u00e9ralement en bois. Plus grand qu&rsquo;un mobil-home, disposant de plus d&rsquo;espace, il est r\u00e9put\u00e9 pour apporter un maximum de confort aux vacancierstout en conservant l&rsquo;esprit camping du s\u00e9jour. Quelles sont les prestations offertes par un cottage dans un camping ? L\u2019h\u00e9bergement [&hellip;]<\/p>\n","protected":false},"author":2,"featured_media":0,"parent":1638,"menu_order":0,"comment_status":"closed","ping_status":"closed","template":"template-twocolumns.php","meta":{"_acf_changed":false,"footnotes":""},"class_list":["post-1761","page","type-page","status-publish","hentry"],"acf":[],"yoast_head":"<!-- This site is optimized with the Yoast SEO plugin v27.1.1 - https:\/\/yoast.com\/product\/yoast-seo-wordpress\/ -->\n<title>Qu&#039;est-ce qu&#039;un cottage dans un camping ?<\/title>\n<meta name=\"description\" content=\"FAQ - Qu&#039;est-ce qu&#039;un cottage dans un camping ?\" \/>\n<meta name=\"robots\" content=\"index, follow, max-snippet:-1, max-image-preview:large, max-video-preview:-1\" \/>\n<link rel=\"canonical\" href=\"https:\/\/www.campings.com\/fr\/content\/faq-camping\/qu-est-ce-qu-un-cottage-dans-un-camping\/\" \/>\n<meta property=\"og:locale\" content=\"fr_FR\" \/>\n<meta property=\"og:type\" content=\"article\" \/>\n<meta property=\"og:title\" content=\"Qu&#039;est-ce qu&#039;un cottage dans un camping ?\" \/>\n<meta property=\"og:description\" content=\"FAQ - Qu&#039;est-ce qu&#039;un cottage dans un camping ?\" \/>\n<meta property=\"og:url\" content=\"https:\/\/www.campings.com\/fr\/content\/faq-camping\/qu-est-ce-qu-un-cottage-dans-un-camping\/\" \/>\n<meta property=\"article:modified_time\" content=\"2020-02-28T14:44:31+00:00\" \/>\n<meta name=\"twitter:card\" content=\"summary_large_image\" \/>\n<meta name=\"twitter:label1\" content=\"Dur\u00e9e de lecture estim\u00e9e\" \/>\n\t<meta name=\"twitter:data1\" content=\"1 minute\" \/>\n<script type=\"application\/ld+json\" class=\"yoast-schema-graph\">{\"@context\":\"https:\/\/schema.org\",\"@graph\":[{\"@type\":\"WebPage\",\"@id\":\"https:\/\/www.campings.com\/fr\/content\/faq-camping\/qu-est-ce-qu-un-cottage-dans-un-camping\/\",\"url\":\"https:\/\/www.campings.com\/fr\/content\/faq-camping\/qu-est-ce-qu-un-cottage-dans-un-camping\/\",\"name\":\"Qu'est-ce qu'un cottage dans un camping ?\",\"isPartOf\":{\"@id\":\"https:\/\/www.campings.com\/fr\/content\/#website\"},\"datePublished\":\"2020-02-28T14:44:25+00:00\",\"dateModified\":\"2020-02-28T14:44:31+00:00\",\"description\":\"FAQ - Qu'est-ce qu'un cottage dans un camping ?\",\"breadcrumb\":{\"@id\":\"https:\/\/www.campings.com\/fr\/content\/faq-camping\/qu-est-ce-qu-un-cottage-dans-un-camping\/#breadcrumb\"},\"inLanguage\":\"fr-FR\",\"potentialAction\":[{\"@type\":\"ReadAction\",\"target\":[\"https:\/\/www.campings.com\/fr\/content\/faq-camping\/qu-est-ce-qu-un-cottage-dans-un-camping\/\"]}]},{\"@type\":\"BreadcrumbList\",\"@id\":\"https:\/\/www.campings.com\/fr\/content\/faq-camping\/qu-est-ce-qu-un-cottage-dans-un-camping\/#breadcrumb\",\"itemListElement\":[{\"@type\":\"ListItem\",\"position\":1,\"name\":\"Home\",\"item\":\"https:\/\/www.campings.com\/fr\/content\/\"},{\"@type\":\"ListItem\",\"position\":2,\"name\":\"FAQ camping\",\"item\":\"https:\/\/www.campings.com\/fr\/content\/faq-camping\/\"},{\"@type\":\"ListItem\",\"position\":3,\"name\":\"Qu&rsquo;est-ce qu&rsquo;un cottage dans un camping ?\"}]},{\"@type\":\"WebSite\",\"@id\":\"https:\/\/www.campings.com\/fr\/content\/#website\",\"url\":\"https:\/\/www.campings.com\/fr\/content\/\",\"name\":\"\",\"description\":\"\",\"publisher\":{\"@id\":\"https:\/\/www.campings.com\/fr\/content\/#organization\"},\"potentialAction\":[{\"@type\":\"SearchAction\",\"target\":{\"@type\":\"EntryPoint\",\"urlTemplate\":\"https:\/\/www.campings.com\/fr\/content\/?s={search_term_string}\"},\"query-input\":{\"@type\":\"PropertyValueSpecification\",\"valueRequired\":true,\"valueName\":\"search_term_string\"}}],\"inLanguage\":\"fr-FR\"},{\"@type\":\"Organization\",\"@id\":\"https:\/\/www.campings.com\/fr\/content\/#organization\",\"name\":\"CAMPINGS.COM\",\"url\":\"https:\/\/www.campings.com\/fr\/content\/\",\"logo\":{\"@type\":\"ImageObject\",\"inLanguage\":\"fr-FR\",\"@id\":\"https:\/\/www.campings.com\/fr\/content\/#\/schema\/logo\/image\/\",\"url\":\"https:\/\/www.campings.com\/fr\/content\/wp-content\/uploads\/2019\/01\/cropped-logo-1.png\",\"contentUrl\":\"https:\/\/www.campings.com\/fr\/content\/wp-content\/uploads\/2019\/01\/cropped-logo-1.png\",\"width\":174,\"height\":42,\"caption\":\"CAMPINGS.COM\"},\"image\":{\"@id\":\"https:\/\/www.campings.com\/fr\/content\/#\/schema\/logo\/image\/\"}}]}<\/script>\n<!-- \/ Yoast SEO plugin. -->","yoast_head_json":{"title":"Qu'est-ce qu'un cottage dans un camping ?","description":"FAQ - Qu'est-ce qu'un cottage dans un camping ?","robots":{"index":"index","follow":"follow","max-snippet":"max-snippet:-1","max-image-preview":"max-image-preview:large","max-video-preview":"max-video-preview:-1"},"canonical":"https:\/\/www.campings.com\/fr\/content\/faq-camping\/qu-est-ce-qu-un-cottage-dans-un-camping\/","og_locale":"fr_FR","og_type":"article","og_title":"Qu'est-ce qu'un cottage dans un camping ?","og_description":"FAQ - Qu'est-ce qu'un cottage dans un camping ?","og_url":"https:\/\/www.campings.com\/fr\/content\/faq-camping\/qu-est-ce-qu-un-cottage-dans-un-camping\/","article_modified_time":"2020-02-28T14:44:31+00:00","twitter_card":"summary_large_image","twitter_misc":{"Dur\u00e9e de lecture estim\u00e9e":"1 minute"},"schema":{"@context":"https:\/\/schema.org","@graph":[{"@type":"WebPage","@id":"https:\/\/www.campings.com\/fr\/content\/faq-camping\/qu-est-ce-qu-un-cottage-dans-un-camping\/","url":"https:\/\/www.campings.com\/fr\/content\/faq-camping\/qu-est-ce-qu-un-cottage-dans-un-camping\/","name":"Qu'est-ce qu'un cottage dans un camping ?","isPartOf":{"@id":"https:\/\/www.campings.com\/fr\/content\/#website"},"datePublished":"2020-02-28T14:44:25+00:00","dateModified":"2020-02-28T14:44:31+00:00","description":"FAQ - Qu'est-ce qu'un cottage dans un camping ?","breadcrumb":{"@id":"https:\/\/www.campings.com\/fr\/content\/faq-camping\/qu-est-ce-qu-un-cottage-dans-un-camping\/#breadcrumb"},"inLanguage":"fr-FR","potentialAction":[{"@type":"ReadAction","target":["https:\/\/www.campings.com\/fr\/content\/faq-camping\/qu-est-ce-qu-un-cottage-dans-un-camping\/"]}]},{"@type":"BreadcrumbList","@id":"https:\/\/www.campings.com\/fr\/content\/faq-camping\/qu-est-ce-qu-un-cottage-dans-un-camping\/#breadcrumb","itemListElement":[{"@type":"ListItem","position":1,"name":"Home","item":"https:\/\/www.campings.com\/fr\/content\/"},{"@type":"ListItem","position":2,"name":"FAQ camping","item":"https:\/\/www.campings.com\/fr\/content\/faq-camping\/"},{"@type":"ListItem","position":3,"name":"Qu&rsquo;est-ce qu&rsquo;un cottage dans un camping ?"}]},{"@type":"WebSite","@id":"https:\/\/www.campings.com\/fr\/content\/#website","url":"https:\/\/www.campings.com\/fr\/content\/","name":"","description":"","publisher":{"@id":"https:\/\/www.campings.com\/fr\/content\/#organization"},"potentialAction":[{"@type":"SearchAction","target":{"@type":"EntryPoint","urlTemplate":"https:\/\/www.campings.com\/fr\/content\/?s={search_term_string}"},"query-input":{"@type":"PropertyValueSpecification","valueRequired":true,"valueName":"search_term_string"}}],"inLanguage":"fr-FR"},{"@type":"Organization","@id":"https:\/\/www.campings.com\/fr\/content\/#organization","name":"CAMPINGS.COM","url":"https:\/\/www.campings.com\/fr\/content\/","logo":{"@type":"ImageObject","inLanguage":"fr-FR","@id":"https:\/\/www.campings.com\/fr\/content\/#\/schema\/logo\/image\/","url":"https:\/\/www.campings.com\/fr\/content\/wp-content\/uploads\/2019\/01\/cropped-logo-1.png","contentUrl":"https:\/\/www.campings.com\/fr\/content\/wp-content\/uploads\/2019\/01\/cropped-logo-1.png","width":174,"height":42,"caption":"CAMPINGS.COM"},"image":{"@id":"https:\/\/www.campings.com\/fr\/content\/#\/schema\/logo\/image\/"}}]}},"_links":{"self":[{"href":"https:\/\/www.campings.com\/fr\/content\/wp-json\/wp\/v2\/pages\/1761","targetHints":{"allow":["GET"]}}],"collection":[{"href":"https:\/\/www.campings.com\/fr\/content\/wp-json\/wp\/v2\/pages"}],"about":[{"href":"https:\/\/www.campings.com\/fr\/content\/wp-json\/wp\/v2\/types\/page"}],"author":[{"embeddable":true,"href":"https:\/\/www.campings.com\/fr\/content\/wp-json\/wp\/v2\/users\/2"}],"replies":[{"embeddable":true,"href":"https:\/\/www.campings.com\/fr\/content\/wp-json\/wp\/v2\/comments?post=1761"}],"version-history":[{"count":1,"href":"https:\/\/www.campings.com\/fr\/content\/wp-json\/wp\/v2\/pages\/1761\/revisions"}],"predecessor-version":[{"id":1762,"href":"https:\/\/www.campings.com\/fr\/content\/wp-json\/wp\/v2\/pages\/1761\/revisions\/1762"}],"up":[{"embeddable":true,"href":"https:\/\/www.campings.com\/fr\/content\/wp-json\/wp\/v2\/pages\/1638"}],"wp:attachment":[{"href":"https:\/\/www.campings.com\/fr\/content\/wp-json\/wp\/v2\/media?parent=1761"}],"curies":[{"name":"wp","href":"https:\/\/api.w.org\/{rel}","templated":true}]}}