{"id":1757,"date":"2020-02-28T14:42:43","date_gmt":"2020-02-28T14:42:43","guid":{"rendered":"https:\/\/www.campings.com\/fr\/content\/?page_id=1757"},"modified":"2020-02-28T14:42:50","modified_gmt":"2020-02-28T14:42:50","slug":"qu-est-ce-qu-une-aire-naturelle-de-camping","status":"publish","type":"page","link":"https:\/\/www.campings.com\/fr\/content\/faq-camping\/qu-est-ce-qu-une-aire-naturelle-de-camping\/","title":{"rendered":"Qu&rsquo;est-ce qu&rsquo;une aire naturelle de camping ?"},"content":{"rendered":"<p>Une aire naturelle de <a href=\"https:\/\/www.campings.com\/fr\/content\/tout-savoir-sur-le-camping\/faq-camping\/\">camping<\/a> est une invitation \u00e0 se ressourcer en pleine nature. Situ\u00e9e sur le terrain d&rsquo;un exploitant agricole,<strong> l&rsquo;aire naturelle de camping offre aux touristes une plong\u00e9e dans le monde rural <\/strong>gr\u00e2ce \u00e0 des activit\u00e9s naturelles et \u00e0 des terrains plus grands que ceux des campings traditionnels.<\/p>\n<h2>Les sp\u00e9cificit\u00e9s d&rsquo;une aire naturelle de camping<\/h2>\n<p>L&rsquo;aire naturelle de camping n&rsquo;est pas un camping comme un autre. En effet, il s&rsquo;agit d&rsquo;un camping ouvert seulement six mois de l&rsquo;ann\u00e9e. L&rsquo;exploitant agricole peut d\u00e9cider d&rsquo;ouvrir son aire naturelle de camping sur six mois cons\u00e9cutifs ou sur des p\u00e9riodes discontinues, mais ne devant pas exc\u00e9der six mois sur une m\u00eame ann\u00e9e civile. De plus, tous les types d&rsquo;h\u00e9bergements ne sont pas disponibles : vous ne trouverez<strong> ni chalet ni Mobil-home sur une aire naturelle de camping<\/strong>. Pour offrir un tourisme en harmonie avec la nature,<strong> le terrain du camping peut mesurer jusqu&rsquo;\u00e0 un hectare et accueillir jusqu&rsquo;\u00e0 trente emplacements<\/strong>. Cela permet d&rsquo;obtenir une surface confortable pour chaque terrain.<\/p>\n<h2>Pourquoi choisir une aire naturelle de camping ?<\/h2>\n<p>La proximit\u00e9 de la nature, la d\u00e9tente, le calme et la d\u00e9couverte du milieu rural sont les principales raisons qui poussent les vacanciers \u00e0 choisir une aire naturelle de camping. Il s&rsquo;agit d&rsquo;une location qui ne dispose pas de tout le confort habituel : les emplacements ne sont par exemple pas obligatoirement raccord\u00e9s \u00e0 l&rsquo;eau ni \u00e0 un syst\u00e8me d&rsquo;assainissement. Cependant, <strong>chaque aire naturelle de camping doit \u00eatre \u00e9quip\u00e9e de sanitaires<\/strong>, de prises \u00e9lectriques, de points d&rsquo;eau potable ainsi que d&rsquo;un acc\u00e8s pour personne handicap\u00e9e ou personne \u00e0 mobilit\u00e9 r\u00e9duite. Avec une tente, une caravane ou un camping-car, les touristes sont nombreux \u00e0 appr\u00e9cier la s\u00e9r\u00e9nit\u00e9 et la qui\u00e9tude qui r\u00e8gnent sur les aires naturelles de camping.<\/p>\n","protected":false},"excerpt":{"rendered":"<p>Une aire naturelle de camping est une invitation \u00e0 se ressourcer en pleine nature. Situ\u00e9e sur le terrain d&rsquo;un exploitant agricole, l&rsquo;aire naturelle de camping offre aux touristes une plong\u00e9e dans le monde rural gr\u00e2ce \u00e0 des activit\u00e9s naturelles et \u00e0 des terrains plus grands que ceux des campings traditionnels. Les sp\u00e9cificit\u00e9s d&rsquo;une aire naturelle [&hellip;]<\/p>\n","protected":false},"author":2,"featured_media":0,"parent":1638,"menu_order":0,"comment_status":"closed","ping_status":"closed","template":"template-twocolumns.php","meta":{"_acf_changed":false,"footnotes":""},"class_list":["post-1757","page","type-page","status-publish","hentry"],"acf":[],"yoast_head":"<!-- This site is optimized with the Yoast SEO plugin v27.1.1 - https:\/\/yoast.com\/product\/yoast-seo-wordpress\/ -->\n<title>Qu&#039;est-ce qu&#039;une aire naturelle de camping ?<\/title>\n<meta name=\"description\" content=\"FAQ - Qu&#039;est-ce qu&#039;une aire naturelle de camping ?\" \/>\n<meta name=\"robots\" content=\"index, follow, max-snippet:-1, max-image-preview:large, max-video-preview:-1\" \/>\n<link rel=\"canonical\" href=\"https:\/\/www.campings.com\/fr\/content\/faq-camping\/qu-est-ce-qu-une-aire-naturelle-de-camping\/\" \/>\n<meta property=\"og:locale\" content=\"fr_FR\" \/>\n<meta property=\"og:type\" content=\"article\" \/>\n<meta property=\"og:title\" content=\"Qu&#039;est-ce qu&#039;une aire naturelle de camping ?\" \/>\n<meta property=\"og:description\" content=\"FAQ - Qu&#039;est-ce qu&#039;une aire naturelle de camping ?\" \/>\n<meta property=\"og:url\" content=\"https:\/\/www.campings.com\/fr\/content\/faq-camping\/qu-est-ce-qu-une-aire-naturelle-de-camping\/\" \/>\n<meta property=\"article:modified_time\" content=\"2020-02-28T14:42:50+00:00\" \/>\n<meta name=\"twitter:card\" content=\"summary_large_image\" \/>\n<meta name=\"twitter:label1\" content=\"Dur\u00e9e de lecture estim\u00e9e\" \/>\n\t<meta name=\"twitter:data1\" content=\"2 minutes\" \/>\n<script type=\"application\/ld+json\" class=\"yoast-schema-graph\">{\"@context\":\"https:\/\/schema.org\",\"@graph\":[{\"@type\":\"WebPage\",\"@id\":\"https:\/\/www.campings.com\/fr\/content\/faq-camping\/qu-est-ce-qu-une-aire-naturelle-de-camping\/\",\"url\":\"https:\/\/www.campings.com\/fr\/content\/faq-camping\/qu-est-ce-qu-une-aire-naturelle-de-camping\/\",\"name\":\"Qu'est-ce qu'une aire naturelle de camping ?\",\"isPartOf\":{\"@id\":\"https:\/\/www.campings.com\/fr\/content\/#website\"},\"datePublished\":\"2020-02-28T14:42:43+00:00\",\"dateModified\":\"2020-02-28T14:42:50+00:00\",\"description\":\"FAQ - Qu'est-ce qu'une aire naturelle de camping ?\",\"breadcrumb\":{\"@id\":\"https:\/\/www.campings.com\/fr\/content\/faq-camping\/qu-est-ce-qu-une-aire-naturelle-de-camping\/#breadcrumb\"},\"inLanguage\":\"fr-FR\",\"potentialAction\":[{\"@type\":\"ReadAction\",\"target\":[\"https:\/\/www.campings.com\/fr\/content\/faq-camping\/qu-est-ce-qu-une-aire-naturelle-de-camping\/\"]}]},{\"@type\":\"BreadcrumbList\",\"@id\":\"https:\/\/www.campings.com\/fr\/content\/faq-camping\/qu-est-ce-qu-une-aire-naturelle-de-camping\/#breadcrumb\",\"itemListElement\":[{\"@type\":\"ListItem\",\"position\":1,\"name\":\"Home\",\"item\":\"https:\/\/www.campings.com\/fr\/content\/\"},{\"@type\":\"ListItem\",\"position\":2,\"name\":\"FAQ camping\",\"item\":\"https:\/\/www.campings.com\/fr\/content\/faq-camping\/\"},{\"@type\":\"ListItem\",\"position\":3,\"name\":\"Qu&rsquo;est-ce qu&rsquo;une aire naturelle de camping ?\"}]},{\"@type\":\"WebSite\",\"@id\":\"https:\/\/www.campings.com\/fr\/content\/#website\",\"url\":\"https:\/\/www.campings.com\/fr\/content\/\",\"name\":\"\",\"description\":\"\",\"publisher\":{\"@id\":\"https:\/\/www.campings.com\/fr\/content\/#organization\"},\"potentialAction\":[{\"@type\":\"SearchAction\",\"target\":{\"@type\":\"EntryPoint\",\"urlTemplate\":\"https:\/\/www.campings.com\/fr\/content\/?s={search_term_string}\"},\"query-input\":{\"@type\":\"PropertyValueSpecification\",\"valueRequired\":true,\"valueName\":\"search_term_string\"}}],\"inLanguage\":\"fr-FR\"},{\"@type\":\"Organization\",\"@id\":\"https:\/\/www.campings.com\/fr\/content\/#organization\",\"name\":\"CAMPINGS.COM\",\"url\":\"https:\/\/www.campings.com\/fr\/content\/\",\"logo\":{\"@type\":\"ImageObject\",\"inLanguage\":\"fr-FR\",\"@id\":\"https:\/\/www.campings.com\/fr\/content\/#\/schema\/logo\/image\/\",\"url\":\"https:\/\/www.campings.com\/fr\/content\/wp-content\/uploads\/2019\/01\/cropped-logo-1.png\",\"contentUrl\":\"https:\/\/www.campings.com\/fr\/content\/wp-content\/uploads\/2019\/01\/cropped-logo-1.png\",\"width\":174,\"height\":42,\"caption\":\"CAMPINGS.COM\"},\"image\":{\"@id\":\"https:\/\/www.campings.com\/fr\/content\/#\/schema\/logo\/image\/\"}}]}<\/script>\n<!-- \/ Yoast SEO plugin. -->","yoast_head_json":{"title":"Qu'est-ce qu'une aire naturelle de camping ?","description":"FAQ - Qu'est-ce qu'une aire naturelle de camping ?","robots":{"index":"index","follow":"follow","max-snippet":"max-snippet:-1","max-image-preview":"max-image-preview:large","max-video-preview":"max-video-preview:-1"},"canonical":"https:\/\/www.campings.com\/fr\/content\/faq-camping\/qu-est-ce-qu-une-aire-naturelle-de-camping\/","og_locale":"fr_FR","og_type":"article","og_title":"Qu'est-ce qu'une aire naturelle de camping ?","og_description":"FAQ - Qu'est-ce qu'une aire naturelle de camping ?","og_url":"https:\/\/www.campings.com\/fr\/content\/faq-camping\/qu-est-ce-qu-une-aire-naturelle-de-camping\/","article_modified_time":"2020-02-28T14:42:50+00:00","twitter_card":"summary_large_image","twitter_misc":{"Dur\u00e9e de lecture estim\u00e9e":"2 minutes"},"schema":{"@context":"https:\/\/schema.org","@graph":[{"@type":"WebPage","@id":"https:\/\/www.campings.com\/fr\/content\/faq-camping\/qu-est-ce-qu-une-aire-naturelle-de-camping\/","url":"https:\/\/www.campings.com\/fr\/content\/faq-camping\/qu-est-ce-qu-une-aire-naturelle-de-camping\/","name":"Qu'est-ce qu'une aire naturelle de camping ?","isPartOf":{"@id":"https:\/\/www.campings.com\/fr\/content\/#website"},"datePublished":"2020-02-28T14:42:43+00:00","dateModified":"2020-02-28T14:42:50+00:00","description":"FAQ - Qu'est-ce qu'une aire naturelle de camping ?","breadcrumb":{"@id":"https:\/\/www.campings.com\/fr\/content\/faq-camping\/qu-est-ce-qu-une-aire-naturelle-de-camping\/#breadcrumb"},"inLanguage":"fr-FR","potentialAction":[{"@type":"ReadAction","target":["https:\/\/www.campings.com\/fr\/content\/faq-camping\/qu-est-ce-qu-une-aire-naturelle-de-camping\/"]}]},{"@type":"BreadcrumbList","@id":"https:\/\/www.campings.com\/fr\/content\/faq-camping\/qu-est-ce-qu-une-aire-naturelle-de-camping\/#breadcrumb","itemListElement":[{"@type":"ListItem","position":1,"name":"Home","item":"https:\/\/www.campings.com\/fr\/content\/"},{"@type":"ListItem","position":2,"name":"FAQ camping","item":"https:\/\/www.campings.com\/fr\/content\/faq-camping\/"},{"@type":"ListItem","position":3,"name":"Qu&rsquo;est-ce qu&rsquo;une aire naturelle de camping ?"}]},{"@type":"WebSite","@id":"https:\/\/www.campings.com\/fr\/content\/#website","url":"https:\/\/www.campings.com\/fr\/content\/","name":"","description":"","publisher":{"@id":"https:\/\/www.campings.com\/fr\/content\/#organization"},"potentialAction":[{"@type":"SearchAction","target":{"@type":"EntryPoint","urlTemplate":"https:\/\/www.campings.com\/fr\/content\/?s={search_term_string}"},"query-input":{"@type":"PropertyValueSpecification","valueRequired":true,"valueName":"search_term_string"}}],"inLanguage":"fr-FR"},{"@type":"Organization","@id":"https:\/\/www.campings.com\/fr\/content\/#organization","name":"CAMPINGS.COM","url":"https:\/\/www.campings.com\/fr\/content\/","logo":{"@type":"ImageObject","inLanguage":"fr-FR","@id":"https:\/\/www.campings.com\/fr\/content\/#\/schema\/logo\/image\/","url":"https:\/\/www.campings.com\/fr\/content\/wp-content\/uploads\/2019\/01\/cropped-logo-1.png","contentUrl":"https:\/\/www.campings.com\/fr\/content\/wp-content\/uploads\/2019\/01\/cropped-logo-1.png","width":174,"height":42,"caption":"CAMPINGS.COM"},"image":{"@id":"https:\/\/www.campings.com\/fr\/content\/#\/schema\/logo\/image\/"}}]}},"_links":{"self":[{"href":"https:\/\/www.campings.com\/fr\/content\/wp-json\/wp\/v2\/pages\/1757","targetHints":{"allow":["GET"]}}],"collection":[{"href":"https:\/\/www.campings.com\/fr\/content\/wp-json\/wp\/v2\/pages"}],"about":[{"href":"https:\/\/www.campings.com\/fr\/content\/wp-json\/wp\/v2\/types\/page"}],"author":[{"embeddable":true,"href":"https:\/\/www.campings.com\/fr\/content\/wp-json\/wp\/v2\/users\/2"}],"replies":[{"embeddable":true,"href":"https:\/\/www.campings.com\/fr\/content\/wp-json\/wp\/v2\/comments?post=1757"}],"version-history":[{"count":1,"href":"https:\/\/www.campings.com\/fr\/content\/wp-json\/wp\/v2\/pages\/1757\/revisions"}],"predecessor-version":[{"id":1758,"href":"https:\/\/www.campings.com\/fr\/content\/wp-json\/wp\/v2\/pages\/1757\/revisions\/1758"}],"up":[{"embeddable":true,"href":"https:\/\/www.campings.com\/fr\/content\/wp-json\/wp\/v2\/pages\/1638"}],"wp:attachment":[{"href":"https:\/\/www.campings.com\/fr\/content\/wp-json\/wp\/v2\/media?parent=1757"}],"curies":[{"name":"wp","href":"https:\/\/api.w.org\/{rel}","templated":true}]}}