{"id":1755,"date":"2020-02-28T14:41:58","date_gmt":"2020-02-28T14:41:58","guid":{"rendered":"https:\/\/www.campings.com\/fr\/content\/?page_id=1755"},"modified":"2020-02-28T14:42:04","modified_gmt":"2020-02-28T14:42:04","slug":"quand-reserver-et-payer-son-camping","status":"publish","type":"page","link":"https:\/\/www.campings.com\/fr\/content\/faq-camping\/quand-reserver-et-payer-son-camping\/","title":{"rendered":"Quand r\u00e9server et payer son camping ?"},"content":{"rendered":"<p>Vous pouvez <strong>r\u00e9server votre <a href=\"https:\/\/www.campings.com\/fr\/content\/tout-savoir-sur-le-camping\/faq-camping\/\">camping<\/a> plusieurs mois \u00e0 l&rsquo;avance<\/strong> pour b\u00e9n\u00e9ficier d&rsquo;un emplacement privil\u00e9gi\u00e9 et de prix attractifs. La r\u00e9servation peut \u00e9galement se faire au dernier moment pour profiter de remises tarifaires. Le versement d&rsquo;un acompte ou d&rsquo;arrhes est demand\u00e9 au moment de la r\u00e9servation.<\/p>\n<h2>Quel est le meilleur moment pour r\u00e9server ses vacances au camping ?<\/h2>\n<p>Plusieurs crit\u00e8res sont \u00e0 prendre en compte afin de d\u00e9terminer le meilleur moment pour r\u00e9server votre camping :<\/p>\n<ul>\n<li><strong>La date de vos vacances<\/strong> : haute saison ou basse saison.<\/li>\n<li>Le nombre de places dont vous avez besoin pour vous, vos enfants, votre animal de compagnie, etc.<\/li>\n<li>Le <strong>choix de votre lieu de vacances<\/strong> : destination tr\u00e8s pris\u00e9e ou destination pr\u00e9serv\u00e9e.<\/li>\n<li>Votre <strong>budget <\/strong>pour l&rsquo;h\u00e9bergement en camping.<\/li>\n<\/ul>\n<p>En fonction de ces crit\u00e8res, vous saurez quand r\u00e9server votre location de vacances : d\u00e8s le mois de janvier pour des vacances en \u00e9t\u00e9 dans un camping tr\u00e8s touristique, quelques semaines avant si vous partez en camping hors vacances scolaires, au dernier moment si vous optez pour une remise sur le prix de votre s\u00e9jour en camping.<\/p>\n<h2>Que faut-il savoir sur le paiement de ses vacances au camping ?<\/h2>\n<p>La majeure partie des campings demande \u00e0 recevoir un acompte ou des arrhes lors de la r\u00e9servation. Vous devrez ensuite <strong>vous acquitter du solde lors de votre arriv\u00e9e au camping<\/strong>. Si vous annulez votre r\u00e9servation de vacances, le camping n&rsquo;est pas tenu de vous rembourser, sauf si vous avez souscrit une<strong> assurance annulation<\/strong>. Enfin, si vous interrompez votre s\u00e9jour, vous devrez effectuer le paiement de la totalit\u00e9 de votre s\u00e9jour, sous r\u00e9serve d&rsquo;\u00e9v\u00e9nements majeurs, comme sp\u00e9cifi\u00e9s dans votre contrat de location.<\/p>\n","protected":false},"excerpt":{"rendered":"<p>Vous pouvez r\u00e9server votre camping plusieurs mois \u00e0 l&rsquo;avance pour b\u00e9n\u00e9ficier d&rsquo;un emplacement privil\u00e9gi\u00e9 et de prix attractifs. La r\u00e9servation peut \u00e9galement se faire au dernier moment pour profiter de remises tarifaires. Le versement d&rsquo;un acompte ou d&rsquo;arrhes est demand\u00e9 au moment de la r\u00e9servation. Quel est le meilleur moment pour r\u00e9server ses vacances au [&hellip;]<\/p>\n","protected":false},"author":2,"featured_media":0,"parent":1638,"menu_order":0,"comment_status":"closed","ping_status":"closed","template":"template-twocolumns.php","meta":{"_acf_changed":false,"footnotes":""},"class_list":["post-1755","page","type-page","status-publish","hentry"],"acf":[],"yoast_head":"<!-- This site is optimized with the Yoast SEO plugin v27.1.1 - https:\/\/yoast.com\/product\/yoast-seo-wordpress\/ -->\n<title>Quand r\u00e9server et payer son camping ?<\/title>\n<meta name=\"description\" content=\"FAQ - Quand r\u00e9server et payer son camping ?\" \/>\n<meta name=\"robots\" content=\"index, follow, max-snippet:-1, max-image-preview:large, max-video-preview:-1\" \/>\n<link rel=\"canonical\" href=\"https:\/\/www.campings.com\/fr\/content\/faq-camping\/quand-reserver-et-payer-son-camping\/\" \/>\n<meta property=\"og:locale\" content=\"fr_FR\" \/>\n<meta property=\"og:type\" content=\"article\" \/>\n<meta property=\"og:title\" content=\"Quand r\u00e9server et payer son camping ?\" \/>\n<meta property=\"og:description\" content=\"FAQ - Quand r\u00e9server et payer son camping ?\" \/>\n<meta property=\"og:url\" content=\"https:\/\/www.campings.com\/fr\/content\/faq-camping\/quand-reserver-et-payer-son-camping\/\" \/>\n<meta property=\"article:modified_time\" content=\"2020-02-28T14:42:04+00:00\" \/>\n<meta name=\"twitter:card\" content=\"summary_large_image\" \/>\n<meta name=\"twitter:label1\" content=\"Dur\u00e9e de lecture estim\u00e9e\" \/>\n\t<meta name=\"twitter:data1\" content=\"1 minute\" \/>\n<script type=\"application\/ld+json\" class=\"yoast-schema-graph\">{\"@context\":\"https:\/\/schema.org\",\"@graph\":[{\"@type\":\"WebPage\",\"@id\":\"https:\/\/www.campings.com\/fr\/content\/faq-camping\/quand-reserver-et-payer-son-camping\/\",\"url\":\"https:\/\/www.campings.com\/fr\/content\/faq-camping\/quand-reserver-et-payer-son-camping\/\",\"name\":\"Quand r\u00e9server et payer son camping ?\",\"isPartOf\":{\"@id\":\"https:\/\/www.campings.com\/fr\/content\/#website\"},\"datePublished\":\"2020-02-28T14:41:58+00:00\",\"dateModified\":\"2020-02-28T14:42:04+00:00\",\"description\":\"FAQ - Quand r\u00e9server et payer son camping ?\",\"breadcrumb\":{\"@id\":\"https:\/\/www.campings.com\/fr\/content\/faq-camping\/quand-reserver-et-payer-son-camping\/#breadcrumb\"},\"inLanguage\":\"fr-FR\",\"potentialAction\":[{\"@type\":\"ReadAction\",\"target\":[\"https:\/\/www.campings.com\/fr\/content\/faq-camping\/quand-reserver-et-payer-son-camping\/\"]}]},{\"@type\":\"BreadcrumbList\",\"@id\":\"https:\/\/www.campings.com\/fr\/content\/faq-camping\/quand-reserver-et-payer-son-camping\/#breadcrumb\",\"itemListElement\":[{\"@type\":\"ListItem\",\"position\":1,\"name\":\"Home\",\"item\":\"https:\/\/www.campings.com\/fr\/content\/\"},{\"@type\":\"ListItem\",\"position\":2,\"name\":\"FAQ camping\",\"item\":\"https:\/\/www.campings.com\/fr\/content\/faq-camping\/\"},{\"@type\":\"ListItem\",\"position\":3,\"name\":\"Quand r\u00e9server et payer son camping ?\"}]},{\"@type\":\"WebSite\",\"@id\":\"https:\/\/www.campings.com\/fr\/content\/#website\",\"url\":\"https:\/\/www.campings.com\/fr\/content\/\",\"name\":\"\",\"description\":\"\",\"publisher\":{\"@id\":\"https:\/\/www.campings.com\/fr\/content\/#organization\"},\"potentialAction\":[{\"@type\":\"SearchAction\",\"target\":{\"@type\":\"EntryPoint\",\"urlTemplate\":\"https:\/\/www.campings.com\/fr\/content\/?s={search_term_string}\"},\"query-input\":{\"@type\":\"PropertyValueSpecification\",\"valueRequired\":true,\"valueName\":\"search_term_string\"}}],\"inLanguage\":\"fr-FR\"},{\"@type\":\"Organization\",\"@id\":\"https:\/\/www.campings.com\/fr\/content\/#organization\",\"name\":\"CAMPINGS.COM\",\"url\":\"https:\/\/www.campings.com\/fr\/content\/\",\"logo\":{\"@type\":\"ImageObject\",\"inLanguage\":\"fr-FR\",\"@id\":\"https:\/\/www.campings.com\/fr\/content\/#\/schema\/logo\/image\/\",\"url\":\"https:\/\/www.campings.com\/fr\/content\/wp-content\/uploads\/2019\/01\/cropped-logo-1.png\",\"contentUrl\":\"https:\/\/www.campings.com\/fr\/content\/wp-content\/uploads\/2019\/01\/cropped-logo-1.png\",\"width\":174,\"height\":42,\"caption\":\"CAMPINGS.COM\"},\"image\":{\"@id\":\"https:\/\/www.campings.com\/fr\/content\/#\/schema\/logo\/image\/\"}}]}<\/script>\n<!-- \/ Yoast SEO plugin. -->","yoast_head_json":{"title":"Quand r\u00e9server et payer son camping ?","description":"FAQ - Quand r\u00e9server et payer son camping ?","robots":{"index":"index","follow":"follow","max-snippet":"max-snippet:-1","max-image-preview":"max-image-preview:large","max-video-preview":"max-video-preview:-1"},"canonical":"https:\/\/www.campings.com\/fr\/content\/faq-camping\/quand-reserver-et-payer-son-camping\/","og_locale":"fr_FR","og_type":"article","og_title":"Quand r\u00e9server et payer son camping ?","og_description":"FAQ - Quand r\u00e9server et payer son camping ?","og_url":"https:\/\/www.campings.com\/fr\/content\/faq-camping\/quand-reserver-et-payer-son-camping\/","article_modified_time":"2020-02-28T14:42:04+00:00","twitter_card":"summary_large_image","twitter_misc":{"Dur\u00e9e de lecture estim\u00e9e":"1 minute"},"schema":{"@context":"https:\/\/schema.org","@graph":[{"@type":"WebPage","@id":"https:\/\/www.campings.com\/fr\/content\/faq-camping\/quand-reserver-et-payer-son-camping\/","url":"https:\/\/www.campings.com\/fr\/content\/faq-camping\/quand-reserver-et-payer-son-camping\/","name":"Quand r\u00e9server et payer son camping ?","isPartOf":{"@id":"https:\/\/www.campings.com\/fr\/content\/#website"},"datePublished":"2020-02-28T14:41:58+00:00","dateModified":"2020-02-28T14:42:04+00:00","description":"FAQ - Quand r\u00e9server et payer son camping ?","breadcrumb":{"@id":"https:\/\/www.campings.com\/fr\/content\/faq-camping\/quand-reserver-et-payer-son-camping\/#breadcrumb"},"inLanguage":"fr-FR","potentialAction":[{"@type":"ReadAction","target":["https:\/\/www.campings.com\/fr\/content\/faq-camping\/quand-reserver-et-payer-son-camping\/"]}]},{"@type":"BreadcrumbList","@id":"https:\/\/www.campings.com\/fr\/content\/faq-camping\/quand-reserver-et-payer-son-camping\/#breadcrumb","itemListElement":[{"@type":"ListItem","position":1,"name":"Home","item":"https:\/\/www.campings.com\/fr\/content\/"},{"@type":"ListItem","position":2,"name":"FAQ camping","item":"https:\/\/www.campings.com\/fr\/content\/faq-camping\/"},{"@type":"ListItem","position":3,"name":"Quand r\u00e9server et payer son camping ?"}]},{"@type":"WebSite","@id":"https:\/\/www.campings.com\/fr\/content\/#website","url":"https:\/\/www.campings.com\/fr\/content\/","name":"","description":"","publisher":{"@id":"https:\/\/www.campings.com\/fr\/content\/#organization"},"potentialAction":[{"@type":"SearchAction","target":{"@type":"EntryPoint","urlTemplate":"https:\/\/www.campings.com\/fr\/content\/?s={search_term_string}"},"query-input":{"@type":"PropertyValueSpecification","valueRequired":true,"valueName":"search_term_string"}}],"inLanguage":"fr-FR"},{"@type":"Organization","@id":"https:\/\/www.campings.com\/fr\/content\/#organization","name":"CAMPINGS.COM","url":"https:\/\/www.campings.com\/fr\/content\/","logo":{"@type":"ImageObject","inLanguage":"fr-FR","@id":"https:\/\/www.campings.com\/fr\/content\/#\/schema\/logo\/image\/","url":"https:\/\/www.campings.com\/fr\/content\/wp-content\/uploads\/2019\/01\/cropped-logo-1.png","contentUrl":"https:\/\/www.campings.com\/fr\/content\/wp-content\/uploads\/2019\/01\/cropped-logo-1.png","width":174,"height":42,"caption":"CAMPINGS.COM"},"image":{"@id":"https:\/\/www.campings.com\/fr\/content\/#\/schema\/logo\/image\/"}}]}},"_links":{"self":[{"href":"https:\/\/www.campings.com\/fr\/content\/wp-json\/wp\/v2\/pages\/1755","targetHints":{"allow":["GET"]}}],"collection":[{"href":"https:\/\/www.campings.com\/fr\/content\/wp-json\/wp\/v2\/pages"}],"about":[{"href":"https:\/\/www.campings.com\/fr\/content\/wp-json\/wp\/v2\/types\/page"}],"author":[{"embeddable":true,"href":"https:\/\/www.campings.com\/fr\/content\/wp-json\/wp\/v2\/users\/2"}],"replies":[{"embeddable":true,"href":"https:\/\/www.campings.com\/fr\/content\/wp-json\/wp\/v2\/comments?post=1755"}],"version-history":[{"count":1,"href":"https:\/\/www.campings.com\/fr\/content\/wp-json\/wp\/v2\/pages\/1755\/revisions"}],"predecessor-version":[{"id":1756,"href":"https:\/\/www.campings.com\/fr\/content\/wp-json\/wp\/v2\/pages\/1755\/revisions\/1756"}],"up":[{"embeddable":true,"href":"https:\/\/www.campings.com\/fr\/content\/wp-json\/wp\/v2\/pages\/1638"}],"wp:attachment":[{"href":"https:\/\/www.campings.com\/fr\/content\/wp-json\/wp\/v2\/media?parent=1755"}],"curies":[{"name":"wp","href":"https:\/\/api.w.org\/{rel}","templated":true}]}}