{"id":1749,"date":"2020-02-28T14:39:41","date_gmt":"2020-02-28T14:39:41","guid":{"rendered":"https:\/\/www.campings.com\/fr\/content\/?page_id=1749"},"modified":"2020-02-28T14:39:47","modified_gmt":"2020-02-28T14:39:47","slug":"quoi-amener-en-camping-quand-on-est-vegan","status":"publish","type":"page","link":"https:\/\/www.campings.com\/fr\/content\/faq-camping\/quoi-amener-en-camping-quand-on-est-vegan\/","title":{"rendered":"Quoi amener en camping quand on est vegan ?"},"content":{"rendered":"<p>Fruits, l\u00e9gumes, graines et \u00e9pices sont les aliments de bases \u00e0 amener. Mais il n&rsquo;agit pas seulement d&rsquo;aliments. Conseils et livres d\u00e9di\u00e9s \u00e0 l&rsquo;alimentation vegan au <a href=\"https:\/\/www.campings.com\/fr\/content\/tout-savoir-sur-le-camping\/faq-camping\/\">camping<\/a> sont \u00e9galement du voyage.<\/p>\n<h2>Les aliments de base de l&rsquo;alimentation vegan, nomade ou non<\/h2>\n<p><strong>Quand on est en camping<\/strong>, on peut amener des l\u00e9gumes (carottes, concombres, radis\u2026). Vous pouvez les pr\u00e9parer en salade pour \u00e9viter les l\u00e9gumes \u00e9cras\u00e9s dans les sacs. Pensez aussi aux jus de l\u00e9gumes.<br \/>\n\u00c0 c\u00f4t\u00e9 de ces aliments, fruits (pommes, poires, bananes, p\u00eaches, prunes, agrumes\u2026) et laits v\u00e9g\u00e9taux font aussi partie des indispensables pour le<strong> camping vegan<\/strong>. Les fruits malmen\u00e9s par le transport pourront servir en gruau. Amenez aussi bien des fruits frais que des fruits en conserve sans oublier les fruits secs.<\/p>\n<h2>Camping vegan : les produits auxquels on ne pense pas forc\u00e9ment<\/h2>\n<p>Les<strong> vegans en camping <\/strong>peuvent ajouter \u00e0 leur liste fruits secs et noix ainsi que pur\u00e9es d&rsquo;ol\u00e9agineux et l\u00e9gumineuses en sachets. N&rsquo;oubliez pas vos \u00e9pices, votre huile, ni votre margarine 100 % v\u00e9g\u00e9tale. De m\u00eame, barres de c\u00e9r\u00e9ales et biscuits vegans rentrent facilement dans les sacs.<br \/>\nPlus originales, les algues en paillette et les graines de chia se pr\u00eatent tr\u00e8s bien au<strong> camping vegan<\/strong>. Pr\u00e9parez un stock de pots vides de confitures et boites herm\u00e9tiques pour le transport.<\/p>\n<h2>Les livres pratiques pour manger vegan au camping<\/h2>\n<p>Enfin, il existe quelques livres pratiques pour vous permettre de pr\u00e9parer au mieux votre <strong>camping vegan<\/strong>. Si la <i>Vegan Bible<\/i> de Marie Lafor\u00eat est un peu lourde \u00e0 emporter, <i>Barbecue vegan<\/i> du m\u00eame auteur sera parfait. Quant aux astuces de <i> \u00ab?V\u00e9ganes \u00e0 gogo !?\u00bb<\/i> de Sarah Kramer, elles sont justement con\u00e7ues pour la cuisine v\u00e9gane nomade.<\/p>\n","protected":false},"excerpt":{"rendered":"<p>Fruits, l\u00e9gumes, graines et \u00e9pices sont les aliments de bases \u00e0 amener. Mais il n&rsquo;agit pas seulement d&rsquo;aliments. Conseils et livres d\u00e9di\u00e9s \u00e0 l&rsquo;alimentation vegan au camping sont \u00e9galement du voyage. Les aliments de base de l&rsquo;alimentation vegan, nomade ou non Quand on est en camping, on peut amener des l\u00e9gumes (carottes, concombres, radis\u2026). Vous [&hellip;]<\/p>\n","protected":false},"author":2,"featured_media":0,"parent":1638,"menu_order":0,"comment_status":"closed","ping_status":"closed","template":"template-twocolumns.php","meta":{"_acf_changed":false,"footnotes":""},"class_list":["post-1749","page","type-page","status-publish","hentry"],"acf":[],"yoast_head":"<!-- This site is optimized with the Yoast SEO plugin v27.1.1 - https:\/\/yoast.com\/product\/yoast-seo-wordpress\/ -->\n<title>Quoi amener en camping quand on est vegan ?<\/title>\n<meta name=\"description\" content=\"FAQ - Quoi amener en camping quand on est vegan ?\" \/>\n<meta name=\"robots\" content=\"index, follow, max-snippet:-1, max-image-preview:large, max-video-preview:-1\" \/>\n<link rel=\"canonical\" href=\"https:\/\/www.campings.com\/fr\/content\/faq-camping\/quoi-amener-en-camping-quand-on-est-vegan\/\" \/>\n<meta property=\"og:locale\" content=\"fr_FR\" \/>\n<meta property=\"og:type\" content=\"article\" \/>\n<meta property=\"og:title\" content=\"Quoi amener en camping quand on est vegan ?\" \/>\n<meta property=\"og:description\" content=\"FAQ - Quoi amener en camping quand on est vegan ?\" \/>\n<meta property=\"og:url\" content=\"https:\/\/www.campings.com\/fr\/content\/faq-camping\/quoi-amener-en-camping-quand-on-est-vegan\/\" \/>\n<meta property=\"article:modified_time\" content=\"2020-02-28T14:39:47+00:00\" \/>\n<meta name=\"twitter:card\" content=\"summary_large_image\" \/>\n<meta name=\"twitter:label1\" content=\"Dur\u00e9e de lecture estim\u00e9e\" \/>\n\t<meta name=\"twitter:data1\" content=\"1 minute\" \/>\n<script type=\"application\/ld+json\" class=\"yoast-schema-graph\">{\"@context\":\"https:\/\/schema.org\",\"@graph\":[{\"@type\":\"WebPage\",\"@id\":\"https:\/\/www.campings.com\/fr\/content\/faq-camping\/quoi-amener-en-camping-quand-on-est-vegan\/\",\"url\":\"https:\/\/www.campings.com\/fr\/content\/faq-camping\/quoi-amener-en-camping-quand-on-est-vegan\/\",\"name\":\"Quoi amener en camping quand on est vegan ?\",\"isPartOf\":{\"@id\":\"https:\/\/www.campings.com\/fr\/content\/#website\"},\"datePublished\":\"2020-02-28T14:39:41+00:00\",\"dateModified\":\"2020-02-28T14:39:47+00:00\",\"description\":\"FAQ - Quoi amener en camping quand on est vegan ?\",\"breadcrumb\":{\"@id\":\"https:\/\/www.campings.com\/fr\/content\/faq-camping\/quoi-amener-en-camping-quand-on-est-vegan\/#breadcrumb\"},\"inLanguage\":\"fr-FR\",\"potentialAction\":[{\"@type\":\"ReadAction\",\"target\":[\"https:\/\/www.campings.com\/fr\/content\/faq-camping\/quoi-amener-en-camping-quand-on-est-vegan\/\"]}]},{\"@type\":\"BreadcrumbList\",\"@id\":\"https:\/\/www.campings.com\/fr\/content\/faq-camping\/quoi-amener-en-camping-quand-on-est-vegan\/#breadcrumb\",\"itemListElement\":[{\"@type\":\"ListItem\",\"position\":1,\"name\":\"Home\",\"item\":\"https:\/\/www.campings.com\/fr\/content\/\"},{\"@type\":\"ListItem\",\"position\":2,\"name\":\"FAQ camping\",\"item\":\"https:\/\/www.campings.com\/fr\/content\/faq-camping\/\"},{\"@type\":\"ListItem\",\"position\":3,\"name\":\"Quoi amener en camping quand on est vegan ?\"}]},{\"@type\":\"WebSite\",\"@id\":\"https:\/\/www.campings.com\/fr\/content\/#website\",\"url\":\"https:\/\/www.campings.com\/fr\/content\/\",\"name\":\"\",\"description\":\"\",\"publisher\":{\"@id\":\"https:\/\/www.campings.com\/fr\/content\/#organization\"},\"potentialAction\":[{\"@type\":\"SearchAction\",\"target\":{\"@type\":\"EntryPoint\",\"urlTemplate\":\"https:\/\/www.campings.com\/fr\/content\/?s={search_term_string}\"},\"query-input\":{\"@type\":\"PropertyValueSpecification\",\"valueRequired\":true,\"valueName\":\"search_term_string\"}}],\"inLanguage\":\"fr-FR\"},{\"@type\":\"Organization\",\"@id\":\"https:\/\/www.campings.com\/fr\/content\/#organization\",\"name\":\"CAMPINGS.COM\",\"url\":\"https:\/\/www.campings.com\/fr\/content\/\",\"logo\":{\"@type\":\"ImageObject\",\"inLanguage\":\"fr-FR\",\"@id\":\"https:\/\/www.campings.com\/fr\/content\/#\/schema\/logo\/image\/\",\"url\":\"https:\/\/www.campings.com\/fr\/content\/wp-content\/uploads\/2019\/01\/cropped-logo-1.png\",\"contentUrl\":\"https:\/\/www.campings.com\/fr\/content\/wp-content\/uploads\/2019\/01\/cropped-logo-1.png\",\"width\":174,\"height\":42,\"caption\":\"CAMPINGS.COM\"},\"image\":{\"@id\":\"https:\/\/www.campings.com\/fr\/content\/#\/schema\/logo\/image\/\"}}]}<\/script>\n<!-- \/ Yoast SEO plugin. -->","yoast_head_json":{"title":"Quoi amener en camping quand on est vegan ?","description":"FAQ - Quoi amener en camping quand on est vegan ?","robots":{"index":"index","follow":"follow","max-snippet":"max-snippet:-1","max-image-preview":"max-image-preview:large","max-video-preview":"max-video-preview:-1"},"canonical":"https:\/\/www.campings.com\/fr\/content\/faq-camping\/quoi-amener-en-camping-quand-on-est-vegan\/","og_locale":"fr_FR","og_type":"article","og_title":"Quoi amener en camping quand on est vegan ?","og_description":"FAQ - Quoi amener en camping quand on est vegan ?","og_url":"https:\/\/www.campings.com\/fr\/content\/faq-camping\/quoi-amener-en-camping-quand-on-est-vegan\/","article_modified_time":"2020-02-28T14:39:47+00:00","twitter_card":"summary_large_image","twitter_misc":{"Dur\u00e9e de lecture estim\u00e9e":"1 minute"},"schema":{"@context":"https:\/\/schema.org","@graph":[{"@type":"WebPage","@id":"https:\/\/www.campings.com\/fr\/content\/faq-camping\/quoi-amener-en-camping-quand-on-est-vegan\/","url":"https:\/\/www.campings.com\/fr\/content\/faq-camping\/quoi-amener-en-camping-quand-on-est-vegan\/","name":"Quoi amener en camping quand on est vegan ?","isPartOf":{"@id":"https:\/\/www.campings.com\/fr\/content\/#website"},"datePublished":"2020-02-28T14:39:41+00:00","dateModified":"2020-02-28T14:39:47+00:00","description":"FAQ - Quoi amener en camping quand on est vegan ?","breadcrumb":{"@id":"https:\/\/www.campings.com\/fr\/content\/faq-camping\/quoi-amener-en-camping-quand-on-est-vegan\/#breadcrumb"},"inLanguage":"fr-FR","potentialAction":[{"@type":"ReadAction","target":["https:\/\/www.campings.com\/fr\/content\/faq-camping\/quoi-amener-en-camping-quand-on-est-vegan\/"]}]},{"@type":"BreadcrumbList","@id":"https:\/\/www.campings.com\/fr\/content\/faq-camping\/quoi-amener-en-camping-quand-on-est-vegan\/#breadcrumb","itemListElement":[{"@type":"ListItem","position":1,"name":"Home","item":"https:\/\/www.campings.com\/fr\/content\/"},{"@type":"ListItem","position":2,"name":"FAQ camping","item":"https:\/\/www.campings.com\/fr\/content\/faq-camping\/"},{"@type":"ListItem","position":3,"name":"Quoi amener en camping quand on est vegan ?"}]},{"@type":"WebSite","@id":"https:\/\/www.campings.com\/fr\/content\/#website","url":"https:\/\/www.campings.com\/fr\/content\/","name":"","description":"","publisher":{"@id":"https:\/\/www.campings.com\/fr\/content\/#organization"},"potentialAction":[{"@type":"SearchAction","target":{"@type":"EntryPoint","urlTemplate":"https:\/\/www.campings.com\/fr\/content\/?s={search_term_string}"},"query-input":{"@type":"PropertyValueSpecification","valueRequired":true,"valueName":"search_term_string"}}],"inLanguage":"fr-FR"},{"@type":"Organization","@id":"https:\/\/www.campings.com\/fr\/content\/#organization","name":"CAMPINGS.COM","url":"https:\/\/www.campings.com\/fr\/content\/","logo":{"@type":"ImageObject","inLanguage":"fr-FR","@id":"https:\/\/www.campings.com\/fr\/content\/#\/schema\/logo\/image\/","url":"https:\/\/www.campings.com\/fr\/content\/wp-content\/uploads\/2019\/01\/cropped-logo-1.png","contentUrl":"https:\/\/www.campings.com\/fr\/content\/wp-content\/uploads\/2019\/01\/cropped-logo-1.png","width":174,"height":42,"caption":"CAMPINGS.COM"},"image":{"@id":"https:\/\/www.campings.com\/fr\/content\/#\/schema\/logo\/image\/"}}]}},"_links":{"self":[{"href":"https:\/\/www.campings.com\/fr\/content\/wp-json\/wp\/v2\/pages\/1749","targetHints":{"allow":["GET"]}}],"collection":[{"href":"https:\/\/www.campings.com\/fr\/content\/wp-json\/wp\/v2\/pages"}],"about":[{"href":"https:\/\/www.campings.com\/fr\/content\/wp-json\/wp\/v2\/types\/page"}],"author":[{"embeddable":true,"href":"https:\/\/www.campings.com\/fr\/content\/wp-json\/wp\/v2\/users\/2"}],"replies":[{"embeddable":true,"href":"https:\/\/www.campings.com\/fr\/content\/wp-json\/wp\/v2\/comments?post=1749"}],"version-history":[{"count":1,"href":"https:\/\/www.campings.com\/fr\/content\/wp-json\/wp\/v2\/pages\/1749\/revisions"}],"predecessor-version":[{"id":1750,"href":"https:\/\/www.campings.com\/fr\/content\/wp-json\/wp\/v2\/pages\/1749\/revisions\/1750"}],"up":[{"embeddable":true,"href":"https:\/\/www.campings.com\/fr\/content\/wp-json\/wp\/v2\/pages\/1638"}],"wp:attachment":[{"href":"https:\/\/www.campings.com\/fr\/content\/wp-json\/wp\/v2\/media?parent=1749"}],"curies":[{"name":"wp","href":"https:\/\/api.w.org\/{rel}","templated":true}]}}