{"id":1747,"date":"2020-02-28T14:38:39","date_gmt":"2020-02-28T14:38:39","guid":{"rendered":"https:\/\/www.campings.com\/fr\/content\/?page_id=1747"},"modified":"2020-02-28T14:38:46","modified_gmt":"2020-02-28T14:38:46","slug":"louer-un-lodge-ou-partir-en-camping","status":"publish","type":"page","link":"https:\/\/www.campings.com\/fr\/content\/faq-camping\/louer-un-lodge-ou-partir-en-camping\/","title":{"rendered":"Louer en lodge ou partir en camping sous la tente ?"},"content":{"rendered":"<p>Louer en lodge ou partir en <a href=\"https:\/\/www.campings.com\/fr\/content\/tout-savoir-sur-le-camping\/faq-camping\/\">camping<\/a> sous la tente n&rsquo;offre pas les m\u00eames prestations.<\/p>\n<ul>\n<li>Un lodge est une <strong>tente meubl\u00e9e<\/strong> avec de vrais lits.<\/li>\n<li>Un lodge b\u00e9n\u00e9ficie de <strong>sanitaires priv\u00e9s<\/strong>.<\/li>\n<li>Un lodge offre <strong>plus d&rsquo;espace<\/strong>.<\/li>\n<\/ul>\n<p>Point commun entre le lodge et la tente : la toile !<\/p>\n<h2>Qu&rsquo;est-ce qu&rsquo;un lodge au camping ?<\/h2>\n<p>Une tente lodge est un h\u00e9bergement de camping constitu\u00e9 d\u2019une ossature en bois couverte d\u2019une toile \u00e9paisse. Il fait office de maison, en apportant le confort en pleine nature.<br \/>\nLe lodge se compose de :<\/p>\n<ul>\n<li>une cuisine dot\u00e9e d\u2019<strong>\u00e9lectricit\u00e9 et d&rsquo;eau courante<\/strong> ;<\/li>\n<li>de <strong>chambres spacieuses<\/strong> et s\u00e9par\u00e9es pour toute la famille ;<\/li>\n<li>de <strong>sanitaires priv\u00e9s<\/strong> ;<\/li>\n<li>d\u2019une terrasse priv\u00e9e.<\/li>\n<\/ul>\n<p>Passer des vacances dans un lodge, c\u2019est disposer d\u2019un h\u00e9bergement original rappelant les safaris tout un b\u00e9n\u00e9ficiant d\u2019un maximum de confort.<\/p>\n<h2>Comment r\u00e9server un lodge au camping pour les vacances ?<\/h2>\n<p>De plus en plus pl\u00e9biscit\u00e9s par les familles pour les vacances, de nombreux campings ont install\u00e9 des tentes lodges sur leur terrain. Ces h\u00e9bergements \u00e0 <strong>mi-chemin entre la cabane, le cottage et le bivouac<\/strong> en pleine nature ou en bord de plage rencontrent le succ\u00e8s. Il est donc n\u00e9cessaire de proc\u00e9der \u00e0 la r\u00e9servation de votre s\u00e9jour \u00e0 l\u2019avance pour <strong>b\u00e9n\u00e9ficier des meilleurs tarifs<\/strong> et emplacements.<br \/>\nNotez \u00e9galement que ces lodges sont souvent situ\u00e9s dans des <strong>campings quatre ou cinq \u00e9toiles<\/strong>.<\/p>\n<h2>Quels sont les inconv\u00e9nients du camping en tente lodge ?<\/h2>\n<p>Les inconv\u00e9nients d&rsquo;un lodge sont :<\/p>\n<ul>\n<li>le <strong>manque d&rsquo;isolation<\/strong> ;<\/li>\n<li>les <strong>tarifs \u00e9lev\u00e9s<\/strong> de la location ;<\/li>\n<li>Le<strong> choix restreint des campings<\/strong> proposant des lodges tentes d\u00fb \u00e0 la n\u00e9cessit\u00e9 de disposer d&rsquo;un climat cl\u00e9ment.<\/li>\n<\/ul>\n","protected":false},"excerpt":{"rendered":"<p>Louer en lodge ou partir en camping sous la tente n&rsquo;offre pas les m\u00eames prestations. Un lodge est une tente meubl\u00e9e avec de vrais lits. Un lodge b\u00e9n\u00e9ficie de sanitaires priv\u00e9s. Un lodge offre plus d&rsquo;espace. Point commun entre le lodge et la tente : la toile ! Qu&rsquo;est-ce qu&rsquo;un lodge au camping ? Une [&hellip;]<\/p>\n","protected":false},"author":2,"featured_media":0,"parent":1638,"menu_order":0,"comment_status":"closed","ping_status":"closed","template":"template-twocolumns.php","meta":{"_acf_changed":false,"footnotes":""},"class_list":["post-1747","page","type-page","status-publish","hentry"],"acf":[],"yoast_head":"<!-- This site is optimized with the Yoast SEO plugin v27.1.1 - https:\/\/yoast.com\/product\/yoast-seo-wordpress\/ -->\n<title>Louer en lodge ou partir en camping sous la tente ?<\/title>\n<meta name=\"description\" content=\"FAQ - Louer en lodge ou partir en camping sous la tente ?\" \/>\n<meta name=\"robots\" content=\"index, follow, max-snippet:-1, max-image-preview:large, max-video-preview:-1\" \/>\n<link rel=\"canonical\" href=\"https:\/\/www.campings.com\/fr\/content\/faq-camping\/louer-un-lodge-ou-partir-en-camping\/\" \/>\n<meta property=\"og:locale\" content=\"fr_FR\" \/>\n<meta property=\"og:type\" content=\"article\" \/>\n<meta property=\"og:title\" content=\"Louer en lodge ou partir en camping sous la tente ?\" \/>\n<meta property=\"og:description\" content=\"FAQ - Louer en lodge ou partir en camping sous la tente ?\" \/>\n<meta property=\"og:url\" content=\"https:\/\/www.campings.com\/fr\/content\/faq-camping\/louer-un-lodge-ou-partir-en-camping\/\" \/>\n<meta property=\"article:modified_time\" content=\"2020-02-28T14:38:46+00:00\" \/>\n<meta name=\"twitter:card\" content=\"summary_large_image\" \/>\n<meta name=\"twitter:label1\" content=\"Dur\u00e9e de lecture estim\u00e9e\" \/>\n\t<meta name=\"twitter:data1\" content=\"1 minute\" \/>\n<script type=\"application\/ld+json\" class=\"yoast-schema-graph\">{\"@context\":\"https:\/\/schema.org\",\"@graph\":[{\"@type\":\"WebPage\",\"@id\":\"https:\/\/www.campings.com\/fr\/content\/faq-camping\/louer-un-lodge-ou-partir-en-camping\/\",\"url\":\"https:\/\/www.campings.com\/fr\/content\/faq-camping\/louer-un-lodge-ou-partir-en-camping\/\",\"name\":\"Louer en lodge ou partir en camping sous la tente ?\",\"isPartOf\":{\"@id\":\"https:\/\/www.campings.com\/fr\/content\/#website\"},\"datePublished\":\"2020-02-28T14:38:39+00:00\",\"dateModified\":\"2020-02-28T14:38:46+00:00\",\"description\":\"FAQ - Louer en lodge ou partir en camping sous la tente ?\",\"breadcrumb\":{\"@id\":\"https:\/\/www.campings.com\/fr\/content\/faq-camping\/louer-un-lodge-ou-partir-en-camping\/#breadcrumb\"},\"inLanguage\":\"fr-FR\",\"potentialAction\":[{\"@type\":\"ReadAction\",\"target\":[\"https:\/\/www.campings.com\/fr\/content\/faq-camping\/louer-un-lodge-ou-partir-en-camping\/\"]}]},{\"@type\":\"BreadcrumbList\",\"@id\":\"https:\/\/www.campings.com\/fr\/content\/faq-camping\/louer-un-lodge-ou-partir-en-camping\/#breadcrumb\",\"itemListElement\":[{\"@type\":\"ListItem\",\"position\":1,\"name\":\"Home\",\"item\":\"https:\/\/www.campings.com\/fr\/content\/\"},{\"@type\":\"ListItem\",\"position\":2,\"name\":\"FAQ camping\",\"item\":\"https:\/\/www.campings.com\/fr\/content\/faq-camping\/\"},{\"@type\":\"ListItem\",\"position\":3,\"name\":\"Louer en lodge ou partir en camping sous la tente ?\"}]},{\"@type\":\"WebSite\",\"@id\":\"https:\/\/www.campings.com\/fr\/content\/#website\",\"url\":\"https:\/\/www.campings.com\/fr\/content\/\",\"name\":\"\",\"description\":\"\",\"publisher\":{\"@id\":\"https:\/\/www.campings.com\/fr\/content\/#organization\"},\"potentialAction\":[{\"@type\":\"SearchAction\",\"target\":{\"@type\":\"EntryPoint\",\"urlTemplate\":\"https:\/\/www.campings.com\/fr\/content\/?s={search_term_string}\"},\"query-input\":{\"@type\":\"PropertyValueSpecification\",\"valueRequired\":true,\"valueName\":\"search_term_string\"}}],\"inLanguage\":\"fr-FR\"},{\"@type\":\"Organization\",\"@id\":\"https:\/\/www.campings.com\/fr\/content\/#organization\",\"name\":\"CAMPINGS.COM\",\"url\":\"https:\/\/www.campings.com\/fr\/content\/\",\"logo\":{\"@type\":\"ImageObject\",\"inLanguage\":\"fr-FR\",\"@id\":\"https:\/\/www.campings.com\/fr\/content\/#\/schema\/logo\/image\/\",\"url\":\"https:\/\/www.campings.com\/fr\/content\/wp-content\/uploads\/2019\/01\/cropped-logo-1.png\",\"contentUrl\":\"https:\/\/www.campings.com\/fr\/content\/wp-content\/uploads\/2019\/01\/cropped-logo-1.png\",\"width\":174,\"height\":42,\"caption\":\"CAMPINGS.COM\"},\"image\":{\"@id\":\"https:\/\/www.campings.com\/fr\/content\/#\/schema\/logo\/image\/\"}}]}<\/script>\n<!-- \/ Yoast SEO plugin. -->","yoast_head_json":{"title":"Louer en lodge ou partir en camping sous la tente ?","description":"FAQ - Louer en lodge ou partir en camping sous la tente ?","robots":{"index":"index","follow":"follow","max-snippet":"max-snippet:-1","max-image-preview":"max-image-preview:large","max-video-preview":"max-video-preview:-1"},"canonical":"https:\/\/www.campings.com\/fr\/content\/faq-camping\/louer-un-lodge-ou-partir-en-camping\/","og_locale":"fr_FR","og_type":"article","og_title":"Louer en lodge ou partir en camping sous la tente ?","og_description":"FAQ - Louer en lodge ou partir en camping sous la tente ?","og_url":"https:\/\/www.campings.com\/fr\/content\/faq-camping\/louer-un-lodge-ou-partir-en-camping\/","article_modified_time":"2020-02-28T14:38:46+00:00","twitter_card":"summary_large_image","twitter_misc":{"Dur\u00e9e de lecture estim\u00e9e":"1 minute"},"schema":{"@context":"https:\/\/schema.org","@graph":[{"@type":"WebPage","@id":"https:\/\/www.campings.com\/fr\/content\/faq-camping\/louer-un-lodge-ou-partir-en-camping\/","url":"https:\/\/www.campings.com\/fr\/content\/faq-camping\/louer-un-lodge-ou-partir-en-camping\/","name":"Louer en lodge ou partir en camping sous la tente ?","isPartOf":{"@id":"https:\/\/www.campings.com\/fr\/content\/#website"},"datePublished":"2020-02-28T14:38:39+00:00","dateModified":"2020-02-28T14:38:46+00:00","description":"FAQ - Louer en lodge ou partir en camping sous la tente ?","breadcrumb":{"@id":"https:\/\/www.campings.com\/fr\/content\/faq-camping\/louer-un-lodge-ou-partir-en-camping\/#breadcrumb"},"inLanguage":"fr-FR","potentialAction":[{"@type":"ReadAction","target":["https:\/\/www.campings.com\/fr\/content\/faq-camping\/louer-un-lodge-ou-partir-en-camping\/"]}]},{"@type":"BreadcrumbList","@id":"https:\/\/www.campings.com\/fr\/content\/faq-camping\/louer-un-lodge-ou-partir-en-camping\/#breadcrumb","itemListElement":[{"@type":"ListItem","position":1,"name":"Home","item":"https:\/\/www.campings.com\/fr\/content\/"},{"@type":"ListItem","position":2,"name":"FAQ camping","item":"https:\/\/www.campings.com\/fr\/content\/faq-camping\/"},{"@type":"ListItem","position":3,"name":"Louer en lodge ou partir en camping sous la tente ?"}]},{"@type":"WebSite","@id":"https:\/\/www.campings.com\/fr\/content\/#website","url":"https:\/\/www.campings.com\/fr\/content\/","name":"","description":"","publisher":{"@id":"https:\/\/www.campings.com\/fr\/content\/#organization"},"potentialAction":[{"@type":"SearchAction","target":{"@type":"EntryPoint","urlTemplate":"https:\/\/www.campings.com\/fr\/content\/?s={search_term_string}"},"query-input":{"@type":"PropertyValueSpecification","valueRequired":true,"valueName":"search_term_string"}}],"inLanguage":"fr-FR"},{"@type":"Organization","@id":"https:\/\/www.campings.com\/fr\/content\/#organization","name":"CAMPINGS.COM","url":"https:\/\/www.campings.com\/fr\/content\/","logo":{"@type":"ImageObject","inLanguage":"fr-FR","@id":"https:\/\/www.campings.com\/fr\/content\/#\/schema\/logo\/image\/","url":"https:\/\/www.campings.com\/fr\/content\/wp-content\/uploads\/2019\/01\/cropped-logo-1.png","contentUrl":"https:\/\/www.campings.com\/fr\/content\/wp-content\/uploads\/2019\/01\/cropped-logo-1.png","width":174,"height":42,"caption":"CAMPINGS.COM"},"image":{"@id":"https:\/\/www.campings.com\/fr\/content\/#\/schema\/logo\/image\/"}}]}},"_links":{"self":[{"href":"https:\/\/www.campings.com\/fr\/content\/wp-json\/wp\/v2\/pages\/1747","targetHints":{"allow":["GET"]}}],"collection":[{"href":"https:\/\/www.campings.com\/fr\/content\/wp-json\/wp\/v2\/pages"}],"about":[{"href":"https:\/\/www.campings.com\/fr\/content\/wp-json\/wp\/v2\/types\/page"}],"author":[{"embeddable":true,"href":"https:\/\/www.campings.com\/fr\/content\/wp-json\/wp\/v2\/users\/2"}],"replies":[{"embeddable":true,"href":"https:\/\/www.campings.com\/fr\/content\/wp-json\/wp\/v2\/comments?post=1747"}],"version-history":[{"count":1,"href":"https:\/\/www.campings.com\/fr\/content\/wp-json\/wp\/v2\/pages\/1747\/revisions"}],"predecessor-version":[{"id":1748,"href":"https:\/\/www.campings.com\/fr\/content\/wp-json\/wp\/v2\/pages\/1747\/revisions\/1748"}],"up":[{"embeddable":true,"href":"https:\/\/www.campings.com\/fr\/content\/wp-json\/wp\/v2\/pages\/1638"}],"wp:attachment":[{"href":"https:\/\/www.campings.com\/fr\/content\/wp-json\/wp\/v2\/media?parent=1747"}],"curies":[{"name":"wp","href":"https:\/\/api.w.org\/{rel}","templated":true}]}}