{"id":1745,"date":"2020-02-28T14:37:53","date_gmt":"2020-02-28T14:37:53","guid":{"rendered":"https:\/\/www.campings.com\/fr\/content\/?page_id=1745"},"modified":"2020-02-28T14:38:00","modified_gmt":"2020-02-28T14:38:00","slug":"est-ce-qu-une-yourte-est-plus-confortable-qu-une-tente","status":"publish","type":"page","link":"https:\/\/www.campings.com\/fr\/content\/faq-camping\/est-ce-qu-une-yourte-est-plus-confortable-qu-une-tente\/","title":{"rendered":"Est-ce qu&rsquo;une yourte est plus confortable qu&rsquo;une tente ?"},"content":{"rendered":"<p>La yourte mongole est un habitat traditionnel qui peut sembler plus confortable qu&rsquo;une tente classique de <a href=\"https:\/\/www.campings.com\/fr\/content\/tout-savoir-sur-le-camping\/faq-camping\/\">camping<\/a>. Mais pour savoir pr\u00e9cis\u00e9ment si une yourte est plus confortable qu&rsquo;une tente, il faut s&rsquo;attarder sur<strong> les diff\u00e9rents styles de yourtes et de tentes.<\/strong><\/p>\n<h2>Le confort de la yourte \u00e9gale-t-il celui de la tente ?<\/h2>\n<p>Nous vous proposons de d\u00e9couvrir les diff\u00e9rences fondamentales ainsi que les \u00e9volutions de ces deux h\u00e9bergements :<\/p>\n<ul>\n<li>La premi\u00e8re tente de camping est facilement reconnaissable : c&rsquo;est une toile couvrant une armature rigide. Sans eau ni \u00e9lectricit\u00e9, il suffit d&rsquo;installer un tapis de sol avant de se coucher. Loin du confort d&rsquo;une maison<strong>, l&rsquo;h\u00e9bergement en tente<\/strong> permet cependant de se d\u00e9placer facilement.<\/li>\n<li>D\u00e9sormais, il est possible de trouver d&rsquo;autres types de tentes : la tente safari ou la tente canadienne par exemple. Ces<strong> tentes modernes <\/strong>sont des h\u00e9bergements disposant d&rsquo;un grand confort, d&rsquo;un v\u00e9ritable plancher et d&rsquo;une armature en bois. Il est ainsi possible de faire la cuisine \u00e0 l&rsquo;int\u00e9rieur de la tente.<\/li>\n<li>De son c\u00f4t\u00e9, <strong>la yourte mongole se compose d&rsquo;un plancher, d&rsquo;une armature en bois <\/strong>ainsi que d&rsquo;une toile. Elle est donc plus confortable qu&rsquo;une tente traditionnelle. L&rsquo;int\u00e9rieur de la yourte varie en fonction des mod\u00e8les : certaines yourtes respectent l&rsquo;am\u00e9nagement des yourtes mongoles tandis que d&rsquo;autres offrent tout le confort n\u00e9cessaire avec cuisine et salle d&rsquo;eau.<\/li>\n<\/ul>\n<p>Si la yourte est plus confortable qu&rsquo;une tente classique, son niveau de confort peut \u00e9galer celui propos\u00e9 par une tente moderne. Les mat\u00e9riaux de construction et les am\u00e9nagements int\u00e9rieurs ont \u00e9volu\u00e9 pour ces deux types d&rsquo;h\u00e9bergements, offrant <strong>un niveau de confort identique <\/strong>\u00e0 tous les vacanciers.<\/p>\n","protected":false},"excerpt":{"rendered":"<p>La yourte mongole est un habitat traditionnel qui peut sembler plus confortable qu&rsquo;une tente classique de camping. Mais pour savoir pr\u00e9cis\u00e9ment si une yourte est plus confortable qu&rsquo;une tente, il faut s&rsquo;attarder sur les diff\u00e9rents styles de yourtes et de tentes. Le confort de la yourte \u00e9gale-t-il celui de la tente ? Nous vous proposons [&hellip;]<\/p>\n","protected":false},"author":2,"featured_media":0,"parent":1638,"menu_order":0,"comment_status":"closed","ping_status":"closed","template":"template-twocolumns.php","meta":{"_acf_changed":false,"footnotes":""},"class_list":["post-1745","page","type-page","status-publish","hentry"],"acf":[],"yoast_head":"<!-- This site is optimized with the Yoast SEO plugin v27.1.1 - https:\/\/yoast.com\/product\/yoast-seo-wordpress\/ -->\n<title>Est-ce qu&#039;une yourte est plus confortable qu&#039;une tente ?<\/title>\n<meta name=\"description\" content=\"FAQ - Est-ce qu&#039;une yourte est plus confortable qu&#039;une tente ?\" \/>\n<meta name=\"robots\" content=\"index, follow, max-snippet:-1, max-image-preview:large, max-video-preview:-1\" \/>\n<link rel=\"canonical\" href=\"https:\/\/www.campings.com\/fr\/content\/faq-camping\/est-ce-qu-une-yourte-est-plus-confortable-qu-une-tente\/\" \/>\n<meta property=\"og:locale\" content=\"fr_FR\" \/>\n<meta property=\"og:type\" content=\"article\" \/>\n<meta property=\"og:title\" content=\"Est-ce qu&#039;une yourte est plus confortable qu&#039;une tente ?\" \/>\n<meta property=\"og:description\" content=\"FAQ - Est-ce qu&#039;une yourte est plus confortable qu&#039;une tente ?\" \/>\n<meta property=\"og:url\" content=\"https:\/\/www.campings.com\/fr\/content\/faq-camping\/est-ce-qu-une-yourte-est-plus-confortable-qu-une-tente\/\" \/>\n<meta property=\"article:modified_time\" content=\"2020-02-28T14:38:00+00:00\" \/>\n<meta name=\"twitter:card\" content=\"summary_large_image\" \/>\n<meta name=\"twitter:label1\" content=\"Dur\u00e9e de lecture estim\u00e9e\" \/>\n\t<meta name=\"twitter:data1\" content=\"1 minute\" \/>\n<script type=\"application\/ld+json\" class=\"yoast-schema-graph\">{\"@context\":\"https:\/\/schema.org\",\"@graph\":[{\"@type\":\"WebPage\",\"@id\":\"https:\/\/www.campings.com\/fr\/content\/faq-camping\/est-ce-qu-une-yourte-est-plus-confortable-qu-une-tente\/\",\"url\":\"https:\/\/www.campings.com\/fr\/content\/faq-camping\/est-ce-qu-une-yourte-est-plus-confortable-qu-une-tente\/\",\"name\":\"Est-ce qu'une yourte est plus confortable qu'une tente ?\",\"isPartOf\":{\"@id\":\"https:\/\/www.campings.com\/fr\/content\/#website\"},\"datePublished\":\"2020-02-28T14:37:53+00:00\",\"dateModified\":\"2020-02-28T14:38:00+00:00\",\"description\":\"FAQ - Est-ce qu'une yourte est plus confortable qu'une tente ?\",\"breadcrumb\":{\"@id\":\"https:\/\/www.campings.com\/fr\/content\/faq-camping\/est-ce-qu-une-yourte-est-plus-confortable-qu-une-tente\/#breadcrumb\"},\"inLanguage\":\"fr-FR\",\"potentialAction\":[{\"@type\":\"ReadAction\",\"target\":[\"https:\/\/www.campings.com\/fr\/content\/faq-camping\/est-ce-qu-une-yourte-est-plus-confortable-qu-une-tente\/\"]}]},{\"@type\":\"BreadcrumbList\",\"@id\":\"https:\/\/www.campings.com\/fr\/content\/faq-camping\/est-ce-qu-une-yourte-est-plus-confortable-qu-une-tente\/#breadcrumb\",\"itemListElement\":[{\"@type\":\"ListItem\",\"position\":1,\"name\":\"Home\",\"item\":\"https:\/\/www.campings.com\/fr\/content\/\"},{\"@type\":\"ListItem\",\"position\":2,\"name\":\"FAQ camping\",\"item\":\"https:\/\/www.campings.com\/fr\/content\/faq-camping\/\"},{\"@type\":\"ListItem\",\"position\":3,\"name\":\"Est-ce qu&rsquo;une yourte est plus confortable qu&rsquo;une tente ?\"}]},{\"@type\":\"WebSite\",\"@id\":\"https:\/\/www.campings.com\/fr\/content\/#website\",\"url\":\"https:\/\/www.campings.com\/fr\/content\/\",\"name\":\"\",\"description\":\"\",\"publisher\":{\"@id\":\"https:\/\/www.campings.com\/fr\/content\/#organization\"},\"potentialAction\":[{\"@type\":\"SearchAction\",\"target\":{\"@type\":\"EntryPoint\",\"urlTemplate\":\"https:\/\/www.campings.com\/fr\/content\/?s={search_term_string}\"},\"query-input\":{\"@type\":\"PropertyValueSpecification\",\"valueRequired\":true,\"valueName\":\"search_term_string\"}}],\"inLanguage\":\"fr-FR\"},{\"@type\":\"Organization\",\"@id\":\"https:\/\/www.campings.com\/fr\/content\/#organization\",\"name\":\"CAMPINGS.COM\",\"url\":\"https:\/\/www.campings.com\/fr\/content\/\",\"logo\":{\"@type\":\"ImageObject\",\"inLanguage\":\"fr-FR\",\"@id\":\"https:\/\/www.campings.com\/fr\/content\/#\/schema\/logo\/image\/\",\"url\":\"https:\/\/www.campings.com\/fr\/content\/wp-content\/uploads\/2019\/01\/cropped-logo-1.png\",\"contentUrl\":\"https:\/\/www.campings.com\/fr\/content\/wp-content\/uploads\/2019\/01\/cropped-logo-1.png\",\"width\":174,\"height\":42,\"caption\":\"CAMPINGS.COM\"},\"image\":{\"@id\":\"https:\/\/www.campings.com\/fr\/content\/#\/schema\/logo\/image\/\"}}]}<\/script>\n<!-- \/ Yoast SEO plugin. -->","yoast_head_json":{"title":"Est-ce qu'une yourte est plus confortable qu'une tente ?","description":"FAQ - Est-ce qu'une yourte est plus confortable qu'une tente ?","robots":{"index":"index","follow":"follow","max-snippet":"max-snippet:-1","max-image-preview":"max-image-preview:large","max-video-preview":"max-video-preview:-1"},"canonical":"https:\/\/www.campings.com\/fr\/content\/faq-camping\/est-ce-qu-une-yourte-est-plus-confortable-qu-une-tente\/","og_locale":"fr_FR","og_type":"article","og_title":"Est-ce qu'une yourte est plus confortable qu'une tente ?","og_description":"FAQ - Est-ce qu'une yourte est plus confortable qu'une tente ?","og_url":"https:\/\/www.campings.com\/fr\/content\/faq-camping\/est-ce-qu-une-yourte-est-plus-confortable-qu-une-tente\/","article_modified_time":"2020-02-28T14:38:00+00:00","twitter_card":"summary_large_image","twitter_misc":{"Dur\u00e9e de lecture estim\u00e9e":"1 minute"},"schema":{"@context":"https:\/\/schema.org","@graph":[{"@type":"WebPage","@id":"https:\/\/www.campings.com\/fr\/content\/faq-camping\/est-ce-qu-une-yourte-est-plus-confortable-qu-une-tente\/","url":"https:\/\/www.campings.com\/fr\/content\/faq-camping\/est-ce-qu-une-yourte-est-plus-confortable-qu-une-tente\/","name":"Est-ce qu'une yourte est plus confortable qu'une tente ?","isPartOf":{"@id":"https:\/\/www.campings.com\/fr\/content\/#website"},"datePublished":"2020-02-28T14:37:53+00:00","dateModified":"2020-02-28T14:38:00+00:00","description":"FAQ - Est-ce qu'une yourte est plus confortable qu'une tente ?","breadcrumb":{"@id":"https:\/\/www.campings.com\/fr\/content\/faq-camping\/est-ce-qu-une-yourte-est-plus-confortable-qu-une-tente\/#breadcrumb"},"inLanguage":"fr-FR","potentialAction":[{"@type":"ReadAction","target":["https:\/\/www.campings.com\/fr\/content\/faq-camping\/est-ce-qu-une-yourte-est-plus-confortable-qu-une-tente\/"]}]},{"@type":"BreadcrumbList","@id":"https:\/\/www.campings.com\/fr\/content\/faq-camping\/est-ce-qu-une-yourte-est-plus-confortable-qu-une-tente\/#breadcrumb","itemListElement":[{"@type":"ListItem","position":1,"name":"Home","item":"https:\/\/www.campings.com\/fr\/content\/"},{"@type":"ListItem","position":2,"name":"FAQ camping","item":"https:\/\/www.campings.com\/fr\/content\/faq-camping\/"},{"@type":"ListItem","position":3,"name":"Est-ce qu&rsquo;une yourte est plus confortable qu&rsquo;une tente ?"}]},{"@type":"WebSite","@id":"https:\/\/www.campings.com\/fr\/content\/#website","url":"https:\/\/www.campings.com\/fr\/content\/","name":"","description":"","publisher":{"@id":"https:\/\/www.campings.com\/fr\/content\/#organization"},"potentialAction":[{"@type":"SearchAction","target":{"@type":"EntryPoint","urlTemplate":"https:\/\/www.campings.com\/fr\/content\/?s={search_term_string}"},"query-input":{"@type":"PropertyValueSpecification","valueRequired":true,"valueName":"search_term_string"}}],"inLanguage":"fr-FR"},{"@type":"Organization","@id":"https:\/\/www.campings.com\/fr\/content\/#organization","name":"CAMPINGS.COM","url":"https:\/\/www.campings.com\/fr\/content\/","logo":{"@type":"ImageObject","inLanguage":"fr-FR","@id":"https:\/\/www.campings.com\/fr\/content\/#\/schema\/logo\/image\/","url":"https:\/\/www.campings.com\/fr\/content\/wp-content\/uploads\/2019\/01\/cropped-logo-1.png","contentUrl":"https:\/\/www.campings.com\/fr\/content\/wp-content\/uploads\/2019\/01\/cropped-logo-1.png","width":174,"height":42,"caption":"CAMPINGS.COM"},"image":{"@id":"https:\/\/www.campings.com\/fr\/content\/#\/schema\/logo\/image\/"}}]}},"_links":{"self":[{"href":"https:\/\/www.campings.com\/fr\/content\/wp-json\/wp\/v2\/pages\/1745","targetHints":{"allow":["GET"]}}],"collection":[{"href":"https:\/\/www.campings.com\/fr\/content\/wp-json\/wp\/v2\/pages"}],"about":[{"href":"https:\/\/www.campings.com\/fr\/content\/wp-json\/wp\/v2\/types\/page"}],"author":[{"embeddable":true,"href":"https:\/\/www.campings.com\/fr\/content\/wp-json\/wp\/v2\/users\/2"}],"replies":[{"embeddable":true,"href":"https:\/\/www.campings.com\/fr\/content\/wp-json\/wp\/v2\/comments?post=1745"}],"version-history":[{"count":1,"href":"https:\/\/www.campings.com\/fr\/content\/wp-json\/wp\/v2\/pages\/1745\/revisions"}],"predecessor-version":[{"id":1746,"href":"https:\/\/www.campings.com\/fr\/content\/wp-json\/wp\/v2\/pages\/1745\/revisions\/1746"}],"up":[{"embeddable":true,"href":"https:\/\/www.campings.com\/fr\/content\/wp-json\/wp\/v2\/pages\/1638"}],"wp:attachment":[{"href":"https:\/\/www.campings.com\/fr\/content\/wp-json\/wp\/v2\/media?parent=1745"}],"curies":[{"name":"wp","href":"https:\/\/api.w.org\/{rel}","templated":true}]}}