{"id":1737,"date":"2020-02-28T14:34:48","date_gmt":"2020-02-28T14:34:48","guid":{"rendered":"https:\/\/www.campings.com\/fr\/content\/?page_id=1737"},"modified":"2020-02-28T14:34:54","modified_gmt":"2020-02-28T14:34:54","slug":"comment-changer-sa-bouteille-de-gaz-en-camping","status":"publish","type":"page","link":"https:\/\/www.campings.com\/fr\/content\/faq-camping\/comment-changer-sa-bouteille-de-gaz-en-camping\/","title":{"rendered":"Comment changer sa bouteille de gaz en camping ?"},"content":{"rendered":"<p><strong>Changer sa bouteille de gaz en <a href=\"https:\/\/www.campings.com\/fr\/content\/tout-savoir-sur-le-camping\/faq-camping\/\">camping<\/a> est facile<\/strong>. Si l\u2019op\u00e9ration ne demande aucune exigence particuli\u00e8re, vous devez cependant vous munir :<\/p>\n<ul>\n<li>d&rsquo;un <strong>d\u00e9tendeur adapt\u00e9<\/strong> \u00e0 la bouteille de gaz ;<\/li>\n<li>d&rsquo;un <strong>joint de raccordement<\/strong> neuf ;<\/li>\n<li>d&rsquo;un <strong>tuyau de raccordement<\/strong> neuf (si besoin) adapt\u00e9 \u00e0 la nouvelle bouteille de gaz.<\/li>\n<\/ul>\n<h2>Comment changer sa bouteille de gaz vide au camping ?<\/h2>\n<p>Voici la proc\u00e9dure pour changer une bouteille de gaz propane ou butane vide et la remplacer par une nouvelle au camping.<\/p>\n<ol>\n<li>Enlevez la bouteille vide de son emplacement.<\/li>\n<li>Coupez le robinet du gaz.<\/li>\n<li>D\u00e9vissez la lyre (le raccord) entre le d\u00e9tendeur et la bouteille.<\/li>\n<li><strong>V\u00e9rifiez la date inscrite sur le tuyau de gaz et son \u00e9tat g\u00e9n\u00e9ral.<\/strong><\/li>\n<li><strong>Changez le joint de raccordement<\/strong> pour des questions de s\u00e9curit\u00e9.<\/li>\n<li>Fixez le flexible \u00e0 la bouteille de gaz.<\/li>\n<li>Enlevez les protections de s\u00e9curit\u00e9 de la nouvelle bouteille.<\/li>\n<li>Raccordez le flexible au d\u00e9tendeur, puis le d\u00e9tendeur sur le robinet de gaz.<\/li>\n<li>Appuyez sur le bouton-poussoir pour armer le d\u00e9tendeur.<\/li>\n<li>Ouvrez progressivement le robinet de la bouteille de gaz.<\/li>\n<\/ol>\n<p>Il est important de <strong>v\u00e9rifier l\u2019\u00e9tanch\u00e9it\u00e9 de votre syst\u00e8me<\/strong>. Utilisez un liquide savonneux ou un produit sp\u00e9cifique. Si aucune bulle n\u2019appara\u00eet, tout est en ordre.<\/p>\n<h2>Que faire de sa bouteille de gaz vide au camping ?<\/h2>\n<p><strong>Votre bouteille est consign\u00e9e<\/strong> : ramenez-la aupr\u00e8s de votre point de vente. Elle vous sera \u00e9chang\u00e9e contre une bouteille pleine ou un remboursement.<strong>Votre bouteille n\u2019est pas consign\u00e9e<\/strong> : d\u00e9posez-la aupr\u00e8s d\u2019un revendeur agr\u00e9\u00e9 pour qu\u2019elle soit recycl\u00e9e.<strong>Dans le cas des petites bouteilles<\/strong> : jetez-les \u00e0 la d\u00e9chetterie dans le conteneur \u00e0 emballages en m\u00e9tal.<\/p>\n","protected":false},"excerpt":{"rendered":"<p>Changer sa bouteille de gaz en camping est facile. Si l\u2019op\u00e9ration ne demande aucune exigence particuli\u00e8re, vous devez cependant vous munir : d&rsquo;un d\u00e9tendeur adapt\u00e9 \u00e0 la bouteille de gaz ; d&rsquo;un joint de raccordement neuf ; d&rsquo;un tuyau de raccordement neuf (si besoin) adapt\u00e9 \u00e0 la nouvelle bouteille de gaz. Comment changer sa bouteille [&hellip;]<\/p>\n","protected":false},"author":2,"featured_media":0,"parent":1638,"menu_order":0,"comment_status":"closed","ping_status":"closed","template":"template-twocolumns.php","meta":{"_acf_changed":false,"footnotes":""},"class_list":["post-1737","page","type-page","status-publish","hentry"],"acf":[],"yoast_head":"<!-- This site is optimized with the Yoast SEO plugin v27.1.1 - https:\/\/yoast.com\/product\/yoast-seo-wordpress\/ -->\n<title>Comment changer sa bouteille de gaz en camping ?<\/title>\n<meta name=\"description\" content=\"FAQ - Comment changer sa bouteille de gaz en camping ?\" \/>\n<meta name=\"robots\" content=\"index, follow, max-snippet:-1, max-image-preview:large, max-video-preview:-1\" \/>\n<link rel=\"canonical\" href=\"https:\/\/www.campings.com\/fr\/content\/faq-camping\/comment-changer-sa-bouteille-de-gaz-en-camping\/\" \/>\n<meta property=\"og:locale\" content=\"fr_FR\" \/>\n<meta property=\"og:type\" content=\"article\" \/>\n<meta property=\"og:title\" content=\"Comment changer sa bouteille de gaz en camping ?\" \/>\n<meta property=\"og:description\" content=\"FAQ - Comment changer sa bouteille de gaz en camping ?\" \/>\n<meta property=\"og:url\" content=\"https:\/\/www.campings.com\/fr\/content\/faq-camping\/comment-changer-sa-bouteille-de-gaz-en-camping\/\" \/>\n<meta property=\"article:modified_time\" content=\"2020-02-28T14:34:54+00:00\" \/>\n<meta name=\"twitter:card\" content=\"summary_large_image\" \/>\n<meta name=\"twitter:label1\" content=\"Dur\u00e9e de lecture estim\u00e9e\" \/>\n\t<meta name=\"twitter:data1\" content=\"1 minute\" \/>\n<script type=\"application\/ld+json\" class=\"yoast-schema-graph\">{\"@context\":\"https:\/\/schema.org\",\"@graph\":[{\"@type\":\"WebPage\",\"@id\":\"https:\/\/www.campings.com\/fr\/content\/faq-camping\/comment-changer-sa-bouteille-de-gaz-en-camping\/\",\"url\":\"https:\/\/www.campings.com\/fr\/content\/faq-camping\/comment-changer-sa-bouteille-de-gaz-en-camping\/\",\"name\":\"Comment changer sa bouteille de gaz en camping ?\",\"isPartOf\":{\"@id\":\"https:\/\/www.campings.com\/fr\/content\/#website\"},\"datePublished\":\"2020-02-28T14:34:48+00:00\",\"dateModified\":\"2020-02-28T14:34:54+00:00\",\"description\":\"FAQ - Comment changer sa bouteille de gaz en camping ?\",\"breadcrumb\":{\"@id\":\"https:\/\/www.campings.com\/fr\/content\/faq-camping\/comment-changer-sa-bouteille-de-gaz-en-camping\/#breadcrumb\"},\"inLanguage\":\"fr-FR\",\"potentialAction\":[{\"@type\":\"ReadAction\",\"target\":[\"https:\/\/www.campings.com\/fr\/content\/faq-camping\/comment-changer-sa-bouteille-de-gaz-en-camping\/\"]}]},{\"@type\":\"BreadcrumbList\",\"@id\":\"https:\/\/www.campings.com\/fr\/content\/faq-camping\/comment-changer-sa-bouteille-de-gaz-en-camping\/#breadcrumb\",\"itemListElement\":[{\"@type\":\"ListItem\",\"position\":1,\"name\":\"Home\",\"item\":\"https:\/\/www.campings.com\/fr\/content\/\"},{\"@type\":\"ListItem\",\"position\":2,\"name\":\"FAQ camping\",\"item\":\"https:\/\/www.campings.com\/fr\/content\/faq-camping\/\"},{\"@type\":\"ListItem\",\"position\":3,\"name\":\"Comment changer sa bouteille de gaz en camping ?\"}]},{\"@type\":\"WebSite\",\"@id\":\"https:\/\/www.campings.com\/fr\/content\/#website\",\"url\":\"https:\/\/www.campings.com\/fr\/content\/\",\"name\":\"\",\"description\":\"\",\"publisher\":{\"@id\":\"https:\/\/www.campings.com\/fr\/content\/#organization\"},\"potentialAction\":[{\"@type\":\"SearchAction\",\"target\":{\"@type\":\"EntryPoint\",\"urlTemplate\":\"https:\/\/www.campings.com\/fr\/content\/?s={search_term_string}\"},\"query-input\":{\"@type\":\"PropertyValueSpecification\",\"valueRequired\":true,\"valueName\":\"search_term_string\"}}],\"inLanguage\":\"fr-FR\"},{\"@type\":\"Organization\",\"@id\":\"https:\/\/www.campings.com\/fr\/content\/#organization\",\"name\":\"CAMPINGS.COM\",\"url\":\"https:\/\/www.campings.com\/fr\/content\/\",\"logo\":{\"@type\":\"ImageObject\",\"inLanguage\":\"fr-FR\",\"@id\":\"https:\/\/www.campings.com\/fr\/content\/#\/schema\/logo\/image\/\",\"url\":\"https:\/\/www.campings.com\/fr\/content\/wp-content\/uploads\/2019\/01\/cropped-logo-1.png\",\"contentUrl\":\"https:\/\/www.campings.com\/fr\/content\/wp-content\/uploads\/2019\/01\/cropped-logo-1.png\",\"width\":174,\"height\":42,\"caption\":\"CAMPINGS.COM\"},\"image\":{\"@id\":\"https:\/\/www.campings.com\/fr\/content\/#\/schema\/logo\/image\/\"}}]}<\/script>\n<!-- \/ Yoast SEO plugin. -->","yoast_head_json":{"title":"Comment changer sa bouteille de gaz en camping ?","description":"FAQ - Comment changer sa bouteille de gaz en camping ?","robots":{"index":"index","follow":"follow","max-snippet":"max-snippet:-1","max-image-preview":"max-image-preview:large","max-video-preview":"max-video-preview:-1"},"canonical":"https:\/\/www.campings.com\/fr\/content\/faq-camping\/comment-changer-sa-bouteille-de-gaz-en-camping\/","og_locale":"fr_FR","og_type":"article","og_title":"Comment changer sa bouteille de gaz en camping ?","og_description":"FAQ - Comment changer sa bouteille de gaz en camping ?","og_url":"https:\/\/www.campings.com\/fr\/content\/faq-camping\/comment-changer-sa-bouteille-de-gaz-en-camping\/","article_modified_time":"2020-02-28T14:34:54+00:00","twitter_card":"summary_large_image","twitter_misc":{"Dur\u00e9e de lecture estim\u00e9e":"1 minute"},"schema":{"@context":"https:\/\/schema.org","@graph":[{"@type":"WebPage","@id":"https:\/\/www.campings.com\/fr\/content\/faq-camping\/comment-changer-sa-bouteille-de-gaz-en-camping\/","url":"https:\/\/www.campings.com\/fr\/content\/faq-camping\/comment-changer-sa-bouteille-de-gaz-en-camping\/","name":"Comment changer sa bouteille de gaz en camping ?","isPartOf":{"@id":"https:\/\/www.campings.com\/fr\/content\/#website"},"datePublished":"2020-02-28T14:34:48+00:00","dateModified":"2020-02-28T14:34:54+00:00","description":"FAQ - Comment changer sa bouteille de gaz en camping ?","breadcrumb":{"@id":"https:\/\/www.campings.com\/fr\/content\/faq-camping\/comment-changer-sa-bouteille-de-gaz-en-camping\/#breadcrumb"},"inLanguage":"fr-FR","potentialAction":[{"@type":"ReadAction","target":["https:\/\/www.campings.com\/fr\/content\/faq-camping\/comment-changer-sa-bouteille-de-gaz-en-camping\/"]}]},{"@type":"BreadcrumbList","@id":"https:\/\/www.campings.com\/fr\/content\/faq-camping\/comment-changer-sa-bouteille-de-gaz-en-camping\/#breadcrumb","itemListElement":[{"@type":"ListItem","position":1,"name":"Home","item":"https:\/\/www.campings.com\/fr\/content\/"},{"@type":"ListItem","position":2,"name":"FAQ camping","item":"https:\/\/www.campings.com\/fr\/content\/faq-camping\/"},{"@type":"ListItem","position":3,"name":"Comment changer sa bouteille de gaz en camping ?"}]},{"@type":"WebSite","@id":"https:\/\/www.campings.com\/fr\/content\/#website","url":"https:\/\/www.campings.com\/fr\/content\/","name":"","description":"","publisher":{"@id":"https:\/\/www.campings.com\/fr\/content\/#organization"},"potentialAction":[{"@type":"SearchAction","target":{"@type":"EntryPoint","urlTemplate":"https:\/\/www.campings.com\/fr\/content\/?s={search_term_string}"},"query-input":{"@type":"PropertyValueSpecification","valueRequired":true,"valueName":"search_term_string"}}],"inLanguage":"fr-FR"},{"@type":"Organization","@id":"https:\/\/www.campings.com\/fr\/content\/#organization","name":"CAMPINGS.COM","url":"https:\/\/www.campings.com\/fr\/content\/","logo":{"@type":"ImageObject","inLanguage":"fr-FR","@id":"https:\/\/www.campings.com\/fr\/content\/#\/schema\/logo\/image\/","url":"https:\/\/www.campings.com\/fr\/content\/wp-content\/uploads\/2019\/01\/cropped-logo-1.png","contentUrl":"https:\/\/www.campings.com\/fr\/content\/wp-content\/uploads\/2019\/01\/cropped-logo-1.png","width":174,"height":42,"caption":"CAMPINGS.COM"},"image":{"@id":"https:\/\/www.campings.com\/fr\/content\/#\/schema\/logo\/image\/"}}]}},"_links":{"self":[{"href":"https:\/\/www.campings.com\/fr\/content\/wp-json\/wp\/v2\/pages\/1737","targetHints":{"allow":["GET"]}}],"collection":[{"href":"https:\/\/www.campings.com\/fr\/content\/wp-json\/wp\/v2\/pages"}],"about":[{"href":"https:\/\/www.campings.com\/fr\/content\/wp-json\/wp\/v2\/types\/page"}],"author":[{"embeddable":true,"href":"https:\/\/www.campings.com\/fr\/content\/wp-json\/wp\/v2\/users\/2"}],"replies":[{"embeddable":true,"href":"https:\/\/www.campings.com\/fr\/content\/wp-json\/wp\/v2\/comments?post=1737"}],"version-history":[{"count":1,"href":"https:\/\/www.campings.com\/fr\/content\/wp-json\/wp\/v2\/pages\/1737\/revisions"}],"predecessor-version":[{"id":1738,"href":"https:\/\/www.campings.com\/fr\/content\/wp-json\/wp\/v2\/pages\/1737\/revisions\/1738"}],"up":[{"embeddable":true,"href":"https:\/\/www.campings.com\/fr\/content\/wp-json\/wp\/v2\/pages\/1638"}],"wp:attachment":[{"href":"https:\/\/www.campings.com\/fr\/content\/wp-json\/wp\/v2\/media?parent=1737"}],"curies":[{"name":"wp","href":"https:\/\/api.w.org\/{rel}","templated":true}]}}