{"id":1735,"date":"2020-02-28T14:33:52","date_gmt":"2020-02-28T14:33:52","guid":{"rendered":"https:\/\/www.campings.com\/fr\/content\/?page_id=1735"},"modified":"2020-02-28T14:34:00","modified_gmt":"2020-02-28T14:34:00","slug":"quel-gaz-choisir-pour-du-camping","status":"publish","type":"page","link":"https:\/\/www.campings.com\/fr\/content\/faq-camping\/quel-gaz-choisir-pour-du-camping\/","title":{"rendered":"Quel gaz choisir pour du camping ?"},"content":{"rendered":"<p>Vous avez le choix entre deux types de gaz pour faire du <a href=\"https:\/\/www.campings.com\/fr\/content\/tout-savoir-sur-le-camping\/faq-camping\/\">camping<\/a> :<\/p>\n<ol>\n<li><strong>Butane<\/strong> : son utilisation est impossible sous 0\u00b0. La bouteille de gaz peut \u00eatre stock\u00e9e \u00e0 l&rsquo;int\u00e9rieur.<\/li>\n<li><strong>Propane<\/strong> : la bouteille doit \u00eatre stock\u00e9e dans un endroit \u00e9tanche \u00e0 l&rsquo;ext\u00e9rieur et peut \u00eatre utilis\u00e9e sous des temp\u00e9ratures n\u00e9gatives.<\/li>\n<\/ol>\n<h2>Pourquoi utiliser du gaz au camping ?<\/h2>\n<p>L\u2019utilisation du gaz en camping est multiple. Sous une tente, en Mobil home ou dans un camping, car, votre bouteille de gaz assure <strong>une multitude de services<\/strong> :<\/p>\n<ul>\n<li>la cuisson en cuisine avec un r\u00e9chaud \u00e0 gaz ou pour les plaques ;<\/li>\n<li>le chauffage ;<\/li>\n<li>la climatisation ;<\/li>\n<li>le barbecue au gaz ou la plancha ;<\/li>\n<li>le r\u00e9frig\u00e9rateur ;<\/li>\n<li>la production d\u2019eau chaude.<\/li>\n<\/ul>\n<p>Le gaz est indispensable pour votre s\u00e9jour en camping. Soyez <strong>vigilant quant \u00e0 la s\u00e9curit\u00e9<\/strong> de votre installation de gaz.<\/p>\n<h2>Quels sont les avantages des cartouches de gaz pour r\u00e9chauds ?<\/h2>\n<p>Compar\u00e9es aux bouteilles de gaz de 13 kg, les cartouches type Camping Gaz sont incontournables pour des s\u00e9jours en camping. Elles pr\u00e9sentent l\u2019avantage d\u2019\u00eatre <strong>compactes et l\u00e9g\u00e8res<\/strong>. Outre le poids, elles s\u2019installent sur tous les types de r\u00e9chauds de camping. Deux mod\u00e8les sont disponibles :<\/p>\n<ul>\n<li><strong>Cartouche de gaz \u00e0 valve<\/strong> : permet de retirer la petite bouteille m\u00eame si elle n\u2019est pas termin\u00e9e.<\/li>\n<li><strong>Cartouche de gaz per\u00e7able<\/strong> : elle oblige de vider la bouteille avant d\u2019\u00eatre enlev\u00e9e.<\/li>\n<\/ul>\n<p>En revanche, l\u2019<strong>autonomie des cartouches <\/strong>n\u2019atteint pas celle des bouteilles de gaz de 13 kg : quelques jours de vacances pour les plus l\u00e9g\u00e8res contre <strong>3 \u00e0 4 semaines en \u00e9t\u00e9<\/strong> (1 semaine en hiver avec le chauffage) pour les grosses bouteilles de butane ou de propane.<\/p>\n","protected":false},"excerpt":{"rendered":"<p>Vous avez le choix entre deux types de gaz pour faire du camping : Butane : son utilisation est impossible sous 0\u00b0. La bouteille de gaz peut \u00eatre stock\u00e9e \u00e0 l&rsquo;int\u00e9rieur. Propane : la bouteille doit \u00eatre stock\u00e9e dans un endroit \u00e9tanche \u00e0 l&rsquo;ext\u00e9rieur et peut \u00eatre utilis\u00e9e sous des temp\u00e9ratures n\u00e9gatives. Pourquoi utiliser du [&hellip;]<\/p>\n","protected":false},"author":2,"featured_media":0,"parent":1638,"menu_order":0,"comment_status":"closed","ping_status":"closed","template":"template-twocolumns.php","meta":{"_acf_changed":false,"footnotes":""},"class_list":["post-1735","page","type-page","status-publish","hentry"],"acf":[],"yoast_head":"<!-- This site is optimized with the Yoast SEO plugin v27.1.1 - https:\/\/yoast.com\/product\/yoast-seo-wordpress\/ -->\n<title>Quel gaz choisir pour du camping ?<\/title>\n<meta name=\"description\" content=\"FAQ - Quel gaz choisir pour du camping ?\" \/>\n<meta name=\"robots\" content=\"index, follow, max-snippet:-1, max-image-preview:large, max-video-preview:-1\" \/>\n<link rel=\"canonical\" href=\"https:\/\/www.campings.com\/fr\/content\/faq-camping\/quel-gaz-choisir-pour-du-camping\/\" \/>\n<meta property=\"og:locale\" content=\"fr_FR\" \/>\n<meta property=\"og:type\" content=\"article\" \/>\n<meta property=\"og:title\" content=\"Quel gaz choisir pour du camping ?\" \/>\n<meta property=\"og:description\" content=\"FAQ - Quel gaz choisir pour du camping ?\" \/>\n<meta property=\"og:url\" content=\"https:\/\/www.campings.com\/fr\/content\/faq-camping\/quel-gaz-choisir-pour-du-camping\/\" \/>\n<meta property=\"article:modified_time\" content=\"2020-02-28T14:34:00+00:00\" \/>\n<meta name=\"twitter:card\" content=\"summary_large_image\" \/>\n<meta name=\"twitter:label1\" content=\"Dur\u00e9e de lecture estim\u00e9e\" \/>\n\t<meta name=\"twitter:data1\" content=\"1 minute\" \/>\n<script type=\"application\/ld+json\" class=\"yoast-schema-graph\">{\"@context\":\"https:\/\/schema.org\",\"@graph\":[{\"@type\":\"WebPage\",\"@id\":\"https:\/\/www.campings.com\/fr\/content\/faq-camping\/quel-gaz-choisir-pour-du-camping\/\",\"url\":\"https:\/\/www.campings.com\/fr\/content\/faq-camping\/quel-gaz-choisir-pour-du-camping\/\",\"name\":\"Quel gaz choisir pour du camping ?\",\"isPartOf\":{\"@id\":\"https:\/\/www.campings.com\/fr\/content\/#website\"},\"datePublished\":\"2020-02-28T14:33:52+00:00\",\"dateModified\":\"2020-02-28T14:34:00+00:00\",\"description\":\"FAQ - Quel gaz choisir pour du camping ?\",\"breadcrumb\":{\"@id\":\"https:\/\/www.campings.com\/fr\/content\/faq-camping\/quel-gaz-choisir-pour-du-camping\/#breadcrumb\"},\"inLanguage\":\"fr-FR\",\"potentialAction\":[{\"@type\":\"ReadAction\",\"target\":[\"https:\/\/www.campings.com\/fr\/content\/faq-camping\/quel-gaz-choisir-pour-du-camping\/\"]}]},{\"@type\":\"BreadcrumbList\",\"@id\":\"https:\/\/www.campings.com\/fr\/content\/faq-camping\/quel-gaz-choisir-pour-du-camping\/#breadcrumb\",\"itemListElement\":[{\"@type\":\"ListItem\",\"position\":1,\"name\":\"Home\",\"item\":\"https:\/\/www.campings.com\/fr\/content\/\"},{\"@type\":\"ListItem\",\"position\":2,\"name\":\"FAQ camping\",\"item\":\"https:\/\/www.campings.com\/fr\/content\/faq-camping\/\"},{\"@type\":\"ListItem\",\"position\":3,\"name\":\"Quel gaz choisir pour du camping ?\"}]},{\"@type\":\"WebSite\",\"@id\":\"https:\/\/www.campings.com\/fr\/content\/#website\",\"url\":\"https:\/\/www.campings.com\/fr\/content\/\",\"name\":\"\",\"description\":\"\",\"publisher\":{\"@id\":\"https:\/\/www.campings.com\/fr\/content\/#organization\"},\"potentialAction\":[{\"@type\":\"SearchAction\",\"target\":{\"@type\":\"EntryPoint\",\"urlTemplate\":\"https:\/\/www.campings.com\/fr\/content\/?s={search_term_string}\"},\"query-input\":{\"@type\":\"PropertyValueSpecification\",\"valueRequired\":true,\"valueName\":\"search_term_string\"}}],\"inLanguage\":\"fr-FR\"},{\"@type\":\"Organization\",\"@id\":\"https:\/\/www.campings.com\/fr\/content\/#organization\",\"name\":\"CAMPINGS.COM\",\"url\":\"https:\/\/www.campings.com\/fr\/content\/\",\"logo\":{\"@type\":\"ImageObject\",\"inLanguage\":\"fr-FR\",\"@id\":\"https:\/\/www.campings.com\/fr\/content\/#\/schema\/logo\/image\/\",\"url\":\"https:\/\/www.campings.com\/fr\/content\/wp-content\/uploads\/2019\/01\/cropped-logo-1.png\",\"contentUrl\":\"https:\/\/www.campings.com\/fr\/content\/wp-content\/uploads\/2019\/01\/cropped-logo-1.png\",\"width\":174,\"height\":42,\"caption\":\"CAMPINGS.COM\"},\"image\":{\"@id\":\"https:\/\/www.campings.com\/fr\/content\/#\/schema\/logo\/image\/\"}}]}<\/script>\n<!-- \/ Yoast SEO plugin. -->","yoast_head_json":{"title":"Quel gaz choisir pour du camping ?","description":"FAQ - Quel gaz choisir pour du camping ?","robots":{"index":"index","follow":"follow","max-snippet":"max-snippet:-1","max-image-preview":"max-image-preview:large","max-video-preview":"max-video-preview:-1"},"canonical":"https:\/\/www.campings.com\/fr\/content\/faq-camping\/quel-gaz-choisir-pour-du-camping\/","og_locale":"fr_FR","og_type":"article","og_title":"Quel gaz choisir pour du camping ?","og_description":"FAQ - Quel gaz choisir pour du camping ?","og_url":"https:\/\/www.campings.com\/fr\/content\/faq-camping\/quel-gaz-choisir-pour-du-camping\/","article_modified_time":"2020-02-28T14:34:00+00:00","twitter_card":"summary_large_image","twitter_misc":{"Dur\u00e9e de lecture estim\u00e9e":"1 minute"},"schema":{"@context":"https:\/\/schema.org","@graph":[{"@type":"WebPage","@id":"https:\/\/www.campings.com\/fr\/content\/faq-camping\/quel-gaz-choisir-pour-du-camping\/","url":"https:\/\/www.campings.com\/fr\/content\/faq-camping\/quel-gaz-choisir-pour-du-camping\/","name":"Quel gaz choisir pour du camping ?","isPartOf":{"@id":"https:\/\/www.campings.com\/fr\/content\/#website"},"datePublished":"2020-02-28T14:33:52+00:00","dateModified":"2020-02-28T14:34:00+00:00","description":"FAQ - Quel gaz choisir pour du camping ?","breadcrumb":{"@id":"https:\/\/www.campings.com\/fr\/content\/faq-camping\/quel-gaz-choisir-pour-du-camping\/#breadcrumb"},"inLanguage":"fr-FR","potentialAction":[{"@type":"ReadAction","target":["https:\/\/www.campings.com\/fr\/content\/faq-camping\/quel-gaz-choisir-pour-du-camping\/"]}]},{"@type":"BreadcrumbList","@id":"https:\/\/www.campings.com\/fr\/content\/faq-camping\/quel-gaz-choisir-pour-du-camping\/#breadcrumb","itemListElement":[{"@type":"ListItem","position":1,"name":"Home","item":"https:\/\/www.campings.com\/fr\/content\/"},{"@type":"ListItem","position":2,"name":"FAQ camping","item":"https:\/\/www.campings.com\/fr\/content\/faq-camping\/"},{"@type":"ListItem","position":3,"name":"Quel gaz choisir pour du camping ?"}]},{"@type":"WebSite","@id":"https:\/\/www.campings.com\/fr\/content\/#website","url":"https:\/\/www.campings.com\/fr\/content\/","name":"","description":"","publisher":{"@id":"https:\/\/www.campings.com\/fr\/content\/#organization"},"potentialAction":[{"@type":"SearchAction","target":{"@type":"EntryPoint","urlTemplate":"https:\/\/www.campings.com\/fr\/content\/?s={search_term_string}"},"query-input":{"@type":"PropertyValueSpecification","valueRequired":true,"valueName":"search_term_string"}}],"inLanguage":"fr-FR"},{"@type":"Organization","@id":"https:\/\/www.campings.com\/fr\/content\/#organization","name":"CAMPINGS.COM","url":"https:\/\/www.campings.com\/fr\/content\/","logo":{"@type":"ImageObject","inLanguage":"fr-FR","@id":"https:\/\/www.campings.com\/fr\/content\/#\/schema\/logo\/image\/","url":"https:\/\/www.campings.com\/fr\/content\/wp-content\/uploads\/2019\/01\/cropped-logo-1.png","contentUrl":"https:\/\/www.campings.com\/fr\/content\/wp-content\/uploads\/2019\/01\/cropped-logo-1.png","width":174,"height":42,"caption":"CAMPINGS.COM"},"image":{"@id":"https:\/\/www.campings.com\/fr\/content\/#\/schema\/logo\/image\/"}}]}},"_links":{"self":[{"href":"https:\/\/www.campings.com\/fr\/content\/wp-json\/wp\/v2\/pages\/1735","targetHints":{"allow":["GET"]}}],"collection":[{"href":"https:\/\/www.campings.com\/fr\/content\/wp-json\/wp\/v2\/pages"}],"about":[{"href":"https:\/\/www.campings.com\/fr\/content\/wp-json\/wp\/v2\/types\/page"}],"author":[{"embeddable":true,"href":"https:\/\/www.campings.com\/fr\/content\/wp-json\/wp\/v2\/users\/2"}],"replies":[{"embeddable":true,"href":"https:\/\/www.campings.com\/fr\/content\/wp-json\/wp\/v2\/comments?post=1735"}],"version-history":[{"count":1,"href":"https:\/\/www.campings.com\/fr\/content\/wp-json\/wp\/v2\/pages\/1735\/revisions"}],"predecessor-version":[{"id":1736,"href":"https:\/\/www.campings.com\/fr\/content\/wp-json\/wp\/v2\/pages\/1735\/revisions\/1736"}],"up":[{"embeddable":true,"href":"https:\/\/www.campings.com\/fr\/content\/wp-json\/wp\/v2\/pages\/1638"}],"wp:attachment":[{"href":"https:\/\/www.campings.com\/fr\/content\/wp-json\/wp\/v2\/media?parent=1735"}],"curies":[{"name":"wp","href":"https:\/\/api.w.org\/{rel}","templated":true}]}}