{"id":1733,"date":"2020-02-28T14:33:00","date_gmt":"2020-02-28T14:33:00","guid":{"rendered":"https:\/\/www.campings.com\/fr\/content\/?page_id=1733"},"modified":"2020-02-28T14:33:07","modified_gmt":"2020-02-28T14:33:07","slug":"quel-rechaud-choisir-pour-du-camping","status":"publish","type":"page","link":"https:\/\/www.campings.com\/fr\/content\/faq-camping\/quel-rechaud-choisir-pour-du-camping\/","title":{"rendered":"Quel r\u00e9chaud choisir pour du camping ?"},"content":{"rendered":"<p>Il existe quatre types de r\u00e9chauds que l&rsquo;on peut utiliser en <a href=\"https:\/\/www.campings.com\/fr\/content\/tout-savoir-sur-le-camping\/faq-camping\/\">camping<\/a> : les r\u00e9chauds <strong>\u00e0 gaz,<\/strong> les r\u00e9chauds <strong>multicombustibles<\/strong>, les r\u00e9chauds \u00e0<strong> bois<\/strong> et les r\u00e9chauds \u00e0 <strong>alcool<\/strong>. Il est facile de choisir le produit le mieux adapt\u00e9 \u00e0 vos besoins en fonction du combustible disponible.<\/p>\n<h2>1- Le r\u00e9chaud \u00e0<strong> gaz<\/strong> (propane, butane ou isobutane)<\/h2>\n<p>Le r\u00e9chaud \u00e0 gaz est un r\u00e9chaud qui fonctionne gr\u00e2ce \u00e0 une <strong>cartouche de gaz<\/strong>. Il est facile \u00e0 utiliser, son rendement est \u00e9lev\u00e9 et sa flamme est pr\u00e9cise. C&rsquo;est un r\u00e9chaud <strong>l\u00e9ger et compact<\/strong> facile \u00e0 emmener avec soi en camping. Afin d&rsquo;\u00eatre certain de toujours trouver la cartouche de gaz qu&rsquo;il vous faut, veiller \u00e0 choisir un r\u00e9chaud utilisant une c<strong>artouche \u00e0 valve filet\u00e9e<\/strong> qui est le standard international.<\/p>\n<h2>2- Le r\u00e9chaud <strong>multicombustible<\/strong> (essence, alcool, p\u00e9trole, gazole)<\/h2>\n<p>Le r\u00e9chaud multicombustible est pratique, car <strong>l&rsquo;essence, l&rsquo;alcool ou le gazole<\/strong> sont faciles \u00e0 trouver o\u00f9 que l&rsquo;on se trouve en camping. Ce type de r\u00e9chaud demande un peu de maintenance (pr\u00e9chauffage et nettoyage r\u00e9gulier).<\/p>\n<h2>3- Le r\u00e9chaud \u00e0 <strong>bois<\/strong><\/h2>\n<p>Le r\u00e9chaud \u00e0 bois est pratique, car il fonctionne avec du <strong>petit bois sec<\/strong>. Si le bois sec vient \u00e0 manquer, vous pourrez faire fonctionner le r\u00e9chaud avec de<strong> l&rsquo;alcool<\/strong>. Ce type de r\u00e9chaud est plus salissant que les autres en raison de la suie qui se forme sur les casseroles.<\/p>\n","protected":false},"excerpt":{"rendered":"<p>Il existe quatre types de r\u00e9chauds que l&rsquo;on peut utiliser en camping : les r\u00e9chauds \u00e0 gaz, les r\u00e9chauds multicombustibles, les r\u00e9chauds \u00e0 bois et les r\u00e9chauds \u00e0 alcool. Il est facile de choisir le produit le mieux adapt\u00e9 \u00e0 vos besoins en fonction du combustible disponible. 1- Le r\u00e9chaud \u00e0 gaz (propane, butane ou [&hellip;]<\/p>\n","protected":false},"author":2,"featured_media":0,"parent":1638,"menu_order":0,"comment_status":"closed","ping_status":"closed","template":"template-twocolumns.php","meta":{"_acf_changed":false,"footnotes":""},"class_list":["post-1733","page","type-page","status-publish","hentry"],"acf":[],"yoast_head":"<!-- This site is optimized with the Yoast SEO plugin v27.1.1 - https:\/\/yoast.com\/product\/yoast-seo-wordpress\/ -->\n<title>Quel r\u00e9chaud choisir pour du camping ?<\/title>\n<meta name=\"description\" content=\"FAQ - Quel r\u00e9chaud choisir pour du camping ?\" \/>\n<meta name=\"robots\" content=\"index, follow, max-snippet:-1, max-image-preview:large, max-video-preview:-1\" \/>\n<link rel=\"canonical\" href=\"https:\/\/www.campings.com\/fr\/content\/faq-camping\/quel-rechaud-choisir-pour-du-camping\/\" \/>\n<meta property=\"og:locale\" content=\"fr_FR\" \/>\n<meta property=\"og:type\" content=\"article\" \/>\n<meta property=\"og:title\" content=\"Quel r\u00e9chaud choisir pour du camping ?\" \/>\n<meta property=\"og:description\" content=\"FAQ - Quel r\u00e9chaud choisir pour du camping ?\" \/>\n<meta property=\"og:url\" content=\"https:\/\/www.campings.com\/fr\/content\/faq-camping\/quel-rechaud-choisir-pour-du-camping\/\" \/>\n<meta property=\"article:modified_time\" content=\"2020-02-28T14:33:07+00:00\" \/>\n<meta name=\"twitter:card\" content=\"summary_large_image\" \/>\n<meta name=\"twitter:label1\" content=\"Dur\u00e9e de lecture estim\u00e9e\" \/>\n\t<meta name=\"twitter:data1\" content=\"1 minute\" \/>\n<script type=\"application\/ld+json\" class=\"yoast-schema-graph\">{\"@context\":\"https:\/\/schema.org\",\"@graph\":[{\"@type\":\"WebPage\",\"@id\":\"https:\/\/www.campings.com\/fr\/content\/faq-camping\/quel-rechaud-choisir-pour-du-camping\/\",\"url\":\"https:\/\/www.campings.com\/fr\/content\/faq-camping\/quel-rechaud-choisir-pour-du-camping\/\",\"name\":\"Quel r\u00e9chaud choisir pour du camping ?\",\"isPartOf\":{\"@id\":\"https:\/\/www.campings.com\/fr\/content\/#website\"},\"datePublished\":\"2020-02-28T14:33:00+00:00\",\"dateModified\":\"2020-02-28T14:33:07+00:00\",\"description\":\"FAQ - Quel r\u00e9chaud choisir pour du camping ?\",\"breadcrumb\":{\"@id\":\"https:\/\/www.campings.com\/fr\/content\/faq-camping\/quel-rechaud-choisir-pour-du-camping\/#breadcrumb\"},\"inLanguage\":\"fr-FR\",\"potentialAction\":[{\"@type\":\"ReadAction\",\"target\":[\"https:\/\/www.campings.com\/fr\/content\/faq-camping\/quel-rechaud-choisir-pour-du-camping\/\"]}]},{\"@type\":\"BreadcrumbList\",\"@id\":\"https:\/\/www.campings.com\/fr\/content\/faq-camping\/quel-rechaud-choisir-pour-du-camping\/#breadcrumb\",\"itemListElement\":[{\"@type\":\"ListItem\",\"position\":1,\"name\":\"Home\",\"item\":\"https:\/\/www.campings.com\/fr\/content\/\"},{\"@type\":\"ListItem\",\"position\":2,\"name\":\"FAQ camping\",\"item\":\"https:\/\/www.campings.com\/fr\/content\/faq-camping\/\"},{\"@type\":\"ListItem\",\"position\":3,\"name\":\"Quel r\u00e9chaud choisir pour du camping ?\"}]},{\"@type\":\"WebSite\",\"@id\":\"https:\/\/www.campings.com\/fr\/content\/#website\",\"url\":\"https:\/\/www.campings.com\/fr\/content\/\",\"name\":\"\",\"description\":\"\",\"publisher\":{\"@id\":\"https:\/\/www.campings.com\/fr\/content\/#organization\"},\"potentialAction\":[{\"@type\":\"SearchAction\",\"target\":{\"@type\":\"EntryPoint\",\"urlTemplate\":\"https:\/\/www.campings.com\/fr\/content\/?s={search_term_string}\"},\"query-input\":{\"@type\":\"PropertyValueSpecification\",\"valueRequired\":true,\"valueName\":\"search_term_string\"}}],\"inLanguage\":\"fr-FR\"},{\"@type\":\"Organization\",\"@id\":\"https:\/\/www.campings.com\/fr\/content\/#organization\",\"name\":\"CAMPINGS.COM\",\"url\":\"https:\/\/www.campings.com\/fr\/content\/\",\"logo\":{\"@type\":\"ImageObject\",\"inLanguage\":\"fr-FR\",\"@id\":\"https:\/\/www.campings.com\/fr\/content\/#\/schema\/logo\/image\/\",\"url\":\"https:\/\/www.campings.com\/fr\/content\/wp-content\/uploads\/2019\/01\/cropped-logo-1.png\",\"contentUrl\":\"https:\/\/www.campings.com\/fr\/content\/wp-content\/uploads\/2019\/01\/cropped-logo-1.png\",\"width\":174,\"height\":42,\"caption\":\"CAMPINGS.COM\"},\"image\":{\"@id\":\"https:\/\/www.campings.com\/fr\/content\/#\/schema\/logo\/image\/\"}}]}<\/script>\n<!-- \/ Yoast SEO plugin. -->","yoast_head_json":{"title":"Quel r\u00e9chaud choisir pour du camping ?","description":"FAQ - Quel r\u00e9chaud choisir pour du camping ?","robots":{"index":"index","follow":"follow","max-snippet":"max-snippet:-1","max-image-preview":"max-image-preview:large","max-video-preview":"max-video-preview:-1"},"canonical":"https:\/\/www.campings.com\/fr\/content\/faq-camping\/quel-rechaud-choisir-pour-du-camping\/","og_locale":"fr_FR","og_type":"article","og_title":"Quel r\u00e9chaud choisir pour du camping ?","og_description":"FAQ - Quel r\u00e9chaud choisir pour du camping ?","og_url":"https:\/\/www.campings.com\/fr\/content\/faq-camping\/quel-rechaud-choisir-pour-du-camping\/","article_modified_time":"2020-02-28T14:33:07+00:00","twitter_card":"summary_large_image","twitter_misc":{"Dur\u00e9e de lecture estim\u00e9e":"1 minute"},"schema":{"@context":"https:\/\/schema.org","@graph":[{"@type":"WebPage","@id":"https:\/\/www.campings.com\/fr\/content\/faq-camping\/quel-rechaud-choisir-pour-du-camping\/","url":"https:\/\/www.campings.com\/fr\/content\/faq-camping\/quel-rechaud-choisir-pour-du-camping\/","name":"Quel r\u00e9chaud choisir pour du camping ?","isPartOf":{"@id":"https:\/\/www.campings.com\/fr\/content\/#website"},"datePublished":"2020-02-28T14:33:00+00:00","dateModified":"2020-02-28T14:33:07+00:00","description":"FAQ - Quel r\u00e9chaud choisir pour du camping ?","breadcrumb":{"@id":"https:\/\/www.campings.com\/fr\/content\/faq-camping\/quel-rechaud-choisir-pour-du-camping\/#breadcrumb"},"inLanguage":"fr-FR","potentialAction":[{"@type":"ReadAction","target":["https:\/\/www.campings.com\/fr\/content\/faq-camping\/quel-rechaud-choisir-pour-du-camping\/"]}]},{"@type":"BreadcrumbList","@id":"https:\/\/www.campings.com\/fr\/content\/faq-camping\/quel-rechaud-choisir-pour-du-camping\/#breadcrumb","itemListElement":[{"@type":"ListItem","position":1,"name":"Home","item":"https:\/\/www.campings.com\/fr\/content\/"},{"@type":"ListItem","position":2,"name":"FAQ camping","item":"https:\/\/www.campings.com\/fr\/content\/faq-camping\/"},{"@type":"ListItem","position":3,"name":"Quel r\u00e9chaud choisir pour du camping ?"}]},{"@type":"WebSite","@id":"https:\/\/www.campings.com\/fr\/content\/#website","url":"https:\/\/www.campings.com\/fr\/content\/","name":"","description":"","publisher":{"@id":"https:\/\/www.campings.com\/fr\/content\/#organization"},"potentialAction":[{"@type":"SearchAction","target":{"@type":"EntryPoint","urlTemplate":"https:\/\/www.campings.com\/fr\/content\/?s={search_term_string}"},"query-input":{"@type":"PropertyValueSpecification","valueRequired":true,"valueName":"search_term_string"}}],"inLanguage":"fr-FR"},{"@type":"Organization","@id":"https:\/\/www.campings.com\/fr\/content\/#organization","name":"CAMPINGS.COM","url":"https:\/\/www.campings.com\/fr\/content\/","logo":{"@type":"ImageObject","inLanguage":"fr-FR","@id":"https:\/\/www.campings.com\/fr\/content\/#\/schema\/logo\/image\/","url":"https:\/\/www.campings.com\/fr\/content\/wp-content\/uploads\/2019\/01\/cropped-logo-1.png","contentUrl":"https:\/\/www.campings.com\/fr\/content\/wp-content\/uploads\/2019\/01\/cropped-logo-1.png","width":174,"height":42,"caption":"CAMPINGS.COM"},"image":{"@id":"https:\/\/www.campings.com\/fr\/content\/#\/schema\/logo\/image\/"}}]}},"_links":{"self":[{"href":"https:\/\/www.campings.com\/fr\/content\/wp-json\/wp\/v2\/pages\/1733","targetHints":{"allow":["GET"]}}],"collection":[{"href":"https:\/\/www.campings.com\/fr\/content\/wp-json\/wp\/v2\/pages"}],"about":[{"href":"https:\/\/www.campings.com\/fr\/content\/wp-json\/wp\/v2\/types\/page"}],"author":[{"embeddable":true,"href":"https:\/\/www.campings.com\/fr\/content\/wp-json\/wp\/v2\/users\/2"}],"replies":[{"embeddable":true,"href":"https:\/\/www.campings.com\/fr\/content\/wp-json\/wp\/v2\/comments?post=1733"}],"version-history":[{"count":1,"href":"https:\/\/www.campings.com\/fr\/content\/wp-json\/wp\/v2\/pages\/1733\/revisions"}],"predecessor-version":[{"id":1734,"href":"https:\/\/www.campings.com\/fr\/content\/wp-json\/wp\/v2\/pages\/1733\/revisions\/1734"}],"up":[{"embeddable":true,"href":"https:\/\/www.campings.com\/fr\/content\/wp-json\/wp\/v2\/pages\/1638"}],"wp:attachment":[{"href":"https:\/\/www.campings.com\/fr\/content\/wp-json\/wp\/v2\/media?parent=1733"}],"curies":[{"name":"wp","href":"https:\/\/api.w.org\/{rel}","templated":true}]}}