{"id":1731,"date":"2020-02-28T14:32:13","date_gmt":"2020-02-28T14:32:13","guid":{"rendered":"https:\/\/www.campings.com\/fr\/content\/?page_id=1731"},"modified":"2020-02-28T14:32:21","modified_gmt":"2020-02-28T14:32:21","slug":"comment-installer-une-bache-en-camping","status":"publish","type":"page","link":"https:\/\/www.campings.com\/fr\/content\/faq-camping\/comment-installer-une-bache-en-camping\/","title":{"rendered":"Comment installer une b\u00e2che en camping ?"},"content":{"rendered":"<p>Il existe trois fa\u00e7ons de monter <strong>une b\u00e2che en <a href=\"https:\/\/www.campings.com\/fr\/content\/tout-savoir-sur-le-camping\/faq-camping\/\">camping<\/a><\/strong>. Le montage en canadienne, le plus connu, donne l&rsquo;aspect d&rsquo;un toit de maison \u00e0 la <strong>b\u00e2che de camping<\/strong>. Avec le montage en appentis, on incline la b\u00e2che entre les arbres. Enfin, la <strong>b\u00e2che de camping <\/strong>s&rsquo;installe aussi comme un tipi.<\/p>\n<h2>1- Le montage en appentis<\/h2>\n<p>Commencez par tendre un hauban entre deux arbres. Puis installez la <strong>b\u00e2che <\/strong>sur un c\u00f4t\u00e9 en bloquant des branches dans les \u0153illets. Maintenez les coins inf\u00e9rieurs de la <strong>b\u00e2che <\/strong>en les attachant \u00e0 des sardines au sol. Les sardines devront \u00eatre plant\u00e9es en diagonale pour stabiliser la <strong>b\u00e2che<\/strong>.<\/p>\n<h2>2- Le montage en canadienne<\/h2>\n<p>Fixez un hauban entre deux arbres. Puis, installez votre <strong>b\u00e2che de camping<\/strong> \u00e0 parts \u00e9gales des deux c\u00f4t\u00e9s du hauban. Enfin, fixez les coins au sol \u00e0 l&rsquo;aide de sardines. Vous pouvez abaisser ou sur\u00e9lever le niveau de fixation de la <strong>b\u00e2che de camping <\/strong>en fonction de la saison et du climat. Abaiss\u00e9e, la <strong>b\u00e2che <\/strong>prot\u00e8ge mieux du froid. Sur\u00e9lev\u00e9e, la <strong>b\u00e2che <\/strong>permet l&rsquo;installation d&rsquo;un hamac en dessous.<\/p>\n<h2>3- Le montage en demi-tipi<\/h2>\n<p>Pour le montage en demi-tipi, munissez-vous d&rsquo;un m\u00e2t. Un m\u00e2t plus haut signifie un abri moins large. Taillez le m\u00e2t pour le faire rentrer dans un \u0153illet de la <strong>b\u00e2che<\/strong>. Plantez le m\u00e2t et fixez la <strong>b\u00e2che <\/strong>avec des sardines, \u00e0 l&rsquo;avant comme \u00e0 l&rsquo;arri\u00e8re. Enfin, tendez la <strong>b\u00e2che <\/strong>en reliant une corde tendue au m\u00e2t.<\/p>\n","protected":false},"excerpt":{"rendered":"<p>Il existe trois fa\u00e7ons de monter une b\u00e2che en camping. Le montage en canadienne, le plus connu, donne l&rsquo;aspect d&rsquo;un toit de maison \u00e0 la b\u00e2che de camping. Avec le montage en appentis, on incline la b\u00e2che entre les arbres. Enfin, la b\u00e2che de camping s&rsquo;installe aussi comme un tipi. 1- Le montage en appentis [&hellip;]<\/p>\n","protected":false},"author":2,"featured_media":0,"parent":1638,"menu_order":0,"comment_status":"closed","ping_status":"closed","template":"template-twocolumns.php","meta":{"_acf_changed":false,"footnotes":""},"class_list":["post-1731","page","type-page","status-publish","hentry"],"acf":[],"yoast_head":"<!-- This site is optimized with the Yoast SEO plugin v27.1.1 - https:\/\/yoast.com\/product\/yoast-seo-wordpress\/ -->\n<title>Comment installer une b\u00e2che en camping ?<\/title>\n<meta name=\"description\" content=\"FAQ - Comment installer une b\u00e2che en camping ?\" \/>\n<meta name=\"robots\" content=\"index, follow, max-snippet:-1, max-image-preview:large, max-video-preview:-1\" \/>\n<link rel=\"canonical\" href=\"https:\/\/www.campings.com\/fr\/content\/faq-camping\/comment-installer-une-bache-en-camping\/\" \/>\n<meta property=\"og:locale\" content=\"fr_FR\" \/>\n<meta property=\"og:type\" content=\"article\" \/>\n<meta property=\"og:title\" content=\"Comment installer une b\u00e2che en camping ?\" \/>\n<meta property=\"og:description\" content=\"FAQ - Comment installer une b\u00e2che en camping ?\" \/>\n<meta property=\"og:url\" content=\"https:\/\/www.campings.com\/fr\/content\/faq-camping\/comment-installer-une-bache-en-camping\/\" \/>\n<meta property=\"article:modified_time\" content=\"2020-02-28T14:32:21+00:00\" \/>\n<meta name=\"twitter:card\" content=\"summary_large_image\" \/>\n<meta name=\"twitter:label1\" content=\"Dur\u00e9e de lecture estim\u00e9e\" \/>\n\t<meta name=\"twitter:data1\" content=\"1 minute\" \/>\n<script type=\"application\/ld+json\" class=\"yoast-schema-graph\">{\"@context\":\"https:\/\/schema.org\",\"@graph\":[{\"@type\":\"WebPage\",\"@id\":\"https:\/\/www.campings.com\/fr\/content\/faq-camping\/comment-installer-une-bache-en-camping\/\",\"url\":\"https:\/\/www.campings.com\/fr\/content\/faq-camping\/comment-installer-une-bache-en-camping\/\",\"name\":\"Comment installer une b\u00e2che en camping ?\",\"isPartOf\":{\"@id\":\"https:\/\/www.campings.com\/fr\/content\/#website\"},\"datePublished\":\"2020-02-28T14:32:13+00:00\",\"dateModified\":\"2020-02-28T14:32:21+00:00\",\"description\":\"FAQ - Comment installer une b\u00e2che en camping ?\",\"breadcrumb\":{\"@id\":\"https:\/\/www.campings.com\/fr\/content\/faq-camping\/comment-installer-une-bache-en-camping\/#breadcrumb\"},\"inLanguage\":\"fr-FR\",\"potentialAction\":[{\"@type\":\"ReadAction\",\"target\":[\"https:\/\/www.campings.com\/fr\/content\/faq-camping\/comment-installer-une-bache-en-camping\/\"]}]},{\"@type\":\"BreadcrumbList\",\"@id\":\"https:\/\/www.campings.com\/fr\/content\/faq-camping\/comment-installer-une-bache-en-camping\/#breadcrumb\",\"itemListElement\":[{\"@type\":\"ListItem\",\"position\":1,\"name\":\"Home\",\"item\":\"https:\/\/www.campings.com\/fr\/content\/\"},{\"@type\":\"ListItem\",\"position\":2,\"name\":\"FAQ camping\",\"item\":\"https:\/\/www.campings.com\/fr\/content\/faq-camping\/\"},{\"@type\":\"ListItem\",\"position\":3,\"name\":\"Comment installer une b\u00e2che en camping ?\"}]},{\"@type\":\"WebSite\",\"@id\":\"https:\/\/www.campings.com\/fr\/content\/#website\",\"url\":\"https:\/\/www.campings.com\/fr\/content\/\",\"name\":\"\",\"description\":\"\",\"publisher\":{\"@id\":\"https:\/\/www.campings.com\/fr\/content\/#organization\"},\"potentialAction\":[{\"@type\":\"SearchAction\",\"target\":{\"@type\":\"EntryPoint\",\"urlTemplate\":\"https:\/\/www.campings.com\/fr\/content\/?s={search_term_string}\"},\"query-input\":{\"@type\":\"PropertyValueSpecification\",\"valueRequired\":true,\"valueName\":\"search_term_string\"}}],\"inLanguage\":\"fr-FR\"},{\"@type\":\"Organization\",\"@id\":\"https:\/\/www.campings.com\/fr\/content\/#organization\",\"name\":\"CAMPINGS.COM\",\"url\":\"https:\/\/www.campings.com\/fr\/content\/\",\"logo\":{\"@type\":\"ImageObject\",\"inLanguage\":\"fr-FR\",\"@id\":\"https:\/\/www.campings.com\/fr\/content\/#\/schema\/logo\/image\/\",\"url\":\"https:\/\/www.campings.com\/fr\/content\/wp-content\/uploads\/2019\/01\/cropped-logo-1.png\",\"contentUrl\":\"https:\/\/www.campings.com\/fr\/content\/wp-content\/uploads\/2019\/01\/cropped-logo-1.png\",\"width\":174,\"height\":42,\"caption\":\"CAMPINGS.COM\"},\"image\":{\"@id\":\"https:\/\/www.campings.com\/fr\/content\/#\/schema\/logo\/image\/\"}}]}<\/script>\n<!-- \/ Yoast SEO plugin. -->","yoast_head_json":{"title":"Comment installer une b\u00e2che en camping ?","description":"FAQ - Comment installer une b\u00e2che en camping ?","robots":{"index":"index","follow":"follow","max-snippet":"max-snippet:-1","max-image-preview":"max-image-preview:large","max-video-preview":"max-video-preview:-1"},"canonical":"https:\/\/www.campings.com\/fr\/content\/faq-camping\/comment-installer-une-bache-en-camping\/","og_locale":"fr_FR","og_type":"article","og_title":"Comment installer une b\u00e2che en camping ?","og_description":"FAQ - Comment installer une b\u00e2che en camping ?","og_url":"https:\/\/www.campings.com\/fr\/content\/faq-camping\/comment-installer-une-bache-en-camping\/","article_modified_time":"2020-02-28T14:32:21+00:00","twitter_card":"summary_large_image","twitter_misc":{"Dur\u00e9e de lecture estim\u00e9e":"1 minute"},"schema":{"@context":"https:\/\/schema.org","@graph":[{"@type":"WebPage","@id":"https:\/\/www.campings.com\/fr\/content\/faq-camping\/comment-installer-une-bache-en-camping\/","url":"https:\/\/www.campings.com\/fr\/content\/faq-camping\/comment-installer-une-bache-en-camping\/","name":"Comment installer une b\u00e2che en camping ?","isPartOf":{"@id":"https:\/\/www.campings.com\/fr\/content\/#website"},"datePublished":"2020-02-28T14:32:13+00:00","dateModified":"2020-02-28T14:32:21+00:00","description":"FAQ - Comment installer une b\u00e2che en camping ?","breadcrumb":{"@id":"https:\/\/www.campings.com\/fr\/content\/faq-camping\/comment-installer-une-bache-en-camping\/#breadcrumb"},"inLanguage":"fr-FR","potentialAction":[{"@type":"ReadAction","target":["https:\/\/www.campings.com\/fr\/content\/faq-camping\/comment-installer-une-bache-en-camping\/"]}]},{"@type":"BreadcrumbList","@id":"https:\/\/www.campings.com\/fr\/content\/faq-camping\/comment-installer-une-bache-en-camping\/#breadcrumb","itemListElement":[{"@type":"ListItem","position":1,"name":"Home","item":"https:\/\/www.campings.com\/fr\/content\/"},{"@type":"ListItem","position":2,"name":"FAQ camping","item":"https:\/\/www.campings.com\/fr\/content\/faq-camping\/"},{"@type":"ListItem","position":3,"name":"Comment installer une b\u00e2che en camping ?"}]},{"@type":"WebSite","@id":"https:\/\/www.campings.com\/fr\/content\/#website","url":"https:\/\/www.campings.com\/fr\/content\/","name":"","description":"","publisher":{"@id":"https:\/\/www.campings.com\/fr\/content\/#organization"},"potentialAction":[{"@type":"SearchAction","target":{"@type":"EntryPoint","urlTemplate":"https:\/\/www.campings.com\/fr\/content\/?s={search_term_string}"},"query-input":{"@type":"PropertyValueSpecification","valueRequired":true,"valueName":"search_term_string"}}],"inLanguage":"fr-FR"},{"@type":"Organization","@id":"https:\/\/www.campings.com\/fr\/content\/#organization","name":"CAMPINGS.COM","url":"https:\/\/www.campings.com\/fr\/content\/","logo":{"@type":"ImageObject","inLanguage":"fr-FR","@id":"https:\/\/www.campings.com\/fr\/content\/#\/schema\/logo\/image\/","url":"https:\/\/www.campings.com\/fr\/content\/wp-content\/uploads\/2019\/01\/cropped-logo-1.png","contentUrl":"https:\/\/www.campings.com\/fr\/content\/wp-content\/uploads\/2019\/01\/cropped-logo-1.png","width":174,"height":42,"caption":"CAMPINGS.COM"},"image":{"@id":"https:\/\/www.campings.com\/fr\/content\/#\/schema\/logo\/image\/"}}]}},"_links":{"self":[{"href":"https:\/\/www.campings.com\/fr\/content\/wp-json\/wp\/v2\/pages\/1731","targetHints":{"allow":["GET"]}}],"collection":[{"href":"https:\/\/www.campings.com\/fr\/content\/wp-json\/wp\/v2\/pages"}],"about":[{"href":"https:\/\/www.campings.com\/fr\/content\/wp-json\/wp\/v2\/types\/page"}],"author":[{"embeddable":true,"href":"https:\/\/www.campings.com\/fr\/content\/wp-json\/wp\/v2\/users\/2"}],"replies":[{"embeddable":true,"href":"https:\/\/www.campings.com\/fr\/content\/wp-json\/wp\/v2\/comments?post=1731"}],"version-history":[{"count":1,"href":"https:\/\/www.campings.com\/fr\/content\/wp-json\/wp\/v2\/pages\/1731\/revisions"}],"predecessor-version":[{"id":1732,"href":"https:\/\/www.campings.com\/fr\/content\/wp-json\/wp\/v2\/pages\/1731\/revisions\/1732"}],"up":[{"embeddable":true,"href":"https:\/\/www.campings.com\/fr\/content\/wp-json\/wp\/v2\/pages\/1638"}],"wp:attachment":[{"href":"https:\/\/www.campings.com\/fr\/content\/wp-json\/wp\/v2\/media?parent=1731"}],"curies":[{"name":"wp","href":"https:\/\/api.w.org\/{rel}","templated":true}]}}