{"id":173,"date":"2019-03-15T09:56:04","date_gmt":"2019-03-15T09:56:04","guid":{"rendered":"https:\/\/www.campings.com\/fr\/content\/?page_id=173"},"modified":"2024-12-06T15:16:35","modified_gmt":"2024-12-06T14:16:35","slug":"guide-camping-aquitaine-2","status":"publish","type":"page","link":"https:\/\/www.campings.com\/fr\/content\/guide-camping-aquitaine-2\/","title":{"rendered":"Guide Camping Aquitaine"},"content":{"rendered":"<p>L&rsquo;Aquitaine, dont le chef-lieu est la c\u00e9l\u00e8bre ville de Bordeaux,\u00a0comptait en 2013 plus de 3 millions d&rsquo;\u00e2mes. Cette grande\u00a0r\u00e9gion du sud-ouest de la France attire chaque ann\u00e9e toujours plus de visiteurs avides de d\u00e9couvrir la richesse et la diversit\u00e9 de ses paysages et de ses activit\u00e9s.\u00a0En effet, de la Gironde jusqu&rsquo;\u00e0 la fronti\u00e8re espagnole, ce sont une multitude de panoramas que les voyageurs ont l&rsquo;opportunit\u00e9 de d\u00e9couvrir\u00a0dans l&rsquo;une des plus grandes\u00a0r\u00e9gions fran\u00e7aises.\u00a0Bordeaux, plus grande m\u00e9tropole de l&rsquo;ouest, vous attend pour des d\u00e9couvertes urbaines et culturelles sans pr\u00e9c\u00e9dent, dans l&rsquo;un des cadres les plus cossus qui soient dans la r\u00e9gion.<\/p>\n<p>Les amateurs de vins auront d&rsquo;ailleurs la chance, aux alentours de la grande m\u00e9tropoles girondine, de s&rsquo;approcher au plus pr\u00e8s de certains des crus les plus r\u00e9put\u00e9s en France et dans le monde.\u00a0Les cit\u00e9s baln\u00e9aires des Pyr\u00e9n\u00e9es-Atlantiques telles que Biarritz ou\u00a0Saint-Jean-de-Luz sont id\u00e9ales pour des s\u00e9jours estivaux de d\u00e9tente et de farniente. Pour les amateurs de vacances en camping, c&rsquo;est toute la r\u00e9gion qui s&rsquo;av\u00e8re \u00eatre une destination de choix. En effet, on pourra\u00a0sans difficult\u00e9, par exemple, trouver un camping en Dordogne ou effectuer une location de mobil-home dans les Landes, destinations particuli\u00e8rement appr\u00e9ci\u00e9e des amateurs de vacances au vert.<\/p>\n<p>Vous souhaitez d\u00e9nicher un emplacement dans un camping \u00e0 Hossegor ou partir en vacances en camping dans le Pays Basque, au plus pr\u00e8s de la nature ? L&rsquo;Aquitaine constitue un choix de destination qui ne manquera pas de r\u00e9pondre \u00e0 toutes vos attentes !<\/p>\n","protected":false},"excerpt":{"rendered":"<p>L&rsquo;Aquitaine, dont le chef-lieu est la c\u00e9l\u00e8bre ville de Bordeaux,\u00a0comptait en 2013 plus de 3 millions d&rsquo;\u00e2mes. Cette grande\u00a0r\u00e9gion du sud-ouest de la France attire chaque ann\u00e9e toujours plus de visiteurs avides de d\u00e9couvrir la richesse et la diversit\u00e9 de ses paysages et de ses activit\u00e9s.\u00a0En effet, de la Gironde jusqu&rsquo;\u00e0 la fronti\u00e8re espagnole, ce [&hellip;]<\/p>\n","protected":false},"author":2,"featured_media":929,"parent":0,"menu_order":0,"comment_status":"closed","ping_status":"closed","template":"template-region.php","meta":{"_acf_changed":false,"footnotes":""},"class_list":["post-173","page","type-page","status-publish","has-post-thumbnail","hentry"],"acf":[],"yoast_head":"<!-- This site is optimized with the Yoast SEO plugin v27.1.1 - https:\/\/yoast.com\/product\/yoast-seo-wordpress\/ -->\n<title>Guide Camping Aquitaine -<\/title>\n<meta name=\"robots\" content=\"index, follow, max-snippet:-1, max-image-preview:large, max-video-preview:-1\" \/>\n<link rel=\"canonical\" href=\"https:\/\/www.campings.com\/fr\/content\/guide-camping-aquitaine-2\/\" \/>\n<meta property=\"og:locale\" content=\"fr_FR\" \/>\n<meta property=\"og:type\" content=\"article\" \/>\n<meta property=\"og:title\" content=\"Guide Camping Aquitaine -\" \/>\n<meta property=\"og:description\" content=\"L&rsquo;Aquitaine, dont le chef-lieu est la c\u00e9l\u00e8bre ville de Bordeaux,\u00a0comptait en 2013 plus de 3 millions d&rsquo;\u00e2mes. Cette grande\u00a0r\u00e9gion du sud-ouest de la France attire chaque ann\u00e9e toujours plus de visiteurs avides de d\u00e9couvrir la richesse et la diversit\u00e9 de ses paysages et de ses activit\u00e9s.\u00a0En effet, de la Gironde jusqu&rsquo;\u00e0 la fronti\u00e8re espagnole, ce [&hellip;]\" \/>\n<meta property=\"og:url\" content=\"https:\/\/www.campings.com\/fr\/content\/guide-camping-aquitaine-2\/\" \/>\n<meta property=\"article:modified_time\" content=\"2024-12-06T14:16:35+00:00\" \/>\n<meta property=\"og:image\" content=\"https:\/\/www.campings.com\/fr\/content\/wp-content\/uploads\/2019\/03\/Aquitaine-min.jpg\" \/>\n\t<meta property=\"og:image:width\" content=\"1670\" \/>\n\t<meta property=\"og:image:height\" content=\"650\" \/>\n\t<meta property=\"og:image:type\" content=\"image\/jpeg\" \/>\n<meta name=\"twitter:card\" content=\"summary_large_image\" \/>\n<meta name=\"twitter:label1\" content=\"Dur\u00e9e de lecture estim\u00e9e\" \/>\n\t<meta name=\"twitter:data1\" content=\"1 minute\" \/>\n<script type=\"application\/ld+json\" class=\"yoast-schema-graph\">{\"@context\":\"https:\/\/schema.org\",\"@graph\":[{\"@type\":\"WebPage\",\"@id\":\"https:\/\/www.campings.com\/fr\/content\/guide-camping-aquitaine-2\/\",\"url\":\"https:\/\/www.campings.com\/fr\/content\/guide-camping-aquitaine-2\/\",\"name\":\"Guide Camping Aquitaine -\",\"isPartOf\":{\"@id\":\"https:\/\/www.campings.com\/fr\/content\/#website\"},\"primaryImageOfPage\":{\"@id\":\"https:\/\/www.campings.com\/fr\/content\/guide-camping-aquitaine-2\/#primaryimage\"},\"image\":{\"@id\":\"https:\/\/www.campings.com\/fr\/content\/guide-camping-aquitaine-2\/#primaryimage\"},\"thumbnailUrl\":\"https:\/\/www.campings.com\/fr\/content\/wp-content\/uploads\/2019\/03\/Aquitaine-min.jpg\",\"datePublished\":\"2019-03-15T09:56:04+00:00\",\"dateModified\":\"2024-12-06T14:16:35+00:00\",\"breadcrumb\":{\"@id\":\"https:\/\/www.campings.com\/fr\/content\/guide-camping-aquitaine-2\/#breadcrumb\"},\"inLanguage\":\"fr-FR\",\"potentialAction\":[{\"@type\":\"ReadAction\",\"target\":[\"https:\/\/www.campings.com\/fr\/content\/guide-camping-aquitaine-2\/\"]}]},{\"@type\":\"ImageObject\",\"inLanguage\":\"fr-FR\",\"@id\":\"https:\/\/www.campings.com\/fr\/content\/guide-camping-aquitaine-2\/#primaryimage\",\"url\":\"https:\/\/www.campings.com\/fr\/content\/wp-content\/uploads\/2019\/03\/Aquitaine-min.jpg\",\"contentUrl\":\"https:\/\/www.campings.com\/fr\/content\/wp-content\/uploads\/2019\/03\/Aquitaine-min.jpg\",\"width\":1670,\"height\":650},{\"@type\":\"BreadcrumbList\",\"@id\":\"https:\/\/www.campings.com\/fr\/content\/guide-camping-aquitaine-2\/#breadcrumb\",\"itemListElement\":[{\"@type\":\"ListItem\",\"position\":1,\"name\":\"Home\",\"item\":\"https:\/\/www.campings.com\/fr\/content\/\"},{\"@type\":\"ListItem\",\"position\":2,\"name\":\"Guide Camping Aquitaine\"}]},{\"@type\":\"WebSite\",\"@id\":\"https:\/\/www.campings.com\/fr\/content\/#website\",\"url\":\"https:\/\/www.campings.com\/fr\/content\/\",\"name\":\"\",\"description\":\"\",\"publisher\":{\"@id\":\"https:\/\/www.campings.com\/fr\/content\/#organization\"},\"potentialAction\":[{\"@type\":\"SearchAction\",\"target\":{\"@type\":\"EntryPoint\",\"urlTemplate\":\"https:\/\/www.campings.com\/fr\/content\/?s={search_term_string}\"},\"query-input\":{\"@type\":\"PropertyValueSpecification\",\"valueRequired\":true,\"valueName\":\"search_term_string\"}}],\"inLanguage\":\"fr-FR\"},{\"@type\":\"Organization\",\"@id\":\"https:\/\/www.campings.com\/fr\/content\/#organization\",\"name\":\"CAMPINGS.COM\",\"url\":\"https:\/\/www.campings.com\/fr\/content\/\",\"logo\":{\"@type\":\"ImageObject\",\"inLanguage\":\"fr-FR\",\"@id\":\"https:\/\/www.campings.com\/fr\/content\/#\/schema\/logo\/image\/\",\"url\":\"https:\/\/www.campings.com\/fr\/content\/wp-content\/uploads\/2019\/01\/cropped-logo-1.png\",\"contentUrl\":\"https:\/\/www.campings.com\/fr\/content\/wp-content\/uploads\/2019\/01\/cropped-logo-1.png\",\"width\":174,\"height\":42,\"caption\":\"CAMPINGS.COM\"},\"image\":{\"@id\":\"https:\/\/www.campings.com\/fr\/content\/#\/schema\/logo\/image\/\"}}]}<\/script>\n<!-- \/ Yoast SEO plugin. -->","yoast_head_json":{"title":"Guide Camping Aquitaine -","robots":{"index":"index","follow":"follow","max-snippet":"max-snippet:-1","max-image-preview":"max-image-preview:large","max-video-preview":"max-video-preview:-1"},"canonical":"https:\/\/www.campings.com\/fr\/content\/guide-camping-aquitaine-2\/","og_locale":"fr_FR","og_type":"article","og_title":"Guide Camping Aquitaine -","og_description":"L&rsquo;Aquitaine, dont le chef-lieu est la c\u00e9l\u00e8bre ville de Bordeaux,\u00a0comptait en 2013 plus de 3 millions d&rsquo;\u00e2mes. Cette grande\u00a0r\u00e9gion du sud-ouest de la France attire chaque ann\u00e9e toujours plus de visiteurs avides de d\u00e9couvrir la richesse et la diversit\u00e9 de ses paysages et de ses activit\u00e9s.\u00a0En effet, de la Gironde jusqu&rsquo;\u00e0 la fronti\u00e8re espagnole, ce [&hellip;]","og_url":"https:\/\/www.campings.com\/fr\/content\/guide-camping-aquitaine-2\/","article_modified_time":"2024-12-06T14:16:35+00:00","og_image":[{"width":1670,"height":650,"url":"https:\/\/www.campings.com\/fr\/content\/wp-content\/uploads\/2019\/03\/Aquitaine-min.jpg","type":"image\/jpeg"}],"twitter_card":"summary_large_image","twitter_misc":{"Dur\u00e9e de lecture estim\u00e9e":"1 minute"},"schema":{"@context":"https:\/\/schema.org","@graph":[{"@type":"WebPage","@id":"https:\/\/www.campings.com\/fr\/content\/guide-camping-aquitaine-2\/","url":"https:\/\/www.campings.com\/fr\/content\/guide-camping-aquitaine-2\/","name":"Guide Camping Aquitaine -","isPartOf":{"@id":"https:\/\/www.campings.com\/fr\/content\/#website"},"primaryImageOfPage":{"@id":"https:\/\/www.campings.com\/fr\/content\/guide-camping-aquitaine-2\/#primaryimage"},"image":{"@id":"https:\/\/www.campings.com\/fr\/content\/guide-camping-aquitaine-2\/#primaryimage"},"thumbnailUrl":"https:\/\/www.campings.com\/fr\/content\/wp-content\/uploads\/2019\/03\/Aquitaine-min.jpg","datePublished":"2019-03-15T09:56:04+00:00","dateModified":"2024-12-06T14:16:35+00:00","breadcrumb":{"@id":"https:\/\/www.campings.com\/fr\/content\/guide-camping-aquitaine-2\/#breadcrumb"},"inLanguage":"fr-FR","potentialAction":[{"@type":"ReadAction","target":["https:\/\/www.campings.com\/fr\/content\/guide-camping-aquitaine-2\/"]}]},{"@type":"ImageObject","inLanguage":"fr-FR","@id":"https:\/\/www.campings.com\/fr\/content\/guide-camping-aquitaine-2\/#primaryimage","url":"https:\/\/www.campings.com\/fr\/content\/wp-content\/uploads\/2019\/03\/Aquitaine-min.jpg","contentUrl":"https:\/\/www.campings.com\/fr\/content\/wp-content\/uploads\/2019\/03\/Aquitaine-min.jpg","width":1670,"height":650},{"@type":"BreadcrumbList","@id":"https:\/\/www.campings.com\/fr\/content\/guide-camping-aquitaine-2\/#breadcrumb","itemListElement":[{"@type":"ListItem","position":1,"name":"Home","item":"https:\/\/www.campings.com\/fr\/content\/"},{"@type":"ListItem","position":2,"name":"Guide Camping Aquitaine"}]},{"@type":"WebSite","@id":"https:\/\/www.campings.com\/fr\/content\/#website","url":"https:\/\/www.campings.com\/fr\/content\/","name":"","description":"","publisher":{"@id":"https:\/\/www.campings.com\/fr\/content\/#organization"},"potentialAction":[{"@type":"SearchAction","target":{"@type":"EntryPoint","urlTemplate":"https:\/\/www.campings.com\/fr\/content\/?s={search_term_string}"},"query-input":{"@type":"PropertyValueSpecification","valueRequired":true,"valueName":"search_term_string"}}],"inLanguage":"fr-FR"},{"@type":"Organization","@id":"https:\/\/www.campings.com\/fr\/content\/#organization","name":"CAMPINGS.COM","url":"https:\/\/www.campings.com\/fr\/content\/","logo":{"@type":"ImageObject","inLanguage":"fr-FR","@id":"https:\/\/www.campings.com\/fr\/content\/#\/schema\/logo\/image\/","url":"https:\/\/www.campings.com\/fr\/content\/wp-content\/uploads\/2019\/01\/cropped-logo-1.png","contentUrl":"https:\/\/www.campings.com\/fr\/content\/wp-content\/uploads\/2019\/01\/cropped-logo-1.png","width":174,"height":42,"caption":"CAMPINGS.COM"},"image":{"@id":"https:\/\/www.campings.com\/fr\/content\/#\/schema\/logo\/image\/"}}]}},"_links":{"self":[{"href":"https:\/\/www.campings.com\/fr\/content\/wp-json\/wp\/v2\/pages\/173","targetHints":{"allow":["GET"]}}],"collection":[{"href":"https:\/\/www.campings.com\/fr\/content\/wp-json\/wp\/v2\/pages"}],"about":[{"href":"https:\/\/www.campings.com\/fr\/content\/wp-json\/wp\/v2\/types\/page"}],"author":[{"embeddable":true,"href":"https:\/\/www.campings.com\/fr\/content\/wp-json\/wp\/v2\/users\/2"}],"replies":[{"embeddable":true,"href":"https:\/\/www.campings.com\/fr\/content\/wp-json\/wp\/v2\/comments?post=173"}],"version-history":[{"count":52,"href":"https:\/\/www.campings.com\/fr\/content\/wp-json\/wp\/v2\/pages\/173\/revisions"}],"predecessor-version":[{"id":4806,"href":"https:\/\/www.campings.com\/fr\/content\/wp-json\/wp\/v2\/pages\/173\/revisions\/4806"}],"wp:featuredmedia":[{"embeddable":true,"href":"https:\/\/www.campings.com\/fr\/content\/wp-json\/wp\/v2\/media\/929"}],"wp:attachment":[{"href":"https:\/\/www.campings.com\/fr\/content\/wp-json\/wp\/v2\/media?parent=173"}],"curies":[{"name":"wp","href":"https:\/\/api.w.org\/{rel}","templated":true}]}}