{"id":1727,"date":"2020-02-28T14:30:37","date_gmt":"2020-02-28T14:30:37","guid":{"rendered":"https:\/\/www.campings.com\/fr\/content\/?page_id=1727"},"modified":"2020-02-28T14:30:45","modified_gmt":"2020-02-28T14:30:45","slug":"combien-pour-assurer-un-camping-car","status":"publish","type":"page","link":"https:\/\/www.campings.com\/fr\/content\/faq-camping\/combien-pour-assurer-un-camping-car\/","title":{"rendered":"Combien pour assurer un camping-car ?"},"content":{"rendered":"<p>Les tarifs d&rsquo;une <strong>assurance pour camping-car<\/strong> diff\u00e8rent en fonction de l&rsquo;utilisation du v\u00e9hicule. \u00c0 la location ou \u00e0 l&rsquo;ann\u00e9e, au tiers ou en tous risques, les prix peuvent varier du simple au double selon les garanties.<\/p>\n<h2>Quel prix pour l&rsquo;assurance d&rsquo;un camping-car \u00e0 l&rsquo;ann\u00e9e ?<\/h2>\n<p>Tous les propri\u00e9taires de camping-cars doivent <strong>souscrire \u00e0 une assurance<\/strong> les prot\u00e9geant en cas de dommages caus\u00e9s \u00e0 un tiers ou \u00e0 un autre v\u00e9hicule. La majorit\u00e9 des assureurs auto disposent de formules adapt\u00e9es \u00e0 ce type de v\u00e9hicule. Selon l&rsquo;option choisie, elles peuvent couvrir de la simple panne jusqu&rsquo;aux d\u00e9g\u00e2ts caus\u00e9s par un incendie, ou encore le vol des \u00e9quipements. L&rsquo;assurance d&rsquo;un camping-car \u00e0 l&rsquo;ann\u00e9e peut co\u00fbter <strong>entre 200 et 500 euros en moyenne<\/strong>, au regard du profil de l&rsquo;assur\u00e9. L&rsquo;\u00e2ge et l&rsquo;exp\u00e9rience du conducteur influent sur le montant de la franchise en cas d&rsquo;accident.<\/p>\n<h2>Combien pour assurer un camping-car de location ?<\/h2>\n<p>Pour partir en vacances avec un camping, car en location, il est possible de souscrire \u00e0 un <strong>contrat d&rsquo;assurance temporaire<\/strong>. La responsabilit\u00e9 civile est obligatoire pour couvrir les dommages caus\u00e9s au v\u00e9hicule, mais l&rsquo;assurance au tiers offre peu de protection en cas d&rsquo;accident. Le <strong>contrat tous risques<\/strong> b\u00e9n\u00e9ficie de meilleures garanties, s&rsquo;accompagnant souvent d&rsquo;une franchise en fonction de l&rsquo;assureur. En moyenne, les tarifs d&rsquo;une assurance temporaire tous risques varient <strong>entre 100 et 200 euros par semaine<\/strong>. Pour obtenir des prix avantageux, la meilleure solution reste de solliciter un comparateur de prix ou de demander des devis aupr\u00e8s de plusieurs assureurs.<\/p>\n<p>&nbsp;<\/p>\n<p><a href=\"https:\/\/www.campings.com\/fr\/content\/tout-savoir-sur-le-camping\/faq-camping\/\">Retour \u00e0 la FAQ camping<\/a><\/p>\n","protected":false},"excerpt":{"rendered":"<p>Les tarifs d&rsquo;une assurance pour camping-car diff\u00e8rent en fonction de l&rsquo;utilisation du v\u00e9hicule. \u00c0 la location ou \u00e0 l&rsquo;ann\u00e9e, au tiers ou en tous risques, les prix peuvent varier du simple au double selon les garanties. Quel prix pour l&rsquo;assurance d&rsquo;un camping-car \u00e0 l&rsquo;ann\u00e9e ? Tous les propri\u00e9taires de camping-cars doivent souscrire \u00e0 une assurance [&hellip;]<\/p>\n","protected":false},"author":2,"featured_media":0,"parent":1638,"menu_order":0,"comment_status":"closed","ping_status":"closed","template":"template-twocolumns.php","meta":{"_acf_changed":false,"footnotes":""},"class_list":["post-1727","page","type-page","status-publish","hentry"],"acf":[],"yoast_head":"<!-- This site is optimized with the Yoast SEO plugin v27.1.1 - https:\/\/yoast.com\/product\/yoast-seo-wordpress\/ -->\n<title>Combien pour assurer un camping car ?<\/title>\n<meta name=\"description\" content=\"FAQ - Combien pour assurer un camping car ?\" \/>\n<meta name=\"robots\" content=\"index, follow, max-snippet:-1, max-image-preview:large, max-video-preview:-1\" \/>\n<link rel=\"canonical\" href=\"https:\/\/www.campings.com\/fr\/content\/faq-camping\/combien-pour-assurer-un-camping-car\/\" \/>\n<meta property=\"og:locale\" content=\"fr_FR\" \/>\n<meta property=\"og:type\" content=\"article\" \/>\n<meta property=\"og:title\" content=\"Combien pour assurer un camping car ?\" \/>\n<meta property=\"og:description\" content=\"FAQ - Combien pour assurer un camping car ?\" \/>\n<meta property=\"og:url\" content=\"https:\/\/www.campings.com\/fr\/content\/faq-camping\/combien-pour-assurer-un-camping-car\/\" \/>\n<meta property=\"article:modified_time\" content=\"2020-02-28T14:30:45+00:00\" \/>\n<meta name=\"twitter:card\" content=\"summary_large_image\" \/>\n<meta name=\"twitter:label1\" content=\"Dur\u00e9e de lecture estim\u00e9e\" \/>\n\t<meta name=\"twitter:data1\" content=\"1 minute\" \/>\n<script type=\"application\/ld+json\" class=\"yoast-schema-graph\">{\"@context\":\"https:\/\/schema.org\",\"@graph\":[{\"@type\":\"WebPage\",\"@id\":\"https:\/\/www.campings.com\/fr\/content\/faq-camping\/combien-pour-assurer-un-camping-car\/\",\"url\":\"https:\/\/www.campings.com\/fr\/content\/faq-camping\/combien-pour-assurer-un-camping-car\/\",\"name\":\"Combien pour assurer un camping car ?\",\"isPartOf\":{\"@id\":\"https:\/\/www.campings.com\/fr\/content\/#website\"},\"datePublished\":\"2020-02-28T14:30:37+00:00\",\"dateModified\":\"2020-02-28T14:30:45+00:00\",\"description\":\"FAQ - Combien pour assurer un camping car ?\",\"breadcrumb\":{\"@id\":\"https:\/\/www.campings.com\/fr\/content\/faq-camping\/combien-pour-assurer-un-camping-car\/#breadcrumb\"},\"inLanguage\":\"fr-FR\",\"potentialAction\":[{\"@type\":\"ReadAction\",\"target\":[\"https:\/\/www.campings.com\/fr\/content\/faq-camping\/combien-pour-assurer-un-camping-car\/\"]}]},{\"@type\":\"BreadcrumbList\",\"@id\":\"https:\/\/www.campings.com\/fr\/content\/faq-camping\/combien-pour-assurer-un-camping-car\/#breadcrumb\",\"itemListElement\":[{\"@type\":\"ListItem\",\"position\":1,\"name\":\"Home\",\"item\":\"https:\/\/www.campings.com\/fr\/content\/\"},{\"@type\":\"ListItem\",\"position\":2,\"name\":\"FAQ camping\",\"item\":\"https:\/\/www.campings.com\/fr\/content\/faq-camping\/\"},{\"@type\":\"ListItem\",\"position\":3,\"name\":\"Combien pour assurer un camping-car ?\"}]},{\"@type\":\"WebSite\",\"@id\":\"https:\/\/www.campings.com\/fr\/content\/#website\",\"url\":\"https:\/\/www.campings.com\/fr\/content\/\",\"name\":\"\",\"description\":\"\",\"publisher\":{\"@id\":\"https:\/\/www.campings.com\/fr\/content\/#organization\"},\"potentialAction\":[{\"@type\":\"SearchAction\",\"target\":{\"@type\":\"EntryPoint\",\"urlTemplate\":\"https:\/\/www.campings.com\/fr\/content\/?s={search_term_string}\"},\"query-input\":{\"@type\":\"PropertyValueSpecification\",\"valueRequired\":true,\"valueName\":\"search_term_string\"}}],\"inLanguage\":\"fr-FR\"},{\"@type\":\"Organization\",\"@id\":\"https:\/\/www.campings.com\/fr\/content\/#organization\",\"name\":\"CAMPINGS.COM\",\"url\":\"https:\/\/www.campings.com\/fr\/content\/\",\"logo\":{\"@type\":\"ImageObject\",\"inLanguage\":\"fr-FR\",\"@id\":\"https:\/\/www.campings.com\/fr\/content\/#\/schema\/logo\/image\/\",\"url\":\"https:\/\/www.campings.com\/fr\/content\/wp-content\/uploads\/2019\/01\/cropped-logo-1.png\",\"contentUrl\":\"https:\/\/www.campings.com\/fr\/content\/wp-content\/uploads\/2019\/01\/cropped-logo-1.png\",\"width\":174,\"height\":42,\"caption\":\"CAMPINGS.COM\"},\"image\":{\"@id\":\"https:\/\/www.campings.com\/fr\/content\/#\/schema\/logo\/image\/\"}}]}<\/script>\n<!-- \/ Yoast SEO plugin. -->","yoast_head_json":{"title":"Combien pour assurer un camping car ?","description":"FAQ - Combien pour assurer un camping car ?","robots":{"index":"index","follow":"follow","max-snippet":"max-snippet:-1","max-image-preview":"max-image-preview:large","max-video-preview":"max-video-preview:-1"},"canonical":"https:\/\/www.campings.com\/fr\/content\/faq-camping\/combien-pour-assurer-un-camping-car\/","og_locale":"fr_FR","og_type":"article","og_title":"Combien pour assurer un camping car ?","og_description":"FAQ - Combien pour assurer un camping car ?","og_url":"https:\/\/www.campings.com\/fr\/content\/faq-camping\/combien-pour-assurer-un-camping-car\/","article_modified_time":"2020-02-28T14:30:45+00:00","twitter_card":"summary_large_image","twitter_misc":{"Dur\u00e9e de lecture estim\u00e9e":"1 minute"},"schema":{"@context":"https:\/\/schema.org","@graph":[{"@type":"WebPage","@id":"https:\/\/www.campings.com\/fr\/content\/faq-camping\/combien-pour-assurer-un-camping-car\/","url":"https:\/\/www.campings.com\/fr\/content\/faq-camping\/combien-pour-assurer-un-camping-car\/","name":"Combien pour assurer un camping car ?","isPartOf":{"@id":"https:\/\/www.campings.com\/fr\/content\/#website"},"datePublished":"2020-02-28T14:30:37+00:00","dateModified":"2020-02-28T14:30:45+00:00","description":"FAQ - Combien pour assurer un camping car ?","breadcrumb":{"@id":"https:\/\/www.campings.com\/fr\/content\/faq-camping\/combien-pour-assurer-un-camping-car\/#breadcrumb"},"inLanguage":"fr-FR","potentialAction":[{"@type":"ReadAction","target":["https:\/\/www.campings.com\/fr\/content\/faq-camping\/combien-pour-assurer-un-camping-car\/"]}]},{"@type":"BreadcrumbList","@id":"https:\/\/www.campings.com\/fr\/content\/faq-camping\/combien-pour-assurer-un-camping-car\/#breadcrumb","itemListElement":[{"@type":"ListItem","position":1,"name":"Home","item":"https:\/\/www.campings.com\/fr\/content\/"},{"@type":"ListItem","position":2,"name":"FAQ camping","item":"https:\/\/www.campings.com\/fr\/content\/faq-camping\/"},{"@type":"ListItem","position":3,"name":"Combien pour assurer un camping-car ?"}]},{"@type":"WebSite","@id":"https:\/\/www.campings.com\/fr\/content\/#website","url":"https:\/\/www.campings.com\/fr\/content\/","name":"","description":"","publisher":{"@id":"https:\/\/www.campings.com\/fr\/content\/#organization"},"potentialAction":[{"@type":"SearchAction","target":{"@type":"EntryPoint","urlTemplate":"https:\/\/www.campings.com\/fr\/content\/?s={search_term_string}"},"query-input":{"@type":"PropertyValueSpecification","valueRequired":true,"valueName":"search_term_string"}}],"inLanguage":"fr-FR"},{"@type":"Organization","@id":"https:\/\/www.campings.com\/fr\/content\/#organization","name":"CAMPINGS.COM","url":"https:\/\/www.campings.com\/fr\/content\/","logo":{"@type":"ImageObject","inLanguage":"fr-FR","@id":"https:\/\/www.campings.com\/fr\/content\/#\/schema\/logo\/image\/","url":"https:\/\/www.campings.com\/fr\/content\/wp-content\/uploads\/2019\/01\/cropped-logo-1.png","contentUrl":"https:\/\/www.campings.com\/fr\/content\/wp-content\/uploads\/2019\/01\/cropped-logo-1.png","width":174,"height":42,"caption":"CAMPINGS.COM"},"image":{"@id":"https:\/\/www.campings.com\/fr\/content\/#\/schema\/logo\/image\/"}}]}},"_links":{"self":[{"href":"https:\/\/www.campings.com\/fr\/content\/wp-json\/wp\/v2\/pages\/1727","targetHints":{"allow":["GET"]}}],"collection":[{"href":"https:\/\/www.campings.com\/fr\/content\/wp-json\/wp\/v2\/pages"}],"about":[{"href":"https:\/\/www.campings.com\/fr\/content\/wp-json\/wp\/v2\/types\/page"}],"author":[{"embeddable":true,"href":"https:\/\/www.campings.com\/fr\/content\/wp-json\/wp\/v2\/users\/2"}],"replies":[{"embeddable":true,"href":"https:\/\/www.campings.com\/fr\/content\/wp-json\/wp\/v2\/comments?post=1727"}],"version-history":[{"count":1,"href":"https:\/\/www.campings.com\/fr\/content\/wp-json\/wp\/v2\/pages\/1727\/revisions"}],"predecessor-version":[{"id":1728,"href":"https:\/\/www.campings.com\/fr\/content\/wp-json\/wp\/v2\/pages\/1727\/revisions\/1728"}],"up":[{"embeddable":true,"href":"https:\/\/www.campings.com\/fr\/content\/wp-json\/wp\/v2\/pages\/1638"}],"wp:attachment":[{"href":"https:\/\/www.campings.com\/fr\/content\/wp-json\/wp\/v2\/media?parent=1727"}],"curies":[{"name":"wp","href":"https:\/\/api.w.org\/{rel}","templated":true}]}}