{"id":1722,"date":"2020-02-28T14:28:30","date_gmt":"2020-02-28T14:28:30","guid":{"rendered":"https:\/\/www.campings.com\/fr\/content\/?page_id=1722"},"modified":"2020-02-28T14:28:39","modified_gmt":"2020-02-28T14:28:39","slug":"qu-est-ce-qu-un-camping-car-profile","status":"publish","type":"page","link":"https:\/\/www.campings.com\/fr\/content\/faq-camping\/qu-est-ce-qu-un-camping-car-profile\/","title":{"rendered":"Qu\u2019est-ce qu\u2019un camping-car profil\u00e9 ?"},"content":{"rendered":"<p>Un <strong>camping-car profil\u00e9<\/strong> est un camping-car dont la conception inclut l\u2019<strong>ajout d\u2019une cellule<\/strong>. La <strong>cabine de conduite<\/strong> est donc semblable \u00e0 celle d\u2019un grand v\u00e9hicule avec \u00e0 l\u2019arri\u00e8re une cellule pos\u00e9e sur le ch\u00e2ssis qui sert d\u2019espace de vie.<\/p>\n<h2>Les avantages du camping-car profil\u00e9<\/h2>\n<p>Le camping-car profil\u00e9 est appr\u00e9ci\u00e9 en raison de son <strong>poids l\u00e9ger<\/strong> et de sa <strong>taille plus compacte<\/strong> qu\u2019un camping-car int\u00e9gral, pour une <strong>meilleure maniabilit\u00e9 sur la route<\/strong>. Pour les voyageurs qui souhaitent profiter d\u2019un camping-car aussi facile \u00e0 conduire qu\u2019un grand v\u00e9hicule, le camping-car profil\u00e9 est \u00e0 privil\u00e9gier.<br \/>\nLa cabine de conduite est davantage s\u00e9par\u00e9e du reste de l\u2019espace de vie, contrairement aux camping-cars int\u00e9graux. Le camping-car profil\u00e9 propose donc un <strong>volume moins important au niveau de l\u2019avant<\/strong> du v\u00e9hicule, mais cette diff\u00e9rence de volume est compens\u00e9e par un effort d\u2019<strong>optimisation de l\u2019am\u00e9nagement <\/strong>int\u00e9rieur par les constructeurs.<br \/>\nComme dans les camping-cars int\u00e9graux, les camping-cars profil\u00e9s proposent de <strong>vrais couchages<\/strong> avec un lit double permanent et un lit pavillon \u00e0 l\u2019avant. L\u2019espace salon est \u00e9galement plus spacieux que sur les anciens mod\u00e8les.<\/p>\n<h2>Le camping-car profil\u00e9 moins cher qu&rsquo;un camping-car int\u00e9gral<\/h2>\n<p>Le camping-car profil\u00e9 est plus facile \u00e0 concevoir qu\u2019un camping-car int\u00e9gral avec sa partie cabine de conduite semblable \u00e0 un v\u00e9hicule classique et sa partie espace de vie fix\u00e9e sur le ch\u00e2ssis. La <strong>fabrication d\u2019un camping-car profil\u00e9<\/strong> est donc <strong>moins co\u00fbteuse<\/strong> qu\u2019un int\u00e9gral, ce qui justifie un <strong>prix moins \u00e9lev\u00e9<\/strong>.<br \/>\nComptez au minimum <strong>40 000 \u20ac pour l\u2019achat d\u2019un camping-car profil\u00e9 neuf<\/strong>, au lieu de 55 000 \u20ac pour un camping-car int\u00e9gral.<\/p>\n<p>&nbsp;<\/p>\n<p><a href=\"https:\/\/www.campings.com\/fr\/content\/tout-savoir-sur-le-camping\/faq-camping\/\">Retour \u00e0 la FAQ camping<\/a><\/p>\n","protected":false},"excerpt":{"rendered":"<p>Un camping-car profil\u00e9 est un camping-car dont la conception inclut l\u2019ajout d\u2019une cellule. La cabine de conduite est donc semblable \u00e0 celle d\u2019un grand v\u00e9hicule avec \u00e0 l\u2019arri\u00e8re une cellule pos\u00e9e sur le ch\u00e2ssis qui sert d\u2019espace de vie. Les avantages du camping-car profil\u00e9 Le camping-car profil\u00e9 est appr\u00e9ci\u00e9 en raison de son poids l\u00e9ger [&hellip;]<\/p>\n","protected":false},"author":2,"featured_media":0,"parent":1638,"menu_order":0,"comment_status":"closed","ping_status":"closed","template":"template-twocolumns.php","meta":{"_acf_changed":false,"footnotes":""},"class_list":["post-1722","page","type-page","status-publish","hentry"],"acf":[],"yoast_head":"<!-- This site is optimized with the Yoast SEO plugin v27.1.1 - https:\/\/yoast.com\/product\/yoast-seo-wordpress\/ -->\n<title>Qu\u2019est-ce qu\u2019un camping-car profil\u00e9 ?<\/title>\n<meta name=\"description\" content=\"FAQ - Qu\u2019est-ce qu\u2019un camping-car profil\u00e9 ?\" \/>\n<meta name=\"robots\" content=\"index, follow, max-snippet:-1, max-image-preview:large, max-video-preview:-1\" \/>\n<link rel=\"canonical\" href=\"https:\/\/www.campings.com\/fr\/content\/faq-camping\/qu-est-ce-qu-un-camping-car-profile\/\" \/>\n<meta property=\"og:locale\" content=\"fr_FR\" \/>\n<meta property=\"og:type\" content=\"article\" \/>\n<meta property=\"og:title\" content=\"Qu\u2019est-ce qu\u2019un camping-car profil\u00e9 ?\" \/>\n<meta property=\"og:description\" content=\"FAQ - Qu\u2019est-ce qu\u2019un camping-car profil\u00e9 ?\" \/>\n<meta property=\"og:url\" content=\"https:\/\/www.campings.com\/fr\/content\/faq-camping\/qu-est-ce-qu-un-camping-car-profile\/\" \/>\n<meta property=\"article:modified_time\" content=\"2020-02-28T14:28:39+00:00\" \/>\n<meta name=\"twitter:card\" content=\"summary_large_image\" \/>\n<meta name=\"twitter:label1\" content=\"Dur\u00e9e de lecture estim\u00e9e\" \/>\n\t<meta name=\"twitter:data1\" content=\"1 minute\" \/>\n<script type=\"application\/ld+json\" class=\"yoast-schema-graph\">{\"@context\":\"https:\/\/schema.org\",\"@graph\":[{\"@type\":\"WebPage\",\"@id\":\"https:\/\/www.campings.com\/fr\/content\/faq-camping\/qu-est-ce-qu-un-camping-car-profile\/\",\"url\":\"https:\/\/www.campings.com\/fr\/content\/faq-camping\/qu-est-ce-qu-un-camping-car-profile\/\",\"name\":\"Qu\u2019est-ce qu\u2019un camping-car profil\u00e9 ?\",\"isPartOf\":{\"@id\":\"https:\/\/www.campings.com\/fr\/content\/#website\"},\"datePublished\":\"2020-02-28T14:28:30+00:00\",\"dateModified\":\"2020-02-28T14:28:39+00:00\",\"description\":\"FAQ - Qu\u2019est-ce qu\u2019un camping-car profil\u00e9 ?\",\"breadcrumb\":{\"@id\":\"https:\/\/www.campings.com\/fr\/content\/faq-camping\/qu-est-ce-qu-un-camping-car-profile\/#breadcrumb\"},\"inLanguage\":\"fr-FR\",\"potentialAction\":[{\"@type\":\"ReadAction\",\"target\":[\"https:\/\/www.campings.com\/fr\/content\/faq-camping\/qu-est-ce-qu-un-camping-car-profile\/\"]}]},{\"@type\":\"BreadcrumbList\",\"@id\":\"https:\/\/www.campings.com\/fr\/content\/faq-camping\/qu-est-ce-qu-un-camping-car-profile\/#breadcrumb\",\"itemListElement\":[{\"@type\":\"ListItem\",\"position\":1,\"name\":\"Home\",\"item\":\"https:\/\/www.campings.com\/fr\/content\/\"},{\"@type\":\"ListItem\",\"position\":2,\"name\":\"FAQ camping\",\"item\":\"https:\/\/www.campings.com\/fr\/content\/faq-camping\/\"},{\"@type\":\"ListItem\",\"position\":3,\"name\":\"Qu\u2019est-ce qu\u2019un camping-car profil\u00e9 ?\"}]},{\"@type\":\"WebSite\",\"@id\":\"https:\/\/www.campings.com\/fr\/content\/#website\",\"url\":\"https:\/\/www.campings.com\/fr\/content\/\",\"name\":\"\",\"description\":\"\",\"publisher\":{\"@id\":\"https:\/\/www.campings.com\/fr\/content\/#organization\"},\"potentialAction\":[{\"@type\":\"SearchAction\",\"target\":{\"@type\":\"EntryPoint\",\"urlTemplate\":\"https:\/\/www.campings.com\/fr\/content\/?s={search_term_string}\"},\"query-input\":{\"@type\":\"PropertyValueSpecification\",\"valueRequired\":true,\"valueName\":\"search_term_string\"}}],\"inLanguage\":\"fr-FR\"},{\"@type\":\"Organization\",\"@id\":\"https:\/\/www.campings.com\/fr\/content\/#organization\",\"name\":\"CAMPINGS.COM\",\"url\":\"https:\/\/www.campings.com\/fr\/content\/\",\"logo\":{\"@type\":\"ImageObject\",\"inLanguage\":\"fr-FR\",\"@id\":\"https:\/\/www.campings.com\/fr\/content\/#\/schema\/logo\/image\/\",\"url\":\"https:\/\/www.campings.com\/fr\/content\/wp-content\/uploads\/2019\/01\/cropped-logo-1.png\",\"contentUrl\":\"https:\/\/www.campings.com\/fr\/content\/wp-content\/uploads\/2019\/01\/cropped-logo-1.png\",\"width\":174,\"height\":42,\"caption\":\"CAMPINGS.COM\"},\"image\":{\"@id\":\"https:\/\/www.campings.com\/fr\/content\/#\/schema\/logo\/image\/\"}}]}<\/script>\n<!-- \/ Yoast SEO plugin. -->","yoast_head_json":{"title":"Qu\u2019est-ce qu\u2019un camping-car profil\u00e9 ?","description":"FAQ - Qu\u2019est-ce qu\u2019un camping-car profil\u00e9 ?","robots":{"index":"index","follow":"follow","max-snippet":"max-snippet:-1","max-image-preview":"max-image-preview:large","max-video-preview":"max-video-preview:-1"},"canonical":"https:\/\/www.campings.com\/fr\/content\/faq-camping\/qu-est-ce-qu-un-camping-car-profile\/","og_locale":"fr_FR","og_type":"article","og_title":"Qu\u2019est-ce qu\u2019un camping-car profil\u00e9 ?","og_description":"FAQ - Qu\u2019est-ce qu\u2019un camping-car profil\u00e9 ?","og_url":"https:\/\/www.campings.com\/fr\/content\/faq-camping\/qu-est-ce-qu-un-camping-car-profile\/","article_modified_time":"2020-02-28T14:28:39+00:00","twitter_card":"summary_large_image","twitter_misc":{"Dur\u00e9e de lecture estim\u00e9e":"1 minute"},"schema":{"@context":"https:\/\/schema.org","@graph":[{"@type":"WebPage","@id":"https:\/\/www.campings.com\/fr\/content\/faq-camping\/qu-est-ce-qu-un-camping-car-profile\/","url":"https:\/\/www.campings.com\/fr\/content\/faq-camping\/qu-est-ce-qu-un-camping-car-profile\/","name":"Qu\u2019est-ce qu\u2019un camping-car profil\u00e9 ?","isPartOf":{"@id":"https:\/\/www.campings.com\/fr\/content\/#website"},"datePublished":"2020-02-28T14:28:30+00:00","dateModified":"2020-02-28T14:28:39+00:00","description":"FAQ - Qu\u2019est-ce qu\u2019un camping-car profil\u00e9 ?","breadcrumb":{"@id":"https:\/\/www.campings.com\/fr\/content\/faq-camping\/qu-est-ce-qu-un-camping-car-profile\/#breadcrumb"},"inLanguage":"fr-FR","potentialAction":[{"@type":"ReadAction","target":["https:\/\/www.campings.com\/fr\/content\/faq-camping\/qu-est-ce-qu-un-camping-car-profile\/"]}]},{"@type":"BreadcrumbList","@id":"https:\/\/www.campings.com\/fr\/content\/faq-camping\/qu-est-ce-qu-un-camping-car-profile\/#breadcrumb","itemListElement":[{"@type":"ListItem","position":1,"name":"Home","item":"https:\/\/www.campings.com\/fr\/content\/"},{"@type":"ListItem","position":2,"name":"FAQ camping","item":"https:\/\/www.campings.com\/fr\/content\/faq-camping\/"},{"@type":"ListItem","position":3,"name":"Qu\u2019est-ce qu\u2019un camping-car profil\u00e9 ?"}]},{"@type":"WebSite","@id":"https:\/\/www.campings.com\/fr\/content\/#website","url":"https:\/\/www.campings.com\/fr\/content\/","name":"","description":"","publisher":{"@id":"https:\/\/www.campings.com\/fr\/content\/#organization"},"potentialAction":[{"@type":"SearchAction","target":{"@type":"EntryPoint","urlTemplate":"https:\/\/www.campings.com\/fr\/content\/?s={search_term_string}"},"query-input":{"@type":"PropertyValueSpecification","valueRequired":true,"valueName":"search_term_string"}}],"inLanguage":"fr-FR"},{"@type":"Organization","@id":"https:\/\/www.campings.com\/fr\/content\/#organization","name":"CAMPINGS.COM","url":"https:\/\/www.campings.com\/fr\/content\/","logo":{"@type":"ImageObject","inLanguage":"fr-FR","@id":"https:\/\/www.campings.com\/fr\/content\/#\/schema\/logo\/image\/","url":"https:\/\/www.campings.com\/fr\/content\/wp-content\/uploads\/2019\/01\/cropped-logo-1.png","contentUrl":"https:\/\/www.campings.com\/fr\/content\/wp-content\/uploads\/2019\/01\/cropped-logo-1.png","width":174,"height":42,"caption":"CAMPINGS.COM"},"image":{"@id":"https:\/\/www.campings.com\/fr\/content\/#\/schema\/logo\/image\/"}}]}},"_links":{"self":[{"href":"https:\/\/www.campings.com\/fr\/content\/wp-json\/wp\/v2\/pages\/1722","targetHints":{"allow":["GET"]}}],"collection":[{"href":"https:\/\/www.campings.com\/fr\/content\/wp-json\/wp\/v2\/pages"}],"about":[{"href":"https:\/\/www.campings.com\/fr\/content\/wp-json\/wp\/v2\/types\/page"}],"author":[{"embeddable":true,"href":"https:\/\/www.campings.com\/fr\/content\/wp-json\/wp\/v2\/users\/2"}],"replies":[{"embeddable":true,"href":"https:\/\/www.campings.com\/fr\/content\/wp-json\/wp\/v2\/comments?post=1722"}],"version-history":[{"count":1,"href":"https:\/\/www.campings.com\/fr\/content\/wp-json\/wp\/v2\/pages\/1722\/revisions"}],"predecessor-version":[{"id":1723,"href":"https:\/\/www.campings.com\/fr\/content\/wp-json\/wp\/v2\/pages\/1722\/revisions\/1723"}],"up":[{"embeddable":true,"href":"https:\/\/www.campings.com\/fr\/content\/wp-json\/wp\/v2\/pages\/1638"}],"wp:attachment":[{"href":"https:\/\/www.campings.com\/fr\/content\/wp-json\/wp\/v2\/media?parent=1722"}],"curies":[{"name":"wp","href":"https:\/\/api.w.org\/{rel}","templated":true}]}}