{"id":1720,"date":"2020-02-28T14:27:20","date_gmt":"2020-02-28T14:27:20","guid":{"rendered":"https:\/\/www.campings.com\/fr\/content\/?page_id=1720"},"modified":"2020-02-28T14:27:27","modified_gmt":"2020-02-28T14:27:27","slug":"qu-est-ce-qu-un-camping-car-integral","status":"publish","type":"page","link":"https:\/\/www.campings.com\/fr\/content\/faq-camping\/qu-est-ce-qu-un-camping-car-integral\/","title":{"rendered":"Qu\u2019est-ce qu\u2019un camping-car int\u00e9gral ?"},"content":{"rendered":"<p>Un <strong>camping-car int\u00e9gral<\/strong> est un camping-car dont la <strong>cabine de conduite<\/strong> repose sur le ch\u00e2ssis et <strong>se fond avec le reste de l\u2019habitacle<\/strong>. Les camping-cars int\u00e9graux sont donc des mod\u00e8les haut de gamme qui offrent plus d\u2019espace.<\/p>\n<h2>Les avantages du camping-car int\u00e9gral<\/h2>\n<p>Un camping-car int\u00e9gral offre une <strong>cabine de conduite plus spacieuse<\/strong> avec un grand pare-brise panoramique. La cabine de conduite est une vraie pi\u00e8ce suppl\u00e9mentaire dans le camping-car avec la possibilit\u00e9 de <strong>faire pivoter les deux si\u00e8ges<\/strong> du v\u00e9hicule vers l\u2019espace de vie. Le si\u00e8ge conducteur et le si\u00e8ge passager deviennent alors des si\u00e8ges de salon suppl\u00e9mentaires. La cabine de conduite offre \u00e9galement <strong>plus de confort<\/strong> durant le voyage sur la route.<br \/>\nLa hauteur de la cabine de conduite apporte une sensation de grandeur avec la possibilit\u00e9 de profiter de <strong>couchages plus confortables<\/strong>. La plupart des camping-cars int\u00e9graux proposent un couchage pour 2 personnes avec un lit plafond.<\/p>\n<h2>Un prix d&rsquo;achat et un entretien plus cher pour un camping-car int\u00e9gral<\/h2>\n<p>Un <strong>camping-car int\u00e9gral co\u00fbte plus cher<\/strong> \u00e0 l\u2019achat qu\u2019un camping-car profil\u00e9 ou une belle caravane. Cette diff\u00e9rence de prix se justifie par la complexit\u00e9 de concevoir un camping-car avec une <strong>cabine de conduite<\/strong> aussi <strong>spacieuse <\/strong>et un <strong>pare-brise panoramique<\/strong> r\u00e9sistant aux petits impacts sur la route.<br \/>\nEn raison de cette grande cabine de conduite, le <strong>moteur <\/strong>est \u00e9galement <strong>moins accessible<\/strong> ce qui peut augmenter le prix final du remplacement d\u2019une pi\u00e8ce d\u00e9fectueuse.<br \/>\nDe plus, en raison du volume plus important dans un camping-car int\u00e9gral, il est essentiel d\u2019avoir un <strong>chauffage performant<\/strong> et si besoin de pr\u00e9voir un chauffage d\u2019appoint pour les voyages en hiver.<\/p>\n<p>&nbsp;<\/p>\n<p><a href=\"https:\/\/www.campings.com\/fr\/content\/tout-savoir-sur-le-camping\/faq-camping\/\">Retour \u00e0 la FAQ camping<\/a><\/p>\n","protected":false},"excerpt":{"rendered":"<p>Un camping-car int\u00e9gral est un camping-car dont la cabine de conduite repose sur le ch\u00e2ssis et se fond avec le reste de l\u2019habitacle. Les camping-cars int\u00e9graux sont donc des mod\u00e8les haut de gamme qui offrent plus d\u2019espace. Les avantages du camping-car int\u00e9gral Un camping-car int\u00e9gral offre une cabine de conduite plus spacieuse avec un grand [&hellip;]<\/p>\n","protected":false},"author":2,"featured_media":0,"parent":1638,"menu_order":0,"comment_status":"closed","ping_status":"closed","template":"template-twocolumns.php","meta":{"_acf_changed":false,"footnotes":""},"class_list":["post-1720","page","type-page","status-publish","hentry"],"acf":[],"yoast_head":"<!-- This site is optimized with the Yoast SEO plugin v27.1.1 - https:\/\/yoast.com\/product\/yoast-seo-wordpress\/ -->\n<title>Qu\u2019est-ce qu\u2019un camping-car int\u00e9gral ?<\/title>\n<meta name=\"description\" content=\"FAQ - Qu\u2019est-ce qu\u2019un camping-car int\u00e9gral ?\" \/>\n<meta name=\"robots\" content=\"index, follow, max-snippet:-1, max-image-preview:large, max-video-preview:-1\" \/>\n<link rel=\"canonical\" href=\"https:\/\/www.campings.com\/fr\/content\/faq-camping\/qu-est-ce-qu-un-camping-car-integral\/\" \/>\n<meta property=\"og:locale\" content=\"fr_FR\" \/>\n<meta property=\"og:type\" content=\"article\" \/>\n<meta property=\"og:title\" content=\"Qu\u2019est-ce qu\u2019un camping-car int\u00e9gral ?\" \/>\n<meta property=\"og:description\" content=\"FAQ - Qu\u2019est-ce qu\u2019un camping-car int\u00e9gral ?\" \/>\n<meta property=\"og:url\" content=\"https:\/\/www.campings.com\/fr\/content\/faq-camping\/qu-est-ce-qu-un-camping-car-integral\/\" \/>\n<meta property=\"article:modified_time\" content=\"2020-02-28T14:27:27+00:00\" \/>\n<meta name=\"twitter:card\" content=\"summary_large_image\" \/>\n<meta name=\"twitter:label1\" content=\"Dur\u00e9e de lecture estim\u00e9e\" \/>\n\t<meta name=\"twitter:data1\" content=\"2 minutes\" \/>\n<script type=\"application\/ld+json\" class=\"yoast-schema-graph\">{\"@context\":\"https:\/\/schema.org\",\"@graph\":[{\"@type\":\"WebPage\",\"@id\":\"https:\/\/www.campings.com\/fr\/content\/faq-camping\/qu-est-ce-qu-un-camping-car-integral\/\",\"url\":\"https:\/\/www.campings.com\/fr\/content\/faq-camping\/qu-est-ce-qu-un-camping-car-integral\/\",\"name\":\"Qu\u2019est-ce qu\u2019un camping-car int\u00e9gral ?\",\"isPartOf\":{\"@id\":\"https:\/\/www.campings.com\/fr\/content\/#website\"},\"datePublished\":\"2020-02-28T14:27:20+00:00\",\"dateModified\":\"2020-02-28T14:27:27+00:00\",\"description\":\"FAQ - Qu\u2019est-ce qu\u2019un camping-car int\u00e9gral ?\",\"breadcrumb\":{\"@id\":\"https:\/\/www.campings.com\/fr\/content\/faq-camping\/qu-est-ce-qu-un-camping-car-integral\/#breadcrumb\"},\"inLanguage\":\"fr-FR\",\"potentialAction\":[{\"@type\":\"ReadAction\",\"target\":[\"https:\/\/www.campings.com\/fr\/content\/faq-camping\/qu-est-ce-qu-un-camping-car-integral\/\"]}]},{\"@type\":\"BreadcrumbList\",\"@id\":\"https:\/\/www.campings.com\/fr\/content\/faq-camping\/qu-est-ce-qu-un-camping-car-integral\/#breadcrumb\",\"itemListElement\":[{\"@type\":\"ListItem\",\"position\":1,\"name\":\"Home\",\"item\":\"https:\/\/www.campings.com\/fr\/content\/\"},{\"@type\":\"ListItem\",\"position\":2,\"name\":\"FAQ camping\",\"item\":\"https:\/\/www.campings.com\/fr\/content\/faq-camping\/\"},{\"@type\":\"ListItem\",\"position\":3,\"name\":\"Qu\u2019est-ce qu\u2019un camping-car int\u00e9gral ?\"}]},{\"@type\":\"WebSite\",\"@id\":\"https:\/\/www.campings.com\/fr\/content\/#website\",\"url\":\"https:\/\/www.campings.com\/fr\/content\/\",\"name\":\"\",\"description\":\"\",\"publisher\":{\"@id\":\"https:\/\/www.campings.com\/fr\/content\/#organization\"},\"potentialAction\":[{\"@type\":\"SearchAction\",\"target\":{\"@type\":\"EntryPoint\",\"urlTemplate\":\"https:\/\/www.campings.com\/fr\/content\/?s={search_term_string}\"},\"query-input\":{\"@type\":\"PropertyValueSpecification\",\"valueRequired\":true,\"valueName\":\"search_term_string\"}}],\"inLanguage\":\"fr-FR\"},{\"@type\":\"Organization\",\"@id\":\"https:\/\/www.campings.com\/fr\/content\/#organization\",\"name\":\"CAMPINGS.COM\",\"url\":\"https:\/\/www.campings.com\/fr\/content\/\",\"logo\":{\"@type\":\"ImageObject\",\"inLanguage\":\"fr-FR\",\"@id\":\"https:\/\/www.campings.com\/fr\/content\/#\/schema\/logo\/image\/\",\"url\":\"https:\/\/www.campings.com\/fr\/content\/wp-content\/uploads\/2019\/01\/cropped-logo-1.png\",\"contentUrl\":\"https:\/\/www.campings.com\/fr\/content\/wp-content\/uploads\/2019\/01\/cropped-logo-1.png\",\"width\":174,\"height\":42,\"caption\":\"CAMPINGS.COM\"},\"image\":{\"@id\":\"https:\/\/www.campings.com\/fr\/content\/#\/schema\/logo\/image\/\"}}]}<\/script>\n<!-- \/ Yoast SEO plugin. -->","yoast_head_json":{"title":"Qu\u2019est-ce qu\u2019un camping-car int\u00e9gral ?","description":"FAQ - Qu\u2019est-ce qu\u2019un camping-car int\u00e9gral ?","robots":{"index":"index","follow":"follow","max-snippet":"max-snippet:-1","max-image-preview":"max-image-preview:large","max-video-preview":"max-video-preview:-1"},"canonical":"https:\/\/www.campings.com\/fr\/content\/faq-camping\/qu-est-ce-qu-un-camping-car-integral\/","og_locale":"fr_FR","og_type":"article","og_title":"Qu\u2019est-ce qu\u2019un camping-car int\u00e9gral ?","og_description":"FAQ - Qu\u2019est-ce qu\u2019un camping-car int\u00e9gral ?","og_url":"https:\/\/www.campings.com\/fr\/content\/faq-camping\/qu-est-ce-qu-un-camping-car-integral\/","article_modified_time":"2020-02-28T14:27:27+00:00","twitter_card":"summary_large_image","twitter_misc":{"Dur\u00e9e de lecture estim\u00e9e":"2 minutes"},"schema":{"@context":"https:\/\/schema.org","@graph":[{"@type":"WebPage","@id":"https:\/\/www.campings.com\/fr\/content\/faq-camping\/qu-est-ce-qu-un-camping-car-integral\/","url":"https:\/\/www.campings.com\/fr\/content\/faq-camping\/qu-est-ce-qu-un-camping-car-integral\/","name":"Qu\u2019est-ce qu\u2019un camping-car int\u00e9gral ?","isPartOf":{"@id":"https:\/\/www.campings.com\/fr\/content\/#website"},"datePublished":"2020-02-28T14:27:20+00:00","dateModified":"2020-02-28T14:27:27+00:00","description":"FAQ - Qu\u2019est-ce qu\u2019un camping-car int\u00e9gral ?","breadcrumb":{"@id":"https:\/\/www.campings.com\/fr\/content\/faq-camping\/qu-est-ce-qu-un-camping-car-integral\/#breadcrumb"},"inLanguage":"fr-FR","potentialAction":[{"@type":"ReadAction","target":["https:\/\/www.campings.com\/fr\/content\/faq-camping\/qu-est-ce-qu-un-camping-car-integral\/"]}]},{"@type":"BreadcrumbList","@id":"https:\/\/www.campings.com\/fr\/content\/faq-camping\/qu-est-ce-qu-un-camping-car-integral\/#breadcrumb","itemListElement":[{"@type":"ListItem","position":1,"name":"Home","item":"https:\/\/www.campings.com\/fr\/content\/"},{"@type":"ListItem","position":2,"name":"FAQ camping","item":"https:\/\/www.campings.com\/fr\/content\/faq-camping\/"},{"@type":"ListItem","position":3,"name":"Qu\u2019est-ce qu\u2019un camping-car int\u00e9gral ?"}]},{"@type":"WebSite","@id":"https:\/\/www.campings.com\/fr\/content\/#website","url":"https:\/\/www.campings.com\/fr\/content\/","name":"","description":"","publisher":{"@id":"https:\/\/www.campings.com\/fr\/content\/#organization"},"potentialAction":[{"@type":"SearchAction","target":{"@type":"EntryPoint","urlTemplate":"https:\/\/www.campings.com\/fr\/content\/?s={search_term_string}"},"query-input":{"@type":"PropertyValueSpecification","valueRequired":true,"valueName":"search_term_string"}}],"inLanguage":"fr-FR"},{"@type":"Organization","@id":"https:\/\/www.campings.com\/fr\/content\/#organization","name":"CAMPINGS.COM","url":"https:\/\/www.campings.com\/fr\/content\/","logo":{"@type":"ImageObject","inLanguage":"fr-FR","@id":"https:\/\/www.campings.com\/fr\/content\/#\/schema\/logo\/image\/","url":"https:\/\/www.campings.com\/fr\/content\/wp-content\/uploads\/2019\/01\/cropped-logo-1.png","contentUrl":"https:\/\/www.campings.com\/fr\/content\/wp-content\/uploads\/2019\/01\/cropped-logo-1.png","width":174,"height":42,"caption":"CAMPINGS.COM"},"image":{"@id":"https:\/\/www.campings.com\/fr\/content\/#\/schema\/logo\/image\/"}}]}},"_links":{"self":[{"href":"https:\/\/www.campings.com\/fr\/content\/wp-json\/wp\/v2\/pages\/1720","targetHints":{"allow":["GET"]}}],"collection":[{"href":"https:\/\/www.campings.com\/fr\/content\/wp-json\/wp\/v2\/pages"}],"about":[{"href":"https:\/\/www.campings.com\/fr\/content\/wp-json\/wp\/v2\/types\/page"}],"author":[{"embeddable":true,"href":"https:\/\/www.campings.com\/fr\/content\/wp-json\/wp\/v2\/users\/2"}],"replies":[{"embeddable":true,"href":"https:\/\/www.campings.com\/fr\/content\/wp-json\/wp\/v2\/comments?post=1720"}],"version-history":[{"count":1,"href":"https:\/\/www.campings.com\/fr\/content\/wp-json\/wp\/v2\/pages\/1720\/revisions"}],"predecessor-version":[{"id":1721,"href":"https:\/\/www.campings.com\/fr\/content\/wp-json\/wp\/v2\/pages\/1720\/revisions\/1721"}],"up":[{"embeddable":true,"href":"https:\/\/www.campings.com\/fr\/content\/wp-json\/wp\/v2\/pages\/1638"}],"wp:attachment":[{"href":"https:\/\/www.campings.com\/fr\/content\/wp-json\/wp\/v2\/media?parent=1720"}],"curies":[{"name":"wp","href":"https:\/\/api.w.org\/{rel}","templated":true}]}}