{"id":1712,"date":"2020-02-28T14:23:26","date_gmt":"2020-02-28T14:23:26","guid":{"rendered":"https:\/\/www.campings.com\/fr\/content\/?page_id=1712"},"modified":"2020-02-28T14:23:33","modified_gmt":"2020-02-28T14:23:33","slug":"comment-caler-son-camping-car","status":"publish","type":"page","link":"https:\/\/www.campings.com\/fr\/content\/faq-camping\/comment-caler-son-camping-car\/","title":{"rendered":"Comment caler son camping-car ?"},"content":{"rendered":"<p><strong>Caler son camping-car<\/strong> peut s\u2019effectuer \u00e0 l\u2019aide de <strong>cales<\/strong>, de <strong>v\u00e9rins<\/strong> ou de <strong>chandelles de stabilisation<\/strong>. Les cales sont positionn\u00e9es sous les roues tandis que les v\u00e9rins et les chandelles de stabilisation sont positionn\u00e9s sous le ch\u00e2ssis.<\/p>\n<h2>Caler son camping-car avec des cales<\/h2>\n<p>Pour caler son camping-car avec des cales, la seule difficult\u00e9 est de bien positionner la roue sur la cale. La <strong>roue <\/strong>doit \u00eatre <strong>droite<\/strong> et bien <strong>au milieu de la cale<\/strong>. Pour vous aider \u00e0 man\u0153uvrer le camping-car et bien positionner la roue sur la cale, il est conseill\u00e9 d\u2019\u00eatre assist\u00e9 par une deuxi\u00e8me personne pour vous guider.<br \/>\nPensez \u00e9galement \u00e0 bien <strong>serrer le frein \u00e0 main<\/strong> une fois la roue pos\u00e9e sur la cale, afin que le camping-car ne recule pas ou n\u2019avance pas sous l\u2019effet des cales. Si vous calez votre camping-car <strong>en hiver<\/strong>, utilisez des <strong>contre-cales<\/strong> pour \u00e9viter que le pneu glisse si la cale g\u00e8le.<\/p>\n<h2>Caler son camping-car avec des v\u00e9rins ou des chandelles de stabilisation<\/h2>\n<p>Les <strong>v\u00e9rins <\/strong>et les <strong>chandelles de stabilisation<\/strong> se fixent <strong>sous le ch\u00e2ssis du camping-car.<\/strong> Ces \u00e9quipements ne sont pas destin\u00e9s \u00e0 corriger la pente du terrain ou du camping-car, mais sont utilis\u00e9s pour stabiliser le camping-car.<br \/>\nLa <strong>pose de v\u00e9rins hydrauliques<\/strong> sous le ch\u00e2ssis permet \u00e9galement de stabiliser sans effort son camping-car avec un panneau de commande qui permet une <strong>mise \u00e0 niveau automatique<\/strong>. La boite de vitesse devra \u00eatre au point mort avec le moteur tournant et le frein \u00e0 main serr\u00e9 pour activer les v\u00e9rins hydrauliques.<\/p>\n<p>&nbsp;<\/p>\n<p><a href=\"https:\/\/www.campings.com\/fr\/content\/tout-savoir-sur-le-camping\/faq-camping\/\">Retour \u00e0 la FAQ camping<\/a><\/p>\n","protected":false},"excerpt":{"rendered":"<p>Caler son camping-car peut s\u2019effectuer \u00e0 l\u2019aide de cales, de v\u00e9rins ou de chandelles de stabilisation. Les cales sont positionn\u00e9es sous les roues tandis que les v\u00e9rins et les chandelles de stabilisation sont positionn\u00e9s sous le ch\u00e2ssis. Caler son camping-car avec des cales Pour caler son camping-car avec des cales, la seule difficult\u00e9 est de [&hellip;]<\/p>\n","protected":false},"author":2,"featured_media":0,"parent":1638,"menu_order":0,"comment_status":"closed","ping_status":"closed","template":"template-twocolumns.php","meta":{"_acf_changed":false,"footnotes":""},"class_list":["post-1712","page","type-page","status-publish","hentry"],"acf":[],"yoast_head":"<!-- This site is optimized with the Yoast SEO plugin v27.1.1 - https:\/\/yoast.com\/product\/yoast-seo-wordpress\/ -->\n<title>Comment caler son camping-car ?<\/title>\n<meta name=\"description\" content=\"FAQ - Comment caler son camping-car ?\" \/>\n<meta name=\"robots\" content=\"index, follow, max-snippet:-1, max-image-preview:large, max-video-preview:-1\" \/>\n<link rel=\"canonical\" href=\"https:\/\/www.campings.com\/fr\/content\/faq-camping\/comment-caler-son-camping-car\/\" \/>\n<meta property=\"og:locale\" content=\"fr_FR\" \/>\n<meta property=\"og:type\" content=\"article\" \/>\n<meta property=\"og:title\" content=\"Comment caler son camping-car ?\" \/>\n<meta property=\"og:description\" content=\"FAQ - Comment caler son camping-car ?\" \/>\n<meta property=\"og:url\" content=\"https:\/\/www.campings.com\/fr\/content\/faq-camping\/comment-caler-son-camping-car\/\" \/>\n<meta property=\"article:modified_time\" content=\"2020-02-28T14:23:33+00:00\" \/>\n<meta name=\"twitter:card\" content=\"summary_large_image\" \/>\n<meta name=\"twitter:label1\" content=\"Dur\u00e9e de lecture estim\u00e9e\" \/>\n\t<meta name=\"twitter:data1\" content=\"1 minute\" \/>\n<script type=\"application\/ld+json\" class=\"yoast-schema-graph\">{\"@context\":\"https:\/\/schema.org\",\"@graph\":[{\"@type\":\"WebPage\",\"@id\":\"https:\/\/www.campings.com\/fr\/content\/faq-camping\/comment-caler-son-camping-car\/\",\"url\":\"https:\/\/www.campings.com\/fr\/content\/faq-camping\/comment-caler-son-camping-car\/\",\"name\":\"Comment caler son camping-car ?\",\"isPartOf\":{\"@id\":\"https:\/\/www.campings.com\/fr\/content\/#website\"},\"datePublished\":\"2020-02-28T14:23:26+00:00\",\"dateModified\":\"2020-02-28T14:23:33+00:00\",\"description\":\"FAQ - Comment caler son camping-car ?\",\"breadcrumb\":{\"@id\":\"https:\/\/www.campings.com\/fr\/content\/faq-camping\/comment-caler-son-camping-car\/#breadcrumb\"},\"inLanguage\":\"fr-FR\",\"potentialAction\":[{\"@type\":\"ReadAction\",\"target\":[\"https:\/\/www.campings.com\/fr\/content\/faq-camping\/comment-caler-son-camping-car\/\"]}]},{\"@type\":\"BreadcrumbList\",\"@id\":\"https:\/\/www.campings.com\/fr\/content\/faq-camping\/comment-caler-son-camping-car\/#breadcrumb\",\"itemListElement\":[{\"@type\":\"ListItem\",\"position\":1,\"name\":\"Home\",\"item\":\"https:\/\/www.campings.com\/fr\/content\/\"},{\"@type\":\"ListItem\",\"position\":2,\"name\":\"FAQ camping\",\"item\":\"https:\/\/www.campings.com\/fr\/content\/faq-camping\/\"},{\"@type\":\"ListItem\",\"position\":3,\"name\":\"Comment caler son camping-car ?\"}]},{\"@type\":\"WebSite\",\"@id\":\"https:\/\/www.campings.com\/fr\/content\/#website\",\"url\":\"https:\/\/www.campings.com\/fr\/content\/\",\"name\":\"\",\"description\":\"\",\"publisher\":{\"@id\":\"https:\/\/www.campings.com\/fr\/content\/#organization\"},\"potentialAction\":[{\"@type\":\"SearchAction\",\"target\":{\"@type\":\"EntryPoint\",\"urlTemplate\":\"https:\/\/www.campings.com\/fr\/content\/?s={search_term_string}\"},\"query-input\":{\"@type\":\"PropertyValueSpecification\",\"valueRequired\":true,\"valueName\":\"search_term_string\"}}],\"inLanguage\":\"fr-FR\"},{\"@type\":\"Organization\",\"@id\":\"https:\/\/www.campings.com\/fr\/content\/#organization\",\"name\":\"CAMPINGS.COM\",\"url\":\"https:\/\/www.campings.com\/fr\/content\/\",\"logo\":{\"@type\":\"ImageObject\",\"inLanguage\":\"fr-FR\",\"@id\":\"https:\/\/www.campings.com\/fr\/content\/#\/schema\/logo\/image\/\",\"url\":\"https:\/\/www.campings.com\/fr\/content\/wp-content\/uploads\/2019\/01\/cropped-logo-1.png\",\"contentUrl\":\"https:\/\/www.campings.com\/fr\/content\/wp-content\/uploads\/2019\/01\/cropped-logo-1.png\",\"width\":174,\"height\":42,\"caption\":\"CAMPINGS.COM\"},\"image\":{\"@id\":\"https:\/\/www.campings.com\/fr\/content\/#\/schema\/logo\/image\/\"}}]}<\/script>\n<!-- \/ Yoast SEO plugin. -->","yoast_head_json":{"title":"Comment caler son camping-car ?","description":"FAQ - Comment caler son camping-car ?","robots":{"index":"index","follow":"follow","max-snippet":"max-snippet:-1","max-image-preview":"max-image-preview:large","max-video-preview":"max-video-preview:-1"},"canonical":"https:\/\/www.campings.com\/fr\/content\/faq-camping\/comment-caler-son-camping-car\/","og_locale":"fr_FR","og_type":"article","og_title":"Comment caler son camping-car ?","og_description":"FAQ - Comment caler son camping-car ?","og_url":"https:\/\/www.campings.com\/fr\/content\/faq-camping\/comment-caler-son-camping-car\/","article_modified_time":"2020-02-28T14:23:33+00:00","twitter_card":"summary_large_image","twitter_misc":{"Dur\u00e9e de lecture estim\u00e9e":"1 minute"},"schema":{"@context":"https:\/\/schema.org","@graph":[{"@type":"WebPage","@id":"https:\/\/www.campings.com\/fr\/content\/faq-camping\/comment-caler-son-camping-car\/","url":"https:\/\/www.campings.com\/fr\/content\/faq-camping\/comment-caler-son-camping-car\/","name":"Comment caler son camping-car ?","isPartOf":{"@id":"https:\/\/www.campings.com\/fr\/content\/#website"},"datePublished":"2020-02-28T14:23:26+00:00","dateModified":"2020-02-28T14:23:33+00:00","description":"FAQ - Comment caler son camping-car ?","breadcrumb":{"@id":"https:\/\/www.campings.com\/fr\/content\/faq-camping\/comment-caler-son-camping-car\/#breadcrumb"},"inLanguage":"fr-FR","potentialAction":[{"@type":"ReadAction","target":["https:\/\/www.campings.com\/fr\/content\/faq-camping\/comment-caler-son-camping-car\/"]}]},{"@type":"BreadcrumbList","@id":"https:\/\/www.campings.com\/fr\/content\/faq-camping\/comment-caler-son-camping-car\/#breadcrumb","itemListElement":[{"@type":"ListItem","position":1,"name":"Home","item":"https:\/\/www.campings.com\/fr\/content\/"},{"@type":"ListItem","position":2,"name":"FAQ camping","item":"https:\/\/www.campings.com\/fr\/content\/faq-camping\/"},{"@type":"ListItem","position":3,"name":"Comment caler son camping-car ?"}]},{"@type":"WebSite","@id":"https:\/\/www.campings.com\/fr\/content\/#website","url":"https:\/\/www.campings.com\/fr\/content\/","name":"","description":"","publisher":{"@id":"https:\/\/www.campings.com\/fr\/content\/#organization"},"potentialAction":[{"@type":"SearchAction","target":{"@type":"EntryPoint","urlTemplate":"https:\/\/www.campings.com\/fr\/content\/?s={search_term_string}"},"query-input":{"@type":"PropertyValueSpecification","valueRequired":true,"valueName":"search_term_string"}}],"inLanguage":"fr-FR"},{"@type":"Organization","@id":"https:\/\/www.campings.com\/fr\/content\/#organization","name":"CAMPINGS.COM","url":"https:\/\/www.campings.com\/fr\/content\/","logo":{"@type":"ImageObject","inLanguage":"fr-FR","@id":"https:\/\/www.campings.com\/fr\/content\/#\/schema\/logo\/image\/","url":"https:\/\/www.campings.com\/fr\/content\/wp-content\/uploads\/2019\/01\/cropped-logo-1.png","contentUrl":"https:\/\/www.campings.com\/fr\/content\/wp-content\/uploads\/2019\/01\/cropped-logo-1.png","width":174,"height":42,"caption":"CAMPINGS.COM"},"image":{"@id":"https:\/\/www.campings.com\/fr\/content\/#\/schema\/logo\/image\/"}}]}},"_links":{"self":[{"href":"https:\/\/www.campings.com\/fr\/content\/wp-json\/wp\/v2\/pages\/1712","targetHints":{"allow":["GET"]}}],"collection":[{"href":"https:\/\/www.campings.com\/fr\/content\/wp-json\/wp\/v2\/pages"}],"about":[{"href":"https:\/\/www.campings.com\/fr\/content\/wp-json\/wp\/v2\/types\/page"}],"author":[{"embeddable":true,"href":"https:\/\/www.campings.com\/fr\/content\/wp-json\/wp\/v2\/users\/2"}],"replies":[{"embeddable":true,"href":"https:\/\/www.campings.com\/fr\/content\/wp-json\/wp\/v2\/comments?post=1712"}],"version-history":[{"count":2,"href":"https:\/\/www.campings.com\/fr\/content\/wp-json\/wp\/v2\/pages\/1712\/revisions"}],"predecessor-version":[{"id":1714,"href":"https:\/\/www.campings.com\/fr\/content\/wp-json\/wp\/v2\/pages\/1712\/revisions\/1714"}],"up":[{"embeddable":true,"href":"https:\/\/www.campings.com\/fr\/content\/wp-json\/wp\/v2\/pages\/1638"}],"wp:attachment":[{"href":"https:\/\/www.campings.com\/fr\/content\/wp-json\/wp\/v2\/media?parent=1712"}],"curies":[{"name":"wp","href":"https:\/\/api.w.org\/{rel}","templated":true}]}}