{"id":1710,"date":"2020-02-28T14:21:26","date_gmt":"2020-02-28T14:21:26","guid":{"rendered":"https:\/\/www.campings.com\/fr\/content\/?page_id=1710"},"modified":"2020-02-28T14:21:35","modified_gmt":"2020-02-28T14:21:35","slug":"pourquoi-caler-son-camping-car","status":"publish","type":"page","link":"https:\/\/www.campings.com\/fr\/content\/faq-camping\/pourquoi-caler-son-camping-car\/","title":{"rendered":"Pourquoi caler son camping-car ?"},"content":{"rendered":"<p><strong>Caler son camping-car<\/strong> avec des <strong>cales<\/strong> au niveau des roues permet de retrouver un espace de vie de niveau. La pose de <strong>v\u00e9rins <\/strong>ou de <strong>chandelles de stabilisation<\/strong> permet de stabiliser le camping-car.<\/p>\n<h2>Caler son camping-car pour plus de confort<\/h2>\n<p><strong>Le camping-car est rarement de niveau<\/strong>, m\u00eame sur un terrain plat. En effet, l\u2019avant du camping-car a tendance \u00e0 \u00eatre plus bas que l\u2019arri\u00e8re. Ainsi lorsque vous prenez votre douche dans un camping-car sans cales, il peut arriver que l\u2019eau d\u00e9borde du fait de la faible pente au niveau du ch\u00e2ssis avant.<br \/>\nDe m\u00eame, dormir dans un lit l\u00e9g\u00e8rement en pente peut vous contraindre \u00e0 r\u00e9guli\u00e8rement vous repositionner dans votre lit. <strong>Les cales<\/strong> sous les roues des camping-cars permettent par cons\u00e9quent de <strong>compenser cette pente naturelle<\/strong> vers l\u2019avant du v\u00e9hicule pour retrouver un espace de vie de niveau.<\/p>\n<h2>Caler son camping-car pour plus de s\u00e9curit\u00e9<\/h2>\n<p>Les camping-cars peuvent stationner aussi bien en ville que sur des terrains en pleine nature. Le stationnement sur un terrain plat n\u2019est pas toujours possible. Pour <strong>plus de s\u00e9curit\u00e9<\/strong>, les <strong>cales sous les roues<\/strong> en contrebas par rapport au reste du v\u00e9hicule permettent de <strong>stabiliser le camping-car<\/strong> le temps de l\u2019arr\u00eat.<br \/>\nL\u2019installation de <strong>v\u00e9rins<\/strong> ou de <strong>chandelles de stabilisation<\/strong> permet \u00e9galement de stabiliser les camping-cars tout en <strong>s\u2019adaptant \u00e0 la pente du terrain et du v\u00e9hicule<\/strong>. Les v\u00e9rins et les chandelles de stabilisation se posent sous le ch\u00e2ssis du camping-car. Leur utilit\u00e9 est davantage centr\u00e9e sur la stabilisation du v\u00e9hicule que sur la mise \u00e0 niveau.<\/p>\n<p>&nbsp;<\/p>\n<p><a href=\"https:\/\/www.campings.com\/fr\/content\/tout-savoir-sur-le-camping\/faq-camping\/\">Retour \u00e0 la FAQ camping<\/a><\/p>\n","protected":false},"excerpt":{"rendered":"<p>Caler son camping-car avec des cales au niveau des roues permet de retrouver un espace de vie de niveau. La pose de v\u00e9rins ou de chandelles de stabilisation permet de stabiliser le camping-car. Caler son camping-car pour plus de confort Le camping-car est rarement de niveau, m\u00eame sur un terrain plat. En effet, l\u2019avant du [&hellip;]<\/p>\n","protected":false},"author":2,"featured_media":0,"parent":1638,"menu_order":0,"comment_status":"closed","ping_status":"closed","template":"template-twocolumns.php","meta":{"_acf_changed":false,"footnotes":""},"class_list":["post-1710","page","type-page","status-publish","hentry"],"acf":[],"yoast_head":"<!-- This site is optimized with the Yoast SEO plugin v27.1.1 - https:\/\/yoast.com\/product\/yoast-seo-wordpress\/ -->\n<title>Pourquoi caler son camping-car ?<\/title>\n<meta name=\"description\" content=\"FAQ - Pourquoi caler son camping-car ?\" \/>\n<meta name=\"robots\" content=\"index, follow, max-snippet:-1, max-image-preview:large, max-video-preview:-1\" \/>\n<link rel=\"canonical\" href=\"https:\/\/www.campings.com\/fr\/content\/faq-camping\/pourquoi-caler-son-camping-car\/\" \/>\n<meta property=\"og:locale\" content=\"fr_FR\" \/>\n<meta property=\"og:type\" content=\"article\" \/>\n<meta property=\"og:title\" content=\"Pourquoi caler son camping-car ?\" \/>\n<meta property=\"og:description\" content=\"FAQ - Pourquoi caler son camping-car ?\" \/>\n<meta property=\"og:url\" content=\"https:\/\/www.campings.com\/fr\/content\/faq-camping\/pourquoi-caler-son-camping-car\/\" \/>\n<meta property=\"article:modified_time\" content=\"2020-02-28T14:21:35+00:00\" \/>\n<meta name=\"twitter:card\" content=\"summary_large_image\" \/>\n<meta name=\"twitter:label1\" content=\"Dur\u00e9e de lecture estim\u00e9e\" \/>\n\t<meta name=\"twitter:data1\" content=\"1 minute\" \/>\n<script type=\"application\/ld+json\" class=\"yoast-schema-graph\">{\"@context\":\"https:\/\/schema.org\",\"@graph\":[{\"@type\":\"WebPage\",\"@id\":\"https:\/\/www.campings.com\/fr\/content\/faq-camping\/pourquoi-caler-son-camping-car\/\",\"url\":\"https:\/\/www.campings.com\/fr\/content\/faq-camping\/pourquoi-caler-son-camping-car\/\",\"name\":\"Pourquoi caler son camping-car ?\",\"isPartOf\":{\"@id\":\"https:\/\/www.campings.com\/fr\/content\/#website\"},\"datePublished\":\"2020-02-28T14:21:26+00:00\",\"dateModified\":\"2020-02-28T14:21:35+00:00\",\"description\":\"FAQ - Pourquoi caler son camping-car ?\",\"breadcrumb\":{\"@id\":\"https:\/\/www.campings.com\/fr\/content\/faq-camping\/pourquoi-caler-son-camping-car\/#breadcrumb\"},\"inLanguage\":\"fr-FR\",\"potentialAction\":[{\"@type\":\"ReadAction\",\"target\":[\"https:\/\/www.campings.com\/fr\/content\/faq-camping\/pourquoi-caler-son-camping-car\/\"]}]},{\"@type\":\"BreadcrumbList\",\"@id\":\"https:\/\/www.campings.com\/fr\/content\/faq-camping\/pourquoi-caler-son-camping-car\/#breadcrumb\",\"itemListElement\":[{\"@type\":\"ListItem\",\"position\":1,\"name\":\"Home\",\"item\":\"https:\/\/www.campings.com\/fr\/content\/\"},{\"@type\":\"ListItem\",\"position\":2,\"name\":\"FAQ camping\",\"item\":\"https:\/\/www.campings.com\/fr\/content\/faq-camping\/\"},{\"@type\":\"ListItem\",\"position\":3,\"name\":\"Pourquoi caler son camping-car ?\"}]},{\"@type\":\"WebSite\",\"@id\":\"https:\/\/www.campings.com\/fr\/content\/#website\",\"url\":\"https:\/\/www.campings.com\/fr\/content\/\",\"name\":\"\",\"description\":\"\",\"publisher\":{\"@id\":\"https:\/\/www.campings.com\/fr\/content\/#organization\"},\"potentialAction\":[{\"@type\":\"SearchAction\",\"target\":{\"@type\":\"EntryPoint\",\"urlTemplate\":\"https:\/\/www.campings.com\/fr\/content\/?s={search_term_string}\"},\"query-input\":{\"@type\":\"PropertyValueSpecification\",\"valueRequired\":true,\"valueName\":\"search_term_string\"}}],\"inLanguage\":\"fr-FR\"},{\"@type\":\"Organization\",\"@id\":\"https:\/\/www.campings.com\/fr\/content\/#organization\",\"name\":\"CAMPINGS.COM\",\"url\":\"https:\/\/www.campings.com\/fr\/content\/\",\"logo\":{\"@type\":\"ImageObject\",\"inLanguage\":\"fr-FR\",\"@id\":\"https:\/\/www.campings.com\/fr\/content\/#\/schema\/logo\/image\/\",\"url\":\"https:\/\/www.campings.com\/fr\/content\/wp-content\/uploads\/2019\/01\/cropped-logo-1.png\",\"contentUrl\":\"https:\/\/www.campings.com\/fr\/content\/wp-content\/uploads\/2019\/01\/cropped-logo-1.png\",\"width\":174,\"height\":42,\"caption\":\"CAMPINGS.COM\"},\"image\":{\"@id\":\"https:\/\/www.campings.com\/fr\/content\/#\/schema\/logo\/image\/\"}}]}<\/script>\n<!-- \/ Yoast SEO plugin. -->","yoast_head_json":{"title":"Pourquoi caler son camping-car ?","description":"FAQ - Pourquoi caler son camping-car ?","robots":{"index":"index","follow":"follow","max-snippet":"max-snippet:-1","max-image-preview":"max-image-preview:large","max-video-preview":"max-video-preview:-1"},"canonical":"https:\/\/www.campings.com\/fr\/content\/faq-camping\/pourquoi-caler-son-camping-car\/","og_locale":"fr_FR","og_type":"article","og_title":"Pourquoi caler son camping-car ?","og_description":"FAQ - Pourquoi caler son camping-car ?","og_url":"https:\/\/www.campings.com\/fr\/content\/faq-camping\/pourquoi-caler-son-camping-car\/","article_modified_time":"2020-02-28T14:21:35+00:00","twitter_card":"summary_large_image","twitter_misc":{"Dur\u00e9e de lecture estim\u00e9e":"1 minute"},"schema":{"@context":"https:\/\/schema.org","@graph":[{"@type":"WebPage","@id":"https:\/\/www.campings.com\/fr\/content\/faq-camping\/pourquoi-caler-son-camping-car\/","url":"https:\/\/www.campings.com\/fr\/content\/faq-camping\/pourquoi-caler-son-camping-car\/","name":"Pourquoi caler son camping-car ?","isPartOf":{"@id":"https:\/\/www.campings.com\/fr\/content\/#website"},"datePublished":"2020-02-28T14:21:26+00:00","dateModified":"2020-02-28T14:21:35+00:00","description":"FAQ - Pourquoi caler son camping-car ?","breadcrumb":{"@id":"https:\/\/www.campings.com\/fr\/content\/faq-camping\/pourquoi-caler-son-camping-car\/#breadcrumb"},"inLanguage":"fr-FR","potentialAction":[{"@type":"ReadAction","target":["https:\/\/www.campings.com\/fr\/content\/faq-camping\/pourquoi-caler-son-camping-car\/"]}]},{"@type":"BreadcrumbList","@id":"https:\/\/www.campings.com\/fr\/content\/faq-camping\/pourquoi-caler-son-camping-car\/#breadcrumb","itemListElement":[{"@type":"ListItem","position":1,"name":"Home","item":"https:\/\/www.campings.com\/fr\/content\/"},{"@type":"ListItem","position":2,"name":"FAQ camping","item":"https:\/\/www.campings.com\/fr\/content\/faq-camping\/"},{"@type":"ListItem","position":3,"name":"Pourquoi caler son camping-car ?"}]},{"@type":"WebSite","@id":"https:\/\/www.campings.com\/fr\/content\/#website","url":"https:\/\/www.campings.com\/fr\/content\/","name":"","description":"","publisher":{"@id":"https:\/\/www.campings.com\/fr\/content\/#organization"},"potentialAction":[{"@type":"SearchAction","target":{"@type":"EntryPoint","urlTemplate":"https:\/\/www.campings.com\/fr\/content\/?s={search_term_string}"},"query-input":{"@type":"PropertyValueSpecification","valueRequired":true,"valueName":"search_term_string"}}],"inLanguage":"fr-FR"},{"@type":"Organization","@id":"https:\/\/www.campings.com\/fr\/content\/#organization","name":"CAMPINGS.COM","url":"https:\/\/www.campings.com\/fr\/content\/","logo":{"@type":"ImageObject","inLanguage":"fr-FR","@id":"https:\/\/www.campings.com\/fr\/content\/#\/schema\/logo\/image\/","url":"https:\/\/www.campings.com\/fr\/content\/wp-content\/uploads\/2019\/01\/cropped-logo-1.png","contentUrl":"https:\/\/www.campings.com\/fr\/content\/wp-content\/uploads\/2019\/01\/cropped-logo-1.png","width":174,"height":42,"caption":"CAMPINGS.COM"},"image":{"@id":"https:\/\/www.campings.com\/fr\/content\/#\/schema\/logo\/image\/"}}]}},"_links":{"self":[{"href":"https:\/\/www.campings.com\/fr\/content\/wp-json\/wp\/v2\/pages\/1710","targetHints":{"allow":["GET"]}}],"collection":[{"href":"https:\/\/www.campings.com\/fr\/content\/wp-json\/wp\/v2\/pages"}],"about":[{"href":"https:\/\/www.campings.com\/fr\/content\/wp-json\/wp\/v2\/types\/page"}],"author":[{"embeddable":true,"href":"https:\/\/www.campings.com\/fr\/content\/wp-json\/wp\/v2\/users\/2"}],"replies":[{"embeddable":true,"href":"https:\/\/www.campings.com\/fr\/content\/wp-json\/wp\/v2\/comments?post=1710"}],"version-history":[{"count":1,"href":"https:\/\/www.campings.com\/fr\/content\/wp-json\/wp\/v2\/pages\/1710\/revisions"}],"predecessor-version":[{"id":1711,"href":"https:\/\/www.campings.com\/fr\/content\/wp-json\/wp\/v2\/pages\/1710\/revisions\/1711"}],"up":[{"embeddable":true,"href":"https:\/\/www.campings.com\/fr\/content\/wp-json\/wp\/v2\/pages\/1638"}],"wp:attachment":[{"href":"https:\/\/www.campings.com\/fr\/content\/wp-json\/wp\/v2\/media?parent=1710"}],"curies":[{"name":"wp","href":"https:\/\/api.w.org\/{rel}","templated":true}]}}