{"id":1708,"date":"2020-02-28T14:20:17","date_gmt":"2020-02-28T14:20:17","guid":{"rendered":"https:\/\/www.campings.com\/fr\/content\/?page_id=1708"},"modified":"2020-02-28T14:20:24","modified_gmt":"2020-02-28T14:20:24","slug":"pourquoi-brancher-un-camping-car","status":"publish","type":"page","link":"https:\/\/www.campings.com\/fr\/content\/faq-camping\/pourquoi-brancher-un-camping-car\/","title":{"rendered":"Pourquoi brancher un camping-car ?"},"content":{"rendered":"<p><strong>Brancher un camping-car<\/strong> sur un r\u00e9seau \u00e9lectrique permet de <strong>recharger<\/strong> et de <strong>pr\u00e9server les batteries<\/strong> du camping-car. Pendant l&rsquo;hivernage, le branchement du camping-car sur le r\u00e9seau \u00e9lectrique permet \u00e9galement de <strong>prot\u00e9ger les batteries du froid<\/strong>.<\/p>\n<h2>Brancher un camping-car pour pr\u00e9server les batteries<\/h2>\n<p>Un camping-car poss\u00e8de 2 batteries :<\/p>\n<ul>\n<li>une <strong>batterie moteur<\/strong> pour le fonctionnement de la partie v\u00e9hicule (d\u00e9marrage, phares, etc.) ;<\/li>\n<li>une <strong>batterie cellule<\/strong> qui alimente en \u00e9lectricit\u00e9 les appareils \u00e9lectriques fonctionnant sur du 12 volts dans l\u2019espace de vie du camping-car.<\/li>\n<\/ul>\n<p>Pour pr\u00e9server ces 2 batteries, il est conseill\u00e9 de ne pas attendre une d\u00e9charge totale de toutes les cellules composant ces batteries. Une <strong>d\u00e9charge de maximum 50 %<\/strong> permet d\u2019\u00e9viter une usure pr\u00e9matur\u00e9e des batteries du camping-car. Les batteries qui ne se d\u00e9chargent pas au-del\u00e0 de 50 % poss\u00e8dent une <strong>dur\u00e9e de vie moyenne 4 \u00e0 6 plus longue<\/strong>.<br \/>\nSi vous n\u2019avez pas la possibilit\u00e9 de brancher votre camping-car aussi souvent qu\u2019il le faudrait, vous pouvez installer des panneaux solaires sur votre camping-car. Ces <strong>panneaux solaires 12 volt<\/strong>s vont produire de l\u2019\u00e9lectricit\u00e9 qui servira \u00e0 recharger la batterie cellule du camping-car gr\u00e2ce \u00e0 un r\u00e9gulateur.<\/p>\n<h2>Brancher un camping-car pour l\u2019hivernage<\/h2>\n<p>Brancher un camping-car durant l\u2019hiver est conseill\u00e9 par la plupart des fabricants de camping-cars. <strong>Le froid peut d\u00e9charger les batteries<\/strong> de votre camping-car durant l\u2019hiver si celles-ci restent branch\u00e9es dans le v\u00e9hicule. De plus, certains \u00e9quipements de votre camping-car vont consommer de l\u2019\u00e9lectricit\u00e9, m\u00eame lorsque vous n\u2019utilisez pas votre camping-car.<br \/>\nPour \u00e9viter que les batteries se d\u00e9chargent pendant l\u2019hiver, il est conseill\u00e9 de <strong>laisser votre camping-car branch\u00e9 sur le r\u00e9seau \u00e9lectrique<\/strong>. Vous pouvez \u00e9galement d\u00e9brancher les batteries et les entreposer dans un endroit au sec et \u00e0 l\u2019abri du froid. N\u2019h\u00e9sitez pas \u00e0 demander conseil aupr\u00e8s du constructeur de votre camping-car.<\/p>\n<p>&nbsp;<\/p>\n<p><a href=\"https:\/\/www.campings.com\/fr\/content\/tout-savoir-sur-le-camping\/faq-camping\/\">Retour \u00e0 la FAQ camping<\/a><\/p>\n","protected":false},"excerpt":{"rendered":"<p>Brancher un camping-car sur un r\u00e9seau \u00e9lectrique permet de recharger et de pr\u00e9server les batteries du camping-car. Pendant l&rsquo;hivernage, le branchement du camping-car sur le r\u00e9seau \u00e9lectrique permet \u00e9galement de prot\u00e9ger les batteries du froid. Brancher un camping-car pour pr\u00e9server les batteries Un camping-car poss\u00e8de 2 batteries : une batterie moteur pour le fonctionnement de [&hellip;]<\/p>\n","protected":false},"author":2,"featured_media":0,"parent":1638,"menu_order":0,"comment_status":"closed","ping_status":"closed","template":"template-twocolumns.php","meta":{"_acf_changed":false,"footnotes":""},"class_list":["post-1708","page","type-page","status-publish","hentry"],"acf":[],"yoast_head":"<!-- This site is optimized with the Yoast SEO plugin v27.1.1 - https:\/\/yoast.com\/product\/yoast-seo-wordpress\/ -->\n<title>Pourquoi brancher un camping-car ?<\/title>\n<meta name=\"description\" content=\"FAQ - Pourquoi brancher un camping-car ?\" \/>\n<meta name=\"robots\" content=\"index, follow, max-snippet:-1, max-image-preview:large, max-video-preview:-1\" \/>\n<link rel=\"canonical\" href=\"https:\/\/www.campings.com\/fr\/content\/faq-camping\/pourquoi-brancher-un-camping-car\/\" \/>\n<meta property=\"og:locale\" content=\"fr_FR\" \/>\n<meta property=\"og:type\" content=\"article\" \/>\n<meta property=\"og:title\" content=\"Pourquoi brancher un camping-car ?\" \/>\n<meta property=\"og:description\" content=\"FAQ - Pourquoi brancher un camping-car ?\" \/>\n<meta property=\"og:url\" content=\"https:\/\/www.campings.com\/fr\/content\/faq-camping\/pourquoi-brancher-un-camping-car\/\" \/>\n<meta property=\"article:modified_time\" content=\"2020-02-28T14:20:24+00:00\" \/>\n<meta name=\"twitter:card\" content=\"summary_large_image\" \/>\n<meta name=\"twitter:label1\" content=\"Dur\u00e9e de lecture estim\u00e9e\" \/>\n\t<meta name=\"twitter:data1\" content=\"2 minutes\" \/>\n<script type=\"application\/ld+json\" class=\"yoast-schema-graph\">{\"@context\":\"https:\/\/schema.org\",\"@graph\":[{\"@type\":\"WebPage\",\"@id\":\"https:\/\/www.campings.com\/fr\/content\/faq-camping\/pourquoi-brancher-un-camping-car\/\",\"url\":\"https:\/\/www.campings.com\/fr\/content\/faq-camping\/pourquoi-brancher-un-camping-car\/\",\"name\":\"Pourquoi brancher un camping-car ?\",\"isPartOf\":{\"@id\":\"https:\/\/www.campings.com\/fr\/content\/#website\"},\"datePublished\":\"2020-02-28T14:20:17+00:00\",\"dateModified\":\"2020-02-28T14:20:24+00:00\",\"description\":\"FAQ - Pourquoi brancher un camping-car ?\",\"breadcrumb\":{\"@id\":\"https:\/\/www.campings.com\/fr\/content\/faq-camping\/pourquoi-brancher-un-camping-car\/#breadcrumb\"},\"inLanguage\":\"fr-FR\",\"potentialAction\":[{\"@type\":\"ReadAction\",\"target\":[\"https:\/\/www.campings.com\/fr\/content\/faq-camping\/pourquoi-brancher-un-camping-car\/\"]}]},{\"@type\":\"BreadcrumbList\",\"@id\":\"https:\/\/www.campings.com\/fr\/content\/faq-camping\/pourquoi-brancher-un-camping-car\/#breadcrumb\",\"itemListElement\":[{\"@type\":\"ListItem\",\"position\":1,\"name\":\"Home\",\"item\":\"https:\/\/www.campings.com\/fr\/content\/\"},{\"@type\":\"ListItem\",\"position\":2,\"name\":\"FAQ camping\",\"item\":\"https:\/\/www.campings.com\/fr\/content\/faq-camping\/\"},{\"@type\":\"ListItem\",\"position\":3,\"name\":\"Pourquoi brancher un camping-car ?\"}]},{\"@type\":\"WebSite\",\"@id\":\"https:\/\/www.campings.com\/fr\/content\/#website\",\"url\":\"https:\/\/www.campings.com\/fr\/content\/\",\"name\":\"\",\"description\":\"\",\"publisher\":{\"@id\":\"https:\/\/www.campings.com\/fr\/content\/#organization\"},\"potentialAction\":[{\"@type\":\"SearchAction\",\"target\":{\"@type\":\"EntryPoint\",\"urlTemplate\":\"https:\/\/www.campings.com\/fr\/content\/?s={search_term_string}\"},\"query-input\":{\"@type\":\"PropertyValueSpecification\",\"valueRequired\":true,\"valueName\":\"search_term_string\"}}],\"inLanguage\":\"fr-FR\"},{\"@type\":\"Organization\",\"@id\":\"https:\/\/www.campings.com\/fr\/content\/#organization\",\"name\":\"CAMPINGS.COM\",\"url\":\"https:\/\/www.campings.com\/fr\/content\/\",\"logo\":{\"@type\":\"ImageObject\",\"inLanguage\":\"fr-FR\",\"@id\":\"https:\/\/www.campings.com\/fr\/content\/#\/schema\/logo\/image\/\",\"url\":\"https:\/\/www.campings.com\/fr\/content\/wp-content\/uploads\/2019\/01\/cropped-logo-1.png\",\"contentUrl\":\"https:\/\/www.campings.com\/fr\/content\/wp-content\/uploads\/2019\/01\/cropped-logo-1.png\",\"width\":174,\"height\":42,\"caption\":\"CAMPINGS.COM\"},\"image\":{\"@id\":\"https:\/\/www.campings.com\/fr\/content\/#\/schema\/logo\/image\/\"}}]}<\/script>\n<!-- \/ Yoast SEO plugin. -->","yoast_head_json":{"title":"Pourquoi brancher un camping-car ?","description":"FAQ - Pourquoi brancher un camping-car ?","robots":{"index":"index","follow":"follow","max-snippet":"max-snippet:-1","max-image-preview":"max-image-preview:large","max-video-preview":"max-video-preview:-1"},"canonical":"https:\/\/www.campings.com\/fr\/content\/faq-camping\/pourquoi-brancher-un-camping-car\/","og_locale":"fr_FR","og_type":"article","og_title":"Pourquoi brancher un camping-car ?","og_description":"FAQ - Pourquoi brancher un camping-car ?","og_url":"https:\/\/www.campings.com\/fr\/content\/faq-camping\/pourquoi-brancher-un-camping-car\/","article_modified_time":"2020-02-28T14:20:24+00:00","twitter_card":"summary_large_image","twitter_misc":{"Dur\u00e9e de lecture estim\u00e9e":"2 minutes"},"schema":{"@context":"https:\/\/schema.org","@graph":[{"@type":"WebPage","@id":"https:\/\/www.campings.com\/fr\/content\/faq-camping\/pourquoi-brancher-un-camping-car\/","url":"https:\/\/www.campings.com\/fr\/content\/faq-camping\/pourquoi-brancher-un-camping-car\/","name":"Pourquoi brancher un camping-car ?","isPartOf":{"@id":"https:\/\/www.campings.com\/fr\/content\/#website"},"datePublished":"2020-02-28T14:20:17+00:00","dateModified":"2020-02-28T14:20:24+00:00","description":"FAQ - Pourquoi brancher un camping-car ?","breadcrumb":{"@id":"https:\/\/www.campings.com\/fr\/content\/faq-camping\/pourquoi-brancher-un-camping-car\/#breadcrumb"},"inLanguage":"fr-FR","potentialAction":[{"@type":"ReadAction","target":["https:\/\/www.campings.com\/fr\/content\/faq-camping\/pourquoi-brancher-un-camping-car\/"]}]},{"@type":"BreadcrumbList","@id":"https:\/\/www.campings.com\/fr\/content\/faq-camping\/pourquoi-brancher-un-camping-car\/#breadcrumb","itemListElement":[{"@type":"ListItem","position":1,"name":"Home","item":"https:\/\/www.campings.com\/fr\/content\/"},{"@type":"ListItem","position":2,"name":"FAQ camping","item":"https:\/\/www.campings.com\/fr\/content\/faq-camping\/"},{"@type":"ListItem","position":3,"name":"Pourquoi brancher un camping-car ?"}]},{"@type":"WebSite","@id":"https:\/\/www.campings.com\/fr\/content\/#website","url":"https:\/\/www.campings.com\/fr\/content\/","name":"","description":"","publisher":{"@id":"https:\/\/www.campings.com\/fr\/content\/#organization"},"potentialAction":[{"@type":"SearchAction","target":{"@type":"EntryPoint","urlTemplate":"https:\/\/www.campings.com\/fr\/content\/?s={search_term_string}"},"query-input":{"@type":"PropertyValueSpecification","valueRequired":true,"valueName":"search_term_string"}}],"inLanguage":"fr-FR"},{"@type":"Organization","@id":"https:\/\/www.campings.com\/fr\/content\/#organization","name":"CAMPINGS.COM","url":"https:\/\/www.campings.com\/fr\/content\/","logo":{"@type":"ImageObject","inLanguage":"fr-FR","@id":"https:\/\/www.campings.com\/fr\/content\/#\/schema\/logo\/image\/","url":"https:\/\/www.campings.com\/fr\/content\/wp-content\/uploads\/2019\/01\/cropped-logo-1.png","contentUrl":"https:\/\/www.campings.com\/fr\/content\/wp-content\/uploads\/2019\/01\/cropped-logo-1.png","width":174,"height":42,"caption":"CAMPINGS.COM"},"image":{"@id":"https:\/\/www.campings.com\/fr\/content\/#\/schema\/logo\/image\/"}}]}},"_links":{"self":[{"href":"https:\/\/www.campings.com\/fr\/content\/wp-json\/wp\/v2\/pages\/1708","targetHints":{"allow":["GET"]}}],"collection":[{"href":"https:\/\/www.campings.com\/fr\/content\/wp-json\/wp\/v2\/pages"}],"about":[{"href":"https:\/\/www.campings.com\/fr\/content\/wp-json\/wp\/v2\/types\/page"}],"author":[{"embeddable":true,"href":"https:\/\/www.campings.com\/fr\/content\/wp-json\/wp\/v2\/users\/2"}],"replies":[{"embeddable":true,"href":"https:\/\/www.campings.com\/fr\/content\/wp-json\/wp\/v2\/comments?post=1708"}],"version-history":[{"count":1,"href":"https:\/\/www.campings.com\/fr\/content\/wp-json\/wp\/v2\/pages\/1708\/revisions"}],"predecessor-version":[{"id":1709,"href":"https:\/\/www.campings.com\/fr\/content\/wp-json\/wp\/v2\/pages\/1708\/revisions\/1709"}],"up":[{"embeddable":true,"href":"https:\/\/www.campings.com\/fr\/content\/wp-json\/wp\/v2\/pages\/1638"}],"wp:attachment":[{"href":"https:\/\/www.campings.com\/fr\/content\/wp-json\/wp\/v2\/media?parent=1708"}],"curies":[{"name":"wp","href":"https:\/\/api.w.org\/{rel}","templated":true}]}}