{"id":1706,"date":"2020-02-28T14:18:59","date_gmt":"2020-02-28T14:18:59","guid":{"rendered":"https:\/\/www.campings.com\/fr\/content\/?page_id=1706"},"modified":"2020-02-28T14:19:11","modified_gmt":"2020-02-28T14:19:11","slug":"combien-coute-l-hivernage-d-un-camping-car","status":"publish","type":"page","link":"https:\/\/www.campings.com\/fr\/content\/faq-camping\/combien-coute-l-hivernage-d-un-camping-car\/","title":{"rendered":"Combien co\u00fbte l&rsquo;hivernage d&rsquo;un camping-car ?"},"content":{"rendered":"<p>L&rsquo;<strong>hivernage d&rsquo;un camping-car<\/strong> co\u00fbte <strong>plus ou moins cher<\/strong> selon l&rsquo;endroit o\u00f9 il est stationn\u00e9. Si vous ne poss\u00e9dez pas de garage suffisamment grand pour y stationner votre camping-car, vous pouvez le d\u00e9poser <strong>chez un professionnel du gardiennage<\/strong> ou <strong>chez un agriculteur<\/strong> qui propose des emplacements dans un hangar.<\/p>\n<h2>Le prix de l\u2019hivernage d\u2019un camping-car dans un centre de gardiennage<\/h2>\n<p>Le prix de l\u2019hivernage d\u2019un camping-car dans un centre professionnel de gardiennage varie selon les <strong>prestations propos\u00e9es<\/strong>. Certains centres de gardiennage proposent en plus de l\u2019emplacement :<\/p>\n<ul>\n<li>le nettoyage du camping-car ;<\/li>\n<li>une r\u00e9vision m\u00e9canique du moteur ;<\/li>\n<li>une assurance en cas de vol ou de d\u00e9gradations dues \u00e0 une catastrophe naturelle ;<\/li>\n<li>un syst\u00e8me de vid\u00e9o surveillance ;<\/li>\n<li>etc.<\/li>\n<\/ul>\n<p>Le <strong>prix moyen<\/strong> de la location d\u2019un emplacement couvert pour un camping-car dans un centre de gardiennage professionnel est de <strong>550 \u20ac par an<\/strong>.<\/p>\n<h2>Le prix de l\u2019hivernage d\u2019un camping-car chez un agriculteur<\/h2>\n<p>Les agriculteurs b\u00e9n\u00e9ficient de grands hangars pour leur exploitation. Certains de ces <strong>hangars<\/strong> ne sont pas utilis\u00e9s en totalit\u00e9. Pour rentabiliser ces m\u00e8tres carr\u00e9s de perdu, de plus en plus d\u2019agriculteurs proposent des <strong>emplacements couverts<\/strong> pour y stationner son camping-car durant l\u2019hiver.<br \/>\nL\u2019hivernage d\u2019un camping-car chez un agriculteur co\u00fbte moins cher que dans un centre professionnel de gardiennage de camping-cars, de v\u00e9hicules et de caravanes. Le <strong>prix moyen<\/strong> du gardiennage d\u2019un camping-car chez un agriculteur est de <strong>350 \u20ac par an<\/strong>. Ce prix comprend la plupart du temps uniquement le stationnement du v\u00e9hicule dans un lieu couvert, sans services compl\u00e9mentaires d\u2019entretien du v\u00e9hicule.<\/p>\n<p>&nbsp;<\/p>\n<p><a href=\"https:\/\/www.campings.com\/fr\/content\/tout-savoir-sur-le-camping\/faq-camping\/\">Retour \u00e0 la FAQ camping<\/a><\/p>\n","protected":false},"excerpt":{"rendered":"<p>L&rsquo;hivernage d&rsquo;un camping-car co\u00fbte plus ou moins cher selon l&rsquo;endroit o\u00f9 il est stationn\u00e9. Si vous ne poss\u00e9dez pas de garage suffisamment grand pour y stationner votre camping-car, vous pouvez le d\u00e9poser chez un professionnel du gardiennage ou chez un agriculteur qui propose des emplacements dans un hangar. Le prix de l\u2019hivernage d\u2019un camping-car dans [&hellip;]<\/p>\n","protected":false},"author":2,"featured_media":0,"parent":1638,"menu_order":0,"comment_status":"closed","ping_status":"closed","template":"template-twocolumns.php","meta":{"_acf_changed":false,"footnotes":""},"class_list":["post-1706","page","type-page","status-publish","hentry"],"acf":[],"yoast_head":"<!-- This site is optimized with the Yoast SEO plugin v27.1.1 - https:\/\/yoast.com\/product\/yoast-seo-wordpress\/ -->\n<title>Combien co\u00fbte l&#039;hivernage d&#039;un camping-car ?<\/title>\n<meta name=\"description\" content=\"FAQ - Combien co\u00fbte l&#039;hivernage d&#039;un camping-car ?\" \/>\n<meta name=\"robots\" content=\"index, follow, max-snippet:-1, max-image-preview:large, max-video-preview:-1\" \/>\n<link rel=\"canonical\" href=\"https:\/\/www.campings.com\/fr\/content\/faq-camping\/combien-coute-l-hivernage-d-un-camping-car\/\" \/>\n<meta property=\"og:locale\" content=\"fr_FR\" \/>\n<meta property=\"og:type\" content=\"article\" \/>\n<meta property=\"og:title\" content=\"Combien co\u00fbte l&#039;hivernage d&#039;un camping-car ?\" \/>\n<meta property=\"og:description\" content=\"FAQ - Combien co\u00fbte l&#039;hivernage d&#039;un camping-car ?\" \/>\n<meta property=\"og:url\" content=\"https:\/\/www.campings.com\/fr\/content\/faq-camping\/combien-coute-l-hivernage-d-un-camping-car\/\" \/>\n<meta property=\"article:modified_time\" content=\"2020-02-28T14:19:11+00:00\" \/>\n<meta name=\"twitter:card\" content=\"summary_large_image\" \/>\n<meta name=\"twitter:label1\" content=\"Dur\u00e9e de lecture estim\u00e9e\" \/>\n\t<meta name=\"twitter:data1\" content=\"1 minute\" \/>\n<script type=\"application\/ld+json\" class=\"yoast-schema-graph\">{\"@context\":\"https:\/\/schema.org\",\"@graph\":[{\"@type\":\"WebPage\",\"@id\":\"https:\/\/www.campings.com\/fr\/content\/faq-camping\/combien-coute-l-hivernage-d-un-camping-car\/\",\"url\":\"https:\/\/www.campings.com\/fr\/content\/faq-camping\/combien-coute-l-hivernage-d-un-camping-car\/\",\"name\":\"Combien co\u00fbte l'hivernage d'un camping-car ?\",\"isPartOf\":{\"@id\":\"https:\/\/www.campings.com\/fr\/content\/#website\"},\"datePublished\":\"2020-02-28T14:18:59+00:00\",\"dateModified\":\"2020-02-28T14:19:11+00:00\",\"description\":\"FAQ - Combien co\u00fbte l'hivernage d'un camping-car ?\",\"breadcrumb\":{\"@id\":\"https:\/\/www.campings.com\/fr\/content\/faq-camping\/combien-coute-l-hivernage-d-un-camping-car\/#breadcrumb\"},\"inLanguage\":\"fr-FR\",\"potentialAction\":[{\"@type\":\"ReadAction\",\"target\":[\"https:\/\/www.campings.com\/fr\/content\/faq-camping\/combien-coute-l-hivernage-d-un-camping-car\/\"]}]},{\"@type\":\"BreadcrumbList\",\"@id\":\"https:\/\/www.campings.com\/fr\/content\/faq-camping\/combien-coute-l-hivernage-d-un-camping-car\/#breadcrumb\",\"itemListElement\":[{\"@type\":\"ListItem\",\"position\":1,\"name\":\"Home\",\"item\":\"https:\/\/www.campings.com\/fr\/content\/\"},{\"@type\":\"ListItem\",\"position\":2,\"name\":\"FAQ camping\",\"item\":\"https:\/\/www.campings.com\/fr\/content\/faq-camping\/\"},{\"@type\":\"ListItem\",\"position\":3,\"name\":\"Combien co\u00fbte l&rsquo;hivernage d&rsquo;un camping-car ?\"}]},{\"@type\":\"WebSite\",\"@id\":\"https:\/\/www.campings.com\/fr\/content\/#website\",\"url\":\"https:\/\/www.campings.com\/fr\/content\/\",\"name\":\"\",\"description\":\"\",\"publisher\":{\"@id\":\"https:\/\/www.campings.com\/fr\/content\/#organization\"},\"potentialAction\":[{\"@type\":\"SearchAction\",\"target\":{\"@type\":\"EntryPoint\",\"urlTemplate\":\"https:\/\/www.campings.com\/fr\/content\/?s={search_term_string}\"},\"query-input\":{\"@type\":\"PropertyValueSpecification\",\"valueRequired\":true,\"valueName\":\"search_term_string\"}}],\"inLanguage\":\"fr-FR\"},{\"@type\":\"Organization\",\"@id\":\"https:\/\/www.campings.com\/fr\/content\/#organization\",\"name\":\"CAMPINGS.COM\",\"url\":\"https:\/\/www.campings.com\/fr\/content\/\",\"logo\":{\"@type\":\"ImageObject\",\"inLanguage\":\"fr-FR\",\"@id\":\"https:\/\/www.campings.com\/fr\/content\/#\/schema\/logo\/image\/\",\"url\":\"https:\/\/www.campings.com\/fr\/content\/wp-content\/uploads\/2019\/01\/cropped-logo-1.png\",\"contentUrl\":\"https:\/\/www.campings.com\/fr\/content\/wp-content\/uploads\/2019\/01\/cropped-logo-1.png\",\"width\":174,\"height\":42,\"caption\":\"CAMPINGS.COM\"},\"image\":{\"@id\":\"https:\/\/www.campings.com\/fr\/content\/#\/schema\/logo\/image\/\"}}]}<\/script>\n<!-- \/ Yoast SEO plugin. -->","yoast_head_json":{"title":"Combien co\u00fbte l'hivernage d'un camping-car ?","description":"FAQ - Combien co\u00fbte l'hivernage d'un camping-car ?","robots":{"index":"index","follow":"follow","max-snippet":"max-snippet:-1","max-image-preview":"max-image-preview:large","max-video-preview":"max-video-preview:-1"},"canonical":"https:\/\/www.campings.com\/fr\/content\/faq-camping\/combien-coute-l-hivernage-d-un-camping-car\/","og_locale":"fr_FR","og_type":"article","og_title":"Combien co\u00fbte l'hivernage d'un camping-car ?","og_description":"FAQ - Combien co\u00fbte l'hivernage d'un camping-car ?","og_url":"https:\/\/www.campings.com\/fr\/content\/faq-camping\/combien-coute-l-hivernage-d-un-camping-car\/","article_modified_time":"2020-02-28T14:19:11+00:00","twitter_card":"summary_large_image","twitter_misc":{"Dur\u00e9e de lecture estim\u00e9e":"1 minute"},"schema":{"@context":"https:\/\/schema.org","@graph":[{"@type":"WebPage","@id":"https:\/\/www.campings.com\/fr\/content\/faq-camping\/combien-coute-l-hivernage-d-un-camping-car\/","url":"https:\/\/www.campings.com\/fr\/content\/faq-camping\/combien-coute-l-hivernage-d-un-camping-car\/","name":"Combien co\u00fbte l'hivernage d'un camping-car ?","isPartOf":{"@id":"https:\/\/www.campings.com\/fr\/content\/#website"},"datePublished":"2020-02-28T14:18:59+00:00","dateModified":"2020-02-28T14:19:11+00:00","description":"FAQ - Combien co\u00fbte l'hivernage d'un camping-car ?","breadcrumb":{"@id":"https:\/\/www.campings.com\/fr\/content\/faq-camping\/combien-coute-l-hivernage-d-un-camping-car\/#breadcrumb"},"inLanguage":"fr-FR","potentialAction":[{"@type":"ReadAction","target":["https:\/\/www.campings.com\/fr\/content\/faq-camping\/combien-coute-l-hivernage-d-un-camping-car\/"]}]},{"@type":"BreadcrumbList","@id":"https:\/\/www.campings.com\/fr\/content\/faq-camping\/combien-coute-l-hivernage-d-un-camping-car\/#breadcrumb","itemListElement":[{"@type":"ListItem","position":1,"name":"Home","item":"https:\/\/www.campings.com\/fr\/content\/"},{"@type":"ListItem","position":2,"name":"FAQ camping","item":"https:\/\/www.campings.com\/fr\/content\/faq-camping\/"},{"@type":"ListItem","position":3,"name":"Combien co\u00fbte l&rsquo;hivernage d&rsquo;un camping-car ?"}]},{"@type":"WebSite","@id":"https:\/\/www.campings.com\/fr\/content\/#website","url":"https:\/\/www.campings.com\/fr\/content\/","name":"","description":"","publisher":{"@id":"https:\/\/www.campings.com\/fr\/content\/#organization"},"potentialAction":[{"@type":"SearchAction","target":{"@type":"EntryPoint","urlTemplate":"https:\/\/www.campings.com\/fr\/content\/?s={search_term_string}"},"query-input":{"@type":"PropertyValueSpecification","valueRequired":true,"valueName":"search_term_string"}}],"inLanguage":"fr-FR"},{"@type":"Organization","@id":"https:\/\/www.campings.com\/fr\/content\/#organization","name":"CAMPINGS.COM","url":"https:\/\/www.campings.com\/fr\/content\/","logo":{"@type":"ImageObject","inLanguage":"fr-FR","@id":"https:\/\/www.campings.com\/fr\/content\/#\/schema\/logo\/image\/","url":"https:\/\/www.campings.com\/fr\/content\/wp-content\/uploads\/2019\/01\/cropped-logo-1.png","contentUrl":"https:\/\/www.campings.com\/fr\/content\/wp-content\/uploads\/2019\/01\/cropped-logo-1.png","width":174,"height":42,"caption":"CAMPINGS.COM"},"image":{"@id":"https:\/\/www.campings.com\/fr\/content\/#\/schema\/logo\/image\/"}}]}},"_links":{"self":[{"href":"https:\/\/www.campings.com\/fr\/content\/wp-json\/wp\/v2\/pages\/1706","targetHints":{"allow":["GET"]}}],"collection":[{"href":"https:\/\/www.campings.com\/fr\/content\/wp-json\/wp\/v2\/pages"}],"about":[{"href":"https:\/\/www.campings.com\/fr\/content\/wp-json\/wp\/v2\/types\/page"}],"author":[{"embeddable":true,"href":"https:\/\/www.campings.com\/fr\/content\/wp-json\/wp\/v2\/users\/2"}],"replies":[{"embeddable":true,"href":"https:\/\/www.campings.com\/fr\/content\/wp-json\/wp\/v2\/comments?post=1706"}],"version-history":[{"count":1,"href":"https:\/\/www.campings.com\/fr\/content\/wp-json\/wp\/v2\/pages\/1706\/revisions"}],"predecessor-version":[{"id":1707,"href":"https:\/\/www.campings.com\/fr\/content\/wp-json\/wp\/v2\/pages\/1706\/revisions\/1707"}],"up":[{"embeddable":true,"href":"https:\/\/www.campings.com\/fr\/content\/wp-json\/wp\/v2\/pages\/1638"}],"wp:attachment":[{"href":"https:\/\/www.campings.com\/fr\/content\/wp-json\/wp\/v2\/media?parent=1706"}],"curies":[{"name":"wp","href":"https:\/\/api.w.org\/{rel}","templated":true}]}}