{"id":1702,"date":"2020-02-28T14:16:54","date_gmt":"2020-02-28T14:16:54","guid":{"rendered":"https:\/\/www.campings.com\/fr\/content\/?page_id=1702"},"modified":"2020-02-28T14:17:01","modified_gmt":"2020-02-28T14:17:01","slug":"quel-type-de-tente-acheter-en-camping-pour-6","status":"publish","type":"page","link":"https:\/\/www.campings.com\/fr\/content\/faq-camping\/quel-type-de-tente-acheter-en-camping-pour-6\/","title":{"rendered":"Quel type de tente acheter en camping pour 6 ?"},"content":{"rendered":"<p>Les tentes pouvant accueillir 6 personnes poss\u00e8dent <strong>2 ou 3 chambres<\/strong>. La plupart des mod\u00e8les de tentes pour 6 personnes poss\u00e8dent <strong>deux chambres en vis-\u00e0-vis s\u00e9par\u00e9es par une zone interm\u00e9diaire<\/strong>. Les mod\u00e8les de <strong>tentes tunnel<\/strong> vous offriront<strong> trois chambres adjacentes<\/strong>, de beaux espaces int\u00e9rieurs et beaucoup de luminosit\u00e9 gr\u00e2ce \u00e0 leurs nombreuses fen\u00eatres.<\/p>\n<h2>Une tente de camping tunnel pour 6 personnes avec 2 chambres adjacentes<\/h2>\n<p>Le mod\u00e8le de tente de camping tunnel pouvant accueillir 6 personnes poss\u00e8de g\u00e9n\u00e9ralement <strong> trois chambres adjacentes <\/strong>s\u00e9par\u00e9es par une <strong>cloison amovible<\/strong> et donc modulable selon vos besoins. Les nombreuses fen\u00eatres apportent <strong>luminosit\u00e9 <\/strong>et accentuent la <strong>sensation d&rsquo;espace<\/strong>. La hauteur int\u00e9rieure permet g\u00e9n\u00e9ralement de s&rsquo;y tenir debout.<\/p>\n<h2>Une tente de camping pour 6 personnes avec 2 chambres en vis-\u00e0-vis<\/h2>\n<p>Ce mod\u00e8le de tente de camping pouvant accueillir 6 personnes poss\u00e8de <strong>deux chambres en vis-\u00e0-vis<\/strong> qui sont s\u00e9par\u00e9es par<strong> une zone centrale<\/strong>. Cet espace int\u00e9rieur peut \u00eatre utilis\u00e9 pour y ranger vos sacs ou les affaires que vous ne souhaitez pas garder dans la chambre. Les principaux avantages de ces mod\u00e8les de tentes sont le <strong>confort et l&rsquo;intimit\u00e9<\/strong> apport\u00e9s par les chambres s\u00e9par\u00e9es. Ils offrent cependant moins d&rsquo;espace que les tentes de type tunnel.<\/p>\n<h2>Les \u00e9l\u00e9ments qui orienteront votre choix<\/h2>\n<p>Les tentes de camping \u00e0 partir de 6 personnes sont, en r\u00e8gle g\u00e9n\u00e9rale, tr\u00e8s grandes. Afin d&rsquo;obtenir le <strong>confort souhait\u00e9<\/strong>, il est important d&rsquo;\u00eatre vigilants sur trois points : la <strong>disposition des couchages<\/strong>, les <strong>volumes disponibles<\/strong> hors couchages et enfin <strong>la ventilation<\/strong>. En effet, la ventilation est un \u00e9l\u00e9ment \u00e0 ne pas n\u00e9gliger afin de dormir dans de bonnes conditions, quelle que soit la temp\u00e9rature ext\u00e9rieure.<\/p>\n<p>&nbsp;<\/p>\n<p><a href=\"https:\/\/www.campings.com\/fr\/content\/tout-savoir-sur-le-camping\/faq-camping\/\">Retour \u00e0 la FAQ camping<\/a><\/p>\n","protected":false},"excerpt":{"rendered":"<p>Les tentes pouvant accueillir 6 personnes poss\u00e8dent 2 ou 3 chambres. La plupart des mod\u00e8les de tentes pour 6 personnes poss\u00e8dent deux chambres en vis-\u00e0-vis s\u00e9par\u00e9es par une zone interm\u00e9diaire. Les mod\u00e8les de tentes tunnel vous offriront trois chambres adjacentes, de beaux espaces int\u00e9rieurs et beaucoup de luminosit\u00e9 gr\u00e2ce \u00e0 leurs nombreuses fen\u00eatres. Une tente [&hellip;]<\/p>\n","protected":false},"author":2,"featured_media":0,"parent":1638,"menu_order":0,"comment_status":"closed","ping_status":"closed","template":"template-twocolumns.php","meta":{"_acf_changed":false,"footnotes":""},"class_list":["post-1702","page","type-page","status-publish","hentry"],"acf":[],"yoast_head":"<!-- This site is optimized with the Yoast SEO plugin v27.1.1 - https:\/\/yoast.com\/product\/yoast-seo-wordpress\/ -->\n<title>Quel type de tente acheter en camping pour 6 ?<\/title>\n<meta name=\"description\" content=\"FAQ - Quel type de tente acheter en camping pour 6 ?\" \/>\n<meta name=\"robots\" content=\"index, follow, max-snippet:-1, max-image-preview:large, max-video-preview:-1\" \/>\n<link rel=\"canonical\" href=\"https:\/\/www.campings.com\/fr\/content\/faq-camping\/quel-type-de-tente-acheter-en-camping-pour-6\/\" \/>\n<meta property=\"og:locale\" content=\"fr_FR\" \/>\n<meta property=\"og:type\" content=\"article\" \/>\n<meta property=\"og:title\" content=\"Quel type de tente acheter en camping pour 6 ?\" \/>\n<meta property=\"og:description\" content=\"FAQ - Quel type de tente acheter en camping pour 6 ?\" \/>\n<meta property=\"og:url\" content=\"https:\/\/www.campings.com\/fr\/content\/faq-camping\/quel-type-de-tente-acheter-en-camping-pour-6\/\" \/>\n<meta property=\"article:modified_time\" content=\"2020-02-28T14:17:01+00:00\" \/>\n<meta name=\"twitter:card\" content=\"summary_large_image\" \/>\n<meta name=\"twitter:label1\" content=\"Dur\u00e9e de lecture estim\u00e9e\" \/>\n\t<meta name=\"twitter:data1\" content=\"2 minutes\" \/>\n<script type=\"application\/ld+json\" class=\"yoast-schema-graph\">{\"@context\":\"https:\/\/schema.org\",\"@graph\":[{\"@type\":\"WebPage\",\"@id\":\"https:\/\/www.campings.com\/fr\/content\/faq-camping\/quel-type-de-tente-acheter-en-camping-pour-6\/\",\"url\":\"https:\/\/www.campings.com\/fr\/content\/faq-camping\/quel-type-de-tente-acheter-en-camping-pour-6\/\",\"name\":\"Quel type de tente acheter en camping pour 6 ?\",\"isPartOf\":{\"@id\":\"https:\/\/www.campings.com\/fr\/content\/#website\"},\"datePublished\":\"2020-02-28T14:16:54+00:00\",\"dateModified\":\"2020-02-28T14:17:01+00:00\",\"description\":\"FAQ - Quel type de tente acheter en camping pour 6 ?\",\"breadcrumb\":{\"@id\":\"https:\/\/www.campings.com\/fr\/content\/faq-camping\/quel-type-de-tente-acheter-en-camping-pour-6\/#breadcrumb\"},\"inLanguage\":\"fr-FR\",\"potentialAction\":[{\"@type\":\"ReadAction\",\"target\":[\"https:\/\/www.campings.com\/fr\/content\/faq-camping\/quel-type-de-tente-acheter-en-camping-pour-6\/\"]}]},{\"@type\":\"BreadcrumbList\",\"@id\":\"https:\/\/www.campings.com\/fr\/content\/faq-camping\/quel-type-de-tente-acheter-en-camping-pour-6\/#breadcrumb\",\"itemListElement\":[{\"@type\":\"ListItem\",\"position\":1,\"name\":\"Home\",\"item\":\"https:\/\/www.campings.com\/fr\/content\/\"},{\"@type\":\"ListItem\",\"position\":2,\"name\":\"FAQ camping\",\"item\":\"https:\/\/www.campings.com\/fr\/content\/faq-camping\/\"},{\"@type\":\"ListItem\",\"position\":3,\"name\":\"Quel type de tente acheter en camping pour 6 ?\"}]},{\"@type\":\"WebSite\",\"@id\":\"https:\/\/www.campings.com\/fr\/content\/#website\",\"url\":\"https:\/\/www.campings.com\/fr\/content\/\",\"name\":\"\",\"description\":\"\",\"publisher\":{\"@id\":\"https:\/\/www.campings.com\/fr\/content\/#organization\"},\"potentialAction\":[{\"@type\":\"SearchAction\",\"target\":{\"@type\":\"EntryPoint\",\"urlTemplate\":\"https:\/\/www.campings.com\/fr\/content\/?s={search_term_string}\"},\"query-input\":{\"@type\":\"PropertyValueSpecification\",\"valueRequired\":true,\"valueName\":\"search_term_string\"}}],\"inLanguage\":\"fr-FR\"},{\"@type\":\"Organization\",\"@id\":\"https:\/\/www.campings.com\/fr\/content\/#organization\",\"name\":\"CAMPINGS.COM\",\"url\":\"https:\/\/www.campings.com\/fr\/content\/\",\"logo\":{\"@type\":\"ImageObject\",\"inLanguage\":\"fr-FR\",\"@id\":\"https:\/\/www.campings.com\/fr\/content\/#\/schema\/logo\/image\/\",\"url\":\"https:\/\/www.campings.com\/fr\/content\/wp-content\/uploads\/2019\/01\/cropped-logo-1.png\",\"contentUrl\":\"https:\/\/www.campings.com\/fr\/content\/wp-content\/uploads\/2019\/01\/cropped-logo-1.png\",\"width\":174,\"height\":42,\"caption\":\"CAMPINGS.COM\"},\"image\":{\"@id\":\"https:\/\/www.campings.com\/fr\/content\/#\/schema\/logo\/image\/\"}}]}<\/script>\n<!-- \/ Yoast SEO plugin. -->","yoast_head_json":{"title":"Quel type de tente acheter en camping pour 6 ?","description":"FAQ - Quel type de tente acheter en camping pour 6 ?","robots":{"index":"index","follow":"follow","max-snippet":"max-snippet:-1","max-image-preview":"max-image-preview:large","max-video-preview":"max-video-preview:-1"},"canonical":"https:\/\/www.campings.com\/fr\/content\/faq-camping\/quel-type-de-tente-acheter-en-camping-pour-6\/","og_locale":"fr_FR","og_type":"article","og_title":"Quel type de tente acheter en camping pour 6 ?","og_description":"FAQ - Quel type de tente acheter en camping pour 6 ?","og_url":"https:\/\/www.campings.com\/fr\/content\/faq-camping\/quel-type-de-tente-acheter-en-camping-pour-6\/","article_modified_time":"2020-02-28T14:17:01+00:00","twitter_card":"summary_large_image","twitter_misc":{"Dur\u00e9e de lecture estim\u00e9e":"2 minutes"},"schema":{"@context":"https:\/\/schema.org","@graph":[{"@type":"WebPage","@id":"https:\/\/www.campings.com\/fr\/content\/faq-camping\/quel-type-de-tente-acheter-en-camping-pour-6\/","url":"https:\/\/www.campings.com\/fr\/content\/faq-camping\/quel-type-de-tente-acheter-en-camping-pour-6\/","name":"Quel type de tente acheter en camping pour 6 ?","isPartOf":{"@id":"https:\/\/www.campings.com\/fr\/content\/#website"},"datePublished":"2020-02-28T14:16:54+00:00","dateModified":"2020-02-28T14:17:01+00:00","description":"FAQ - Quel type de tente acheter en camping pour 6 ?","breadcrumb":{"@id":"https:\/\/www.campings.com\/fr\/content\/faq-camping\/quel-type-de-tente-acheter-en-camping-pour-6\/#breadcrumb"},"inLanguage":"fr-FR","potentialAction":[{"@type":"ReadAction","target":["https:\/\/www.campings.com\/fr\/content\/faq-camping\/quel-type-de-tente-acheter-en-camping-pour-6\/"]}]},{"@type":"BreadcrumbList","@id":"https:\/\/www.campings.com\/fr\/content\/faq-camping\/quel-type-de-tente-acheter-en-camping-pour-6\/#breadcrumb","itemListElement":[{"@type":"ListItem","position":1,"name":"Home","item":"https:\/\/www.campings.com\/fr\/content\/"},{"@type":"ListItem","position":2,"name":"FAQ camping","item":"https:\/\/www.campings.com\/fr\/content\/faq-camping\/"},{"@type":"ListItem","position":3,"name":"Quel type de tente acheter en camping pour 6 ?"}]},{"@type":"WebSite","@id":"https:\/\/www.campings.com\/fr\/content\/#website","url":"https:\/\/www.campings.com\/fr\/content\/","name":"","description":"","publisher":{"@id":"https:\/\/www.campings.com\/fr\/content\/#organization"},"potentialAction":[{"@type":"SearchAction","target":{"@type":"EntryPoint","urlTemplate":"https:\/\/www.campings.com\/fr\/content\/?s={search_term_string}"},"query-input":{"@type":"PropertyValueSpecification","valueRequired":true,"valueName":"search_term_string"}}],"inLanguage":"fr-FR"},{"@type":"Organization","@id":"https:\/\/www.campings.com\/fr\/content\/#organization","name":"CAMPINGS.COM","url":"https:\/\/www.campings.com\/fr\/content\/","logo":{"@type":"ImageObject","inLanguage":"fr-FR","@id":"https:\/\/www.campings.com\/fr\/content\/#\/schema\/logo\/image\/","url":"https:\/\/www.campings.com\/fr\/content\/wp-content\/uploads\/2019\/01\/cropped-logo-1.png","contentUrl":"https:\/\/www.campings.com\/fr\/content\/wp-content\/uploads\/2019\/01\/cropped-logo-1.png","width":174,"height":42,"caption":"CAMPINGS.COM"},"image":{"@id":"https:\/\/www.campings.com\/fr\/content\/#\/schema\/logo\/image\/"}}]}},"_links":{"self":[{"href":"https:\/\/www.campings.com\/fr\/content\/wp-json\/wp\/v2\/pages\/1702","targetHints":{"allow":["GET"]}}],"collection":[{"href":"https:\/\/www.campings.com\/fr\/content\/wp-json\/wp\/v2\/pages"}],"about":[{"href":"https:\/\/www.campings.com\/fr\/content\/wp-json\/wp\/v2\/types\/page"}],"author":[{"embeddable":true,"href":"https:\/\/www.campings.com\/fr\/content\/wp-json\/wp\/v2\/users\/2"}],"replies":[{"embeddable":true,"href":"https:\/\/www.campings.com\/fr\/content\/wp-json\/wp\/v2\/comments?post=1702"}],"version-history":[{"count":1,"href":"https:\/\/www.campings.com\/fr\/content\/wp-json\/wp\/v2\/pages\/1702\/revisions"}],"predecessor-version":[{"id":1703,"href":"https:\/\/www.campings.com\/fr\/content\/wp-json\/wp\/v2\/pages\/1702\/revisions\/1703"}],"up":[{"embeddable":true,"href":"https:\/\/www.campings.com\/fr\/content\/wp-json\/wp\/v2\/pages\/1638"}],"wp:attachment":[{"href":"https:\/\/www.campings.com\/fr\/content\/wp-json\/wp\/v2\/media?parent=1702"}],"curies":[{"name":"wp","href":"https:\/\/api.w.org\/{rel}","templated":true}]}}