{"id":1698,"date":"2020-02-28T14:14:46","date_gmt":"2020-02-28T14:14:46","guid":{"rendered":"https:\/\/www.campings.com\/fr\/content\/?page_id=1698"},"modified":"2020-02-28T14:14:53","modified_gmt":"2020-02-28T14:14:53","slug":"quel-type-de-tente-acheter-en-camping-pour-4","status":"publish","type":"page","link":"https:\/\/www.campings.com\/fr\/content\/faq-camping\/quel-type-de-tente-acheter-en-camping-pour-4\/","title":{"rendered":"Quel type de tente acheter en camping pour 4 ?"},"content":{"rendered":"<p>Les tentes classiques \u00e0 arceaux vous permettront de partir en <a href=\"https:\/\/www.campings.com\/fr\/content\/tout-savoir-sur-le-camping\/faq-camping\/\">camping<\/a> \u00e0 moindre co\u00fbt avec <strong>une seule chambre <\/strong>et un <strong>espace s\u00e9jour<\/strong>. Si toutefois vous pr\u00e9f\u00e9rez des <strong>espaces de couchage s\u00e9par\u00e9s<\/strong>, vous opterez pour l&rsquo;achat d&rsquo;une tente avec deux chambres et un s\u00e9jour. Les mod\u00e8les de tente adapt\u00e9s pour 4 personnes sont la <strong>tente tunnel et la tente d\u00f4me<\/strong>.<\/p>\n<h2>La tente tunnel avec une ou deux chambres<\/h2>\n<p>Si vous partez en camping \u00e0 4 avec un <strong>petit budget<\/strong> alors la tente tunnel avec 4 couchages est faite pour vous. Ce mod\u00e8le de tente offre <strong>une grande chambre<\/strong> d&rsquo;environ 2 m sur 2 m ainsi qu&rsquo;un espace s\u00e9par\u00e9 pouvant \u00eatre utilis\u00e9 comme s\u00e9jour ou espace de rangement.<\/p>\n<p>Si vous souhaitez disposer d&rsquo;un peu plus d&rsquo;espace pour 4 personnes alors vous opterez pour la tente tunnel avec <strong>deux chambres<\/strong>. Ce mod\u00e8le de tente offre de <strong>beaux espaces de couchage<\/strong> ainsi qu&rsquo;une zone s\u00e9jour o\u00f9 il est possible d&rsquo;installer une table.<\/p>\n<h2>La tente d\u00f4me pour 4 personnes<\/h2>\n<p>Si vous optez pour la tente d\u00f4me \u00e0 4 couchages, vous pourrez profiter d&rsquo;une <strong>chambre assez spacieuse<\/strong> pour 4 et d&rsquo;un espace de rangement \u00e0 l&rsquo;entr\u00e9e de la tente pour y entreposer vos sacs.<\/p>\n<p>Si vous vous sentez \u00e0 l&rsquo;\u00e9troit avec une seule chambre, vous pouvez opter pour la tente d\u00f4me \u00e0<strong> deux chambres en vis-\u00e0-vis<\/strong>. La zone centrale peut \u00eatre utilis\u00e9e pour y placer une table ou pour y entreposer vos affaires.<\/p>\n","protected":false},"excerpt":{"rendered":"<p>Les tentes classiques \u00e0 arceaux vous permettront de partir en camping \u00e0 moindre co\u00fbt avec une seule chambre et un espace s\u00e9jour. Si toutefois vous pr\u00e9f\u00e9rez des espaces de couchage s\u00e9par\u00e9s, vous opterez pour l&rsquo;achat d&rsquo;une tente avec deux chambres et un s\u00e9jour. Les mod\u00e8les de tente adapt\u00e9s pour 4 personnes sont la tente tunnel [&hellip;]<\/p>\n","protected":false},"author":2,"featured_media":0,"parent":1638,"menu_order":0,"comment_status":"closed","ping_status":"closed","template":"template-twocolumns.php","meta":{"_acf_changed":false,"footnotes":""},"class_list":["post-1698","page","type-page","status-publish","hentry"],"acf":[],"yoast_head":"<!-- This site is optimized with the Yoast SEO plugin v27.1.1 - https:\/\/yoast.com\/product\/yoast-seo-wordpress\/ -->\n<title>Quel type de tente acheter en camping pour 4 ?<\/title>\n<meta name=\"description\" content=\"FAQ - Quel type de tente acheter en camping pour 4 ?\" \/>\n<meta name=\"robots\" content=\"index, follow, max-snippet:-1, max-image-preview:large, max-video-preview:-1\" \/>\n<link rel=\"canonical\" href=\"https:\/\/www.campings.com\/fr\/content\/faq-camping\/quel-type-de-tente-acheter-en-camping-pour-4\/\" \/>\n<meta property=\"og:locale\" content=\"fr_FR\" \/>\n<meta property=\"og:type\" content=\"article\" \/>\n<meta property=\"og:title\" content=\"Quel type de tente acheter en camping pour 4 ?\" \/>\n<meta property=\"og:description\" content=\"FAQ - Quel type de tente acheter en camping pour 4 ?\" \/>\n<meta property=\"og:url\" content=\"https:\/\/www.campings.com\/fr\/content\/faq-camping\/quel-type-de-tente-acheter-en-camping-pour-4\/\" \/>\n<meta property=\"article:modified_time\" content=\"2020-02-28T14:14:53+00:00\" \/>\n<meta name=\"twitter:card\" content=\"summary_large_image\" \/>\n<meta name=\"twitter:label1\" content=\"Dur\u00e9e de lecture estim\u00e9e\" \/>\n\t<meta name=\"twitter:data1\" content=\"1 minute\" \/>\n<script type=\"application\/ld+json\" class=\"yoast-schema-graph\">{\"@context\":\"https:\/\/schema.org\",\"@graph\":[{\"@type\":\"WebPage\",\"@id\":\"https:\/\/www.campings.com\/fr\/content\/faq-camping\/quel-type-de-tente-acheter-en-camping-pour-4\/\",\"url\":\"https:\/\/www.campings.com\/fr\/content\/faq-camping\/quel-type-de-tente-acheter-en-camping-pour-4\/\",\"name\":\"Quel type de tente acheter en camping pour 4 ?\",\"isPartOf\":{\"@id\":\"https:\/\/www.campings.com\/fr\/content\/#website\"},\"datePublished\":\"2020-02-28T14:14:46+00:00\",\"dateModified\":\"2020-02-28T14:14:53+00:00\",\"description\":\"FAQ - Quel type de tente acheter en camping pour 4 ?\",\"breadcrumb\":{\"@id\":\"https:\/\/www.campings.com\/fr\/content\/faq-camping\/quel-type-de-tente-acheter-en-camping-pour-4\/#breadcrumb\"},\"inLanguage\":\"fr-FR\",\"potentialAction\":[{\"@type\":\"ReadAction\",\"target\":[\"https:\/\/www.campings.com\/fr\/content\/faq-camping\/quel-type-de-tente-acheter-en-camping-pour-4\/\"]}]},{\"@type\":\"BreadcrumbList\",\"@id\":\"https:\/\/www.campings.com\/fr\/content\/faq-camping\/quel-type-de-tente-acheter-en-camping-pour-4\/#breadcrumb\",\"itemListElement\":[{\"@type\":\"ListItem\",\"position\":1,\"name\":\"Home\",\"item\":\"https:\/\/www.campings.com\/fr\/content\/\"},{\"@type\":\"ListItem\",\"position\":2,\"name\":\"FAQ camping\",\"item\":\"https:\/\/www.campings.com\/fr\/content\/faq-camping\/\"},{\"@type\":\"ListItem\",\"position\":3,\"name\":\"Quel type de tente acheter en camping pour 4 ?\"}]},{\"@type\":\"WebSite\",\"@id\":\"https:\/\/www.campings.com\/fr\/content\/#website\",\"url\":\"https:\/\/www.campings.com\/fr\/content\/\",\"name\":\"\",\"description\":\"\",\"publisher\":{\"@id\":\"https:\/\/www.campings.com\/fr\/content\/#organization\"},\"potentialAction\":[{\"@type\":\"SearchAction\",\"target\":{\"@type\":\"EntryPoint\",\"urlTemplate\":\"https:\/\/www.campings.com\/fr\/content\/?s={search_term_string}\"},\"query-input\":{\"@type\":\"PropertyValueSpecification\",\"valueRequired\":true,\"valueName\":\"search_term_string\"}}],\"inLanguage\":\"fr-FR\"},{\"@type\":\"Organization\",\"@id\":\"https:\/\/www.campings.com\/fr\/content\/#organization\",\"name\":\"CAMPINGS.COM\",\"url\":\"https:\/\/www.campings.com\/fr\/content\/\",\"logo\":{\"@type\":\"ImageObject\",\"inLanguage\":\"fr-FR\",\"@id\":\"https:\/\/www.campings.com\/fr\/content\/#\/schema\/logo\/image\/\",\"url\":\"https:\/\/www.campings.com\/fr\/content\/wp-content\/uploads\/2019\/01\/cropped-logo-1.png\",\"contentUrl\":\"https:\/\/www.campings.com\/fr\/content\/wp-content\/uploads\/2019\/01\/cropped-logo-1.png\",\"width\":174,\"height\":42,\"caption\":\"CAMPINGS.COM\"},\"image\":{\"@id\":\"https:\/\/www.campings.com\/fr\/content\/#\/schema\/logo\/image\/\"}}]}<\/script>\n<!-- \/ Yoast SEO plugin. -->","yoast_head_json":{"title":"Quel type de tente acheter en camping pour 4 ?","description":"FAQ - Quel type de tente acheter en camping pour 4 ?","robots":{"index":"index","follow":"follow","max-snippet":"max-snippet:-1","max-image-preview":"max-image-preview:large","max-video-preview":"max-video-preview:-1"},"canonical":"https:\/\/www.campings.com\/fr\/content\/faq-camping\/quel-type-de-tente-acheter-en-camping-pour-4\/","og_locale":"fr_FR","og_type":"article","og_title":"Quel type de tente acheter en camping pour 4 ?","og_description":"FAQ - Quel type de tente acheter en camping pour 4 ?","og_url":"https:\/\/www.campings.com\/fr\/content\/faq-camping\/quel-type-de-tente-acheter-en-camping-pour-4\/","article_modified_time":"2020-02-28T14:14:53+00:00","twitter_card":"summary_large_image","twitter_misc":{"Dur\u00e9e de lecture estim\u00e9e":"1 minute"},"schema":{"@context":"https:\/\/schema.org","@graph":[{"@type":"WebPage","@id":"https:\/\/www.campings.com\/fr\/content\/faq-camping\/quel-type-de-tente-acheter-en-camping-pour-4\/","url":"https:\/\/www.campings.com\/fr\/content\/faq-camping\/quel-type-de-tente-acheter-en-camping-pour-4\/","name":"Quel type de tente acheter en camping pour 4 ?","isPartOf":{"@id":"https:\/\/www.campings.com\/fr\/content\/#website"},"datePublished":"2020-02-28T14:14:46+00:00","dateModified":"2020-02-28T14:14:53+00:00","description":"FAQ - Quel type de tente acheter en camping pour 4 ?","breadcrumb":{"@id":"https:\/\/www.campings.com\/fr\/content\/faq-camping\/quel-type-de-tente-acheter-en-camping-pour-4\/#breadcrumb"},"inLanguage":"fr-FR","potentialAction":[{"@type":"ReadAction","target":["https:\/\/www.campings.com\/fr\/content\/faq-camping\/quel-type-de-tente-acheter-en-camping-pour-4\/"]}]},{"@type":"BreadcrumbList","@id":"https:\/\/www.campings.com\/fr\/content\/faq-camping\/quel-type-de-tente-acheter-en-camping-pour-4\/#breadcrumb","itemListElement":[{"@type":"ListItem","position":1,"name":"Home","item":"https:\/\/www.campings.com\/fr\/content\/"},{"@type":"ListItem","position":2,"name":"FAQ camping","item":"https:\/\/www.campings.com\/fr\/content\/faq-camping\/"},{"@type":"ListItem","position":3,"name":"Quel type de tente acheter en camping pour 4 ?"}]},{"@type":"WebSite","@id":"https:\/\/www.campings.com\/fr\/content\/#website","url":"https:\/\/www.campings.com\/fr\/content\/","name":"","description":"","publisher":{"@id":"https:\/\/www.campings.com\/fr\/content\/#organization"},"potentialAction":[{"@type":"SearchAction","target":{"@type":"EntryPoint","urlTemplate":"https:\/\/www.campings.com\/fr\/content\/?s={search_term_string}"},"query-input":{"@type":"PropertyValueSpecification","valueRequired":true,"valueName":"search_term_string"}}],"inLanguage":"fr-FR"},{"@type":"Organization","@id":"https:\/\/www.campings.com\/fr\/content\/#organization","name":"CAMPINGS.COM","url":"https:\/\/www.campings.com\/fr\/content\/","logo":{"@type":"ImageObject","inLanguage":"fr-FR","@id":"https:\/\/www.campings.com\/fr\/content\/#\/schema\/logo\/image\/","url":"https:\/\/www.campings.com\/fr\/content\/wp-content\/uploads\/2019\/01\/cropped-logo-1.png","contentUrl":"https:\/\/www.campings.com\/fr\/content\/wp-content\/uploads\/2019\/01\/cropped-logo-1.png","width":174,"height":42,"caption":"CAMPINGS.COM"},"image":{"@id":"https:\/\/www.campings.com\/fr\/content\/#\/schema\/logo\/image\/"}}]}},"_links":{"self":[{"href":"https:\/\/www.campings.com\/fr\/content\/wp-json\/wp\/v2\/pages\/1698","targetHints":{"allow":["GET"]}}],"collection":[{"href":"https:\/\/www.campings.com\/fr\/content\/wp-json\/wp\/v2\/pages"}],"about":[{"href":"https:\/\/www.campings.com\/fr\/content\/wp-json\/wp\/v2\/types\/page"}],"author":[{"embeddable":true,"href":"https:\/\/www.campings.com\/fr\/content\/wp-json\/wp\/v2\/users\/2"}],"replies":[{"embeddable":true,"href":"https:\/\/www.campings.com\/fr\/content\/wp-json\/wp\/v2\/comments?post=1698"}],"version-history":[{"count":1,"href":"https:\/\/www.campings.com\/fr\/content\/wp-json\/wp\/v2\/pages\/1698\/revisions"}],"predecessor-version":[{"id":1699,"href":"https:\/\/www.campings.com\/fr\/content\/wp-json\/wp\/v2\/pages\/1698\/revisions\/1699"}],"up":[{"embeddable":true,"href":"https:\/\/www.campings.com\/fr\/content\/wp-json\/wp\/v2\/pages\/1638"}],"wp:attachment":[{"href":"https:\/\/www.campings.com\/fr\/content\/wp-json\/wp\/v2\/media?parent=1698"}],"curies":[{"name":"wp","href":"https:\/\/api.w.org\/{rel}","templated":true}]}}