{"id":1696,"date":"2020-02-28T14:13:52","date_gmt":"2020-02-28T14:13:52","guid":{"rendered":"https:\/\/www.campings.com\/fr\/content\/?page_id=1696"},"modified":"2020-02-28T14:14:00","modified_gmt":"2020-02-28T14:14:00","slug":"quel-type-de-tente-acheter-en-camping-pour-3","status":"publish","type":"page","link":"https:\/\/www.campings.com\/fr\/content\/faq-camping\/quel-type-de-tente-acheter-en-camping-pour-3\/","title":{"rendered":"Quel type de tente acheter en camping pour 3 ?"},"content":{"rendered":"<p>Pour plus de confort, il est conseill\u00e9 d&rsquo;acheter <strong>une tente de camping pour plus de 3 personnes<\/strong>. Les types de tentes de <a href=\"https:\/\/www.campings.com\/fr\/content\/tout-savoir-sur-le-camping\/faq-camping\/\">camping<\/a> recommand\u00e9s pour accueillir 3 personnes sont la tente tunnel et la tente d\u00f4me. Assurez-vous d&rsquo;opter pour une <strong>tente en coton<\/strong>, plus respirante, si vous campez par fortes chaleurs.<\/p>\n<h2>La tente de camping tunnel.<\/h2>\n<p>La tente tunnel familiale se monte gr\u00e2ce \u00e0 des arceaux en fibre de verre. Elle poss\u00e8de <strong>deux chambres hautes<\/strong> o\u00f9 vous pourrez vous tenir debout (de 195 \u00e0 205 cm). Elle offre aussi de <strong>beaux espaces de couchage<\/strong> et des <strong>zones de rangement pratiques <\/strong>si vous souhaitez mettre vos affaires \u00e0 l&rsquo;abri.<\/p>\n<h2>La tente de camping d\u00f4me.<\/h2>\n<p>La tente d\u00f4me est g\u00e9n\u00e9ralement moins spacieuse que la tente tunnel bien que certains mod\u00e8les poss\u00e8dent <strong>deux chambres vis-\u00e0-vis <\/strong>avec un espace interm\u00e9diaire. Sa hauteur varie de 120 \u00e0 205 cm pour les plus grandes et elle est <strong>facile \u00e0 monter <\/strong>gr\u00e2ce \u00e0 des arceaux en aluminium<strong>. <\/strong><\/p>\n<h2>Quel budget pr\u00e9voir pour votre tente de camping pour 3 personnes ?<\/h2>\n<p>Les caract\u00e9ristiques qui vont d\u00e9terminer le prix de la tente sont sa capacit\u00e9, sa facilit\u00e9 de montage et de d\u00e9montage ainsi que ses \u00e9quipements (fen\u00eatres, moustiquaires, espaces de rangement, etc.). Ce sont les \u00e9l\u00e9ments \u00e0 prendre en compte pour profiter de votre s\u00e9jour en camping. Le premier prix pour une tente pour 4 personnes, d\u00f4me ou tunnel est d&rsquo;<strong>environ 120 euros<\/strong>. Le prix pour un mod\u00e8le de tente plus grand et mieux \u00e9quip\u00e9 peut aller<strong> jusqu&rsquo;\u00e0 400 euros et plus<\/strong>.<\/p>\n","protected":false},"excerpt":{"rendered":"<p>Pour plus de confort, il est conseill\u00e9 d&rsquo;acheter une tente de camping pour plus de 3 personnes. Les types de tentes de camping recommand\u00e9s pour accueillir 3 personnes sont la tente tunnel et la tente d\u00f4me. Assurez-vous d&rsquo;opter pour une tente en coton, plus respirante, si vous campez par fortes chaleurs. La tente de camping [&hellip;]<\/p>\n","protected":false},"author":2,"featured_media":0,"parent":1638,"menu_order":0,"comment_status":"closed","ping_status":"closed","template":"template-twocolumns.php","meta":{"_acf_changed":false,"footnotes":""},"class_list":["post-1696","page","type-page","status-publish","hentry"],"acf":[],"yoast_head":"<!-- This site is optimized with the Yoast SEO plugin v27.1.1 - https:\/\/yoast.com\/product\/yoast-seo-wordpress\/ -->\n<title>Quel type de tente acheter en camping pour 3 ?<\/title>\n<meta name=\"description\" content=\"FAQ - Quel type de tente acheter en camping pour 3 ?\" \/>\n<meta name=\"robots\" content=\"index, follow, max-snippet:-1, max-image-preview:large, max-video-preview:-1\" \/>\n<link rel=\"canonical\" href=\"https:\/\/www.campings.com\/fr\/content\/faq-camping\/quel-type-de-tente-acheter-en-camping-pour-3\/\" \/>\n<meta property=\"og:locale\" content=\"fr_FR\" \/>\n<meta property=\"og:type\" content=\"article\" \/>\n<meta property=\"og:title\" content=\"Quel type de tente acheter en camping pour 3 ?\" \/>\n<meta property=\"og:description\" content=\"FAQ - Quel type de tente acheter en camping pour 3 ?\" \/>\n<meta property=\"og:url\" content=\"https:\/\/www.campings.com\/fr\/content\/faq-camping\/quel-type-de-tente-acheter-en-camping-pour-3\/\" \/>\n<meta property=\"article:modified_time\" content=\"2020-02-28T14:14:00+00:00\" \/>\n<meta name=\"twitter:card\" content=\"summary_large_image\" \/>\n<meta name=\"twitter:label1\" content=\"Dur\u00e9e de lecture estim\u00e9e\" \/>\n\t<meta name=\"twitter:data1\" content=\"1 minute\" \/>\n<script type=\"application\/ld+json\" class=\"yoast-schema-graph\">{\"@context\":\"https:\/\/schema.org\",\"@graph\":[{\"@type\":\"WebPage\",\"@id\":\"https:\/\/www.campings.com\/fr\/content\/faq-camping\/quel-type-de-tente-acheter-en-camping-pour-3\/\",\"url\":\"https:\/\/www.campings.com\/fr\/content\/faq-camping\/quel-type-de-tente-acheter-en-camping-pour-3\/\",\"name\":\"Quel type de tente acheter en camping pour 3 ?\",\"isPartOf\":{\"@id\":\"https:\/\/www.campings.com\/fr\/content\/#website\"},\"datePublished\":\"2020-02-28T14:13:52+00:00\",\"dateModified\":\"2020-02-28T14:14:00+00:00\",\"description\":\"FAQ - Quel type de tente acheter en camping pour 3 ?\",\"breadcrumb\":{\"@id\":\"https:\/\/www.campings.com\/fr\/content\/faq-camping\/quel-type-de-tente-acheter-en-camping-pour-3\/#breadcrumb\"},\"inLanguage\":\"fr-FR\",\"potentialAction\":[{\"@type\":\"ReadAction\",\"target\":[\"https:\/\/www.campings.com\/fr\/content\/faq-camping\/quel-type-de-tente-acheter-en-camping-pour-3\/\"]}]},{\"@type\":\"BreadcrumbList\",\"@id\":\"https:\/\/www.campings.com\/fr\/content\/faq-camping\/quel-type-de-tente-acheter-en-camping-pour-3\/#breadcrumb\",\"itemListElement\":[{\"@type\":\"ListItem\",\"position\":1,\"name\":\"Home\",\"item\":\"https:\/\/www.campings.com\/fr\/content\/\"},{\"@type\":\"ListItem\",\"position\":2,\"name\":\"FAQ camping\",\"item\":\"https:\/\/www.campings.com\/fr\/content\/faq-camping\/\"},{\"@type\":\"ListItem\",\"position\":3,\"name\":\"Quel type de tente acheter en camping pour 3 ?\"}]},{\"@type\":\"WebSite\",\"@id\":\"https:\/\/www.campings.com\/fr\/content\/#website\",\"url\":\"https:\/\/www.campings.com\/fr\/content\/\",\"name\":\"\",\"description\":\"\",\"publisher\":{\"@id\":\"https:\/\/www.campings.com\/fr\/content\/#organization\"},\"potentialAction\":[{\"@type\":\"SearchAction\",\"target\":{\"@type\":\"EntryPoint\",\"urlTemplate\":\"https:\/\/www.campings.com\/fr\/content\/?s={search_term_string}\"},\"query-input\":{\"@type\":\"PropertyValueSpecification\",\"valueRequired\":true,\"valueName\":\"search_term_string\"}}],\"inLanguage\":\"fr-FR\"},{\"@type\":\"Organization\",\"@id\":\"https:\/\/www.campings.com\/fr\/content\/#organization\",\"name\":\"CAMPINGS.COM\",\"url\":\"https:\/\/www.campings.com\/fr\/content\/\",\"logo\":{\"@type\":\"ImageObject\",\"inLanguage\":\"fr-FR\",\"@id\":\"https:\/\/www.campings.com\/fr\/content\/#\/schema\/logo\/image\/\",\"url\":\"https:\/\/www.campings.com\/fr\/content\/wp-content\/uploads\/2019\/01\/cropped-logo-1.png\",\"contentUrl\":\"https:\/\/www.campings.com\/fr\/content\/wp-content\/uploads\/2019\/01\/cropped-logo-1.png\",\"width\":174,\"height\":42,\"caption\":\"CAMPINGS.COM\"},\"image\":{\"@id\":\"https:\/\/www.campings.com\/fr\/content\/#\/schema\/logo\/image\/\"}}]}<\/script>\n<!-- \/ Yoast SEO plugin. -->","yoast_head_json":{"title":"Quel type de tente acheter en camping pour 3 ?","description":"FAQ - Quel type de tente acheter en camping pour 3 ?","robots":{"index":"index","follow":"follow","max-snippet":"max-snippet:-1","max-image-preview":"max-image-preview:large","max-video-preview":"max-video-preview:-1"},"canonical":"https:\/\/www.campings.com\/fr\/content\/faq-camping\/quel-type-de-tente-acheter-en-camping-pour-3\/","og_locale":"fr_FR","og_type":"article","og_title":"Quel type de tente acheter en camping pour 3 ?","og_description":"FAQ - Quel type de tente acheter en camping pour 3 ?","og_url":"https:\/\/www.campings.com\/fr\/content\/faq-camping\/quel-type-de-tente-acheter-en-camping-pour-3\/","article_modified_time":"2020-02-28T14:14:00+00:00","twitter_card":"summary_large_image","twitter_misc":{"Dur\u00e9e de lecture estim\u00e9e":"1 minute"},"schema":{"@context":"https:\/\/schema.org","@graph":[{"@type":"WebPage","@id":"https:\/\/www.campings.com\/fr\/content\/faq-camping\/quel-type-de-tente-acheter-en-camping-pour-3\/","url":"https:\/\/www.campings.com\/fr\/content\/faq-camping\/quel-type-de-tente-acheter-en-camping-pour-3\/","name":"Quel type de tente acheter en camping pour 3 ?","isPartOf":{"@id":"https:\/\/www.campings.com\/fr\/content\/#website"},"datePublished":"2020-02-28T14:13:52+00:00","dateModified":"2020-02-28T14:14:00+00:00","description":"FAQ - Quel type de tente acheter en camping pour 3 ?","breadcrumb":{"@id":"https:\/\/www.campings.com\/fr\/content\/faq-camping\/quel-type-de-tente-acheter-en-camping-pour-3\/#breadcrumb"},"inLanguage":"fr-FR","potentialAction":[{"@type":"ReadAction","target":["https:\/\/www.campings.com\/fr\/content\/faq-camping\/quel-type-de-tente-acheter-en-camping-pour-3\/"]}]},{"@type":"BreadcrumbList","@id":"https:\/\/www.campings.com\/fr\/content\/faq-camping\/quel-type-de-tente-acheter-en-camping-pour-3\/#breadcrumb","itemListElement":[{"@type":"ListItem","position":1,"name":"Home","item":"https:\/\/www.campings.com\/fr\/content\/"},{"@type":"ListItem","position":2,"name":"FAQ camping","item":"https:\/\/www.campings.com\/fr\/content\/faq-camping\/"},{"@type":"ListItem","position":3,"name":"Quel type de tente acheter en camping pour 3 ?"}]},{"@type":"WebSite","@id":"https:\/\/www.campings.com\/fr\/content\/#website","url":"https:\/\/www.campings.com\/fr\/content\/","name":"","description":"","publisher":{"@id":"https:\/\/www.campings.com\/fr\/content\/#organization"},"potentialAction":[{"@type":"SearchAction","target":{"@type":"EntryPoint","urlTemplate":"https:\/\/www.campings.com\/fr\/content\/?s={search_term_string}"},"query-input":{"@type":"PropertyValueSpecification","valueRequired":true,"valueName":"search_term_string"}}],"inLanguage":"fr-FR"},{"@type":"Organization","@id":"https:\/\/www.campings.com\/fr\/content\/#organization","name":"CAMPINGS.COM","url":"https:\/\/www.campings.com\/fr\/content\/","logo":{"@type":"ImageObject","inLanguage":"fr-FR","@id":"https:\/\/www.campings.com\/fr\/content\/#\/schema\/logo\/image\/","url":"https:\/\/www.campings.com\/fr\/content\/wp-content\/uploads\/2019\/01\/cropped-logo-1.png","contentUrl":"https:\/\/www.campings.com\/fr\/content\/wp-content\/uploads\/2019\/01\/cropped-logo-1.png","width":174,"height":42,"caption":"CAMPINGS.COM"},"image":{"@id":"https:\/\/www.campings.com\/fr\/content\/#\/schema\/logo\/image\/"}}]}},"_links":{"self":[{"href":"https:\/\/www.campings.com\/fr\/content\/wp-json\/wp\/v2\/pages\/1696","targetHints":{"allow":["GET"]}}],"collection":[{"href":"https:\/\/www.campings.com\/fr\/content\/wp-json\/wp\/v2\/pages"}],"about":[{"href":"https:\/\/www.campings.com\/fr\/content\/wp-json\/wp\/v2\/types\/page"}],"author":[{"embeddable":true,"href":"https:\/\/www.campings.com\/fr\/content\/wp-json\/wp\/v2\/users\/2"}],"replies":[{"embeddable":true,"href":"https:\/\/www.campings.com\/fr\/content\/wp-json\/wp\/v2\/comments?post=1696"}],"version-history":[{"count":1,"href":"https:\/\/www.campings.com\/fr\/content\/wp-json\/wp\/v2\/pages\/1696\/revisions"}],"predecessor-version":[{"id":1697,"href":"https:\/\/www.campings.com\/fr\/content\/wp-json\/wp\/v2\/pages\/1696\/revisions\/1697"}],"up":[{"embeddable":true,"href":"https:\/\/www.campings.com\/fr\/content\/wp-json\/wp\/v2\/pages\/1638"}],"wp:attachment":[{"href":"https:\/\/www.campings.com\/fr\/content\/wp-json\/wp\/v2\/media?parent=1696"}],"curies":[{"name":"wp","href":"https:\/\/api.w.org\/{rel}","templated":true}]}}