{"id":1690,"date":"2020-02-28T14:10:57","date_gmt":"2020-02-28T14:10:57","guid":{"rendered":"https:\/\/www.campings.com\/fr\/content\/?page_id=1690"},"modified":"2020-02-28T14:11:04","modified_gmt":"2020-02-28T14:11:04","slug":"qu-est-ce-que-l-ecocamping","status":"publish","type":"page","link":"https:\/\/www.campings.com\/fr\/content\/faq-camping\/qu-est-ce-que-l-ecocamping\/","title":{"rendered":"Qu&rsquo;est-ce que l&rsquo;\u00e9cocamping ?"},"content":{"rendered":"<p>L&rsquo;\u00e9cocamping est un<strong> type de <a href=\"https:\/\/www.campings.com\/fr\/content\/tout-savoir-sur-le-camping\/faq-camping\/\">camping<\/a> respectueux de l\u2019environnement<\/strong>, o\u00f9 le mode d&rsquo;h\u00e9bergement, les services, loisirs et activit\u00e9s sont partiellement ou totalement \u00e9cologiques. Ils sont souvent situ\u00e9s en pleine nature.<\/p>\n<h2>Comment fonctionne un \u00e9cocamping ?<\/h2>\n<p>L&rsquo;<strong>\u00e9cocamping<\/strong> propose de passer ses vacances dans la nature, au milieu d&rsquo;un champ, au c\u0153ur des bois, dans une ferme\u2026<br \/>\nSouvent, il n&rsquo;y a pas d&#8217;emplacements d\u00e9limit\u00e9s comme dans un camping traditionnel.<br \/>\nLes vacanciers passent la nuit dans une <strong>yourte<\/strong>, une tente, ou encore des <strong>cabanes<\/strong>.<br \/>\nCela peut ressembler \u00e0 un village \u00e9cologique. L&rsquo;eau de pluie est r\u00e9cup\u00e9r\u00e9e, certains campings sont munis de <strong>toilettes s\u00e8ches<\/strong>, la piscine est chauff\u00e9e avec des panneaux solaires, les d\u00e9chets sont tri\u00e9s.<br \/>\nDe m\u00eame, des d\u00e9tecteurs sont install\u00e9s dans les blocs publics (douches par exemple) pour \u00e9conomiser l\u2019\u00e9lectricit\u00e9. Souvent, les voitures sont interdites au sein du camping.<br \/>\nLes activit\u00e9s sont centr\u00e9es sur <strong>l&rsquo;environnement et la nature<\/strong>, et se veulent \u00e9ducatives et \u00e9co responsables.<br \/>\nCette forme de tourisme rencontre de plus en plus de succ\u00e8s. En France, on peut trouver des \u00e9cocampings en Bretagne, en Ard\u00e8che, dans les Alpes ou en Auvergne.<br \/>\nDans la plupart des cas, ce type d\u2019h\u00e9bergement se veut <strong>familial et convivial<\/strong>. La communaut\u00e9 est importante, du fait de la proximit\u00e9 entre les vacanciers. Ainsi, les repas seront souvent pris en commun.<br \/>\nCes vacances sont destin\u00e9es \u00e0 toutes les personnes d\u00e9sireuses de diminuer leur impact sur l&rsquo;environnement, voulant se rapprocher de la nature et vivre en communaut\u00e9 le temps de leurs vacances.<\/p>\n","protected":false},"excerpt":{"rendered":"<p>L&rsquo;\u00e9cocamping est un type de camping respectueux de l\u2019environnement, o\u00f9 le mode d&rsquo;h\u00e9bergement, les services, loisirs et activit\u00e9s sont partiellement ou totalement \u00e9cologiques. Ils sont souvent situ\u00e9s en pleine nature. Comment fonctionne un \u00e9cocamping ? L&rsquo;\u00e9cocamping propose de passer ses vacances dans la nature, au milieu d&rsquo;un champ, au c\u0153ur des bois, dans une ferme\u2026 [&hellip;]<\/p>\n","protected":false},"author":2,"featured_media":0,"parent":1638,"menu_order":0,"comment_status":"closed","ping_status":"closed","template":"template-twocolumns.php","meta":{"_acf_changed":false,"footnotes":""},"class_list":["post-1690","page","type-page","status-publish","hentry"],"acf":[],"yoast_head":"<!-- This site is optimized with the Yoast SEO plugin v27.1.1 - https:\/\/yoast.com\/product\/yoast-seo-wordpress\/ -->\n<title>Qu&#039;est-ce que l&#039;\u00e9cocamping ?<\/title>\n<meta name=\"description\" content=\"FAQ - Qu&#039;est-ce que l&#039;\u00e9cocamping ?\" \/>\n<meta name=\"robots\" content=\"index, follow, max-snippet:-1, max-image-preview:large, max-video-preview:-1\" \/>\n<link rel=\"canonical\" href=\"https:\/\/www.campings.com\/fr\/content\/faq-camping\/qu-est-ce-que-l-ecocamping\/\" \/>\n<meta property=\"og:locale\" content=\"fr_FR\" \/>\n<meta property=\"og:type\" content=\"article\" \/>\n<meta property=\"og:title\" content=\"Qu&#039;est-ce que l&#039;\u00e9cocamping ?\" \/>\n<meta property=\"og:description\" content=\"FAQ - Qu&#039;est-ce que l&#039;\u00e9cocamping ?\" \/>\n<meta property=\"og:url\" content=\"https:\/\/www.campings.com\/fr\/content\/faq-camping\/qu-est-ce-que-l-ecocamping\/\" \/>\n<meta property=\"article:modified_time\" content=\"2020-02-28T14:11:04+00:00\" \/>\n<meta name=\"twitter:card\" content=\"summary_large_image\" \/>\n<meta name=\"twitter:label1\" content=\"Dur\u00e9e de lecture estim\u00e9e\" \/>\n\t<meta name=\"twitter:data1\" content=\"1 minute\" \/>\n<script type=\"application\/ld+json\" class=\"yoast-schema-graph\">{\"@context\":\"https:\/\/schema.org\",\"@graph\":[{\"@type\":\"WebPage\",\"@id\":\"https:\/\/www.campings.com\/fr\/content\/faq-camping\/qu-est-ce-que-l-ecocamping\/\",\"url\":\"https:\/\/www.campings.com\/fr\/content\/faq-camping\/qu-est-ce-que-l-ecocamping\/\",\"name\":\"Qu'est-ce que l'\u00e9cocamping ?\",\"isPartOf\":{\"@id\":\"https:\/\/www.campings.com\/fr\/content\/#website\"},\"datePublished\":\"2020-02-28T14:10:57+00:00\",\"dateModified\":\"2020-02-28T14:11:04+00:00\",\"description\":\"FAQ - Qu'est-ce que l'\u00e9cocamping ?\",\"breadcrumb\":{\"@id\":\"https:\/\/www.campings.com\/fr\/content\/faq-camping\/qu-est-ce-que-l-ecocamping\/#breadcrumb\"},\"inLanguage\":\"fr-FR\",\"potentialAction\":[{\"@type\":\"ReadAction\",\"target\":[\"https:\/\/www.campings.com\/fr\/content\/faq-camping\/qu-est-ce-que-l-ecocamping\/\"]}]},{\"@type\":\"BreadcrumbList\",\"@id\":\"https:\/\/www.campings.com\/fr\/content\/faq-camping\/qu-est-ce-que-l-ecocamping\/#breadcrumb\",\"itemListElement\":[{\"@type\":\"ListItem\",\"position\":1,\"name\":\"Home\",\"item\":\"https:\/\/www.campings.com\/fr\/content\/\"},{\"@type\":\"ListItem\",\"position\":2,\"name\":\"FAQ camping\",\"item\":\"https:\/\/www.campings.com\/fr\/content\/faq-camping\/\"},{\"@type\":\"ListItem\",\"position\":3,\"name\":\"Qu&rsquo;est-ce que l&rsquo;\u00e9cocamping ?\"}]},{\"@type\":\"WebSite\",\"@id\":\"https:\/\/www.campings.com\/fr\/content\/#website\",\"url\":\"https:\/\/www.campings.com\/fr\/content\/\",\"name\":\"\",\"description\":\"\",\"publisher\":{\"@id\":\"https:\/\/www.campings.com\/fr\/content\/#organization\"},\"potentialAction\":[{\"@type\":\"SearchAction\",\"target\":{\"@type\":\"EntryPoint\",\"urlTemplate\":\"https:\/\/www.campings.com\/fr\/content\/?s={search_term_string}\"},\"query-input\":{\"@type\":\"PropertyValueSpecification\",\"valueRequired\":true,\"valueName\":\"search_term_string\"}}],\"inLanguage\":\"fr-FR\"},{\"@type\":\"Organization\",\"@id\":\"https:\/\/www.campings.com\/fr\/content\/#organization\",\"name\":\"CAMPINGS.COM\",\"url\":\"https:\/\/www.campings.com\/fr\/content\/\",\"logo\":{\"@type\":\"ImageObject\",\"inLanguage\":\"fr-FR\",\"@id\":\"https:\/\/www.campings.com\/fr\/content\/#\/schema\/logo\/image\/\",\"url\":\"https:\/\/www.campings.com\/fr\/content\/wp-content\/uploads\/2019\/01\/cropped-logo-1.png\",\"contentUrl\":\"https:\/\/www.campings.com\/fr\/content\/wp-content\/uploads\/2019\/01\/cropped-logo-1.png\",\"width\":174,\"height\":42,\"caption\":\"CAMPINGS.COM\"},\"image\":{\"@id\":\"https:\/\/www.campings.com\/fr\/content\/#\/schema\/logo\/image\/\"}}]}<\/script>\n<!-- \/ Yoast SEO plugin. -->","yoast_head_json":{"title":"Qu'est-ce que l'\u00e9cocamping ?","description":"FAQ - Qu'est-ce que l'\u00e9cocamping ?","robots":{"index":"index","follow":"follow","max-snippet":"max-snippet:-1","max-image-preview":"max-image-preview:large","max-video-preview":"max-video-preview:-1"},"canonical":"https:\/\/www.campings.com\/fr\/content\/faq-camping\/qu-est-ce-que-l-ecocamping\/","og_locale":"fr_FR","og_type":"article","og_title":"Qu'est-ce que l'\u00e9cocamping ?","og_description":"FAQ - Qu'est-ce que l'\u00e9cocamping ?","og_url":"https:\/\/www.campings.com\/fr\/content\/faq-camping\/qu-est-ce-que-l-ecocamping\/","article_modified_time":"2020-02-28T14:11:04+00:00","twitter_card":"summary_large_image","twitter_misc":{"Dur\u00e9e de lecture estim\u00e9e":"1 minute"},"schema":{"@context":"https:\/\/schema.org","@graph":[{"@type":"WebPage","@id":"https:\/\/www.campings.com\/fr\/content\/faq-camping\/qu-est-ce-que-l-ecocamping\/","url":"https:\/\/www.campings.com\/fr\/content\/faq-camping\/qu-est-ce-que-l-ecocamping\/","name":"Qu'est-ce que l'\u00e9cocamping ?","isPartOf":{"@id":"https:\/\/www.campings.com\/fr\/content\/#website"},"datePublished":"2020-02-28T14:10:57+00:00","dateModified":"2020-02-28T14:11:04+00:00","description":"FAQ - Qu'est-ce que l'\u00e9cocamping ?","breadcrumb":{"@id":"https:\/\/www.campings.com\/fr\/content\/faq-camping\/qu-est-ce-que-l-ecocamping\/#breadcrumb"},"inLanguage":"fr-FR","potentialAction":[{"@type":"ReadAction","target":["https:\/\/www.campings.com\/fr\/content\/faq-camping\/qu-est-ce-que-l-ecocamping\/"]}]},{"@type":"BreadcrumbList","@id":"https:\/\/www.campings.com\/fr\/content\/faq-camping\/qu-est-ce-que-l-ecocamping\/#breadcrumb","itemListElement":[{"@type":"ListItem","position":1,"name":"Home","item":"https:\/\/www.campings.com\/fr\/content\/"},{"@type":"ListItem","position":2,"name":"FAQ camping","item":"https:\/\/www.campings.com\/fr\/content\/faq-camping\/"},{"@type":"ListItem","position":3,"name":"Qu&rsquo;est-ce que l&rsquo;\u00e9cocamping ?"}]},{"@type":"WebSite","@id":"https:\/\/www.campings.com\/fr\/content\/#website","url":"https:\/\/www.campings.com\/fr\/content\/","name":"","description":"","publisher":{"@id":"https:\/\/www.campings.com\/fr\/content\/#organization"},"potentialAction":[{"@type":"SearchAction","target":{"@type":"EntryPoint","urlTemplate":"https:\/\/www.campings.com\/fr\/content\/?s={search_term_string}"},"query-input":{"@type":"PropertyValueSpecification","valueRequired":true,"valueName":"search_term_string"}}],"inLanguage":"fr-FR"},{"@type":"Organization","@id":"https:\/\/www.campings.com\/fr\/content\/#organization","name":"CAMPINGS.COM","url":"https:\/\/www.campings.com\/fr\/content\/","logo":{"@type":"ImageObject","inLanguage":"fr-FR","@id":"https:\/\/www.campings.com\/fr\/content\/#\/schema\/logo\/image\/","url":"https:\/\/www.campings.com\/fr\/content\/wp-content\/uploads\/2019\/01\/cropped-logo-1.png","contentUrl":"https:\/\/www.campings.com\/fr\/content\/wp-content\/uploads\/2019\/01\/cropped-logo-1.png","width":174,"height":42,"caption":"CAMPINGS.COM"},"image":{"@id":"https:\/\/www.campings.com\/fr\/content\/#\/schema\/logo\/image\/"}}]}},"_links":{"self":[{"href":"https:\/\/www.campings.com\/fr\/content\/wp-json\/wp\/v2\/pages\/1690","targetHints":{"allow":["GET"]}}],"collection":[{"href":"https:\/\/www.campings.com\/fr\/content\/wp-json\/wp\/v2\/pages"}],"about":[{"href":"https:\/\/www.campings.com\/fr\/content\/wp-json\/wp\/v2\/types\/page"}],"author":[{"embeddable":true,"href":"https:\/\/www.campings.com\/fr\/content\/wp-json\/wp\/v2\/users\/2"}],"replies":[{"embeddable":true,"href":"https:\/\/www.campings.com\/fr\/content\/wp-json\/wp\/v2\/comments?post=1690"}],"version-history":[{"count":1,"href":"https:\/\/www.campings.com\/fr\/content\/wp-json\/wp\/v2\/pages\/1690\/revisions"}],"predecessor-version":[{"id":1691,"href":"https:\/\/www.campings.com\/fr\/content\/wp-json\/wp\/v2\/pages\/1690\/revisions\/1691"}],"up":[{"embeddable":true,"href":"https:\/\/www.campings.com\/fr\/content\/wp-json\/wp\/v2\/pages\/1638"}],"wp:attachment":[{"href":"https:\/\/www.campings.com\/fr\/content\/wp-json\/wp\/v2\/media?parent=1690"}],"curies":[{"name":"wp","href":"https:\/\/api.w.org\/{rel}","templated":true}]}}