{"id":1686,"date":"2020-02-28T14:09:00","date_gmt":"2020-02-28T14:09:00","guid":{"rendered":"https:\/\/www.campings.com\/fr\/content\/?page_id=1686"},"modified":"2020-02-28T14:09:08","modified_gmt":"2020-02-28T14:09:08","slug":"que-faire-en-cas-de-probleme-en-camping","status":"publish","type":"page","link":"https:\/\/www.campings.com\/fr\/content\/faq-camping\/que-faire-en-cas-de-probleme-en-camping\/","title":{"rendered":"Que faire en cas de probl\u00e8me en camping ?"},"content":{"rendered":"<p>En cas de probl\u00e8me au <a href=\"https:\/\/www.campings.com\/fr\/content\/tout-savoir-sur-le-camping\/faq-camping\/\">camping<\/a>, que faire ?<\/p>\n<ul>\n<li>Un <strong>probl\u00e8me sur le camping<\/strong> : adressez-vous au propri\u00e9taire.<\/li>\n<li>Un probl\u00e8me d\u2019<strong>hygi\u00e8ne ou de s\u00e9curit\u00e9<\/strong> : contactez les services de la mairie ou la DDPP (Direction D\u00e9partementale de la Protection des Populations)<\/li>\n<li>Un probl\u00e8me avec votre <strong>camping-car<\/strong> : appelez votre assurance.<\/li>\n<\/ul>\n<h2>Quelles assurances souscrire pour \u00e9viter les probl\u00e8mes en camping ?<\/h2>\n<p>Vous partez en vacances avec vos enfants dans un camping. Avant votre voyage, <strong>v\u00e9rifiez les garanties souscrites dans votre contrat d\u2019assurance<\/strong> de responsabilit\u00e9 civile.<\/p>\n<ul>\n<li>Votre assurance ne doit pas exclure <strong>l\u2019activit\u00e9 de camping<\/strong>.<\/li>\n<li>Elle doit couvrir le pays de vos vacances.<\/li>\n<li>Elle comprend la responsabilit\u00e9 civile dans le cas o\u00f9 vous seriez responsable d\u2019un incendie.<\/li>\n<\/ul>\n<p>Vous pouvez ajouter une garantie le temps de vos vacances ou souscrire de nouveaux contrats : <strong>assurance du mat\u00e9riel de camping<\/strong>, assurance sur les accidents corporels, une <strong>assurance annulation ou interruption de s\u00e9jour<\/strong>, etc.<\/p>\n<h2>Comment r\u00e9agir en cas de probl\u00e8me au camping ?<\/h2>\n<p>Vous avez r\u00e9serv\u00e9 votre emplacement ou votre Mobil home dans un camping apr\u00e8s avoir pris connaissance des <strong>avis sur Internet et des commentaires des clients<\/strong> de l&rsquo;ann\u00e9e pr\u00e9c\u00e9dente. Votre s\u00e9jour s&rsquo;annonce donc agr\u00e9able et la r\u00e9servation est enregistr\u00e9e. Mais en pleine saison, les campings rencontrent quelques soucis.<\/p>\n<ul>\n<li><strong>Pour des probl\u00e8mes mineurs : <\/strong>(panne, probl\u00e8me d&#8217;emplacement, nuit agit\u00e9e, mauvais terrain\u2026), tournez-vous vers le personnel du camping pour trouver une solution.<\/li>\n<li><strong>En cas de sinistre<\/strong> : catastrophe naturelle, vol dans votre Mobil home, accident de v\u00e9hicule : faites une d\u00e9claration \u00e0 votre assurance.<\/li>\n<li><strong>Publicit\u00e9 mensong\u00e8re sur les prestations du camping<\/strong> ou insalubrit\u00e9 des \u00e9quipements : le professionnel du camping encourt des sanctions, n&rsquo;h\u00e9sitez pas \u00e0 faire valoir vos droits en contactant le gestionnaire du camping.<\/li>\n<\/ul>\n","protected":false},"excerpt":{"rendered":"<p>En cas de probl\u00e8me au camping, que faire ? Un probl\u00e8me sur le camping : adressez-vous au propri\u00e9taire. Un probl\u00e8me d\u2019hygi\u00e8ne ou de s\u00e9curit\u00e9 : contactez les services de la mairie ou la DDPP (Direction D\u00e9partementale de la Protection des Populations) Un probl\u00e8me avec votre camping-car : appelez votre assurance. Quelles assurances souscrire pour \u00e9viter [&hellip;]<\/p>\n","protected":false},"author":2,"featured_media":0,"parent":1638,"menu_order":0,"comment_status":"closed","ping_status":"closed","template":"template-twocolumns.php","meta":{"_acf_changed":false,"footnotes":""},"class_list":["post-1686","page","type-page","status-publish","hentry"],"acf":[],"yoast_head":"<!-- This site is optimized with the Yoast SEO plugin v27.1.1 - https:\/\/yoast.com\/product\/yoast-seo-wordpress\/ -->\n<title>Que faire en cas de probl\u00e8me en camping ?<\/title>\n<meta name=\"description\" content=\"FAQ - Que faire en cas de probl\u00e8me en camping ?\" \/>\n<meta name=\"robots\" content=\"index, follow, max-snippet:-1, max-image-preview:large, max-video-preview:-1\" \/>\n<link rel=\"canonical\" href=\"https:\/\/www.campings.com\/fr\/content\/faq-camping\/que-faire-en-cas-de-probleme-en-camping\/\" \/>\n<meta property=\"og:locale\" content=\"fr_FR\" \/>\n<meta property=\"og:type\" content=\"article\" \/>\n<meta property=\"og:title\" content=\"Que faire en cas de probl\u00e8me en camping ?\" \/>\n<meta property=\"og:description\" content=\"FAQ - Que faire en cas de probl\u00e8me en camping ?\" \/>\n<meta property=\"og:url\" content=\"https:\/\/www.campings.com\/fr\/content\/faq-camping\/que-faire-en-cas-de-probleme-en-camping\/\" \/>\n<meta property=\"article:modified_time\" content=\"2020-02-28T14:09:08+00:00\" \/>\n<meta name=\"twitter:card\" content=\"summary_large_image\" \/>\n<meta name=\"twitter:label1\" content=\"Dur\u00e9e de lecture estim\u00e9e\" \/>\n\t<meta name=\"twitter:data1\" content=\"2 minutes\" \/>\n<script type=\"application\/ld+json\" class=\"yoast-schema-graph\">{\"@context\":\"https:\/\/schema.org\",\"@graph\":[{\"@type\":\"WebPage\",\"@id\":\"https:\/\/www.campings.com\/fr\/content\/faq-camping\/que-faire-en-cas-de-probleme-en-camping\/\",\"url\":\"https:\/\/www.campings.com\/fr\/content\/faq-camping\/que-faire-en-cas-de-probleme-en-camping\/\",\"name\":\"Que faire en cas de probl\u00e8me en camping ?\",\"isPartOf\":{\"@id\":\"https:\/\/www.campings.com\/fr\/content\/#website\"},\"datePublished\":\"2020-02-28T14:09:00+00:00\",\"dateModified\":\"2020-02-28T14:09:08+00:00\",\"description\":\"FAQ - Que faire en cas de probl\u00e8me en camping ?\",\"breadcrumb\":{\"@id\":\"https:\/\/www.campings.com\/fr\/content\/faq-camping\/que-faire-en-cas-de-probleme-en-camping\/#breadcrumb\"},\"inLanguage\":\"fr-FR\",\"potentialAction\":[{\"@type\":\"ReadAction\",\"target\":[\"https:\/\/www.campings.com\/fr\/content\/faq-camping\/que-faire-en-cas-de-probleme-en-camping\/\"]}]},{\"@type\":\"BreadcrumbList\",\"@id\":\"https:\/\/www.campings.com\/fr\/content\/faq-camping\/que-faire-en-cas-de-probleme-en-camping\/#breadcrumb\",\"itemListElement\":[{\"@type\":\"ListItem\",\"position\":1,\"name\":\"Home\",\"item\":\"https:\/\/www.campings.com\/fr\/content\/\"},{\"@type\":\"ListItem\",\"position\":2,\"name\":\"FAQ camping\",\"item\":\"https:\/\/www.campings.com\/fr\/content\/faq-camping\/\"},{\"@type\":\"ListItem\",\"position\":3,\"name\":\"Que faire en cas de probl\u00e8me en camping ?\"}]},{\"@type\":\"WebSite\",\"@id\":\"https:\/\/www.campings.com\/fr\/content\/#website\",\"url\":\"https:\/\/www.campings.com\/fr\/content\/\",\"name\":\"\",\"description\":\"\",\"publisher\":{\"@id\":\"https:\/\/www.campings.com\/fr\/content\/#organization\"},\"potentialAction\":[{\"@type\":\"SearchAction\",\"target\":{\"@type\":\"EntryPoint\",\"urlTemplate\":\"https:\/\/www.campings.com\/fr\/content\/?s={search_term_string}\"},\"query-input\":{\"@type\":\"PropertyValueSpecification\",\"valueRequired\":true,\"valueName\":\"search_term_string\"}}],\"inLanguage\":\"fr-FR\"},{\"@type\":\"Organization\",\"@id\":\"https:\/\/www.campings.com\/fr\/content\/#organization\",\"name\":\"CAMPINGS.COM\",\"url\":\"https:\/\/www.campings.com\/fr\/content\/\",\"logo\":{\"@type\":\"ImageObject\",\"inLanguage\":\"fr-FR\",\"@id\":\"https:\/\/www.campings.com\/fr\/content\/#\/schema\/logo\/image\/\",\"url\":\"https:\/\/www.campings.com\/fr\/content\/wp-content\/uploads\/2019\/01\/cropped-logo-1.png\",\"contentUrl\":\"https:\/\/www.campings.com\/fr\/content\/wp-content\/uploads\/2019\/01\/cropped-logo-1.png\",\"width\":174,\"height\":42,\"caption\":\"CAMPINGS.COM\"},\"image\":{\"@id\":\"https:\/\/www.campings.com\/fr\/content\/#\/schema\/logo\/image\/\"}}]}<\/script>\n<!-- \/ Yoast SEO plugin. -->","yoast_head_json":{"title":"Que faire en cas de probl\u00e8me en camping ?","description":"FAQ - Que faire en cas de probl\u00e8me en camping ?","robots":{"index":"index","follow":"follow","max-snippet":"max-snippet:-1","max-image-preview":"max-image-preview:large","max-video-preview":"max-video-preview:-1"},"canonical":"https:\/\/www.campings.com\/fr\/content\/faq-camping\/que-faire-en-cas-de-probleme-en-camping\/","og_locale":"fr_FR","og_type":"article","og_title":"Que faire en cas de probl\u00e8me en camping ?","og_description":"FAQ - Que faire en cas de probl\u00e8me en camping ?","og_url":"https:\/\/www.campings.com\/fr\/content\/faq-camping\/que-faire-en-cas-de-probleme-en-camping\/","article_modified_time":"2020-02-28T14:09:08+00:00","twitter_card":"summary_large_image","twitter_misc":{"Dur\u00e9e de lecture estim\u00e9e":"2 minutes"},"schema":{"@context":"https:\/\/schema.org","@graph":[{"@type":"WebPage","@id":"https:\/\/www.campings.com\/fr\/content\/faq-camping\/que-faire-en-cas-de-probleme-en-camping\/","url":"https:\/\/www.campings.com\/fr\/content\/faq-camping\/que-faire-en-cas-de-probleme-en-camping\/","name":"Que faire en cas de probl\u00e8me en camping ?","isPartOf":{"@id":"https:\/\/www.campings.com\/fr\/content\/#website"},"datePublished":"2020-02-28T14:09:00+00:00","dateModified":"2020-02-28T14:09:08+00:00","description":"FAQ - Que faire en cas de probl\u00e8me en camping ?","breadcrumb":{"@id":"https:\/\/www.campings.com\/fr\/content\/faq-camping\/que-faire-en-cas-de-probleme-en-camping\/#breadcrumb"},"inLanguage":"fr-FR","potentialAction":[{"@type":"ReadAction","target":["https:\/\/www.campings.com\/fr\/content\/faq-camping\/que-faire-en-cas-de-probleme-en-camping\/"]}]},{"@type":"BreadcrumbList","@id":"https:\/\/www.campings.com\/fr\/content\/faq-camping\/que-faire-en-cas-de-probleme-en-camping\/#breadcrumb","itemListElement":[{"@type":"ListItem","position":1,"name":"Home","item":"https:\/\/www.campings.com\/fr\/content\/"},{"@type":"ListItem","position":2,"name":"FAQ camping","item":"https:\/\/www.campings.com\/fr\/content\/faq-camping\/"},{"@type":"ListItem","position":3,"name":"Que faire en cas de probl\u00e8me en camping ?"}]},{"@type":"WebSite","@id":"https:\/\/www.campings.com\/fr\/content\/#website","url":"https:\/\/www.campings.com\/fr\/content\/","name":"","description":"","publisher":{"@id":"https:\/\/www.campings.com\/fr\/content\/#organization"},"potentialAction":[{"@type":"SearchAction","target":{"@type":"EntryPoint","urlTemplate":"https:\/\/www.campings.com\/fr\/content\/?s={search_term_string}"},"query-input":{"@type":"PropertyValueSpecification","valueRequired":true,"valueName":"search_term_string"}}],"inLanguage":"fr-FR"},{"@type":"Organization","@id":"https:\/\/www.campings.com\/fr\/content\/#organization","name":"CAMPINGS.COM","url":"https:\/\/www.campings.com\/fr\/content\/","logo":{"@type":"ImageObject","inLanguage":"fr-FR","@id":"https:\/\/www.campings.com\/fr\/content\/#\/schema\/logo\/image\/","url":"https:\/\/www.campings.com\/fr\/content\/wp-content\/uploads\/2019\/01\/cropped-logo-1.png","contentUrl":"https:\/\/www.campings.com\/fr\/content\/wp-content\/uploads\/2019\/01\/cropped-logo-1.png","width":174,"height":42,"caption":"CAMPINGS.COM"},"image":{"@id":"https:\/\/www.campings.com\/fr\/content\/#\/schema\/logo\/image\/"}}]}},"_links":{"self":[{"href":"https:\/\/www.campings.com\/fr\/content\/wp-json\/wp\/v2\/pages\/1686","targetHints":{"allow":["GET"]}}],"collection":[{"href":"https:\/\/www.campings.com\/fr\/content\/wp-json\/wp\/v2\/pages"}],"about":[{"href":"https:\/\/www.campings.com\/fr\/content\/wp-json\/wp\/v2\/types\/page"}],"author":[{"embeddable":true,"href":"https:\/\/www.campings.com\/fr\/content\/wp-json\/wp\/v2\/users\/2"}],"replies":[{"embeddable":true,"href":"https:\/\/www.campings.com\/fr\/content\/wp-json\/wp\/v2\/comments?post=1686"}],"version-history":[{"count":1,"href":"https:\/\/www.campings.com\/fr\/content\/wp-json\/wp\/v2\/pages\/1686\/revisions"}],"predecessor-version":[{"id":1687,"href":"https:\/\/www.campings.com\/fr\/content\/wp-json\/wp\/v2\/pages\/1686\/revisions\/1687"}],"up":[{"embeddable":true,"href":"https:\/\/www.campings.com\/fr\/content\/wp-json\/wp\/v2\/pages\/1638"}],"wp:attachment":[{"href":"https:\/\/www.campings.com\/fr\/content\/wp-json\/wp\/v2\/media?parent=1686"}],"curies":[{"name":"wp","href":"https:\/\/api.w.org\/{rel}","templated":true}]}}