{"id":1684,"date":"2020-02-28T14:08:00","date_gmt":"2020-02-28T14:08:00","guid":{"rendered":"https:\/\/www.campings.com\/fr\/content\/?page_id=1684"},"modified":"2020-03-02T18:33:01","modified_gmt":"2020-03-02T18:33:01","slug":"comment-faire-des-economies-en-camping","status":"publish","type":"page","link":"https:\/\/www.campings.com\/fr\/content\/faq-camping\/comment-faire-des-economies-en-camping\/","title":{"rendered":"Comment faire des \u00e9conomies en camping ?"},"content":{"rendered":"<p>Pour faire des<strong> \u00e9conomies en <a href=\"https:\/\/www.campings.com\/fr\/content\/tout-savoir-sur-le-camping\/faq-camping\/\">camping<\/a><\/strong>, vous pouvez vous rendre sur votre lieu de vacances avec un <strong>moyen de transport peu cher<\/strong> (train, voiture, etc.), r\u00e9server les restaurants pour les grandes occasions ou bien encore choisir une <strong>p\u00e9riode de r\u00e9servation peu demand\u00e9e<\/strong>.<\/p>\n<h2>Choisir un camping pas cher<\/h2>\n<p>Le prix d\u2019une nuit dans un camping d\u00e9pend :<\/p>\n<ul>\n<li>de la <strong>localisation du camping<\/strong> ;<\/li>\n<li>de la <strong>p\u00e9riode de r\u00e9servation<\/strong> ;<\/li>\n<li>des <strong>services propos\u00e9s<\/strong> dans le camping.<\/li>\n<\/ul>\n<p>Pour \u00e9conomiser sur le prix de la location d\u2019un emplacement ou d\u2019un Mobil-home au camping, privil\u00e9giez les campings qui sont un peu <strong>plus \u00e9loign\u00e9s des grands sites touristiques et des plages<\/strong>. Quelques minutes de trajet suppl\u00e9mentaire \u00e0 pied, en v\u00e9lo ou en voiture peuvent vous permettre de r\u00e9aliser de belles \u00e9conomies sur le prix total des vacances.<br \/>\nDe plus, les p\u00e9riodes de vacances en juillet et en ao\u00fbt sont celles o\u00f9 les prix sont les plus \u00e9lev\u00e9s. Si vous en avez la possibilit\u00e9, pr\u00e9f\u00e9rez partir en vacances dans un camping<strong> en dehors de la pleine saison<\/strong> des vacances d\u2019\u00e9t\u00e9.<br \/>\nEn outre, un camping qui propose une piscine, un spa ou toute autre activit\u00e9 sportive affichera un prix plus \u00e9lev\u00e9. Pr\u00e9f\u00e9rez donc les <strong>sorties \u00e0 la plage<\/strong> aux activit\u00e9s plus on\u00e9reuses propos\u00e9es au sein du camping.<\/p>\n<h2>Astuces pour \u00e9conomiser dans le camping<\/h2>\n<p>En dehors du prix de la location, l\u2019alimentation et les activit\u00e9s de loisirs repr\u00e9sentent l\u2019autre part importante du budget. Pour r\u00e9duire votre consommation sur place, pr\u00e9f\u00e9rez <strong>cuisiner des plats faits maison<\/strong> et r\u00e9servez les sorties au restaurant pour les moments forts de vos vacances.<\/p>\n","protected":false},"excerpt":{"rendered":"<p>Pour faire des \u00e9conomies en camping, vous pouvez vous rendre sur votre lieu de vacances avec un moyen de transport peu cher (train, voiture, etc.), r\u00e9server les restaurants pour les grandes occasions ou bien encore choisir une p\u00e9riode de r\u00e9servation peu demand\u00e9e. Choisir un camping pas cher Le prix d\u2019une nuit dans un camping d\u00e9pend [&hellip;]<\/p>\n","protected":false},"author":2,"featured_media":0,"parent":1638,"menu_order":0,"comment_status":"closed","ping_status":"closed","template":"template-twocolumns.php","meta":{"_acf_changed":false,"footnotes":""},"class_list":["post-1684","page","type-page","status-publish","hentry"],"acf":[],"yoast_head":"<!-- This site is optimized with the Yoast SEO plugin v27.1.1 - https:\/\/yoast.com\/product\/yoast-seo-wordpress\/ -->\n<title>Comment faire des \u00e9conomies en camping ?<\/title>\n<meta name=\"description\" content=\"FAQ - Comment faire des \u00e9conomies en camping ?\" \/>\n<meta name=\"robots\" content=\"index, follow, max-snippet:-1, max-image-preview:large, max-video-preview:-1\" \/>\n<link rel=\"canonical\" href=\"https:\/\/www.campings.com\/fr\/content\/faq-camping\/comment-faire-des-economies-en-camping\/\" \/>\n<meta property=\"og:locale\" content=\"fr_FR\" \/>\n<meta property=\"og:type\" content=\"article\" \/>\n<meta property=\"og:title\" content=\"Comment faire des \u00e9conomies en camping ?\" \/>\n<meta property=\"og:description\" content=\"FAQ - Comment faire des \u00e9conomies en camping ?\" \/>\n<meta property=\"og:url\" content=\"https:\/\/www.campings.com\/fr\/content\/faq-camping\/comment-faire-des-economies-en-camping\/\" \/>\n<meta property=\"article:modified_time\" content=\"2020-03-02T18:33:01+00:00\" \/>\n<meta name=\"twitter:card\" content=\"summary_large_image\" \/>\n<meta name=\"twitter:label1\" content=\"Dur\u00e9e de lecture estim\u00e9e\" \/>\n\t<meta name=\"twitter:data1\" content=\"1 minute\" \/>\n<script type=\"application\/ld+json\" class=\"yoast-schema-graph\">{\"@context\":\"https:\/\/schema.org\",\"@graph\":[{\"@type\":\"WebPage\",\"@id\":\"https:\/\/www.campings.com\/fr\/content\/faq-camping\/comment-faire-des-economies-en-camping\/\",\"url\":\"https:\/\/www.campings.com\/fr\/content\/faq-camping\/comment-faire-des-economies-en-camping\/\",\"name\":\"Comment faire des \u00e9conomies en camping ?\",\"isPartOf\":{\"@id\":\"https:\/\/www.campings.com\/fr\/content\/#website\"},\"datePublished\":\"2020-02-28T14:08:00+00:00\",\"dateModified\":\"2020-03-02T18:33:01+00:00\",\"description\":\"FAQ - Comment faire des \u00e9conomies en camping ?\",\"breadcrumb\":{\"@id\":\"https:\/\/www.campings.com\/fr\/content\/faq-camping\/comment-faire-des-economies-en-camping\/#breadcrumb\"},\"inLanguage\":\"fr-FR\",\"potentialAction\":[{\"@type\":\"ReadAction\",\"target\":[\"https:\/\/www.campings.com\/fr\/content\/faq-camping\/comment-faire-des-economies-en-camping\/\"]}]},{\"@type\":\"BreadcrumbList\",\"@id\":\"https:\/\/www.campings.com\/fr\/content\/faq-camping\/comment-faire-des-economies-en-camping\/#breadcrumb\",\"itemListElement\":[{\"@type\":\"ListItem\",\"position\":1,\"name\":\"Home\",\"item\":\"https:\/\/www.campings.com\/fr\/content\/\"},{\"@type\":\"ListItem\",\"position\":2,\"name\":\"FAQ camping\",\"item\":\"https:\/\/www.campings.com\/fr\/content\/faq-camping\/\"},{\"@type\":\"ListItem\",\"position\":3,\"name\":\"Comment faire des \u00e9conomies en camping ?\"}]},{\"@type\":\"WebSite\",\"@id\":\"https:\/\/www.campings.com\/fr\/content\/#website\",\"url\":\"https:\/\/www.campings.com\/fr\/content\/\",\"name\":\"\",\"description\":\"\",\"publisher\":{\"@id\":\"https:\/\/www.campings.com\/fr\/content\/#organization\"},\"potentialAction\":[{\"@type\":\"SearchAction\",\"target\":{\"@type\":\"EntryPoint\",\"urlTemplate\":\"https:\/\/www.campings.com\/fr\/content\/?s={search_term_string}\"},\"query-input\":{\"@type\":\"PropertyValueSpecification\",\"valueRequired\":true,\"valueName\":\"search_term_string\"}}],\"inLanguage\":\"fr-FR\"},{\"@type\":\"Organization\",\"@id\":\"https:\/\/www.campings.com\/fr\/content\/#organization\",\"name\":\"CAMPINGS.COM\",\"url\":\"https:\/\/www.campings.com\/fr\/content\/\",\"logo\":{\"@type\":\"ImageObject\",\"inLanguage\":\"fr-FR\",\"@id\":\"https:\/\/www.campings.com\/fr\/content\/#\/schema\/logo\/image\/\",\"url\":\"https:\/\/www.campings.com\/fr\/content\/wp-content\/uploads\/2019\/01\/cropped-logo-1.png\",\"contentUrl\":\"https:\/\/www.campings.com\/fr\/content\/wp-content\/uploads\/2019\/01\/cropped-logo-1.png\",\"width\":174,\"height\":42,\"caption\":\"CAMPINGS.COM\"},\"image\":{\"@id\":\"https:\/\/www.campings.com\/fr\/content\/#\/schema\/logo\/image\/\"}}]}<\/script>\n<!-- \/ Yoast SEO plugin. -->","yoast_head_json":{"title":"Comment faire des \u00e9conomies en camping ?","description":"FAQ - Comment faire des \u00e9conomies en camping ?","robots":{"index":"index","follow":"follow","max-snippet":"max-snippet:-1","max-image-preview":"max-image-preview:large","max-video-preview":"max-video-preview:-1"},"canonical":"https:\/\/www.campings.com\/fr\/content\/faq-camping\/comment-faire-des-economies-en-camping\/","og_locale":"fr_FR","og_type":"article","og_title":"Comment faire des \u00e9conomies en camping ?","og_description":"FAQ - Comment faire des \u00e9conomies en camping ?","og_url":"https:\/\/www.campings.com\/fr\/content\/faq-camping\/comment-faire-des-economies-en-camping\/","article_modified_time":"2020-03-02T18:33:01+00:00","twitter_card":"summary_large_image","twitter_misc":{"Dur\u00e9e de lecture estim\u00e9e":"1 minute"},"schema":{"@context":"https:\/\/schema.org","@graph":[{"@type":"WebPage","@id":"https:\/\/www.campings.com\/fr\/content\/faq-camping\/comment-faire-des-economies-en-camping\/","url":"https:\/\/www.campings.com\/fr\/content\/faq-camping\/comment-faire-des-economies-en-camping\/","name":"Comment faire des \u00e9conomies en camping ?","isPartOf":{"@id":"https:\/\/www.campings.com\/fr\/content\/#website"},"datePublished":"2020-02-28T14:08:00+00:00","dateModified":"2020-03-02T18:33:01+00:00","description":"FAQ - Comment faire des \u00e9conomies en camping ?","breadcrumb":{"@id":"https:\/\/www.campings.com\/fr\/content\/faq-camping\/comment-faire-des-economies-en-camping\/#breadcrumb"},"inLanguage":"fr-FR","potentialAction":[{"@type":"ReadAction","target":["https:\/\/www.campings.com\/fr\/content\/faq-camping\/comment-faire-des-economies-en-camping\/"]}]},{"@type":"BreadcrumbList","@id":"https:\/\/www.campings.com\/fr\/content\/faq-camping\/comment-faire-des-economies-en-camping\/#breadcrumb","itemListElement":[{"@type":"ListItem","position":1,"name":"Home","item":"https:\/\/www.campings.com\/fr\/content\/"},{"@type":"ListItem","position":2,"name":"FAQ camping","item":"https:\/\/www.campings.com\/fr\/content\/faq-camping\/"},{"@type":"ListItem","position":3,"name":"Comment faire des \u00e9conomies en camping ?"}]},{"@type":"WebSite","@id":"https:\/\/www.campings.com\/fr\/content\/#website","url":"https:\/\/www.campings.com\/fr\/content\/","name":"","description":"","publisher":{"@id":"https:\/\/www.campings.com\/fr\/content\/#organization"},"potentialAction":[{"@type":"SearchAction","target":{"@type":"EntryPoint","urlTemplate":"https:\/\/www.campings.com\/fr\/content\/?s={search_term_string}"},"query-input":{"@type":"PropertyValueSpecification","valueRequired":true,"valueName":"search_term_string"}}],"inLanguage":"fr-FR"},{"@type":"Organization","@id":"https:\/\/www.campings.com\/fr\/content\/#organization","name":"CAMPINGS.COM","url":"https:\/\/www.campings.com\/fr\/content\/","logo":{"@type":"ImageObject","inLanguage":"fr-FR","@id":"https:\/\/www.campings.com\/fr\/content\/#\/schema\/logo\/image\/","url":"https:\/\/www.campings.com\/fr\/content\/wp-content\/uploads\/2019\/01\/cropped-logo-1.png","contentUrl":"https:\/\/www.campings.com\/fr\/content\/wp-content\/uploads\/2019\/01\/cropped-logo-1.png","width":174,"height":42,"caption":"CAMPINGS.COM"},"image":{"@id":"https:\/\/www.campings.com\/fr\/content\/#\/schema\/logo\/image\/"}}]}},"_links":{"self":[{"href":"https:\/\/www.campings.com\/fr\/content\/wp-json\/wp\/v2\/pages\/1684","targetHints":{"allow":["GET"]}}],"collection":[{"href":"https:\/\/www.campings.com\/fr\/content\/wp-json\/wp\/v2\/pages"}],"about":[{"href":"https:\/\/www.campings.com\/fr\/content\/wp-json\/wp\/v2\/types\/page"}],"author":[{"embeddable":true,"href":"https:\/\/www.campings.com\/fr\/content\/wp-json\/wp\/v2\/users\/2"}],"replies":[{"embeddable":true,"href":"https:\/\/www.campings.com\/fr\/content\/wp-json\/wp\/v2\/comments?post=1684"}],"version-history":[{"count":2,"href":"https:\/\/www.campings.com\/fr\/content\/wp-json\/wp\/v2\/pages\/1684\/revisions"}],"predecessor-version":[{"id":7107,"href":"https:\/\/www.campings.com\/fr\/content\/wp-json\/wp\/v2\/pages\/1684\/revisions\/7107"}],"up":[{"embeddable":true,"href":"https:\/\/www.campings.com\/fr\/content\/wp-json\/wp\/v2\/pages\/1638"}],"wp:attachment":[{"href":"https:\/\/www.campings.com\/fr\/content\/wp-json\/wp\/v2\/media?parent=1684"}],"curies":[{"name":"wp","href":"https:\/\/api.w.org\/{rel}","templated":true}]}}