{"id":1678,"date":"2020-02-28T14:04:51","date_gmt":"2020-02-28T14:04:51","guid":{"rendered":"https:\/\/www.campings.com\/fr\/content\/?page_id=1678"},"modified":"2020-02-28T14:04:58","modified_gmt":"2020-02-28T14:04:58","slug":"quels-sont-les-avantages-de-travailler-dans-un-camping","status":"publish","type":"page","link":"https:\/\/www.campings.com\/fr\/content\/faq-camping\/quels-sont-les-avantages-de-travailler-dans-un-camping\/","title":{"rendered":"Quels sont les avantages de travailler dans un camping ?"},"content":{"rendered":"<p>Les avantages de travailler dans un <a href=\"https:\/\/www.campings.com\/fr\/content\/tout-savoir-sur-le-camping\/faq-camping\/\">camping<\/a> sont, par exemple :<\/p>\n<ol>\n<li><strong>Le cadre :<\/strong> le camping est situ\u00e9 dans un lieu id\u00e9al (bord de mer, montagne, campagne).<\/li>\n<li><strong>L&rsquo;ambiance<\/strong> : vous \u00e9voluez dans une atmosph\u00e8re d\u00e9tendue aupr\u00e8s des vacanciers.<\/li>\n<li><strong>Le contrat saisonnier<\/strong> implique des avantages en nature et des cong\u00e9s au camping.<\/li>\n<\/ol>\n<h2>Quels sont les types de postes possibles pour travailler dans un camping ?<\/h2>\n<p>Les types de postes pour travailler dans un camping sont vari\u00e9s. Il est donc possible de trouver des emplois saisonniers pour lesquels vous d\u00e9velopperez des comp\u00e9tences professionnelles.<\/p>\n<ul>\n<li><strong>M\u00e9tiers li\u00e9s \u00e0 l\u2019animation<\/strong> : animateur pour enfants ou pour adultes, animateur sportifs, culturels, etc.<\/li>\n<li><strong>M\u00e9tiers de la restauration ou de l\u2019h\u00f4tellerie<\/strong> : cuisinier, barman, r\u00e9ceptionniste, serveur, etc.<\/li>\n<li><strong>M\u00e9tiers li\u00e9s \u00e0 l\u2019entretien<\/strong> : homme ou femme de m\u00e9nage, jardiniers, etc.<\/li>\n<\/ul>\n<p>Ces emplois saisonniers sont l&rsquo;opportunit\u00e9 de <strong>multiplier les exp\u00e9riences professionnelles<\/strong>. Ces emplois, soumis \u00e0 des contrats de travail type CDD ou CEE, <strong>r\u00e9mun\u00e9r\u00e9s aux alentours du SMIC<\/strong>, b\u00e9n\u00e9ficient g\u00e9n\u00e9ralement d&rsquo;avantages en nature comme le logement gratuit dans les campings.<\/p>\n<h2>Comment se passe le recrutement pour travailler dans un camping ?<\/h2>\n<p>Le recrutement pour travailler dans un camping r\u00e9pond aux m\u00eames crit\u00e8res qu\u2019un recrutement traditionnel :<\/p>\n<ul>\n<li>La diffusion des offres d\u2019emplois, de jobs d\u2019\u00e9t\u00e9 ou stages a lieu <strong>au cours de l\u2019hiver pr\u00e9c\u00e9dent la saison estivale<\/strong>.<\/li>\n<li>Les candidatures se composent d\u2019<strong>un CV et d\u2019une lettre de motivation<\/strong>.<\/li>\n<li>Les candidats sont re\u00e7us par l\u2019employeur au sein de son entreprise pour <strong>un entretien<\/strong>.<\/li>\n<\/ul>\n<p>L\u2019<strong>anciennet\u00e9 au camping ou la formation<\/strong> n\u00e9cessaire au poste cibl\u00e9 sont des crit\u00e8res privil\u00e9gi\u00e9s par les recruteurs.<\/p>\n","protected":false},"excerpt":{"rendered":"<p>Les avantages de travailler dans un camping sont, par exemple : Le cadre : le camping est situ\u00e9 dans un lieu id\u00e9al (bord de mer, montagne, campagne). L&rsquo;ambiance : vous \u00e9voluez dans une atmosph\u00e8re d\u00e9tendue aupr\u00e8s des vacanciers. Le contrat saisonnier implique des avantages en nature et des cong\u00e9s au camping. Quels sont les types [&hellip;]<\/p>\n","protected":false},"author":2,"featured_media":0,"parent":1638,"menu_order":0,"comment_status":"closed","ping_status":"closed","template":"template-twocolumns.php","meta":{"_acf_changed":false,"footnotes":""},"class_list":["post-1678","page","type-page","status-publish","hentry"],"acf":[],"yoast_head":"<!-- This site is optimized with the Yoast SEO plugin v27.1.1 - https:\/\/yoast.com\/product\/yoast-seo-wordpress\/ -->\n<title>Quels sont les avantages de travailler dans un camping ?<\/title>\n<meta name=\"description\" content=\"FAQ - Quels sont les avantages de travailler dans un camping ?\" \/>\n<meta name=\"robots\" content=\"index, follow, max-snippet:-1, max-image-preview:large, max-video-preview:-1\" \/>\n<link rel=\"canonical\" href=\"https:\/\/www.campings.com\/fr\/content\/faq-camping\/quels-sont-les-avantages-de-travailler-dans-un-camping\/\" \/>\n<meta property=\"og:locale\" content=\"fr_FR\" \/>\n<meta property=\"og:type\" content=\"article\" \/>\n<meta property=\"og:title\" content=\"Quels sont les avantages de travailler dans un camping ?\" \/>\n<meta property=\"og:description\" content=\"FAQ - Quels sont les avantages de travailler dans un camping ?\" \/>\n<meta property=\"og:url\" content=\"https:\/\/www.campings.com\/fr\/content\/faq-camping\/quels-sont-les-avantages-de-travailler-dans-un-camping\/\" \/>\n<meta property=\"article:modified_time\" content=\"2020-02-28T14:04:58+00:00\" \/>\n<meta name=\"twitter:card\" content=\"summary_large_image\" \/>\n<meta name=\"twitter:label1\" content=\"Dur\u00e9e de lecture estim\u00e9e\" \/>\n\t<meta name=\"twitter:data1\" content=\"1 minute\" \/>\n<script type=\"application\/ld+json\" class=\"yoast-schema-graph\">{\"@context\":\"https:\/\/schema.org\",\"@graph\":[{\"@type\":\"WebPage\",\"@id\":\"https:\/\/www.campings.com\/fr\/content\/faq-camping\/quels-sont-les-avantages-de-travailler-dans-un-camping\/\",\"url\":\"https:\/\/www.campings.com\/fr\/content\/faq-camping\/quels-sont-les-avantages-de-travailler-dans-un-camping\/\",\"name\":\"Quels sont les avantages de travailler dans un camping ?\",\"isPartOf\":{\"@id\":\"https:\/\/www.campings.com\/fr\/content\/#website\"},\"datePublished\":\"2020-02-28T14:04:51+00:00\",\"dateModified\":\"2020-02-28T14:04:58+00:00\",\"description\":\"FAQ - Quels sont les avantages de travailler dans un camping ?\",\"breadcrumb\":{\"@id\":\"https:\/\/www.campings.com\/fr\/content\/faq-camping\/quels-sont-les-avantages-de-travailler-dans-un-camping\/#breadcrumb\"},\"inLanguage\":\"fr-FR\",\"potentialAction\":[{\"@type\":\"ReadAction\",\"target\":[\"https:\/\/www.campings.com\/fr\/content\/faq-camping\/quels-sont-les-avantages-de-travailler-dans-un-camping\/\"]}]},{\"@type\":\"BreadcrumbList\",\"@id\":\"https:\/\/www.campings.com\/fr\/content\/faq-camping\/quels-sont-les-avantages-de-travailler-dans-un-camping\/#breadcrumb\",\"itemListElement\":[{\"@type\":\"ListItem\",\"position\":1,\"name\":\"Home\",\"item\":\"https:\/\/www.campings.com\/fr\/content\/\"},{\"@type\":\"ListItem\",\"position\":2,\"name\":\"FAQ camping\",\"item\":\"https:\/\/www.campings.com\/fr\/content\/faq-camping\/\"},{\"@type\":\"ListItem\",\"position\":3,\"name\":\"Quels sont les avantages de travailler dans un camping ?\"}]},{\"@type\":\"WebSite\",\"@id\":\"https:\/\/www.campings.com\/fr\/content\/#website\",\"url\":\"https:\/\/www.campings.com\/fr\/content\/\",\"name\":\"\",\"description\":\"\",\"publisher\":{\"@id\":\"https:\/\/www.campings.com\/fr\/content\/#organization\"},\"potentialAction\":[{\"@type\":\"SearchAction\",\"target\":{\"@type\":\"EntryPoint\",\"urlTemplate\":\"https:\/\/www.campings.com\/fr\/content\/?s={search_term_string}\"},\"query-input\":{\"@type\":\"PropertyValueSpecification\",\"valueRequired\":true,\"valueName\":\"search_term_string\"}}],\"inLanguage\":\"fr-FR\"},{\"@type\":\"Organization\",\"@id\":\"https:\/\/www.campings.com\/fr\/content\/#organization\",\"name\":\"CAMPINGS.COM\",\"url\":\"https:\/\/www.campings.com\/fr\/content\/\",\"logo\":{\"@type\":\"ImageObject\",\"inLanguage\":\"fr-FR\",\"@id\":\"https:\/\/www.campings.com\/fr\/content\/#\/schema\/logo\/image\/\",\"url\":\"https:\/\/www.campings.com\/fr\/content\/wp-content\/uploads\/2019\/01\/cropped-logo-1.png\",\"contentUrl\":\"https:\/\/www.campings.com\/fr\/content\/wp-content\/uploads\/2019\/01\/cropped-logo-1.png\",\"width\":174,\"height\":42,\"caption\":\"CAMPINGS.COM\"},\"image\":{\"@id\":\"https:\/\/www.campings.com\/fr\/content\/#\/schema\/logo\/image\/\"}}]}<\/script>\n<!-- \/ Yoast SEO plugin. -->","yoast_head_json":{"title":"Quels sont les avantages de travailler dans un camping ?","description":"FAQ - Quels sont les avantages de travailler dans un camping ?","robots":{"index":"index","follow":"follow","max-snippet":"max-snippet:-1","max-image-preview":"max-image-preview:large","max-video-preview":"max-video-preview:-1"},"canonical":"https:\/\/www.campings.com\/fr\/content\/faq-camping\/quels-sont-les-avantages-de-travailler-dans-un-camping\/","og_locale":"fr_FR","og_type":"article","og_title":"Quels sont les avantages de travailler dans un camping ?","og_description":"FAQ - Quels sont les avantages de travailler dans un camping ?","og_url":"https:\/\/www.campings.com\/fr\/content\/faq-camping\/quels-sont-les-avantages-de-travailler-dans-un-camping\/","article_modified_time":"2020-02-28T14:04:58+00:00","twitter_card":"summary_large_image","twitter_misc":{"Dur\u00e9e de lecture estim\u00e9e":"1 minute"},"schema":{"@context":"https:\/\/schema.org","@graph":[{"@type":"WebPage","@id":"https:\/\/www.campings.com\/fr\/content\/faq-camping\/quels-sont-les-avantages-de-travailler-dans-un-camping\/","url":"https:\/\/www.campings.com\/fr\/content\/faq-camping\/quels-sont-les-avantages-de-travailler-dans-un-camping\/","name":"Quels sont les avantages de travailler dans un camping ?","isPartOf":{"@id":"https:\/\/www.campings.com\/fr\/content\/#website"},"datePublished":"2020-02-28T14:04:51+00:00","dateModified":"2020-02-28T14:04:58+00:00","description":"FAQ - Quels sont les avantages de travailler dans un camping ?","breadcrumb":{"@id":"https:\/\/www.campings.com\/fr\/content\/faq-camping\/quels-sont-les-avantages-de-travailler-dans-un-camping\/#breadcrumb"},"inLanguage":"fr-FR","potentialAction":[{"@type":"ReadAction","target":["https:\/\/www.campings.com\/fr\/content\/faq-camping\/quels-sont-les-avantages-de-travailler-dans-un-camping\/"]}]},{"@type":"BreadcrumbList","@id":"https:\/\/www.campings.com\/fr\/content\/faq-camping\/quels-sont-les-avantages-de-travailler-dans-un-camping\/#breadcrumb","itemListElement":[{"@type":"ListItem","position":1,"name":"Home","item":"https:\/\/www.campings.com\/fr\/content\/"},{"@type":"ListItem","position":2,"name":"FAQ camping","item":"https:\/\/www.campings.com\/fr\/content\/faq-camping\/"},{"@type":"ListItem","position":3,"name":"Quels sont les avantages de travailler dans un camping ?"}]},{"@type":"WebSite","@id":"https:\/\/www.campings.com\/fr\/content\/#website","url":"https:\/\/www.campings.com\/fr\/content\/","name":"","description":"","publisher":{"@id":"https:\/\/www.campings.com\/fr\/content\/#organization"},"potentialAction":[{"@type":"SearchAction","target":{"@type":"EntryPoint","urlTemplate":"https:\/\/www.campings.com\/fr\/content\/?s={search_term_string}"},"query-input":{"@type":"PropertyValueSpecification","valueRequired":true,"valueName":"search_term_string"}}],"inLanguage":"fr-FR"},{"@type":"Organization","@id":"https:\/\/www.campings.com\/fr\/content\/#organization","name":"CAMPINGS.COM","url":"https:\/\/www.campings.com\/fr\/content\/","logo":{"@type":"ImageObject","inLanguage":"fr-FR","@id":"https:\/\/www.campings.com\/fr\/content\/#\/schema\/logo\/image\/","url":"https:\/\/www.campings.com\/fr\/content\/wp-content\/uploads\/2019\/01\/cropped-logo-1.png","contentUrl":"https:\/\/www.campings.com\/fr\/content\/wp-content\/uploads\/2019\/01\/cropped-logo-1.png","width":174,"height":42,"caption":"CAMPINGS.COM"},"image":{"@id":"https:\/\/www.campings.com\/fr\/content\/#\/schema\/logo\/image\/"}}]}},"_links":{"self":[{"href":"https:\/\/www.campings.com\/fr\/content\/wp-json\/wp\/v2\/pages\/1678","targetHints":{"allow":["GET"]}}],"collection":[{"href":"https:\/\/www.campings.com\/fr\/content\/wp-json\/wp\/v2\/pages"}],"about":[{"href":"https:\/\/www.campings.com\/fr\/content\/wp-json\/wp\/v2\/types\/page"}],"author":[{"embeddable":true,"href":"https:\/\/www.campings.com\/fr\/content\/wp-json\/wp\/v2\/users\/2"}],"replies":[{"embeddable":true,"href":"https:\/\/www.campings.com\/fr\/content\/wp-json\/wp\/v2\/comments?post=1678"}],"version-history":[{"count":1,"href":"https:\/\/www.campings.com\/fr\/content\/wp-json\/wp\/v2\/pages\/1678\/revisions"}],"predecessor-version":[{"id":1679,"href":"https:\/\/www.campings.com\/fr\/content\/wp-json\/wp\/v2\/pages\/1678\/revisions\/1679"}],"up":[{"embeddable":true,"href":"https:\/\/www.campings.com\/fr\/content\/wp-json\/wp\/v2\/pages\/1638"}],"wp:attachment":[{"href":"https:\/\/www.campings.com\/fr\/content\/wp-json\/wp\/v2\/media?parent=1678"}],"curies":[{"name":"wp","href":"https:\/\/api.w.org\/{rel}","templated":true}]}}