{"id":1676,"date":"2020-02-28T14:03:33","date_gmt":"2020-02-28T14:03:33","guid":{"rendered":"https:\/\/www.campings.com\/fr\/content\/?page_id=1676"},"modified":"2020-02-28T14:03:33","modified_gmt":"2020-02-28T14:03:33","slug":"quel-est-le-salaire-moyen-d-un-animateur-camping","status":"publish","type":"page","link":"https:\/\/www.campings.com\/fr\/content\/faq-camping\/quel-est-le-salaire-moyen-d-un-animateur-camping\/","title":{"rendered":"Quel est le salaire moyen d&rsquo;un animateur de camping ?"},"content":{"rendered":"<p>Le salaire moyen d&rsquo;un animateur de camping se situe autour du <strong>SMIC<\/strong>. Les animateurs en <strong>d\u00e9but de carri\u00e8re<\/strong> re\u00e7oivent un salaire compris <strong>entre 1 100 euros et 1 250 \u20ac net<\/strong>. Apr\u00e8s plusieurs ann\u00e9es d&rsquo;exp\u00e9rience, la r\u00e9mun\u00e9ration augmente et peut atteindre <strong>1 300 \u00e0 1 500 euros net<\/strong>.<\/p>\n<h2>Comment devenir animateur de camping ?<\/h2>\n<p>Pour devenir animateur de camping, les formations conseill\u00e9es sont : le <strong>BAFA<\/strong> (Brevet d&rsquo;Aptitude aux Fonctions d&rsquo;Animateur)\/<strong>BAFD<\/strong> (Brevet d&rsquo;Aptitude aux fonctions de Directeur d&rsquo;accueils de loisirs), <strong>BNS<\/strong> (Brevet National de Secourisme), ou le <strong>Bees<\/strong> (Brevet d&rsquo;\u00e9tat d&rsquo;\u00e9ducateur sportif). Un <strong>BTS Animation et gestion touristiques locales, un Bac +2 STT<\/strong> sont appr\u00e9ci\u00e9s.<\/p>\n<h2>Quelles sont les activit\u00e9s d&rsquo;un animateur de camping ?<\/h2>\n<p>Les activit\u00e9s d&rsquo;un animateur de camping sont vari\u00e9es : <strong>organisation des spectacles<\/strong>, gestion de l&rsquo;<strong>animation des activit\u00e9s<\/strong> culturelles ou sportives, <strong>animation des soir\u00e9es<\/strong> du camping, l&rsquo;<strong>encadrement des groupes d&rsquo;enfants<\/strong> ou des jeunes. De l&rsquo;accueil \u00e0 l&rsquo;accompagnement des vacanciers, il veille \u00e0 la <strong>satisfaction des clients et \u00e0 l&rsquo;ambiance du camping<\/strong>.<\/p>\n<h2>Quelles sont les comp\u00e9tences utiles pour \u00eatre animateur de camping ?<\/h2>\n<p>Les comp\u00e9tences utiles pour \u00eatre animateur camping sont : avoir <strong>une bonne organisation<\/strong>,<strong> \u00eatre cr\u00e9atif<\/strong>, poss\u00e9der un <strong>dipl\u00f4me comme le BAFA<\/strong>, disposer d&rsquo;une <strong>formation artistique ou sportive<\/strong> et parler une ou plusieurs <strong>langues \u00e9trang\u00e8res<\/strong>, dont <strong>l&rsquo;anglais<\/strong>. L&rsquo;animateur doit \u00eatre <strong>poli, souriant, dynamique et polyvalent<\/strong>.<\/p>\n<p>&nbsp;<\/p>\n<p><a href=\"https:\/\/www.campings.com\/fr\/content\/tout-savoir-sur-le-camping\/faq-camping\/\">Retour \u00e0 la FAQ camping<\/a><\/p>\n","protected":false},"excerpt":{"rendered":"<p>Le salaire moyen d&rsquo;un animateur de camping se situe autour du SMIC. Les animateurs en d\u00e9but de carri\u00e8re re\u00e7oivent un salaire compris entre 1 100 euros et 1 250 \u20ac net. Apr\u00e8s plusieurs ann\u00e9es d&rsquo;exp\u00e9rience, la r\u00e9mun\u00e9ration augmente et peut atteindre 1 300 \u00e0 1 500 euros net. Comment devenir animateur de camping ? Pour [&hellip;]<\/p>\n","protected":false},"author":2,"featured_media":0,"parent":1638,"menu_order":0,"comment_status":"closed","ping_status":"closed","template":"template-twocolumns.php","meta":{"_acf_changed":false,"footnotes":""},"class_list":["post-1676","page","type-page","status-publish","hentry"],"acf":[],"yoast_head":"<!-- This site is optimized with the Yoast SEO plugin v27.1.1 - https:\/\/yoast.com\/product\/yoast-seo-wordpress\/ -->\n<title>Quel est le salaire moyen d&#039;un animateur de camping ?<\/title>\n<meta name=\"description\" content=\"FAQ - Quel est le salaire moyen d&#039;un animateur de camping ?\" \/>\n<meta name=\"robots\" content=\"index, follow, max-snippet:-1, max-image-preview:large, max-video-preview:-1\" \/>\n<link rel=\"canonical\" href=\"https:\/\/www.campings.com\/fr\/content\/faq-camping\/quel-est-le-salaire-moyen-d-un-animateur-camping\/\" \/>\n<meta property=\"og:locale\" content=\"fr_FR\" \/>\n<meta property=\"og:type\" content=\"article\" \/>\n<meta property=\"og:title\" content=\"Quel est le salaire moyen d&#039;un animateur de camping ?\" \/>\n<meta property=\"og:description\" content=\"FAQ - Quel est le salaire moyen d&#039;un animateur de camping ?\" \/>\n<meta property=\"og:url\" content=\"https:\/\/www.campings.com\/fr\/content\/faq-camping\/quel-est-le-salaire-moyen-d-un-animateur-camping\/\" \/>\n<meta name=\"twitter:card\" content=\"summary_large_image\" \/>\n<meta name=\"twitter:label1\" content=\"Dur\u00e9e de lecture estim\u00e9e\" \/>\n\t<meta name=\"twitter:data1\" content=\"1 minute\" \/>\n<script type=\"application\/ld+json\" class=\"yoast-schema-graph\">{\"@context\":\"https:\/\/schema.org\",\"@graph\":[{\"@type\":\"WebPage\",\"@id\":\"https:\/\/www.campings.com\/fr\/content\/faq-camping\/quel-est-le-salaire-moyen-d-un-animateur-camping\/\",\"url\":\"https:\/\/www.campings.com\/fr\/content\/faq-camping\/quel-est-le-salaire-moyen-d-un-animateur-camping\/\",\"name\":\"Quel est le salaire moyen d'un animateur de camping ?\",\"isPartOf\":{\"@id\":\"https:\/\/www.campings.com\/fr\/content\/#website\"},\"datePublished\":\"2020-02-28T14:03:33+00:00\",\"description\":\"FAQ - Quel est le salaire moyen d'un animateur de camping ?\",\"breadcrumb\":{\"@id\":\"https:\/\/www.campings.com\/fr\/content\/faq-camping\/quel-est-le-salaire-moyen-d-un-animateur-camping\/#breadcrumb\"},\"inLanguage\":\"fr-FR\",\"potentialAction\":[{\"@type\":\"ReadAction\",\"target\":[\"https:\/\/www.campings.com\/fr\/content\/faq-camping\/quel-est-le-salaire-moyen-d-un-animateur-camping\/\"]}]},{\"@type\":\"BreadcrumbList\",\"@id\":\"https:\/\/www.campings.com\/fr\/content\/faq-camping\/quel-est-le-salaire-moyen-d-un-animateur-camping\/#breadcrumb\",\"itemListElement\":[{\"@type\":\"ListItem\",\"position\":1,\"name\":\"Home\",\"item\":\"https:\/\/www.campings.com\/fr\/content\/\"},{\"@type\":\"ListItem\",\"position\":2,\"name\":\"FAQ camping\",\"item\":\"https:\/\/www.campings.com\/fr\/content\/faq-camping\/\"},{\"@type\":\"ListItem\",\"position\":3,\"name\":\"Quel est le salaire moyen d&rsquo;un animateur de camping ?\"}]},{\"@type\":\"WebSite\",\"@id\":\"https:\/\/www.campings.com\/fr\/content\/#website\",\"url\":\"https:\/\/www.campings.com\/fr\/content\/\",\"name\":\"\",\"description\":\"\",\"publisher\":{\"@id\":\"https:\/\/www.campings.com\/fr\/content\/#organization\"},\"potentialAction\":[{\"@type\":\"SearchAction\",\"target\":{\"@type\":\"EntryPoint\",\"urlTemplate\":\"https:\/\/www.campings.com\/fr\/content\/?s={search_term_string}\"},\"query-input\":{\"@type\":\"PropertyValueSpecification\",\"valueRequired\":true,\"valueName\":\"search_term_string\"}}],\"inLanguage\":\"fr-FR\"},{\"@type\":\"Organization\",\"@id\":\"https:\/\/www.campings.com\/fr\/content\/#organization\",\"name\":\"CAMPINGS.COM\",\"url\":\"https:\/\/www.campings.com\/fr\/content\/\",\"logo\":{\"@type\":\"ImageObject\",\"inLanguage\":\"fr-FR\",\"@id\":\"https:\/\/www.campings.com\/fr\/content\/#\/schema\/logo\/image\/\",\"url\":\"https:\/\/www.campings.com\/fr\/content\/wp-content\/uploads\/2019\/01\/cropped-logo-1.png\",\"contentUrl\":\"https:\/\/www.campings.com\/fr\/content\/wp-content\/uploads\/2019\/01\/cropped-logo-1.png\",\"width\":174,\"height\":42,\"caption\":\"CAMPINGS.COM\"},\"image\":{\"@id\":\"https:\/\/www.campings.com\/fr\/content\/#\/schema\/logo\/image\/\"}}]}<\/script>\n<!-- \/ Yoast SEO plugin. -->","yoast_head_json":{"title":"Quel est le salaire moyen d'un animateur de camping ?","description":"FAQ - Quel est le salaire moyen d'un animateur de camping ?","robots":{"index":"index","follow":"follow","max-snippet":"max-snippet:-1","max-image-preview":"max-image-preview:large","max-video-preview":"max-video-preview:-1"},"canonical":"https:\/\/www.campings.com\/fr\/content\/faq-camping\/quel-est-le-salaire-moyen-d-un-animateur-camping\/","og_locale":"fr_FR","og_type":"article","og_title":"Quel est le salaire moyen d'un animateur de camping ?","og_description":"FAQ - Quel est le salaire moyen d'un animateur de camping ?","og_url":"https:\/\/www.campings.com\/fr\/content\/faq-camping\/quel-est-le-salaire-moyen-d-un-animateur-camping\/","twitter_card":"summary_large_image","twitter_misc":{"Dur\u00e9e de lecture estim\u00e9e":"1 minute"},"schema":{"@context":"https:\/\/schema.org","@graph":[{"@type":"WebPage","@id":"https:\/\/www.campings.com\/fr\/content\/faq-camping\/quel-est-le-salaire-moyen-d-un-animateur-camping\/","url":"https:\/\/www.campings.com\/fr\/content\/faq-camping\/quel-est-le-salaire-moyen-d-un-animateur-camping\/","name":"Quel est le salaire moyen d'un animateur de camping ?","isPartOf":{"@id":"https:\/\/www.campings.com\/fr\/content\/#website"},"datePublished":"2020-02-28T14:03:33+00:00","description":"FAQ - Quel est le salaire moyen d'un animateur de camping ?","breadcrumb":{"@id":"https:\/\/www.campings.com\/fr\/content\/faq-camping\/quel-est-le-salaire-moyen-d-un-animateur-camping\/#breadcrumb"},"inLanguage":"fr-FR","potentialAction":[{"@type":"ReadAction","target":["https:\/\/www.campings.com\/fr\/content\/faq-camping\/quel-est-le-salaire-moyen-d-un-animateur-camping\/"]}]},{"@type":"BreadcrumbList","@id":"https:\/\/www.campings.com\/fr\/content\/faq-camping\/quel-est-le-salaire-moyen-d-un-animateur-camping\/#breadcrumb","itemListElement":[{"@type":"ListItem","position":1,"name":"Home","item":"https:\/\/www.campings.com\/fr\/content\/"},{"@type":"ListItem","position":2,"name":"FAQ camping","item":"https:\/\/www.campings.com\/fr\/content\/faq-camping\/"},{"@type":"ListItem","position":3,"name":"Quel est le salaire moyen d&rsquo;un animateur de camping ?"}]},{"@type":"WebSite","@id":"https:\/\/www.campings.com\/fr\/content\/#website","url":"https:\/\/www.campings.com\/fr\/content\/","name":"","description":"","publisher":{"@id":"https:\/\/www.campings.com\/fr\/content\/#organization"},"potentialAction":[{"@type":"SearchAction","target":{"@type":"EntryPoint","urlTemplate":"https:\/\/www.campings.com\/fr\/content\/?s={search_term_string}"},"query-input":{"@type":"PropertyValueSpecification","valueRequired":true,"valueName":"search_term_string"}}],"inLanguage":"fr-FR"},{"@type":"Organization","@id":"https:\/\/www.campings.com\/fr\/content\/#organization","name":"CAMPINGS.COM","url":"https:\/\/www.campings.com\/fr\/content\/","logo":{"@type":"ImageObject","inLanguage":"fr-FR","@id":"https:\/\/www.campings.com\/fr\/content\/#\/schema\/logo\/image\/","url":"https:\/\/www.campings.com\/fr\/content\/wp-content\/uploads\/2019\/01\/cropped-logo-1.png","contentUrl":"https:\/\/www.campings.com\/fr\/content\/wp-content\/uploads\/2019\/01\/cropped-logo-1.png","width":174,"height":42,"caption":"CAMPINGS.COM"},"image":{"@id":"https:\/\/www.campings.com\/fr\/content\/#\/schema\/logo\/image\/"}}]}},"_links":{"self":[{"href":"https:\/\/www.campings.com\/fr\/content\/wp-json\/wp\/v2\/pages\/1676","targetHints":{"allow":["GET"]}}],"collection":[{"href":"https:\/\/www.campings.com\/fr\/content\/wp-json\/wp\/v2\/pages"}],"about":[{"href":"https:\/\/www.campings.com\/fr\/content\/wp-json\/wp\/v2\/types\/page"}],"author":[{"embeddable":true,"href":"https:\/\/www.campings.com\/fr\/content\/wp-json\/wp\/v2\/users\/2"}],"replies":[{"embeddable":true,"href":"https:\/\/www.campings.com\/fr\/content\/wp-json\/wp\/v2\/comments?post=1676"}],"version-history":[{"count":1,"href":"https:\/\/www.campings.com\/fr\/content\/wp-json\/wp\/v2\/pages\/1676\/revisions"}],"predecessor-version":[{"id":1677,"href":"https:\/\/www.campings.com\/fr\/content\/wp-json\/wp\/v2\/pages\/1676\/revisions\/1677"}],"up":[{"embeddable":true,"href":"https:\/\/www.campings.com\/fr\/content\/wp-json\/wp\/v2\/pages\/1638"}],"wp:attachment":[{"href":"https:\/\/www.campings.com\/fr\/content\/wp-json\/wp\/v2\/media?parent=1676"}],"curies":[{"name":"wp","href":"https:\/\/api.w.org\/{rel}","templated":true}]}}