{"id":1668,"date":"2020-02-28T13:55:40","date_gmt":"2020-02-28T13:55:40","guid":{"rendered":"https:\/\/www.campings.com\/fr\/content\/?page_id=1668"},"modified":"2020-02-28T13:55:40","modified_gmt":"2020-02-28T13:55:40","slug":"que-faire-en-cas-de-vol-dans-le-camping","status":"publish","type":"page","link":"https:\/\/www.campings.com\/fr\/content\/faq-camping\/que-faire-en-cas-de-vol-dans-le-camping\/","title":{"rendered":"Que faire en cas de vol dans le camping ?"},"content":{"rendered":"<p>La premi\u00e8re chose \u00e0 faire en cas de <strong>vol dans le camping<\/strong> est d&rsquo;en <strong>informer son assureur<\/strong>, puis de<strong> porter plainte au commissariat<\/strong>. Pour se pr\u00e9munir de ce genre de sinistre, il est bon d&rsquo;avoir une <strong>assurance sp\u00e9cifique pour le mat\u00e9riel de <a href=\"https:\/\/www.campings.com\/fr\/content\/tout-savoir-sur-le-camping\/faq-camping\/\">camping<\/a><\/strong>.<\/p>\n<h2>1- Appeler votre assurance et porter plainte<\/h2>\n<p>Pour b\u00e9n\u00e9ficier d&rsquo;une indemnisation par l&rsquo;<strong>assurance en cas de vol dans le camping<\/strong>, il y a deux imp\u00e9ratifs :<\/p>\n<ul>\n<li><strong>Appeler son assureur <\/strong>pour l&rsquo;informer du vol ;<\/li>\n<li>Faire un <strong>d\u00e9p\u00f4t de plainte<\/strong> au commissariat le plus proche.<\/li>\n<\/ul>\n<p>Ces \u00e9tapes sont indispensables pour esp\u00e9rer une indemnisation. Elles doivent \u00eatre faites imp\u00e9rativement dans un <strong>d\u00e9lai de 48 heures apr\u00e8s le vol<\/strong>.<\/p>\n<h2>2- Informer le responsable du camping<\/h2>\n<p>La plupart des campings stipulent dans leur <strong>r\u00e8glement int\u00e9rieur<\/strong> qu&rsquo;ils se d\u00e9chargent de toute <strong>responsabilit\u00e9 en cas de vol<\/strong>. Il est toutefois pr\u00e9f\u00e9rable d&rsquo;<strong>avertir le propri\u00e9taire<\/strong> et le personnel du lieu de vacances si cela se produit. Cela leur permettra d&rsquo;\u00eatre vigilants quant \u00e0 la s\u00e9curit\u00e9 et la protection de chaque locataire, et \u00e9ventuellement <strong>pr\u00e9venir le risque<\/strong> de r\u00e9cidive.<\/p>\n<h2>3- Se pr\u00e9munir avec un contrat d&rsquo;assurance<\/h2>\n<p>La plupart des <strong>contrats d&rsquo;assurance multirisque habitation<\/strong> (MRH) ne tiennent pas compte des <strong>objets vol\u00e9s <\/strong>qui \u00e9taient \u00e0 l&rsquo;int\u00e9rieur la tente. Pour votre location, faites un contr\u00f4le aupr\u00e8s de votre assureur pour v\u00e9rifier :<\/p>\n<ul>\n<li>si l&rsquo;assurance <strong>Responsabilit\u00e9 Civile<\/strong> n&rsquo;exclut pas l&rsquo;activit\u00e9 de camping ;<\/li>\n<li>le prix de la<strong> franchise<\/strong> en cas de dommages ;<\/li>\n<li>si le contrat de garantie est effectif \u00e0 l&rsquo;\u00e9tranger.<\/li>\n<\/ul>\n<p>Il est possible de <strong>souscrire \u00e0 une option temporaire<\/strong>, ou a des assurances sp\u00e9cifiques comme celle que proposent les associations de la F\u00e9d\u00e9ration Fran\u00e7aise de Camping et de Caravaning. Si vous emportez peu de biens et que vous avez une bonne <strong>assurance auto<\/strong>, il est pr\u00e9f\u00e9rable de tout ranger dans votre voiture.<\/p>\n","protected":false},"excerpt":{"rendered":"<p>La premi\u00e8re chose \u00e0 faire en cas de vol dans le camping est d&rsquo;en informer son assureur, puis de porter plainte au commissariat. Pour se pr\u00e9munir de ce genre de sinistre, il est bon d&rsquo;avoir une assurance sp\u00e9cifique pour le mat\u00e9riel de camping. 1- Appeler votre assurance et porter plainte Pour b\u00e9n\u00e9ficier d&rsquo;une indemnisation par [&hellip;]<\/p>\n","protected":false},"author":2,"featured_media":0,"parent":1638,"menu_order":0,"comment_status":"closed","ping_status":"closed","template":"template-twocolumns.php","meta":{"_acf_changed":false,"footnotes":""},"class_list":["post-1668","page","type-page","status-publish","hentry"],"acf":[],"yoast_head":"<!-- This site is optimized with the Yoast SEO plugin v27.1.1 - https:\/\/yoast.com\/product\/yoast-seo-wordpress\/ -->\n<title>Que faire en cas de vol dans le camping ?<\/title>\n<meta name=\"description\" content=\"FAQ - Que faire en cas de vol dans le camping ?\" \/>\n<meta name=\"robots\" content=\"index, follow, max-snippet:-1, max-image-preview:large, max-video-preview:-1\" \/>\n<link rel=\"canonical\" href=\"https:\/\/www.campings.com\/fr\/content\/faq-camping\/que-faire-en-cas-de-vol-dans-le-camping\/\" \/>\n<meta property=\"og:locale\" content=\"fr_FR\" \/>\n<meta property=\"og:type\" content=\"article\" \/>\n<meta property=\"og:title\" content=\"Que faire en cas de vol dans le camping ?\" \/>\n<meta property=\"og:description\" content=\"FAQ - Que faire en cas de vol dans le camping ?\" \/>\n<meta property=\"og:url\" content=\"https:\/\/www.campings.com\/fr\/content\/faq-camping\/que-faire-en-cas-de-vol-dans-le-camping\/\" \/>\n<meta name=\"twitter:card\" content=\"summary_large_image\" \/>\n<meta name=\"twitter:label1\" content=\"Dur\u00e9e de lecture estim\u00e9e\" \/>\n\t<meta name=\"twitter:data1\" content=\"2 minutes\" \/>\n<script type=\"application\/ld+json\" class=\"yoast-schema-graph\">{\"@context\":\"https:\/\/schema.org\",\"@graph\":[{\"@type\":\"WebPage\",\"@id\":\"https:\/\/www.campings.com\/fr\/content\/faq-camping\/que-faire-en-cas-de-vol-dans-le-camping\/\",\"url\":\"https:\/\/www.campings.com\/fr\/content\/faq-camping\/que-faire-en-cas-de-vol-dans-le-camping\/\",\"name\":\"Que faire en cas de vol dans le camping ?\",\"isPartOf\":{\"@id\":\"https:\/\/www.campings.com\/fr\/content\/#website\"},\"datePublished\":\"2020-02-28T13:55:40+00:00\",\"description\":\"FAQ - Que faire en cas de vol dans le camping ?\",\"breadcrumb\":{\"@id\":\"https:\/\/www.campings.com\/fr\/content\/faq-camping\/que-faire-en-cas-de-vol-dans-le-camping\/#breadcrumb\"},\"inLanguage\":\"fr-FR\",\"potentialAction\":[{\"@type\":\"ReadAction\",\"target\":[\"https:\/\/www.campings.com\/fr\/content\/faq-camping\/que-faire-en-cas-de-vol-dans-le-camping\/\"]}]},{\"@type\":\"BreadcrumbList\",\"@id\":\"https:\/\/www.campings.com\/fr\/content\/faq-camping\/que-faire-en-cas-de-vol-dans-le-camping\/#breadcrumb\",\"itemListElement\":[{\"@type\":\"ListItem\",\"position\":1,\"name\":\"Home\",\"item\":\"https:\/\/www.campings.com\/fr\/content\/\"},{\"@type\":\"ListItem\",\"position\":2,\"name\":\"FAQ camping\",\"item\":\"https:\/\/www.campings.com\/fr\/content\/faq-camping\/\"},{\"@type\":\"ListItem\",\"position\":3,\"name\":\"Que faire en cas de vol dans le camping ?\"}]},{\"@type\":\"WebSite\",\"@id\":\"https:\/\/www.campings.com\/fr\/content\/#website\",\"url\":\"https:\/\/www.campings.com\/fr\/content\/\",\"name\":\"\",\"description\":\"\",\"publisher\":{\"@id\":\"https:\/\/www.campings.com\/fr\/content\/#organization\"},\"potentialAction\":[{\"@type\":\"SearchAction\",\"target\":{\"@type\":\"EntryPoint\",\"urlTemplate\":\"https:\/\/www.campings.com\/fr\/content\/?s={search_term_string}\"},\"query-input\":{\"@type\":\"PropertyValueSpecification\",\"valueRequired\":true,\"valueName\":\"search_term_string\"}}],\"inLanguage\":\"fr-FR\"},{\"@type\":\"Organization\",\"@id\":\"https:\/\/www.campings.com\/fr\/content\/#organization\",\"name\":\"CAMPINGS.COM\",\"url\":\"https:\/\/www.campings.com\/fr\/content\/\",\"logo\":{\"@type\":\"ImageObject\",\"inLanguage\":\"fr-FR\",\"@id\":\"https:\/\/www.campings.com\/fr\/content\/#\/schema\/logo\/image\/\",\"url\":\"https:\/\/www.campings.com\/fr\/content\/wp-content\/uploads\/2019\/01\/cropped-logo-1.png\",\"contentUrl\":\"https:\/\/www.campings.com\/fr\/content\/wp-content\/uploads\/2019\/01\/cropped-logo-1.png\",\"width\":174,\"height\":42,\"caption\":\"CAMPINGS.COM\"},\"image\":{\"@id\":\"https:\/\/www.campings.com\/fr\/content\/#\/schema\/logo\/image\/\"}}]}<\/script>\n<!-- \/ Yoast SEO plugin. -->","yoast_head_json":{"title":"Que faire en cas de vol dans le camping ?","description":"FAQ - Que faire en cas de vol dans le camping ?","robots":{"index":"index","follow":"follow","max-snippet":"max-snippet:-1","max-image-preview":"max-image-preview:large","max-video-preview":"max-video-preview:-1"},"canonical":"https:\/\/www.campings.com\/fr\/content\/faq-camping\/que-faire-en-cas-de-vol-dans-le-camping\/","og_locale":"fr_FR","og_type":"article","og_title":"Que faire en cas de vol dans le camping ?","og_description":"FAQ - Que faire en cas de vol dans le camping ?","og_url":"https:\/\/www.campings.com\/fr\/content\/faq-camping\/que-faire-en-cas-de-vol-dans-le-camping\/","twitter_card":"summary_large_image","twitter_misc":{"Dur\u00e9e de lecture estim\u00e9e":"2 minutes"},"schema":{"@context":"https:\/\/schema.org","@graph":[{"@type":"WebPage","@id":"https:\/\/www.campings.com\/fr\/content\/faq-camping\/que-faire-en-cas-de-vol-dans-le-camping\/","url":"https:\/\/www.campings.com\/fr\/content\/faq-camping\/que-faire-en-cas-de-vol-dans-le-camping\/","name":"Que faire en cas de vol dans le camping ?","isPartOf":{"@id":"https:\/\/www.campings.com\/fr\/content\/#website"},"datePublished":"2020-02-28T13:55:40+00:00","description":"FAQ - Que faire en cas de vol dans le camping ?","breadcrumb":{"@id":"https:\/\/www.campings.com\/fr\/content\/faq-camping\/que-faire-en-cas-de-vol-dans-le-camping\/#breadcrumb"},"inLanguage":"fr-FR","potentialAction":[{"@type":"ReadAction","target":["https:\/\/www.campings.com\/fr\/content\/faq-camping\/que-faire-en-cas-de-vol-dans-le-camping\/"]}]},{"@type":"BreadcrumbList","@id":"https:\/\/www.campings.com\/fr\/content\/faq-camping\/que-faire-en-cas-de-vol-dans-le-camping\/#breadcrumb","itemListElement":[{"@type":"ListItem","position":1,"name":"Home","item":"https:\/\/www.campings.com\/fr\/content\/"},{"@type":"ListItem","position":2,"name":"FAQ camping","item":"https:\/\/www.campings.com\/fr\/content\/faq-camping\/"},{"@type":"ListItem","position":3,"name":"Que faire en cas de vol dans le camping ?"}]},{"@type":"WebSite","@id":"https:\/\/www.campings.com\/fr\/content\/#website","url":"https:\/\/www.campings.com\/fr\/content\/","name":"","description":"","publisher":{"@id":"https:\/\/www.campings.com\/fr\/content\/#organization"},"potentialAction":[{"@type":"SearchAction","target":{"@type":"EntryPoint","urlTemplate":"https:\/\/www.campings.com\/fr\/content\/?s={search_term_string}"},"query-input":{"@type":"PropertyValueSpecification","valueRequired":true,"valueName":"search_term_string"}}],"inLanguage":"fr-FR"},{"@type":"Organization","@id":"https:\/\/www.campings.com\/fr\/content\/#organization","name":"CAMPINGS.COM","url":"https:\/\/www.campings.com\/fr\/content\/","logo":{"@type":"ImageObject","inLanguage":"fr-FR","@id":"https:\/\/www.campings.com\/fr\/content\/#\/schema\/logo\/image\/","url":"https:\/\/www.campings.com\/fr\/content\/wp-content\/uploads\/2019\/01\/cropped-logo-1.png","contentUrl":"https:\/\/www.campings.com\/fr\/content\/wp-content\/uploads\/2019\/01\/cropped-logo-1.png","width":174,"height":42,"caption":"CAMPINGS.COM"},"image":{"@id":"https:\/\/www.campings.com\/fr\/content\/#\/schema\/logo\/image\/"}}]}},"_links":{"self":[{"href":"https:\/\/www.campings.com\/fr\/content\/wp-json\/wp\/v2\/pages\/1668","targetHints":{"allow":["GET"]}}],"collection":[{"href":"https:\/\/www.campings.com\/fr\/content\/wp-json\/wp\/v2\/pages"}],"about":[{"href":"https:\/\/www.campings.com\/fr\/content\/wp-json\/wp\/v2\/types\/page"}],"author":[{"embeddable":true,"href":"https:\/\/www.campings.com\/fr\/content\/wp-json\/wp\/v2\/users\/2"}],"replies":[{"embeddable":true,"href":"https:\/\/www.campings.com\/fr\/content\/wp-json\/wp\/v2\/comments?post=1668"}],"version-history":[{"count":1,"href":"https:\/\/www.campings.com\/fr\/content\/wp-json\/wp\/v2\/pages\/1668\/revisions"}],"predecessor-version":[{"id":1669,"href":"https:\/\/www.campings.com\/fr\/content\/wp-json\/wp\/v2\/pages\/1668\/revisions\/1669"}],"up":[{"embeddable":true,"href":"https:\/\/www.campings.com\/fr\/content\/wp-json\/wp\/v2\/pages\/1638"}],"wp:attachment":[{"href":"https:\/\/www.campings.com\/fr\/content\/wp-json\/wp\/v2\/media?parent=1668"}],"curies":[{"name":"wp","href":"https:\/\/api.w.org\/{rel}","templated":true}]}}