{"id":1640,"date":"2020-02-28T09:28:33","date_gmt":"2020-02-28T09:28:33","guid":{"rendered":"https:\/\/www.campings.com\/fr\/content\/?page_id=1640"},"modified":"2020-02-28T09:42:03","modified_gmt":"2020-02-28T09:42:03","slug":"le-zero-dechet-en-camping-est-il-possible","status":"publish","type":"page","link":"https:\/\/www.campings.com\/fr\/content\/faq-camping\/le-zero-dechet-en-camping-est-il-possible\/","title":{"rendered":"Le z\u00e9ro-d\u00e9chet en camping est-il possible ?"},"content":{"rendered":"<p>Le<strong> z\u00e9ro-d\u00e9chet en <a href=\"https:\/\/www.campings.com\/fr\/content\/tout-savoir-sur-le-camping\/faq-camping\/\">camping<\/a><\/strong> est possible. Avec une bonne anticipation, l&rsquo;utilisation de contenants en plastique, ou d&#8217;emballages jetables n&rsquo;est pas une fatalit\u00e9. La <strong>production de d\u00e9chets <\/strong>dans un campement peut \u00eatre minimis\u00e9e gr\u00e2ce, entre autres, aux <strong>produits et emballages r\u00e9utilisables, au mat\u00e9riel de r\u00e9cup\u00e9ration, et aux produits alimentaires en vrac.<\/strong><\/p>\n<h2>Adapter son \u00e9quipement de voyage pour limiter les d\u00e9chets<\/h2>\n<p>Avant de partir en vacances en camping, il faut se procurer tout le mat\u00e9riel n\u00e9cessaire. Pour <strong>respecter l&rsquo;environnement<\/strong> m\u00eame en voyage, il est recommand\u00e9 de ne prendre que des articles indispensables. Pour s&rsquo;\u00e9quiper en limitant l&rsquo;impact \u00e9cologique, plusieurs solutions sont possibles :<\/p>\n<ul>\n<li>Acheter du<strong> mat\u00e9riel d&rsquo;occasion<\/strong> ;<\/li>\n<li><strong>Louer les articles<\/strong> le temps du s\u00e9jour ;<\/li>\n<li><strong>R\u00e9parer<\/strong> ce qui est r\u00e9parable.<\/li>\n<\/ul>\n<h2>L&rsquo;hygi\u00e8ne et les repas pour une vie z\u00e9ro d\u00e9chet au camping<\/h2>\n<p>Avec de l&rsquo;organisation, tous les petits gestes de <strong>consommation responsable<\/strong> mis en place \u00e0 la maison sont transposables en vacances :<\/p>\n<ul>\n<li>Acheter les<strong> produits alimentaires bio en vrac<\/strong>, dans des sacs en tissu ou en papier ;<\/li>\n<li>Emporter de la<strong> vaisselle r\u00e9utilisable<\/strong> ;<\/li>\n<li>Utiliser des <strong>bouteilles en verre<\/strong> pour l&rsquo;eau et les boissons ;<\/li>\n<li>Emmener ses <strong>produits d&rsquo;hygi\u00e8ne \u00e9cologiques<\/strong> habituels.<\/li>\n<\/ul>\n<h2>La gestion des d\u00e9chets et le tourisme<\/h2>\n<p>Le <strong>tourisme <\/strong>en France et dans le monde est de plus en plus sensibilis\u00e9 au <strong>mode de vie z\u00e9ro d\u00e9chet<\/strong>. Une famille \u00e9colo trouvera facilement un h\u00f4tel ou un camping qui propose des <strong>poubelles de tri<\/strong>. Certains <strong>lieux de vill\u00e9giature<\/strong> proposent aussi un <strong>compost pour les d\u00e9chets alimentaires<\/strong>. Dans tous les cas, avec un peu de pr\u00e9paration, le <strong>tri des d\u00e9chets<\/strong> et la pr\u00e9servation de la nature sont tout aussi possibles en vacances qu&rsquo;\u00e0 la maison.<\/p>\n","protected":false},"excerpt":{"rendered":"<p>Le z\u00e9ro-d\u00e9chet en camping est possible. Avec une bonne anticipation, l&rsquo;utilisation de contenants en plastique, ou d&#8217;emballages jetables n&rsquo;est pas une fatalit\u00e9. La production de d\u00e9chets dans un campement peut \u00eatre minimis\u00e9e gr\u00e2ce, entre autres, aux produits et emballages r\u00e9utilisables, au mat\u00e9riel de r\u00e9cup\u00e9ration, et aux produits alimentaires en vrac. Adapter son \u00e9quipement de voyage [&hellip;]<\/p>\n","protected":false},"author":2,"featured_media":0,"parent":1638,"menu_order":0,"comment_status":"closed","ping_status":"closed","template":"template-twocolumns.php","meta":{"_acf_changed":false,"footnotes":""},"class_list":["post-1640","page","type-page","status-publish","hentry"],"acf":[],"yoast_head":"<!-- This site is optimized with the Yoast SEO plugin v27.1.1 - https:\/\/yoast.com\/product\/yoast-seo-wordpress\/ -->\n<title>Le z\u00e9ro-d\u00e9chet en camping est-il possible ?<\/title>\n<meta name=\"description\" content=\"FAQ - Le z\u00e9ro-d\u00e9chet en camping est-il possible ?\" \/>\n<meta name=\"robots\" content=\"index, follow, max-snippet:-1, max-image-preview:large, max-video-preview:-1\" \/>\n<link rel=\"canonical\" href=\"https:\/\/www.campings.com\/fr\/content\/faq-camping\/le-zero-dechet-en-camping-est-il-possible\/\" \/>\n<meta property=\"og:locale\" content=\"fr_FR\" \/>\n<meta property=\"og:type\" content=\"article\" \/>\n<meta property=\"og:title\" content=\"Le z\u00e9ro-d\u00e9chet en camping est-il possible ?\" \/>\n<meta property=\"og:description\" content=\"FAQ - Le z\u00e9ro-d\u00e9chet en camping est-il possible ?\" \/>\n<meta property=\"og:url\" content=\"https:\/\/www.campings.com\/fr\/content\/faq-camping\/le-zero-dechet-en-camping-est-il-possible\/\" \/>\n<meta property=\"article:modified_time\" content=\"2020-02-28T09:42:03+00:00\" \/>\n<meta name=\"twitter:card\" content=\"summary_large_image\" \/>\n<meta name=\"twitter:label1\" content=\"Dur\u00e9e de lecture estim\u00e9e\" \/>\n\t<meta name=\"twitter:data1\" content=\"1 minute\" \/>\n<script type=\"application\/ld+json\" class=\"yoast-schema-graph\">{\"@context\":\"https:\/\/schema.org\",\"@graph\":[{\"@type\":\"WebPage\",\"@id\":\"https:\/\/www.campings.com\/fr\/content\/faq-camping\/le-zero-dechet-en-camping-est-il-possible\/\",\"url\":\"https:\/\/www.campings.com\/fr\/content\/faq-camping\/le-zero-dechet-en-camping-est-il-possible\/\",\"name\":\"Le z\u00e9ro-d\u00e9chet en camping est-il possible ?\",\"isPartOf\":{\"@id\":\"https:\/\/www.campings.com\/fr\/content\/#website\"},\"datePublished\":\"2020-02-28T09:28:33+00:00\",\"dateModified\":\"2020-02-28T09:42:03+00:00\",\"description\":\"FAQ - Le z\u00e9ro-d\u00e9chet en camping est-il possible ?\",\"breadcrumb\":{\"@id\":\"https:\/\/www.campings.com\/fr\/content\/faq-camping\/le-zero-dechet-en-camping-est-il-possible\/#breadcrumb\"},\"inLanguage\":\"fr-FR\",\"potentialAction\":[{\"@type\":\"ReadAction\",\"target\":[\"https:\/\/www.campings.com\/fr\/content\/faq-camping\/le-zero-dechet-en-camping-est-il-possible\/\"]}]},{\"@type\":\"BreadcrumbList\",\"@id\":\"https:\/\/www.campings.com\/fr\/content\/faq-camping\/le-zero-dechet-en-camping-est-il-possible\/#breadcrumb\",\"itemListElement\":[{\"@type\":\"ListItem\",\"position\":1,\"name\":\"Home\",\"item\":\"https:\/\/www.campings.com\/fr\/content\/\"},{\"@type\":\"ListItem\",\"position\":2,\"name\":\"FAQ camping\",\"item\":\"https:\/\/www.campings.com\/fr\/content\/faq-camping\/\"},{\"@type\":\"ListItem\",\"position\":3,\"name\":\"Le z\u00e9ro-d\u00e9chet en camping est-il possible ?\"}]},{\"@type\":\"WebSite\",\"@id\":\"https:\/\/www.campings.com\/fr\/content\/#website\",\"url\":\"https:\/\/www.campings.com\/fr\/content\/\",\"name\":\"\",\"description\":\"\",\"publisher\":{\"@id\":\"https:\/\/www.campings.com\/fr\/content\/#organization\"},\"potentialAction\":[{\"@type\":\"SearchAction\",\"target\":{\"@type\":\"EntryPoint\",\"urlTemplate\":\"https:\/\/www.campings.com\/fr\/content\/?s={search_term_string}\"},\"query-input\":{\"@type\":\"PropertyValueSpecification\",\"valueRequired\":true,\"valueName\":\"search_term_string\"}}],\"inLanguage\":\"fr-FR\"},{\"@type\":\"Organization\",\"@id\":\"https:\/\/www.campings.com\/fr\/content\/#organization\",\"name\":\"CAMPINGS.COM\",\"url\":\"https:\/\/www.campings.com\/fr\/content\/\",\"logo\":{\"@type\":\"ImageObject\",\"inLanguage\":\"fr-FR\",\"@id\":\"https:\/\/www.campings.com\/fr\/content\/#\/schema\/logo\/image\/\",\"url\":\"https:\/\/www.campings.com\/fr\/content\/wp-content\/uploads\/2019\/01\/cropped-logo-1.png\",\"contentUrl\":\"https:\/\/www.campings.com\/fr\/content\/wp-content\/uploads\/2019\/01\/cropped-logo-1.png\",\"width\":174,\"height\":42,\"caption\":\"CAMPINGS.COM\"},\"image\":{\"@id\":\"https:\/\/www.campings.com\/fr\/content\/#\/schema\/logo\/image\/\"}}]}<\/script>\n<!-- \/ Yoast SEO plugin. -->","yoast_head_json":{"title":"Le z\u00e9ro-d\u00e9chet en camping est-il possible ?","description":"FAQ - Le z\u00e9ro-d\u00e9chet en camping est-il possible ?","robots":{"index":"index","follow":"follow","max-snippet":"max-snippet:-1","max-image-preview":"max-image-preview:large","max-video-preview":"max-video-preview:-1"},"canonical":"https:\/\/www.campings.com\/fr\/content\/faq-camping\/le-zero-dechet-en-camping-est-il-possible\/","og_locale":"fr_FR","og_type":"article","og_title":"Le z\u00e9ro-d\u00e9chet en camping est-il possible ?","og_description":"FAQ - Le z\u00e9ro-d\u00e9chet en camping est-il possible ?","og_url":"https:\/\/www.campings.com\/fr\/content\/faq-camping\/le-zero-dechet-en-camping-est-il-possible\/","article_modified_time":"2020-02-28T09:42:03+00:00","twitter_card":"summary_large_image","twitter_misc":{"Dur\u00e9e de lecture estim\u00e9e":"1 minute"},"schema":{"@context":"https:\/\/schema.org","@graph":[{"@type":"WebPage","@id":"https:\/\/www.campings.com\/fr\/content\/faq-camping\/le-zero-dechet-en-camping-est-il-possible\/","url":"https:\/\/www.campings.com\/fr\/content\/faq-camping\/le-zero-dechet-en-camping-est-il-possible\/","name":"Le z\u00e9ro-d\u00e9chet en camping est-il possible ?","isPartOf":{"@id":"https:\/\/www.campings.com\/fr\/content\/#website"},"datePublished":"2020-02-28T09:28:33+00:00","dateModified":"2020-02-28T09:42:03+00:00","description":"FAQ - Le z\u00e9ro-d\u00e9chet en camping est-il possible ?","breadcrumb":{"@id":"https:\/\/www.campings.com\/fr\/content\/faq-camping\/le-zero-dechet-en-camping-est-il-possible\/#breadcrumb"},"inLanguage":"fr-FR","potentialAction":[{"@type":"ReadAction","target":["https:\/\/www.campings.com\/fr\/content\/faq-camping\/le-zero-dechet-en-camping-est-il-possible\/"]}]},{"@type":"BreadcrumbList","@id":"https:\/\/www.campings.com\/fr\/content\/faq-camping\/le-zero-dechet-en-camping-est-il-possible\/#breadcrumb","itemListElement":[{"@type":"ListItem","position":1,"name":"Home","item":"https:\/\/www.campings.com\/fr\/content\/"},{"@type":"ListItem","position":2,"name":"FAQ camping","item":"https:\/\/www.campings.com\/fr\/content\/faq-camping\/"},{"@type":"ListItem","position":3,"name":"Le z\u00e9ro-d\u00e9chet en camping est-il possible ?"}]},{"@type":"WebSite","@id":"https:\/\/www.campings.com\/fr\/content\/#website","url":"https:\/\/www.campings.com\/fr\/content\/","name":"","description":"","publisher":{"@id":"https:\/\/www.campings.com\/fr\/content\/#organization"},"potentialAction":[{"@type":"SearchAction","target":{"@type":"EntryPoint","urlTemplate":"https:\/\/www.campings.com\/fr\/content\/?s={search_term_string}"},"query-input":{"@type":"PropertyValueSpecification","valueRequired":true,"valueName":"search_term_string"}}],"inLanguage":"fr-FR"},{"@type":"Organization","@id":"https:\/\/www.campings.com\/fr\/content\/#organization","name":"CAMPINGS.COM","url":"https:\/\/www.campings.com\/fr\/content\/","logo":{"@type":"ImageObject","inLanguage":"fr-FR","@id":"https:\/\/www.campings.com\/fr\/content\/#\/schema\/logo\/image\/","url":"https:\/\/www.campings.com\/fr\/content\/wp-content\/uploads\/2019\/01\/cropped-logo-1.png","contentUrl":"https:\/\/www.campings.com\/fr\/content\/wp-content\/uploads\/2019\/01\/cropped-logo-1.png","width":174,"height":42,"caption":"CAMPINGS.COM"},"image":{"@id":"https:\/\/www.campings.com\/fr\/content\/#\/schema\/logo\/image\/"}}]}},"_links":{"self":[{"href":"https:\/\/www.campings.com\/fr\/content\/wp-json\/wp\/v2\/pages\/1640","targetHints":{"allow":["GET"]}}],"collection":[{"href":"https:\/\/www.campings.com\/fr\/content\/wp-json\/wp\/v2\/pages"}],"about":[{"href":"https:\/\/www.campings.com\/fr\/content\/wp-json\/wp\/v2\/types\/page"}],"author":[{"embeddable":true,"href":"https:\/\/www.campings.com\/fr\/content\/wp-json\/wp\/v2\/users\/2"}],"replies":[{"embeddable":true,"href":"https:\/\/www.campings.com\/fr\/content\/wp-json\/wp\/v2\/comments?post=1640"}],"version-history":[{"count":2,"href":"https:\/\/www.campings.com\/fr\/content\/wp-json\/wp\/v2\/pages\/1640\/revisions"}],"predecessor-version":[{"id":1643,"href":"https:\/\/www.campings.com\/fr\/content\/wp-json\/wp\/v2\/pages\/1640\/revisions\/1643"}],"up":[{"embeddable":true,"href":"https:\/\/www.campings.com\/fr\/content\/wp-json\/wp\/v2\/pages\/1638"}],"wp:attachment":[{"href":"https:\/\/www.campings.com\/fr\/content\/wp-json\/wp\/v2\/media?parent=1640"}],"curies":[{"name":"wp","href":"https:\/\/api.w.org\/{rel}","templated":true}]}}