{"id":1638,"date":"2020-02-28T09:22:20","date_gmt":"2020-02-28T09:22:20","guid":{"rendered":"https:\/\/www.campings.com\/fr\/content\/?page_id=1638"},"modified":"2020-02-28T13:14:25","modified_gmt":"2020-02-28T13:14:25","slug":"faq-camping","status":"publish","type":"page","link":"https:\/\/www.campings.com\/fr\/content\/faq-camping\/","title":{"rendered":"FAQ camping"},"content":{"rendered":"<p>Pour tout savoir sur le <a href=\"https:\/\/www.campings.com\/fr\/content\/tout-savoir-sur-le-camping\/tout-savoir-sur-le-camping\">camping<\/a>, nous avons pr\u00e9par\u00e9 cette liste de questions-r\u00e9ponses, pour vous.<\/p>\n<p><a href=\"https:\/\/www.campings.com\/fr\/content\/tout-savoir-sur-le-camping\/faq-camping\/le-zero-dechet-en-camping-est-il-possible\">Le z\u00e9ro-d\u00e9chet en camping est-il possible ?<\/a><br \/>\n<a href=\"https:\/\/www.campings.com\/fr\/content\/tout-savoir-sur-le-camping\/faq-camping\/que-faire-en-cas-de-vol-dans-le-camping\">Que faire en cas de vol dans le camping ?<\/a><br \/>\n<a href=\"https:\/\/www.campings.com\/fr\/content\/tout-savoir-sur-le-camping\/faq-camping\/les-voisins-en-camping-peuvent-ils-faire-du-bruit\">Les voisins en camping peuvent-ils faire du bruit ?<\/a><br \/>\n<a href=\"https:\/\/www.campings.com\/fr\/content\/tout-savoir-sur-le-camping\/faq-camping\/peut-on-etre-en-etat-d-ebriete-en-camping\">Peut-on \u00eatre en \u00e9tat d&rsquo;\u00e9bri\u00e9t\u00e9 en camping ?<\/a><br \/>\n<a href=\"https:\/\/www.campings.com\/fr\/content\/tout-savoir-sur-le-camping\/faq-camping\/ou-cacher-son-argent-en-camping\">O\u00f9 cacher son argent en camping ?<\/a><br \/>\n<a href=\"https:\/\/www.campings.com\/fr\/content\/tout-savoir-sur-le-camping\/faq-camping\/quel-est-le-salaire-moyen-d-un-animateur-camping\">Quel est le salaire moyen d&rsquo;un animateur de camping ?<\/a><br \/>\n<a href=\"https:\/\/www.campings.com\/fr\/content\/tout-savoir-sur-le-camping\/faq-camping\/quels-sont-les-avantages-de-travailler-dans-un-camping\">Quels sont les avantages de travailler dans un camping ?<\/a><br \/>\n<a href=\"https:\/\/www.campings.com\/fr\/content\/tout-savoir-sur-le-camping\/faq-camping\/quels-diplomes-faut-il-pour-travailler-dans-un-camping\">Quels dipl\u00f4mes faut-il pour travailler dans un camping ?<\/a><br \/>\n<a href=\"https:\/\/www.campings.com\/fr\/content\/tout-savoir-sur-le-camping\/faq-camping\/quelles-aides-pour-des-vacances-en-camping\">Quelles aides pour des vacances en camping ?<\/a><br \/>\n<a href=\"https:\/\/www.campings.com\/fr\/content\/tout-savoir-sur-le-camping\/faq-camping\/comment-faire-des-economies-en-camping\">Comment faire des \u00e9conomies en camping ?<\/a><br \/>\n<a href=\"https:\/\/www.campings.com\/fr\/content\/tout-savoir-sur-le-camping\/faq-camping\/que-faire-en-cas-de-probleme-en-camping\">Que faire en cas de probl\u00e8me en camping ?<\/a><br \/>\n<a href=\"https:\/\/www.campings.com\/fr\/content\/tout-savoir-sur-le-camping\/faq-camping\/qu-est-ce-que-le-glamping\">Qu&rsquo;est-ce que le glamping ?<\/a><br \/>\n<a href=\"https:\/\/www.campings.com\/fr\/content\/tout-savoir-sur-le-camping\/faq-camping\/qu-est-ce-que-l-ecocamping\">Qu&rsquo;est-ce que l&rsquo;\u00e9cocamping ?<\/a><br \/>\n<a href=\"https:\/\/www.campings.com\/fr\/content\/tout-savoir-sur-le-camping\/faq-camping\/a-quoi-servent-les-ecolabels-pour-le-camping\">\u00c0 quoi servent les \u00e9colabels pour le camping ?<\/a><br \/>\n<a href=\"https:\/\/www.campings.com\/fr\/content\/tout-savoir-sur-le-camping\/faq-camping\/quel-type-de-tente-acheter-en-camping-pour-2\">Quel type de tente acheter en camping pour 2 ?<\/a><br \/>\n<a href=\"https:\/\/www.campings.com\/fr\/content\/tout-savoir-sur-le-camping\/faq-camping\/quel-type-de-tente-acheter-en-camping-pour-3\">Quel type de tente acheter en camping pour 3 ?<\/a><br \/>\n<a href=\"https:\/\/www.campings.com\/fr\/content\/tout-savoir-sur-le-camping\/faq-camping\/quel-type-de-tente-acheter-en-camping-pour-4\">Quel type de tente acheter en camping pour 4 ?<\/a><br \/>\n<a href=\"https:\/\/www.campings.com\/fr\/content\/tout-savoir-sur-le-camping\/faq-camping\/quel-type-de-tente-acheter-en-camping-pour-5\">Quel type de tente acheter en camping \u00e0 5 ?<\/a><br \/>\n<a href=\"https:\/\/www.campings.com\/fr\/content\/tout-savoir-sur-le-camping\/faq-camping\/quel-type-de-tente-acheter-en-camping-pour-6\">Quel type de tente acheter en camping pour 6 ?<\/a><br \/>\n<a href=\"https:\/\/www.campings.com\/fr\/content\/tout-savoir-sur-le-camping\/faq-camping\/ou-stationner-sa-caravane-en-camping\">O\u00f9 stationner sa caravane en camping ?<\/a><br \/>\n<a href=\"https:\/\/www.campings.com\/fr\/content\/tout-savoir-sur-le-camping\/faq-camping\/combien-coute-l-hivernage-d-un-camping-car\">Combien co\u00fbte l&rsquo;hivernage d&rsquo;un camping-car ?<\/a><br \/>\n<a href=\"https:\/\/www.campings.com\/fr\/content\/tout-savoir-sur-le-camping\/faq-camping\/pourquoi-brancher-un-camping-car\">Pourquoi brancher un camping-car ?<\/a><br \/>\n<a href=\"https:\/\/www.campings.com\/fr\/content\/tout-savoir-sur-le-camping\/faq-camping\/pourquoi-caler-son-camping-car\">Pourquoi caler son camping-car ?<\/a><br \/>\n<a href=\"https:\/\/www.campings.com\/fr\/content\/tout-savoir-sur-le-camping\/faq-camping\/comment-caler-son-camping-car\">Comment caler son camping-car ?<\/a><br \/>\n<a href=\"https:\/\/www.campings.com\/fr\/content\/tout-savoir-sur-le-camping\/faq-camping\/quel-climatiseur-choisir-pour-un-camping-car\">Quel climatiseur choisir pour un camping car ?<\/a><br \/>\n<a href=\"https:\/\/www.campings.com\/fr\/content\/tout-savoir-sur-le-camping\/faq-camping\/quel-wifi-choisir-pour-son-camping-car\">Quel Wifi choisir pour son camping car ?<\/a><br \/>\n<a href=\"https:\/\/www.campings.com\/fr\/content\/tout-savoir-sur-le-camping\/faq-camping\/qu-est-ce-qu-un-camping-car-integral\">Qu\u2019est-ce qu\u2019un camping-car int\u00e9gral ?<\/a><br \/>\n<a href=\"https:\/\/www.campings.com\/fr\/content\/tout-savoir-sur-le-camping\/faq-camping\/qu-est-ce-qu-un-camping-car-profile\">Qu\u2019est-ce qu\u2019un camping-car profil\u00e9 ?<\/a><br \/>\n<a href=\"https:\/\/www.campings.com\/fr\/content\/tout-savoir-sur-le-camping\/faq-camping\/a-quand-le-camping-car-electrique\">A quand le camping car \u00e9lectrique ?<\/a><br \/>\n<a href=\"https:\/\/www.campings.com\/fr\/content\/tout-savoir-sur-le-camping\/faq-camping\/combien-pour-assurer-un-camping-car\">Combien pour assurer un camping car ?<\/a><br \/>\n<a href=\"https:\/\/www.campings.com\/fr\/content\/tout-savoir-sur-le-camping\/faq-camping\/comment-utiliser-un-percolateur-en-camping\">Comment utiliser un percolateur en camping ?<\/a><br \/>\n<a href=\"https:\/\/www.campings.com\/fr\/content\/tout-savoir-sur-le-camping\/faq-camping\/comment-installer-une-bache-en-camping\">Comment installer une b\u00e2che en camping ?<\/a><br \/>\n<a href=\"https:\/\/www.campings.com\/fr\/content\/tout-savoir-sur-le-camping\/faq-camping\/quel-rechaud-choisir-pour-du-camping\">Quel r\u00e9chaud choisir pour du camping ?<\/a><br \/>\n<a href=\"https:\/\/www.campings.com\/fr\/content\/tout-savoir-sur-le-camping\/faq-camping\/quel-gaz-choisir-pour-du-camping\">Quel gaz choisir pour du camping ?<\/a><br \/>\n<a href=\"https:\/\/www.campings.com\/fr\/content\/tout-savoir-sur-le-camping\/faq-camping\/comment-changer-sa-bouteille-de-gaz-en-camping\">Comment changer sa bouteille de gaz en camping ?<\/a><br \/>\n<a href=\"https:\/\/www.campings.com\/fr\/content\/tout-savoir-sur-le-camping\/faq-camping\/comment-brancher-le-gaz-en-camping\">Comment brancher le gaz en camping ?<\/a><br \/>\n<a href=\"https:\/\/www.campings.com\/fr\/content\/tout-savoir-sur-le-camping\/faq-camping\/comment-recharger-la-bouteille-de-gaz-en-camping\">Comment recharger sa bouteille de gaz en camping ?<\/a><br \/>\n<a href=\"https:\/\/www.campings.com\/fr\/content\/tout-savoir-sur-le-camping\/faq-camping\/louer-une-yourte-ou-faire-du-camping\">Louer une yourte ou faire du camping ?<\/a><br \/>\n<a href=\"https:\/\/www.campings.com\/fr\/content\/tout-savoir-sur-le-camping\/faq-camping\/est-ce-qu-une-yourte-est-plus-confortable-qu-une-tente\">Est-ce qu&rsquo;une yourte est plus confortable qu&rsquo;une tente ?<\/a><br \/>\n<a href=\"https:\/\/www.campings.com\/fr\/content\/tout-savoir-sur-le-camping\/faq-camping\/louer-un-lodge-ou-partir-en-camping\">Louer en lodge ou partir en camping sous la tente ?<\/a><br \/>\n<a href=\"https:\/\/www.campings.com\/fr\/content\/tout-savoir-sur-le-camping\/faq-camping\/quoi-amener-en-camping-quand-on-est-vegan\">Quoi amener en camping quand on est vegan ? <\/a><br \/>\n<a href=\"https:\/\/www.campings.com\/fr\/content\/tout-savoir-sur-le-camping\/faq-camping\/est-ce-que-l-on-peut-partir-en-camping-avec-son-chien\">Est-ce que l&rsquo;on peut partir en camping avec son chien ?<\/a><br \/>\n<a href=\"https:\/\/www.campings.com\/fr\/content\/tout-savoir-sur-le-camping\/faq-camping\/que-faire-si-le-camping-est-insalubre\">Que faire si le camping est insalubre ?<\/a><br \/>\n<a href=\"https:\/\/www.campings.com\/fr\/content\/tout-savoir-sur-le-camping\/faq-camping\/quand-reserver-et-payer-son-camping\">Quand r\u00e9server et payer son camping ?<\/a><br \/>\n<a href=\"https:\/\/www.campings.com\/fr\/content\/tout-savoir-sur-le-camping\/faq-camping\/qu-est-ce-qu-une-aire-naturelle-de-camping\">Qu&rsquo;est-ce qu&rsquo;une aire naturelle de camping ?<\/a><br \/>\n<a href=\"https:\/\/www.campings.com\/fr\/content\/tout-savoir-sur-le-camping\/faq-camping\/qu-est-ce-qu-un-camping-a-la-ferme\">Qu&rsquo;est-ce qu&rsquo;un camping \u00e0 la ferme ?<\/a><br \/>\n<a href=\"https:\/\/www.campings.com\/fr\/content\/tout-savoir-sur-le-camping\/faq-camping\/qu-est-ce-qu-un-cottage-dans-un-camping\">Qu&rsquo;est-ce qu&rsquo;un cottage dans un camping ?<\/a><br \/>\n<a href=\"https:\/\/www.campings.com\/fr\/content\/tout-savoir-sur-le-camping\/faq-camping\/qu-est-ce-qu-il-ne-faut-pas-oublier-en-camping\">Qu&rsquo;est-ce qu&rsquo;il ne faut pas oublier en camping ?<\/a><br \/>\n<a href=\"https:\/\/www.campings.com\/fr\/content\/tout-savoir-sur-le-camping\/faq-camping\/que-faire-en-camping-quand-il-pleut\">Que faire en camping quand il pleut ?<\/a><br \/>\n<a href=\"https:\/\/www.campings.com\/fr\/content\/tout-savoir-sur-le-camping\/faq-camping\/comment-gerer-le-camping-quand-il-gele\">Comment g\u00e9rer le camping quand il g\u00e8le ?<\/a><br \/>\n<a href=\"https:\/\/www.campings.com\/fr\/content\/tout-savoir-sur-le-camping\/faq-camping\/peut-on-faire-du-camping-seul-quand-on-est-mineur\">Peut-on faire du camping seul quand on est mineur ?<\/a><br \/>\n<a href=\"https:\/\/www.campings.com\/fr\/content\/tout-savoir-sur-le-camping\/faq-camping\/comment-gerer-en-camping-quand-il-fait-chaud\">Comment g\u00e9rer en camping quand il fait chaud ?<\/a><br \/>\n<a href=\"https:\/\/www.campings.com\/fr\/content\/tout-savoir-sur-le-camping\/faq-camping\/combien-de-campings-naturistes-en-france\">Combien de campings naturistes en France ?<\/a><br \/>\n<a href=\"https:\/\/www.campings.com\/fr\/content\/tout-savoir-sur-le-camping\/faq-camping\/comment-sont-attribuees-les-etoiles-des-campings\">Comment sont attribu\u00e9es les \u00e9toiles des campings ?<\/a><br \/>\n<a href=\"https:\/\/www.campings.com\/fr\/content\/tout-savoir-sur-le-camping\/faq-camping\/comment-gerer-ses-dechets-en-camping\">Comment g\u00e9rer ses d\u00e9chets en camping ?<\/a><\/p>\n<p>Et pour en savoir plus :<\/p>\n<ul>\n<li><a href=\"https:\/\/www.campings.com\/fr\/content\/tout-savoir-sur-le-camping\/qu-est-ce-que-le-camping\/\">Qu\u2019est-ce que le camping ?<\/a><\/li>\n<li><a href=\"https:\/\/www.campings.com\/fr\/content\/tout-savoir-sur-le-camping\/pourquoi-partir-en-vacances-en-camping\/\">Pourquoi partir en vacances en camping ?<\/a><\/li>\n<li><a href=\"https:\/\/www.campings.com\/fr\/content\/tout-savoir-sur-le-camping\/quel-camping-choisir\/\">Quel camping choisir ? <\/a><\/li>\n<li><a href=\"https:\/\/www.campings.com\/fr\/content\/tout-savoir-sur-le-camping\/combien-coutent-les-vacances-en-camping\/\">Combien co\u00fbtent les vacances en camping ?<\/a><\/li>\n<li><a href=\"https:\/\/www.campings.com\/fr\/content\/tout-savoir-sur-le-camping\/comment-s-organiser-pour-partir-en-camping\/\">Comment s\u2019organiser pour partir en camping ? \u2502Les 9 \u00e9tapes<\/a><\/li>\n<li><a href=\"https:\/\/www.campings.com\/fr\/content\/tout-savoir-sur-le-camping\/que-faire-en-camping-pour-ses-vacances\/\">Que faire en camping pour ses vacances ?<\/a><\/li>\n<\/ul>\n","protected":false},"excerpt":{"rendered":"<p>Pour tout savoir sur le camping, nous avons pr\u00e9par\u00e9 cette liste de questions-r\u00e9ponses, pour vous. Le z\u00e9ro-d\u00e9chet en camping est-il possible ? Que faire en cas de vol dans le camping ? Les voisins en camping peuvent-ils faire du bruit ? Peut-on \u00eatre en \u00e9tat d&rsquo;\u00e9bri\u00e9t\u00e9 en camping ? O\u00f9 cacher son argent en camping [&hellip;]<\/p>\n","protected":false},"author":2,"featured_media":0,"parent":0,"menu_order":0,"comment_status":"closed","ping_status":"closed","template":"template-twocolumns.php","meta":{"_acf_changed":false,"footnotes":""},"class_list":["post-1638","page","type-page","status-publish","hentry"],"acf":[],"yoast_head":"<!-- This site is optimized with the Yoast SEO plugin v27.1.1 - https:\/\/yoast.com\/product\/yoast-seo-wordpress\/ -->\n<title>FAQ camping -<\/title>\n<meta name=\"robots\" content=\"index, follow, max-snippet:-1, max-image-preview:large, max-video-preview:-1\" \/>\n<link rel=\"canonical\" href=\"https:\/\/www.campings.com\/fr\/content\/faq-camping\/\" \/>\n<meta property=\"og:locale\" content=\"fr_FR\" \/>\n<meta property=\"og:type\" content=\"article\" \/>\n<meta property=\"og:title\" content=\"FAQ camping -\" \/>\n<meta property=\"og:description\" content=\"Pour tout savoir sur le camping, nous avons pr\u00e9par\u00e9 cette liste de questions-r\u00e9ponses, pour vous. Le z\u00e9ro-d\u00e9chet en camping est-il possible ? Que faire en cas de vol dans le camping ? Les voisins en camping peuvent-ils faire du bruit ? Peut-on \u00eatre en \u00e9tat d&rsquo;\u00e9bri\u00e9t\u00e9 en camping ? O\u00f9 cacher son argent en camping [&hellip;]\" \/>\n<meta property=\"og:url\" content=\"https:\/\/www.campings.com\/fr\/content\/faq-camping\/\" \/>\n<meta property=\"article:modified_time\" content=\"2020-02-28T13:14:25+00:00\" \/>\n<meta name=\"twitter:card\" content=\"summary_large_image\" \/>\n<meta name=\"twitter:label1\" content=\"Dur\u00e9e de lecture estim\u00e9e\" \/>\n\t<meta name=\"twitter:data1\" content=\"2 minutes\" \/>\n<script type=\"application\/ld+json\" class=\"yoast-schema-graph\">{\"@context\":\"https:\/\/schema.org\",\"@graph\":[{\"@type\":\"WebPage\",\"@id\":\"https:\/\/www.campings.com\/fr\/content\/faq-camping\/\",\"url\":\"https:\/\/www.campings.com\/fr\/content\/faq-camping\/\",\"name\":\"FAQ camping -\",\"isPartOf\":{\"@id\":\"https:\/\/www.campings.com\/fr\/content\/#website\"},\"datePublished\":\"2020-02-28T09:22:20+00:00\",\"dateModified\":\"2020-02-28T13:14:25+00:00\",\"breadcrumb\":{\"@id\":\"https:\/\/www.campings.com\/fr\/content\/faq-camping\/#breadcrumb\"},\"inLanguage\":\"fr-FR\",\"potentialAction\":[{\"@type\":\"ReadAction\",\"target\":[\"https:\/\/www.campings.com\/fr\/content\/faq-camping\/\"]}]},{\"@type\":\"BreadcrumbList\",\"@id\":\"https:\/\/www.campings.com\/fr\/content\/faq-camping\/#breadcrumb\",\"itemListElement\":[{\"@type\":\"ListItem\",\"position\":1,\"name\":\"Home\",\"item\":\"https:\/\/www.campings.com\/fr\/content\/\"},{\"@type\":\"ListItem\",\"position\":2,\"name\":\"FAQ camping\"}]},{\"@type\":\"WebSite\",\"@id\":\"https:\/\/www.campings.com\/fr\/content\/#website\",\"url\":\"https:\/\/www.campings.com\/fr\/content\/\",\"name\":\"\",\"description\":\"\",\"publisher\":{\"@id\":\"https:\/\/www.campings.com\/fr\/content\/#organization\"},\"potentialAction\":[{\"@type\":\"SearchAction\",\"target\":{\"@type\":\"EntryPoint\",\"urlTemplate\":\"https:\/\/www.campings.com\/fr\/content\/?s={search_term_string}\"},\"query-input\":{\"@type\":\"PropertyValueSpecification\",\"valueRequired\":true,\"valueName\":\"search_term_string\"}}],\"inLanguage\":\"fr-FR\"},{\"@type\":\"Organization\",\"@id\":\"https:\/\/www.campings.com\/fr\/content\/#organization\",\"name\":\"CAMPINGS.COM\",\"url\":\"https:\/\/www.campings.com\/fr\/content\/\",\"logo\":{\"@type\":\"ImageObject\",\"inLanguage\":\"fr-FR\",\"@id\":\"https:\/\/www.campings.com\/fr\/content\/#\/schema\/logo\/image\/\",\"url\":\"https:\/\/www.campings.com\/fr\/content\/wp-content\/uploads\/2019\/01\/cropped-logo-1.png\",\"contentUrl\":\"https:\/\/www.campings.com\/fr\/content\/wp-content\/uploads\/2019\/01\/cropped-logo-1.png\",\"width\":174,\"height\":42,\"caption\":\"CAMPINGS.COM\"},\"image\":{\"@id\":\"https:\/\/www.campings.com\/fr\/content\/#\/schema\/logo\/image\/\"}}]}<\/script>\n<!-- \/ Yoast SEO plugin. -->","yoast_head_json":{"title":"FAQ camping -","robots":{"index":"index","follow":"follow","max-snippet":"max-snippet:-1","max-image-preview":"max-image-preview:large","max-video-preview":"max-video-preview:-1"},"canonical":"https:\/\/www.campings.com\/fr\/content\/faq-camping\/","og_locale":"fr_FR","og_type":"article","og_title":"FAQ camping -","og_description":"Pour tout savoir sur le camping, nous avons pr\u00e9par\u00e9 cette liste de questions-r\u00e9ponses, pour vous. Le z\u00e9ro-d\u00e9chet en camping est-il possible ? Que faire en cas de vol dans le camping ? Les voisins en camping peuvent-ils faire du bruit ? Peut-on \u00eatre en \u00e9tat d&rsquo;\u00e9bri\u00e9t\u00e9 en camping ? O\u00f9 cacher son argent en camping [&hellip;]","og_url":"https:\/\/www.campings.com\/fr\/content\/faq-camping\/","article_modified_time":"2020-02-28T13:14:25+00:00","twitter_card":"summary_large_image","twitter_misc":{"Dur\u00e9e de lecture estim\u00e9e":"2 minutes"},"schema":{"@context":"https:\/\/schema.org","@graph":[{"@type":"WebPage","@id":"https:\/\/www.campings.com\/fr\/content\/faq-camping\/","url":"https:\/\/www.campings.com\/fr\/content\/faq-camping\/","name":"FAQ camping -","isPartOf":{"@id":"https:\/\/www.campings.com\/fr\/content\/#website"},"datePublished":"2020-02-28T09:22:20+00:00","dateModified":"2020-02-28T13:14:25+00:00","breadcrumb":{"@id":"https:\/\/www.campings.com\/fr\/content\/faq-camping\/#breadcrumb"},"inLanguage":"fr-FR","potentialAction":[{"@type":"ReadAction","target":["https:\/\/www.campings.com\/fr\/content\/faq-camping\/"]}]},{"@type":"BreadcrumbList","@id":"https:\/\/www.campings.com\/fr\/content\/faq-camping\/#breadcrumb","itemListElement":[{"@type":"ListItem","position":1,"name":"Home","item":"https:\/\/www.campings.com\/fr\/content\/"},{"@type":"ListItem","position":2,"name":"FAQ camping"}]},{"@type":"WebSite","@id":"https:\/\/www.campings.com\/fr\/content\/#website","url":"https:\/\/www.campings.com\/fr\/content\/","name":"","description":"","publisher":{"@id":"https:\/\/www.campings.com\/fr\/content\/#organization"},"potentialAction":[{"@type":"SearchAction","target":{"@type":"EntryPoint","urlTemplate":"https:\/\/www.campings.com\/fr\/content\/?s={search_term_string}"},"query-input":{"@type":"PropertyValueSpecification","valueRequired":true,"valueName":"search_term_string"}}],"inLanguage":"fr-FR"},{"@type":"Organization","@id":"https:\/\/www.campings.com\/fr\/content\/#organization","name":"CAMPINGS.COM","url":"https:\/\/www.campings.com\/fr\/content\/","logo":{"@type":"ImageObject","inLanguage":"fr-FR","@id":"https:\/\/www.campings.com\/fr\/content\/#\/schema\/logo\/image\/","url":"https:\/\/www.campings.com\/fr\/content\/wp-content\/uploads\/2019\/01\/cropped-logo-1.png","contentUrl":"https:\/\/www.campings.com\/fr\/content\/wp-content\/uploads\/2019\/01\/cropped-logo-1.png","width":174,"height":42,"caption":"CAMPINGS.COM"},"image":{"@id":"https:\/\/www.campings.com\/fr\/content\/#\/schema\/logo\/image\/"}}]}},"_links":{"self":[{"href":"https:\/\/www.campings.com\/fr\/content\/wp-json\/wp\/v2\/pages\/1638","targetHints":{"allow":["GET"]}}],"collection":[{"href":"https:\/\/www.campings.com\/fr\/content\/wp-json\/wp\/v2\/pages"}],"about":[{"href":"https:\/\/www.campings.com\/fr\/content\/wp-json\/wp\/v2\/types\/page"}],"author":[{"embeddable":true,"href":"https:\/\/www.campings.com\/fr\/content\/wp-json\/wp\/v2\/users\/2"}],"replies":[{"embeddable":true,"href":"https:\/\/www.campings.com\/fr\/content\/wp-json\/wp\/v2\/comments?post=1638"}],"version-history":[{"count":16,"href":"https:\/\/www.campings.com\/fr\/content\/wp-json\/wp\/v2\/pages\/1638\/revisions"}],"predecessor-version":[{"id":2219,"href":"https:\/\/www.campings.com\/fr\/content\/wp-json\/wp\/v2\/pages\/1638\/revisions\/2219"}],"wp:attachment":[{"href":"https:\/\/www.campings.com\/fr\/content\/wp-json\/wp\/v2\/media?parent=1638"}],"curies":[{"name":"wp","href":"https:\/\/api.w.org\/{rel}","templated":true}]}}