{"id":1607,"date":"2020-02-26T09:57:50","date_gmt":"2020-02-26T09:57:50","guid":{"rendered":"https:\/\/www.campings.com\/fr\/content\/?page_id=1607"},"modified":"2020-02-26T09:57:56","modified_gmt":"2020-02-26T09:57:56","slug":"les-activites-artistiques-en-camping","status":"publish","type":"page","link":"https:\/\/www.campings.com\/fr\/content\/les-activites-artistiques-en-camping\/","title":{"rendered":"Les activit\u00e9s artistiques en camping"},"content":{"rendered":"<p><strong>Mini sommaire<\/strong><\/p>\n<ol>\n<li><a href=\"#ancre1\">Quelles animations pour adultes, ados ou enfants dans les campings ?<\/a><\/li>\n<li><a href=\"#ancre2\">Pourquoi pratiquer des activit\u00e9s en camping ?<\/a><\/li>\n<li><a href=\"#ancre3\">Trouver un camping pour un s\u00e9jour studieux et ludique<\/a><\/li>\n<li><a href=\"#ancre4\">Que faire si le camping ne propose pas d\u2019activit\u00e9 ?<\/a><\/li>\n<\/ol>\n<p><a href=\"https:\/\/www.campings.com\/fr\/content\/tout-savoir-sur-le-camping\/les-activites-en-famille-en-camping\/\">Les activit\u00e9s en famille en camping<\/a> sont l\u2019occasion de se rapprocher, mais aussi de d\u00e9couvrir des loisirs ensemble ou s\u00e9par\u00e9ment. De plus en plus de campings proposent des <strong>distractions plac\u00e9es sous le signe de l\u2019art<\/strong>. Si vous avez toujours eu envie de vous mettre au dessin, d\u2019enrichir votre culture personnelle seul ou avec votre partenaire, d\u2019amener vos enfants \u00e0 d\u00e9velopper leur imagination, c\u2019est peut-\u00eatre le genre de camping qu\u2019il vous faut. Alors, n\u2019h\u00e9sitez plus et lib\u00e9rez votre fibre cr\u00e9atrice.<\/p>\n<p><img decoding=\"async\" class=\"img-responsive\" src=\"https:\/\/www.campings.com\/fr\/content\/wp-content\/uploads\/2020\/02\/les-activites-artistiques-en-camping-1.jpg\" alt=\"Les activit\u00e9s artistiques en camping-1\" \/><\/p>\n<h2 id=\"ancre1\">Quelles animations pour adultes, ados ou enfants dans les campings ?<\/h2>\n<p>Lors d\u2019un s\u00e9jour en camping, vous vous attendez \u00e0 vous reposer, profiter de la plage et de la piscine, du restaurant, des soir\u00e9es anim\u00e9es. Mais vous aimez aussi bouger, d\u00e9couvrir de nouvelles choses.<br \/>\nC\u2019est pourquoi de plus en plus de clubs offrent la possibilit\u00e9 de participer \u00e0 des <strong>animations<\/strong> de toutes sortes. Ces derni\u00e8res sont d\u2019ailleurs de plus en plus demand\u00e9es, si bien que les ateliers se multiplient, pour le plus grand bonheur de leur client\u00e8le.<\/p>\n<h3>Les stages de peinture en club de vacances<\/h3>\n<p>Ou de dessin, ou de tout ce qui peut se rapprocher de l\u2019art visuel.<br \/>\nEnvie de vous exprimer sur toile ? Profitez de votre location pour vous jeter \u00e0 l\u2019eau. Le camping se trouvant le plus souvent en pleine nature, vous devriez trouver l\u2019inspiration pour retranscrire sur papier ce que vous voyez : le bord de mer, les \u00e9toiles, les champs de fleurs, etc.<br \/>\nEncadr\u00e9 par un animateur, vous allez apprendre les<strong> bases du dessin<\/strong> et ainsi cr\u00e9er vos propres \u0153uvres d\u2019art.<br \/>\nNotez que de plus, le dessin, la sculpture et la peinture sont des loisirs qui d\u00e9tendent et lib\u00e8rent vos \u00e9motions.<\/p>\n<h3>Les cours de danse<\/h3>\n<p>Un grand classique des campings qui proposent des animations. Votre club peut, le temps d\u2019une saison, organiser une <strong>initiation \u00e0 la danse<\/strong>. La Zumba est d\u2019ailleurs tr\u00e8s \u00e0 la mode, mais vous pouvez \u00e9galement apprendre des pas de danse plus classiques avec un partenaire, comme la salsa ou le tr\u00e8s langoureux tango.<br \/>\nSouvent, vous pourrez m\u00eame montrer vos progr\u00e8s dans les soir\u00e9es organis\u00e9es par les animateurs, ou lors de spectacles que vous aurez pr\u00e9par\u00e9s avec les autres ateliers du village vacances.<\/p>\n<h3>La musique et le chant<\/h3>\n<p>Restons dans le domaine musical, mais cette fois-ci, c\u2019est vous qui allez faire danser les autres.<br \/>\nProfitez de votre location en camping pour vous <strong>apprendre \u00e0 jouer d\u2019un nouvel instrument<\/strong>. Piano, guitare, batterie, chansons traditionnelles de feux de camp ou hit de l\u2019\u00e9t\u00e9. Il y en a pour tous les go\u00fbts. L\u00e0 encore, vous pourrez partager vos progr\u00e8s lors de spectacles si vous le souhaitez.<br \/>\nCes animations sont d\u2019ailleurs tr\u00e8s appr\u00e9ci\u00e9es par les enfants qui s\u2019investissent beaucoup et sont tr\u00e8s fiers d\u2019avoir particip\u00e9 \u00e0 ces activit\u00e9s.<\/p>\n<h3>Le th\u00e9\u00e2tre et les cours de com\u00e9die<\/h3>\n<p>Voil\u00e0 une animation qui plaira aux petits et aux parents. Monter sur les planches pour <strong>jouer la com\u00e9die<\/strong>, \u00e9laborer des sketchs permettra \u00e0 toute la famille d\u2019exercer son talent d\u2019humoriste et de com\u00e9dien.<br \/>\nCela apporte beaucoup : gestion du stress, du trac, et de la timidit\u00e9 en g\u00e9n\u00e9ral. Mais aussi apprendre \u00e0 parler en public, donner la r\u00e9plique au partenaire lors des moments d\u2019improvisation, etc.<br \/>\nCes ateliers sont particuli\u00e8rement recommand\u00e9s aux ados qui vont devoir affronter les examens oraux.<\/p>\n<h3>Le cirque<\/h3>\n<p>Depuis quelques ann\u00e9es, nous voyons fleurir un peu partout cette animation qu\u2019est <strong>l\u2019art du cirque<\/strong>.<br \/>\nAu programme : jonglage, trap\u00e8ze, pyramide humaine, exercices a\u00e9riens, etc. Tout ce qui fait la magie du cirque.<br \/>\nVous allez enfin comprendre les secrets des performances de ces artistes tout en d\u00e9veloppant votre souplesse, votre agilit\u00e9 et votre sens de l\u2019esth\u00e9tique, car le cirque, c\u2019est aussi la beaut\u00e9 des gestes, etc.<br \/>\nCette activit\u00e9 pla\u00eet \u00e9norm\u00e9ment aux enfants, mais aussi aux ados qui seront heureux de montrer leurs nouvelles comp\u00e9tences \u00e0 leurs parents et \u00e0 leurs amis. Cette animation comblera aussi les sportifs.<\/p>\n<h3>Les animations du terroir<\/h3>\n<p>Le camping, c\u2019est aussi l\u2019occasion de d\u00e9couvrir de nouvelles formes d\u2019arts, plus anciennes que nos anciens ont transmis de g\u00e9n\u00e9ration en g\u00e9n\u00e9ration. Souvent manuelles, ces activit\u00e9s sont tr\u00e8s appr\u00e9ci\u00e9es par les touristes en qu\u00eate d\u2019authenticit\u00e9.<br \/>\nAu programme : de la <strong>mosa\u00efque, de la soufflerie de verre, du tissage d\u2019osier, de la couture et broderie, de la poterie et c\u00e9ramique<\/strong>. Apprenez comment les anciens pouvaient fabriquer des objets magnifiques, et vous aussi, devenez un des gardiens de notre beau patrimoine.<\/p>\n<h2 id=\"ancre2\">Pourquoi pratiquer des activit\u00e9s en camping ?<\/h2>\n<p>Tout au long de l\u2019ann\u00e9e, nous manquons de temps, mais aussi d\u2019occasions pour faire de nouvelles activit\u00e9s. Pendant nos cong\u00e9s, nous pouvons en profiter pour nous recentrer, nous reposer et surtout nous lancer, nous et nos enfants, dans des disciplines qui sortent de l\u2019ordinaire. Entre deux activit\u00e9s sportives, un tour au spa et des tournois, prenez le temps d&rsquo;<strong>apprendre en vous amusant<\/strong>.<\/p>\n<h2>Quels sont les bienfaits des activit\u00e9s artistiques ?<\/h2>\n<p>Le dessin, la peinture, la musique, etc. Saviez-vous que tous ces hobbies \u00e9taient <strong>bons pour le cerveau<\/strong> ? <a href=\"https:\/\/www.levif.be\/actualite\/sante\/les-multiples-bienfaits-de-l-art-sur-la-sante\/article-normal-1215451.html?cookie_check=1581069618\">C\u2019est en tout cas ce que rel\u00e8vent les \u00e9tudes<\/a>. En effet, apprendre de nouvelles choses retarde le vieillissement cognitif et permet de lib\u00e9rer sa cr\u00e9ativit\u00e9.<br \/>\nAutre vertu :<strong> l\u2019art d\u00e9tend<\/strong>.<br \/>\nSi vous \u00eates angoiss\u00e9, stress\u00e9, n\u2019h\u00e9sitez pas \u00e0 vous lancer, car il a de v\u00e9ritables propri\u00e9t\u00e9s calmantes. La raison en est simple : en vous concentrant sur un objectif, vous vous videz la t\u00eate, et par la m\u00eame occasion, les soucis et autres sources d\u2019anxi\u00e9t\u00e9 disparaissent. Vous ressentez un bien-\u00eatre, une plus grande confiance en vous et en vos capacit\u00e9s.<br \/>\nDe plus, si vous pratiquez avec vos enfants, cela contribue \u00e0 resserrer les liens entre vous. Vous passez du temps ensemble et partagez les m\u00eames passions pour finir par vous rapprocher.<\/p>\n<h3>Les enfants aussi doivent prendre go\u00fbt \u00e0 l\u2019art<\/h3>\n<p>Si les bienfaits de l\u2019art sur les adultes ne sont plus \u00e0 d\u00e9montrer, pour les enfants, les effets sont encore plus spectaculaires.<br \/>\nCela va leur<strong> apprendre la dext\u00e9rit\u00e9, d\u00e9velopper leur confiance en eux et leur curiosit\u00e9<\/strong>.<br \/>\nDe plus, cela va les aider \u00e0 communiquer et \u00e0 travailler parfois en \u00e9quipe, notamment avec la danse, le th\u00e9\u00e2tre ou le cirque, qui demandent une synchronisation avec un partenaire ou un groupe pour pouvoir mener \u00e0 bien le projet.<\/p>\n<h3>Combien d\u2019activit\u00e9 devez-vous faire ?<\/h3>\n<p>Certains campings organisent une foule d\u2019animations et d\u2019activit\u00e9s, et on peut ne plus savoir o\u00f9 donner de la t\u00eate.<br \/>\nLe risque ici, c\u2019est d\u2019\u00eatre tent\u00e9 de tout essayer. Vous \u00eates en vacances. Vous avez le droit de ne rien faire, de bronzer \u00e0 la plage, de vous promener en for\u00eat.<br \/>\nSi vous accumulez trop de cours, non seulement vous allez perdre les b\u00e9n\u00e9fices qu\u2019ils peuvent avoir, mais en plus, vous risquez de passer moins de temps avec vos proches alors que vous partiez justement pour vous retrouver.<br \/>\nDonc,<strong> n\u2019inscrivez pas votre enfant \u00e0 toutes les activit\u00e9s<\/strong>, m\u00eame s\u2019il r\u00e9clame. De m\u00eame, concentrez-vous sur ce que vous aimez, ou aimeriez faire, et mettez le reste de c\u00f4t\u00e9, tout du moins pour cette ann\u00e9e.<br \/>\nAinsi, vous profiterez davantage de vos acquis et des moments pass\u00e9s pendant vos loisirs.<\/p>\n<p><img decoding=\"async\" class=\"img-responsive\" src=\"https:\/\/www.campings.com\/fr\/content\/wp-content\/uploads\/2020\/02\/les-activites-artistiques-en-camping-2.jpg\" alt=\"Les activit\u00e9s artistiques en camping-2\" \/><\/p>\n<h2 id=\"ancre3\">Trouver un camping pour un s\u00e9jour studieux et ludique<\/h2>\n<p>Le nombre de campings \u00e9tant exponentiel en France, vous pouvez vous demander vers lequel vous tourner. En effet, dans toutes les r\u00e9gions, vous aurez un <strong>grand choix de campings<\/strong>, alors, comment trouver le bon ?<\/p>\n<h3>Regardez le site internet du camping<\/h3>\n<p>\u00c0 partir de 3 \u00e9toiles, un camping est dans l\u2019<strong>obligation d\u2019avoir un site internet <\/strong>pour informer sa potentielle client\u00e8le des services que les g\u00e9rants et animateurs proposent.<br \/>\nVoyez s\u2019il y a beaucoup de place pour les animations gr\u00e2ce aux photos et aux renseignements fournis, si les animateurs sont qualifi\u00e9s, s\u2019ils sont nombreux, s\u2019il y a des animations r\u00e9serv\u00e9es aux parents et aux enfants durant le s\u00e9jour, <strong>le prix de la location \u00e0 la semaine<\/strong>.<br \/>\nV\u00e9rifiez \u00e9galement la pr\u00e9sence d\u2019une salle pour les enfants lorsqu\u2019il fait mauvais, d\u2019un espace ou d\u2019une aire de jeux. Plus le site est bien fait et plus vous aurez d\u2019explications, plus le camping sera (logiquement) s\u00e9rieux et il correspondra \u00e0 vos attentes.<\/p>\n<h3>V\u00e9rifiez la r\u00e9putation du domaine<\/h3>\n<p><strong>Les commentaires et avis <\/strong>sur le site en question (ou sur d\u2019autres sites sp\u00e9cialis\u00e9s dans ce domaine) vous donneront une id\u00e9e plus pr\u00e9cise de ce que propose r\u00e9ellement votre future location, et si les animations dispens\u00e9es sont de qualit\u00e9.<br \/>\nMais attention. Tous les avis ne sont pas forc\u00e9ment r\u00e9alistes. Certains peuvent \u00eatre \u00ab achet\u00e9s \u00bb par les propri\u00e9taires des campings, d\u2019autres peuvent \u00eatre n\u00e9gatifs \u00e0 cause d\u2019une concurrence d\u00e9loyale.<br \/>\nFaites la part des choses et regardez essentiellement les commentaires tr\u00e8s d\u00e9taill\u00e9s, avec des anecdotes si possibles. Ceux-l\u00e0 ont de fortes chances d\u2019\u00eatre sinc\u00e8res.<br \/>\n<strong>Le bouche-\u00e0-oreille<\/strong> est \u00e9galement une bonne fa\u00e7on de se faire une id\u00e9e. Les gens sont les premiers \u00e0 raconter leurs vacances, \u00e0 dire si c\u2019\u00e9tait bien ou pas.<br \/>\nVous serez donc tr\u00e8s vite au courant si un club ne r\u00e9pond pas aux promesses et si les services ne sont pas \u00e0 la hauteur de vos esp\u00e9rances. Ces avis sont donc pr\u00e9cieux, car quelqu\u2019un qui est all\u00e9 sur le terrain sera plus fiable pour vous r\u00e9pondre qu\u2019une simple brochure.<\/p>\n<h3>Les prix des animations, compris ou pas ?<\/h3>\n<p>Voil\u00e0 un point \u00e9pineux. Chaque camping a sa fa\u00e7on de fonctionner. Ainsi, l\u00e0 o\u00f9 certains vont inclure la danse ou le cirque dans <strong>le forfait<\/strong>, d\u2019autres, pour ne pas p\u00e9naliser ceux qui veulent simplement profiter du spa ou de la piscine, font <strong>payer en suppl\u00e9ment<\/strong>. C\u2019est \u00e9videmment aussi le cas des cours en dehors du camping.<br \/>\nRenseignez-vous bien en amont afin d\u2019\u00e9viter d\u2019avoir de mauvaises surprises et de plomber votre budget.<br \/>\nSouvent, ce genre de clubs offrent des services assez luxueux \u00e0 c\u00f4t\u00e9, les forfaits \u00e0 la semaine ou pour la nuit sont d\u00e9j\u00e0 assez \u00e9lev\u00e9s. Demandez donc le prix de toutes les prestations que vous pourrez voir sur leur site ou brochure.<\/p>\n<h3>Que faire si le camping ne propose pas d\u2019activit\u00e9 ?<\/h3>\n<p>Tous les campings ne sont pas \u00e9quip\u00e9s d\u2019une piscine, d\u2019aires de jeux, et encore moins d\u2019une salle pour faire des animations. Cela ne veut pas dire qu\u2019ils ne sont pas bien, c\u2019est juste qu\u2019ils ne jouent pas dans la m\u00eame cat\u00e9gorie.<br \/>\nEt vous pouvez tout \u00e0 fait choisir ce type de prestation si, par exemple, vous souhaitez faire du camping \u00e0 l\u2019ancienne, sur un terrain nu dans une tente.<br \/>\nDans ce cas-l\u00e0, en ce qui concerne les animations, c\u2019est \u00e0 <strong>proximit\u00e9 du camping <\/strong>qu\u2019il faudra chercher.<br \/>\nEt ne vous inqui\u00e9tez pas, <strong>chaque r\u00e9gion touristique poss\u00e8de ses propres clubs <\/strong>de peinture, de musique, d\u2019art en g\u00e9n\u00e9ral, qui sont ouverts aux vacanciers, m\u00eame dans un petit village qui devient grand deux mois par an.<br \/>\nN\u00e9anmoins, attention, \u00e7a ne sera pas sur place. V\u00e9rifiez alors qu\u2019il existe alors des espaces pour enfants encadr\u00e9s par une \u00e9quipe d\u2019animateurs, le temps que vous alliez \u00e0 votre club \u00e0 vous. C\u2019est souvent le cas sur les plages, il faut penser \u00e0 l\u2019y inscrire au minimum la veille (les places sont limit\u00e9es).<br \/>\n<strong>L\u2019art est une fa\u00e7on de se d\u00e9tendre<\/strong>, de passer du temps ensemble, de d\u00e9couvrir et d\u2019\u00eatre curieux. Il vous aidera \u00e0 avoir confiance en vous, ainsi que votre partenaire et vos enfants. Vos<strong> liens familiaux<\/strong> ne s\u2019en porteront que mieux, et vous allez avoir des tas de souvenirs, aussi bien dans votre t\u00eate qu\u2019\u00e0 rapporter avec vous pour montrer \u00e0 quel point vous \u00eates dou\u00e9 !<\/p>\n<p><em>Nous vous recommandons ces autres pages :<\/em><\/p>\n<ul>\n<li><a href=\"https:\/\/www.campings.com\/fr\/content\/tout-savoir-sur-le-camping\/faire-du-sport-en-camping\/\">Faire du sport en camping<\/a><\/li>\n<li><a href=\"https:\/\/www.campings.com\/fr\/content\/tout-savoir-sur-le-camping\/camping-quelles-activites-musicales-a-faire-en-famille\/\">Camping : quelles activit\u00e9s musicales \u00e0 faire en famille ? <\/a><\/li>\n<li><a href=\"https:\/\/www.campings.com\/fr\/content\/tout-savoir-sur-le-camping\/profiter-du-camping-pour-se-relaxer\/\">Profiter du camping pour se relaxer<\/a><\/li>\n<li><a href=\"https:\/\/www.campings.com\/fr\/content\/tout-savoir-sur-le-camping\/les-jeux-et-activites-exterieures-a-faire-en-camping\/\">Les jeux et activit\u00e9s ext\u00e9rieures \u00e0 faire en camping<\/a><\/li>\n<li><a href=\"https:\/\/www.campings.com\/fr\/content\/tout-savoir-sur-le-camping\/profiter-du-parc-aquatique-du-camping\/\">Profiter du parc aquatique du camping<\/a><\/li>\n<\/ul>\n","protected":false},"excerpt":{"rendered":"<p>Mini sommaire Quelles animations pour adultes, ados ou enfants dans les campings ? Pourquoi pratiquer des activit\u00e9s en camping ? Trouver un camping pour un s\u00e9jour studieux et ludique Que faire si le camping ne propose pas d\u2019activit\u00e9 ? Les activit\u00e9s en famille en camping sont l\u2019occasion de se rapprocher, mais aussi de d\u00e9couvrir des [&hellip;]<\/p>\n","protected":false},"author":2,"featured_media":0,"parent":0,"menu_order":0,"comment_status":"closed","ping_status":"closed","template":"template-twocolumns.php","meta":{"_acf_changed":false,"footnotes":""},"class_list":["post-1607","page","type-page","status-publish","hentry"],"acf":[],"yoast_head":"<!-- This site is optimized with the Yoast SEO plugin v27.1.1 - https:\/\/yoast.com\/product\/yoast-seo-wordpress\/ -->\n<title>Les activit\u00e9s artistiques en camping<\/title>\n<meta name=\"description\" content=\"Envie de r\u00e9veiller votre fibre artistique ? D\u00e9couvrez les ateliers que peuvent vous offrir les campings de notre beau pays.\" \/>\n<meta name=\"robots\" content=\"index, follow, max-snippet:-1, max-image-preview:large, max-video-preview:-1\" \/>\n<link rel=\"canonical\" href=\"https:\/\/www.campings.com\/fr\/content\/les-activites-artistiques-en-camping\/\" \/>\n<meta property=\"og:locale\" content=\"fr_FR\" \/>\n<meta property=\"og:type\" content=\"article\" \/>\n<meta property=\"og:title\" content=\"Les activit\u00e9s artistiques en camping\" \/>\n<meta property=\"og:description\" content=\"Envie de r\u00e9veiller votre fibre artistique ? D\u00e9couvrez les ateliers que peuvent vous offrir les campings de notre beau pays.\" \/>\n<meta property=\"og:url\" content=\"https:\/\/www.campings.com\/fr\/content\/les-activites-artistiques-en-camping\/\" \/>\n<meta property=\"article:modified_time\" content=\"2020-02-26T09:57:56+00:00\" \/>\n<meta property=\"og:image\" content=\"https:\/\/www.campings.com\/fr\/content\/wp-content\/uploads\/2020\/02\/les-activites-artistiques-en-camping-1.jpg\" \/>\n<meta name=\"twitter:card\" content=\"summary_large_image\" \/>\n<meta name=\"twitter:label1\" content=\"Dur\u00e9e de lecture estim\u00e9e\" \/>\n\t<meta name=\"twitter:data1\" content=\"11 minutes\" \/>\n<script type=\"application\/ld+json\" class=\"yoast-schema-graph\">{\"@context\":\"https:\/\/schema.org\",\"@graph\":[{\"@type\":\"WebPage\",\"@id\":\"https:\/\/www.campings.com\/fr\/content\/les-activites-artistiques-en-camping\/\",\"url\":\"https:\/\/www.campings.com\/fr\/content\/les-activites-artistiques-en-camping\/\",\"name\":\"Les activit\u00e9s artistiques en camping\",\"isPartOf\":{\"@id\":\"https:\/\/www.campings.com\/fr\/content\/#website\"},\"primaryImageOfPage\":{\"@id\":\"https:\/\/www.campings.com\/fr\/content\/les-activites-artistiques-en-camping\/#primaryimage\"},\"image\":{\"@id\":\"https:\/\/www.campings.com\/fr\/content\/les-activites-artistiques-en-camping\/#primaryimage\"},\"thumbnailUrl\":\"https:\/\/www.campings.com\/fr\/content\/wp-content\/uploads\/2020\/02\/les-activites-artistiques-en-camping-1.jpg\",\"datePublished\":\"2020-02-26T09:57:50+00:00\",\"dateModified\":\"2020-02-26T09:57:56+00:00\",\"description\":\"Envie de r\u00e9veiller votre fibre artistique ? D\u00e9couvrez les ateliers que peuvent vous offrir les campings de notre beau pays.\",\"breadcrumb\":{\"@id\":\"https:\/\/www.campings.com\/fr\/content\/les-activites-artistiques-en-camping\/#breadcrumb\"},\"inLanguage\":\"fr-FR\",\"potentialAction\":[{\"@type\":\"ReadAction\",\"target\":[\"https:\/\/www.campings.com\/fr\/content\/les-activites-artistiques-en-camping\/\"]}]},{\"@type\":\"ImageObject\",\"inLanguage\":\"fr-FR\",\"@id\":\"https:\/\/www.campings.com\/fr\/content\/les-activites-artistiques-en-camping\/#primaryimage\",\"url\":\"https:\/\/www.campings.com\/fr\/content\/wp-content\/uploads\/2020\/02\/les-activites-artistiques-en-camping-1.jpg\",\"contentUrl\":\"https:\/\/www.campings.com\/fr\/content\/wp-content\/uploads\/2020\/02\/les-activites-artistiques-en-camping-1.jpg\",\"width\":1000,\"height\":667},{\"@type\":\"BreadcrumbList\",\"@id\":\"https:\/\/www.campings.com\/fr\/content\/les-activites-artistiques-en-camping\/#breadcrumb\",\"itemListElement\":[{\"@type\":\"ListItem\",\"position\":1,\"name\":\"Home\",\"item\":\"https:\/\/www.campings.com\/fr\/content\/\"},{\"@type\":\"ListItem\",\"position\":2,\"name\":\"Les activit\u00e9s artistiques en camping\"}]},{\"@type\":\"WebSite\",\"@id\":\"https:\/\/www.campings.com\/fr\/content\/#website\",\"url\":\"https:\/\/www.campings.com\/fr\/content\/\",\"name\":\"\",\"description\":\"\",\"publisher\":{\"@id\":\"https:\/\/www.campings.com\/fr\/content\/#organization\"},\"potentialAction\":[{\"@type\":\"SearchAction\",\"target\":{\"@type\":\"EntryPoint\",\"urlTemplate\":\"https:\/\/www.campings.com\/fr\/content\/?s={search_term_string}\"},\"query-input\":{\"@type\":\"PropertyValueSpecification\",\"valueRequired\":true,\"valueName\":\"search_term_string\"}}],\"inLanguage\":\"fr-FR\"},{\"@type\":\"Organization\",\"@id\":\"https:\/\/www.campings.com\/fr\/content\/#organization\",\"name\":\"CAMPINGS.COM\",\"url\":\"https:\/\/www.campings.com\/fr\/content\/\",\"logo\":{\"@type\":\"ImageObject\",\"inLanguage\":\"fr-FR\",\"@id\":\"https:\/\/www.campings.com\/fr\/content\/#\/schema\/logo\/image\/\",\"url\":\"https:\/\/www.campings.com\/fr\/content\/wp-content\/uploads\/2019\/01\/cropped-logo-1.png\",\"contentUrl\":\"https:\/\/www.campings.com\/fr\/content\/wp-content\/uploads\/2019\/01\/cropped-logo-1.png\",\"width\":174,\"height\":42,\"caption\":\"CAMPINGS.COM\"},\"image\":{\"@id\":\"https:\/\/www.campings.com\/fr\/content\/#\/schema\/logo\/image\/\"}}]}<\/script>\n<!-- \/ Yoast SEO plugin. -->","yoast_head_json":{"title":"Les activit\u00e9s artistiques en camping","description":"Envie de r\u00e9veiller votre fibre artistique ? D\u00e9couvrez les ateliers que peuvent vous offrir les campings de notre beau pays.","robots":{"index":"index","follow":"follow","max-snippet":"max-snippet:-1","max-image-preview":"max-image-preview:large","max-video-preview":"max-video-preview:-1"},"canonical":"https:\/\/www.campings.com\/fr\/content\/les-activites-artistiques-en-camping\/","og_locale":"fr_FR","og_type":"article","og_title":"Les activit\u00e9s artistiques en camping","og_description":"Envie de r\u00e9veiller votre fibre artistique ? D\u00e9couvrez les ateliers que peuvent vous offrir les campings de notre beau pays.","og_url":"https:\/\/www.campings.com\/fr\/content\/les-activites-artistiques-en-camping\/","article_modified_time":"2020-02-26T09:57:56+00:00","og_image":[{"url":"https:\/\/www.campings.com\/fr\/content\/wp-content\/uploads\/2020\/02\/les-activites-artistiques-en-camping-1.jpg","type":"","width":"","height":""}],"twitter_card":"summary_large_image","twitter_misc":{"Dur\u00e9e de lecture estim\u00e9e":"11 minutes"},"schema":{"@context":"https:\/\/schema.org","@graph":[{"@type":"WebPage","@id":"https:\/\/www.campings.com\/fr\/content\/les-activites-artistiques-en-camping\/","url":"https:\/\/www.campings.com\/fr\/content\/les-activites-artistiques-en-camping\/","name":"Les activit\u00e9s artistiques en camping","isPartOf":{"@id":"https:\/\/www.campings.com\/fr\/content\/#website"},"primaryImageOfPage":{"@id":"https:\/\/www.campings.com\/fr\/content\/les-activites-artistiques-en-camping\/#primaryimage"},"image":{"@id":"https:\/\/www.campings.com\/fr\/content\/les-activites-artistiques-en-camping\/#primaryimage"},"thumbnailUrl":"https:\/\/www.campings.com\/fr\/content\/wp-content\/uploads\/2020\/02\/les-activites-artistiques-en-camping-1.jpg","datePublished":"2020-02-26T09:57:50+00:00","dateModified":"2020-02-26T09:57:56+00:00","description":"Envie de r\u00e9veiller votre fibre artistique ? D\u00e9couvrez les ateliers que peuvent vous offrir les campings de notre beau pays.","breadcrumb":{"@id":"https:\/\/www.campings.com\/fr\/content\/les-activites-artistiques-en-camping\/#breadcrumb"},"inLanguage":"fr-FR","potentialAction":[{"@type":"ReadAction","target":["https:\/\/www.campings.com\/fr\/content\/les-activites-artistiques-en-camping\/"]}]},{"@type":"ImageObject","inLanguage":"fr-FR","@id":"https:\/\/www.campings.com\/fr\/content\/les-activites-artistiques-en-camping\/#primaryimage","url":"https:\/\/www.campings.com\/fr\/content\/wp-content\/uploads\/2020\/02\/les-activites-artistiques-en-camping-1.jpg","contentUrl":"https:\/\/www.campings.com\/fr\/content\/wp-content\/uploads\/2020\/02\/les-activites-artistiques-en-camping-1.jpg","width":1000,"height":667},{"@type":"BreadcrumbList","@id":"https:\/\/www.campings.com\/fr\/content\/les-activites-artistiques-en-camping\/#breadcrumb","itemListElement":[{"@type":"ListItem","position":1,"name":"Home","item":"https:\/\/www.campings.com\/fr\/content\/"},{"@type":"ListItem","position":2,"name":"Les activit\u00e9s artistiques en camping"}]},{"@type":"WebSite","@id":"https:\/\/www.campings.com\/fr\/content\/#website","url":"https:\/\/www.campings.com\/fr\/content\/","name":"","description":"","publisher":{"@id":"https:\/\/www.campings.com\/fr\/content\/#organization"},"potentialAction":[{"@type":"SearchAction","target":{"@type":"EntryPoint","urlTemplate":"https:\/\/www.campings.com\/fr\/content\/?s={search_term_string}"},"query-input":{"@type":"PropertyValueSpecification","valueRequired":true,"valueName":"search_term_string"}}],"inLanguage":"fr-FR"},{"@type":"Organization","@id":"https:\/\/www.campings.com\/fr\/content\/#organization","name":"CAMPINGS.COM","url":"https:\/\/www.campings.com\/fr\/content\/","logo":{"@type":"ImageObject","inLanguage":"fr-FR","@id":"https:\/\/www.campings.com\/fr\/content\/#\/schema\/logo\/image\/","url":"https:\/\/www.campings.com\/fr\/content\/wp-content\/uploads\/2019\/01\/cropped-logo-1.png","contentUrl":"https:\/\/www.campings.com\/fr\/content\/wp-content\/uploads\/2019\/01\/cropped-logo-1.png","width":174,"height":42,"caption":"CAMPINGS.COM"},"image":{"@id":"https:\/\/www.campings.com\/fr\/content\/#\/schema\/logo\/image\/"}}]}},"_links":{"self":[{"href":"https:\/\/www.campings.com\/fr\/content\/wp-json\/wp\/v2\/pages\/1607","targetHints":{"allow":["GET"]}}],"collection":[{"href":"https:\/\/www.campings.com\/fr\/content\/wp-json\/wp\/v2\/pages"}],"about":[{"href":"https:\/\/www.campings.com\/fr\/content\/wp-json\/wp\/v2\/types\/page"}],"author":[{"embeddable":true,"href":"https:\/\/www.campings.com\/fr\/content\/wp-json\/wp\/v2\/users\/2"}],"replies":[{"embeddable":true,"href":"https:\/\/www.campings.com\/fr\/content\/wp-json\/wp\/v2\/comments?post=1607"}],"version-history":[{"count":1,"href":"https:\/\/www.campings.com\/fr\/content\/wp-json\/wp\/v2\/pages\/1607\/revisions"}],"predecessor-version":[{"id":1608,"href":"https:\/\/www.campings.com\/fr\/content\/wp-json\/wp\/v2\/pages\/1607\/revisions\/1608"}],"wp:attachment":[{"href":"https:\/\/www.campings.com\/fr\/content\/wp-json\/wp\/v2\/media?parent=1607"}],"curies":[{"name":"wp","href":"https:\/\/api.w.org\/{rel}","templated":true}]}}