{"id":1605,"date":"2020-02-26T09:57:02","date_gmt":"2020-02-26T09:57:02","guid":{"rendered":"https:\/\/www.campings.com\/fr\/content\/?page_id=1605"},"modified":"2020-02-26T09:57:09","modified_gmt":"2020-02-26T09:57:09","slug":"profiter-du-camping-pour-se-relaxer","status":"publish","type":"page","link":"https:\/\/www.campings.com\/fr\/content\/profiter-du-camping-pour-se-relaxer\/","title":{"rendered":"Profiter du camping pour se relaxer"},"content":{"rendered":"<p><strong>Mini sommaire<\/strong><\/p>\n<ol>\n<li><a href=\"#ancre1\">Quel camping choisir pour se relaxer ?<\/a><\/li>\n<li><a href=\"#ancre2\">Comment se d\u00e9tendre en camping ?<\/a><\/li>\n<li><a href=\"#ancre3\">Des campings aux prestations de luxe<\/a><\/li>\n<li><a href=\"#ancre4\">Quelques conseils pour \u00eatre serein en vacances<\/a><\/li>\n<\/ol>\n<p><a href=\"https:\/\/www.campings.com\/fr\/content\/tout-savoir-sur-le-camping\/les-activites-en-famille-en-camping\/\">Les activit\u00e9s en famille en camping<\/a> participent \u00e0 resserrer les liens et \u00e0 se retrouver autour d\u2019un loisir commun. Ces moments de partage et de d\u00e9tente sont importants, autant pour \u00e9veiller notre envie d\u2019apprendre de fa\u00e7on ludique, mais aussi pour notre bien-\u00eatre.<strong>Mais le camping, c\u2019est \u00e9galement fait pour laisser la place au farniente<\/strong>. Alors, foncez faire votre r\u00e9servation pour des vacances sous le signe du repos.<\/p>\n<p><img decoding=\"async\" class=\"img-responsive\" src=\"https:\/\/www.campings.com\/fr\/content\/wp-content\/uploads\/2020\/02\/profiter-du-camping-pour-se-relaxer-1.jpg\" alt=\"Profiter du camping pour se relaxer-1\" \/><\/p>\n<h2 id=\"ancre1\">Quel camping choisir pour se relaxer ?<\/h2>\n<p>Premi\u00e8re chose \u00e0 faire pour pr\u00e9voir des vacances reposantes, le choix de son camping. Ici, tout d\u00e9pendra de vos go\u00fbts personnels en la mati\u00e8re, car nous n\u2019avons pas tous la m\u00eame <strong>conception des vacances.<\/strong><\/p>\n<h3>Les campings sans h\u00e9bergement<\/h3>\n<p>Si vous pr\u00e9f\u00e9rez vous <strong>d\u00e9tendre en pleine nature<\/strong>, loin des animations et agitations des campings qui proposent ces prestations, optez pour un camping avec des emplacements nus, o\u00f9 vous pourrez planter votre tente ou mettre votre camping-car. Tranquillit\u00e9 assur\u00e9e.<\/p>\n<h3>Les campings avec h\u00e9bergements<\/h3>\n<p>Ces derniers offrent \u00e0 la<strong> location des mobil-home<\/strong>s, tipis ou m\u00eame cabanes dans les arbres pour les plus atypiques d\u2019entre eux.<br \/>\nPlus le camping a d\u2019\u00e9toiles, plus il y aura de services et d\u2019animations. Cela inclut en g\u00e9n\u00e9ral un espace d\u00e9tente de type spa, une piscine, des activit\u00e9s artistiques, etc. C\u2019est une autre fa\u00e7on de se relaxer, tout d\u00e9pend de ce que vous recherchez.<\/p>\n<h3>Les campings de luxe<\/h3>\n<p><strong>Les campings cinq \u00e9toiles<\/strong> sont ceux qui vont offrir le plus de services, et donc le plus de moyens de se relaxer tout en restant au vert.<br \/>\nDurant le s\u00e9jour, vous pourrez profiter de la <strong>piscine, d\u2019un spa, etc.<\/strong> Mais aussi de tout le n\u00e9cessaire sur place pour \u00e9viter tout stress : les magasins pour se ravitailler, des restaurants, des bars, une laverie, des activit\u00e9s pour les enfants afin de passer quelques heures tranquilles.<br \/>\nDans la cat\u00e9gorie camping de luxe, il existe \u00e9galement ce qu\u2019on appelle<strong> le glamping.<\/strong><a href=\"https:\/\/www.femmeactuelle.fr\/vie-pratique\/voyage\/glamping-camping-glamour-chic-2013540\">Ce sont des campings g\u00e9n\u00e9ralement cinq \u00e9toiles qui m\u00e9langent le concept glamour et camping<\/a>. Confort et d\u00e9tente assur\u00e9s !<\/p>\n<h3>Quand partir en camping ?<\/h3>\n<p>L\u00e0 encore, tout d\u00e9pendra de vos envies, mais moins il y aura de monde, plus vous pourrez profiter du calme, de la tranquillit\u00e9, du silence pendant la nuit et surtout, vous aurez plus facilement acc\u00e8s aux services et au cours, car les places sont limit\u00e9es.<br \/>\nPour \u00e9viter la foule, c\u2019est (presque) simple. Il faut partir<strong> hors-saison<\/strong>, ou du moins,<strong> faire sa r\u00e9servation \u00e0 des dates moins convoit\u00e9es. <\/strong>Difficile lorsqu\u2019on a des enfants, mais pas impossible. De plus, lors de votre r\u00e9servation, essayez de choisir un emplacement au calme.<\/p>\n<h2 id=\"ancre2\">Comment se d\u00e9tendre en camping ?<\/h2>\n<p>Il y a <strong>plusieurs fa\u00e7ons de se reposer durant les vacances en camping.<\/strong>Avant toute chose, sachez qu\u2019il faudrait, dans l\u2019id\u00e9al, conserver un rythme raisonnable. En somme, dormir la nuit, se coucher t\u00f4t et bien manger.<br \/>\nPlus facile \u00e0 dire qu\u2019\u00e0 faire, les tentations sont grandes. Et bien entendu, vous pouvez aussi en profiter pour vous faire plaisir, manger plus riche et dormir plus tard.<br \/>\nLe tout est d\u2019\u00e9viter les exc\u00e8s pour ne pas rentrer de ses vacances et \u00eatre fatigu\u00e9. Cela \u00e9tant dit, voyons ce que vous pouvez faire en camping pour d\u00e9compresser.<\/p>\n<h3>Profitez de votre s\u00e9jour en toute tranquillit\u00e9<\/h3>\n<p>Vous n\u2019avez pas forc\u00e9ment besoin d\u2019avoir une foule de prestations \u00e0 port\u00e9e de main pour vous d\u00e9lasser. Tout d\u00e9pend aussi de votre temp\u00e9rament.<br \/>\nMais<strong> bronzer sur la plage<\/strong>, admirer le ciel \u00e9toil\u00e9 la nuit, se promener au bord de l\u2019eau ou en for\u00eats, profiter de la piscine, faire la grasse matin\u00e9e dans sa tente ou son mobil-home, etc. sont des occupations que l\u2019on ne prend pas le temps de faire le reste de l\u2019ann\u00e9e, mais qui pourtant, contribuent \u00e0 notre bonheur et notre bien-\u00eatre.<br \/>\nLe contact avec la nature est d\u2019ailleurs tr\u00e8s b\u00e9n\u00e9fique, et de plus en plus de m\u00e9decins s\u2019accordent \u00e0 dire qu\u2019on devrait \u00eatre davantage \u00e0 son contact. Et le camping est l\u2019endroit r\u00eav\u00e9 pour cela !<\/p>\n<h3>Suivre des cours<\/h3>\n<p>Dit comme cela, cela semble barbant, mais les vacances sont aussi l\u2019occasion de se <strong>d\u00e9couvrir de nouveaux passe-temps<\/strong> et d\u2019apprendre de nouvelles choses. De plus en plus de clubs proposent des activit\u00e9s, ateliers et animations de toutes sortes.<\/p>\n<h3>Le chant, la danse, la musique<\/h3>\n<p>La musique adoucit les m\u0153urs, c\u2019est bien connu, mais elle est aussi tr\u00e8s bonne pour se <strong>d\u00e9fouler ou se d\u00e9lasser.<\/strong>Ainsi, si vous avez toujours r\u00eav\u00e9 de vous mettre \u00e0 la guitare ou chanter, n\u2019h\u00e9sitez pas \u00e0 profiter de cette occasion.<\/p>\n<h3>Le dessin, la peinture<\/h3>\n<p><strong>Les activit\u00e9s manuelles<\/strong>, en particulier le dessin, sont vivement recommand\u00e9es pour chasser les id\u00e9es noires, et \u00e9loigner le stress et l\u2019anxi\u00e9t\u00e9.<br \/>\nDu fait de la concentration n\u00e9cessaire pour mener \u00e0 bien son projet, vous allez vous vider la t\u00eate sans m\u00eame vous en rendre compte.<\/p>\n<h3>Le sport<\/h3>\n<p>Cela ressemble \u00e0 une contrainte, mais ne vous m\u00e9prenez pas. Si <strong>le sport demande des efforts, il lib\u00e8re aussi des hormones qui participent au bien-\u00eatre.<\/strong><br \/>\nR\u00e9sultat, non seulement vous serez fier de vous, car vous aurez r\u00e9ussi \u00e0 vous motiver et aller au bout, mais en plus, vous vous sentirez mieux. Et qui sait, peut-\u00eatre allez-vous garder cette bonne habitude tout au long de l\u2019ann\u00e9e ?<\/p>\n<h3>Le yoga, la m\u00e9ditation<\/h3>\n<p>Le camping peut participer \u00e0 votre bien-\u00eatre en mettant en place des cours de <strong>m\u00e9ditation et de yoga<\/strong>.<br \/>\nCes deux activit\u00e9s sont reconnues pour lib\u00e9rer les personnes du stress, travailler la souplesse et la respiration.<br \/>\nPratiquer en cours est id\u00e9al, car vous aurez un coach avec vous pour vous montrer les bons gestes et corriger vos erreurs.<br \/>\nD\u00e9lassants aussi bien pour le corps que pour l\u2019esprit, le yoga, les exercices de respiration et la m\u00e9ditation sont \u00e0 faire absolument si le camping le permet.<\/p>\n<p><img decoding=\"async\" class=\"img-responsive\" src=\"https:\/\/www.campings.com\/fr\/content\/wp-content\/uploads\/2020\/02\/profiter-du-camping-pour-se-relaxer-2.jpg\" alt=\"Profiter du camping pour se relaxer-2\" \/><\/p>\n<h2 id=\"ancre3\">Des campings aux prestations de luxe<\/h2>\n<p>Si vous souhaitez avoir acc\u00e8s \u00e0 toutes sortes de prestations, misez sur<strong> les campings \u00e0 partir de trois \u00e9toiles<\/strong>, cinq \u00e9tant l\u2019id\u00e9al (m\u00eame si beaucoup de clubs proposent plus de services qu\u2019ils n\u2019y sont oblig\u00e9s).<br \/>\nLa premi\u00e8re raison est le confort. Vous allez avoir un h\u00e9bergement (mobil-home, chalet) avec tous les \u00e9quipements n\u00e9cessaires, au moins une piscine ou un plan d\u2019eau, et tout un tas d\u2019avantages comme la garde d\u2019enfants, les stages, et animations, etc. Voici un aper\u00e7u de ce que vous pourrez trouver sur place.<\/p>\n<h3>Un spa<\/h3>\n<p>Rien de mieux pour se d\u00e9tendre que de<strong> prendre soin de son corps<\/strong> ! Et pour cela, un spa est l\u2019endroit qu\u2019il faut absolument trouver dans un camping qui souhaite vous procurer un maximum de bien-\u00eatre.<br \/>\nDans cet endroit, vous allez trouver, la plupart du temps, un<strong> bain \u00e0 remous<\/strong> avec de l\u2019eau chaude qui va vous faire fondre de bonheur.<br \/>\nMais aussi un<strong> sauna, un hammam<\/strong>, ou bien les deux. Si ces pratiques sont diff\u00e9rentes sur la forme, le fond est le m\u00eame : elles vont contribuer \u00e0 d\u00e9tendre vos muscles, stimuler votre circulation sanguine, \u00e9liminer les toxines.<br \/>\nDans un spa, vous pourrez \u00e9galement trouver d\u2019autres prestations comme<strong> les massages. <\/strong>Il en existe plusieurs types : les classiques massages californiens et su\u00e9dois, le massage aux pierres chaudes, le massage tha\u00eflandais, ou m\u00eame les massages \u00e0 quatre mains ou des pieds.<br \/>\nAutres prestations, les soins du corps : gommages, remodelage, soins raffermissants ou amincissants, pour vous sentir bien dans votre peau.<\/p>\n<h3>Les instituts de beaut\u00e9<\/h3>\n<p>Tout comme le spa, les instituts de beaut\u00e9 offrent plusieurs services pour le <strong>bien-\u00eatre de votre corps et de votre peau.<\/strong> Soins du visage, des cheveux, manucure, \u00e9pilation, massage, maquillage sont au rendez-vous pour une d\u00e9tente maximale. Et cela vaut aussi pour les messieurs qui, eux aussi, ont le droit de prendre soin d\u2019eux !<\/p>\n<h2 id=\"ancre4\">Quelques conseils pour \u00eatre serein en vacances<\/h2>\n<p>On aura beau choisir <strong>le meilleur camping<\/strong>, le plus luxueux avec tout ce qu\u2019il faut pour prendre soin de nous, si on ne pr\u00e9pare pas son s\u00e9jour, on risque de finir stress\u00e9, ce qui n\u2019est pas le but. Voici quelques conseils pour \u00e9viter cela.<\/p>\n<h3>R\u00e9server sa location<\/h3>\n<p>Faire une r\u00e9servation \u00e0 l\u2019avance vous permettra d\u2019avoir l\u2019assurance de choisir l\u2019h\u00e9bergement que vous voulez, mais en plus, vous pourrez <strong>b\u00e9n\u00e9ficier de promotions<\/strong>. Une fois vos dates connues, il vous suffira de s\u00e9lectionner votre camping, quelle que soit la saison.<\/p>\n<h3>Pensez aux assurances<\/h3>\n<p>Vol, accidents et intemp\u00e9ries ne sont malheureusement pas des choses qui n\u2019arrivent pas qu\u2019aux autres. Et c\u2019est d\u00e9j\u00e0 bien contrariant d\u2019avoir des soucis en vacances, alors si votre assurance ne les prend pas en charge, elles risquent d\u2019\u00eatre totalement g\u00e2ch\u00e9es.<br \/>\nPour \u00e9viter de trop cogiter et de passer des nuits blanches, pensez \u00e0 v\u00e9rifier vos contrats, ou \u00e0 <a href=\"https:\/\/www.previssima.fr\/dossier\/partir-en-vacances-a-letranger-faut-il-souscrire-une-assurance-voyage\/\">prendre une assurance sp\u00e9cifique pour votre s\u00e9jour.<\/a>Vous pouvez \u00e9galement demander \u00e0 votre assureur une e<strong>xtension temporaire de votre assurance habituelle<\/strong> afin d\u2019\u00eatre bien prot\u00e9g\u00e9.<br \/>\nPensez aussi \u00e0 v\u00e9rifier les clauses si vous partez hors de la France.<\/p>\n<h3>Faites r\u00e9viser votre voiture<\/h3>\n<p><strong>Tomber en panne en vacances <\/strong>est une vraie gal\u00e8re. Et comme vous n\u2019aurez aucune envie de courir apr\u00e8s un garage et de payer tr\u00e8s cher une r\u00e9paration, le mieux est encore de faire r\u00e9viser votre voiture avant de partir, pour \u00e9viter les pannes pr\u00e9visibles, v\u00e9rifier les pneus, etc.<\/p>\n<h3>Pr\u00e9venez vos voisins<\/h3>\n<p>Les vols sont beaucoup plus nombreux pendant les vacances. Personne n\u2019\u00e9tant \u00e0 la maison, les cambrioleurs ont tout le loisir de s\u2019en prendre \u00e0 vos biens. Premi\u00e8re solution : demandez \u00e0 vos voisins de passer r\u00e9guli\u00e8rement chez vous pour donner l\u2019impression de mouvement. Cela d\u00e9courage nombre de voleurs.<br \/>\nAutre m\u00e9thode, un peu plus co\u00fbteuse : acheter une alarme. Tr\u00e8s efficace, selon le mod\u00e8le, elle peut directement pr\u00e9venir la police qui interviendra alors tr\u00e8s vite, vous \u00e9vitant une tr\u00e8s mauvaise surprise en rentrant.<br \/>\nTous ces petits d\u00e9tails peuvent rapidement vous g\u00e2cher la vie lors de vos vacances. Si vous souhaitez vraiment vous d\u00e9tendre en famille, il est bon de se pr\u00e9parer au maximum pour avoir l\u2019esprit libre une fois sur place, profiter de la plage, des restaurants, du spa, de la nature, et de votre repos au maximum.<\/p>\n<p><em>Nous vous recommandons ces autres pages :<\/em><\/p>\n<ul>\n<li><a href=\"https:\/\/www.campings.com\/fr\/content\/tout-savoir-sur-le-camping\/faire-du-sport-en-camping\/\">Faire du sport en camping<\/a><\/li>\n<li><a href=\"https:\/\/www.campings.com\/fr\/content\/tout-savoir-sur-le-camping\/camping-quelles-activites-musicales-a-faire-en-famille\/\">Camping : quelles activit\u00e9s musicales \u00e0 faire en famille ? <\/a><\/li>\n<li><a href=\"https:\/\/www.campings.com\/fr\/content\/tout-savoir-sur-le-camping\/les-activites-artistiques-en-camping\/\">Les activit\u00e9s artistiques en camping<\/a><\/li>\n<li><a href=\"https:\/\/www.campings.com\/fr\/content\/tout-savoir-sur-le-camping\/les-jeux-et-activites-exterieures-a-faire-en-camping\/\">Les jeux et activit\u00e9s ext\u00e9rieures \u00e0 faire en camping<\/a><\/li>\n<li><a href=\"https:\/\/www.campings.com\/fr\/content\/tout-savoir-sur-le-camping\/profiter-du-parc-aquatique-du-camping\/\">Profiter du parc aquatique du camping<\/a><\/li>\n<\/ul>\n","protected":false},"excerpt":{"rendered":"<p>Mini sommaire Quel camping choisir pour se relaxer ? Comment se d\u00e9tendre en camping ? Des campings aux prestations de luxe Quelques conseils pour \u00eatre serein en vacances Les activit\u00e9s en famille en camping participent \u00e0 resserrer les liens et \u00e0 se retrouver autour d\u2019un loisir commun. Ces moments de partage et de d\u00e9tente sont [&hellip;]<\/p>\n","protected":false},"author":2,"featured_media":0,"parent":0,"menu_order":0,"comment_status":"closed","ping_status":"closed","template":"template-twocolumns.php","meta":{"_acf_changed":false,"footnotes":""},"class_list":["post-1605","page","type-page","status-publish","hentry"],"acf":[],"yoast_head":"<!-- This site is optimized with the Yoast SEO plugin v27.1.1 - https:\/\/yoast.com\/product\/yoast-seo-wordpress\/ -->\n<title>Profiter du camping pour se relaxer<\/title>\n<meta name=\"description\" content=\"Les vacances en camping sont faites pour vous reposer. D\u00e9couvrez les cl\u00e9s pour profiter du camping pour se relaxer gr\u00e2ce \u00e0 cet article complet !\" \/>\n<meta name=\"robots\" content=\"index, follow, max-snippet:-1, max-image-preview:large, max-video-preview:-1\" \/>\n<link rel=\"canonical\" href=\"https:\/\/www.campings.com\/fr\/content\/profiter-du-camping-pour-se-relaxer\/\" \/>\n<meta property=\"og:locale\" content=\"fr_FR\" \/>\n<meta property=\"og:type\" content=\"article\" \/>\n<meta property=\"og:title\" content=\"Profiter du camping pour se relaxer\" \/>\n<meta property=\"og:description\" content=\"Les vacances en camping sont faites pour vous reposer. D\u00e9couvrez les cl\u00e9s pour profiter du camping pour se relaxer gr\u00e2ce \u00e0 cet article complet !\" \/>\n<meta property=\"og:url\" content=\"https:\/\/www.campings.com\/fr\/content\/profiter-du-camping-pour-se-relaxer\/\" \/>\n<meta property=\"article:modified_time\" content=\"2020-02-26T09:57:09+00:00\" \/>\n<meta property=\"og:image\" content=\"https:\/\/www.campings.com\/fr\/content\/wp-content\/uploads\/2020\/02\/profiter-du-camping-pour-se-relaxer-1.jpg\" \/>\n<meta name=\"twitter:card\" content=\"summary_large_image\" \/>\n<meta name=\"twitter:label1\" content=\"Dur\u00e9e de lecture estim\u00e9e\" \/>\n\t<meta name=\"twitter:data1\" content=\"9 minutes\" \/>\n<script type=\"application\/ld+json\" class=\"yoast-schema-graph\">{\"@context\":\"https:\/\/schema.org\",\"@graph\":[{\"@type\":\"WebPage\",\"@id\":\"https:\/\/www.campings.com\/fr\/content\/profiter-du-camping-pour-se-relaxer\/\",\"url\":\"https:\/\/www.campings.com\/fr\/content\/profiter-du-camping-pour-se-relaxer\/\",\"name\":\"Profiter du camping pour se relaxer\",\"isPartOf\":{\"@id\":\"https:\/\/www.campings.com\/fr\/content\/#website\"},\"primaryImageOfPage\":{\"@id\":\"https:\/\/www.campings.com\/fr\/content\/profiter-du-camping-pour-se-relaxer\/#primaryimage\"},\"image\":{\"@id\":\"https:\/\/www.campings.com\/fr\/content\/profiter-du-camping-pour-se-relaxer\/#primaryimage\"},\"thumbnailUrl\":\"https:\/\/www.campings.com\/fr\/content\/wp-content\/uploads\/2020\/02\/profiter-du-camping-pour-se-relaxer-1.jpg\",\"datePublished\":\"2020-02-26T09:57:02+00:00\",\"dateModified\":\"2020-02-26T09:57:09+00:00\",\"description\":\"Les vacances en camping sont faites pour vous reposer. D\u00e9couvrez les cl\u00e9s pour profiter du camping pour se relaxer gr\u00e2ce \u00e0 cet article complet !\",\"breadcrumb\":{\"@id\":\"https:\/\/www.campings.com\/fr\/content\/profiter-du-camping-pour-se-relaxer\/#breadcrumb\"},\"inLanguage\":\"fr-FR\",\"potentialAction\":[{\"@type\":\"ReadAction\",\"target\":[\"https:\/\/www.campings.com\/fr\/content\/profiter-du-camping-pour-se-relaxer\/\"]}]},{\"@type\":\"ImageObject\",\"inLanguage\":\"fr-FR\",\"@id\":\"https:\/\/www.campings.com\/fr\/content\/profiter-du-camping-pour-se-relaxer\/#primaryimage\",\"url\":\"https:\/\/www.campings.com\/fr\/content\/wp-content\/uploads\/2020\/02\/profiter-du-camping-pour-se-relaxer-1.jpg\",\"contentUrl\":\"https:\/\/www.campings.com\/fr\/content\/wp-content\/uploads\/2020\/02\/profiter-du-camping-pour-se-relaxer-1.jpg\",\"width\":1000,\"height\":667},{\"@type\":\"BreadcrumbList\",\"@id\":\"https:\/\/www.campings.com\/fr\/content\/profiter-du-camping-pour-se-relaxer\/#breadcrumb\",\"itemListElement\":[{\"@type\":\"ListItem\",\"position\":1,\"name\":\"Home\",\"item\":\"https:\/\/www.campings.com\/fr\/content\/\"},{\"@type\":\"ListItem\",\"position\":2,\"name\":\"Profiter du camping pour se relaxer\"}]},{\"@type\":\"WebSite\",\"@id\":\"https:\/\/www.campings.com\/fr\/content\/#website\",\"url\":\"https:\/\/www.campings.com\/fr\/content\/\",\"name\":\"\",\"description\":\"\",\"publisher\":{\"@id\":\"https:\/\/www.campings.com\/fr\/content\/#organization\"},\"potentialAction\":[{\"@type\":\"SearchAction\",\"target\":{\"@type\":\"EntryPoint\",\"urlTemplate\":\"https:\/\/www.campings.com\/fr\/content\/?s={search_term_string}\"},\"query-input\":{\"@type\":\"PropertyValueSpecification\",\"valueRequired\":true,\"valueName\":\"search_term_string\"}}],\"inLanguage\":\"fr-FR\"},{\"@type\":\"Organization\",\"@id\":\"https:\/\/www.campings.com\/fr\/content\/#organization\",\"name\":\"CAMPINGS.COM\",\"url\":\"https:\/\/www.campings.com\/fr\/content\/\",\"logo\":{\"@type\":\"ImageObject\",\"inLanguage\":\"fr-FR\",\"@id\":\"https:\/\/www.campings.com\/fr\/content\/#\/schema\/logo\/image\/\",\"url\":\"https:\/\/www.campings.com\/fr\/content\/wp-content\/uploads\/2019\/01\/cropped-logo-1.png\",\"contentUrl\":\"https:\/\/www.campings.com\/fr\/content\/wp-content\/uploads\/2019\/01\/cropped-logo-1.png\",\"width\":174,\"height\":42,\"caption\":\"CAMPINGS.COM\"},\"image\":{\"@id\":\"https:\/\/www.campings.com\/fr\/content\/#\/schema\/logo\/image\/\"}}]}<\/script>\n<!-- \/ Yoast SEO plugin. -->","yoast_head_json":{"title":"Profiter du camping pour se relaxer","description":"Les vacances en camping sont faites pour vous reposer. D\u00e9couvrez les cl\u00e9s pour profiter du camping pour se relaxer gr\u00e2ce \u00e0 cet article complet !","robots":{"index":"index","follow":"follow","max-snippet":"max-snippet:-1","max-image-preview":"max-image-preview:large","max-video-preview":"max-video-preview:-1"},"canonical":"https:\/\/www.campings.com\/fr\/content\/profiter-du-camping-pour-se-relaxer\/","og_locale":"fr_FR","og_type":"article","og_title":"Profiter du camping pour se relaxer","og_description":"Les vacances en camping sont faites pour vous reposer. D\u00e9couvrez les cl\u00e9s pour profiter du camping pour se relaxer gr\u00e2ce \u00e0 cet article complet !","og_url":"https:\/\/www.campings.com\/fr\/content\/profiter-du-camping-pour-se-relaxer\/","article_modified_time":"2020-02-26T09:57:09+00:00","og_image":[{"url":"https:\/\/www.campings.com\/fr\/content\/wp-content\/uploads\/2020\/02\/profiter-du-camping-pour-se-relaxer-1.jpg","type":"","width":"","height":""}],"twitter_card":"summary_large_image","twitter_misc":{"Dur\u00e9e de lecture estim\u00e9e":"9 minutes"},"schema":{"@context":"https:\/\/schema.org","@graph":[{"@type":"WebPage","@id":"https:\/\/www.campings.com\/fr\/content\/profiter-du-camping-pour-se-relaxer\/","url":"https:\/\/www.campings.com\/fr\/content\/profiter-du-camping-pour-se-relaxer\/","name":"Profiter du camping pour se relaxer","isPartOf":{"@id":"https:\/\/www.campings.com\/fr\/content\/#website"},"primaryImageOfPage":{"@id":"https:\/\/www.campings.com\/fr\/content\/profiter-du-camping-pour-se-relaxer\/#primaryimage"},"image":{"@id":"https:\/\/www.campings.com\/fr\/content\/profiter-du-camping-pour-se-relaxer\/#primaryimage"},"thumbnailUrl":"https:\/\/www.campings.com\/fr\/content\/wp-content\/uploads\/2020\/02\/profiter-du-camping-pour-se-relaxer-1.jpg","datePublished":"2020-02-26T09:57:02+00:00","dateModified":"2020-02-26T09:57:09+00:00","description":"Les vacances en camping sont faites pour vous reposer. D\u00e9couvrez les cl\u00e9s pour profiter du camping pour se relaxer gr\u00e2ce \u00e0 cet article complet !","breadcrumb":{"@id":"https:\/\/www.campings.com\/fr\/content\/profiter-du-camping-pour-se-relaxer\/#breadcrumb"},"inLanguage":"fr-FR","potentialAction":[{"@type":"ReadAction","target":["https:\/\/www.campings.com\/fr\/content\/profiter-du-camping-pour-se-relaxer\/"]}]},{"@type":"ImageObject","inLanguage":"fr-FR","@id":"https:\/\/www.campings.com\/fr\/content\/profiter-du-camping-pour-se-relaxer\/#primaryimage","url":"https:\/\/www.campings.com\/fr\/content\/wp-content\/uploads\/2020\/02\/profiter-du-camping-pour-se-relaxer-1.jpg","contentUrl":"https:\/\/www.campings.com\/fr\/content\/wp-content\/uploads\/2020\/02\/profiter-du-camping-pour-se-relaxer-1.jpg","width":1000,"height":667},{"@type":"BreadcrumbList","@id":"https:\/\/www.campings.com\/fr\/content\/profiter-du-camping-pour-se-relaxer\/#breadcrumb","itemListElement":[{"@type":"ListItem","position":1,"name":"Home","item":"https:\/\/www.campings.com\/fr\/content\/"},{"@type":"ListItem","position":2,"name":"Profiter du camping pour se relaxer"}]},{"@type":"WebSite","@id":"https:\/\/www.campings.com\/fr\/content\/#website","url":"https:\/\/www.campings.com\/fr\/content\/","name":"","description":"","publisher":{"@id":"https:\/\/www.campings.com\/fr\/content\/#organization"},"potentialAction":[{"@type":"SearchAction","target":{"@type":"EntryPoint","urlTemplate":"https:\/\/www.campings.com\/fr\/content\/?s={search_term_string}"},"query-input":{"@type":"PropertyValueSpecification","valueRequired":true,"valueName":"search_term_string"}}],"inLanguage":"fr-FR"},{"@type":"Organization","@id":"https:\/\/www.campings.com\/fr\/content\/#organization","name":"CAMPINGS.COM","url":"https:\/\/www.campings.com\/fr\/content\/","logo":{"@type":"ImageObject","inLanguage":"fr-FR","@id":"https:\/\/www.campings.com\/fr\/content\/#\/schema\/logo\/image\/","url":"https:\/\/www.campings.com\/fr\/content\/wp-content\/uploads\/2019\/01\/cropped-logo-1.png","contentUrl":"https:\/\/www.campings.com\/fr\/content\/wp-content\/uploads\/2019\/01\/cropped-logo-1.png","width":174,"height":42,"caption":"CAMPINGS.COM"},"image":{"@id":"https:\/\/www.campings.com\/fr\/content\/#\/schema\/logo\/image\/"}}]}},"_links":{"self":[{"href":"https:\/\/www.campings.com\/fr\/content\/wp-json\/wp\/v2\/pages\/1605","targetHints":{"allow":["GET"]}}],"collection":[{"href":"https:\/\/www.campings.com\/fr\/content\/wp-json\/wp\/v2\/pages"}],"about":[{"href":"https:\/\/www.campings.com\/fr\/content\/wp-json\/wp\/v2\/types\/page"}],"author":[{"embeddable":true,"href":"https:\/\/www.campings.com\/fr\/content\/wp-json\/wp\/v2\/users\/2"}],"replies":[{"embeddable":true,"href":"https:\/\/www.campings.com\/fr\/content\/wp-json\/wp\/v2\/comments?post=1605"}],"version-history":[{"count":1,"href":"https:\/\/www.campings.com\/fr\/content\/wp-json\/wp\/v2\/pages\/1605\/revisions"}],"predecessor-version":[{"id":1606,"href":"https:\/\/www.campings.com\/fr\/content\/wp-json\/wp\/v2\/pages\/1605\/revisions\/1606"}],"wp:attachment":[{"href":"https:\/\/www.campings.com\/fr\/content\/wp-json\/wp\/v2\/media?parent=1605"}],"curies":[{"name":"wp","href":"https:\/\/api.w.org\/{rel}","templated":true}]}}