{"id":1579,"date":"2020-02-26T09:45:17","date_gmt":"2020-02-26T09:45:17","guid":{"rendered":"https:\/\/www.campings.com\/fr\/content\/?page_id=1579"},"modified":"2021-01-31T22:45:30","modified_gmt":"2021-01-31T22:45:30","slug":"quoi-manger-en-camping","status":"publish","type":"page","link":"https:\/\/www.campings.com\/fr\/content\/quoi-manger-en-camping\/","title":{"rendered":"Comment cuisiner et quoi manger en camping ?"},"content":{"rendered":"<p><strong>Mini sommaire<\/strong><\/p>\n<ol>\n<li><a href=\"#ancre1\">Pour vos repas au camping, anticipez avant de partir en vacances<\/a><\/li>\n<li><a href=\"#ancre2\">Id\u00e9es de recettes faciles et rapides pour manger au camping<\/a><\/li>\n<li><a href=\"#ancre3\">Conseils et astuces pour une cuisine de camping efficace<\/a><\/li>\n<\/ol>\n<p>Les vacances au camping sont des vacances pleines de bonne humeur et de soleil, mais qui n\u00e9cessitent de savoir <a href=\"https:\/\/www.campings.com\/fr\/content\/tout-savoir-sur-le-camping\/comment-s-organiser-pour-partir-en-camping\/\">comment s\u2019organiser pour partir en camping<\/a>. En effet, des activit\u00e9s aux repas, sans oublier les courses, ce mode de vacances ne s\u2019improvise pas. Vous ne savez pas <strong>quoi manger en camping<\/strong> et comment faire la cuisine ? Nous vous proposons de d\u00e9couvrir des recettes rapides pour des plats vari\u00e9s afin de vivre des moments conviviaux autour d\u2019une jolie table de camping.<\/p>\n<p><img decoding=\"async\" class=\"img-responsive\" src=\"https:\/\/www.campings.com\/fr\/content\/wp-content\/uploads\/2020\/02\/quoi-manger-en-camping-1.jpg\" alt=\"Quoi manger en camping-1\" \/><\/p>\n<h2 id=\"ancre1\">Pour vos repas au camping, anticipez avant de partir en vacances<\/h2>\n<p>Pour des vacances ou un festival, vous avez d\u00e9cid\u00e9 de partir au camping. Saviez-vous que quelques <strong>pr\u00e9paratifs avant le d\u00e9part <\/strong>peuvent vous permettre de cuisiner sereinement et facilement au camping ? En effet, si vous anticipez la pr\u00e9paration du d\u00e9jeuner ou le conditionnement de certains aliments, vous gagnerez du temps pour cuisiner au camping.<\/p>\n<h3>Les plats \u00e0 pr\u00e9parer avant de partir au camping<\/h3>\n<p>Dans quelques jours, ce sera le jour du grand d\u00e9part. Avec votre valise et votre glaci\u00e8re, vous allez partir au camping passer des vacances entre amis ou avec vos enfants. Mais auparavant, voici quelques <strong>id\u00e9es de recettes \u00e0 pr\u00e9parer \u00e0 la maison<\/strong> et \u00e0 amener avec vous.<\/p>\n<p>\u00c0 base de tomates, d\u2019oignons et de viande, la sauce bolognaise se cuisine avant de partir et se conserve dans un pot herm\u00e9tique. Lorsque vous arriverez au camping, au moment de manger, il vous suffira de faire r\u00e9chauffer votre sauce bolognaise <strong>en quelques minutes seulement sur un r\u00e9chaud \u00e0 gaz<\/strong>. Pour une conservation plus longue, congelez votre sauce bolognaise et rangez-la dans la glaci\u00e8re.<\/p>\n<p>Pendant que vous \u00eates encore \u00e0 la maison, anticipez le petit d\u00e9jeuner en pr\u00e9parant des madeleines, des muffins ou encore un g\u00e2teau au yaourt. Pour le voyage, glissez les g\u00e2teaux dans un sac de cong\u00e9lation. Si vos enfants d\u00e9jeunent avec des c\u00e9r\u00e9ales, fabriquez un muesli que vous am\u00e8nerez au camping <strong>dans une bo\u00eete de conservation ou un sac<\/strong>. Pour finir, pensez \u00e0 prendre de la confiture pour faire de belles tartines de pain pour le petit d\u00e9jeuner ou le go\u00fbter.<\/p>\n<p>Le cake est \u00e9galement un produit qui se d\u00e9guste \u00e0 tous les moments de la journ\u00e9e : le matin au r\u00e9veil, le midi \u00e0 table et l\u2019apr\u00e8s-midi au go\u00fbter. Cake sal\u00e9 ou cake sucr\u00e9, cake au jambon ou cake aux pommes,<strong> il se conserve quelques jours <\/strong>et vous assure une partie des repas de votre premi\u00e8re semaine de vacances. Pour le cake sal\u00e9, optez pour des morceaux de poulet au curry ; pour le cake sucr\u00e9, ajoutez des morceaux de fruits ou des carr\u00e9s de chocolat.<\/p>\n<p>La vinaigrette fait partie des produits que vous pourrez acheter sur place au camping, mais que vous pouvez \u00e9galement faire vous-m\u00eame. Dans une bouteille herm\u00e9tique, elle vous sera tr\u00e8s utile au moment d\u2019assaisonner votre salade. Enfin, les \u00e9pices et les aromates agr\u00e9menteront <strong>vos grillades, vos po\u00eal\u00e9es de l\u00e9gumes, ainsi que vos salades<\/strong>. Faites votre s\u00e9lection parmi les aromates que vous utilisez quotidiennement et glissez-les dans votre sac de voyage.<\/p>\n<h3>Comment bien utiliser la glaci\u00e8re pour conserver ses aliments au camping ?<\/h3>\n<p>La glaci\u00e8re fait partie du <strong>mat\u00e9riel indispensable <\/strong>pour des vacances en camping r\u00e9ussies. Elle vous permet de conserver vos aliments au frais plus longtemps, \u00e0 condition de respecter les <a href=\"https:\/\/www.economie.gouv.fr\/dgccrf\/Publications\/Vie-pratique\/Fiches-pratiques\/Chaine-du-froid\">r\u00e8gles de la cha\u00eene du froid<\/a>. Pour cela, lors de votre d\u00e9part, d\u00e9posez des produits congel\u00e9s dans votre glaci\u00e8re, ainsi que des pains de glace. Ces<strong> produits congel\u00e9s<\/strong> auront une double utilit\u00e9 :<\/p>\n<ul>\n<li>Conserver d\u2019autres aliments, comme le jambon ou les fruits, au frais dans votre glaci\u00e8re.<\/li>\n<li>Vous servir de repas pour vos premiers jours de camping.<\/li>\n<\/ul>\n<p>Afin d\u2019optimiser l\u2019espace disponible dans votre glaci\u00e8re, nous vous recommandons de pr\u00e9voir des sacs \u00e0 cong\u00e9lation. Non seulement ils pourront compartimenter les aliments, mais ils vous permettront aussi de conserver plus facilement certains aliments comme les p\u00eaches, les abricots ou les l\u00e9gumes. Enfin,<strong> organiser votre glaci\u00e8re<\/strong> de fa\u00e7on m\u00e9thodique pour ne pas devoir la vider d\u00e8s votre arriv\u00e9e en cherchant la sauce vinaigrette, par exemple. Cela vous fera \u00e9conomiser du temps, mais cela vous permettra surtout de laisser au frais vos aliments. Les produits qui ne seront pas utilis\u00e9s tout de suite peuvent \u00eatre rang\u00e9s dans le bas de la glaci\u00e8re. \u00c0 l\u2019inverse, les produits essentiels seront dispos\u00e9s sur la partie sup\u00e9rieure.<\/p>\n<h2 id=\"ancre2\">Id\u00e9es de recettes faciles et rapides pour manger au camping<\/h2>\n<p>M\u00eame si vous ne disposez pas du m\u00eame \u00e9quipement ni du m\u00eame mat\u00e9riel qu\u2019\u00e0 la maison, au camping aussi vous pouvez manger de bons petits plats. Loin de vous demander de grandes pr\u00e9parations, ces recettes se cuisinent <strong>en quelques minutes<\/strong> seulement et vous permettent de <strong>bien manger au camping.<\/strong><\/p>\n<h3>Cuisine rapide et d\u00e9licieuse au barbecue<\/h3>\n<p>La cuisson au barbecue est une des cuissons les plus appr\u00e9ci\u00e9es au camping parce qu\u2019elle est associ\u00e9e aux vacances, \u00e0 l\u2019\u00e9t\u00e9, \u00e0 la bonne humeur :<\/p>\n<ul>\n<li>Les poissons : grillade de sardines ou de maquereaux, saumon grill\u00e9 \u00e0 la moutarde ou au citron,<strong> papillote de poisson avec des l\u00e9gumes<\/strong>, du riz ou des p\u00e2tes, etc.<\/li>\n<li>Les viandes : <strong>brochettes de poulet <\/strong>aux poivrons, brochettes de porc aux p\u00eaches, etc. Pour offrir \u00e0 vos proches un festival de go\u00fbts, faites mariner votre viande dans des \u00e9pices, du miel ou du jus de citron.<\/li>\n<li>Les l\u00e9gumes. La plupart des l\u00e9gumes peuvent \u00eatre grill\u00e9s directement sur la grille du barbecue sous forme de brochettes, ou en papillote avec du papier aluminium. Par exemple, pour manger en camping, pr\u00e9parez des<strong> brochettes de tomates<\/strong> et de mozzarella.<\/li>\n<li>Les<strong> desserts<\/strong> : brochette de fruits, banane farcie avec des carr\u00e9s de chocolat ou de la confiture, papillote fa\u00e7on crumble avec des pommes et un m\u00e9lange de crumble fait maison, etc.<\/li>\n<li>Le croque-monsieur est un type de <strong>sandwich <\/strong>qui pla\u00eet beaucoup aux enfants et que vous pourrez pr\u00e9parer lors de votre s\u00e9jour au camping. Faites griller le pain de mie avant d\u2019y ajouter du jambon et du fromage.<\/li>\n<\/ul>\n<h3>Des salades pour les repas de la semaine<\/h3>\n<p>La salade se d\u00e9cline \u00e0 l\u2019infini et offre un festival de couleurs dans les assiettes, ainsi qu\u2019un voyage \u00e0 travers les pays. En effet, vous aurez \u00e0 votre disposition de tr\u00e8s nombreux produits pour cr\u00e9er des <strong>salades de saison<\/strong>, compos\u00e9es ou encore des salades \u00e0 th\u00e8mes. La salade traditionnelle se compose de :<\/p>\n<ul>\n<li>jambon ;<\/li>\n<li>\u0153ufs durs ;<\/li>\n<li>ma\u00efs ;<\/li>\n<li>l\u00e9gumes, comme des tomates ou du concombre.<\/li>\n<\/ul>\n<p>Pour cette version de la salade, vous n\u2019aurez<strong> pas besoin d\u2019appareil de cuisson<\/strong>, seulement d\u2019un couteau et d\u2019un saladier.<br \/>\nMais vous allez pouvoir cuisiner des salades \u00e0 votre image ou en fonction des go\u00fbts de vos enfants. Par exemple, ajoutez des morceaux de fruits comme du melon ou des pommes. Les \u00e9pices sont \u00e9galement appr\u00e9ci\u00e9es pour relever le go\u00fbt de la pr\u00e9paration. Deux belles courgettes lav\u00e9es que vous coupez avec un couteau ou un \u00e9conome peuvent aussi faire partie du m\u00e9lange. Voici d\u2019autres <strong>id\u00e9es pour varier les repas<\/strong> : remplacez les \u0153ufs durs par du thon, saupoudrez votre salade de fromage, ajoutez du riz ou des p\u00e2tes, etc. Enfin, la mac\u00e9doine et le taboul\u00e9 sont des plats que vous pouvez pr\u00e9parer avant le voyage. Ils seront appr\u00e9ci\u00e9s par toute la famille \u00e0 midi.<\/p>\n<h3>Cuisiner au camping avec un r\u00e9chaud \u00e0 gaz<\/h3>\n<p>Si vous avez un r\u00e9chaud \u00e0 gaz \u00e0 disposition, vous allez pouvoir concocter des petits plats tr\u00e8s rapides, mais tr\u00e8s bons :<\/p>\n<ul>\n<li>Un g\u00e2teau de semoule dont la recette est tr\u00e8s simple. Il suffit de <strong>faire cuire dans une casserole sur le r\u00e9chaud <\/strong>de la semoule avec du lait. Selon vos go\u00fbts et les produits dont vous disposez, ajoutez du chocolat en poudre ou le jus d\u2019un citron press\u00e9.<\/li>\n<li>Une po\u00eal\u00e9e de l\u00e9gumes qui pourra accompagner votre viande grill\u00e9e ou votre poisson cuit en papillote.<\/li>\n<li>Une omelette au fromage ou des \u0153ufs brouill\u00e9s pour le d\u00e9jeuner. Les \u0153ufs peuvent \u00e9galement vous servir \u00e0 pr\u00e9parer une tortilla aux l\u00e9gumes ou au chorizo. Si vous la laissez refroidir, vous pourrez la couper en petits cubes et la d\u00e9guster \u00e0 l\u2019ap\u00e9ritif.<\/li>\n<li>Une <strong>soupe \u00e0 la tomate <\/strong>avec de l\u2019oignon et des aromates. Laissez cuire sur le r\u00e9chaud et \u00e9crasez rapidement les tomates et l\u2019oignon avec une fourchette lorsqu\u2019ils sont cuits. Avec du pain, cette soupe \u00e0 la tomate peut \u00e9galement \u00eatre servie froide le midi.<\/li>\n<li>Une soupe de courgettes et de jambon, aussi bonne chaude que froide. La recette est tr\u00e8s simple : dans une casserole remplie d\u2019eau, ajoutez les courgettes coup\u00e9es en morceaux ainsi que des morceaux de jambon, que vous pouvez remplacer par du chorizo. Lorsque les courgettes sont cuites,<strong> servez la soupe avec du pain.<\/strong><\/li>\n<\/ul>\n<h2><img decoding=\"async\" class=\"img-responsive\" src=\"https:\/\/www.campings.com\/fr\/content\/wp-content\/uploads\/2020\/02\/quoi-manger-en-camping-2.jpg\" alt=\"Quoi manger en camping-2\" \/><\/h2>\n<h2 id=\"ancre3\">Conseils et astuces pour une cuisine de camping efficace<\/h2>\n<p>Pour r\u00e9ussir votre s\u00e9jour au camping, et plus particuli\u00e8rement l\u2019\u00e9tape de la cuisine, nous avons regroup\u00e9 des conseils et des astuces tr\u00e8s utiles. Gr\u00e2ce \u00e0 ces conseils, vous passerez moins de temps en cuisine et vous pourrez profiter pleinement de votre s\u00e9jour au camping.<\/p>\n<h3>Comment faire la cuisine au camping ?<\/h3>\n<p>Apr\u00e8s avoir not\u00e9 les id\u00e9es de recettes pr\u00eates en quelques minutes, voici des conseils pour passer le moins de temps possible en cuisine. Passer moins de temps ne signifie pas manger moins bien. Au contraire, en optimisant votre temps et votre fa\u00e7on de faire, vous pourrez vous concentrer sur le go\u00fbt. Voici les <strong>astuces \u00e0 adopter quand on cuisine au camping<\/strong> :<\/p>\n<ul>\n<li><strong>Faites participer les enfants<\/strong> \u00e0 la pr\u00e9paration des repas. Premi\u00e8rement, ils appr\u00e9cieront ce moment de partage. Ensuite, cette activit\u00e9 les occupera avant de passer \u00e0 table. Enfin, cela vous fera gagner du temps.<\/li>\n<li>\u00c9viter de cuisiner des produits ayant une forte odeur, \u00e0 l\u2019int\u00e9rieur d\u2019un mobil-home par exemple. Les odeurs pourraient rester dans l\u2019espace plusieurs heures et vous accompagner tout au long de la nuit.<\/li>\n<li>Lorsque vous pr\u00e9parez un repas, augmentez les quantit\u00e9s afin de <strong>garder des aliments pour le lendemain.<\/strong> Les l\u00e9gumes de la po\u00eal\u00e9e chaude du soir pourront ainsi \u00eatre servis le lendemain midi en vinaigrette.<\/li>\n<li>Pour \u00e9viter de trop faire la vaisselle, privil\u00e9giez les<strong> recettes simples et efficaces<\/strong> qui ne demandent pas de grande pr\u00e9paration ni de nombreux ustensiles.<\/li>\n<li>Pr\u00e9voyez des gla\u00e7ons ou des bouteilles congel\u00e9es remplies d\u2019eau afin de maintenir au frais les aliments de votre glaci\u00e8re. Vous pourrez aussi utiliser l\u2019eau froide pour vous d\u00e9salt\u00e9rer.<\/li>\n<\/ul>\n<h3>Que cuisiner au camping ?<\/h3>\n<p>Outre le choix de recettes d\u2019entr\u00e9es, de plats ou de desserts, nous avons list\u00e9 pour vous des conseils concernant le choix des produits. Bien choisir les produits revient \u00e0 bien manger :<\/p>\n<ul>\n<li>D\u00e9couvrez <strong>les fruits et les l\u00e9gumes de saison<\/strong> au cours d\u2019une promenade au march\u00e9 local. C\u2019est un festival de couleurs et d\u2019odeurs qui vous inspireront pour vos repas de la semaine.<\/li>\n<li>Au moment de l\u2019ap\u00e9ritif, remplissez des feuilles d\u2019endives avec du fromage, de la tapenade ou encore des rillettes de thon. C\u2019est un <strong>plat original, frais et l\u00e9ger<\/strong> qui pla\u00eet toujours au camping.<\/li>\n<li>Pr\u00e9voyez de laisser \u00e0 disposition<strong> des boissons fra\u00eeches dans la glaci\u00e8re <\/strong>ou dans le r\u00e9frig\u00e9rateur. Le th\u00e9 glac\u00e9 se pr\u00e9pare par exemple facilement et il sera fort appr\u00e9ci\u00e9 au cours des chaudes journ\u00e9es d\u2019\u00e9t\u00e9.<\/li>\n<\/ul>\n<p><em>Nous vous recommandons ces autres pages :<\/em><\/p>\n<ul>\n<li><a href=\"https:\/\/www.campings.com\/fr\/content\/tout-savoir-sur-le-camping\/quelle-est-la-meilleure-periode-pour-partir-en-camping\/\">Quelle est la meilleure p\u00e9riode pour partir en camping ?<\/a><\/li>\n<li><a href=\"https:\/\/www.campings.com\/fr\/content\/tout-savoir-sur-le-camping\/qu-est-ce-qu-il-faut-prendre-pour-le-camping\/\">Qu\u2019est-ce qu\u2019il faut prendre pour le camping ?<\/a><\/li>\n<li><a href=\"https:\/\/www.campings.com\/fr\/content\/tout-savoir-sur-le-camping\/10-conseils-bien-preparer-ses-vacances-camping\/\">10 conseils pour bien pr\u00e9parer ses vacances en camping<\/a><\/li>\n<li><a href=\"https:\/\/www.campings.com\/fr\/content\/tout-savoir-sur-le-camping\/la-materiel-indispensable-camping-tente\/\">Le mat\u00e9riel indispensable pour le camping en tente<\/a><\/li>\n<\/ul>\n","protected":false},"excerpt":{"rendered":"<p>Mini sommaire Pour vos repas au camping, anticipez avant de partir en vacances Id\u00e9es de recettes faciles et rapides pour manger au camping Conseils et astuces pour une cuisine de camping efficace Les vacances au camping sont des vacances pleines de bonne humeur et de soleil, mais qui n\u00e9cessitent de savoir comment s\u2019organiser pour partir [&hellip;]<\/p>\n","protected":false},"author":2,"featured_media":0,"parent":0,"menu_order":0,"comment_status":"closed","ping_status":"closed","template":"template-twocolumns.php","meta":{"_acf_changed":false,"footnotes":""},"class_list":["post-1579","page","type-page","status-publish","hentry"],"acf":[],"yoast_head":"<!-- This site is optimized with the Yoast SEO plugin v27.1.1 - https:\/\/yoast.com\/product\/yoast-seo-wordpress\/ -->\n<title>Quoi manger en camping ?<\/title>\n<meta name=\"description\" content=\"D\u00e9couvrez des conseils, des astuces ainsi que des id\u00e9es de recettes sucr\u00e9es et sal\u00e9es pour bien manger au camping.\" \/>\n<meta name=\"robots\" content=\"index, follow, max-snippet:-1, max-image-preview:large, max-video-preview:-1\" \/>\n<link rel=\"canonical\" href=\"https:\/\/www.campings.com\/fr\/content\/quoi-manger-en-camping\/\" \/>\n<meta property=\"og:locale\" content=\"fr_FR\" \/>\n<meta property=\"og:type\" content=\"article\" \/>\n<meta property=\"og:title\" content=\"Quoi manger en camping ?\" \/>\n<meta property=\"og:description\" content=\"D\u00e9couvrez des conseils, des astuces ainsi que des id\u00e9es de recettes sucr\u00e9es et sal\u00e9es pour bien manger au camping.\" \/>\n<meta property=\"og:url\" content=\"https:\/\/www.campings.com\/fr\/content\/quoi-manger-en-camping\/\" \/>\n<meta property=\"article:modified_time\" content=\"2021-01-31T22:45:30+00:00\" \/>\n<meta property=\"og:image\" content=\"https:\/\/www.campings.com\/fr\/content\/wp-content\/uploads\/2020\/02\/quoi-manger-en-camping-1.jpg\" \/>\n<meta name=\"twitter:card\" content=\"summary_large_image\" \/>\n<meta name=\"twitter:label1\" content=\"Dur\u00e9e de lecture estim\u00e9e\" \/>\n\t<meta name=\"twitter:data1\" content=\"10 minutes\" \/>\n<script type=\"application\/ld+json\" class=\"yoast-schema-graph\">{\"@context\":\"https:\/\/schema.org\",\"@graph\":[{\"@type\":\"WebPage\",\"@id\":\"https:\/\/www.campings.com\/fr\/content\/quoi-manger-en-camping\/\",\"url\":\"https:\/\/www.campings.com\/fr\/content\/quoi-manger-en-camping\/\",\"name\":\"Quoi manger en camping ?\",\"isPartOf\":{\"@id\":\"https:\/\/www.campings.com\/fr\/content\/#website\"},\"primaryImageOfPage\":{\"@id\":\"https:\/\/www.campings.com\/fr\/content\/quoi-manger-en-camping\/#primaryimage\"},\"image\":{\"@id\":\"https:\/\/www.campings.com\/fr\/content\/quoi-manger-en-camping\/#primaryimage\"},\"thumbnailUrl\":\"https:\/\/www.campings.com\/fr\/content\/wp-content\/uploads\/2020\/02\/quoi-manger-en-camping-1.jpg\",\"datePublished\":\"2020-02-26T09:45:17+00:00\",\"dateModified\":\"2021-01-31T22:45:30+00:00\",\"description\":\"D\u00e9couvrez des conseils, des astuces ainsi que des id\u00e9es de recettes sucr\u00e9es et sal\u00e9es pour bien manger au camping.\",\"breadcrumb\":{\"@id\":\"https:\/\/www.campings.com\/fr\/content\/quoi-manger-en-camping\/#breadcrumb\"},\"inLanguage\":\"fr-FR\",\"potentialAction\":[{\"@type\":\"ReadAction\",\"target\":[\"https:\/\/www.campings.com\/fr\/content\/quoi-manger-en-camping\/\"]}]},{\"@type\":\"ImageObject\",\"inLanguage\":\"fr-FR\",\"@id\":\"https:\/\/www.campings.com\/fr\/content\/quoi-manger-en-camping\/#primaryimage\",\"url\":\"https:\/\/www.campings.com\/fr\/content\/wp-content\/uploads\/2020\/02\/quoi-manger-en-camping-1.jpg\",\"contentUrl\":\"https:\/\/www.campings.com\/fr\/content\/wp-content\/uploads\/2020\/02\/quoi-manger-en-camping-1.jpg\",\"width\":1000,\"height\":743},{\"@type\":\"BreadcrumbList\",\"@id\":\"https:\/\/www.campings.com\/fr\/content\/quoi-manger-en-camping\/#breadcrumb\",\"itemListElement\":[{\"@type\":\"ListItem\",\"position\":1,\"name\":\"Home\",\"item\":\"https:\/\/www.campings.com\/fr\/content\/\"},{\"@type\":\"ListItem\",\"position\":2,\"name\":\"Comment cuisiner et quoi manger en camping ?\"}]},{\"@type\":\"WebSite\",\"@id\":\"https:\/\/www.campings.com\/fr\/content\/#website\",\"url\":\"https:\/\/www.campings.com\/fr\/content\/\",\"name\":\"\",\"description\":\"\",\"publisher\":{\"@id\":\"https:\/\/www.campings.com\/fr\/content\/#organization\"},\"potentialAction\":[{\"@type\":\"SearchAction\",\"target\":{\"@type\":\"EntryPoint\",\"urlTemplate\":\"https:\/\/www.campings.com\/fr\/content\/?s={search_term_string}\"},\"query-input\":{\"@type\":\"PropertyValueSpecification\",\"valueRequired\":true,\"valueName\":\"search_term_string\"}}],\"inLanguage\":\"fr-FR\"},{\"@type\":\"Organization\",\"@id\":\"https:\/\/www.campings.com\/fr\/content\/#organization\",\"name\":\"CAMPINGS.COM\",\"url\":\"https:\/\/www.campings.com\/fr\/content\/\",\"logo\":{\"@type\":\"ImageObject\",\"inLanguage\":\"fr-FR\",\"@id\":\"https:\/\/www.campings.com\/fr\/content\/#\/schema\/logo\/image\/\",\"url\":\"https:\/\/www.campings.com\/fr\/content\/wp-content\/uploads\/2019\/01\/cropped-logo-1.png\",\"contentUrl\":\"https:\/\/www.campings.com\/fr\/content\/wp-content\/uploads\/2019\/01\/cropped-logo-1.png\",\"width\":174,\"height\":42,\"caption\":\"CAMPINGS.COM\"},\"image\":{\"@id\":\"https:\/\/www.campings.com\/fr\/content\/#\/schema\/logo\/image\/\"}}]}<\/script>\n<!-- \/ Yoast SEO plugin. -->","yoast_head_json":{"title":"Quoi manger en camping ?","description":"D\u00e9couvrez des conseils, des astuces ainsi que des id\u00e9es de recettes sucr\u00e9es et sal\u00e9es pour bien manger au camping.","robots":{"index":"index","follow":"follow","max-snippet":"max-snippet:-1","max-image-preview":"max-image-preview:large","max-video-preview":"max-video-preview:-1"},"canonical":"https:\/\/www.campings.com\/fr\/content\/quoi-manger-en-camping\/","og_locale":"fr_FR","og_type":"article","og_title":"Quoi manger en camping ?","og_description":"D\u00e9couvrez des conseils, des astuces ainsi que des id\u00e9es de recettes sucr\u00e9es et sal\u00e9es pour bien manger au camping.","og_url":"https:\/\/www.campings.com\/fr\/content\/quoi-manger-en-camping\/","article_modified_time":"2021-01-31T22:45:30+00:00","og_image":[{"url":"https:\/\/www.campings.com\/fr\/content\/wp-content\/uploads\/2020\/02\/quoi-manger-en-camping-1.jpg","type":"","width":"","height":""}],"twitter_card":"summary_large_image","twitter_misc":{"Dur\u00e9e de lecture estim\u00e9e":"10 minutes"},"schema":{"@context":"https:\/\/schema.org","@graph":[{"@type":"WebPage","@id":"https:\/\/www.campings.com\/fr\/content\/quoi-manger-en-camping\/","url":"https:\/\/www.campings.com\/fr\/content\/quoi-manger-en-camping\/","name":"Quoi manger en camping ?","isPartOf":{"@id":"https:\/\/www.campings.com\/fr\/content\/#website"},"primaryImageOfPage":{"@id":"https:\/\/www.campings.com\/fr\/content\/quoi-manger-en-camping\/#primaryimage"},"image":{"@id":"https:\/\/www.campings.com\/fr\/content\/quoi-manger-en-camping\/#primaryimage"},"thumbnailUrl":"https:\/\/www.campings.com\/fr\/content\/wp-content\/uploads\/2020\/02\/quoi-manger-en-camping-1.jpg","datePublished":"2020-02-26T09:45:17+00:00","dateModified":"2021-01-31T22:45:30+00:00","description":"D\u00e9couvrez des conseils, des astuces ainsi que des id\u00e9es de recettes sucr\u00e9es et sal\u00e9es pour bien manger au camping.","breadcrumb":{"@id":"https:\/\/www.campings.com\/fr\/content\/quoi-manger-en-camping\/#breadcrumb"},"inLanguage":"fr-FR","potentialAction":[{"@type":"ReadAction","target":["https:\/\/www.campings.com\/fr\/content\/quoi-manger-en-camping\/"]}]},{"@type":"ImageObject","inLanguage":"fr-FR","@id":"https:\/\/www.campings.com\/fr\/content\/quoi-manger-en-camping\/#primaryimage","url":"https:\/\/www.campings.com\/fr\/content\/wp-content\/uploads\/2020\/02\/quoi-manger-en-camping-1.jpg","contentUrl":"https:\/\/www.campings.com\/fr\/content\/wp-content\/uploads\/2020\/02\/quoi-manger-en-camping-1.jpg","width":1000,"height":743},{"@type":"BreadcrumbList","@id":"https:\/\/www.campings.com\/fr\/content\/quoi-manger-en-camping\/#breadcrumb","itemListElement":[{"@type":"ListItem","position":1,"name":"Home","item":"https:\/\/www.campings.com\/fr\/content\/"},{"@type":"ListItem","position":2,"name":"Comment cuisiner et quoi manger en camping ?"}]},{"@type":"WebSite","@id":"https:\/\/www.campings.com\/fr\/content\/#website","url":"https:\/\/www.campings.com\/fr\/content\/","name":"","description":"","publisher":{"@id":"https:\/\/www.campings.com\/fr\/content\/#organization"},"potentialAction":[{"@type":"SearchAction","target":{"@type":"EntryPoint","urlTemplate":"https:\/\/www.campings.com\/fr\/content\/?s={search_term_string}"},"query-input":{"@type":"PropertyValueSpecification","valueRequired":true,"valueName":"search_term_string"}}],"inLanguage":"fr-FR"},{"@type":"Organization","@id":"https:\/\/www.campings.com\/fr\/content\/#organization","name":"CAMPINGS.COM","url":"https:\/\/www.campings.com\/fr\/content\/","logo":{"@type":"ImageObject","inLanguage":"fr-FR","@id":"https:\/\/www.campings.com\/fr\/content\/#\/schema\/logo\/image\/","url":"https:\/\/www.campings.com\/fr\/content\/wp-content\/uploads\/2019\/01\/cropped-logo-1.png","contentUrl":"https:\/\/www.campings.com\/fr\/content\/wp-content\/uploads\/2019\/01\/cropped-logo-1.png","width":174,"height":42,"caption":"CAMPINGS.COM"},"image":{"@id":"https:\/\/www.campings.com\/fr\/content\/#\/schema\/logo\/image\/"}}]}},"_links":{"self":[{"href":"https:\/\/www.campings.com\/fr\/content\/wp-json\/wp\/v2\/pages\/1579","targetHints":{"allow":["GET"]}}],"collection":[{"href":"https:\/\/www.campings.com\/fr\/content\/wp-json\/wp\/v2\/pages"}],"about":[{"href":"https:\/\/www.campings.com\/fr\/content\/wp-json\/wp\/v2\/types\/page"}],"author":[{"embeddable":true,"href":"https:\/\/www.campings.com\/fr\/content\/wp-json\/wp\/v2\/users\/2"}],"replies":[{"embeddable":true,"href":"https:\/\/www.campings.com\/fr\/content\/wp-json\/wp\/v2\/comments?post=1579"}],"version-history":[{"count":2,"href":"https:\/\/www.campings.com\/fr\/content\/wp-json\/wp\/v2\/pages\/1579\/revisions"}],"predecessor-version":[{"id":2184,"href":"https:\/\/www.campings.com\/fr\/content\/wp-json\/wp\/v2\/pages\/1579\/revisions\/2184"}],"wp:attachment":[{"href":"https:\/\/www.campings.com\/fr\/content\/wp-json\/wp\/v2\/media?parent=1579"}],"curies":[{"name":"wp","href":"https:\/\/api.w.org\/{rel}","templated":true}]}}